{"id":99930,"date":"2025-03-25T13:26:42","date_gmt":"2025-03-25T12:26:42","guid":{"rendered":"https:\/\/www.amuz.krakow.pl\/?page_id=99930"},"modified":"2025-04-02T13:33:04","modified_gmt":"2025-04-02T11:33:04","slug":"28-miedzynarodowe-sympozjum-beethoven-i-wielka-poezja","status":"publish","type":"page","link":"https:\/\/www.amuz.krakow.pl\/en\/wydzialy\/wydzial-i-tworczosci-interpretacji-i-edukacji-muzycznej\/katedra-teorii-i-interpretacji-dziela-muzycznego\/aktualnosci-24\/28-miedzynarodowe-sympozjum-beethoven-i-wielka-poezja\/","title":{"rendered":"28th International Symposium &#8220;Beethoven and Great Poetry&#8221; | 7-8.04.2025"},"content":{"rendered":"<p><a href=\"https:\/\/www.amuz.krakow.pl\/wp-content\/uploads\/2025\/03\/29W_FLvNB_A4kopia-scaled-1-scaled.jpg\" target=\"_blank\" rel=\"noopener\"><img loading=\"lazy\" decoding=\"async\" class=\"aligncenter wp-image-100067 size-full\" src=\"https:\/\/www.amuz.krakow.pl\/wp-content\/uploads\/2025\/03\/29W_FLvNB_A4kopia-scaled-1-scaled.jpg\" alt=\"\" width=\"1434\" height=\"2048\" srcset=\"https:\/\/www.amuz.krakow.pl\/wp-content\/uploads\/2025\/03\/29W_FLvNB_A4kopia-scaled-1-scaled.jpg 1434w, https:\/\/www.amuz.krakow.pl\/wp-content\/uploads\/2025\/03\/29W_FLvNB_A4kopia-scaled-1-210x300.jpg 210w, https:\/\/www.amuz.krakow.pl\/wp-content\/uploads\/2025\/03\/29W_FLvNB_A4kopia-scaled-1-768x1097.jpg 768w, https:\/\/www.amuz.krakow.pl\/wp-content\/uploads\/2025\/03\/29W_FLvNB_A4kopia-scaled-1-1075x1536.jpg 1075w\" sizes=\"auto, (max-width: 1434px) 100vw, 1434px\" \/><\/a><\/p>\n<p>On 7-8 April 2025, the Department of Music Theory and Interpretation of the Krzysztof Penderecki Academy of Music in Krak\u00f3w is organising the <strong>28th International Musicological Symposium<\/strong> accompanying the 29th edition of the Ludwig van Beethoven Easter Festival. The theme of this year&#8217;s edition is <strong>\u2018Beethoven and Great Poetry\u2019<\/strong>.<\/p>\n<p>The main focus of the research will be the music of Ludwig van Beethoven, but also the works of great European composers for whom the poetic word was either a source of inspiration or was even aligned with music. In addition to strictly Beethoven-related topics, there will also be papers on related subjects, such as the relationship between poetry and music, between word and sound, German, European and Polish poetry. There will also be papers on 20th century Polish music.<\/p>\n<p>Originator and scientific director of the project: Prof. dr hab. Teresa Malecka<br \/>\nScientific secretary and project coordinator: Magdalena Chrenkoff<\/p>\n<h5 style=\"text-align: center;\"><strong>Programme of the 28th International Symposium<br \/>\n<\/strong><em><strong>\u00a0<\/strong><strong>Beethoven and Great Poetry<\/strong><\/em><\/h5>\n<p style=\"text-align: center;\">Zach\u0119ta \u2013 National Art Gallery<br \/>\nWarsaw, Ma\u0142achowski Square 3<br \/>\nApril 7\u20128, 2025<\/p>\n<p>&nbsp;<\/p>\n<h6><strong>Monday, April 7th<br \/>\nZach\u0119ta \u2013 National Art Gallery<br \/>\nWarsaw, Ma\u0142achowski Square 3<br \/>\n<\/strong><\/h6>\n<p><strong><span style=\"font-size: 12pt;\">10:00<\/span> <\/strong>Welcome of the guests<\/p>\n<ul>\n<li><strong>El\u017cbieta Penderecka <\/strong>&#8211; director general of the Ludwig van Beethoven Easter Festival<\/li>\n<li><strong>Dr hab. Ma\u0142gorzata Janicka-S\u0142ysz, prof. AMKP <\/strong>&#8211; head of the Department of Music Theory and Interpretation of the Krzysztof Penderecki Academy of Music in Krak\u00f3w<\/li>\n<li><strong>Agnieszka Pindera<\/strong> &#8211; director of \u201eZach\u0119ta\u201d National Art Gallery<\/li>\n<\/ul>\n<p><span style=\"font-size: 12pt;\"><strong>10:30-11:50 <\/strong><\/span><em><strong>Chair: dr hab. <\/strong><\/em><em><strong>Agnieszka Draus, prof. AMKP <\/strong><\/em><\/p>\n<p><strong>Robert Hatten<\/strong> (The University of Texas in Austin)<\/p>\n<p>Beethoven\u2019s Interpretation of Schiller\u2019s Verses for the Ninth Symphony Finale: The Exemplification, Embodiment, and Enactment of a Poetic Conceit<\/p>\n<p><strong>Ma\u0142gorzata Janicka-S\u0142ysz<\/strong> (AMKP)<\/p>\n<p>The Imperative of the Word. On the Idea of <em>Bildung<\/em> in Ludwig van Beethoven\u2019s Ninth Symphony<\/p>\n<p><strong>Helmut Loos<\/strong> (Universit\u00e4t Leipzig)<\/p>\n<p>The Overwhelming of Music by Literature and Philosophy. Beethoven and the Consequences<\/p>\n<p><strong><span style=\"font-size: 12pt;\">11:50-12:10<\/span> Break<\/strong><\/p>\n<p><span style=\"font-size: 12pt;\"><strong>12:10-13:30 <\/strong><\/span><em><strong>Chair: prof. Helmut Loos<\/strong><\/em><\/p>\n<p><strong>Michael Spitzer<\/strong> (University of Liverpool)<br \/>\nBeethoven and Three Poets: H\u00f6lderlin, Wordsworth, T.S. Eliot<\/p>\n<p><strong>Nils Holger Petersen<\/strong> (University of Copenhagen)<\/p>\n<p>Beethoven and Scandinavian Poets<\/p>\n<p><strong>Katarzyna Szyma\u0144ska-Stu\u0142ka<\/strong> (Fryderyk Chopin University of Music, Warsaw)<\/p>\n<p>Beethoven and Shakespeare &#8211; the Topos of Tempest<\/p>\n<p><strong><span style=\"font-size: 12pt;\">13:30\u201313:50<\/span> Break<\/strong><\/p>\n<p><span style=\"font-size: 12pt;\"><strong>13:50\u201314:50 <\/strong><\/span><em><strong>Chair: dr hab. Ma\u0142gorzata Janicka-S\u0142ysz, prof. AMKP <\/strong><\/em><\/p>\n<p><strong>Ma\u0142gorzata Grajter <\/strong>(The Gra\u017cyna and Kiejstut Bacewicz University of Music in \u0141\u00f3d\u017a)<\/p>\n<p>Beethoven, Schubert and Others: <em>Erlk\u00f6nig<\/em>\u00a0by Johann Wolfgang Goethe in the Musical Settings by Classical and Early Romantic Composers<\/p>\n<p><strong>Roman Ivanovitch<\/strong> (Indiana University, Bloomington)<\/p>\n<p>Mozart\u2019s <em>Ave verum corpus<\/em>: The Temporality and Technique of Crisis<\/p>\n<p><strong>\u00a0<\/strong><\/p>\n<h6><strong>Tuesday, April 8th<br \/>\n<\/strong><strong>Zach\u0119ta \u2013 National Art Gallery<br \/>\nWarsaw, Ma\u0142achowski Square 3<\/strong><\/h6>\n<p><span style=\"font-size: 12pt;\"><strong>10:00-11:00 <\/strong><\/span><em><strong>Chair: prof. Michael Spitzer<\/strong><\/em><\/p>\n<p><strong>Michael Heinemann<\/strong> (Hochschule Karl Maria von Weber Dresden)<\/p>\n<p>Lost Illusions. Beethoven in the Novels of Thomas Mann<\/p>\n<p><strong>Joan Grimalt<\/strong> (Escola Superior de M\u00fasica de Catalunya)<\/p>\n<p>Poetry and Hermeneutic Analysis. <em>Fidelio<\/em>: Second <em>Finale<\/em><\/p>\n<p><strong><span style=\"font-size: 12pt;\">11:00-11:20<\/span> Break<\/strong><\/p>\n<p><span style=\"font-size: 12pt;\"><strong>11:20-12:40 <\/strong><\/span><em><strong>Chair prof. Robert Hatten<\/strong><\/em><\/p>\n<p><strong>Iwona Sowi\u0144ska-Fruhtrunk<\/strong> (AMKP)<\/p>\n<p>Schoenberg\u2019s <em>Book of the Hanging Gardens<\/em> as the Last Great Song Cycle for Stefan Georgie\u2019s Poetry<\/p>\n<p><strong>Marcin Trz\u0119siok<\/strong> (Karol Szymanowski Academy of Music, Katowice)<\/p>\n<p>Samuel Barber\u2019s <em>Knoxville, Summer of 1915<\/em>. On the Sublime in the Democratic Era<\/p>\n<p><strong>Susana Zapke<\/strong> (Musik und Kunst Privatuniversit\u00e4t der Stadt Wien)<\/p>\n<p><em>Music is the greatest non-sense of all<\/em>. Elfriede Jelinek\u2019s Lieder, 1965-1966<\/p>\n<p><strong><span style=\"font-size: 12pt;\">12:40-13:00<\/span> Break<\/strong><\/p>\n<p><span style=\"font-size: 12pt;\"><strong>13:00-14:20 <\/strong><\/span><em><strong>Chair: prof. dr hab. Teresa Malecka<\/strong><\/em><\/p>\n<p><strong>Ilona Iwa\u0144ska<\/strong> (AMKP)<\/p>\n<p>\u201cTo Sing in Truth.\u201d R.M. Rilke\u2019s Poetry in Polish Songs after World War II<\/p>\n<p><strong>Agnieszka Draus<\/strong> (AMKP)<\/p>\n<p>\u2018Witnesses to Matters of the Spirit\u2019. Rilke, Stachowski, Penderecki<\/p>\n<p><em><strong>DISCUSSION<\/strong><\/em><\/p>\n<p>&nbsp;<\/p>","protected":false},"excerpt":{"rendered":"<p>On 7-8 April 2025, the Department of Music Theory and Interpretation of the Krzysztof Penderecki Academy of Music in Krak\u00f3w is organising the 28th International Musicological Symposium accompanying the 29th&hellip; <a href=\"https:\/\/www.amuz.krakow.pl\/en\/wydzialy\/wydzial-i-tworczosci-interpretacji-i-edukacji-muzycznej\/katedra-teorii-i-interpretacji-dziela-muzycznego\/aktualnosci-24\/28-miedzynarodowe-sympozjum-beethoven-i-wielka-poezja\/\">Continue reading<\/a><\/p>\n","protected":false},"author":72,"featured_media":100068,"parent":89171,"menu_order":-5,"comment_status":"closed","ping_status":"closed","template":"","meta":{"footnotes":"","_links_to":"","_links_to_target":""},"class_list":["post-99930","page","type-page","status-publish","has-post-thumbnail","hentry"],"yoast_head":"<!-- This site is optimized with the Yoast SEO plugin v27.2 - https:\/\/yoast.com\/product\/yoast-seo-wordpress\/ -->\n<title>AMKP - Akademia Muzyczna im. Krzysztofa Pendereckiego w Krakowie<\/title>\n<meta name=\"robots\" content=\"index, follow, max-snippet:-1, max-image-preview:large, max-video-preview:-1\" \/>\n<link rel=\"canonical\" href=\"https:\/\/www.amuz.krakow.pl\/wydzialy\/wydzial-i-tworczosci-interpretacji-i-edukacji-muzycznej\/katedra-teorii-i-interpretacji-dziela-muzycznego\/aktualnosci-24\/28-miedzynarodowe-sympozjum-beethoven-i-wielka-poezja\/\" \/>\n<meta property=\"og:locale\" content=\"en_US\" \/>\n<meta property=\"og:type\" content=\"article\" \/>\n<meta property=\"og:title\" content=\"AMKP - Akademia Muzyczna im. Krzysztofa Pendereckiego w Krakowie\" \/>\n<meta property=\"og:description\" content=\"On 7-8 April 2025, the Department of Music Theory and Interpretation of the Krzysztof Penderecki Academy of Music in Krak\u00f3w is organising the 28th International Musicological Symposium accompanying the 29th&hellip; Continue reading\" \/>\n<meta property=\"og:url\" content=\"https:\/\/www.amuz.krakow.pl\/wydzialy\/wydzial-i-tworczosci-interpretacji-i-edukacji-muzycznej\/katedra-teorii-i-interpretacji-dziela-muzycznego\/aktualnosci-24\/28-miedzynarodowe-sympozjum-beethoven-i-wielka-poezja\/\" \/>\n<meta property=\"og:site_name\" content=\"Akademia Muzyczna im. Krzysztofa Pendereckiego w Krakowie\" \/>\n<meta property=\"article:publisher\" content=\"https:\/\/www.facebook.com\/amuz.krakow\" \/>\n<meta property=\"article:modified_time\" content=\"2025-04-02T11:33:04+00:00\" \/>\n<meta property=\"og:image\" content=\"https:\/\/www.amuz.krakow.pl\/wp-content\/uploads\/2025\/03\/819x303-1-817x302-1.png\" \/>\n\t<meta property=\"og:image:width\" content=\"817\" \/>\n\t<meta property=\"og:image:height\" content=\"302\" \/>\n\t<meta property=\"og:image:type\" content=\"image\/png\" \/>\n<meta name=\"twitter:card\" content=\"summary_large_image\" \/>\n<meta name=\"twitter:label1\" content=\"Est. reading time\" \/>\n\t<meta name=\"twitter:data1\" content=\"5 minutes\" \/>\n<script type=\"application\/ld+json\" class=\"yoast-schema-graph\">{\"@context\":\"https:\/\/schema.org\",\"@graph\":[{\"@type\":\"WebPage\",\"@id\":\"https:\/\/www.amuz.krakow.pl\/wydzialy\/wydzial-i-tworczosci-interpretacji-i-edukacji-muzycznej\/katedra-teorii-i-interpretacji-dziela-muzycznego\/aktualnosci-24\/28-miedzynarodowe-sympozjum-beethoven-i-wielka-poezja\/\",\"url\":\"https:\/\/www.amuz.krakow.pl\/wydzialy\/wydzial-i-tworczosci-interpretacji-i-edukacji-muzycznej\/katedra-teorii-i-interpretacji-dziela-muzycznego\/aktualnosci-24\/28-miedzynarodowe-sympozjum-beethoven-i-wielka-poezja\/\",\"name\":\"AMKP - Akademia Muzyczna im. Krzysztofa Pendereckiego w Krakowie\",\"isPartOf\":{\"@id\":\"https:\/\/www.amuz.krakow.pl\/#website\"},\"primaryImageOfPage\":{\"@id\":\"https:\/\/www.amuz.krakow.pl\/wydzialy\/wydzial-i-tworczosci-interpretacji-i-edukacji-muzycznej\/katedra-teorii-i-interpretacji-dziela-muzycznego\/aktualnosci-24\/28-miedzynarodowe-sympozjum-beethoven-i-wielka-poezja\/#primaryimage\"},\"image\":{\"@id\":\"https:\/\/www.amuz.krakow.pl\/wydzialy\/wydzial-i-tworczosci-interpretacji-i-edukacji-muzycznej\/katedra-teorii-i-interpretacji-dziela-muzycznego\/aktualnosci-24\/28-miedzynarodowe-sympozjum-beethoven-i-wielka-poezja\/#primaryimage\"},\"thumbnailUrl\":\"https:\/\/www.amuz.krakow.pl\/wp-content\/uploads\/2025\/03\/819x303-1-817x302-1.png\",\"datePublished\":\"2025-03-25T12:26:42+00:00\",\"dateModified\":\"2025-04-02T11:33:04+00:00\",\"breadcrumb\":{\"@id\":\"https:\/\/www.amuz.krakow.pl\/wydzialy\/wydzial-i-tworczosci-interpretacji-i-edukacji-muzycznej\/katedra-teorii-i-interpretacji-dziela-muzycznego\/aktualnosci-24\/28-miedzynarodowe-sympozjum-beethoven-i-wielka-poezja\/#breadcrumb\"},\"inLanguage\":\"en-US\",\"potentialAction\":[{\"@type\":\"ReadAction\",\"target\":[\"https:\/\/www.amuz.krakow.pl\/wydzialy\/wydzial-i-tworczosci-interpretacji-i-edukacji-muzycznej\/katedra-teorii-i-interpretacji-dziela-muzycznego\/aktualnosci-24\/28-miedzynarodowe-sympozjum-beethoven-i-wielka-poezja\/\"]}]},{\"@type\":\"ImageObject\",\"inLanguage\":\"en-US\",\"@id\":\"https:\/\/www.amuz.krakow.pl\/wydzialy\/wydzial-i-tworczosci-interpretacji-i-edukacji-muzycznej\/katedra-teorii-i-interpretacji-dziela-muzycznego\/aktualnosci-24\/28-miedzynarodowe-sympozjum-beethoven-i-wielka-poezja\/#primaryimage\",\"url\":\"https:\/\/www.amuz.krakow.pl\/wp-content\/uploads\/2025\/03\/819x303-1-817x302-1.png\",\"contentUrl\":\"https:\/\/www.amuz.krakow.pl\/wp-content\/uploads\/2025\/03\/819x303-1-817x302-1.png\",\"width\":817,\"height\":302},{\"@type\":\"BreadcrumbList\",\"@id\":\"https:\/\/www.amuz.krakow.pl\/wydzialy\/wydzial-i-tworczosci-interpretacji-i-edukacji-muzycznej\/katedra-teorii-i-interpretacji-dziela-muzycznego\/aktualnosci-24\/28-miedzynarodowe-sympozjum-beethoven-i-wielka-poezja\/#breadcrumb\",\"itemListElement\":[{\"@type\":\"ListItem\",\"position\":1,\"name\":\"Strona g\u0142\u00f3wna\",\"item\":\"https:\/\/www.amuz.krakow.pl\/\"},{\"@type\":\"ListItem\",\"position\":2,\"name\":\"WYDZIA\u0141Y\",\"item\":\"https:\/\/www.amuz.krakow.pl\/wydzialy\/\"},{\"@type\":\"ListItem\",\"position\":3,\"name\":\"Wydzia\u0142 Tw\u00f3rczo\u015bci, Interpretacji i Edukacji Muzycznej\",\"item\":\"https:\/\/www.amuz.krakow.pl\/wydzialy\/wydzial-i-tworczosci-interpretacji-i-edukacji-muzycznej\/\"},{\"@type\":\"ListItem\",\"position\":4,\"name\":\"Katedra Teorii i Interpretacji Dzie\u0142a Muzycznego\",\"item\":\"https:\/\/www.amuz.krakow.pl\/wydzialy\/wydzial-i-tworczosci-interpretacji-i-edukacji-muzycznej\/katedra-teorii-i-interpretacji-dziela-muzycznego\/\"},{\"@type\":\"ListItem\",\"position\":5,\"name\":\"Archiwum wydarze\u0144 2024\/2025\",\"item\":\"https:\/\/www.amuz.krakow.pl\/wydzialy\/wydzial-i-tworczosci-interpretacji-i-edukacji-muzycznej\/katedra-teorii-i-interpretacji-dziela-muzycznego\/aktualnosci-24\/\"},{\"@type\":\"ListItem\",\"position\":6,\"name\":\"28. Mi\u0119dzynarodowe Sympozjum &#8222;Beethoven i wielka poezja&#8221; | 7-8.04.2025\"}]},{\"@type\":\"WebSite\",\"@id\":\"https:\/\/www.amuz.krakow.pl\/#website\",\"url\":\"https:\/\/www.amuz.krakow.pl\/\",\"name\":\"Akademia Muzyczna im. Krzysztofa Pendereckiego w Krakowie\",\"description\":\"Oficjalna strona Akademii Muzycznej im. Krzysztofa Pendereckiego w Krakowie (AMKP).\",\"publisher\":{\"@id\":\"https:\/\/www.amuz.krakow.pl\/#organization\"},\"alternateName\":\"AMKP\",\"potentialAction\":[{\"@type\":\"SearchAction\",\"target\":{\"@type\":\"EntryPoint\",\"urlTemplate\":\"https:\/\/www.amuz.krakow.pl\/?s={search_term_string}\"},\"query-input\":{\"@type\":\"PropertyValueSpecification\",\"valueRequired\":true,\"valueName\":\"search_term_string\"}}],\"inLanguage\":\"en-US\"},{\"@type\":\"Organization\",\"@id\":\"https:\/\/www.amuz.krakow.pl\/#organization\",\"name\":\"Akademia Muzyczna im. Krzysztofa Pendereckiego w Krakowie\",\"alternateName\":\"AMKP\",\"url\":\"https:\/\/www.amuz.krakow.pl\/\",\"logo\":{\"@type\":\"ImageObject\",\"inLanguage\":\"en-US\",\"@id\":\"https:\/\/www.amuz.krakow.pl\/#\/schema\/logo\/image\/\",\"url\":\"https:\/\/www.amuz.krakow.pl\/wp-content\/uploads\/2021\/11\/amkp.jpg\",\"contentUrl\":\"https:\/\/www.amuz.krakow.pl\/wp-content\/uploads\/2021\/11\/amkp.jpg\",\"width\":1193,\"height\":591,\"caption\":\"Akademia Muzyczna im. Krzysztofa Pendereckiego w Krakowie\"},\"image\":{\"@id\":\"https:\/\/www.amuz.krakow.pl\/#\/schema\/logo\/image\/\"},\"sameAs\":[\"https:\/\/www.facebook.com\/amuz.krakow\",\"https:\/\/www.instagram.com\/amkpenderecki\/\",\"https:\/\/www.youtube.com\/@amkpenderecki4806\"]}]}<\/script>\n<!-- \/ Yoast SEO plugin. -->","yoast_head_json":{"title":"AMKP - Akademia Muzyczna im. Krzysztofa Pendereckiego w Krakowie","robots":{"index":"index","follow":"follow","max-snippet":"max-snippet:-1","max-image-preview":"max-image-preview:large","max-video-preview":"max-video-preview:-1"},"canonical":"https:\/\/www.amuz.krakow.pl\/wydzialy\/wydzial-i-tworczosci-interpretacji-i-edukacji-muzycznej\/katedra-teorii-i-interpretacji-dziela-muzycznego\/aktualnosci-24\/28-miedzynarodowe-sympozjum-beethoven-i-wielka-poezja\/","og_locale":"en_US","og_type":"article","og_title":"AMKP - Akademia Muzyczna im. Krzysztofa Pendereckiego w Krakowie","og_description":"On 7-8 April 2025, the Department of Music Theory and Interpretation of the Krzysztof Penderecki Academy of Music in Krak\u00f3w is organising the 28th International Musicological Symposium accompanying the 29th&hellip; Continue reading","og_url":"https:\/\/www.amuz.krakow.pl\/wydzialy\/wydzial-i-tworczosci-interpretacji-i-edukacji-muzycznej\/katedra-teorii-i-interpretacji-dziela-muzycznego\/aktualnosci-24\/28-miedzynarodowe-sympozjum-beethoven-i-wielka-poezja\/","og_site_name":"Akademia Muzyczna im. Krzysztofa Pendereckiego w Krakowie","article_publisher":"https:\/\/www.facebook.com\/amuz.krakow","article_modified_time":"2025-04-02T11:33:04+00:00","og_image":[{"width":817,"height":302,"url":"https:\/\/www.amuz.krakow.pl\/wp-content\/uploads\/2025\/03\/819x303-1-817x302-1.png","type":"image\/png"}],"twitter_card":"summary_large_image","twitter_misc":{"Est. reading time":"5 minutes"},"schema":{"@context":"https:\/\/schema.org","@graph":[{"@type":"WebPage","@id":"https:\/\/www.amuz.krakow.pl\/wydzialy\/wydzial-i-tworczosci-interpretacji-i-edukacji-muzycznej\/katedra-teorii-i-interpretacji-dziela-muzycznego\/aktualnosci-24\/28-miedzynarodowe-sympozjum-beethoven-i-wielka-poezja\/","url":"https:\/\/www.amuz.krakow.pl\/wydzialy\/wydzial-i-tworczosci-interpretacji-i-edukacji-muzycznej\/katedra-teorii-i-interpretacji-dziela-muzycznego\/aktualnosci-24\/28-miedzynarodowe-sympozjum-beethoven-i-wielka-poezja\/","name":"AMKP - Akademia Muzyczna im. Krzysztofa Pendereckiego w Krakowie","isPartOf":{"@id":"https:\/\/www.amuz.krakow.pl\/#website"},"primaryImageOfPage":{"@id":"https:\/\/www.amuz.krakow.pl\/wydzialy\/wydzial-i-tworczosci-interpretacji-i-edukacji-muzycznej\/katedra-teorii-i-interpretacji-dziela-muzycznego\/aktualnosci-24\/28-miedzynarodowe-sympozjum-beethoven-i-wielka-poezja\/#primaryimage"},"image":{"@id":"https:\/\/www.amuz.krakow.pl\/wydzialy\/wydzial-i-tworczosci-interpretacji-i-edukacji-muzycznej\/katedra-teorii-i-interpretacji-dziela-muzycznego\/aktualnosci-24\/28-miedzynarodowe-sympozjum-beethoven-i-wielka-poezja\/#primaryimage"},"thumbnailUrl":"https:\/\/www.amuz.krakow.pl\/wp-content\/uploads\/2025\/03\/819x303-1-817x302-1.png","datePublished":"2025-03-25T12:26:42+00:00","dateModified":"2025-04-02T11:33:04+00:00","breadcrumb":{"@id":"https:\/\/www.amuz.krakow.pl\/wydzialy\/wydzial-i-tworczosci-interpretacji-i-edukacji-muzycznej\/katedra-teorii-i-interpretacji-dziela-muzycznego\/aktualnosci-24\/28-miedzynarodowe-sympozjum-beethoven-i-wielka-poezja\/#breadcrumb"},"inLanguage":"en-US","potentialAction":[{"@type":"ReadAction","target":["https:\/\/www.amuz.krakow.pl\/wydzialy\/wydzial-i-tworczosci-interpretacji-i-edukacji-muzycznej\/katedra-teorii-i-interpretacji-dziela-muzycznego\/aktualnosci-24\/28-miedzynarodowe-sympozjum-beethoven-i-wielka-poezja\/"]}]},{"@type":"ImageObject","inLanguage":"en-US","@id":"https:\/\/www.amuz.krakow.pl\/wydzialy\/wydzial-i-tworczosci-interpretacji-i-edukacji-muzycznej\/katedra-teorii-i-interpretacji-dziela-muzycznego\/aktualnosci-24\/28-miedzynarodowe-sympozjum-beethoven-i-wielka-poezja\/#primaryimage","url":"https:\/\/www.amuz.krakow.pl\/wp-content\/uploads\/2025\/03\/819x303-1-817x302-1.png","contentUrl":"https:\/\/www.amuz.krakow.pl\/wp-content\/uploads\/2025\/03\/819x303-1-817x302-1.png","width":817,"height":302},{"@type":"BreadcrumbList","@id":"https:\/\/www.amuz.krakow.pl\/wydzialy\/wydzial-i-tworczosci-interpretacji-i-edukacji-muzycznej\/katedra-teorii-i-interpretacji-dziela-muzycznego\/aktualnosci-24\/28-miedzynarodowe-sympozjum-beethoven-i-wielka-poezja\/#breadcrumb","itemListElement":[{"@type":"ListItem","position":1,"name":"Strona g\u0142\u00f3wna","item":"https:\/\/www.amuz.krakow.pl\/"},{"@type":"ListItem","position":2,"name":"WYDZIA\u0141Y","item":"https:\/\/www.amuz.krakow.pl\/wydzialy\/"},{"@type":"ListItem","position":3,"name":"Wydzia\u0142 Tw\u00f3rczo\u015bci, Interpretacji i Edukacji Muzycznej","item":"https:\/\/www.amuz.krakow.pl\/wydzialy\/wydzial-i-tworczosci-interpretacji-i-edukacji-muzycznej\/"},{"@type":"ListItem","position":4,"name":"Katedra Teorii i Interpretacji Dzie\u0142a Muzycznego","item":"https:\/\/www.amuz.krakow.pl\/wydzialy\/wydzial-i-tworczosci-interpretacji-i-edukacji-muzycznej\/katedra-teorii-i-interpretacji-dziela-muzycznego\/"},{"@type":"ListItem","position":5,"name":"Archiwum wydarze\u0144 2024\/2025","item":"https:\/\/www.amuz.krakow.pl\/wydzialy\/wydzial-i-tworczosci-interpretacji-i-edukacji-muzycznej\/katedra-teorii-i-interpretacji-dziela-muzycznego\/aktualnosci-24\/"},{"@type":"ListItem","position":6,"name":"28. Mi\u0119dzynarodowe Sympozjum &#8222;Beethoven i wielka poezja&#8221; | 7-8.04.2025"}]},{"@type":"WebSite","@id":"https:\/\/www.amuz.krakow.pl\/#website","url":"https:\/\/www.amuz.krakow.pl\/","name":"Akademia Muzyczna im. Krzysztofa Pendereckiego w Krakowie","description":"Oficjalna strona Akademii Muzycznej im. Krzysztofa Pendereckiego w Krakowie (AMKP).","publisher":{"@id":"https:\/\/www.amuz.krakow.pl\/#organization"},"alternateName":"AMKP","potentialAction":[{"@type":"SearchAction","target":{"@type":"EntryPoint","urlTemplate":"https:\/\/www.amuz.krakow.pl\/?s={search_term_string}"},"query-input":{"@type":"PropertyValueSpecification","valueRequired":true,"valueName":"search_term_string"}}],"inLanguage":"en-US"},{"@type":"Organization","@id":"https:\/\/www.amuz.krakow.pl\/#organization","name":"Akademia Muzyczna im. Krzysztofa Pendereckiego w Krakowie","alternateName":"AMKP","url":"https:\/\/www.amuz.krakow.pl\/","logo":{"@type":"ImageObject","inLanguage":"en-US","@id":"https:\/\/www.amuz.krakow.pl\/#\/schema\/logo\/image\/","url":"https:\/\/www.amuz.krakow.pl\/wp-content\/uploads\/2021\/11\/amkp.jpg","contentUrl":"https:\/\/www.amuz.krakow.pl\/wp-content\/uploads\/2021\/11\/amkp.jpg","width":1193,"height":591,"caption":"Akademia Muzyczna im. Krzysztofa Pendereckiego w Krakowie"},"image":{"@id":"https:\/\/www.amuz.krakow.pl\/#\/schema\/logo\/image\/"},"sameAs":["https:\/\/www.facebook.com\/amuz.krakow","https:\/\/www.instagram.com\/amkpenderecki\/","https:\/\/www.youtube.com\/@amkpenderecki4806"]}]}},"_links":{"self":[{"href":"https:\/\/www.amuz.krakow.pl\/en\/wp-json\/wp\/v2\/pages\/99930","targetHints":{"allow":["GET"]}}],"collection":[{"href":"https:\/\/www.amuz.krakow.pl\/en\/wp-json\/wp\/v2\/pages"}],"about":[{"href":"https:\/\/www.amuz.krakow.pl\/en\/wp-json\/wp\/v2\/types\/page"}],"author":[{"embeddable":true,"href":"https:\/\/www.amuz.krakow.pl\/en\/wp-json\/wp\/v2\/users\/72"}],"replies":[{"embeddable":true,"href":"https:\/\/www.amuz.krakow.pl\/en\/wp-json\/wp\/v2\/comments?post=99930"}],"version-history":[{"count":18,"href":"https:\/\/www.amuz.krakow.pl\/en\/wp-json\/wp\/v2\/pages\/99930\/revisions"}],"predecessor-version":[{"id":100648,"href":"https:\/\/www.amuz.krakow.pl\/en\/wp-json\/wp\/v2\/pages\/99930\/revisions\/100648"}],"up":[{"embeddable":true,"href":"https:\/\/www.amuz.krakow.pl\/en\/wp-json\/wp\/v2\/pages\/89171"}],"wp:featuredmedia":[{"embeddable":true,"href":"https:\/\/www.amuz.krakow.pl\/en\/wp-json\/wp\/v2\/media\/100068"}],"wp:attachment":[{"href":"https:\/\/www.amuz.krakow.pl\/en\/wp-json\/wp\/v2\/media?parent=99930"}],"curies":[{"name":"wp","href":"https:\/\/api.w.org\/{rel}","templated":true}]}}