{"id":994,"date":"2016-02-06T23:39:09","date_gmt":"2016-02-06T22:39:09","guid":{"rendered":"http:\/\/strony.amuz.krakow.pl\/?page_id=994"},"modified":"2026-03-24T11:42:16","modified_gmt":"2026-03-24T10:42:16","slug":"jan-kalinowski","status":"publish","type":"page","link":"https:\/\/www.amuz.krakow.pl\/en\/wladze\/wydzial-instrumentalny\/jan-kalinowski\/","title":{"rendered":"prof. dr hab. Jan Kalinowski"},"content":{"rendered":"<p><\/p>\n<p style=\"text-align: center;\"><span style=\"font-size: 12pt;\"><b>Dean of the Instrumental Faculty<br \/>\n<\/b>prof. dr hab. Jan Kalinowski<\/span><\/p>\n<figure id=\"attachment_89988\" aria-describedby=\"caption-attachment-89988\" style=\"width: 400px\" class=\"wp-caption aligncenter\"><a href=\"https:\/\/www.amuz.krakow.pl\/wp-content\/uploads\/2024\/09\/IMG_240903_0490_PS_fot.Piotr_Markowski-scaled.jpg\" target=\"_blank\" rel=\"noopener\"><img loading=\"lazy\" decoding=\"async\" class=\"wp-image-89988\" src=\"https:\/\/www.amuz.krakow.pl\/wp-content\/uploads\/2024\/09\/IMG_240903_0490_PS_fot.Piotr_Markowski-scaled.jpg\" alt=\"\" width=\"400\" height=\"600\" srcset=\"https:\/\/www.amuz.krakow.pl\/wp-content\/uploads\/2024\/09\/IMG_240903_0490_PS_fot.Piotr_Markowski-scaled.jpg 1365w, https:\/\/www.amuz.krakow.pl\/wp-content\/uploads\/2024\/09\/IMG_240903_0490_PS_fot.Piotr_Markowski-200x300.jpg 200w, https:\/\/www.amuz.krakow.pl\/wp-content\/uploads\/2024\/09\/IMG_240903_0490_PS_fot.Piotr_Markowski-768x1152.jpg 768w, https:\/\/www.amuz.krakow.pl\/wp-content\/uploads\/2024\/09\/IMG_240903_0490_PS_fot.Piotr_Markowski-1024x1536.jpg 1024w\" sizes=\"auto, (max-width: 400px) 100vw, 400px\" \/><\/a><figcaption id=\"caption-attachment-89988\" class=\"wp-caption-text\">photo by Piotr Markowski<\/figcaption><\/figure>\n<p style=\"text-align: center;\"><a href=\"mailto:jan.kalinowski@amuz.krakow.pl\">jan.kalinowski@amuz.krakow.pl<\/a><\/p>\n<hr \/>\n<p>Prof. dr hab. Jan Kalinowski \u2013 Dean of the Instrumental Faculty of the Krzysztof Penderecki Academy of Music in Krak\u00f3w, cellist, professor of musical arts, teacher and community music leader.<\/p>\n<p>He studied at the Music Academy in Krak\u00f3w, at the \u00c9cole Normale de Musique in Paris and the Staatliche Hochschule f\u00fcr Musik und Darstellende Kunst in Stuttgart under the guidance of Professors: Witold Herman, Paul Julien and Peter Buck. He has also taken part in master classes given by David Geringas, Ivan Monighetti and Arto Noras. He has held grants from Polish and foreign foundations (Friends of Cracow Society in Chicago, Zygmunt Zaleski Foundation, Grazella Foundation), as well as the City of Cracow, the Malopolska Region and the Ministry of Culture and National Heritage.<\/p>\n<p>In 2001 he started working together with pianist Marek Szlezer. Since then, they have been performing in Poland and abroad as Cracow Duo. In 2015, during tourn\u00e9e in Korea and USA, they debuted at such prestigious venues as Seul Arts Center in Seul, Alfred Newman Hall in Los Angeles and Carnegie Hall in New York (concert on the occasion of 205th birthday anniversary of Frederic Chopin). The artists performed two concert tours in Mexico and South America, which inaugurated their debut in the Palacio de Bellas Artes concert hall. In 2017, they were on one-month-tour in the United States. Many Polish and foreign composers have devoted their works to them, among others Krzysztof Meyer, whose\u00a0<em>Musica concertante<\/em>\u00a0for cello, piano, string orchestra and percussion, artists have performed with Sinfonietta Cracovia under the baton of Jurek Dyba\u0142a in December 2017.<\/p>\n<p>Jan Kalinowski has recorded for radio and television as well as for well-known music label DUX Recording Producers. He recorded works for piano and cello by Alexander Tansman in 2009, with pianist Marek Szlezer. Recording was awarded the\u00a0La Clef de ResMusica. Published in 2010 Jan Kalinowski, Marek Szlezer and Bart\u0142omiej Nizio\u0142\u2019s recording of Chopin chamber works has also received the prize of\u00a0La Clef de ResMusica\u00a0and nomination to the Polish Phonographic\u00a0Award\u00a0<em>Fryderyk<\/em>. In 2013 DUX Recording Producers published a CD with his artistic project \u201cPolish Cello Music\u201d containing works by polish composers for cello ensembles from one to eight instruments. In 2014 DUX Recording Producers issued a special CD (\u201cDedications\u201d) devoted to the works written by composers from Krakow and dedicated to Jan Kalinowski and Marek Szlezer. He was involved in recording CD on the occasion of the 80th birthday anniversary of Krzysztof Penderecki. The recording was awarded the Gramophone Editor\u2019s Choice 2015, and nominated to the Polish Phonographic Award\u00a0<em>Fryderyk\u00a02015<\/em>. Joanna Freszel\u2019s album,\u00a0<em>real life song<\/em>, recorded with the artist participation, received two nominations for the Polish Phonographic\u00a0Award\u00a0<em>Fryderyk 2016<\/em>.<\/p>\n<p>As a solist he has been performing under the baton of many renowned conductors, such as: Rauf Abdullayev,\u00a0\u0141ukasz Borowicz, Wojciech Czepiel, Jacek Rafa\u0142 Delekta,\u00a0Micha\u0142 Dworzy\u0144ski,\u00a0Jacek Kasprzyk,\u00a0Adam Klocek,\u00a0Pawe\u0142 Kotla,\u00a0Pawe\u0142 Przytocki, Daniel Rajskin, Jacek Rogala and Maciej Tworek.<\/p>\n<p>Jan Kalinowski is an assistant professor at the Music Academy in Krakow, where in 2015 he has received a postdoctoral degree at the instrumental music department. He has led courses within the framework of an international academic exchange programme (Brem, Karlsruhe, Bratislava, Mannheim, Fermo and Tibilisi).<\/p>\n<p>He has been playing on the cello made by Wojciech Topa since 2012.<\/p>","protected":false},"excerpt":{"rendered":"<p>Dean of the Instrumental Faculty prof. dr hab. Jan Kalinowski jan.kalinowski@amuz.krakow.pl Prof. dr hab. Jan Kalinowski \u2013 Dean of the Instrumental Faculty of the Krzysztof Penderecki Academy of Music in&hellip; <a href=\"https:\/\/www.amuz.krakow.pl\/en\/wladze\/wydzial-instrumentalny\/jan-kalinowski\/\">Continue reading<\/a><\/p>\n","protected":false},"author":72,"featured_media":90004,"parent":964,"menu_order":1,"comment_status":"closed","ping_status":"closed","template":"","meta":{"footnotes":"","_links_to":"","_links_to_target":""},"class_list":["post-994","page","type-page","status-publish","has-post-thumbnail","hentry"],"yoast_head":"<!-- This site is optimized with the Yoast SEO plugin v27.2 - https:\/\/yoast.com\/product\/yoast-seo-wordpress\/ -->\n<title>AMKP - Akademia Muzyczna im. Krzysztofa Pendereckiego w Krakowie<\/title>\n<meta name=\"robots\" content=\"index, follow, max-snippet:-1, max-image-preview:large, max-video-preview:-1\" \/>\n<link rel=\"canonical\" href=\"https:\/\/www.amuz.krakow.pl\/wladze\/wydzial-instrumentalny\/jan-kalinowski\/\" \/>\n<meta property=\"og:locale\" content=\"en_US\" \/>\n<meta property=\"og:type\" content=\"article\" \/>\n<meta property=\"og:title\" content=\"AMKP - Akademia Muzyczna im. Krzysztofa Pendereckiego w Krakowie\" \/>\n<meta property=\"og:description\" content=\"Dean of the Instrumental Faculty prof. dr hab. Jan Kalinowski jan.kalinowski@amuz.krakow.pl Prof. dr hab. Jan Kalinowski \u2013 Dean of the Instrumental Faculty of the Krzysztof Penderecki Academy of Music in&hellip; Continue reading\" \/>\n<meta property=\"og:url\" content=\"https:\/\/www.amuz.krakow.pl\/wladze\/wydzial-instrumentalny\/jan-kalinowski\/\" \/>\n<meta property=\"og:site_name\" content=\"Akademia Muzyczna im. Krzysztofa Pendereckiego w Krakowie\" \/>\n<meta property=\"article:publisher\" content=\"https:\/\/www.facebook.com\/amuz.krakow\" \/>\n<meta property=\"article:modified_time\" content=\"2026-03-24T10:42:16+00:00\" \/>\n<meta property=\"og:image\" content=\"https:\/\/www.amuz.krakow.pl\/wp-content\/uploads\/2024\/09\/IMG_240903_0490_PS_miniatura_fot.Piotr_Markowski-scaled.jpg\" \/>\n\t<meta property=\"og:image:width\" content=\"2048\" \/>\n\t<meta property=\"og:image:height\" content=\"1024\" \/>\n\t<meta property=\"og:image:type\" content=\"image\/jpeg\" \/>\n<meta name=\"twitter:card\" content=\"summary_large_image\" \/>\n<meta name=\"twitter:label1\" content=\"Est. reading time\" \/>\n\t<meta name=\"twitter:data1\" content=\"3 minutes\" \/>\n<script type=\"application\/ld+json\" class=\"yoast-schema-graph\">{\"@context\":\"https:\/\/schema.org\",\"@graph\":[{\"@type\":\"WebPage\",\"@id\":\"https:\/\/www.amuz.krakow.pl\/wladze\/wydzial-instrumentalny\/jan-kalinowski\/\",\"url\":\"https:\/\/www.amuz.krakow.pl\/wladze\/wydzial-instrumentalny\/jan-kalinowski\/\",\"name\":\"AMKP - Akademia Muzyczna im. Krzysztofa Pendereckiego w Krakowie\",\"isPartOf\":{\"@id\":\"https:\/\/www.amuz.krakow.pl\/#website\"},\"primaryImageOfPage\":{\"@id\":\"https:\/\/www.amuz.krakow.pl\/wladze\/wydzial-instrumentalny\/jan-kalinowski\/#primaryimage\"},\"image\":{\"@id\":\"https:\/\/www.amuz.krakow.pl\/wladze\/wydzial-instrumentalny\/jan-kalinowski\/#primaryimage\"},\"thumbnailUrl\":\"https:\/\/www.amuz.krakow.pl\/wp-content\/uploads\/2024\/09\/IMG_240903_0490_PS_miniatura_fot.Piotr_Markowski-scaled.jpg\",\"datePublished\":\"2016-02-06T22:39:09+00:00\",\"dateModified\":\"2026-03-24T10:42:16+00:00\",\"breadcrumb\":{\"@id\":\"https:\/\/www.amuz.krakow.pl\/wladze\/wydzial-instrumentalny\/jan-kalinowski\/#breadcrumb\"},\"inLanguage\":\"en-US\",\"potentialAction\":[{\"@type\":\"ReadAction\",\"target\":[\"https:\/\/www.amuz.krakow.pl\/wladze\/wydzial-instrumentalny\/jan-kalinowski\/\"]}]},{\"@type\":\"ImageObject\",\"inLanguage\":\"en-US\",\"@id\":\"https:\/\/www.amuz.krakow.pl\/wladze\/wydzial-instrumentalny\/jan-kalinowski\/#primaryimage\",\"url\":\"https:\/\/www.amuz.krakow.pl\/wp-content\/uploads\/2024\/09\/IMG_240903_0490_PS_miniatura_fot.Piotr_Markowski-scaled.jpg\",\"contentUrl\":\"https:\/\/www.amuz.krakow.pl\/wp-content\/uploads\/2024\/09\/IMG_240903_0490_PS_miniatura_fot.Piotr_Markowski-scaled.jpg\",\"width\":2048,\"height\":1024},{\"@type\":\"BreadcrumbList\",\"@id\":\"https:\/\/www.amuz.krakow.pl\/wladze\/wydzial-instrumentalny\/jan-kalinowski\/#breadcrumb\",\"itemListElement\":[{\"@type\":\"ListItem\",\"position\":1,\"name\":\"Strona g\u0142\u00f3wna\",\"item\":\"https:\/\/www.amuz.krakow.pl\/\"},{\"@type\":\"ListItem\",\"position\":2,\"name\":\"W\u0141ADZE\",\"item\":\"https:\/\/www.amuz.krakow.pl\/wladze\/\"},{\"@type\":\"ListItem\",\"position\":3,\"name\":\"Wydzia\u0142 Instrumentalny\",\"item\":\"https:\/\/www.amuz.krakow.pl\/wladze\/wydzial-instrumentalny\/\"},{\"@type\":\"ListItem\",\"position\":4,\"name\":\"prof. dr hab. Jan Kalinowski\"}]},{\"@type\":\"WebSite\",\"@id\":\"https:\/\/www.amuz.krakow.pl\/#website\",\"url\":\"https:\/\/www.amuz.krakow.pl\/\",\"name\":\"Akademia Muzyczna im. Krzysztofa Pendereckiego w Krakowie\",\"description\":\"Oficjalna strona Akademii Muzycznej im. Krzysztofa Pendereckiego w Krakowie (AMKP).\",\"publisher\":{\"@id\":\"https:\/\/www.amuz.krakow.pl\/#organization\"},\"alternateName\":\"AMKP\",\"potentialAction\":[{\"@type\":\"SearchAction\",\"target\":{\"@type\":\"EntryPoint\",\"urlTemplate\":\"https:\/\/www.amuz.krakow.pl\/?s={search_term_string}\"},\"query-input\":{\"@type\":\"PropertyValueSpecification\",\"valueRequired\":true,\"valueName\":\"search_term_string\"}}],\"inLanguage\":\"en-US\"},{\"@type\":\"Organization\",\"@id\":\"https:\/\/www.amuz.krakow.pl\/#organization\",\"name\":\"Akademia Muzyczna im. Krzysztofa Pendereckiego w Krakowie\",\"alternateName\":\"AMKP\",\"url\":\"https:\/\/www.amuz.krakow.pl\/\",\"logo\":{\"@type\":\"ImageObject\",\"inLanguage\":\"en-US\",\"@id\":\"https:\/\/www.amuz.krakow.pl\/#\/schema\/logo\/image\/\",\"url\":\"https:\/\/www.amuz.krakow.pl\/wp-content\/uploads\/2021\/11\/amkp.jpg\",\"contentUrl\":\"https:\/\/www.amuz.krakow.pl\/wp-content\/uploads\/2021\/11\/amkp.jpg\",\"width\":1193,\"height\":591,\"caption\":\"Akademia Muzyczna im. Krzysztofa Pendereckiego w Krakowie\"},\"image\":{\"@id\":\"https:\/\/www.amuz.krakow.pl\/#\/schema\/logo\/image\/\"},\"sameAs\":[\"https:\/\/www.facebook.com\/amuz.krakow\",\"https:\/\/www.instagram.com\/amkpenderecki\/\",\"https:\/\/www.youtube.com\/@amkpenderecki4806\"]}]}<\/script>\n<!-- \/ Yoast SEO plugin. -->","yoast_head_json":{"title":"AMKP - Akademia Muzyczna im. Krzysztofa Pendereckiego w Krakowie","robots":{"index":"index","follow":"follow","max-snippet":"max-snippet:-1","max-image-preview":"max-image-preview:large","max-video-preview":"max-video-preview:-1"},"canonical":"https:\/\/www.amuz.krakow.pl\/wladze\/wydzial-instrumentalny\/jan-kalinowski\/","og_locale":"en_US","og_type":"article","og_title":"AMKP - Akademia Muzyczna im. Krzysztofa Pendereckiego w Krakowie","og_description":"Dean of the Instrumental Faculty prof. dr hab. Jan Kalinowski jan.kalinowski@amuz.krakow.pl Prof. dr hab. Jan Kalinowski \u2013 Dean of the Instrumental Faculty of the Krzysztof Penderecki Academy of Music in&hellip; Continue reading","og_url":"https:\/\/www.amuz.krakow.pl\/wladze\/wydzial-instrumentalny\/jan-kalinowski\/","og_site_name":"Akademia Muzyczna im. Krzysztofa Pendereckiego w Krakowie","article_publisher":"https:\/\/www.facebook.com\/amuz.krakow","article_modified_time":"2026-03-24T10:42:16+00:00","og_image":[{"width":2048,"height":1024,"url":"https:\/\/www.amuz.krakow.pl\/wp-content\/uploads\/2024\/09\/IMG_240903_0490_PS_miniatura_fot.Piotr_Markowski-scaled.jpg","type":"image\/jpeg"}],"twitter_card":"summary_large_image","twitter_misc":{"Est. reading time":"3 minutes"},"schema":{"@context":"https:\/\/schema.org","@graph":[{"@type":"WebPage","@id":"https:\/\/www.amuz.krakow.pl\/wladze\/wydzial-instrumentalny\/jan-kalinowski\/","url":"https:\/\/www.amuz.krakow.pl\/wladze\/wydzial-instrumentalny\/jan-kalinowski\/","name":"AMKP - Akademia Muzyczna im. Krzysztofa Pendereckiego w Krakowie","isPartOf":{"@id":"https:\/\/www.amuz.krakow.pl\/#website"},"primaryImageOfPage":{"@id":"https:\/\/www.amuz.krakow.pl\/wladze\/wydzial-instrumentalny\/jan-kalinowski\/#primaryimage"},"image":{"@id":"https:\/\/www.amuz.krakow.pl\/wladze\/wydzial-instrumentalny\/jan-kalinowski\/#primaryimage"},"thumbnailUrl":"https:\/\/www.amuz.krakow.pl\/wp-content\/uploads\/2024\/09\/IMG_240903_0490_PS_miniatura_fot.Piotr_Markowski-scaled.jpg","datePublished":"2016-02-06T22:39:09+00:00","dateModified":"2026-03-24T10:42:16+00:00","breadcrumb":{"@id":"https:\/\/www.amuz.krakow.pl\/wladze\/wydzial-instrumentalny\/jan-kalinowski\/#breadcrumb"},"inLanguage":"en-US","potentialAction":[{"@type":"ReadAction","target":["https:\/\/www.amuz.krakow.pl\/wladze\/wydzial-instrumentalny\/jan-kalinowski\/"]}]},{"@type":"ImageObject","inLanguage":"en-US","@id":"https:\/\/www.amuz.krakow.pl\/wladze\/wydzial-instrumentalny\/jan-kalinowski\/#primaryimage","url":"https:\/\/www.amuz.krakow.pl\/wp-content\/uploads\/2024\/09\/IMG_240903_0490_PS_miniatura_fot.Piotr_Markowski-scaled.jpg","contentUrl":"https:\/\/www.amuz.krakow.pl\/wp-content\/uploads\/2024\/09\/IMG_240903_0490_PS_miniatura_fot.Piotr_Markowski-scaled.jpg","width":2048,"height":1024},{"@type":"BreadcrumbList","@id":"https:\/\/www.amuz.krakow.pl\/wladze\/wydzial-instrumentalny\/jan-kalinowski\/#breadcrumb","itemListElement":[{"@type":"ListItem","position":1,"name":"Strona g\u0142\u00f3wna","item":"https:\/\/www.amuz.krakow.pl\/"},{"@type":"ListItem","position":2,"name":"W\u0141ADZE","item":"https:\/\/www.amuz.krakow.pl\/wladze\/"},{"@type":"ListItem","position":3,"name":"Wydzia\u0142 Instrumentalny","item":"https:\/\/www.amuz.krakow.pl\/wladze\/wydzial-instrumentalny\/"},{"@type":"ListItem","position":4,"name":"prof. dr hab. Jan Kalinowski"}]},{"@type":"WebSite","@id":"https:\/\/www.amuz.krakow.pl\/#website","url":"https:\/\/www.amuz.krakow.pl\/","name":"Akademia Muzyczna im. Krzysztofa Pendereckiego w Krakowie","description":"Oficjalna strona Akademii Muzycznej im. Krzysztofa Pendereckiego w Krakowie (AMKP).","publisher":{"@id":"https:\/\/www.amuz.krakow.pl\/#organization"},"alternateName":"AMKP","potentialAction":[{"@type":"SearchAction","target":{"@type":"EntryPoint","urlTemplate":"https:\/\/www.amuz.krakow.pl\/?s={search_term_string}"},"query-input":{"@type":"PropertyValueSpecification","valueRequired":true,"valueName":"search_term_string"}}],"inLanguage":"en-US"},{"@type":"Organization","@id":"https:\/\/www.amuz.krakow.pl\/#organization","name":"Akademia Muzyczna im. Krzysztofa Pendereckiego w Krakowie","alternateName":"AMKP","url":"https:\/\/www.amuz.krakow.pl\/","logo":{"@type":"ImageObject","inLanguage":"en-US","@id":"https:\/\/www.amuz.krakow.pl\/#\/schema\/logo\/image\/","url":"https:\/\/www.amuz.krakow.pl\/wp-content\/uploads\/2021\/11\/amkp.jpg","contentUrl":"https:\/\/www.amuz.krakow.pl\/wp-content\/uploads\/2021\/11\/amkp.jpg","width":1193,"height":591,"caption":"Akademia Muzyczna im. Krzysztofa Pendereckiego w Krakowie"},"image":{"@id":"https:\/\/www.amuz.krakow.pl\/#\/schema\/logo\/image\/"},"sameAs":["https:\/\/www.facebook.com\/amuz.krakow","https:\/\/www.instagram.com\/amkpenderecki\/","https:\/\/www.youtube.com\/@amkpenderecki4806"]}]}},"_links":{"self":[{"href":"https:\/\/www.amuz.krakow.pl\/en\/wp-json\/wp\/v2\/pages\/994","targetHints":{"allow":["GET"]}}],"collection":[{"href":"https:\/\/www.amuz.krakow.pl\/en\/wp-json\/wp\/v2\/pages"}],"about":[{"href":"https:\/\/www.amuz.krakow.pl\/en\/wp-json\/wp\/v2\/types\/page"}],"author":[{"embeddable":true,"href":"https:\/\/www.amuz.krakow.pl\/en\/wp-json\/wp\/v2\/users\/72"}],"replies":[{"embeddable":true,"href":"https:\/\/www.amuz.krakow.pl\/en\/wp-json\/wp\/v2\/comments?post=994"}],"version-history":[{"count":17,"href":"https:\/\/www.amuz.krakow.pl\/en\/wp-json\/wp\/v2\/pages\/994\/revisions"}],"predecessor-version":[{"id":90003,"href":"https:\/\/www.amuz.krakow.pl\/en\/wp-json\/wp\/v2\/pages\/994\/revisions\/90003"}],"up":[{"embeddable":true,"href":"https:\/\/www.amuz.krakow.pl\/en\/wp-json\/wp\/v2\/pages\/964"}],"wp:featuredmedia":[{"embeddable":true,"href":"https:\/\/www.amuz.krakow.pl\/en\/wp-json\/wp\/v2\/media\/90004"}],"wp:attachment":[{"href":"https:\/\/www.amuz.krakow.pl\/en\/wp-json\/wp\/v2\/media?parent=994"}],"curies":[{"name":"wp","href":"https:\/\/api.w.org\/{rel}","templated":true}]}}