{"id":99338,"date":"2025-03-20T11:07:47","date_gmt":"2025-03-20T10:07:47","guid":{"rendered":"https:\/\/www.amuz.krakow.pl\/?page_id=99338"},"modified":"2026-02-19T14:52:11","modified_gmt":"2026-02-19T13:52:11","slug":"warsztaty-dla-kandydatow-na-specjalnosc-rezyseria-dzwieku","status":"publish","type":"page","link":"https:\/\/www.amuz.krakow.pl\/en\/kandydaci\/warsztaty-dla-kandydatow\/warsztaty-dla-kandydatow-na-specjalnosc-rezyseria-dzwieku\/","title":{"rendered":"Warsztaty dla kandydat\u00f3w na specjalno\u015b\u0107 Re\u017cyseria d\u017awi\u0119ku"},"content":{"rendered":"<p class=\"qtranxs-available-languages-message qtranxs-available-languages-message-en\">Sorry, this entry is only available in <a href=\"https:\/\/www.amuz.krakow.pl\/pl\/wp-json\/wp\/v2\/pages\/99338\" class=\"qtranxs-available-language-link qtranxs-available-language-link-pl\" title=\"Polski\">Polski<\/a>.<\/p>","protected":false},"excerpt":{"rendered":"<p>Sorry, this entry is only available in Polski.<\/p>\n","protected":false},"author":72,"featured_media":114848,"parent":99346,"menu_order":2,"comment_status":"closed","ping_status":"closed","template":"","meta":{"footnotes":"","_links_to":"","_links_to_target":""},"class_list":["post-99338","page","type-page","status-publish","has-post-thumbnail","hentry"],"yoast_head":"<!-- This site is optimized with the Yoast SEO plugin v27.2 - https:\/\/yoast.com\/product\/yoast-seo-wordpress\/ -->\n<title>Warsztaty dla kandydat\u00f3w: Re\u017cyseria d\u017awi\u0119ku - Akademia Muzyczna im. Krzysztofa Pendereckiego w Krakowie<\/title>\n<meta name=\"description\" content=\"Zapraszamy ch\u0119tnych kandydat\u00f3w i kandydatki na warsztaty informacyjno-promocyjne, kt\u00f3re odb\u0119d\u0105 si\u0119 11 kwietnia 2026. Zapisy do 31 marca 2026.\" \/>\n<meta name=\"robots\" content=\"index, follow, max-snippet:-1, max-image-preview:large, max-video-preview:-1\" \/>\n<link rel=\"canonical\" href=\"https:\/\/www.amuz.krakow.pl\/kandydaci\/warsztaty-dla-kandydatow\/warsztaty-dla-kandydatow-na-specjalnosc-rezyseria-dzwieku\/\" \/>\n<meta property=\"og:locale\" content=\"en_US\" \/>\n<meta property=\"og:type\" content=\"article\" \/>\n<meta property=\"og:title\" content=\"Warsztaty dla kandydat\u00f3w: Re\u017cyseria d\u017awi\u0119ku - Akademia Muzyczna im. Krzysztofa Pendereckiego w Krakowie\" \/>\n<meta property=\"og:description\" content=\"Zapraszamy ch\u0119tnych kandydat\u00f3w i kandydatki na warsztaty informacyjno-promocyjne, kt\u00f3re odb\u0119d\u0105 si\u0119 11 kwietnia 2026. Zapisy do 31 marca 2026.\" \/>\n<meta property=\"og:url\" content=\"https:\/\/www.amuz.krakow.pl\/kandydaci\/warsztaty-dla-kandydatow\/warsztaty-dla-kandydatow-na-specjalnosc-rezyseria-dzwieku\/\" \/>\n<meta property=\"og:site_name\" content=\"Akademia Muzyczna im. Krzysztofa Pendereckiego w Krakowie\" \/>\n<meta property=\"article:publisher\" content=\"https:\/\/www.facebook.com\/amuz.krakow\" \/>\n<meta property=\"article:modified_time\" content=\"2026-02-19T13:52:11+00:00\" \/>\n<meta property=\"og:image\" content=\"https:\/\/www.amuz.krakow.pl\/wp-content\/uploads\/2026\/02\/dni-otwarte-2026-RD-kafel.jpg\" \/>\n\t<meta property=\"og:image:width\" content=\"1200\" \/>\n\t<meta property=\"og:image:height\" content=\"600\" \/>\n\t<meta property=\"og:image:type\" content=\"image\/jpeg\" \/>\n<meta name=\"twitter:card\" content=\"summary_large_image\" \/>\n<meta name=\"twitter:label1\" content=\"Est. reading time\" \/>\n\t<meta name=\"twitter:data1\" content=\"2 minutes\" \/>\n<script type=\"application\/ld+json\" class=\"yoast-schema-graph\">{\"@context\":\"https:\/\/schema.org\",\"@graph\":[{\"@type\":\"WebPage\",\"@id\":\"https:\/\/www.amuz.krakow.pl\/kandydaci\/warsztaty-dla-kandydatow\/warsztaty-dla-kandydatow-na-specjalnosc-rezyseria-dzwieku\/\",\"url\":\"https:\/\/www.amuz.krakow.pl\/kandydaci\/warsztaty-dla-kandydatow\/warsztaty-dla-kandydatow-na-specjalnosc-rezyseria-dzwieku\/\",\"name\":\"Warsztaty dla kandydat\u00f3w: Re\u017cyseria d\u017awi\u0119ku - Akademia Muzyczna im. Krzysztofa Pendereckiego w Krakowie\",\"isPartOf\":{\"@id\":\"https:\/\/www.amuz.krakow.pl\/#website\"},\"primaryImageOfPage\":{\"@id\":\"https:\/\/www.amuz.krakow.pl\/kandydaci\/warsztaty-dla-kandydatow\/warsztaty-dla-kandydatow-na-specjalnosc-rezyseria-dzwieku\/#primaryimage\"},\"image\":{\"@id\":\"https:\/\/www.amuz.krakow.pl\/kandydaci\/warsztaty-dla-kandydatow\/warsztaty-dla-kandydatow-na-specjalnosc-rezyseria-dzwieku\/#primaryimage\"},\"thumbnailUrl\":\"https:\/\/www.amuz.krakow.pl\/wp-content\/uploads\/2026\/02\/dni-otwarte-2026-RD-kafel.jpg\",\"datePublished\":\"2025-03-20T10:07:47+00:00\",\"dateModified\":\"2026-02-19T13:52:11+00:00\",\"description\":\"Zapraszamy ch\u0119tnych kandydat\u00f3w i kandydatki na warsztaty informacyjno-promocyjne, kt\u00f3re odb\u0119d\u0105 si\u0119 11 kwietnia 2026. Zapisy do 31 marca 2026.\",\"breadcrumb\":{\"@id\":\"https:\/\/www.amuz.krakow.pl\/kandydaci\/warsztaty-dla-kandydatow\/warsztaty-dla-kandydatow-na-specjalnosc-rezyseria-dzwieku\/#breadcrumb\"},\"inLanguage\":\"en-US\",\"potentialAction\":[{\"@type\":\"ReadAction\",\"target\":[\"https:\/\/www.amuz.krakow.pl\/kandydaci\/warsztaty-dla-kandydatow\/warsztaty-dla-kandydatow-na-specjalnosc-rezyseria-dzwieku\/\"]}]},{\"@type\":\"ImageObject\",\"inLanguage\":\"en-US\",\"@id\":\"https:\/\/www.amuz.krakow.pl\/kandydaci\/warsztaty-dla-kandydatow\/warsztaty-dla-kandydatow-na-specjalnosc-rezyseria-dzwieku\/#primaryimage\",\"url\":\"https:\/\/www.amuz.krakow.pl\/wp-content\/uploads\/2026\/02\/dni-otwarte-2026-RD-kafel.jpg\",\"contentUrl\":\"https:\/\/www.amuz.krakow.pl\/wp-content\/uploads\/2026\/02\/dni-otwarte-2026-RD-kafel.jpg\",\"width\":1200,\"height\":600},{\"@type\":\"BreadcrumbList\",\"@id\":\"https:\/\/www.amuz.krakow.pl\/kandydaci\/warsztaty-dla-kandydatow\/warsztaty-dla-kandydatow-na-specjalnosc-rezyseria-dzwieku\/#breadcrumb\",\"itemListElement\":[{\"@type\":\"ListItem\",\"position\":1,\"name\":\"Strona g\u0142\u00f3wna\",\"item\":\"https:\/\/www.amuz.krakow.pl\/\"},{\"@type\":\"ListItem\",\"position\":2,\"name\":\"Kandydaci\",\"item\":\"https:\/\/www.amuz.krakow.pl\/kandydaci\/\"},{\"@type\":\"ListItem\",\"position\":3,\"name\":\"Warsztaty informacyjno-promocyjne\",\"item\":\"https:\/\/www.amuz.krakow.pl\/kandydaci\/warsztaty-dla-kandydatow\/\"},{\"@type\":\"ListItem\",\"position\":4,\"name\":\"Warsztaty dla kandydat\u00f3w na specjalno\u015b\u0107 Re\u017cyseria d\u017awi\u0119ku\"}]},{\"@type\":\"WebSite\",\"@id\":\"https:\/\/www.amuz.krakow.pl\/#website\",\"url\":\"https:\/\/www.amuz.krakow.pl\/\",\"name\":\"Akademia Muzyczna im. Krzysztofa Pendereckiego w Krakowie\",\"description\":\"Oficjalna strona Akademii Muzycznej im. Krzysztofa Pendereckiego w Krakowie (AMKP).\",\"publisher\":{\"@id\":\"https:\/\/www.amuz.krakow.pl\/#organization\"},\"alternateName\":\"AMKP\",\"potentialAction\":[{\"@type\":\"SearchAction\",\"target\":{\"@type\":\"EntryPoint\",\"urlTemplate\":\"https:\/\/www.amuz.krakow.pl\/?s={search_term_string}\"},\"query-input\":{\"@type\":\"PropertyValueSpecification\",\"valueRequired\":true,\"valueName\":\"search_term_string\"}}],\"inLanguage\":\"en-US\"},{\"@type\":\"Organization\",\"@id\":\"https:\/\/www.amuz.krakow.pl\/#organization\",\"name\":\"Akademia Muzyczna im. Krzysztofa Pendereckiego w Krakowie\",\"alternateName\":\"AMKP\",\"url\":\"https:\/\/www.amuz.krakow.pl\/\",\"logo\":{\"@type\":\"ImageObject\",\"inLanguage\":\"en-US\",\"@id\":\"https:\/\/www.amuz.krakow.pl\/#\/schema\/logo\/image\/\",\"url\":\"https:\/\/www.amuz.krakow.pl\/wp-content\/uploads\/2021\/11\/amkp.jpg\",\"contentUrl\":\"https:\/\/www.amuz.krakow.pl\/wp-content\/uploads\/2021\/11\/amkp.jpg\",\"width\":1193,\"height\":591,\"caption\":\"Akademia Muzyczna im. Krzysztofa Pendereckiego w Krakowie\"},\"image\":{\"@id\":\"https:\/\/www.amuz.krakow.pl\/#\/schema\/logo\/image\/\"},\"sameAs\":[\"https:\/\/www.facebook.com\/amuz.krakow\",\"https:\/\/www.instagram.com\/amkpenderecki\/\",\"https:\/\/www.youtube.com\/@amkpenderecki4806\"]}]}<\/script>\n<!-- \/ Yoast SEO plugin. -->","yoast_head_json":{"title":"Warsztaty dla kandydat\u00f3w: Re\u017cyseria d\u017awi\u0119ku - Akademia Muzyczna im. Krzysztofa Pendereckiego w Krakowie","description":"Zapraszamy ch\u0119tnych kandydat\u00f3w i kandydatki na warsztaty informacyjno-promocyjne, kt\u00f3re odb\u0119d\u0105 si\u0119 11 kwietnia 2026. Zapisy do 31 marca 2026.","robots":{"index":"index","follow":"follow","max-snippet":"max-snippet:-1","max-image-preview":"max-image-preview:large","max-video-preview":"max-video-preview:-1"},"canonical":"https:\/\/www.amuz.krakow.pl\/kandydaci\/warsztaty-dla-kandydatow\/warsztaty-dla-kandydatow-na-specjalnosc-rezyseria-dzwieku\/","og_locale":"en_US","og_type":"article","og_title":"Warsztaty dla kandydat\u00f3w: Re\u017cyseria d\u017awi\u0119ku - Akademia Muzyczna im. Krzysztofa Pendereckiego w Krakowie","og_description":"Zapraszamy ch\u0119tnych kandydat\u00f3w i kandydatki na warsztaty informacyjno-promocyjne, kt\u00f3re odb\u0119d\u0105 si\u0119 11 kwietnia 2026. Zapisy do 31 marca 2026.","og_url":"https:\/\/www.amuz.krakow.pl\/kandydaci\/warsztaty-dla-kandydatow\/warsztaty-dla-kandydatow-na-specjalnosc-rezyseria-dzwieku\/","og_site_name":"Akademia Muzyczna im. Krzysztofa Pendereckiego w Krakowie","article_publisher":"https:\/\/www.facebook.com\/amuz.krakow","article_modified_time":"2026-02-19T13:52:11+00:00","og_image":[{"width":1200,"height":600,"url":"https:\/\/www.amuz.krakow.pl\/wp-content\/uploads\/2026\/02\/dni-otwarte-2026-RD-kafel.jpg","type":"image\/jpeg"}],"twitter_card":"summary_large_image","twitter_misc":{"Est. reading time":"2 minutes"},"schema":{"@context":"https:\/\/schema.org","@graph":[{"@type":"WebPage","@id":"https:\/\/www.amuz.krakow.pl\/kandydaci\/warsztaty-dla-kandydatow\/warsztaty-dla-kandydatow-na-specjalnosc-rezyseria-dzwieku\/","url":"https:\/\/www.amuz.krakow.pl\/kandydaci\/warsztaty-dla-kandydatow\/warsztaty-dla-kandydatow-na-specjalnosc-rezyseria-dzwieku\/","name":"Warsztaty dla kandydat\u00f3w: Re\u017cyseria d\u017awi\u0119ku - Akademia Muzyczna im. Krzysztofa Pendereckiego w Krakowie","isPartOf":{"@id":"https:\/\/www.amuz.krakow.pl\/#website"},"primaryImageOfPage":{"@id":"https:\/\/www.amuz.krakow.pl\/kandydaci\/warsztaty-dla-kandydatow\/warsztaty-dla-kandydatow-na-specjalnosc-rezyseria-dzwieku\/#primaryimage"},"image":{"@id":"https:\/\/www.amuz.krakow.pl\/kandydaci\/warsztaty-dla-kandydatow\/warsztaty-dla-kandydatow-na-specjalnosc-rezyseria-dzwieku\/#primaryimage"},"thumbnailUrl":"https:\/\/www.amuz.krakow.pl\/wp-content\/uploads\/2026\/02\/dni-otwarte-2026-RD-kafel.jpg","datePublished":"2025-03-20T10:07:47+00:00","dateModified":"2026-02-19T13:52:11+00:00","description":"Zapraszamy ch\u0119tnych kandydat\u00f3w i kandydatki na warsztaty informacyjno-promocyjne, kt\u00f3re odb\u0119d\u0105 si\u0119 11 kwietnia 2026. Zapisy do 31 marca 2026.","breadcrumb":{"@id":"https:\/\/www.amuz.krakow.pl\/kandydaci\/warsztaty-dla-kandydatow\/warsztaty-dla-kandydatow-na-specjalnosc-rezyseria-dzwieku\/#breadcrumb"},"inLanguage":"en-US","potentialAction":[{"@type":"ReadAction","target":["https:\/\/www.amuz.krakow.pl\/kandydaci\/warsztaty-dla-kandydatow\/warsztaty-dla-kandydatow-na-specjalnosc-rezyseria-dzwieku\/"]}]},{"@type":"ImageObject","inLanguage":"en-US","@id":"https:\/\/www.amuz.krakow.pl\/kandydaci\/warsztaty-dla-kandydatow\/warsztaty-dla-kandydatow-na-specjalnosc-rezyseria-dzwieku\/#primaryimage","url":"https:\/\/www.amuz.krakow.pl\/wp-content\/uploads\/2026\/02\/dni-otwarte-2026-RD-kafel.jpg","contentUrl":"https:\/\/www.amuz.krakow.pl\/wp-content\/uploads\/2026\/02\/dni-otwarte-2026-RD-kafel.jpg","width":1200,"height":600},{"@type":"BreadcrumbList","@id":"https:\/\/www.amuz.krakow.pl\/kandydaci\/warsztaty-dla-kandydatow\/warsztaty-dla-kandydatow-na-specjalnosc-rezyseria-dzwieku\/#breadcrumb","itemListElement":[{"@type":"ListItem","position":1,"name":"Strona g\u0142\u00f3wna","item":"https:\/\/www.amuz.krakow.pl\/"},{"@type":"ListItem","position":2,"name":"Kandydaci","item":"https:\/\/www.amuz.krakow.pl\/kandydaci\/"},{"@type":"ListItem","position":3,"name":"Warsztaty informacyjno-promocyjne","item":"https:\/\/www.amuz.krakow.pl\/kandydaci\/warsztaty-dla-kandydatow\/"},{"@type":"ListItem","position":4,"name":"Warsztaty dla kandydat\u00f3w na specjalno\u015b\u0107 Re\u017cyseria d\u017awi\u0119ku"}]},{"@type":"WebSite","@id":"https:\/\/www.amuz.krakow.pl\/#website","url":"https:\/\/www.amuz.krakow.pl\/","name":"Akademia Muzyczna im. Krzysztofa Pendereckiego w Krakowie","description":"Oficjalna strona Akademii Muzycznej im. Krzysztofa Pendereckiego w Krakowie (AMKP).","publisher":{"@id":"https:\/\/www.amuz.krakow.pl\/#organization"},"alternateName":"AMKP","potentialAction":[{"@type":"SearchAction","target":{"@type":"EntryPoint","urlTemplate":"https:\/\/www.amuz.krakow.pl\/?s={search_term_string}"},"query-input":{"@type":"PropertyValueSpecification","valueRequired":true,"valueName":"search_term_string"}}],"inLanguage":"en-US"},{"@type":"Organization","@id":"https:\/\/www.amuz.krakow.pl\/#organization","name":"Akademia Muzyczna im. Krzysztofa Pendereckiego w Krakowie","alternateName":"AMKP","url":"https:\/\/www.amuz.krakow.pl\/","logo":{"@type":"ImageObject","inLanguage":"en-US","@id":"https:\/\/www.amuz.krakow.pl\/#\/schema\/logo\/image\/","url":"https:\/\/www.amuz.krakow.pl\/wp-content\/uploads\/2021\/11\/amkp.jpg","contentUrl":"https:\/\/www.amuz.krakow.pl\/wp-content\/uploads\/2021\/11\/amkp.jpg","width":1193,"height":591,"caption":"Akademia Muzyczna im. Krzysztofa Pendereckiego w Krakowie"},"image":{"@id":"https:\/\/www.amuz.krakow.pl\/#\/schema\/logo\/image\/"},"sameAs":["https:\/\/www.facebook.com\/amuz.krakow","https:\/\/www.instagram.com\/amkpenderecki\/","https:\/\/www.youtube.com\/@amkpenderecki4806"]}]}},"_links":{"self":[{"href":"https:\/\/www.amuz.krakow.pl\/en\/wp-json\/wp\/v2\/pages\/99338","targetHints":{"allow":["GET"]}}],"collection":[{"href":"https:\/\/www.amuz.krakow.pl\/en\/wp-json\/wp\/v2\/pages"}],"about":[{"href":"https:\/\/www.amuz.krakow.pl\/en\/wp-json\/wp\/v2\/types\/page"}],"author":[{"embeddable":true,"href":"https:\/\/www.amuz.krakow.pl\/en\/wp-json\/wp\/v2\/users\/72"}],"replies":[{"embeddable":true,"href":"https:\/\/www.amuz.krakow.pl\/en\/wp-json\/wp\/v2\/comments?post=99338"}],"version-history":[{"count":0,"href":"https:\/\/www.amuz.krakow.pl\/en\/wp-json\/wp\/v2\/pages\/99338\/revisions"}],"up":[{"embeddable":true,"href":"https:\/\/www.amuz.krakow.pl\/en\/wp-json\/wp\/v2\/pages\/99346"}],"wp:featuredmedia":[{"embeddable":true,"href":"https:\/\/www.amuz.krakow.pl\/en\/wp-json\/wp\/v2\/media\/114848"}],"wp:attachment":[{"href":"https:\/\/www.amuz.krakow.pl\/en\/wp-json\/wp\/v2\/media?parent=99338"}],"curies":[{"name":"wp","href":"https:\/\/api.w.org\/{rel}","templated":true}]}}