{"id":99312,"date":"2025-03-19T15:46:44","date_gmt":"2025-03-19T14:46:44","guid":{"rendered":"https:\/\/www.amuz.krakow.pl\/?page_id=99312"},"modified":"2026-04-08T13:33:54","modified_gmt":"2026-04-08T11:33:54","slug":"pawel-gusnar-saksofon","status":"publish","type":"page","link":"https:\/\/www.amuz.krakow.pl\/en\/letnia-akademia-muzyczna\/wykaz-kursow\/instrumenty-dete\/pawel-gusnar-saksofon\/","title":{"rendered":"Pawe\u0142 Gusnar &#8211; saxophone"},"content":{"rendered":"<p><figure id=\"attachment_99313\" aria-describedby=\"caption-attachment-99313\" style=\"width: 300px\" class=\"wp-caption aligncenter\"><a href=\"https:\/\/www.amuz.krakow.pl\/wp-content\/uploads\/2025\/03\/Pawel-Gusnar_fot-Lukasz-Dyczko-scaled.jpg\" target=\"_blank\" rel=\"noopener\"><img loading=\"lazy\" decoding=\"async\" class=\"wp-image-99313 size-medium\" src=\"https:\/\/www.amuz.krakow.pl\/wp-content\/uploads\/2025\/03\/Pawel-Gusnar_fot-Lukasz-Dyczko-300x300.jpg\" alt=\"\" width=\"300\" height=\"300\" srcset=\"https:\/\/www.amuz.krakow.pl\/wp-content\/uploads\/2025\/03\/Pawel-Gusnar_fot-Lukasz-Dyczko-300x300.jpg 300w, https:\/\/www.amuz.krakow.pl\/wp-content\/uploads\/2025\/03\/Pawel-Gusnar_fot-Lukasz-Dyczko-scaled.jpg 2048w, https:\/\/www.amuz.krakow.pl\/wp-content\/uploads\/2025\/03\/Pawel-Gusnar_fot-Lukasz-Dyczko-150x150.jpg 150w, https:\/\/www.amuz.krakow.pl\/wp-content\/uploads\/2025\/03\/Pawel-Gusnar_fot-Lukasz-Dyczko-768x768.jpg 768w, https:\/\/www.amuz.krakow.pl\/wp-content\/uploads\/2025\/03\/Pawel-Gusnar_fot-Lukasz-Dyczko-1536x1536.jpg 1536w\" sizes=\"auto, (max-width: 300px) 100vw, 300px\" \/><\/a><figcaption id=\"caption-attachment-99313\" class=\"wp-caption-text\">photo by \u0141ukasz Dyczko<\/figcaption><\/figure><\/p>\n<p>Saxophonist, chamber musician, teacher, professor, Professor Habilitated Doctor of Musical Arts. He works at the Chopin University of Music (since 2003), where he has been Vice-Rector for Foreign Affairs since 2016 (terms 2016-2024) and of the Gra\u017cyna and Kiejstut Bacewicz Academy of Music in \u0141\u00f3d\u017a. He is a member of the Council of Scientific Excellence (2024-2027). In 2023 he has been awarded the title of Guest Professor Zhejiang Conservatory of Music.<\/p>\n<p>He is a versatile artist \u2013 open to various styles and forms of expression. He combines his activities in the field of classical, jazz, and entertainment music at an equally high level. His unique contributions to the composition and promotion of Polish music for that instrument include about a dozen Polish and foreign premieres every year. More than 70 works have been written specially for him by such composers as, among others, Salleras, Portejoie, Prost, Bembinow, B\u0142a\u017cejczyk, Cie\u015blak, Drozd, Duchnowski, Dutkiewicz, Gronau-Osi\u0144ska, Herdzin, Huszcza, Kaczorowski, Kara\u0142ow, Konowalski, Ko\u015bciow, Moss, Mo\u017cd\u017cer, M. T. \u0141ukaszewski, P. \u0141ukaszewski, Pokrzywi\u0144ska, Przybylski, Sielicki, and Wo\u015b. In this number there are more than a dozen pieces with orchestra (by e.g. Krzysztof Penderecki, Bronis\u0142aw Kazimierz Przybylski, Krzysztof Knittel, Nikola Ko\u0142odziejczyk, Bartosz Kowalski, Krzysztof Herdzin, and Weronika Ratusi\u0144ska) as well as some pioneering compositions setting new global trends. It is thanks to Gusnar that the Polish saxophone repertoire has found its way to major music centres worldwide. He also promotes Polish music by publishing a score series of his own name (The Pawe\u0142 Gusnar Collection, publ.Ars Musica). He is also the author of The Orchestral Studies for Saxophone (2018).<\/p>\n<p>The artist performs on stages of prestigious concert halls, both philharmonic and chamber, in Poland and abroad, also as part of significant festivals. As a soloist, he has performed with almost all philharmonic orchestras in Poland as well as with Sinfonia Varsovia, the Polish National Radio Symphony Orchestra in Katowice, the Polish Radio Symphony Orchestra, the Amadeus Orchestra, the Polish Sinfonia Iuventus Orchestra, and many others. He co-operates with the best Polish big bands, including the ones of Adam Sztaba, Tomasz Szymu\u015b, Krzysztof Herdzin, and the Kukla Band. He also performs as a session musician (numerous television productions and radio recordings).<\/p>\n<p>He acts as a juror in numerous competitions and runs masterclasses in the best music centres in the world \u2013 from China and South Korea, through numerous European countries, to the United Arab Emirates, South Africa and the USA. His achievements encompass over 60 CDs, including nearly 20 original CDs as well as CDs of joint authorship. He has won five Fryderyk Awards (2014, 2015, 2016, 2019, 2023, 2024), the Armatka Kultury 2019, the Pizzicato Supersonic Award (2009), the Award of the Rector of the Chopin University of Music (2015, 2021), the First Degree Award of the Director of the Centre for Artistic Education (2018), and the Golden Diploma in the international competition Muzyczne Or\u0142y [Music Eagles] 2022. He has been nominated, among others, for the title of Coryphaeus of Polish Music (2014, 2015, 2017) and for the International Classical Music Awards 2020. He is the founder and conductor of the Warsaw Saxophone Orchestra, with which he gives concerts in Poland and abroad. He is involved in activities promoting science, culture, and art. Since 2012, he has been a member of the Council of the Phonographic Academy \u2013 classical music section. He is a Yamaha, D\u2019Addario and JLV artist.<\/p>","protected":false},"excerpt":{"rendered":"<p>Saxophonist, chamber musician, teacher, professor, Professor Habilitated Doctor of Musical Arts. He works at the Chopin University of Music (since 2003), where he has been Vice-Rector for Foreign Affairs since&hellip; <a href=\"https:\/\/www.amuz.krakow.pl\/en\/letnia-akademia-muzyczna\/wykaz-kursow\/instrumenty-dete\/pawel-gusnar-saksofon\/\">Continue reading<\/a><\/p>\n","protected":false},"author":72,"featured_media":99313,"parent":47055,"menu_order":17,"comment_status":"closed","ping_status":"closed","template":"","meta":{"footnotes":"","_links_to":"","_links_to_target":""},"class_list":["post-99312","page","type-page","status-publish","has-post-thumbnail","hentry"],"yoast_head":"<!-- This site is optimized with the Yoast SEO plugin v27.4 - https:\/\/yoast.com\/product\/yoast-seo-wordpress\/ -->\n<title>AMKP - Akademia Muzyczna im. Krzysztofa Pendereckiego w Krakowie<\/title>\n<meta name=\"robots\" content=\"index, follow, max-snippet:-1, max-image-preview:large, max-video-preview:-1\" \/>\n<link rel=\"canonical\" href=\"https:\/\/www.amuz.krakow.pl\/letnia-akademia-muzyczna\/wykaz-kursow\/instrumenty-dete\/pawel-gusnar-saksofon\/\" \/>\n<meta property=\"og:locale\" content=\"en_US\" \/>\n<meta property=\"og:type\" content=\"article\" \/>\n<meta property=\"og:title\" content=\"AMKP - Akademia Muzyczna im. Krzysztofa Pendereckiego w Krakowie\" \/>\n<meta property=\"og:description\" content=\"Saxophonist, chamber musician, teacher, professor, Professor Habilitated Doctor of Musical Arts. He works at the Chopin University of Music (since 2003), where he has been Vice-Rector for Foreign Affairs since&hellip; Continue reading\" \/>\n<meta property=\"og:url\" content=\"https:\/\/www.amuz.krakow.pl\/letnia-akademia-muzyczna\/wykaz-kursow\/instrumenty-dete\/pawel-gusnar-saksofon\/\" \/>\n<meta property=\"og:site_name\" content=\"Akademia Muzyczna im. Krzysztofa Pendereckiego w Krakowie\" \/>\n<meta property=\"article:publisher\" content=\"https:\/\/www.facebook.com\/amuz.krakow\" \/>\n<meta property=\"article:modified_time\" content=\"2026-04-08T11:33:54+00:00\" \/>\n<meta property=\"og:image\" content=\"https:\/\/www.amuz.krakow.pl\/wp-content\/uploads\/2025\/03\/Pawel-Gusnar_fot-Lukasz-Dyczko-scaled.jpg\" \/>\n\t<meta property=\"og:image:width\" content=\"2048\" \/>\n\t<meta property=\"og:image:height\" content=\"2048\" \/>\n\t<meta property=\"og:image:type\" content=\"image\/jpeg\" \/>\n<meta name=\"twitter:card\" content=\"summary_large_image\" \/>\n<meta name=\"twitter:label1\" content=\"Est. reading time\" \/>\n\t<meta name=\"twitter:data1\" content=\"4 minutes\" \/>\n<script type=\"application\/ld+json\" class=\"yoast-schema-graph\">{\"@context\":\"https:\\\/\\\/schema.org\",\"@graph\":[{\"@type\":\"WebPage\",\"@id\":\"https:\\\/\\\/www.amuz.krakow.pl\\\/letnia-akademia-muzyczna\\\/wykaz-kursow\\\/instrumenty-dete\\\/pawel-gusnar-saksofon\\\/\",\"url\":\"https:\\\/\\\/www.amuz.krakow.pl\\\/letnia-akademia-muzyczna\\\/wykaz-kursow\\\/instrumenty-dete\\\/pawel-gusnar-saksofon\\\/\",\"name\":\"AMKP - Akademia Muzyczna im. Krzysztofa Pendereckiego w Krakowie\",\"isPartOf\":{\"@id\":\"https:\\\/\\\/www.amuz.krakow.pl\\\/#website\"},\"primaryImageOfPage\":{\"@id\":\"https:\\\/\\\/www.amuz.krakow.pl\\\/letnia-akademia-muzyczna\\\/wykaz-kursow\\\/instrumenty-dete\\\/pawel-gusnar-saksofon\\\/#primaryimage\"},\"image\":{\"@id\":\"https:\\\/\\\/www.amuz.krakow.pl\\\/letnia-akademia-muzyczna\\\/wykaz-kursow\\\/instrumenty-dete\\\/pawel-gusnar-saksofon\\\/#primaryimage\"},\"thumbnailUrl\":\"https:\\\/\\\/www.amuz.krakow.pl\\\/wp-content\\\/uploads\\\/2025\\\/03\\\/Pawel-Gusnar_fot-Lukasz-Dyczko-scaled.jpg\",\"datePublished\":\"2025-03-19T14:46:44+00:00\",\"dateModified\":\"2026-04-08T11:33:54+00:00\",\"breadcrumb\":{\"@id\":\"https:\\\/\\\/www.amuz.krakow.pl\\\/letnia-akademia-muzyczna\\\/wykaz-kursow\\\/instrumenty-dete\\\/pawel-gusnar-saksofon\\\/#breadcrumb\"},\"inLanguage\":\"en-US\",\"potentialAction\":[{\"@type\":\"ReadAction\",\"target\":[\"https:\\\/\\\/www.amuz.krakow.pl\\\/letnia-akademia-muzyczna\\\/wykaz-kursow\\\/instrumenty-dete\\\/pawel-gusnar-saksofon\\\/\"]}]},{\"@type\":\"ImageObject\",\"inLanguage\":\"en-US\",\"@id\":\"https:\\\/\\\/www.amuz.krakow.pl\\\/letnia-akademia-muzyczna\\\/wykaz-kursow\\\/instrumenty-dete\\\/pawel-gusnar-saksofon\\\/#primaryimage\",\"url\":\"https:\\\/\\\/www.amuz.krakow.pl\\\/wp-content\\\/uploads\\\/2025\\\/03\\\/Pawel-Gusnar_fot-Lukasz-Dyczko-scaled.jpg\",\"contentUrl\":\"https:\\\/\\\/www.amuz.krakow.pl\\\/wp-content\\\/uploads\\\/2025\\\/03\\\/Pawel-Gusnar_fot-Lukasz-Dyczko-scaled.jpg\",\"width\":2048,\"height\":2048,\"caption\":\"fot. \u0141ukasz Dyczko\"},{\"@type\":\"BreadcrumbList\",\"@id\":\"https:\\\/\\\/www.amuz.krakow.pl\\\/letnia-akademia-muzyczna\\\/wykaz-kursow\\\/instrumenty-dete\\\/pawel-gusnar-saksofon\\\/#breadcrumb\",\"itemListElement\":[{\"@type\":\"ListItem\",\"position\":1,\"name\":\"Strona g\u0142\u00f3wna\",\"item\":\"https:\\\/\\\/www.amuz.krakow.pl\\\/\"},{\"@type\":\"ListItem\",\"position\":2,\"name\":\"Letnia Akademia Muzyczna\",\"item\":\"https:\\\/\\\/www.amuz.krakow.pl\\\/letnia-akademia-muzyczna\\\/\"},{\"@type\":\"ListItem\",\"position\":3,\"name\":\"Wykaz kurs\u00f3w\",\"item\":\"https:\\\/\\\/www.amuz.krakow.pl\\\/letnia-akademia-muzyczna\\\/wykaz-kursow\\\/\"},{\"@type\":\"ListItem\",\"position\":4,\"name\":\"Instrumenty d\u0119te\",\"item\":\"https:\\\/\\\/www.amuz.krakow.pl\\\/letnia-akademia-muzyczna\\\/wykaz-kursow\\\/instrumenty-dete\\\/\"},{\"@type\":\"ListItem\",\"position\":5,\"name\":\"Pawe\u0142 Gusnar &#8211; saksofon\"}]},{\"@type\":\"WebSite\",\"@id\":\"https:\\\/\\\/www.amuz.krakow.pl\\\/#website\",\"url\":\"https:\\\/\\\/www.amuz.krakow.pl\\\/\",\"name\":\"Akademia Muzyczna im. Krzysztofa Pendereckiego w Krakowie\",\"description\":\"Oficjalna strona Akademii Muzycznej im. Krzysztofa Pendereckiego w Krakowie (AMKP).\",\"publisher\":{\"@id\":\"https:\\\/\\\/www.amuz.krakow.pl\\\/#organization\"},\"alternateName\":\"AMKP\",\"potentialAction\":[{\"@type\":\"SearchAction\",\"target\":{\"@type\":\"EntryPoint\",\"urlTemplate\":\"https:\\\/\\\/www.amuz.krakow.pl\\\/?s={search_term_string}\"},\"query-input\":{\"@type\":\"PropertyValueSpecification\",\"valueRequired\":true,\"valueName\":\"search_term_string\"}}],\"inLanguage\":\"en-US\"},{\"@type\":\"Organization\",\"@id\":\"https:\\\/\\\/www.amuz.krakow.pl\\\/#organization\",\"name\":\"Akademia Muzyczna im. Krzysztofa Pendereckiego w Krakowie\",\"alternateName\":\"AMKP\",\"url\":\"https:\\\/\\\/www.amuz.krakow.pl\\\/\",\"logo\":{\"@type\":\"ImageObject\",\"inLanguage\":\"en-US\",\"@id\":\"https:\\\/\\\/www.amuz.krakow.pl\\\/#\\\/schema\\\/logo\\\/image\\\/\",\"url\":\"https:\\\/\\\/www.amuz.krakow.pl\\\/wp-content\\\/uploads\\\/2021\\\/11\\\/amkp.jpg\",\"contentUrl\":\"https:\\\/\\\/www.amuz.krakow.pl\\\/wp-content\\\/uploads\\\/2021\\\/11\\\/amkp.jpg\",\"width\":1193,\"height\":591,\"caption\":\"Akademia Muzyczna im. Krzysztofa Pendereckiego w Krakowie\"},\"image\":{\"@id\":\"https:\\\/\\\/www.amuz.krakow.pl\\\/#\\\/schema\\\/logo\\\/image\\\/\"},\"sameAs\":[\"https:\\\/\\\/www.facebook.com\\\/amuz.krakow\",\"https:\\\/\\\/www.instagram.com\\\/amkpenderecki\\\/\",\"https:\\\/\\\/www.youtube.com\\\/@amkpenderecki4806\"]}]}<\/script>\n<!-- \/ Yoast SEO plugin. -->","yoast_head_json":{"title":"AMKP - Akademia Muzyczna im. Krzysztofa Pendereckiego w Krakowie","robots":{"index":"index","follow":"follow","max-snippet":"max-snippet:-1","max-image-preview":"max-image-preview:large","max-video-preview":"max-video-preview:-1"},"canonical":"https:\/\/www.amuz.krakow.pl\/letnia-akademia-muzyczna\/wykaz-kursow\/instrumenty-dete\/pawel-gusnar-saksofon\/","og_locale":"en_US","og_type":"article","og_title":"AMKP - Akademia Muzyczna im. Krzysztofa Pendereckiego w Krakowie","og_description":"Saxophonist, chamber musician, teacher, professor, Professor Habilitated Doctor of Musical Arts. He works at the Chopin University of Music (since 2003), where he has been Vice-Rector for Foreign Affairs since&hellip; Continue reading","og_url":"https:\/\/www.amuz.krakow.pl\/letnia-akademia-muzyczna\/wykaz-kursow\/instrumenty-dete\/pawel-gusnar-saksofon\/","og_site_name":"Akademia Muzyczna im. Krzysztofa Pendereckiego w Krakowie","article_publisher":"https:\/\/www.facebook.com\/amuz.krakow","article_modified_time":"2026-04-08T11:33:54+00:00","og_image":[{"width":2048,"height":2048,"url":"https:\/\/www.amuz.krakow.pl\/wp-content\/uploads\/2025\/03\/Pawel-Gusnar_fot-Lukasz-Dyczko-scaled.jpg","type":"image\/jpeg"}],"twitter_card":"summary_large_image","twitter_misc":{"Est. reading time":"4 minutes"},"schema":{"@context":"https:\/\/schema.org","@graph":[{"@type":"WebPage","@id":"https:\/\/www.amuz.krakow.pl\/letnia-akademia-muzyczna\/wykaz-kursow\/instrumenty-dete\/pawel-gusnar-saksofon\/","url":"https:\/\/www.amuz.krakow.pl\/letnia-akademia-muzyczna\/wykaz-kursow\/instrumenty-dete\/pawel-gusnar-saksofon\/","name":"AMKP - Akademia Muzyczna im. Krzysztofa Pendereckiego w Krakowie","isPartOf":{"@id":"https:\/\/www.amuz.krakow.pl\/#website"},"primaryImageOfPage":{"@id":"https:\/\/www.amuz.krakow.pl\/letnia-akademia-muzyczna\/wykaz-kursow\/instrumenty-dete\/pawel-gusnar-saksofon\/#primaryimage"},"image":{"@id":"https:\/\/www.amuz.krakow.pl\/letnia-akademia-muzyczna\/wykaz-kursow\/instrumenty-dete\/pawel-gusnar-saksofon\/#primaryimage"},"thumbnailUrl":"https:\/\/www.amuz.krakow.pl\/wp-content\/uploads\/2025\/03\/Pawel-Gusnar_fot-Lukasz-Dyczko-scaled.jpg","datePublished":"2025-03-19T14:46:44+00:00","dateModified":"2026-04-08T11:33:54+00:00","breadcrumb":{"@id":"https:\/\/www.amuz.krakow.pl\/letnia-akademia-muzyczna\/wykaz-kursow\/instrumenty-dete\/pawel-gusnar-saksofon\/#breadcrumb"},"inLanguage":"en-US","potentialAction":[{"@type":"ReadAction","target":["https:\/\/www.amuz.krakow.pl\/letnia-akademia-muzyczna\/wykaz-kursow\/instrumenty-dete\/pawel-gusnar-saksofon\/"]}]},{"@type":"ImageObject","inLanguage":"en-US","@id":"https:\/\/www.amuz.krakow.pl\/letnia-akademia-muzyczna\/wykaz-kursow\/instrumenty-dete\/pawel-gusnar-saksofon\/#primaryimage","url":"https:\/\/www.amuz.krakow.pl\/wp-content\/uploads\/2025\/03\/Pawel-Gusnar_fot-Lukasz-Dyczko-scaled.jpg","contentUrl":"https:\/\/www.amuz.krakow.pl\/wp-content\/uploads\/2025\/03\/Pawel-Gusnar_fot-Lukasz-Dyczko-scaled.jpg","width":2048,"height":2048,"caption":"fot. \u0141ukasz Dyczko"},{"@type":"BreadcrumbList","@id":"https:\/\/www.amuz.krakow.pl\/letnia-akademia-muzyczna\/wykaz-kursow\/instrumenty-dete\/pawel-gusnar-saksofon\/#breadcrumb","itemListElement":[{"@type":"ListItem","position":1,"name":"Strona g\u0142\u00f3wna","item":"https:\/\/www.amuz.krakow.pl\/"},{"@type":"ListItem","position":2,"name":"Letnia Akademia Muzyczna","item":"https:\/\/www.amuz.krakow.pl\/letnia-akademia-muzyczna\/"},{"@type":"ListItem","position":3,"name":"Wykaz kurs\u00f3w","item":"https:\/\/www.amuz.krakow.pl\/letnia-akademia-muzyczna\/wykaz-kursow\/"},{"@type":"ListItem","position":4,"name":"Instrumenty d\u0119te","item":"https:\/\/www.amuz.krakow.pl\/letnia-akademia-muzyczna\/wykaz-kursow\/instrumenty-dete\/"},{"@type":"ListItem","position":5,"name":"Pawe\u0142 Gusnar &#8211; saksofon"}]},{"@type":"WebSite","@id":"https:\/\/www.amuz.krakow.pl\/#website","url":"https:\/\/www.amuz.krakow.pl\/","name":"Akademia Muzyczna im. Krzysztofa Pendereckiego w Krakowie","description":"Oficjalna strona Akademii Muzycznej im. Krzysztofa Pendereckiego w Krakowie (AMKP).","publisher":{"@id":"https:\/\/www.amuz.krakow.pl\/#organization"},"alternateName":"AMKP","potentialAction":[{"@type":"SearchAction","target":{"@type":"EntryPoint","urlTemplate":"https:\/\/www.amuz.krakow.pl\/?s={search_term_string}"},"query-input":{"@type":"PropertyValueSpecification","valueRequired":true,"valueName":"search_term_string"}}],"inLanguage":"en-US"},{"@type":"Organization","@id":"https:\/\/www.amuz.krakow.pl\/#organization","name":"Akademia Muzyczna im. Krzysztofa Pendereckiego w Krakowie","alternateName":"AMKP","url":"https:\/\/www.amuz.krakow.pl\/","logo":{"@type":"ImageObject","inLanguage":"en-US","@id":"https:\/\/www.amuz.krakow.pl\/#\/schema\/logo\/image\/","url":"https:\/\/www.amuz.krakow.pl\/wp-content\/uploads\/2021\/11\/amkp.jpg","contentUrl":"https:\/\/www.amuz.krakow.pl\/wp-content\/uploads\/2021\/11\/amkp.jpg","width":1193,"height":591,"caption":"Akademia Muzyczna im. Krzysztofa Pendereckiego w Krakowie"},"image":{"@id":"https:\/\/www.amuz.krakow.pl\/#\/schema\/logo\/image\/"},"sameAs":["https:\/\/www.facebook.com\/amuz.krakow","https:\/\/www.instagram.com\/amkpenderecki\/","https:\/\/www.youtube.com\/@amkpenderecki4806"]}]}},"_links":{"self":[{"href":"https:\/\/www.amuz.krakow.pl\/en\/wp-json\/wp\/v2\/pages\/99312","targetHints":{"allow":["GET"]}}],"collection":[{"href":"https:\/\/www.amuz.krakow.pl\/en\/wp-json\/wp\/v2\/pages"}],"about":[{"href":"https:\/\/www.amuz.krakow.pl\/en\/wp-json\/wp\/v2\/types\/page"}],"author":[{"embeddable":true,"href":"https:\/\/www.amuz.krakow.pl\/en\/wp-json\/wp\/v2\/users\/72"}],"replies":[{"embeddable":true,"href":"https:\/\/www.amuz.krakow.pl\/en\/wp-json\/wp\/v2\/comments?post=99312"}],"version-history":[{"count":1,"href":"https:\/\/www.amuz.krakow.pl\/en\/wp-json\/wp\/v2\/pages\/99312\/revisions"}],"predecessor-version":[{"id":99314,"href":"https:\/\/www.amuz.krakow.pl\/en\/wp-json\/wp\/v2\/pages\/99312\/revisions\/99314"}],"up":[{"embeddable":true,"href":"https:\/\/www.amuz.krakow.pl\/en\/wp-json\/wp\/v2\/pages\/47055"}],"wp:featuredmedia":[{"embeddable":true,"href":"https:\/\/www.amuz.krakow.pl\/en\/wp-json\/wp\/v2\/media\/99313"}],"wp:attachment":[{"href":"https:\/\/www.amuz.krakow.pl\/en\/wp-json\/wp\/v2\/media?parent=99312"}],"curies":[{"name":"wp","href":"https:\/\/api.w.org\/{rel}","templated":true}]}}