{"id":98924,"date":"2025-03-18T14:12:01","date_gmt":"2025-03-18T13:12:01","guid":{"rendered":"https:\/\/www.amuz.krakow.pl\/?page_id=98924"},"modified":"2026-05-04T16:00:35","modified_gmt":"2026-05-04T14:00:35","slug":"adrian-nowak-harfa","status":"publish","type":"page","link":"https:\/\/www.amuz.krakow.pl\/en\/letnia-akademia-muzyczna\/wykaz-kursow\/instrumenty-smyczkowe\/adrian-nowak-harfa\/","title":{"rendered":"Adrian Nowak &#8211; harp"},"content":{"rendered":"<p><figure id=\"attachment_80722\" aria-describedby=\"caption-attachment-80722\" style=\"width: 437px\" class=\"wp-caption aligncenter\"><a href=\"https:\/\/www.amuz.krakow.pl\/wp-content\/uploads\/2023\/11\/Adrian-Nowak-fot.-Klaudyna-Schubert.jpg\" target=\"_blank\" rel=\"noopener\"><img loading=\"lazy\" decoding=\"async\" class=\"wp-image-80722 \" src=\"https:\/\/www.amuz.krakow.pl\/wp-content\/uploads\/2023\/11\/Adrian-Nowak-fot.-Klaudyna-Schubert-300x200.jpg\" alt=\"\" width=\"437\" height=\"291\" srcset=\"https:\/\/www.amuz.krakow.pl\/wp-content\/uploads\/2023\/11\/Adrian-Nowak-fot.-Klaudyna-Schubert-300x200.jpg 300w, https:\/\/www.amuz.krakow.pl\/wp-content\/uploads\/2023\/11\/Adrian-Nowak-fot.-Klaudyna-Schubert-768x512.jpg 768w, https:\/\/www.amuz.krakow.pl\/wp-content\/uploads\/2023\/11\/Adrian-Nowak-fot.-Klaudyna-Schubert-1536x1024.jpg 1536w, https:\/\/www.amuz.krakow.pl\/wp-content\/uploads\/2023\/11\/Adrian-Nowak-fot.-Klaudyna-Schubert.jpg 1920w\" sizes=\"auto, (max-width: 437px) 100vw, 437px\" \/><\/a><figcaption id=\"caption-attachment-80722\" class=\"wp-caption-text\">photo by Klaudyna Schubert<\/figcaption><\/figure><\/p>\n<p>Harpist, soloist, teacher, chamber, and orchestral musician. In 2019, he earned his master&#8217;s degree with distinction in harp performance under the guidance of Prof. Florence Sitruk and Dr. habil. Irena Czubek-Davidson at the Academy of Music in Krak\u00f3w. He further honed his skills through international studies at the Universit\u00e4t f\u00fcr Musik und darstellende Kunst in Graz (Prof. Margit S\u00fc\u00df-Schellenberger), Hochschule f\u00fcr Musik \u201cHanns Eisler\u201d in Berlin (Prof. Maria Graff), and the University of Music Brescia in Italy, where he undertook the Artist Diploma program.<\/p>\n<p>A participant in numerous masterclasses and international projects, he has worked with distinguished harpists such as Isabelle Moretti, Isabelle Perrin, and Arianna Savall. Since 2018, he has been consistently studying and collaborating with Rita Costanzi, whose artistic personality and unique musical interpretation have had a profound influence on his artistic growth and career.<\/p>\n<p>A laureate of prestigious solo and chamber music competitions, he has performed at esteemed venues, including the headquarters of the Polish National Radio Symphony Orchestra, the Lviv Opera House, and the Lviv Organ Hall. In 2019, he was featured at the 14th edition of the Santa Caterina Music Festival in Jaragu\u00e1 do Sul, Brazil. His festival appearances include Muzyka na Szczytach (Zakopane), Tyniec Chamber Recitals (Tyniec\/Krak\u00f3w), Arpa GRAZiosa (Graz, Austria), and the 10th Krak\u00f3w Musical Autumn. He also collaborates with numerous orchestras in Poland and abroad, including the Beethoven Academy Orchestra, Krak\u00f3w Philharmonic, Capella Cracoviensis, Sinfonietta Cracovia, and Brandenburgisches Staatsorchester Frankfurt.<\/p>\n<p>He is the founder and harpist of the Cracow Harp Quintet and the Mauris Ensemble, both dedicated to exploring and promoting chamber music featuring the harp. Passionate about contemporary music, he actively collaborates with Polish and international composers, premiering new solo, chamber, and orchestral works. His concert programs also feature his original collection of harp miniatures, Memoria Mea, presented both as solo and chamber performances. Beyond classical music, he engages in experimental and improvised music projects, including LIQUID\u2014a venture that blends improvisation, electronic, and avant-garde music.<\/p>","protected":false},"excerpt":{"rendered":"<p>Harpist, soloist, teacher, chamber, and orchestral musician. In 2019, he earned his master&#8217;s degree with distinction in harp performance under the guidance of Prof. Florence Sitruk and Dr. habil. Irena&hellip; <a href=\"https:\/\/www.amuz.krakow.pl\/en\/letnia-akademia-muzyczna\/wykaz-kursow\/instrumenty-smyczkowe\/adrian-nowak-harfa\/\">Continue reading<\/a><\/p>\n","protected":false},"author":72,"featured_media":80722,"parent":47052,"menu_order":0,"comment_status":"closed","ping_status":"closed","template":"","meta":{"footnotes":"","_links_to":"","_links_to_target":""},"class_list":["post-98924","page","type-page","status-publish","has-post-thumbnail","hentry"],"yoast_head":"<!-- This site is optimized with the Yoast SEO plugin v27.5 - https:\/\/yoast.com\/product\/yoast-seo-wordpress\/ -->\n<title>AMKP - Akademia Muzyczna im. Krzysztofa Pendereckiego w Krakowie<\/title>\n<meta name=\"robots\" content=\"index, follow, max-snippet:-1, max-image-preview:large, max-video-preview:-1\" \/>\n<link rel=\"canonical\" href=\"https:\/\/www.amuz.krakow.pl\/letnia-akademia-muzyczna\/wykaz-kursow\/instrumenty-smyczkowe\/adrian-nowak-harfa\/\" \/>\n<meta property=\"og:locale\" content=\"en_US\" \/>\n<meta property=\"og:type\" content=\"article\" \/>\n<meta property=\"og:title\" content=\"AMKP - Akademia Muzyczna im. Krzysztofa Pendereckiego w Krakowie\" \/>\n<meta property=\"og:description\" content=\"Harpist, soloist, teacher, chamber, and orchestral musician. In 2019, he earned his master&#8217;s degree with distinction in harp performance under the guidance of Prof. Florence Sitruk and Dr. habil. Irena&hellip; Continue reading\" \/>\n<meta property=\"og:url\" content=\"https:\/\/www.amuz.krakow.pl\/letnia-akademia-muzyczna\/wykaz-kursow\/instrumenty-smyczkowe\/adrian-nowak-harfa\/\" \/>\n<meta property=\"og:site_name\" content=\"Akademia Muzyczna im. Krzysztofa Pendereckiego w Krakowie\" \/>\n<meta property=\"article:publisher\" content=\"https:\/\/www.facebook.com\/amuz.krakow\" \/>\n<meta property=\"article:modified_time\" content=\"2026-05-04T14:00:35+00:00\" \/>\n<meta property=\"og:image\" content=\"https:\/\/www.amuz.krakow.pl\/wp-content\/uploads\/2023\/11\/Adrian-Nowak-fot.-Klaudyna-Schubert.jpg\" \/>\n\t<meta property=\"og:image:width\" content=\"1920\" \/>\n\t<meta property=\"og:image:height\" content=\"1280\" \/>\n\t<meta property=\"og:image:type\" content=\"image\/jpeg\" \/>\n<meta name=\"twitter:card\" content=\"summary_large_image\" \/>\n<meta name=\"twitter:label1\" content=\"Est. reading time\" \/>\n\t<meta name=\"twitter:data1\" content=\"3 minutes\" \/>\n<script type=\"application\/ld+json\" class=\"yoast-schema-graph\">{\"@context\":\"https:\\\/\\\/schema.org\",\"@graph\":[{\"@type\":\"WebPage\",\"@id\":\"https:\\\/\\\/www.amuz.krakow.pl\\\/letnia-akademia-muzyczna\\\/wykaz-kursow\\\/instrumenty-smyczkowe\\\/adrian-nowak-harfa\\\/\",\"url\":\"https:\\\/\\\/www.amuz.krakow.pl\\\/letnia-akademia-muzyczna\\\/wykaz-kursow\\\/instrumenty-smyczkowe\\\/adrian-nowak-harfa\\\/\",\"name\":\"AMKP - Akademia Muzyczna im. Krzysztofa Pendereckiego w Krakowie\",\"isPartOf\":{\"@id\":\"https:\\\/\\\/www.amuz.krakow.pl\\\/#website\"},\"primaryImageOfPage\":{\"@id\":\"https:\\\/\\\/www.amuz.krakow.pl\\\/letnia-akademia-muzyczna\\\/wykaz-kursow\\\/instrumenty-smyczkowe\\\/adrian-nowak-harfa\\\/#primaryimage\"},\"image\":{\"@id\":\"https:\\\/\\\/www.amuz.krakow.pl\\\/letnia-akademia-muzyczna\\\/wykaz-kursow\\\/instrumenty-smyczkowe\\\/adrian-nowak-harfa\\\/#primaryimage\"},\"thumbnailUrl\":\"https:\\\/\\\/www.amuz.krakow.pl\\\/wp-content\\\/uploads\\\/2023\\\/11\\\/Adrian-Nowak-fot.-Klaudyna-Schubert.jpg\",\"datePublished\":\"2025-03-18T13:12:01+00:00\",\"dateModified\":\"2026-05-04T14:00:35+00:00\",\"breadcrumb\":{\"@id\":\"https:\\\/\\\/www.amuz.krakow.pl\\\/letnia-akademia-muzyczna\\\/wykaz-kursow\\\/instrumenty-smyczkowe\\\/adrian-nowak-harfa\\\/#breadcrumb\"},\"inLanguage\":\"en-US\",\"potentialAction\":[{\"@type\":\"ReadAction\",\"target\":[\"https:\\\/\\\/www.amuz.krakow.pl\\\/letnia-akademia-muzyczna\\\/wykaz-kursow\\\/instrumenty-smyczkowe\\\/adrian-nowak-harfa\\\/\"]}]},{\"@type\":\"ImageObject\",\"inLanguage\":\"en-US\",\"@id\":\"https:\\\/\\\/www.amuz.krakow.pl\\\/letnia-akademia-muzyczna\\\/wykaz-kursow\\\/instrumenty-smyczkowe\\\/adrian-nowak-harfa\\\/#primaryimage\",\"url\":\"https:\\\/\\\/www.amuz.krakow.pl\\\/wp-content\\\/uploads\\\/2023\\\/11\\\/Adrian-Nowak-fot.-Klaudyna-Schubert.jpg\",\"contentUrl\":\"https:\\\/\\\/www.amuz.krakow.pl\\\/wp-content\\\/uploads\\\/2023\\\/11\\\/Adrian-Nowak-fot.-Klaudyna-Schubert.jpg\",\"width\":1920,\"height\":1280,\"caption\":\"fot. Klaudyna Schubert\"},{\"@type\":\"BreadcrumbList\",\"@id\":\"https:\\\/\\\/www.amuz.krakow.pl\\\/letnia-akademia-muzyczna\\\/wykaz-kursow\\\/instrumenty-smyczkowe\\\/adrian-nowak-harfa\\\/#breadcrumb\",\"itemListElement\":[{\"@type\":\"ListItem\",\"position\":1,\"name\":\"Strona g\u0142\u00f3wna\",\"item\":\"https:\\\/\\\/www.amuz.krakow.pl\\\/\"},{\"@type\":\"ListItem\",\"position\":2,\"name\":\"Letnia Akademia Muzyczna\",\"item\":\"https:\\\/\\\/www.amuz.krakow.pl\\\/letnia-akademia-muzyczna\\\/\"},{\"@type\":\"ListItem\",\"position\":3,\"name\":\"Wykaz kurs\u00f3w\",\"item\":\"https:\\\/\\\/www.amuz.krakow.pl\\\/letnia-akademia-muzyczna\\\/wykaz-kursow\\\/\"},{\"@type\":\"ListItem\",\"position\":4,\"name\":\"Instrumenty strunowe\",\"item\":\"https:\\\/\\\/www.amuz.krakow.pl\\\/letnia-akademia-muzyczna\\\/wykaz-kursow\\\/instrumenty-smyczkowe\\\/\"},{\"@type\":\"ListItem\",\"position\":5,\"name\":\"Adrian Nowak &#8211; harfa\"}]},{\"@type\":\"WebSite\",\"@id\":\"https:\\\/\\\/www.amuz.krakow.pl\\\/#website\",\"url\":\"https:\\\/\\\/www.amuz.krakow.pl\\\/\",\"name\":\"Akademia Muzyczna im. Krzysztofa Pendereckiego w Krakowie\",\"description\":\"Oficjalna strona Akademii Muzycznej im. Krzysztofa Pendereckiego w Krakowie (AMKP).\",\"publisher\":{\"@id\":\"https:\\\/\\\/www.amuz.krakow.pl\\\/#organization\"},\"alternateName\":\"AMKP\",\"potentialAction\":[{\"@type\":\"SearchAction\",\"target\":{\"@type\":\"EntryPoint\",\"urlTemplate\":\"https:\\\/\\\/www.amuz.krakow.pl\\\/?s={search_term_string}\"},\"query-input\":{\"@type\":\"PropertyValueSpecification\",\"valueRequired\":true,\"valueName\":\"search_term_string\"}}],\"inLanguage\":\"en-US\"},{\"@type\":\"Organization\",\"@id\":\"https:\\\/\\\/www.amuz.krakow.pl\\\/#organization\",\"name\":\"Akademia Muzyczna im. Krzysztofa Pendereckiego w Krakowie\",\"alternateName\":\"AMKP\",\"url\":\"https:\\\/\\\/www.amuz.krakow.pl\\\/\",\"logo\":{\"@type\":\"ImageObject\",\"inLanguage\":\"en-US\",\"@id\":\"https:\\\/\\\/www.amuz.krakow.pl\\\/#\\\/schema\\\/logo\\\/image\\\/\",\"url\":\"https:\\\/\\\/www.amuz.krakow.pl\\\/wp-content\\\/uploads\\\/2021\\\/11\\\/amkp.jpg\",\"contentUrl\":\"https:\\\/\\\/www.amuz.krakow.pl\\\/wp-content\\\/uploads\\\/2021\\\/11\\\/amkp.jpg\",\"width\":1193,\"height\":591,\"caption\":\"Akademia Muzyczna im. Krzysztofa Pendereckiego w Krakowie\"},\"image\":{\"@id\":\"https:\\\/\\\/www.amuz.krakow.pl\\\/#\\\/schema\\\/logo\\\/image\\\/\"},\"sameAs\":[\"https:\\\/\\\/www.facebook.com\\\/amuz.krakow\",\"https:\\\/\\\/www.instagram.com\\\/amkpenderecki\\\/\",\"https:\\\/\\\/www.youtube.com\\\/@amkpenderecki4806\"]}]}<\/script>\n<!-- \/ Yoast SEO plugin. -->","yoast_head_json":{"title":"AMKP - Akademia Muzyczna im. Krzysztofa Pendereckiego w Krakowie","robots":{"index":"index","follow":"follow","max-snippet":"max-snippet:-1","max-image-preview":"max-image-preview:large","max-video-preview":"max-video-preview:-1"},"canonical":"https:\/\/www.amuz.krakow.pl\/letnia-akademia-muzyczna\/wykaz-kursow\/instrumenty-smyczkowe\/adrian-nowak-harfa\/","og_locale":"en_US","og_type":"article","og_title":"AMKP - Akademia Muzyczna im. Krzysztofa Pendereckiego w Krakowie","og_description":"Harpist, soloist, teacher, chamber, and orchestral musician. In 2019, he earned his master&#8217;s degree with distinction in harp performance under the guidance of Prof. Florence Sitruk and Dr. habil. Irena&hellip; Continue reading","og_url":"https:\/\/www.amuz.krakow.pl\/letnia-akademia-muzyczna\/wykaz-kursow\/instrumenty-smyczkowe\/adrian-nowak-harfa\/","og_site_name":"Akademia Muzyczna im. Krzysztofa Pendereckiego w Krakowie","article_publisher":"https:\/\/www.facebook.com\/amuz.krakow","article_modified_time":"2026-05-04T14:00:35+00:00","og_image":[{"width":1920,"height":1280,"url":"https:\/\/www.amuz.krakow.pl\/wp-content\/uploads\/2023\/11\/Adrian-Nowak-fot.-Klaudyna-Schubert.jpg","type":"image\/jpeg"}],"twitter_card":"summary_large_image","twitter_misc":{"Est. reading time":"3 minutes"},"schema":{"@context":"https:\/\/schema.org","@graph":[{"@type":"WebPage","@id":"https:\/\/www.amuz.krakow.pl\/letnia-akademia-muzyczna\/wykaz-kursow\/instrumenty-smyczkowe\/adrian-nowak-harfa\/","url":"https:\/\/www.amuz.krakow.pl\/letnia-akademia-muzyczna\/wykaz-kursow\/instrumenty-smyczkowe\/adrian-nowak-harfa\/","name":"AMKP - Akademia Muzyczna im. Krzysztofa Pendereckiego w Krakowie","isPartOf":{"@id":"https:\/\/www.amuz.krakow.pl\/#website"},"primaryImageOfPage":{"@id":"https:\/\/www.amuz.krakow.pl\/letnia-akademia-muzyczna\/wykaz-kursow\/instrumenty-smyczkowe\/adrian-nowak-harfa\/#primaryimage"},"image":{"@id":"https:\/\/www.amuz.krakow.pl\/letnia-akademia-muzyczna\/wykaz-kursow\/instrumenty-smyczkowe\/adrian-nowak-harfa\/#primaryimage"},"thumbnailUrl":"https:\/\/www.amuz.krakow.pl\/wp-content\/uploads\/2023\/11\/Adrian-Nowak-fot.-Klaudyna-Schubert.jpg","datePublished":"2025-03-18T13:12:01+00:00","dateModified":"2026-05-04T14:00:35+00:00","breadcrumb":{"@id":"https:\/\/www.amuz.krakow.pl\/letnia-akademia-muzyczna\/wykaz-kursow\/instrumenty-smyczkowe\/adrian-nowak-harfa\/#breadcrumb"},"inLanguage":"en-US","potentialAction":[{"@type":"ReadAction","target":["https:\/\/www.amuz.krakow.pl\/letnia-akademia-muzyczna\/wykaz-kursow\/instrumenty-smyczkowe\/adrian-nowak-harfa\/"]}]},{"@type":"ImageObject","inLanguage":"en-US","@id":"https:\/\/www.amuz.krakow.pl\/letnia-akademia-muzyczna\/wykaz-kursow\/instrumenty-smyczkowe\/adrian-nowak-harfa\/#primaryimage","url":"https:\/\/www.amuz.krakow.pl\/wp-content\/uploads\/2023\/11\/Adrian-Nowak-fot.-Klaudyna-Schubert.jpg","contentUrl":"https:\/\/www.amuz.krakow.pl\/wp-content\/uploads\/2023\/11\/Adrian-Nowak-fot.-Klaudyna-Schubert.jpg","width":1920,"height":1280,"caption":"fot. Klaudyna Schubert"},{"@type":"BreadcrumbList","@id":"https:\/\/www.amuz.krakow.pl\/letnia-akademia-muzyczna\/wykaz-kursow\/instrumenty-smyczkowe\/adrian-nowak-harfa\/#breadcrumb","itemListElement":[{"@type":"ListItem","position":1,"name":"Strona g\u0142\u00f3wna","item":"https:\/\/www.amuz.krakow.pl\/"},{"@type":"ListItem","position":2,"name":"Letnia Akademia Muzyczna","item":"https:\/\/www.amuz.krakow.pl\/letnia-akademia-muzyczna\/"},{"@type":"ListItem","position":3,"name":"Wykaz kurs\u00f3w","item":"https:\/\/www.amuz.krakow.pl\/letnia-akademia-muzyczna\/wykaz-kursow\/"},{"@type":"ListItem","position":4,"name":"Instrumenty strunowe","item":"https:\/\/www.amuz.krakow.pl\/letnia-akademia-muzyczna\/wykaz-kursow\/instrumenty-smyczkowe\/"},{"@type":"ListItem","position":5,"name":"Adrian Nowak &#8211; harfa"}]},{"@type":"WebSite","@id":"https:\/\/www.amuz.krakow.pl\/#website","url":"https:\/\/www.amuz.krakow.pl\/","name":"Akademia Muzyczna im. Krzysztofa Pendereckiego w Krakowie","description":"Oficjalna strona Akademii Muzycznej im. Krzysztofa Pendereckiego w Krakowie (AMKP).","publisher":{"@id":"https:\/\/www.amuz.krakow.pl\/#organization"},"alternateName":"AMKP","potentialAction":[{"@type":"SearchAction","target":{"@type":"EntryPoint","urlTemplate":"https:\/\/www.amuz.krakow.pl\/?s={search_term_string}"},"query-input":{"@type":"PropertyValueSpecification","valueRequired":true,"valueName":"search_term_string"}}],"inLanguage":"en-US"},{"@type":"Organization","@id":"https:\/\/www.amuz.krakow.pl\/#organization","name":"Akademia Muzyczna im. Krzysztofa Pendereckiego w Krakowie","alternateName":"AMKP","url":"https:\/\/www.amuz.krakow.pl\/","logo":{"@type":"ImageObject","inLanguage":"en-US","@id":"https:\/\/www.amuz.krakow.pl\/#\/schema\/logo\/image\/","url":"https:\/\/www.amuz.krakow.pl\/wp-content\/uploads\/2021\/11\/amkp.jpg","contentUrl":"https:\/\/www.amuz.krakow.pl\/wp-content\/uploads\/2021\/11\/amkp.jpg","width":1193,"height":591,"caption":"Akademia Muzyczna im. Krzysztofa Pendereckiego w Krakowie"},"image":{"@id":"https:\/\/www.amuz.krakow.pl\/#\/schema\/logo\/image\/"},"sameAs":["https:\/\/www.facebook.com\/amuz.krakow","https:\/\/www.instagram.com\/amkpenderecki\/","https:\/\/www.youtube.com\/@amkpenderecki4806"]}]}},"_links":{"self":[{"href":"https:\/\/www.amuz.krakow.pl\/en\/wp-json\/wp\/v2\/pages\/98924","targetHints":{"allow":["GET"]}}],"collection":[{"href":"https:\/\/www.amuz.krakow.pl\/en\/wp-json\/wp\/v2\/pages"}],"about":[{"href":"https:\/\/www.amuz.krakow.pl\/en\/wp-json\/wp\/v2\/types\/page"}],"author":[{"embeddable":true,"href":"https:\/\/www.amuz.krakow.pl\/en\/wp-json\/wp\/v2\/users\/72"}],"replies":[{"embeddable":true,"href":"https:\/\/www.amuz.krakow.pl\/en\/wp-json\/wp\/v2\/comments?post=98924"}],"version-history":[{"count":2,"href":"https:\/\/www.amuz.krakow.pl\/en\/wp-json\/wp\/v2\/pages\/98924\/revisions"}],"predecessor-version":[{"id":99306,"href":"https:\/\/www.amuz.krakow.pl\/en\/wp-json\/wp\/v2\/pages\/98924\/revisions\/99306"}],"up":[{"embeddable":true,"href":"https:\/\/www.amuz.krakow.pl\/en\/wp-json\/wp\/v2\/pages\/47052"}],"wp:featuredmedia":[{"embeddable":true,"href":"https:\/\/www.amuz.krakow.pl\/en\/wp-json\/wp\/v2\/media\/80722"}],"wp:attachment":[{"href":"https:\/\/www.amuz.krakow.pl\/en\/wp-json\/wp\/v2\/media?parent=98924"}],"curies":[{"name":"wp","href":"https:\/\/api.w.org\/{rel}","templated":true}]}}