{"id":98900,"date":"2025-03-18T13:28:06","date_gmt":"2025-03-18T12:28:06","guid":{"rendered":"https:\/\/www.amuz.krakow.pl\/?page_id=98900"},"modified":"2026-04-01T15:57:32","modified_gmt":"2026-04-01T13:57:32","slug":"urszula-kryger-spiew","status":"publish","type":"page","link":"https:\/\/www.amuz.krakow.pl\/en\/letnia-akademia-muzyczna\/wykaz-kursow\/wokalistyka\/urszula-kryger-spiew\/","title":{"rendered":"Urszula Kryger &#8211; vocal"},"content":{"rendered":"<p><figure id=\"attachment_101376\" aria-describedby=\"caption-attachment-101376\" style=\"width: 450px\" class=\"wp-caption aligncenter\"><a href=\"https:\/\/www.amuz.krakow.pl\/wp-content\/uploads\/2025\/04\/Urszula-Kryger-foto_fot.Bartek-Barczyk.jpg\" target=\"_blank\" rel=\"noopener\"><img loading=\"lazy\" decoding=\"async\" class=\"wp-image-101376 \" src=\"https:\/\/www.amuz.krakow.pl\/wp-content\/uploads\/2025\/04\/Urszula-Kryger-foto_fot.Bartek-Barczyk-300x200.jpg\" alt=\"\" width=\"450\" height=\"300\" srcset=\"https:\/\/www.amuz.krakow.pl\/wp-content\/uploads\/2025\/04\/Urszula-Kryger-foto_fot.Bartek-Barczyk-300x200.jpg 300w, https:\/\/www.amuz.krakow.pl\/wp-content\/uploads\/2025\/04\/Urszula-Kryger-foto_fot.Bartek-Barczyk-768x512.jpg 768w, https:\/\/www.amuz.krakow.pl\/wp-content\/uploads\/2025\/04\/Urszula-Kryger-foto_fot.Bartek-Barczyk.jpg 1500w\" sizes=\"auto, (max-width: 450px) 100vw, 450px\" \/><\/a><figcaption id=\"caption-attachment-101376\" class=\"wp-caption-text\">photo by Bartek Barczyk<\/figcaption><\/figure><\/p>\n<p><em>Mezzosoprano.<\/em><\/p>\n<p>She is one of the most distinguished Polish singers. She is a graduate of Gra\u017cyna and Kiejstut Bacewicz Music Academy in \u0141\u00f3d\u017a with degrees both in piano and vocal studies.<\/p>\n<p>She competed in many international music competitions winning the highest awards. Her greatest successes include the first prizes in the 1st Stanis\u0142aw Moniuszko International Vocal Competition in Warsaw (1992), the 6th Johannes Brahms International Vocal Competition in Hamburg (1994) and the 43rd International ARD Music Competition in Munich (1994). Since then her career has been followed by music lovers and critics alike with unwavering interest.<\/p>\n<p>In 1995 she gave a recital of Fr\u00e9d\u00e9ric Chopin&#8217;s songs at La Scala. A year later, she debuted with great success in the role of Angelina in Gioacchino Rossini\u2019s <em>La Cenerentola<\/em> on the stage of the Semperoper in Dresden. Audiences in Poland and in many countries around the world have often had the opportunity to admire her highly acclaimed interpretations in oratorios performed under the baton of such outstanding maestros as Jan Krenz, Jerzy Semkow, Rafael Fr\u00fchbeck de Burgos, Sir Colin Davis and Armin Jordan.<\/p>\n<p>She pays particular attention to chamber music \u2013 her art of lied interpretation blends perfection with remarkable naturalness. This rare combination has been highly appreciated by outstanding musicians who have shared the stage with her such as the pianists Hartmut H\u00f6ll, Charles Spencer, Melvyn Tan and Pascal Rog\u00e9, the clarinetist Paul Meyer, as well as Tokyo String Quartet and Petersen Quartet.<\/p>\n<p>Urszula Kryger has made several recordings for radio stations and record companies including Decca (Poulenc&#8217;s<em> Polish Songs<\/em>), Hyperion (<em>Chopin&#8217;s Songs<\/em>), CPO (<em>L\u00f6we&#8217;s Ballads<\/em>), DUX (<em>Russian Duets<\/em> \u2013 Polish Music Industry Award \u2013 Fryderyk 2001, <em>Songs by Moniuszko, Kar\u0142owicz and Szymanowski<\/em> \u2013 Fryderyk 2002, <em>Songs by \u017bele\u0144ski<\/em> \u2013 Fryderyk 2012, <em>Slavic Duets, German Duets, G\u00f3recki &#8211;<\/em> Songs \u2013 Fryderyk 2021), BNL (<em>Beethoven&#8217;s Arias<\/em>), NAXOS (<em>Lutos\u0142awski&#8217;s Songs<\/em>), Channel Classics (<em>Szymanowski Complete Songs<\/em> \u2013 Fryderyk 2004), the Polish Radio (<em>K<\/em><em>arol <\/em><em>Szymanowski \u2013 Songs with Orchestra<\/em>), NInA (Pawe\u0142 Mykietyn \u2013 <em>The Passion of St. Mark<\/em>), Anaklasis (Aleksander Nowak <em>Ahat-il\u012b \u2013 <\/em><em>Sister of Gods<\/em> \u2013 Fryderyk 2021), SPMK (\u017belenski \u2013 Fryderyk 2024, R\u00f3\u017cycki \u2013 Songs \u2013 Fryderyk 2025).<\/p>\n<p>The artist has also received the Karol Szymanowski Foundation award in appreciation of her thoughtful and highly artistic interpretations of the composer&#8217;s songs.<\/p>\n<p>Urszula Kryger is also a teacher. She gives numerous masterclasses and is a professor at the Gra\u017cyna and Kiejstut Bacewicz Music Academy in \u0141\u00f3d\u017a.<\/p>","protected":false},"excerpt":{"rendered":"<p>Mezzosoprano. She is one of the most distinguished Polish singers. She is a graduate of Gra\u017cyna and Kiejstut Bacewicz Music Academy in \u0141\u00f3d\u017a with degrees both in piano and vocal&hellip; <a href=\"https:\/\/www.amuz.krakow.pl\/en\/letnia-akademia-muzyczna\/wykaz-kursow\/wokalistyka\/urszula-kryger-spiew\/\">Continue reading<\/a><\/p>\n","protected":false},"author":72,"featured_media":101376,"parent":47059,"menu_order":-1,"comment_status":"closed","ping_status":"closed","template":"","meta":{"footnotes":"","_links_to":"","_links_to_target":""},"class_list":["post-98900","page","type-page","status-publish","has-post-thumbnail","hentry"],"yoast_head":"<!-- This site is optimized with the Yoast SEO plugin v27.4 - https:\/\/yoast.com\/product\/yoast-seo-wordpress\/ -->\n<title>AMKP - Akademia Muzyczna im. Krzysztofa Pendereckiego w Krakowie<\/title>\n<meta name=\"robots\" content=\"index, follow, max-snippet:-1, max-image-preview:large, max-video-preview:-1\" \/>\n<link rel=\"canonical\" href=\"https:\/\/www.amuz.krakow.pl\/letnia-akademia-muzyczna\/wykaz-kursow\/wokalistyka\/urszula-kryger-spiew\/\" \/>\n<meta property=\"og:locale\" content=\"en_US\" \/>\n<meta property=\"og:type\" content=\"article\" \/>\n<meta property=\"og:title\" content=\"AMKP - Akademia Muzyczna im. Krzysztofa Pendereckiego w Krakowie\" \/>\n<meta property=\"og:description\" content=\"Mezzosoprano. She is one of the most distinguished Polish singers. She is a graduate of Gra\u017cyna and Kiejstut Bacewicz Music Academy in \u0141\u00f3d\u017a with degrees both in piano and vocal&hellip; Continue reading\" \/>\n<meta property=\"og:url\" content=\"https:\/\/www.amuz.krakow.pl\/letnia-akademia-muzyczna\/wykaz-kursow\/wokalistyka\/urszula-kryger-spiew\/\" \/>\n<meta property=\"og:site_name\" content=\"Akademia Muzyczna im. Krzysztofa Pendereckiego w Krakowie\" \/>\n<meta property=\"article:publisher\" content=\"https:\/\/www.facebook.com\/amuz.krakow\" \/>\n<meta property=\"article:modified_time\" content=\"2026-04-01T13:57:32+00:00\" \/>\n<meta property=\"og:image\" content=\"https:\/\/www.amuz.krakow.pl\/wp-content\/uploads\/2025\/04\/Urszula-Kryger-foto_fot.Bartek-Barczyk.jpg\" \/>\n\t<meta property=\"og:image:width\" content=\"1500\" \/>\n\t<meta property=\"og:image:height\" content=\"1000\" \/>\n\t<meta property=\"og:image:type\" content=\"image\/jpeg\" \/>\n<meta name=\"twitter:card\" content=\"summary_large_image\" \/>\n<meta name=\"twitter:label1\" content=\"Est. reading time\" \/>\n\t<meta name=\"twitter:data1\" content=\"3 minutes\" \/>\n<script type=\"application\/ld+json\" class=\"yoast-schema-graph\">{\"@context\":\"https:\\\/\\\/schema.org\",\"@graph\":[{\"@type\":\"WebPage\",\"@id\":\"https:\\\/\\\/www.amuz.krakow.pl\\\/letnia-akademia-muzyczna\\\/wykaz-kursow\\\/wokalistyka\\\/urszula-kryger-spiew\\\/\",\"url\":\"https:\\\/\\\/www.amuz.krakow.pl\\\/letnia-akademia-muzyczna\\\/wykaz-kursow\\\/wokalistyka\\\/urszula-kryger-spiew\\\/\",\"name\":\"AMKP - Akademia Muzyczna im. Krzysztofa Pendereckiego w Krakowie\",\"isPartOf\":{\"@id\":\"https:\\\/\\\/www.amuz.krakow.pl\\\/#website\"},\"primaryImageOfPage\":{\"@id\":\"https:\\\/\\\/www.amuz.krakow.pl\\\/letnia-akademia-muzyczna\\\/wykaz-kursow\\\/wokalistyka\\\/urszula-kryger-spiew\\\/#primaryimage\"},\"image\":{\"@id\":\"https:\\\/\\\/www.amuz.krakow.pl\\\/letnia-akademia-muzyczna\\\/wykaz-kursow\\\/wokalistyka\\\/urszula-kryger-spiew\\\/#primaryimage\"},\"thumbnailUrl\":\"https:\\\/\\\/www.amuz.krakow.pl\\\/wp-content\\\/uploads\\\/2025\\\/04\\\/Urszula-Kryger-foto_fot.Bartek-Barczyk.jpg\",\"datePublished\":\"2025-03-18T12:28:06+00:00\",\"dateModified\":\"2026-04-01T13:57:32+00:00\",\"breadcrumb\":{\"@id\":\"https:\\\/\\\/www.amuz.krakow.pl\\\/letnia-akademia-muzyczna\\\/wykaz-kursow\\\/wokalistyka\\\/urszula-kryger-spiew\\\/#breadcrumb\"},\"inLanguage\":\"en-US\",\"potentialAction\":[{\"@type\":\"ReadAction\",\"target\":[\"https:\\\/\\\/www.amuz.krakow.pl\\\/letnia-akademia-muzyczna\\\/wykaz-kursow\\\/wokalistyka\\\/urszula-kryger-spiew\\\/\"]}]},{\"@type\":\"ImageObject\",\"inLanguage\":\"en-US\",\"@id\":\"https:\\\/\\\/www.amuz.krakow.pl\\\/letnia-akademia-muzyczna\\\/wykaz-kursow\\\/wokalistyka\\\/urszula-kryger-spiew\\\/#primaryimage\",\"url\":\"https:\\\/\\\/www.amuz.krakow.pl\\\/wp-content\\\/uploads\\\/2025\\\/04\\\/Urszula-Kryger-foto_fot.Bartek-Barczyk.jpg\",\"contentUrl\":\"https:\\\/\\\/www.amuz.krakow.pl\\\/wp-content\\\/uploads\\\/2025\\\/04\\\/Urszula-Kryger-foto_fot.Bartek-Barczyk.jpg\",\"width\":1500,\"height\":1000},{\"@type\":\"BreadcrumbList\",\"@id\":\"https:\\\/\\\/www.amuz.krakow.pl\\\/letnia-akademia-muzyczna\\\/wykaz-kursow\\\/wokalistyka\\\/urszula-kryger-spiew\\\/#breadcrumb\",\"itemListElement\":[{\"@type\":\"ListItem\",\"position\":1,\"name\":\"Strona g\u0142\u00f3wna\",\"item\":\"https:\\\/\\\/www.amuz.krakow.pl\\\/\"},{\"@type\":\"ListItem\",\"position\":2,\"name\":\"Letnia Akademia Muzyczna\",\"item\":\"https:\\\/\\\/www.amuz.krakow.pl\\\/letnia-akademia-muzyczna\\\/\"},{\"@type\":\"ListItem\",\"position\":3,\"name\":\"Wykaz kurs\u00f3w\",\"item\":\"https:\\\/\\\/www.amuz.krakow.pl\\\/letnia-akademia-muzyczna\\\/wykaz-kursow\\\/\"},{\"@type\":\"ListItem\",\"position\":4,\"name\":\"Wokalistyka\",\"item\":\"https:\\\/\\\/www.amuz.krakow.pl\\\/letnia-akademia-muzyczna\\\/wykaz-kursow\\\/wokalistyka\\\/\"},{\"@type\":\"ListItem\",\"position\":5,\"name\":\"Urszula Kryger &#8211; \u015bpiew\"}]},{\"@type\":\"WebSite\",\"@id\":\"https:\\\/\\\/www.amuz.krakow.pl\\\/#website\",\"url\":\"https:\\\/\\\/www.amuz.krakow.pl\\\/\",\"name\":\"Akademia Muzyczna im. Krzysztofa Pendereckiego w Krakowie\",\"description\":\"Oficjalna strona Akademii Muzycznej im. Krzysztofa Pendereckiego w Krakowie (AMKP).\",\"publisher\":{\"@id\":\"https:\\\/\\\/www.amuz.krakow.pl\\\/#organization\"},\"alternateName\":\"AMKP\",\"potentialAction\":[{\"@type\":\"SearchAction\",\"target\":{\"@type\":\"EntryPoint\",\"urlTemplate\":\"https:\\\/\\\/www.amuz.krakow.pl\\\/?s={search_term_string}\"},\"query-input\":{\"@type\":\"PropertyValueSpecification\",\"valueRequired\":true,\"valueName\":\"search_term_string\"}}],\"inLanguage\":\"en-US\"},{\"@type\":\"Organization\",\"@id\":\"https:\\\/\\\/www.amuz.krakow.pl\\\/#organization\",\"name\":\"Akademia Muzyczna im. Krzysztofa Pendereckiego w Krakowie\",\"alternateName\":\"AMKP\",\"url\":\"https:\\\/\\\/www.amuz.krakow.pl\\\/\",\"logo\":{\"@type\":\"ImageObject\",\"inLanguage\":\"en-US\",\"@id\":\"https:\\\/\\\/www.amuz.krakow.pl\\\/#\\\/schema\\\/logo\\\/image\\\/\",\"url\":\"https:\\\/\\\/www.amuz.krakow.pl\\\/wp-content\\\/uploads\\\/2021\\\/11\\\/amkp.jpg\",\"contentUrl\":\"https:\\\/\\\/www.amuz.krakow.pl\\\/wp-content\\\/uploads\\\/2021\\\/11\\\/amkp.jpg\",\"width\":1193,\"height\":591,\"caption\":\"Akademia Muzyczna im. Krzysztofa Pendereckiego w Krakowie\"},\"image\":{\"@id\":\"https:\\\/\\\/www.amuz.krakow.pl\\\/#\\\/schema\\\/logo\\\/image\\\/\"},\"sameAs\":[\"https:\\\/\\\/www.facebook.com\\\/amuz.krakow\",\"https:\\\/\\\/www.instagram.com\\\/amkpenderecki\\\/\",\"https:\\\/\\\/www.youtube.com\\\/@amkpenderecki4806\"]}]}<\/script>\n<!-- \/ Yoast SEO plugin. -->","yoast_head_json":{"title":"AMKP - Akademia Muzyczna im. Krzysztofa Pendereckiego w Krakowie","robots":{"index":"index","follow":"follow","max-snippet":"max-snippet:-1","max-image-preview":"max-image-preview:large","max-video-preview":"max-video-preview:-1"},"canonical":"https:\/\/www.amuz.krakow.pl\/letnia-akademia-muzyczna\/wykaz-kursow\/wokalistyka\/urszula-kryger-spiew\/","og_locale":"en_US","og_type":"article","og_title":"AMKP - Akademia Muzyczna im. Krzysztofa Pendereckiego w Krakowie","og_description":"Mezzosoprano. She is one of the most distinguished Polish singers. She is a graduate of Gra\u017cyna and Kiejstut Bacewicz Music Academy in \u0141\u00f3d\u017a with degrees both in piano and vocal&hellip; Continue reading","og_url":"https:\/\/www.amuz.krakow.pl\/letnia-akademia-muzyczna\/wykaz-kursow\/wokalistyka\/urszula-kryger-spiew\/","og_site_name":"Akademia Muzyczna im. Krzysztofa Pendereckiego w Krakowie","article_publisher":"https:\/\/www.facebook.com\/amuz.krakow","article_modified_time":"2026-04-01T13:57:32+00:00","og_image":[{"width":1500,"height":1000,"url":"https:\/\/www.amuz.krakow.pl\/wp-content\/uploads\/2025\/04\/Urszula-Kryger-foto_fot.Bartek-Barczyk.jpg","type":"image\/jpeg"}],"twitter_card":"summary_large_image","twitter_misc":{"Est. reading time":"3 minutes"},"schema":{"@context":"https:\/\/schema.org","@graph":[{"@type":"WebPage","@id":"https:\/\/www.amuz.krakow.pl\/letnia-akademia-muzyczna\/wykaz-kursow\/wokalistyka\/urszula-kryger-spiew\/","url":"https:\/\/www.amuz.krakow.pl\/letnia-akademia-muzyczna\/wykaz-kursow\/wokalistyka\/urszula-kryger-spiew\/","name":"AMKP - Akademia Muzyczna im. Krzysztofa Pendereckiego w Krakowie","isPartOf":{"@id":"https:\/\/www.amuz.krakow.pl\/#website"},"primaryImageOfPage":{"@id":"https:\/\/www.amuz.krakow.pl\/letnia-akademia-muzyczna\/wykaz-kursow\/wokalistyka\/urszula-kryger-spiew\/#primaryimage"},"image":{"@id":"https:\/\/www.amuz.krakow.pl\/letnia-akademia-muzyczna\/wykaz-kursow\/wokalistyka\/urszula-kryger-spiew\/#primaryimage"},"thumbnailUrl":"https:\/\/www.amuz.krakow.pl\/wp-content\/uploads\/2025\/04\/Urszula-Kryger-foto_fot.Bartek-Barczyk.jpg","datePublished":"2025-03-18T12:28:06+00:00","dateModified":"2026-04-01T13:57:32+00:00","breadcrumb":{"@id":"https:\/\/www.amuz.krakow.pl\/letnia-akademia-muzyczna\/wykaz-kursow\/wokalistyka\/urszula-kryger-spiew\/#breadcrumb"},"inLanguage":"en-US","potentialAction":[{"@type":"ReadAction","target":["https:\/\/www.amuz.krakow.pl\/letnia-akademia-muzyczna\/wykaz-kursow\/wokalistyka\/urszula-kryger-spiew\/"]}]},{"@type":"ImageObject","inLanguage":"en-US","@id":"https:\/\/www.amuz.krakow.pl\/letnia-akademia-muzyczna\/wykaz-kursow\/wokalistyka\/urszula-kryger-spiew\/#primaryimage","url":"https:\/\/www.amuz.krakow.pl\/wp-content\/uploads\/2025\/04\/Urszula-Kryger-foto_fot.Bartek-Barczyk.jpg","contentUrl":"https:\/\/www.amuz.krakow.pl\/wp-content\/uploads\/2025\/04\/Urszula-Kryger-foto_fot.Bartek-Barczyk.jpg","width":1500,"height":1000},{"@type":"BreadcrumbList","@id":"https:\/\/www.amuz.krakow.pl\/letnia-akademia-muzyczna\/wykaz-kursow\/wokalistyka\/urszula-kryger-spiew\/#breadcrumb","itemListElement":[{"@type":"ListItem","position":1,"name":"Strona g\u0142\u00f3wna","item":"https:\/\/www.amuz.krakow.pl\/"},{"@type":"ListItem","position":2,"name":"Letnia Akademia Muzyczna","item":"https:\/\/www.amuz.krakow.pl\/letnia-akademia-muzyczna\/"},{"@type":"ListItem","position":3,"name":"Wykaz kurs\u00f3w","item":"https:\/\/www.amuz.krakow.pl\/letnia-akademia-muzyczna\/wykaz-kursow\/"},{"@type":"ListItem","position":4,"name":"Wokalistyka","item":"https:\/\/www.amuz.krakow.pl\/letnia-akademia-muzyczna\/wykaz-kursow\/wokalistyka\/"},{"@type":"ListItem","position":5,"name":"Urszula Kryger &#8211; \u015bpiew"}]},{"@type":"WebSite","@id":"https:\/\/www.amuz.krakow.pl\/#website","url":"https:\/\/www.amuz.krakow.pl\/","name":"Akademia Muzyczna im. Krzysztofa Pendereckiego w Krakowie","description":"Oficjalna strona Akademii Muzycznej im. Krzysztofa Pendereckiego w Krakowie (AMKP).","publisher":{"@id":"https:\/\/www.amuz.krakow.pl\/#organization"},"alternateName":"AMKP","potentialAction":[{"@type":"SearchAction","target":{"@type":"EntryPoint","urlTemplate":"https:\/\/www.amuz.krakow.pl\/?s={search_term_string}"},"query-input":{"@type":"PropertyValueSpecification","valueRequired":true,"valueName":"search_term_string"}}],"inLanguage":"en-US"},{"@type":"Organization","@id":"https:\/\/www.amuz.krakow.pl\/#organization","name":"Akademia Muzyczna im. Krzysztofa Pendereckiego w Krakowie","alternateName":"AMKP","url":"https:\/\/www.amuz.krakow.pl\/","logo":{"@type":"ImageObject","inLanguage":"en-US","@id":"https:\/\/www.amuz.krakow.pl\/#\/schema\/logo\/image\/","url":"https:\/\/www.amuz.krakow.pl\/wp-content\/uploads\/2021\/11\/amkp.jpg","contentUrl":"https:\/\/www.amuz.krakow.pl\/wp-content\/uploads\/2021\/11\/amkp.jpg","width":1193,"height":591,"caption":"Akademia Muzyczna im. Krzysztofa Pendereckiego w Krakowie"},"image":{"@id":"https:\/\/www.amuz.krakow.pl\/#\/schema\/logo\/image\/"},"sameAs":["https:\/\/www.facebook.com\/amuz.krakow","https:\/\/www.instagram.com\/amkpenderecki\/","https:\/\/www.youtube.com\/@amkpenderecki4806"]}]}},"_links":{"self":[{"href":"https:\/\/www.amuz.krakow.pl\/en\/wp-json\/wp\/v2\/pages\/98900","targetHints":{"allow":["GET"]}}],"collection":[{"href":"https:\/\/www.amuz.krakow.pl\/en\/wp-json\/wp\/v2\/pages"}],"about":[{"href":"https:\/\/www.amuz.krakow.pl\/en\/wp-json\/wp\/v2\/types\/page"}],"author":[{"embeddable":true,"href":"https:\/\/www.amuz.krakow.pl\/en\/wp-json\/wp\/v2\/users\/72"}],"replies":[{"embeddable":true,"href":"https:\/\/www.amuz.krakow.pl\/en\/wp-json\/wp\/v2\/comments?post=98900"}],"version-history":[{"count":3,"href":"https:\/\/www.amuz.krakow.pl\/en\/wp-json\/wp\/v2\/pages\/98900\/revisions"}],"predecessor-version":[{"id":101377,"href":"https:\/\/www.amuz.krakow.pl\/en\/wp-json\/wp\/v2\/pages\/98900\/revisions\/101377"}],"up":[{"embeddable":true,"href":"https:\/\/www.amuz.krakow.pl\/en\/wp-json\/wp\/v2\/pages\/47059"}],"wp:featuredmedia":[{"embeddable":true,"href":"https:\/\/www.amuz.krakow.pl\/en\/wp-json\/wp\/v2\/media\/101376"}],"wp:attachment":[{"href":"https:\/\/www.amuz.krakow.pl\/en\/wp-json\/wp\/v2\/media?parent=98900"}],"curies":[{"name":"wp","href":"https:\/\/api.w.org\/{rel}","templated":true}]}}