{"id":971,"date":"2016-02-06T23:16:21","date_gmt":"2016-02-06T22:16:21","guid":{"rendered":"http:\/\/strony.amuz.krakow.pl\/?page_id=971"},"modified":"2024-09-19T09:14:47","modified_gmt":"2024-09-19T07:14:47","slug":"agnieszka-draus","status":"publish","type":"page","link":"https:\/\/www.amuz.krakow.pl\/en\/wladze\/wydzial-tworczosci-interpretacji-i-edukacji-muzycznej\/agnieszka-draus\/","title":{"rendered":"dr hab. Agnieszka Draus, prof. AMKP"},"content":{"rendered":"<p><\/p>\n<p style=\"text-align: center;\"><span style=\"font-size: 12pt;\"><b>Dean of the Faculty of Composition, Interpretation<br \/>\nand <\/b><b>Musical Education<br \/>\n<\/b>dr hab. Agnieszka Draus, prof. AMKP<\/span><\/p>\n<figure id=\"attachment_89989\" aria-describedby=\"caption-attachment-89989\" style=\"width: 400px\" class=\"wp-caption aligncenter\"><a href=\"https:\/\/www.amuz.krakow.pl\/wp-content\/uploads\/2024\/09\/IMG_240903_0311_PS_fot.Piotr_Markowski-scaled.jpg\" target=\"_blank\" rel=\"noopener\"><img loading=\"lazy\" decoding=\"async\" class=\"wp-image-89989\" src=\"https:\/\/www.amuz.krakow.pl\/wp-content\/uploads\/2024\/09\/IMG_240903_0311_PS_fot.Piotr_Markowski-scaled.jpg\" alt=\"\" width=\"400\" height=\"600\" srcset=\"https:\/\/www.amuz.krakow.pl\/wp-content\/uploads\/2024\/09\/IMG_240903_0311_PS_fot.Piotr_Markowski-scaled.jpg 1365w, https:\/\/www.amuz.krakow.pl\/wp-content\/uploads\/2024\/09\/IMG_240903_0311_PS_fot.Piotr_Markowski-200x300.jpg 200w, https:\/\/www.amuz.krakow.pl\/wp-content\/uploads\/2024\/09\/IMG_240903_0311_PS_fot.Piotr_Markowski-768x1152.jpg 768w, https:\/\/www.amuz.krakow.pl\/wp-content\/uploads\/2024\/09\/IMG_240903_0311_PS_fot.Piotr_Markowski-1024x1536.jpg 1024w\" sizes=\"auto, (max-width: 400px) 100vw, 400px\" \/><\/a><figcaption id=\"caption-attachment-89989\" class=\"wp-caption-text\">photo by Piotr Markowski<\/figcaption><\/figure>\n<p style=\"text-align: center;\"><a href=\"mailto:agnieszka.draus@amuz.krakow.pl\">agnieszka.draus@amuz.krakow.pl<\/a><\/p>\n<hr \/>\n<p style=\"text-align: justify;\">Agnieszka Draus \u2013 theorist of music \u2013 is a professor and Dean of the Faculty of Composition, Interpretation and Musical Education of the Academy of Music in Krakow. In her research activities she has focused on the issues of musical theatre especially in the works of Krzysztof Penderecki and Karlheinz Stockhausen. Her research focuses also on the vocal-instrumental works of Polish composers: Witold Lutos\u0142awski, Pawe\u0142 Mykietyn, Marek Stachowski. Except for about 50 articles she has released two books: (1) <em>Stage Cycle LICHT by Karlheinz Stockhausen. Musical Theatre of the World <\/em>(AMK Edition 2011) \u2013 honoured with the Hieronim Feicht\u2019s Award of the Polish Musicology first presentation of the topic in Polish language and (2) <em>Sound and Meaning. Studies on ouvre of Marek Stachowski <\/em>(AMK Edition 2016) \u2013 nominated to the Jan D\u0142ugosz Award first monograph of the composer. She is also a co-author (together with Joanna Wi\u015bnios) of <em>The Opera Atlas <\/em>for the youth.<\/p>\n<p><\/p>","protected":false},"excerpt":{"rendered":"<p>Dean of the Faculty of Composition, Interpretation and Musical Education dr hab. Agnieszka Draus, prof. AMKP agnieszka.draus@amuz.krakow.pl Agnieszka Draus \u2013 theorist of music \u2013 is a professor and Dean of&hellip; <a href=\"https:\/\/www.amuz.krakow.pl\/en\/wladze\/wydzial-tworczosci-interpretacji-i-edukacji-muzycznej\/agnieszka-draus\/\">Continue reading<\/a><\/p>\n","protected":false},"author":72,"featured_media":89993,"parent":962,"menu_order":1,"comment_status":"closed","ping_status":"closed","template":"","meta":{"footnotes":"","_links_to":"","_links_to_target":""},"class_list":["post-971","page","type-page","status-publish","has-post-thumbnail","hentry"],"yoast_head":"<!-- This site is optimized with the Yoast SEO plugin v27.2 - https:\/\/yoast.com\/product\/yoast-seo-wordpress\/ -->\n<title>AMKP - Akademia Muzyczna im. Krzysztofa Pendereckiego w Krakowie<\/title>\n<meta name=\"robots\" content=\"index, follow, max-snippet:-1, max-image-preview:large, max-video-preview:-1\" \/>\n<link rel=\"canonical\" href=\"https:\/\/www.amuz.krakow.pl\/wladze\/wydzial-tworczosci-interpretacji-i-edukacji-muzycznej\/agnieszka-draus\/\" \/>\n<meta property=\"og:locale\" content=\"en_US\" \/>\n<meta property=\"og:type\" content=\"article\" \/>\n<meta property=\"og:title\" content=\"AMKP - Akademia Muzyczna im. Krzysztofa Pendereckiego w Krakowie\" \/>\n<meta property=\"og:description\" content=\"Dean of the Faculty of Composition, Interpretation and Musical Education dr hab. Agnieszka Draus, prof. AMKP agnieszka.draus@amuz.krakow.pl Agnieszka Draus \u2013 theorist of music \u2013 is a professor and Dean of&hellip; Continue reading\" \/>\n<meta property=\"og:url\" content=\"https:\/\/www.amuz.krakow.pl\/wladze\/wydzial-tworczosci-interpretacji-i-edukacji-muzycznej\/agnieszka-draus\/\" \/>\n<meta property=\"og:site_name\" content=\"Akademia Muzyczna im. Krzysztofa Pendereckiego w Krakowie\" \/>\n<meta property=\"article:publisher\" content=\"https:\/\/www.facebook.com\/amuz.krakow\" \/>\n<meta property=\"article:modified_time\" content=\"2024-09-19T07:14:47+00:00\" \/>\n<meta property=\"og:image\" content=\"https:\/\/www.amuz.krakow.pl\/wp-content\/uploads\/2024\/09\/IMG_240903_0311_PS_miniatura_fot.Piotr_Markowski-scaled.jpg\" \/>\n\t<meta property=\"og:image:width\" content=\"2048\" \/>\n\t<meta property=\"og:image:height\" content=\"1024\" \/>\n\t<meta property=\"og:image:type\" content=\"image\/jpeg\" \/>\n<meta name=\"twitter:card\" content=\"summary_large_image\" \/>\n<meta name=\"twitter:label1\" content=\"Est. reading time\" \/>\n\t<meta name=\"twitter:data1\" content=\"2 minutes\" \/>\n<script type=\"application\/ld+json\" class=\"yoast-schema-graph\">{\"@context\":\"https:\/\/schema.org\",\"@graph\":[{\"@type\":\"WebPage\",\"@id\":\"https:\/\/www.amuz.krakow.pl\/wladze\/wydzial-tworczosci-interpretacji-i-edukacji-muzycznej\/agnieszka-draus\/\",\"url\":\"https:\/\/www.amuz.krakow.pl\/wladze\/wydzial-tworczosci-interpretacji-i-edukacji-muzycznej\/agnieszka-draus\/\",\"name\":\"AMKP - Akademia Muzyczna im. Krzysztofa Pendereckiego w Krakowie\",\"isPartOf\":{\"@id\":\"https:\/\/www.amuz.krakow.pl\/#website\"},\"primaryImageOfPage\":{\"@id\":\"https:\/\/www.amuz.krakow.pl\/wladze\/wydzial-tworczosci-interpretacji-i-edukacji-muzycznej\/agnieszka-draus\/#primaryimage\"},\"image\":{\"@id\":\"https:\/\/www.amuz.krakow.pl\/wladze\/wydzial-tworczosci-interpretacji-i-edukacji-muzycznej\/agnieszka-draus\/#primaryimage\"},\"thumbnailUrl\":\"https:\/\/www.amuz.krakow.pl\/wp-content\/uploads\/2024\/09\/IMG_240903_0311_PS_miniatura_fot.Piotr_Markowski-scaled.jpg\",\"datePublished\":\"2016-02-06T22:16:21+00:00\",\"dateModified\":\"2024-09-19T07:14:47+00:00\",\"breadcrumb\":{\"@id\":\"https:\/\/www.amuz.krakow.pl\/wladze\/wydzial-tworczosci-interpretacji-i-edukacji-muzycznej\/agnieszka-draus\/#breadcrumb\"},\"inLanguage\":\"en-US\",\"potentialAction\":[{\"@type\":\"ReadAction\",\"target\":[\"https:\/\/www.amuz.krakow.pl\/wladze\/wydzial-tworczosci-interpretacji-i-edukacji-muzycznej\/agnieszka-draus\/\"]}]},{\"@type\":\"ImageObject\",\"inLanguage\":\"en-US\",\"@id\":\"https:\/\/www.amuz.krakow.pl\/wladze\/wydzial-tworczosci-interpretacji-i-edukacji-muzycznej\/agnieszka-draus\/#primaryimage\",\"url\":\"https:\/\/www.amuz.krakow.pl\/wp-content\/uploads\/2024\/09\/IMG_240903_0311_PS_miniatura_fot.Piotr_Markowski-scaled.jpg\",\"contentUrl\":\"https:\/\/www.amuz.krakow.pl\/wp-content\/uploads\/2024\/09\/IMG_240903_0311_PS_miniatura_fot.Piotr_Markowski-scaled.jpg\",\"width\":2048,\"height\":1024},{\"@type\":\"BreadcrumbList\",\"@id\":\"https:\/\/www.amuz.krakow.pl\/wladze\/wydzial-tworczosci-interpretacji-i-edukacji-muzycznej\/agnieszka-draus\/#breadcrumb\",\"itemListElement\":[{\"@type\":\"ListItem\",\"position\":1,\"name\":\"Strona g\u0142\u00f3wna\",\"item\":\"https:\/\/www.amuz.krakow.pl\/\"},{\"@type\":\"ListItem\",\"position\":2,\"name\":\"W\u0141ADZE\",\"item\":\"https:\/\/www.amuz.krakow.pl\/wladze\/\"},{\"@type\":\"ListItem\",\"position\":3,\"name\":\"Wydzia\u0142 Tw\u00f3rczo\u015bci, Interpretacji i Edukacji Muzycznej\",\"item\":\"https:\/\/www.amuz.krakow.pl\/wladze\/wydzial-tworczosci-interpretacji-i-edukacji-muzycznej\/\"},{\"@type\":\"ListItem\",\"position\":4,\"name\":\"dr hab. Agnieszka Draus, prof. AMKP\"}]},{\"@type\":\"WebSite\",\"@id\":\"https:\/\/www.amuz.krakow.pl\/#website\",\"url\":\"https:\/\/www.amuz.krakow.pl\/\",\"name\":\"Akademia Muzyczna im. Krzysztofa Pendereckiego w Krakowie\",\"description\":\"Oficjalna strona Akademii Muzycznej im. Krzysztofa Pendereckiego w Krakowie (AMKP).\",\"publisher\":{\"@id\":\"https:\/\/www.amuz.krakow.pl\/#organization\"},\"alternateName\":\"AMKP\",\"potentialAction\":[{\"@type\":\"SearchAction\",\"target\":{\"@type\":\"EntryPoint\",\"urlTemplate\":\"https:\/\/www.amuz.krakow.pl\/?s={search_term_string}\"},\"query-input\":{\"@type\":\"PropertyValueSpecification\",\"valueRequired\":true,\"valueName\":\"search_term_string\"}}],\"inLanguage\":\"en-US\"},{\"@type\":\"Organization\",\"@id\":\"https:\/\/www.amuz.krakow.pl\/#organization\",\"name\":\"Akademia Muzyczna im. Krzysztofa Pendereckiego w Krakowie\",\"alternateName\":\"AMKP\",\"url\":\"https:\/\/www.amuz.krakow.pl\/\",\"logo\":{\"@type\":\"ImageObject\",\"inLanguage\":\"en-US\",\"@id\":\"https:\/\/www.amuz.krakow.pl\/#\/schema\/logo\/image\/\",\"url\":\"https:\/\/www.amuz.krakow.pl\/wp-content\/uploads\/2021\/11\/amkp.jpg\",\"contentUrl\":\"https:\/\/www.amuz.krakow.pl\/wp-content\/uploads\/2021\/11\/amkp.jpg\",\"width\":1193,\"height\":591,\"caption\":\"Akademia Muzyczna im. Krzysztofa Pendereckiego w Krakowie\"},\"image\":{\"@id\":\"https:\/\/www.amuz.krakow.pl\/#\/schema\/logo\/image\/\"},\"sameAs\":[\"https:\/\/www.facebook.com\/amuz.krakow\",\"https:\/\/www.instagram.com\/amkpenderecki\/\",\"https:\/\/www.youtube.com\/@amkpenderecki4806\"]}]}<\/script>\n<!-- \/ Yoast SEO plugin. -->","yoast_head_json":{"title":"AMKP - Akademia Muzyczna im. Krzysztofa Pendereckiego w Krakowie","robots":{"index":"index","follow":"follow","max-snippet":"max-snippet:-1","max-image-preview":"max-image-preview:large","max-video-preview":"max-video-preview:-1"},"canonical":"https:\/\/www.amuz.krakow.pl\/wladze\/wydzial-tworczosci-interpretacji-i-edukacji-muzycznej\/agnieszka-draus\/","og_locale":"en_US","og_type":"article","og_title":"AMKP - Akademia Muzyczna im. Krzysztofa Pendereckiego w Krakowie","og_description":"Dean of the Faculty of Composition, Interpretation and Musical Education dr hab. Agnieszka Draus, prof. AMKP agnieszka.draus@amuz.krakow.pl Agnieszka Draus \u2013 theorist of music \u2013 is a professor and Dean of&hellip; Continue reading","og_url":"https:\/\/www.amuz.krakow.pl\/wladze\/wydzial-tworczosci-interpretacji-i-edukacji-muzycznej\/agnieszka-draus\/","og_site_name":"Akademia Muzyczna im. Krzysztofa Pendereckiego w Krakowie","article_publisher":"https:\/\/www.facebook.com\/amuz.krakow","article_modified_time":"2024-09-19T07:14:47+00:00","og_image":[{"width":2048,"height":1024,"url":"https:\/\/www.amuz.krakow.pl\/wp-content\/uploads\/2024\/09\/IMG_240903_0311_PS_miniatura_fot.Piotr_Markowski-scaled.jpg","type":"image\/jpeg"}],"twitter_card":"summary_large_image","twitter_misc":{"Est. reading time":"2 minutes"},"schema":{"@context":"https:\/\/schema.org","@graph":[{"@type":"WebPage","@id":"https:\/\/www.amuz.krakow.pl\/wladze\/wydzial-tworczosci-interpretacji-i-edukacji-muzycznej\/agnieszka-draus\/","url":"https:\/\/www.amuz.krakow.pl\/wladze\/wydzial-tworczosci-interpretacji-i-edukacji-muzycznej\/agnieszka-draus\/","name":"AMKP - Akademia Muzyczna im. Krzysztofa Pendereckiego w Krakowie","isPartOf":{"@id":"https:\/\/www.amuz.krakow.pl\/#website"},"primaryImageOfPage":{"@id":"https:\/\/www.amuz.krakow.pl\/wladze\/wydzial-tworczosci-interpretacji-i-edukacji-muzycznej\/agnieszka-draus\/#primaryimage"},"image":{"@id":"https:\/\/www.amuz.krakow.pl\/wladze\/wydzial-tworczosci-interpretacji-i-edukacji-muzycznej\/agnieszka-draus\/#primaryimage"},"thumbnailUrl":"https:\/\/www.amuz.krakow.pl\/wp-content\/uploads\/2024\/09\/IMG_240903_0311_PS_miniatura_fot.Piotr_Markowski-scaled.jpg","datePublished":"2016-02-06T22:16:21+00:00","dateModified":"2024-09-19T07:14:47+00:00","breadcrumb":{"@id":"https:\/\/www.amuz.krakow.pl\/wladze\/wydzial-tworczosci-interpretacji-i-edukacji-muzycznej\/agnieszka-draus\/#breadcrumb"},"inLanguage":"en-US","potentialAction":[{"@type":"ReadAction","target":["https:\/\/www.amuz.krakow.pl\/wladze\/wydzial-tworczosci-interpretacji-i-edukacji-muzycznej\/agnieszka-draus\/"]}]},{"@type":"ImageObject","inLanguage":"en-US","@id":"https:\/\/www.amuz.krakow.pl\/wladze\/wydzial-tworczosci-interpretacji-i-edukacji-muzycznej\/agnieszka-draus\/#primaryimage","url":"https:\/\/www.amuz.krakow.pl\/wp-content\/uploads\/2024\/09\/IMG_240903_0311_PS_miniatura_fot.Piotr_Markowski-scaled.jpg","contentUrl":"https:\/\/www.amuz.krakow.pl\/wp-content\/uploads\/2024\/09\/IMG_240903_0311_PS_miniatura_fot.Piotr_Markowski-scaled.jpg","width":2048,"height":1024},{"@type":"BreadcrumbList","@id":"https:\/\/www.amuz.krakow.pl\/wladze\/wydzial-tworczosci-interpretacji-i-edukacji-muzycznej\/agnieszka-draus\/#breadcrumb","itemListElement":[{"@type":"ListItem","position":1,"name":"Strona g\u0142\u00f3wna","item":"https:\/\/www.amuz.krakow.pl\/"},{"@type":"ListItem","position":2,"name":"W\u0141ADZE","item":"https:\/\/www.amuz.krakow.pl\/wladze\/"},{"@type":"ListItem","position":3,"name":"Wydzia\u0142 Tw\u00f3rczo\u015bci, Interpretacji i Edukacji Muzycznej","item":"https:\/\/www.amuz.krakow.pl\/wladze\/wydzial-tworczosci-interpretacji-i-edukacji-muzycznej\/"},{"@type":"ListItem","position":4,"name":"dr hab. Agnieszka Draus, prof. AMKP"}]},{"@type":"WebSite","@id":"https:\/\/www.amuz.krakow.pl\/#website","url":"https:\/\/www.amuz.krakow.pl\/","name":"Akademia Muzyczna im. Krzysztofa Pendereckiego w Krakowie","description":"Oficjalna strona Akademii Muzycznej im. Krzysztofa Pendereckiego w Krakowie (AMKP).","publisher":{"@id":"https:\/\/www.amuz.krakow.pl\/#organization"},"alternateName":"AMKP","potentialAction":[{"@type":"SearchAction","target":{"@type":"EntryPoint","urlTemplate":"https:\/\/www.amuz.krakow.pl\/?s={search_term_string}"},"query-input":{"@type":"PropertyValueSpecification","valueRequired":true,"valueName":"search_term_string"}}],"inLanguage":"en-US"},{"@type":"Organization","@id":"https:\/\/www.amuz.krakow.pl\/#organization","name":"Akademia Muzyczna im. Krzysztofa Pendereckiego w Krakowie","alternateName":"AMKP","url":"https:\/\/www.amuz.krakow.pl\/","logo":{"@type":"ImageObject","inLanguage":"en-US","@id":"https:\/\/www.amuz.krakow.pl\/#\/schema\/logo\/image\/","url":"https:\/\/www.amuz.krakow.pl\/wp-content\/uploads\/2021\/11\/amkp.jpg","contentUrl":"https:\/\/www.amuz.krakow.pl\/wp-content\/uploads\/2021\/11\/amkp.jpg","width":1193,"height":591,"caption":"Akademia Muzyczna im. Krzysztofa Pendereckiego w Krakowie"},"image":{"@id":"https:\/\/www.amuz.krakow.pl\/#\/schema\/logo\/image\/"},"sameAs":["https:\/\/www.facebook.com\/amuz.krakow","https:\/\/www.instagram.com\/amkpenderecki\/","https:\/\/www.youtube.com\/@amkpenderecki4806"]}]}},"_links":{"self":[{"href":"https:\/\/www.amuz.krakow.pl\/en\/wp-json\/wp\/v2\/pages\/971","targetHints":{"allow":["GET"]}}],"collection":[{"href":"https:\/\/www.amuz.krakow.pl\/en\/wp-json\/wp\/v2\/pages"}],"about":[{"href":"https:\/\/www.amuz.krakow.pl\/en\/wp-json\/wp\/v2\/types\/page"}],"author":[{"embeddable":true,"href":"https:\/\/www.amuz.krakow.pl\/en\/wp-json\/wp\/v2\/users\/72"}],"replies":[{"embeddable":true,"href":"https:\/\/www.amuz.krakow.pl\/en\/wp-json\/wp\/v2\/comments?post=971"}],"version-history":[{"count":22,"href":"https:\/\/www.amuz.krakow.pl\/en\/wp-json\/wp\/v2\/pages\/971\/revisions"}],"predecessor-version":[{"id":89994,"href":"https:\/\/www.amuz.krakow.pl\/en\/wp-json\/wp\/v2\/pages\/971\/revisions\/89994"}],"up":[{"embeddable":true,"href":"https:\/\/www.amuz.krakow.pl\/en\/wp-json\/wp\/v2\/pages\/962"}],"wp:featuredmedia":[{"embeddable":true,"href":"https:\/\/www.amuz.krakow.pl\/en\/wp-json\/wp\/v2\/media\/89993"}],"wp:attachment":[{"href":"https:\/\/www.amuz.krakow.pl\/en\/wp-json\/wp\/v2\/media?parent=971"}],"curies":[{"name":"wp","href":"https:\/\/api.w.org\/{rel}","templated":true}]}}