{"id":96999,"date":"2025-02-11T12:41:17","date_gmt":"2025-02-11T11:41:17","guid":{"rendered":"https:\/\/www.amuz.krakow.pl\/?page_id=96999"},"modified":"2025-02-21T13:42:07","modified_gmt":"2025-02-21T12:42:07","slug":"studencka-konferencja-obojowa","status":"publish","type":"page","link":"https:\/\/www.amuz.krakow.pl\/en\/wydzialy\/wydzial-ii-instrumentalny\/katedra-instrumentow-detych-i-akordeonu\/aktualnosci-24\/studencka-konferencja-obojowa\/","title":{"rendered":"Studencka Konferencja Obojowa | 24-25.02.2025"},"content":{"rendered":"<p><a href=\"https:\/\/www.amuz.krakow.pl\/wp-content\/uploads\/2025\/02\/obojowa-konferencja-afisz.jpg\"><img loading=\"lazy\" decoding=\"async\" class=\"aligncenter size-full wp-image-97015\" src=\"https:\/\/www.amuz.krakow.pl\/wp-content\/uploads\/2025\/02\/obojowa-konferencja-afisz.jpg\" alt=\"\" width=\"1389\" height=\"1956\" srcset=\"https:\/\/www.amuz.krakow.pl\/wp-content\/uploads\/2025\/02\/obojowa-konferencja-afisz.jpg 1389w, https:\/\/www.amuz.krakow.pl\/wp-content\/uploads\/2025\/02\/obojowa-konferencja-afisz-213x300.jpg 213w, https:\/\/www.amuz.krakow.pl\/wp-content\/uploads\/2025\/02\/obojowa-konferencja-afisz-768x1082.jpg 768w, https:\/\/www.amuz.krakow.pl\/wp-content\/uploads\/2025\/02\/obojowa-konferencja-afisz-1091x1536.jpg 1091w\" sizes=\"auto, (max-width: 1389px) 100vw, 1389px\" \/><\/a><\/p>\n<p>Katedra Instrument\u00f3w D\u0119tych Drewnianych i Akordeonu oraz Ko\u0142o Naukowe Oboist\u00f3w zapraszaj\u0105 na\u00a0<strong>Studenck\u0105 Konferencj\u0119 Obojow\u0105<\/strong>, kt\u00f3ra odb\u0119dzie si\u0119 w dniach 24-25 lutego 2025 r.<\/p>\n<p>Szczeg\u00f3\u0142owy harmonogram poni\u017cej.<\/p>\n<p>&nbsp;<\/p>\n<p><span style=\"font-size: 12pt;\"><strong>poniedzia\u0142ek 24 lutego 2025<br \/>\nAula Florianka<br \/>\nul. Sereno Fenn&#8217;a 15<\/strong><\/span><\/p>\n<p><span style=\"font-size: 12pt;\"><strong>9:30 \u2013 13:30 <\/strong><\/span>Warsztaty mistrzowskie &#8211; \u00a0<strong>prof. dr hab. Piotr Pyc<\/strong><br \/>\n(Akademia Muzyczna im. Karola Szymanowskiego w Katowicach)<\/p>\n<p><strong><span style=\"font-size: 12pt;\">15:30<\/span> \/ Sala Senacka w Auli Florianka<\/strong><br \/>\nspotkanie z<strong>\u00a0prof. Piotrem Pycem<\/strong><\/p>\n<p><span style=\"font-size: 12pt;\"><strong>17:30 <\/strong><\/span><em><strong>Koncert oboist\u00f3w AMKP i prof. dra hab. Piotra Pyca oraz zespo\u0142\u00f3w studenckich<\/strong><\/em><\/p>\n<p>Go\u015bcinnie wyst\u0105pi\u0105: Alicja Matuszczyk (NOSPR), Zofia Fr\u0105czek (AM Katowice) oraz M\u0141ODZI LAUREACI KONKURS\u00d3W OBOJOWYCH:\u00a0Zuzanna K\u0105cka, Liliana \u017bura\u0144ska, Aniela Biesiadecka<\/p>\n<p>F. Poulenc \u2013 Sonata<br \/>\n<strong>Zuzanna K\u0105cka<\/strong> ob\u00f3j<\/p>\n<p>J.B. Loeillet \u2013 Sonata C-dur<br \/>\n<strong>Liliana \u017bura\u0144ska<\/strong> ob\u00f3j<\/p>\n<p>A. Marcello \u2013 Koncert d-moll<br \/>\nP. Darke \u2013 Scherzetto<br \/>\n<strong>Aniela Biesiadecka<\/strong> ob\u00f3j<\/p>\n<p>F. Poulenc <em>\u2013 Trio<br \/>\n<\/em><strong>J. Koch, J. Wilkosz, E. Skoczylas<\/strong> oboje<\/p>\n<p>H. Holliger<em> \u2013 <\/em>Sonata<em><br \/>\n<\/em><strong>Jakub Koch<\/strong> ob\u00f3j<\/p>\n<p>P. Hindemith<em> \u2013<\/em> Sonata<em><br \/>\n<\/em><strong>Jakub Kramarz<\/strong> ob\u00f3j<\/p>\n<p>O. Messiaen <em>\u2013 Vocalise Etude<br \/>\n<\/em><strong>Jan Dominik<\/strong> ob\u00f3j<\/p>\n<p>C. Saint-Saens <em>\u2013 <\/em>Sonata op. 166<br \/>\n<strong>Julia Rodak<\/strong> ob\u00f3j<\/p>\n<p>B. Britten <em>\u2013 \u201ePan\u201d <\/em>op. 49<br \/>\n<strong>Adam G\u0105siorek<\/strong> ob\u00f3j<\/p>\n<p>Alyssa Morris<em> \u2013 Parable of a Stormy Sea<\/em> na 2 oboje i ro\u017cek angielski<br \/>\n<strong>Piotr Pyc, Alicja Matuszczyk<\/strong>, <strong>Zofia Fr\u0105czek <\/strong>oboje<\/p>\n<p><strong>Sebastian Bernatowicz <\/strong>fortepian<strong><br \/>\nKarolina Krupa <\/strong>fortepian<strong><br \/>\nAgnieszka Kawula <\/strong>fortepian<strong><br \/>\ndr \u0141ukasz D\u0119bski<\/strong>\u00a0fortepian<\/p>\n<p>&nbsp;<\/p>\n<p><strong><span style=\"font-size: 12pt;\">wtorek 25 lutego 2025<\/span><br \/>\n<span style=\"font-size: 12pt;\">Aula Florianka<\/span><br \/>\n<span style=\"font-size: 12pt;\">ul. Sereno Fenn&#8217;a 15<\/span><br \/>\n<\/strong><\/p>\n<p><span style=\"font-size: 12pt;\"><strong>9:30-14:00<\/strong><\/span><\/p>\n<p><strong>Maraton obojowy student\u00f3w AMKP w Krakowie <\/strong><\/p>\n<p>prowadzenie: <strong>dr Monika Kucharczyk<\/strong> oraz <strong>prof. dr hab. Marek Mleczko<\/strong><\/p>\n<p><strong><span style=\"font-size: 12pt;\">16:00<\/span> \/ Sala Senacka w Auli Florianka<\/strong><\/p>\n<p>Warsztaty stroikowe \u2013 <strong>dr Maksymilian Lipie\u0144\u00a0 \/ Jan Wi\u015bniowski<\/strong><\/p>","protected":false},"excerpt":{"rendered":"<p>Katedra Instrument\u00f3w D\u0119tych Drewnianych i Akordeonu oraz Ko\u0142o Naukowe Oboist\u00f3w zapraszaj\u0105 na\u00a0Studenck\u0105 Konferencj\u0119 Obojow\u0105, kt\u00f3ra odb\u0119dzie si\u0119 w dniach 24-25 lutego 2025 r. Szczeg\u00f3\u0142owy harmonogram poni\u017cej. &nbsp; poniedzia\u0142ek 24 lutego&hellip; <a href=\"https:\/\/www.amuz.krakow.pl\/en\/wydzialy\/wydzial-ii-instrumentalny\/katedra-instrumentow-detych-i-akordeonu\/aktualnosci-24\/studencka-konferencja-obojowa\/\">Continue reading<\/a><\/p>\n","protected":false},"author":72,"featured_media":96552,"parent":89192,"menu_order":-4,"comment_status":"closed","ping_status":"closed","template":"","meta":{"footnotes":"","_links_to":"","_links_to_target":""},"class_list":["post-96999","page","type-page","status-publish","has-post-thumbnail","hentry"],"yoast_head":"<!-- This site is optimized with the Yoast SEO plugin v27.2 - https:\/\/yoast.com\/product\/yoast-seo-wordpress\/ -->\n<title>AMKP - Akademia Muzyczna im. Krzysztofa Pendereckiego w Krakowie<\/title>\n<meta name=\"robots\" content=\"index, follow, max-snippet:-1, max-image-preview:large, max-video-preview:-1\" \/>\n<link rel=\"canonical\" href=\"https:\/\/www.amuz.krakow.pl\/wydzialy\/wydzial-ii-instrumentalny\/katedra-instrumentow-detych-i-akordeonu\/aktualnosci-24\/studencka-konferencja-obojowa\/\" \/>\n<meta property=\"og:locale\" content=\"en_US\" \/>\n<meta property=\"og:type\" content=\"article\" \/>\n<meta property=\"og:title\" content=\"AMKP - Akademia Muzyczna im. Krzysztofa Pendereckiego w Krakowie\" \/>\n<meta property=\"og:description\" content=\"Katedra Instrument\u00f3w D\u0119tych Drewnianych i Akordeonu oraz Ko\u0142o Naukowe Oboist\u00f3w zapraszaj\u0105 na\u00a0Studenck\u0105 Konferencj\u0119 Obojow\u0105, kt\u00f3ra odb\u0119dzie si\u0119 w dniach 24-25 lutego 2025 r. Szczeg\u00f3\u0142owy harmonogram poni\u017cej. &nbsp; poniedzia\u0142ek 24 lutego&hellip; Continue reading\" \/>\n<meta property=\"og:url\" content=\"https:\/\/www.amuz.krakow.pl\/wydzialy\/wydzial-ii-instrumentalny\/katedra-instrumentow-detych-i-akordeonu\/aktualnosci-24\/studencka-konferencja-obojowa\/\" \/>\n<meta property=\"og:site_name\" content=\"Akademia Muzyczna im. Krzysztofa Pendereckiego w Krakowie\" \/>\n<meta property=\"article:publisher\" content=\"https:\/\/www.facebook.com\/amuz.krakow\" \/>\n<meta property=\"article:modified_time\" content=\"2025-02-21T12:42:07+00:00\" \/>\n<meta property=\"og:image\" content=\"https:\/\/www.amuz.krakow.pl\/wp-content\/uploads\/2025\/01\/konferencja-naukowa.jpg\" \/>\n\t<meta property=\"og:image:width\" content=\"850\" \/>\n\t<meta property=\"og:image:height\" content=\"425\" \/>\n\t<meta property=\"og:image:type\" content=\"image\/jpeg\" \/>\n<meta name=\"twitter:card\" content=\"summary_large_image\" \/>\n<meta name=\"twitter:label1\" content=\"Est. reading time\" \/>\n\t<meta name=\"twitter:data1\" content=\"3 minutes\" \/>\n<script type=\"application\/ld+json\" class=\"yoast-schema-graph\">{\"@context\":\"https:\/\/schema.org\",\"@graph\":[{\"@type\":\"WebPage\",\"@id\":\"https:\/\/www.amuz.krakow.pl\/wydzialy\/wydzial-ii-instrumentalny\/katedra-instrumentow-detych-i-akordeonu\/aktualnosci-24\/studencka-konferencja-obojowa\/\",\"url\":\"https:\/\/www.amuz.krakow.pl\/wydzialy\/wydzial-ii-instrumentalny\/katedra-instrumentow-detych-i-akordeonu\/aktualnosci-24\/studencka-konferencja-obojowa\/\",\"name\":\"AMKP - Akademia Muzyczna im. Krzysztofa Pendereckiego w Krakowie\",\"isPartOf\":{\"@id\":\"https:\/\/www.amuz.krakow.pl\/#website\"},\"primaryImageOfPage\":{\"@id\":\"https:\/\/www.amuz.krakow.pl\/wydzialy\/wydzial-ii-instrumentalny\/katedra-instrumentow-detych-i-akordeonu\/aktualnosci-24\/studencka-konferencja-obojowa\/#primaryimage\"},\"image\":{\"@id\":\"https:\/\/www.amuz.krakow.pl\/wydzialy\/wydzial-ii-instrumentalny\/katedra-instrumentow-detych-i-akordeonu\/aktualnosci-24\/studencka-konferencja-obojowa\/#primaryimage\"},\"thumbnailUrl\":\"https:\/\/www.amuz.krakow.pl\/wp-content\/uploads\/2025\/01\/konferencja-naukowa.jpg\",\"datePublished\":\"2025-02-11T11:41:17+00:00\",\"dateModified\":\"2025-02-21T12:42:07+00:00\",\"breadcrumb\":{\"@id\":\"https:\/\/www.amuz.krakow.pl\/wydzialy\/wydzial-ii-instrumentalny\/katedra-instrumentow-detych-i-akordeonu\/aktualnosci-24\/studencka-konferencja-obojowa\/#breadcrumb\"},\"inLanguage\":\"en-US\",\"potentialAction\":[{\"@type\":\"ReadAction\",\"target\":[\"https:\/\/www.amuz.krakow.pl\/wydzialy\/wydzial-ii-instrumentalny\/katedra-instrumentow-detych-i-akordeonu\/aktualnosci-24\/studencka-konferencja-obojowa\/\"]}]},{\"@type\":\"ImageObject\",\"inLanguage\":\"en-US\",\"@id\":\"https:\/\/www.amuz.krakow.pl\/wydzialy\/wydzial-ii-instrumentalny\/katedra-instrumentow-detych-i-akordeonu\/aktualnosci-24\/studencka-konferencja-obojowa\/#primaryimage\",\"url\":\"https:\/\/www.amuz.krakow.pl\/wp-content\/uploads\/2025\/01\/konferencja-naukowa.jpg\",\"contentUrl\":\"https:\/\/www.amuz.krakow.pl\/wp-content\/uploads\/2025\/01\/konferencja-naukowa.jpg\",\"width\":850,\"height\":425},{\"@type\":\"BreadcrumbList\",\"@id\":\"https:\/\/www.amuz.krakow.pl\/wydzialy\/wydzial-ii-instrumentalny\/katedra-instrumentow-detych-i-akordeonu\/aktualnosci-24\/studencka-konferencja-obojowa\/#breadcrumb\",\"itemListElement\":[{\"@type\":\"ListItem\",\"position\":1,\"name\":\"Strona g\u0142\u00f3wna\",\"item\":\"https:\/\/www.amuz.krakow.pl\/\"},{\"@type\":\"ListItem\",\"position\":2,\"name\":\"WYDZIA\u0141Y\",\"item\":\"https:\/\/www.amuz.krakow.pl\/wydzialy\/\"},{\"@type\":\"ListItem\",\"position\":3,\"name\":\"Wydzia\u0142 Instrumentalny\",\"item\":\"https:\/\/www.amuz.krakow.pl\/wydzialy\/wydzial-ii-instrumentalny\/\"},{\"@type\":\"ListItem\",\"position\":4,\"name\":\"Katedra Instrument\u00f3w D\u0119tych i Akordeonu\",\"item\":\"https:\/\/www.amuz.krakow.pl\/wydzialy\/wydzial-ii-instrumentalny\/katedra-instrumentow-detych-i-akordeonu\/\"},{\"@type\":\"ListItem\",\"position\":5,\"name\":\"Archiwum wydarze\u0144 2024\/2025\",\"item\":\"https:\/\/www.amuz.krakow.pl\/wydzialy\/wydzial-ii-instrumentalny\/katedra-instrumentow-detych-i-akordeonu\/aktualnosci-24\/\"},{\"@type\":\"ListItem\",\"position\":6,\"name\":\"Studencka Konferencja Obojowa | 24-25.02.2025\"}]},{\"@type\":\"WebSite\",\"@id\":\"https:\/\/www.amuz.krakow.pl\/#website\",\"url\":\"https:\/\/www.amuz.krakow.pl\/\",\"name\":\"Akademia Muzyczna im. Krzysztofa Pendereckiego w Krakowie\",\"description\":\"Oficjalna strona Akademii Muzycznej im. Krzysztofa Pendereckiego w Krakowie (AMKP).\",\"publisher\":{\"@id\":\"https:\/\/www.amuz.krakow.pl\/#organization\"},\"alternateName\":\"AMKP\",\"potentialAction\":[{\"@type\":\"SearchAction\",\"target\":{\"@type\":\"EntryPoint\",\"urlTemplate\":\"https:\/\/www.amuz.krakow.pl\/?s={search_term_string}\"},\"query-input\":{\"@type\":\"PropertyValueSpecification\",\"valueRequired\":true,\"valueName\":\"search_term_string\"}}],\"inLanguage\":\"en-US\"},{\"@type\":\"Organization\",\"@id\":\"https:\/\/www.amuz.krakow.pl\/#organization\",\"name\":\"Akademia Muzyczna im. Krzysztofa Pendereckiego w Krakowie\",\"alternateName\":\"AMKP\",\"url\":\"https:\/\/www.amuz.krakow.pl\/\",\"logo\":{\"@type\":\"ImageObject\",\"inLanguage\":\"en-US\",\"@id\":\"https:\/\/www.amuz.krakow.pl\/#\/schema\/logo\/image\/\",\"url\":\"https:\/\/www.amuz.krakow.pl\/wp-content\/uploads\/2021\/11\/amkp.jpg\",\"contentUrl\":\"https:\/\/www.amuz.krakow.pl\/wp-content\/uploads\/2021\/11\/amkp.jpg\",\"width\":1193,\"height\":591,\"caption\":\"Akademia Muzyczna im. Krzysztofa Pendereckiego w Krakowie\"},\"image\":{\"@id\":\"https:\/\/www.amuz.krakow.pl\/#\/schema\/logo\/image\/\"},\"sameAs\":[\"https:\/\/www.facebook.com\/amuz.krakow\",\"https:\/\/www.instagram.com\/amkpenderecki\/\",\"https:\/\/www.youtube.com\/@amkpenderecki4806\"]}]}<\/script>\n<!-- \/ Yoast SEO plugin. -->","yoast_head_json":{"title":"AMKP - Akademia Muzyczna im. Krzysztofa Pendereckiego w Krakowie","robots":{"index":"index","follow":"follow","max-snippet":"max-snippet:-1","max-image-preview":"max-image-preview:large","max-video-preview":"max-video-preview:-1"},"canonical":"https:\/\/www.amuz.krakow.pl\/wydzialy\/wydzial-ii-instrumentalny\/katedra-instrumentow-detych-i-akordeonu\/aktualnosci-24\/studencka-konferencja-obojowa\/","og_locale":"en_US","og_type":"article","og_title":"AMKP - Akademia Muzyczna im. Krzysztofa Pendereckiego w Krakowie","og_description":"Katedra Instrument\u00f3w D\u0119tych Drewnianych i Akordeonu oraz Ko\u0142o Naukowe Oboist\u00f3w zapraszaj\u0105 na\u00a0Studenck\u0105 Konferencj\u0119 Obojow\u0105, kt\u00f3ra odb\u0119dzie si\u0119 w dniach 24-25 lutego 2025 r. Szczeg\u00f3\u0142owy harmonogram poni\u017cej. &nbsp; poniedzia\u0142ek 24 lutego&hellip; Continue reading","og_url":"https:\/\/www.amuz.krakow.pl\/wydzialy\/wydzial-ii-instrumentalny\/katedra-instrumentow-detych-i-akordeonu\/aktualnosci-24\/studencka-konferencja-obojowa\/","og_site_name":"Akademia Muzyczna im. Krzysztofa Pendereckiego w Krakowie","article_publisher":"https:\/\/www.facebook.com\/amuz.krakow","article_modified_time":"2025-02-21T12:42:07+00:00","og_image":[{"width":850,"height":425,"url":"https:\/\/www.amuz.krakow.pl\/wp-content\/uploads\/2025\/01\/konferencja-naukowa.jpg","type":"image\/jpeg"}],"twitter_card":"summary_large_image","twitter_misc":{"Est. reading time":"3 minutes"},"schema":{"@context":"https:\/\/schema.org","@graph":[{"@type":"WebPage","@id":"https:\/\/www.amuz.krakow.pl\/wydzialy\/wydzial-ii-instrumentalny\/katedra-instrumentow-detych-i-akordeonu\/aktualnosci-24\/studencka-konferencja-obojowa\/","url":"https:\/\/www.amuz.krakow.pl\/wydzialy\/wydzial-ii-instrumentalny\/katedra-instrumentow-detych-i-akordeonu\/aktualnosci-24\/studencka-konferencja-obojowa\/","name":"AMKP - Akademia Muzyczna im. Krzysztofa Pendereckiego w Krakowie","isPartOf":{"@id":"https:\/\/www.amuz.krakow.pl\/#website"},"primaryImageOfPage":{"@id":"https:\/\/www.amuz.krakow.pl\/wydzialy\/wydzial-ii-instrumentalny\/katedra-instrumentow-detych-i-akordeonu\/aktualnosci-24\/studencka-konferencja-obojowa\/#primaryimage"},"image":{"@id":"https:\/\/www.amuz.krakow.pl\/wydzialy\/wydzial-ii-instrumentalny\/katedra-instrumentow-detych-i-akordeonu\/aktualnosci-24\/studencka-konferencja-obojowa\/#primaryimage"},"thumbnailUrl":"https:\/\/www.amuz.krakow.pl\/wp-content\/uploads\/2025\/01\/konferencja-naukowa.jpg","datePublished":"2025-02-11T11:41:17+00:00","dateModified":"2025-02-21T12:42:07+00:00","breadcrumb":{"@id":"https:\/\/www.amuz.krakow.pl\/wydzialy\/wydzial-ii-instrumentalny\/katedra-instrumentow-detych-i-akordeonu\/aktualnosci-24\/studencka-konferencja-obojowa\/#breadcrumb"},"inLanguage":"en-US","potentialAction":[{"@type":"ReadAction","target":["https:\/\/www.amuz.krakow.pl\/wydzialy\/wydzial-ii-instrumentalny\/katedra-instrumentow-detych-i-akordeonu\/aktualnosci-24\/studencka-konferencja-obojowa\/"]}]},{"@type":"ImageObject","inLanguage":"en-US","@id":"https:\/\/www.amuz.krakow.pl\/wydzialy\/wydzial-ii-instrumentalny\/katedra-instrumentow-detych-i-akordeonu\/aktualnosci-24\/studencka-konferencja-obojowa\/#primaryimage","url":"https:\/\/www.amuz.krakow.pl\/wp-content\/uploads\/2025\/01\/konferencja-naukowa.jpg","contentUrl":"https:\/\/www.amuz.krakow.pl\/wp-content\/uploads\/2025\/01\/konferencja-naukowa.jpg","width":850,"height":425},{"@type":"BreadcrumbList","@id":"https:\/\/www.amuz.krakow.pl\/wydzialy\/wydzial-ii-instrumentalny\/katedra-instrumentow-detych-i-akordeonu\/aktualnosci-24\/studencka-konferencja-obojowa\/#breadcrumb","itemListElement":[{"@type":"ListItem","position":1,"name":"Strona g\u0142\u00f3wna","item":"https:\/\/www.amuz.krakow.pl\/"},{"@type":"ListItem","position":2,"name":"WYDZIA\u0141Y","item":"https:\/\/www.amuz.krakow.pl\/wydzialy\/"},{"@type":"ListItem","position":3,"name":"Wydzia\u0142 Instrumentalny","item":"https:\/\/www.amuz.krakow.pl\/wydzialy\/wydzial-ii-instrumentalny\/"},{"@type":"ListItem","position":4,"name":"Katedra Instrument\u00f3w D\u0119tych i Akordeonu","item":"https:\/\/www.amuz.krakow.pl\/wydzialy\/wydzial-ii-instrumentalny\/katedra-instrumentow-detych-i-akordeonu\/"},{"@type":"ListItem","position":5,"name":"Archiwum wydarze\u0144 2024\/2025","item":"https:\/\/www.amuz.krakow.pl\/wydzialy\/wydzial-ii-instrumentalny\/katedra-instrumentow-detych-i-akordeonu\/aktualnosci-24\/"},{"@type":"ListItem","position":6,"name":"Studencka Konferencja Obojowa | 24-25.02.2025"}]},{"@type":"WebSite","@id":"https:\/\/www.amuz.krakow.pl\/#website","url":"https:\/\/www.amuz.krakow.pl\/","name":"Akademia Muzyczna im. Krzysztofa Pendereckiego w Krakowie","description":"Oficjalna strona Akademii Muzycznej im. Krzysztofa Pendereckiego w Krakowie (AMKP).","publisher":{"@id":"https:\/\/www.amuz.krakow.pl\/#organization"},"alternateName":"AMKP","potentialAction":[{"@type":"SearchAction","target":{"@type":"EntryPoint","urlTemplate":"https:\/\/www.amuz.krakow.pl\/?s={search_term_string}"},"query-input":{"@type":"PropertyValueSpecification","valueRequired":true,"valueName":"search_term_string"}}],"inLanguage":"en-US"},{"@type":"Organization","@id":"https:\/\/www.amuz.krakow.pl\/#organization","name":"Akademia Muzyczna im. Krzysztofa Pendereckiego w Krakowie","alternateName":"AMKP","url":"https:\/\/www.amuz.krakow.pl\/","logo":{"@type":"ImageObject","inLanguage":"en-US","@id":"https:\/\/www.amuz.krakow.pl\/#\/schema\/logo\/image\/","url":"https:\/\/www.amuz.krakow.pl\/wp-content\/uploads\/2021\/11\/amkp.jpg","contentUrl":"https:\/\/www.amuz.krakow.pl\/wp-content\/uploads\/2021\/11\/amkp.jpg","width":1193,"height":591,"caption":"Akademia Muzyczna im. Krzysztofa Pendereckiego w Krakowie"},"image":{"@id":"https:\/\/www.amuz.krakow.pl\/#\/schema\/logo\/image\/"},"sameAs":["https:\/\/www.facebook.com\/amuz.krakow","https:\/\/www.instagram.com\/amkpenderecki\/","https:\/\/www.youtube.com\/@amkpenderecki4806"]}]}},"_links":{"self":[{"href":"https:\/\/www.amuz.krakow.pl\/en\/wp-json\/wp\/v2\/pages\/96999","targetHints":{"allow":["GET"]}}],"collection":[{"href":"https:\/\/www.amuz.krakow.pl\/en\/wp-json\/wp\/v2\/pages"}],"about":[{"href":"https:\/\/www.amuz.krakow.pl\/en\/wp-json\/wp\/v2\/types\/page"}],"author":[{"embeddable":true,"href":"https:\/\/www.amuz.krakow.pl\/en\/wp-json\/wp\/v2\/users\/72"}],"replies":[{"embeddable":true,"href":"https:\/\/www.amuz.krakow.pl\/en\/wp-json\/wp\/v2\/comments?post=96999"}],"version-history":[{"count":10,"href":"https:\/\/www.amuz.krakow.pl\/en\/wp-json\/wp\/v2\/pages\/96999\/revisions"}],"predecessor-version":[{"id":97680,"href":"https:\/\/www.amuz.krakow.pl\/en\/wp-json\/wp\/v2\/pages\/96999\/revisions\/97680"}],"up":[{"embeddable":true,"href":"https:\/\/www.amuz.krakow.pl\/en\/wp-json\/wp\/v2\/pages\/89192"}],"wp:featuredmedia":[{"embeddable":true,"href":"https:\/\/www.amuz.krakow.pl\/en\/wp-json\/wp\/v2\/media\/96552"}],"wp:attachment":[{"href":"https:\/\/www.amuz.krakow.pl\/en\/wp-json\/wp\/v2\/media?parent=96999"}],"curies":[{"name":"wp","href":"https:\/\/api.w.org\/{rel}","templated":true}]}}