{"id":95687,"date":"2025-01-14T14:10:31","date_gmt":"2025-01-14T13:10:31","guid":{"rendered":"https:\/\/www.amuz.krakow.pl\/?page_id=95687"},"modified":"2025-01-14T14:19:30","modified_gmt":"2025-01-14T13:19:30","slug":"prof-dr-hab-dariusz-bakowski-kois","status":"publish","type":"page","link":"https:\/\/www.amuz.krakow.pl\/en\/organy-uczelni\/rada-uczelni\/sklad-rady\/prof-dr-hab-dariusz-bakowski-kois\/","title":{"rendered":"prof. dr hab. Dariusz B\u0105kowski-Kois"},"content":{"rendered":"<p><a href=\"https:\/\/www.amuz.krakow.pl\/wp-content\/uploads\/2016\/02\/Dariusz-Bakowski-Kopia-IMG_6482.jpg\" target=\"_blank\" rel=\"noopener\"><img loading=\"lazy\" decoding=\"async\" class=\"alignleft wp-image-13679 \" src=\"https:\/\/www.amuz.krakow.pl\/wp-content\/uploads\/2016\/02\/Dariusz-Bakowski-Kopia-IMG_6482-254x300.jpg\" alt=\"\" width=\"187\" height=\"221\" srcset=\"https:\/\/www.amuz.krakow.pl\/wp-content\/uploads\/2016\/02\/Dariusz-Bakowski-Kopia-IMG_6482-254x300.jpg 254w, https:\/\/www.amuz.krakow.pl\/wp-content\/uploads\/2016\/02\/Dariusz-Bakowski-Kopia-IMG_6482-768x905.jpg 768w, https:\/\/www.amuz.krakow.pl\/wp-content\/uploads\/2016\/02\/Dariusz-Bakowski-Kopia-IMG_6482-869x1024.jpg 869w\" sizes=\"auto, (max-width: 187px) 100vw, 187px\" \/><\/a>Dariusz B\u0105kowski-Kois \u2013 born 1973 in Krakow, graduated from the Academy\/University of Music in Krak\u00f3w in the organ class of Prof. J\u00f3zef Serafin (2000; a diploma with honours), since his studies carries on lively concert activity in Poland and abroad: performances in France, Germany, Austria, Switzerland, The Netherlands, Belgium, Norway, Sweden, Estonia, Italy, as well as in Mexico, Brasil, Russia and China. He has played recitals in such prestigious places as Hohe Domkirche St. Peter zu Trier, Antwerpen O.L.V.-Kathedraal, Sint-Baafskathedraal Gent, Sint-Salvatorskathedraal Brugge, Dom aan Sint-Maarten van Utrecht, Kathedrale basiliek Sint-Bavo Haarlem, Grote of Sint-Laurenskerk Rotterdam, Grote of O.L.V. Breda, Metropolitan Cathedral in Moscow or National Centre for the Performing Arts in Beijing. In 2001-2007 closely collaborated with the Capella Cracoviensis ensemble, playing solo parts as well as organo obbligato and basso continuo in numerous concerts.<\/p>\n<p>Specialized in performance of French Neo-Romantic symphonic organ during his post-diploma studies with Prof. Magdalena Czajka at the Frederic Chopin Academy of Music in Warszawa (2002\/2003). Continued his post-diploma studies in the class of organ of Thomas Schm\u00f6gner (2003\/2004,\u00a0 studies in Ferenc Liszt\u2019s organ music) at the Vienna Conservatory, presently Privatuniversit\u00e4t Wien.<\/p>\n<p>He was a member of the jury of the international organ competitions in Rumia and \u0141\u00f3d\u017a and many national Polish organ competitions as well.<\/p>\n<p>In 1997 graduated also from the Jagiellonian University in Krak\u00f3w, where in 2002 received PhD at its Faculty of History. Since 1999 he teaches\u00a0 at Organ Department at the Academy of Music in Krak\u00f3w (since 2013 at full professor post), leading classes in organ playing, chamber music and basso contionuo (being a specialist in ancient, especially baroque music he wrote in 2006 the habilitation dissertation devoted to performance issues of Iberian organ music of the 17th century). In 2014 fulfilled postgraduate studies\u00a0<em>Master of Business Administration \u2013 University Management\u00a0<\/em>at the Adam Mickiewicz University in Pozna\u0144.<\/p>\n<p>In 2008-2012 period was a Vice-Dean of the Instrumental Faculty, 2012-2016 a Vice-Rector of the Academy\/University of Music in Krak\u00f3w, and presently (since 2016)\u00a0 holds the post of\u00a0 Head of Organ Department there.<\/p>\n<p><a role=\"link\" href=\"mailto:dariusz.bakowski.kois@amuz.krakow.pl\">dariusz.bakowski.kois@amuz.krakow.pl<\/a><\/p>","protected":false},"excerpt":{"rendered":"<p>Dariusz B\u0105kowski-Kois \u2013 born 1973 in Krakow, graduated from the Academy\/University of Music in Krak\u00f3w in the organ class of Prof. J\u00f3zef Serafin (2000; a diploma with honours), since his&hellip; <a href=\"https:\/\/www.amuz.krakow.pl\/en\/organy-uczelni\/rada-uczelni\/sklad-rady\/prof-dr-hab-dariusz-bakowski-kois\/\">Continue reading<\/a><\/p>\n","protected":false},"author":72,"featured_media":13679,"parent":42366,"menu_order":2,"comment_status":"closed","ping_status":"closed","template":"","meta":{"footnotes":"","_links_to":"","_links_to_target":""},"class_list":["post-95687","page","type-page","status-publish","has-post-thumbnail","hentry"],"yoast_head":"<!-- This site is optimized with the Yoast SEO plugin v27.2 - https:\/\/yoast.com\/product\/yoast-seo-wordpress\/ -->\n<title>AMKP - Akademia Muzyczna im. Krzysztofa Pendereckiego w Krakowie<\/title>\n<meta name=\"robots\" content=\"index, follow, max-snippet:-1, max-image-preview:large, max-video-preview:-1\" \/>\n<link rel=\"canonical\" href=\"https:\/\/www.amuz.krakow.pl\/organy-uczelni\/rada-uczelni\/sklad-rady\/prof-dr-hab-dariusz-bakowski-kois\/\" \/>\n<meta property=\"og:locale\" content=\"en_US\" \/>\n<meta property=\"og:type\" content=\"article\" \/>\n<meta property=\"og:title\" content=\"AMKP - Akademia Muzyczna im. Krzysztofa Pendereckiego w Krakowie\" \/>\n<meta property=\"og:description\" content=\"Dariusz B\u0105kowski-Kois \u2013 born 1973 in Krakow, graduated from the Academy\/University of Music in Krak\u00f3w in the organ class of Prof. J\u00f3zef Serafin (2000; a diploma with honours), since his&hellip; Continue reading\" \/>\n<meta property=\"og:url\" content=\"https:\/\/www.amuz.krakow.pl\/organy-uczelni\/rada-uczelni\/sklad-rady\/prof-dr-hab-dariusz-bakowski-kois\/\" \/>\n<meta property=\"og:site_name\" content=\"Akademia Muzyczna im. Krzysztofa Pendereckiego w Krakowie\" \/>\n<meta property=\"article:publisher\" content=\"https:\/\/www.facebook.com\/amuz.krakow\" \/>\n<meta property=\"article:modified_time\" content=\"2025-01-14T13:19:30+00:00\" \/>\n<meta property=\"og:image\" content=\"https:\/\/www.amuz.krakow.pl\/wp-content\/uploads\/2016\/02\/Dariusz-Bakowski-Kopia-IMG_6482.jpg\" \/>\n\t<meta property=\"og:image:width\" content=\"2320\" \/>\n\t<meta property=\"og:image:height\" content=\"2735\" \/>\n\t<meta property=\"og:image:type\" content=\"image\/jpeg\" \/>\n<meta name=\"twitter:card\" content=\"summary_large_image\" \/>\n<meta name=\"twitter:label1\" content=\"Est. reading time\" \/>\n\t<meta name=\"twitter:data1\" content=\"3 minutes\" \/>\n<script type=\"application\/ld+json\" class=\"yoast-schema-graph\">{\"@context\":\"https:\/\/schema.org\",\"@graph\":[{\"@type\":\"WebPage\",\"@id\":\"https:\/\/www.amuz.krakow.pl\/organy-uczelni\/rada-uczelni\/sklad-rady\/prof-dr-hab-dariusz-bakowski-kois\/\",\"url\":\"https:\/\/www.amuz.krakow.pl\/organy-uczelni\/rada-uczelni\/sklad-rady\/prof-dr-hab-dariusz-bakowski-kois\/\",\"name\":\"AMKP - Akademia Muzyczna im. Krzysztofa Pendereckiego w Krakowie\",\"isPartOf\":{\"@id\":\"https:\/\/www.amuz.krakow.pl\/#website\"},\"primaryImageOfPage\":{\"@id\":\"https:\/\/www.amuz.krakow.pl\/organy-uczelni\/rada-uczelni\/sklad-rady\/prof-dr-hab-dariusz-bakowski-kois\/#primaryimage\"},\"image\":{\"@id\":\"https:\/\/www.amuz.krakow.pl\/organy-uczelni\/rada-uczelni\/sklad-rady\/prof-dr-hab-dariusz-bakowski-kois\/#primaryimage\"},\"thumbnailUrl\":\"https:\/\/www.amuz.krakow.pl\/wp-content\/uploads\/2016\/02\/Dariusz-Bakowski-Kopia-IMG_6482.jpg\",\"datePublished\":\"2025-01-14T13:10:31+00:00\",\"dateModified\":\"2025-01-14T13:19:30+00:00\",\"breadcrumb\":{\"@id\":\"https:\/\/www.amuz.krakow.pl\/organy-uczelni\/rada-uczelni\/sklad-rady\/prof-dr-hab-dariusz-bakowski-kois\/#breadcrumb\"},\"inLanguage\":\"en-US\",\"potentialAction\":[{\"@type\":\"ReadAction\",\"target\":[\"https:\/\/www.amuz.krakow.pl\/organy-uczelni\/rada-uczelni\/sklad-rady\/prof-dr-hab-dariusz-bakowski-kois\/\"]}]},{\"@type\":\"ImageObject\",\"inLanguage\":\"en-US\",\"@id\":\"https:\/\/www.amuz.krakow.pl\/organy-uczelni\/rada-uczelni\/sklad-rady\/prof-dr-hab-dariusz-bakowski-kois\/#primaryimage\",\"url\":\"https:\/\/www.amuz.krakow.pl\/wp-content\/uploads\/2016\/02\/Dariusz-Bakowski-Kopia-IMG_6482.jpg\",\"contentUrl\":\"https:\/\/www.amuz.krakow.pl\/wp-content\/uploads\/2016\/02\/Dariusz-Bakowski-Kopia-IMG_6482.jpg\",\"width\":2320,\"height\":2735},{\"@type\":\"BreadcrumbList\",\"@id\":\"https:\/\/www.amuz.krakow.pl\/organy-uczelni\/rada-uczelni\/sklad-rady\/prof-dr-hab-dariusz-bakowski-kois\/#breadcrumb\",\"itemListElement\":[{\"@type\":\"ListItem\",\"position\":1,\"name\":\"Strona g\u0142\u00f3wna\",\"item\":\"https:\/\/www.amuz.krakow.pl\/\"},{\"@type\":\"ListItem\",\"position\":2,\"name\":\"Organy Uczelni\",\"item\":\"https:\/\/www.amuz.krakow.pl\/organy-uczelni\/\"},{\"@type\":\"ListItem\",\"position\":3,\"name\":\"Rada Uczelni\",\"item\":\"https:\/\/www.amuz.krakow.pl\/organy-uczelni\/rada-uczelni\/\"},{\"@type\":\"ListItem\",\"position\":4,\"name\":\"Sk\u0142ad Rady\",\"item\":\"https:\/\/www.amuz.krakow.pl\/organy-uczelni\/rada-uczelni\/sklad-rady\/\"},{\"@type\":\"ListItem\",\"position\":5,\"name\":\"prof. dr hab. Dariusz B\u0105kowski-Kois\"}]},{\"@type\":\"WebSite\",\"@id\":\"https:\/\/www.amuz.krakow.pl\/#website\",\"url\":\"https:\/\/www.amuz.krakow.pl\/\",\"name\":\"Akademia Muzyczna im. Krzysztofa Pendereckiego w Krakowie\",\"description\":\"Oficjalna strona Akademii Muzycznej im. Krzysztofa Pendereckiego w Krakowie (AMKP).\",\"publisher\":{\"@id\":\"https:\/\/www.amuz.krakow.pl\/#organization\"},\"alternateName\":\"AMKP\",\"potentialAction\":[{\"@type\":\"SearchAction\",\"target\":{\"@type\":\"EntryPoint\",\"urlTemplate\":\"https:\/\/www.amuz.krakow.pl\/?s={search_term_string}\"},\"query-input\":{\"@type\":\"PropertyValueSpecification\",\"valueRequired\":true,\"valueName\":\"search_term_string\"}}],\"inLanguage\":\"en-US\"},{\"@type\":\"Organization\",\"@id\":\"https:\/\/www.amuz.krakow.pl\/#organization\",\"name\":\"Akademia Muzyczna im. Krzysztofa Pendereckiego w Krakowie\",\"alternateName\":\"AMKP\",\"url\":\"https:\/\/www.amuz.krakow.pl\/\",\"logo\":{\"@type\":\"ImageObject\",\"inLanguage\":\"en-US\",\"@id\":\"https:\/\/www.amuz.krakow.pl\/#\/schema\/logo\/image\/\",\"url\":\"https:\/\/www.amuz.krakow.pl\/wp-content\/uploads\/2021\/11\/amkp.jpg\",\"contentUrl\":\"https:\/\/www.amuz.krakow.pl\/wp-content\/uploads\/2021\/11\/amkp.jpg\",\"width\":1193,\"height\":591,\"caption\":\"Akademia Muzyczna im. Krzysztofa Pendereckiego w Krakowie\"},\"image\":{\"@id\":\"https:\/\/www.amuz.krakow.pl\/#\/schema\/logo\/image\/\"},\"sameAs\":[\"https:\/\/www.facebook.com\/amuz.krakow\",\"https:\/\/www.instagram.com\/amkpenderecki\/\",\"https:\/\/www.youtube.com\/@amkpenderecki4806\"]}]}<\/script>\n<!-- \/ Yoast SEO plugin. -->","yoast_head_json":{"title":"AMKP - Akademia Muzyczna im. Krzysztofa Pendereckiego w Krakowie","robots":{"index":"index","follow":"follow","max-snippet":"max-snippet:-1","max-image-preview":"max-image-preview:large","max-video-preview":"max-video-preview:-1"},"canonical":"https:\/\/www.amuz.krakow.pl\/organy-uczelni\/rada-uczelni\/sklad-rady\/prof-dr-hab-dariusz-bakowski-kois\/","og_locale":"en_US","og_type":"article","og_title":"AMKP - Akademia Muzyczna im. Krzysztofa Pendereckiego w Krakowie","og_description":"Dariusz B\u0105kowski-Kois \u2013 born 1973 in Krakow, graduated from the Academy\/University of Music in Krak\u00f3w in the organ class of Prof. J\u00f3zef Serafin (2000; a diploma with honours), since his&hellip; Continue reading","og_url":"https:\/\/www.amuz.krakow.pl\/organy-uczelni\/rada-uczelni\/sklad-rady\/prof-dr-hab-dariusz-bakowski-kois\/","og_site_name":"Akademia Muzyczna im. Krzysztofa Pendereckiego w Krakowie","article_publisher":"https:\/\/www.facebook.com\/amuz.krakow","article_modified_time":"2025-01-14T13:19:30+00:00","og_image":[{"width":2320,"height":2735,"url":"https:\/\/www.amuz.krakow.pl\/wp-content\/uploads\/2016\/02\/Dariusz-Bakowski-Kopia-IMG_6482.jpg","type":"image\/jpeg"}],"twitter_card":"summary_large_image","twitter_misc":{"Est. reading time":"3 minutes"},"schema":{"@context":"https:\/\/schema.org","@graph":[{"@type":"WebPage","@id":"https:\/\/www.amuz.krakow.pl\/organy-uczelni\/rada-uczelni\/sklad-rady\/prof-dr-hab-dariusz-bakowski-kois\/","url":"https:\/\/www.amuz.krakow.pl\/organy-uczelni\/rada-uczelni\/sklad-rady\/prof-dr-hab-dariusz-bakowski-kois\/","name":"AMKP - Akademia Muzyczna im. Krzysztofa Pendereckiego w Krakowie","isPartOf":{"@id":"https:\/\/www.amuz.krakow.pl\/#website"},"primaryImageOfPage":{"@id":"https:\/\/www.amuz.krakow.pl\/organy-uczelni\/rada-uczelni\/sklad-rady\/prof-dr-hab-dariusz-bakowski-kois\/#primaryimage"},"image":{"@id":"https:\/\/www.amuz.krakow.pl\/organy-uczelni\/rada-uczelni\/sklad-rady\/prof-dr-hab-dariusz-bakowski-kois\/#primaryimage"},"thumbnailUrl":"https:\/\/www.amuz.krakow.pl\/wp-content\/uploads\/2016\/02\/Dariusz-Bakowski-Kopia-IMG_6482.jpg","datePublished":"2025-01-14T13:10:31+00:00","dateModified":"2025-01-14T13:19:30+00:00","breadcrumb":{"@id":"https:\/\/www.amuz.krakow.pl\/organy-uczelni\/rada-uczelni\/sklad-rady\/prof-dr-hab-dariusz-bakowski-kois\/#breadcrumb"},"inLanguage":"en-US","potentialAction":[{"@type":"ReadAction","target":["https:\/\/www.amuz.krakow.pl\/organy-uczelni\/rada-uczelni\/sklad-rady\/prof-dr-hab-dariusz-bakowski-kois\/"]}]},{"@type":"ImageObject","inLanguage":"en-US","@id":"https:\/\/www.amuz.krakow.pl\/organy-uczelni\/rada-uczelni\/sklad-rady\/prof-dr-hab-dariusz-bakowski-kois\/#primaryimage","url":"https:\/\/www.amuz.krakow.pl\/wp-content\/uploads\/2016\/02\/Dariusz-Bakowski-Kopia-IMG_6482.jpg","contentUrl":"https:\/\/www.amuz.krakow.pl\/wp-content\/uploads\/2016\/02\/Dariusz-Bakowski-Kopia-IMG_6482.jpg","width":2320,"height":2735},{"@type":"BreadcrumbList","@id":"https:\/\/www.amuz.krakow.pl\/organy-uczelni\/rada-uczelni\/sklad-rady\/prof-dr-hab-dariusz-bakowski-kois\/#breadcrumb","itemListElement":[{"@type":"ListItem","position":1,"name":"Strona g\u0142\u00f3wna","item":"https:\/\/www.amuz.krakow.pl\/"},{"@type":"ListItem","position":2,"name":"Organy Uczelni","item":"https:\/\/www.amuz.krakow.pl\/organy-uczelni\/"},{"@type":"ListItem","position":3,"name":"Rada Uczelni","item":"https:\/\/www.amuz.krakow.pl\/organy-uczelni\/rada-uczelni\/"},{"@type":"ListItem","position":4,"name":"Sk\u0142ad Rady","item":"https:\/\/www.amuz.krakow.pl\/organy-uczelni\/rada-uczelni\/sklad-rady\/"},{"@type":"ListItem","position":5,"name":"prof. dr hab. Dariusz B\u0105kowski-Kois"}]},{"@type":"WebSite","@id":"https:\/\/www.amuz.krakow.pl\/#website","url":"https:\/\/www.amuz.krakow.pl\/","name":"Akademia Muzyczna im. Krzysztofa Pendereckiego w Krakowie","description":"Oficjalna strona Akademii Muzycznej im. Krzysztofa Pendereckiego w Krakowie (AMKP).","publisher":{"@id":"https:\/\/www.amuz.krakow.pl\/#organization"},"alternateName":"AMKP","potentialAction":[{"@type":"SearchAction","target":{"@type":"EntryPoint","urlTemplate":"https:\/\/www.amuz.krakow.pl\/?s={search_term_string}"},"query-input":{"@type":"PropertyValueSpecification","valueRequired":true,"valueName":"search_term_string"}}],"inLanguage":"en-US"},{"@type":"Organization","@id":"https:\/\/www.amuz.krakow.pl\/#organization","name":"Akademia Muzyczna im. Krzysztofa Pendereckiego w Krakowie","alternateName":"AMKP","url":"https:\/\/www.amuz.krakow.pl\/","logo":{"@type":"ImageObject","inLanguage":"en-US","@id":"https:\/\/www.amuz.krakow.pl\/#\/schema\/logo\/image\/","url":"https:\/\/www.amuz.krakow.pl\/wp-content\/uploads\/2021\/11\/amkp.jpg","contentUrl":"https:\/\/www.amuz.krakow.pl\/wp-content\/uploads\/2021\/11\/amkp.jpg","width":1193,"height":591,"caption":"Akademia Muzyczna im. Krzysztofa Pendereckiego w Krakowie"},"image":{"@id":"https:\/\/www.amuz.krakow.pl\/#\/schema\/logo\/image\/"},"sameAs":["https:\/\/www.facebook.com\/amuz.krakow","https:\/\/www.instagram.com\/amkpenderecki\/","https:\/\/www.youtube.com\/@amkpenderecki4806"]}]}},"_links":{"self":[{"href":"https:\/\/www.amuz.krakow.pl\/en\/wp-json\/wp\/v2\/pages\/95687","targetHints":{"allow":["GET"]}}],"collection":[{"href":"https:\/\/www.amuz.krakow.pl\/en\/wp-json\/wp\/v2\/pages"}],"about":[{"href":"https:\/\/www.amuz.krakow.pl\/en\/wp-json\/wp\/v2\/types\/page"}],"author":[{"embeddable":true,"href":"https:\/\/www.amuz.krakow.pl\/en\/wp-json\/wp\/v2\/users\/72"}],"replies":[{"embeddable":true,"href":"https:\/\/www.amuz.krakow.pl\/en\/wp-json\/wp\/v2\/comments?post=95687"}],"version-history":[{"count":2,"href":"https:\/\/www.amuz.krakow.pl\/en\/wp-json\/wp\/v2\/pages\/95687\/revisions"}],"predecessor-version":[{"id":95692,"href":"https:\/\/www.amuz.krakow.pl\/en\/wp-json\/wp\/v2\/pages\/95687\/revisions\/95692"}],"up":[{"embeddable":true,"href":"https:\/\/www.amuz.krakow.pl\/en\/wp-json\/wp\/v2\/pages\/42366"}],"wp:featuredmedia":[{"embeddable":true,"href":"https:\/\/www.amuz.krakow.pl\/en\/wp-json\/wp\/v2\/media\/13679"}],"wp:attachment":[{"href":"https:\/\/www.amuz.krakow.pl\/en\/wp-json\/wp\/v2\/media?parent=95687"}],"curies":[{"name":"wp","href":"https:\/\/api.w.org\/{rel}","templated":true}]}}