{"id":93522,"date":"2024-11-27T12:16:25","date_gmt":"2024-11-27T11:16:25","guid":{"rendered":"https:\/\/www.amuz.krakow.pl\/?page_id=93522"},"modified":"2026-01-21T10:43:16","modified_gmt":"2026-01-21T09:43:16","slug":"other-short-mobility-opportunities","status":"publish","type":"page","link":"https:\/\/www.amuz.krakow.pl\/en\/erasmus\/short-mobility\/other-short-mobility-opportunities\/","title":{"rendered":"Other short mobility opportunities"},"content":{"rendered":"<p>If you are interested \u2013 please contact\u00a0<a href=\"mailto:international@amuz.krakow.pl\">international@amuz.krakow.pl<\/a><\/p>\n<hr \/>\n<p style=\"text-align: left;\">We encourage you to explore mobility opportunities at <strong><a href=\"http:\/\/staffmobility.eu\/staff-Week-search\" target=\"_blank\" rel=\"noopener\">staffmobility.eu<\/a>.<\/strong><\/p>\n<hr \/>\n<p><strong>LITHUANIA, Vytautas Magnus University\u00a0<\/strong><\/p>\n<p style=\"text-align: center;\"><span style=\"font-size: 12pt;\"><strong>ERASMUS+ STAFF WEEK<\/strong><\/span><\/p>\n<p><a href=\"https:\/\/www.amuz.krakow.pl\/wp-content\/uploads\/2026\/01\/staff-week.png\" target=\"_blank\" rel=\"noopener\"><img loading=\"lazy\" decoding=\"async\" class=\"aligncenter wp-image-113773\" src=\"https:\/\/www.amuz.krakow.pl\/wp-content\/uploads\/2026\/01\/staff-week.png\" alt=\"\" width=\"400\" height=\"156\" srcset=\"https:\/\/www.amuz.krakow.pl\/wp-content\/uploads\/2026\/01\/staff-week.png 384w, https:\/\/www.amuz.krakow.pl\/wp-content\/uploads\/2026\/01\/staff-week-300x117.png 300w\" sizes=\"auto, (max-width: 400px) 100vw, 400px\" \/><\/a><\/p>\n<p style=\"text-align: center;\">For whom?<strong> teaching staff and administrative staff<br \/>\n<\/strong>When?<strong> 20-24 April 2026<br \/>\n<\/strong>Where? <strong>Vytautas Magnus University, Kaunas (Litwa)<br \/>\n<\/strong>Application deadline:<strong> 31 January 2026<\/strong><\/p>\n<p style=\"text-align: center;\"><a href=\"https:\/\/www.vdu.lt\/en\/international-cooperation\/for-professors-staff\/international-staff-week-2026\/\" target=\"_blank\" rel=\"noopener\">More information<\/a><\/p>\n<p><\/p>","protected":false},"excerpt":{"rendered":"<p>If you are interested \u2013 please contact\u00a0international@amuz.krakow.pl We encourage you to explore mobility opportunities at staffmobility.eu. LITHUANIA, Vytautas Magnus University\u00a0 ERASMUS+ STAFF WEEK For whom? teaching staff and administrative staff&hellip; <a href=\"https:\/\/www.amuz.krakow.pl\/en\/erasmus\/short-mobility\/other-short-mobility-opportunities\/\">Continue reading<\/a><\/p>\n","protected":false},"author":72,"featured_media":0,"parent":82842,"menu_order":3,"comment_status":"closed","ping_status":"closed","template":"","meta":{"footnotes":"","_links_to":"","_links_to_target":""},"class_list":["post-93522","page","type-page","status-publish","hentry"],"yoast_head":"<!-- This site is optimized with the Yoast SEO plugin v27.4 - https:\/\/yoast.com\/product\/yoast-seo-wordpress\/ -->\n<title>AMKP - Akademia Muzyczna im. Krzysztofa Pendereckiego w Krakowie<\/title>\n<meta name=\"robots\" content=\"index, follow, max-snippet:-1, max-image-preview:large, max-video-preview:-1\" \/>\n<link rel=\"canonical\" href=\"https:\/\/www.amuz.krakow.pl\/erasmus\/short-mobility\/other-short-mobility-opportunities\/\" \/>\n<meta property=\"og:locale\" content=\"en_US\" \/>\n<meta property=\"og:type\" content=\"article\" \/>\n<meta property=\"og:title\" content=\"AMKP - Akademia Muzyczna im. Krzysztofa Pendereckiego w Krakowie\" \/>\n<meta property=\"og:description\" content=\"If you are interested \u2013 please contact\u00a0international@amuz.krakow.pl We encourage you to explore mobility opportunities at staffmobility.eu. LITHUANIA, Vytautas Magnus University\u00a0 ERASMUS+ STAFF WEEK For whom? teaching staff and administrative staff&hellip; Continue reading\" \/>\n<meta property=\"og:url\" content=\"https:\/\/www.amuz.krakow.pl\/erasmus\/short-mobility\/other-short-mobility-opportunities\/\" \/>\n<meta property=\"og:site_name\" content=\"Akademia Muzyczna im. Krzysztofa Pendereckiego w Krakowie\" \/>\n<meta property=\"article:publisher\" content=\"https:\/\/www.facebook.com\/amuz.krakow\" \/>\n<meta property=\"article:modified_time\" content=\"2026-01-21T09:43:16+00:00\" \/>\n<meta property=\"og:image\" content=\"https:\/\/www.amuz.krakow.pl\/wp-content\/uploads\/2026\/01\/staff-week.png\" \/>\n\t<meta property=\"og:image:width\" content=\"384\" \/>\n\t<meta property=\"og:image:height\" content=\"150\" \/>\n\t<meta property=\"og:image:type\" content=\"image\/png\" \/>\n<meta name=\"twitter:card\" content=\"summary_large_image\" \/>\n<meta name=\"twitter:label1\" content=\"Est. reading time\" \/>\n\t<meta name=\"twitter:data1\" content=\"1 minute\" \/>\n<script type=\"application\/ld+json\" class=\"yoast-schema-graph\">{\"@context\":\"https:\\\/\\\/schema.org\",\"@graph\":[{\"@type\":\"WebPage\",\"@id\":\"https:\\\/\\\/www.amuz.krakow.pl\\\/erasmus\\\/short-mobility\\\/other-short-mobility-opportunities\\\/\",\"url\":\"https:\\\/\\\/www.amuz.krakow.pl\\\/erasmus\\\/short-mobility\\\/other-short-mobility-opportunities\\\/\",\"name\":\"AMKP - Akademia Muzyczna im. Krzysztofa Pendereckiego w Krakowie\",\"isPartOf\":{\"@id\":\"https:\\\/\\\/www.amuz.krakow.pl\\\/#website\"},\"primaryImageOfPage\":{\"@id\":\"https:\\\/\\\/www.amuz.krakow.pl\\\/erasmus\\\/short-mobility\\\/other-short-mobility-opportunities\\\/#primaryimage\"},\"image\":{\"@id\":\"https:\\\/\\\/www.amuz.krakow.pl\\\/erasmus\\\/short-mobility\\\/other-short-mobility-opportunities\\\/#primaryimage\"},\"thumbnailUrl\":\"https:\\\/\\\/www.amuz.krakow.pl\\\/wp-content\\\/uploads\\\/2026\\\/01\\\/staff-week.png\",\"datePublished\":\"2024-11-27T11:16:25+00:00\",\"dateModified\":\"2026-01-21T09:43:16+00:00\",\"breadcrumb\":{\"@id\":\"https:\\\/\\\/www.amuz.krakow.pl\\\/erasmus\\\/short-mobility\\\/other-short-mobility-opportunities\\\/#breadcrumb\"},\"inLanguage\":\"en-US\",\"potentialAction\":[{\"@type\":\"ReadAction\",\"target\":[\"https:\\\/\\\/www.amuz.krakow.pl\\\/erasmus\\\/short-mobility\\\/other-short-mobility-opportunities\\\/\"]}]},{\"@type\":\"ImageObject\",\"inLanguage\":\"en-US\",\"@id\":\"https:\\\/\\\/www.amuz.krakow.pl\\\/erasmus\\\/short-mobility\\\/other-short-mobility-opportunities\\\/#primaryimage\",\"url\":\"https:\\\/\\\/www.amuz.krakow.pl\\\/wp-content\\\/uploads\\\/2026\\\/01\\\/staff-week.png\",\"contentUrl\":\"https:\\\/\\\/www.amuz.krakow.pl\\\/wp-content\\\/uploads\\\/2026\\\/01\\\/staff-week.png\"},{\"@type\":\"BreadcrumbList\",\"@id\":\"https:\\\/\\\/www.amuz.krakow.pl\\\/erasmus\\\/short-mobility\\\/other-short-mobility-opportunities\\\/#breadcrumb\",\"itemListElement\":[{\"@type\":\"ListItem\",\"position\":1,\"name\":\"Strona g\u0142\u00f3wna\",\"item\":\"https:\\\/\\\/www.amuz.krakow.pl\\\/\"},{\"@type\":\"ListItem\",\"position\":2,\"name\":\"ERASMUS+\",\"item\":\"https:\\\/\\\/www.amuz.krakow.pl\\\/erasmus\\\/\"},{\"@type\":\"ListItem\",\"position\":3,\"name\":\"Og\u0142oszenia zewn\u0119trzne\",\"item\":\"https:\\\/\\\/www.amuz.krakow.pl\\\/erasmus\\\/short-mobility\\\/\"},{\"@type\":\"ListItem\",\"position\":4,\"name\":\"Inne mo\u017cliwo\u015bci wyjazd\u00f3w kr\u00f3tkoterminowych\"}]},{\"@type\":\"WebSite\",\"@id\":\"https:\\\/\\\/www.amuz.krakow.pl\\\/#website\",\"url\":\"https:\\\/\\\/www.amuz.krakow.pl\\\/\",\"name\":\"Akademia Muzyczna im. Krzysztofa Pendereckiego w Krakowie\",\"description\":\"Oficjalna strona Akademii Muzycznej im. Krzysztofa Pendereckiego w Krakowie (AMKP).\",\"publisher\":{\"@id\":\"https:\\\/\\\/www.amuz.krakow.pl\\\/#organization\"},\"alternateName\":\"AMKP\",\"potentialAction\":[{\"@type\":\"SearchAction\",\"target\":{\"@type\":\"EntryPoint\",\"urlTemplate\":\"https:\\\/\\\/www.amuz.krakow.pl\\\/?s={search_term_string}\"},\"query-input\":{\"@type\":\"PropertyValueSpecification\",\"valueRequired\":true,\"valueName\":\"search_term_string\"}}],\"inLanguage\":\"en-US\"},{\"@type\":\"Organization\",\"@id\":\"https:\\\/\\\/www.amuz.krakow.pl\\\/#organization\",\"name\":\"Akademia Muzyczna im. Krzysztofa Pendereckiego w Krakowie\",\"alternateName\":\"AMKP\",\"url\":\"https:\\\/\\\/www.amuz.krakow.pl\\\/\",\"logo\":{\"@type\":\"ImageObject\",\"inLanguage\":\"en-US\",\"@id\":\"https:\\\/\\\/www.amuz.krakow.pl\\\/#\\\/schema\\\/logo\\\/image\\\/\",\"url\":\"https:\\\/\\\/www.amuz.krakow.pl\\\/wp-content\\\/uploads\\\/2021\\\/11\\\/amkp.jpg\",\"contentUrl\":\"https:\\\/\\\/www.amuz.krakow.pl\\\/wp-content\\\/uploads\\\/2021\\\/11\\\/amkp.jpg\",\"width\":1193,\"height\":591,\"caption\":\"Akademia Muzyczna im. Krzysztofa Pendereckiego w Krakowie\"},\"image\":{\"@id\":\"https:\\\/\\\/www.amuz.krakow.pl\\\/#\\\/schema\\\/logo\\\/image\\\/\"},\"sameAs\":[\"https:\\\/\\\/www.facebook.com\\\/amuz.krakow\",\"https:\\\/\\\/www.instagram.com\\\/amkpenderecki\\\/\",\"https:\\\/\\\/www.youtube.com\\\/@amkpenderecki4806\"]}]}<\/script>\n<!-- \/ Yoast SEO plugin. -->","yoast_head_json":{"title":"AMKP - Akademia Muzyczna im. Krzysztofa Pendereckiego w Krakowie","robots":{"index":"index","follow":"follow","max-snippet":"max-snippet:-1","max-image-preview":"max-image-preview:large","max-video-preview":"max-video-preview:-1"},"canonical":"https:\/\/www.amuz.krakow.pl\/erasmus\/short-mobility\/other-short-mobility-opportunities\/","og_locale":"en_US","og_type":"article","og_title":"AMKP - Akademia Muzyczna im. Krzysztofa Pendereckiego w Krakowie","og_description":"If you are interested \u2013 please contact\u00a0international@amuz.krakow.pl We encourage you to explore mobility opportunities at staffmobility.eu. LITHUANIA, Vytautas Magnus University\u00a0 ERASMUS+ STAFF WEEK For whom? teaching staff and administrative staff&hellip; Continue reading","og_url":"https:\/\/www.amuz.krakow.pl\/erasmus\/short-mobility\/other-short-mobility-opportunities\/","og_site_name":"Akademia Muzyczna im. Krzysztofa Pendereckiego w Krakowie","article_publisher":"https:\/\/www.facebook.com\/amuz.krakow","article_modified_time":"2026-01-21T09:43:16+00:00","og_image":[{"width":384,"height":150,"url":"https:\/\/www.amuz.krakow.pl\/wp-content\/uploads\/2026\/01\/staff-week.png","type":"image\/png"}],"twitter_card":"summary_large_image","twitter_misc":{"Est. reading time":"1 minute"},"schema":{"@context":"https:\/\/schema.org","@graph":[{"@type":"WebPage","@id":"https:\/\/www.amuz.krakow.pl\/erasmus\/short-mobility\/other-short-mobility-opportunities\/","url":"https:\/\/www.amuz.krakow.pl\/erasmus\/short-mobility\/other-short-mobility-opportunities\/","name":"AMKP - Akademia Muzyczna im. Krzysztofa Pendereckiego w Krakowie","isPartOf":{"@id":"https:\/\/www.amuz.krakow.pl\/#website"},"primaryImageOfPage":{"@id":"https:\/\/www.amuz.krakow.pl\/erasmus\/short-mobility\/other-short-mobility-opportunities\/#primaryimage"},"image":{"@id":"https:\/\/www.amuz.krakow.pl\/erasmus\/short-mobility\/other-short-mobility-opportunities\/#primaryimage"},"thumbnailUrl":"https:\/\/www.amuz.krakow.pl\/wp-content\/uploads\/2026\/01\/staff-week.png","datePublished":"2024-11-27T11:16:25+00:00","dateModified":"2026-01-21T09:43:16+00:00","breadcrumb":{"@id":"https:\/\/www.amuz.krakow.pl\/erasmus\/short-mobility\/other-short-mobility-opportunities\/#breadcrumb"},"inLanguage":"en-US","potentialAction":[{"@type":"ReadAction","target":["https:\/\/www.amuz.krakow.pl\/erasmus\/short-mobility\/other-short-mobility-opportunities\/"]}]},{"@type":"ImageObject","inLanguage":"en-US","@id":"https:\/\/www.amuz.krakow.pl\/erasmus\/short-mobility\/other-short-mobility-opportunities\/#primaryimage","url":"https:\/\/www.amuz.krakow.pl\/wp-content\/uploads\/2026\/01\/staff-week.png","contentUrl":"https:\/\/www.amuz.krakow.pl\/wp-content\/uploads\/2026\/01\/staff-week.png"},{"@type":"BreadcrumbList","@id":"https:\/\/www.amuz.krakow.pl\/erasmus\/short-mobility\/other-short-mobility-opportunities\/#breadcrumb","itemListElement":[{"@type":"ListItem","position":1,"name":"Strona g\u0142\u00f3wna","item":"https:\/\/www.amuz.krakow.pl\/"},{"@type":"ListItem","position":2,"name":"ERASMUS+","item":"https:\/\/www.amuz.krakow.pl\/erasmus\/"},{"@type":"ListItem","position":3,"name":"Og\u0142oszenia zewn\u0119trzne","item":"https:\/\/www.amuz.krakow.pl\/erasmus\/short-mobility\/"},{"@type":"ListItem","position":4,"name":"Inne mo\u017cliwo\u015bci wyjazd\u00f3w kr\u00f3tkoterminowych"}]},{"@type":"WebSite","@id":"https:\/\/www.amuz.krakow.pl\/#website","url":"https:\/\/www.amuz.krakow.pl\/","name":"Akademia Muzyczna im. Krzysztofa Pendereckiego w Krakowie","description":"Oficjalna strona Akademii Muzycznej im. Krzysztofa Pendereckiego w Krakowie (AMKP).","publisher":{"@id":"https:\/\/www.amuz.krakow.pl\/#organization"},"alternateName":"AMKP","potentialAction":[{"@type":"SearchAction","target":{"@type":"EntryPoint","urlTemplate":"https:\/\/www.amuz.krakow.pl\/?s={search_term_string}"},"query-input":{"@type":"PropertyValueSpecification","valueRequired":true,"valueName":"search_term_string"}}],"inLanguage":"en-US"},{"@type":"Organization","@id":"https:\/\/www.amuz.krakow.pl\/#organization","name":"Akademia Muzyczna im. Krzysztofa Pendereckiego w Krakowie","alternateName":"AMKP","url":"https:\/\/www.amuz.krakow.pl\/","logo":{"@type":"ImageObject","inLanguage":"en-US","@id":"https:\/\/www.amuz.krakow.pl\/#\/schema\/logo\/image\/","url":"https:\/\/www.amuz.krakow.pl\/wp-content\/uploads\/2021\/11\/amkp.jpg","contentUrl":"https:\/\/www.amuz.krakow.pl\/wp-content\/uploads\/2021\/11\/amkp.jpg","width":1193,"height":591,"caption":"Akademia Muzyczna im. Krzysztofa Pendereckiego w Krakowie"},"image":{"@id":"https:\/\/www.amuz.krakow.pl\/#\/schema\/logo\/image\/"},"sameAs":["https:\/\/www.facebook.com\/amuz.krakow","https:\/\/www.instagram.com\/amkpenderecki\/","https:\/\/www.youtube.com\/@amkpenderecki4806"]}]}},"_links":{"self":[{"href":"https:\/\/www.amuz.krakow.pl\/en\/wp-json\/wp\/v2\/pages\/93522","targetHints":{"allow":["GET"]}}],"collection":[{"href":"https:\/\/www.amuz.krakow.pl\/en\/wp-json\/wp\/v2\/pages"}],"about":[{"href":"https:\/\/www.amuz.krakow.pl\/en\/wp-json\/wp\/v2\/types\/page"}],"author":[{"embeddable":true,"href":"https:\/\/www.amuz.krakow.pl\/en\/wp-json\/wp\/v2\/users\/72"}],"replies":[{"embeddable":true,"href":"https:\/\/www.amuz.krakow.pl\/en\/wp-json\/wp\/v2\/comments?post=93522"}],"version-history":[{"count":16,"href":"https:\/\/www.amuz.krakow.pl\/en\/wp-json\/wp\/v2\/pages\/93522\/revisions"}],"predecessor-version":[{"id":113774,"href":"https:\/\/www.amuz.krakow.pl\/en\/wp-json\/wp\/v2\/pages\/93522\/revisions\/113774"}],"up":[{"embeddable":true,"href":"https:\/\/www.amuz.krakow.pl\/en\/wp-json\/wp\/v2\/pages\/82842"}],"wp:attachment":[{"href":"https:\/\/www.amuz.krakow.pl\/en\/wp-json\/wp\/v2\/media?parent=93522"}],"curies":[{"name":"wp","href":"https:\/\/api.w.org\/{rel}","templated":true}]}}