{"id":91980,"date":"2024-11-04T15:19:08","date_gmt":"2024-11-04T14:19:08","guid":{"rendered":"https:\/\/www.amuz.krakow.pl\/?page_id=91980"},"modified":"2024-11-04T15:45:57","modified_gmt":"2024-11-04T14:45:57","slug":"akademicki-dzien-pamieci-2024","status":"publish","type":"page","link":"https:\/\/www.amuz.krakow.pl\/en\/akademicki-dzien-pamieci-2024\/","title":{"rendered":"Academic Remembrance Day 2024"},"content":{"rendered":"<p><strong><span style=\"font-size: 12pt;\">6 NOVEMBER 2024<\/span><\/strong><\/p>\n<p><strong>9 a.m., Rakowicki Cemetary<\/strong><\/p>\n<p>laying of flowers at the graves of deceased AMKP professors by the AMKP Rector<\/p>\n<p><strong>11 a.m., Aula of Collegium Novum, ul. Go\u0142\u0119bia 24<\/strong><\/p>\n<ul>\n<li>address by the Rector of the Jagiellonian University <strong>prof. dr hab. Piotra Jedynaka<\/strong><\/li>\n<li>lecture by\u00a0<strong>dr hab. S\u0142awomira Sprawskiego, prof. UJ<\/strong> <em>Profesor J\u00f3zef Wolski &#8211; historyk \u015bwiata staro\u017cytnego<\/em><\/li>\n<li>lecture by\u00a0<strong>dr Teresa Wolskiej-Smole\u0144 <\/strong><em>J\u00f3zef Wolski i jego Uniwersytet<\/em><\/li>\n<li>artistic part:<br \/>\nMieczys\u0142aw Wajnberg \u2013 Sonata for cello and piano No. 2, op. 63<strong>prof. dr hab. Marek Szlezer<\/strong> piano<br \/>\n<strong>prof. dr hab. Jan Kalinowski<\/strong> cello<\/li>\n<\/ul>\n<ul>\n<li>Remembrance Appeal<\/li>\n<li>laying of wreaths under memorial plaques in Collegium Novum, commemorating the victims of Sonderaktion Krakau, in room 56, where the professors were arrested in 1939, the professors of the John Casimir University in Lvov, and the victims of Katyn massacre, laying of a wreath at the Oak of Freedom.<\/li>\n<\/ul>\n<p><strong>7:30 p.m., The University Collegiate Church of St. Anne in Krak\u00f3w<\/strong><\/p>\n<p>Holy Mass for the victims of Sonderaction Krakau and the WWII, as well as professors, staff, students, doctorants of Krakow higher education institutions who passed away in the past academic year.<\/p>","protected":false},"excerpt":{"rendered":"<p>6 NOVEMBER 2024 9 a.m., Rakowicki Cemetary laying of flowers at the graves of deceased AMKP professors by the AMKP Rector 11 a.m., Aula of Collegium Novum, ul. Go\u0142\u0119bia 24&hellip; <a href=\"https:\/\/www.amuz.krakow.pl\/en\/akademicki-dzien-pamieci-2024\/\">Continue reading<\/a><\/p>\n","protected":false},"author":72,"featured_media":67380,"parent":0,"menu_order":0,"comment_status":"closed","ping_status":"closed","template":"","meta":{"footnotes":"","_links_to":"","_links_to_target":""},"class_list":["post-91980","page","type-page","status-publish","has-post-thumbnail","hentry"],"yoast_head":"<!-- This site is optimized with the Yoast SEO plugin v27.2 - https:\/\/yoast.com\/product\/yoast-seo-wordpress\/ -->\n<title>AMKP - Akademia Muzyczna im. Krzysztofa Pendereckiego w Krakowie<\/title>\n<meta name=\"robots\" content=\"index, follow, max-snippet:-1, max-image-preview:large, max-video-preview:-1\" \/>\n<link rel=\"canonical\" href=\"https:\/\/www.amuz.krakow.pl\/akademicki-dzien-pamieci-2024\/\" \/>\n<meta property=\"og:locale\" content=\"en_US\" \/>\n<meta property=\"og:type\" content=\"article\" \/>\n<meta property=\"og:title\" content=\"AMKP - Akademia Muzyczna im. Krzysztofa Pendereckiego w Krakowie\" \/>\n<meta property=\"og:description\" content=\"6 NOVEMBER 2024 9 a.m., Rakowicki Cemetary laying of flowers at the graves of deceased AMKP professors by the AMKP Rector 11 a.m., Aula of Collegium Novum, ul. Go\u0142\u0119bia 24&hellip; Continue reading\" \/>\n<meta property=\"og:url\" content=\"https:\/\/www.amuz.krakow.pl\/akademicki-dzien-pamieci-2024\/\" \/>\n<meta property=\"og:site_name\" content=\"Akademia Muzyczna im. Krzysztofa Pendereckiego w Krakowie\" \/>\n<meta property=\"article:publisher\" content=\"https:\/\/www.facebook.com\/amuz.krakow\" \/>\n<meta property=\"article:modified_time\" content=\"2024-11-04T14:45:57+00:00\" \/>\n<meta property=\"og:image\" content=\"https:\/\/www.amuz.krakow.pl\/wp-content\/uploads\/2022\/11\/zaproszenie-dzien-pamieci-web.jpg\" \/>\n\t<meta property=\"og:image:width\" content=\"800\" \/>\n\t<meta property=\"og:image:height\" content=\"400\" \/>\n\t<meta property=\"og:image:type\" content=\"image\/jpeg\" \/>\n<meta name=\"twitter:card\" content=\"summary_large_image\" \/>\n<meta name=\"twitter:label1\" content=\"Est. reading time\" \/>\n\t<meta name=\"twitter:data1\" content=\"2 minutes\" \/>\n<script type=\"application\/ld+json\" class=\"yoast-schema-graph\">{\"@context\":\"https:\/\/schema.org\",\"@graph\":[{\"@type\":\"WebPage\",\"@id\":\"https:\/\/www.amuz.krakow.pl\/akademicki-dzien-pamieci-2024\/\",\"url\":\"https:\/\/www.amuz.krakow.pl\/akademicki-dzien-pamieci-2024\/\",\"name\":\"AMKP - Akademia Muzyczna im. Krzysztofa Pendereckiego w Krakowie\",\"isPartOf\":{\"@id\":\"https:\/\/www.amuz.krakow.pl\/#website\"},\"primaryImageOfPage\":{\"@id\":\"https:\/\/www.amuz.krakow.pl\/akademicki-dzien-pamieci-2024\/#primaryimage\"},\"image\":{\"@id\":\"https:\/\/www.amuz.krakow.pl\/akademicki-dzien-pamieci-2024\/#primaryimage\"},\"thumbnailUrl\":\"https:\/\/www.amuz.krakow.pl\/wp-content\/uploads\/2022\/11\/zaproszenie-dzien-pamieci-web.jpg\",\"datePublished\":\"2024-11-04T14:19:08+00:00\",\"dateModified\":\"2024-11-04T14:45:57+00:00\",\"breadcrumb\":{\"@id\":\"https:\/\/www.amuz.krakow.pl\/akademicki-dzien-pamieci-2024\/#breadcrumb\"},\"inLanguage\":\"en-US\",\"potentialAction\":[{\"@type\":\"ReadAction\",\"target\":[\"https:\/\/www.amuz.krakow.pl\/akademicki-dzien-pamieci-2024\/\"]}]},{\"@type\":\"ImageObject\",\"inLanguage\":\"en-US\",\"@id\":\"https:\/\/www.amuz.krakow.pl\/akademicki-dzien-pamieci-2024\/#primaryimage\",\"url\":\"https:\/\/www.amuz.krakow.pl\/wp-content\/uploads\/2022\/11\/zaproszenie-dzien-pamieci-web.jpg\",\"contentUrl\":\"https:\/\/www.amuz.krakow.pl\/wp-content\/uploads\/2022\/11\/zaproszenie-dzien-pamieci-web.jpg\",\"width\":800,\"height\":400},{\"@type\":\"BreadcrumbList\",\"@id\":\"https:\/\/www.amuz.krakow.pl\/akademicki-dzien-pamieci-2024\/#breadcrumb\",\"itemListElement\":[{\"@type\":\"ListItem\",\"position\":1,\"name\":\"Strona g\u0142\u00f3wna\",\"item\":\"https:\/\/www.amuz.krakow.pl\/\"},{\"@type\":\"ListItem\",\"position\":2,\"name\":\"Akademicki Dzie\u0144 Pami\u0119ci 2024\"}]},{\"@type\":\"WebSite\",\"@id\":\"https:\/\/www.amuz.krakow.pl\/#website\",\"url\":\"https:\/\/www.amuz.krakow.pl\/\",\"name\":\"Akademia Muzyczna im. Krzysztofa Pendereckiego w Krakowie\",\"description\":\"Oficjalna strona Akademii Muzycznej im. Krzysztofa Pendereckiego w Krakowie (AMKP).\",\"publisher\":{\"@id\":\"https:\/\/www.amuz.krakow.pl\/#organization\"},\"alternateName\":\"AMKP\",\"potentialAction\":[{\"@type\":\"SearchAction\",\"target\":{\"@type\":\"EntryPoint\",\"urlTemplate\":\"https:\/\/www.amuz.krakow.pl\/?s={search_term_string}\"},\"query-input\":{\"@type\":\"PropertyValueSpecification\",\"valueRequired\":true,\"valueName\":\"search_term_string\"}}],\"inLanguage\":\"en-US\"},{\"@type\":\"Organization\",\"@id\":\"https:\/\/www.amuz.krakow.pl\/#organization\",\"name\":\"Akademia Muzyczna im. Krzysztofa Pendereckiego w Krakowie\",\"alternateName\":\"AMKP\",\"url\":\"https:\/\/www.amuz.krakow.pl\/\",\"logo\":{\"@type\":\"ImageObject\",\"inLanguage\":\"en-US\",\"@id\":\"https:\/\/www.amuz.krakow.pl\/#\/schema\/logo\/image\/\",\"url\":\"https:\/\/www.amuz.krakow.pl\/wp-content\/uploads\/2021\/11\/amkp.jpg\",\"contentUrl\":\"https:\/\/www.amuz.krakow.pl\/wp-content\/uploads\/2021\/11\/amkp.jpg\",\"width\":1193,\"height\":591,\"caption\":\"Akademia Muzyczna im. Krzysztofa Pendereckiego w Krakowie\"},\"image\":{\"@id\":\"https:\/\/www.amuz.krakow.pl\/#\/schema\/logo\/image\/\"},\"sameAs\":[\"https:\/\/www.facebook.com\/amuz.krakow\",\"https:\/\/www.instagram.com\/amkpenderecki\/\",\"https:\/\/www.youtube.com\/@amkpenderecki4806\"]}]}<\/script>\n<!-- \/ Yoast SEO plugin. -->","yoast_head_json":{"title":"AMKP - Akademia Muzyczna im. Krzysztofa Pendereckiego w Krakowie","robots":{"index":"index","follow":"follow","max-snippet":"max-snippet:-1","max-image-preview":"max-image-preview:large","max-video-preview":"max-video-preview:-1"},"canonical":"https:\/\/www.amuz.krakow.pl\/akademicki-dzien-pamieci-2024\/","og_locale":"en_US","og_type":"article","og_title":"AMKP - Akademia Muzyczna im. Krzysztofa Pendereckiego w Krakowie","og_description":"6 NOVEMBER 2024 9 a.m., Rakowicki Cemetary laying of flowers at the graves of deceased AMKP professors by the AMKP Rector 11 a.m., Aula of Collegium Novum, ul. Go\u0142\u0119bia 24&hellip; Continue reading","og_url":"https:\/\/www.amuz.krakow.pl\/akademicki-dzien-pamieci-2024\/","og_site_name":"Akademia Muzyczna im. Krzysztofa Pendereckiego w Krakowie","article_publisher":"https:\/\/www.facebook.com\/amuz.krakow","article_modified_time":"2024-11-04T14:45:57+00:00","og_image":[{"width":800,"height":400,"url":"https:\/\/www.amuz.krakow.pl\/wp-content\/uploads\/2022\/11\/zaproszenie-dzien-pamieci-web.jpg","type":"image\/jpeg"}],"twitter_card":"summary_large_image","twitter_misc":{"Est. reading time":"2 minutes"},"schema":{"@context":"https:\/\/schema.org","@graph":[{"@type":"WebPage","@id":"https:\/\/www.amuz.krakow.pl\/akademicki-dzien-pamieci-2024\/","url":"https:\/\/www.amuz.krakow.pl\/akademicki-dzien-pamieci-2024\/","name":"AMKP - Akademia Muzyczna im. Krzysztofa Pendereckiego w Krakowie","isPartOf":{"@id":"https:\/\/www.amuz.krakow.pl\/#website"},"primaryImageOfPage":{"@id":"https:\/\/www.amuz.krakow.pl\/akademicki-dzien-pamieci-2024\/#primaryimage"},"image":{"@id":"https:\/\/www.amuz.krakow.pl\/akademicki-dzien-pamieci-2024\/#primaryimage"},"thumbnailUrl":"https:\/\/www.amuz.krakow.pl\/wp-content\/uploads\/2022\/11\/zaproszenie-dzien-pamieci-web.jpg","datePublished":"2024-11-04T14:19:08+00:00","dateModified":"2024-11-04T14:45:57+00:00","breadcrumb":{"@id":"https:\/\/www.amuz.krakow.pl\/akademicki-dzien-pamieci-2024\/#breadcrumb"},"inLanguage":"en-US","potentialAction":[{"@type":"ReadAction","target":["https:\/\/www.amuz.krakow.pl\/akademicki-dzien-pamieci-2024\/"]}]},{"@type":"ImageObject","inLanguage":"en-US","@id":"https:\/\/www.amuz.krakow.pl\/akademicki-dzien-pamieci-2024\/#primaryimage","url":"https:\/\/www.amuz.krakow.pl\/wp-content\/uploads\/2022\/11\/zaproszenie-dzien-pamieci-web.jpg","contentUrl":"https:\/\/www.amuz.krakow.pl\/wp-content\/uploads\/2022\/11\/zaproszenie-dzien-pamieci-web.jpg","width":800,"height":400},{"@type":"BreadcrumbList","@id":"https:\/\/www.amuz.krakow.pl\/akademicki-dzien-pamieci-2024\/#breadcrumb","itemListElement":[{"@type":"ListItem","position":1,"name":"Strona g\u0142\u00f3wna","item":"https:\/\/www.amuz.krakow.pl\/"},{"@type":"ListItem","position":2,"name":"Akademicki Dzie\u0144 Pami\u0119ci 2024"}]},{"@type":"WebSite","@id":"https:\/\/www.amuz.krakow.pl\/#website","url":"https:\/\/www.amuz.krakow.pl\/","name":"Akademia Muzyczna im. Krzysztofa Pendereckiego w Krakowie","description":"Oficjalna strona Akademii Muzycznej im. Krzysztofa Pendereckiego w Krakowie (AMKP).","publisher":{"@id":"https:\/\/www.amuz.krakow.pl\/#organization"},"alternateName":"AMKP","potentialAction":[{"@type":"SearchAction","target":{"@type":"EntryPoint","urlTemplate":"https:\/\/www.amuz.krakow.pl\/?s={search_term_string}"},"query-input":{"@type":"PropertyValueSpecification","valueRequired":true,"valueName":"search_term_string"}}],"inLanguage":"en-US"},{"@type":"Organization","@id":"https:\/\/www.amuz.krakow.pl\/#organization","name":"Akademia Muzyczna im. Krzysztofa Pendereckiego w Krakowie","alternateName":"AMKP","url":"https:\/\/www.amuz.krakow.pl\/","logo":{"@type":"ImageObject","inLanguage":"en-US","@id":"https:\/\/www.amuz.krakow.pl\/#\/schema\/logo\/image\/","url":"https:\/\/www.amuz.krakow.pl\/wp-content\/uploads\/2021\/11\/amkp.jpg","contentUrl":"https:\/\/www.amuz.krakow.pl\/wp-content\/uploads\/2021\/11\/amkp.jpg","width":1193,"height":591,"caption":"Akademia Muzyczna im. Krzysztofa Pendereckiego w Krakowie"},"image":{"@id":"https:\/\/www.amuz.krakow.pl\/#\/schema\/logo\/image\/"},"sameAs":["https:\/\/www.facebook.com\/amuz.krakow","https:\/\/www.instagram.com\/amkpenderecki\/","https:\/\/www.youtube.com\/@amkpenderecki4806"]}]}},"_links":{"self":[{"href":"https:\/\/www.amuz.krakow.pl\/en\/wp-json\/wp\/v2\/pages\/91980","targetHints":{"allow":["GET"]}}],"collection":[{"href":"https:\/\/www.amuz.krakow.pl\/en\/wp-json\/wp\/v2\/pages"}],"about":[{"href":"https:\/\/www.amuz.krakow.pl\/en\/wp-json\/wp\/v2\/types\/page"}],"author":[{"embeddable":true,"href":"https:\/\/www.amuz.krakow.pl\/en\/wp-json\/wp\/v2\/users\/72"}],"replies":[{"embeddable":true,"href":"https:\/\/www.amuz.krakow.pl\/en\/wp-json\/wp\/v2\/comments?post=91980"}],"version-history":[{"count":12,"href":"https:\/\/www.amuz.krakow.pl\/en\/wp-json\/wp\/v2\/pages\/91980\/revisions"}],"predecessor-version":[{"id":91995,"href":"https:\/\/www.amuz.krakow.pl\/en\/wp-json\/wp\/v2\/pages\/91980\/revisions\/91995"}],"wp:featuredmedia":[{"embeddable":true,"href":"https:\/\/www.amuz.krakow.pl\/en\/wp-json\/wp\/v2\/media\/67380"}],"wp:attachment":[{"href":"https:\/\/www.amuz.krakow.pl\/en\/wp-json\/wp\/v2\/media?parent=91980"}],"curies":[{"name":"wp","href":"https:\/\/api.w.org\/{rel}","templated":true}]}}