{"id":91648,"date":"2024-10-25T15:47:15","date_gmt":"2024-10-25T13:47:15","guid":{"rendered":"https:\/\/www.amuz.krakow.pl\/?page_id=91648"},"modified":"2024-11-13T13:28:25","modified_gmt":"2024-11-13T12:28:25","slug":"32-festiwal-audio-art","status":"publish","type":"page","link":"https:\/\/www.amuz.krakow.pl\/en\/wydzialy\/wydzial-i-tworczosci-interpretacji-i-edukacji-muzycznej\/katedra-kompozycji\/aktualnosci-24\/32-festiwal-audio-art\/","title":{"rendered":"32. Festiwal Audio Art | 15-24.11.2024"},"content":{"rendered":"<p>Katedra Kompozycji oraz Stowarzyszenie Artystyczne Muzyka Centrum zapraszaj\u0105 na<strong> 32. edycj\u0119 festiwalu Audio Art<\/strong>, kt\u00f3ra odb\u0119dzie si\u0119 w dniach 15-24 listopada 2024 roku.<\/p>\n<p>Koncerty odb\u0119d\u0105 si\u0119 w Pa\u0142acu Potockich na Rynku G\u0142\u00f3wnym, Hevre, Instytucie Kardiologii Szpitala Uniwersyteckiego w Krakowie oraz w budynku g\u0142\u00f3wnym AMKP przy ul. \u015bw. Tomasza 43. Wydarzenia Festiwalu Audio Art b\u0119d\u0105 r\u00f3wnie\u017c transmitowane na \u017cywo w Internecie.<\/p>\n<p>Szczeg\u00f3\u0142owy harmonogram, a tak\u017ce transmisje koncert\u00f3w dost\u0119pne <a href=\"https:\/\/www.audio.art.pl\/\">na stronie festiwalu<\/a>.<\/p>\n<p>Festiwal Audio Art w Krakowie odbywa si\u0119 nieprzerwanie od 1993 roku. Premierowe koncerty, instalacje i performansy dotycz\u0105 przegl\u0105du najwa\u017cniejszych projekt\u00f3w sztuki d\u017awi\u0119kowej i muzyki wsp\u00f3\u0142czesnej z ca\u0142ego \u015bwiata. Wa\u017cne miejsce w programie zajmuj\u0105 polskie premiery o szczeg\u00f3lnym wymiarze. Definiuj\u0105 nowy paradygmat sztuki wsp\u00f3\u0142czesnej. Zawieraj\u0105 elementy powi\u0105zane z to\u017csamo\u015bci\u0105 artysty, jego szczeg\u00f3lnej misji w formowaniu lokalnej kultury. Porz\u0105dkuj\u0105 \u015bwiat postpandemiczny z zabezpieczeniem dziedzictwa kulturowego. Kreuj\u0105 nowe formy sztuki wyrafinowanej, zaanga\u017cowanej wobec wsp\u00f3\u0142czesnych wyzwa\u0144 stawianych przez migracj\u0119 i zagro\u017cenia zwi\u0105zane z wojn\u0105.<\/p>\n<p>&nbsp;<\/p>\n<p><span style=\"font-size: 12pt;\"><strong>15.11.2024, 17:00<\/strong><\/span><br \/>\n<span style=\"font-size: 12pt;\"><strong>Pa\u0142ac Potockich<\/strong><\/span><br \/>\n<span style=\"font-size: 12pt;\"><strong>Rynek G\u0142\u00f3wny 20<\/strong><\/span><\/p>\n<p>Uszy, oczy, nos (Krak\u00f3w) Marek Chlanda, Marek Cho\u0142oniewski &#8211; instalacja d\u017awi\u0119kowa<br \/>\nBot-City (Krak\u00f3w) Jacek Z\u0142oczowski &#8211; instalacja<br \/>\nHypercycle (Katowice) Aleksandra S\u0142y\u017c &#8211; instalacja<br \/>\nMuzyka na 16 dozymetr\u00f3w (Pozna\u0144) Andrzej Wasilewski &#8211; instalacja d\u017awi\u0119kowa<\/p>\n<p><span style=\"font-size: 12pt;\"><strong>15.11.2024, 19:00<\/strong><\/span><br \/>\n<span style=\"font-size: 12pt;\"><strong>Hevre<\/strong><\/span><br \/>\n<span style=\"font-size: 12pt;\"><strong>Meiselsa 18<\/strong><\/span><\/p>\n<p>Contemporary Art of Healing (Praga) Jena Jang, g\u0142os, elektronika, ruch<br \/>\nBeelocation (Wroc\u0142aw) &#8211; Patryk Lichota, interakcja, elektronika<br \/>\nLogos Duo (Gandawa) &#8211; Moniek Darge, Godfried-Willem Raes roboty<\/p>\n<p><span style=\"font-size: 12pt;\"><strong>16.11.2024, 18:00<\/strong><\/span><br \/>\n<span style=\"font-size: 12pt;\"><strong>Sala 205 AMKP<\/strong><\/span><br \/>\n<span style=\"font-size: 12pt;\"><strong>ul. \u015bw. Tomasza 43<\/strong><\/span><\/p>\n<p>Mixed Metaphores (Krak\u00f3w, Warszawa)<br \/>\nMartyna Zakrzewska, Anna Kwiatkowska &#8211; pianino, skrzypce<\/p>\n<p><span style=\"font-size: 12pt;\"><strong>16.11.2024, 19:00<\/strong><\/span><br \/>\n<span style=\"font-size: 12pt;\"><strong>Sala Koncertowa AMKP<\/strong><\/span><br \/>\n<span style=\"font-size: 12pt;\"><strong>ul. \u015bw. Tomasza 43<\/strong><\/span><\/p>\n<p>IGLU &#8211; Ignaz Schick (Berlin) voltage controlled sampler, electronics<br \/>\n+ Carl Ludwig H\u00fcbsch (Kolonia) extended voice<\/p>\n<p><span style=\"font-size: 12pt;\"><strong>16.11.2024, 21:00<\/strong><\/span><br \/>\n<span style=\"font-size: 12pt;\"><strong>Aula Kardiologii Szpitala Uniwersyteckiego w Krakowie<\/strong><\/span><br \/>\n<span style=\"font-size: 12pt;\"><strong>ul. Kopernika 17<\/strong><\/span><\/p>\n<p>Always Be Prepared (Bruksela) Barbara Drazkov, pianino, fisharmonia<\/p>\n<p><span style=\"font-size: 12pt;\"><strong>17.11.2024, 18:00<\/strong><\/span><br \/>\n<span style=\"font-size: 12pt;\"><strong>Hevre<\/strong><\/span><br \/>\n<span style=\"font-size: 12pt;\"><strong> Meiselsa 18<\/strong><\/span><\/p>\n<p>Hidden Joys of Vocal Expansion (Bern) Franziska Baumann g\u0142os, sensoryczne live electronics I ML-tools<br \/>\nRotor (Berlin) &#8211; Peter Kutin, Patrik Lechner, Mathias Lenz &#8211; rotacyjna bry\u0142a d\u017awi\u0119kowa<\/p>\n<p><span style=\"font-size: 12pt;\"><strong>21.11.2024, 18:00<\/strong><\/span><br \/>\n<span style=\"font-size: 12pt;\"><strong>Hevre<\/strong><\/span><br \/>\n<span style=\"font-size: 12pt;\"><strong>Meiselsa 18<\/strong><\/span><\/p>\n<p><em><strong>GrupLab zaprasza<\/strong><\/em><\/p>\n<p>Ekotonika (Krak\u00f3w) Mat Barski i Marcin Karczewski &#8211; gitara, elektronika<br \/>\nMonologues, lullabies and respite (Kolonia) Joanna St\u0119palska-Spix,<br \/>\nflet basowy + elektronika z muzyk\u0105 J.St\u0119palskiej, Ewy Tr\u0119bacz, Ma\u0107ka Jab\u0142o\u0144skiego<br \/>\nKrzysztof Cybulski (Warszawa) vdeo\/audio feedback<br \/>\nOkMaPatch (Krak\u00f3w\/Seattle) audio, video, interakcja<br \/>\nReparametrization and Rag (Chicago) Ryan Ingebritsen, Shannon Budd &#8211; perfomance d\u017awi\u0119kowy<br \/>\nIzabela D\u0142u\u017cyk (Gda\u0144sk) s\u0142uchowisko, nocny pejza\u017c d\u017awi\u0119kowy<br \/>\nCIME\/PSEME\/SME &#8211; maraton elektroakustyczny<\/p>\n<p><span style=\"font-size: 12pt;\"><strong>22.11.2024, 18:00<\/strong><\/span><br \/>\n<span style=\"font-size: 12pt;\"><strong>Sala Koncertowa AMKP<\/strong><\/span><br \/>\n<span style=\"font-size: 12pt;\"><strong>ul. \u015bw. Tomasza 43<\/strong><\/span><\/p>\n<p>Aleksander Wnuk \/ Piotr Peszat (Krak\u00f3w) &#8211; perkusja i elektronika<\/p>\n<p><span style=\"font-size: 12pt;\"><strong>22.11.2024, 20:00<\/strong><\/span><br \/>\n<span style=\"font-size: 12pt;\"><strong>Hevre<\/strong><\/span><br \/>\n<span style=\"font-size: 12pt;\"><strong>Meiselsa 18<\/strong><\/span><\/p>\n<p>Eight Equidistant Pure Wave Oscilators, While Slipping Very Slowly to A Unison, Textually Spatialised On Eight Speakers, Concrete, 60 Minutes (Berlin) Reinhold Friedl<br \/>\nMuzyka strun (Warszawa) &#8211; Wojtek B\u0142a\u017cejczyk &#8211; gitara<\/p>\n<p><span style=\"font-size: 12pt;\"><strong>23.11.2024, 18:00<\/strong><\/span><br \/>\n<span style=\"font-size: 12pt;\"><strong>Sala Koncertowa AMKP<\/strong><\/span><br \/>\n<span style=\"font-size: 12pt;\"><strong>ul. \u015bw. Tomasza 43<\/strong><\/span><\/p>\n<p>Golden Quinces Earthed (Berlin) &#8211; Reinhold Friedl, fortepian, 8-track system<\/p>\n<p><span style=\"font-size: 12pt;\"><strong>23.11.2024, 20:00<\/strong><\/span><br \/>\n<span style=\"font-size: 12pt;\"><strong>Hevre<\/strong><\/span><br \/>\n<span style=\"font-size: 12pt;\"><strong>ul. Meiselsa 18<\/strong><\/span><\/p>\n<p>Surface of timbre (\u0141\u00f3d\u017a) Julian Paprocki, klarnet kontrabasowy, elektronika<br \/>\nDrone Music (Gda\u0144sk) Aleksandra Panasik &#8211; ob\u00f3j + elektronika<\/p>\n<p><span style=\"font-size: 12pt;\"><strong>23.11.2024, 23:00<\/strong><\/span><br \/>\n<span style=\"font-size: 12pt;\"><strong>Hevre<\/strong><\/span><br \/>\n<span style=\"font-size: 12pt;\"><strong>ul. Meiselsa 18<\/strong><\/span><\/p>\n<p>after party MicroOrkiestra (Wroc\u0142aw)<\/p>\n<p><span style=\"font-size: 12pt;\"><strong>24.11.2024, 18:00<\/strong><\/span><br \/>\n<span style=\"font-size: 12pt;\"><strong>Sala Koncertowa AMKP<\/strong><\/span><br \/>\n<span style=\"font-size: 12pt;\"><strong>ul. \u015bw. Tomasza 43<\/strong><\/span><\/p>\n<p>Game Over (Amsterdam) Goska Isphording, klawesyn, elektronika Hugo Morales Murguia i inni<br \/>\nCoCo Journey (Barcelona) Josep-Maria Balany\u00e0 fortepian, video, \u015bwiat\u0142a<\/p>\n<p>Festiwal wsp\u00f3\u0142finansowany ze \u015brodk\u00f3w: Gmina Miasta Krak\u00f3w, Ministerstwo Kultury i Dziedzictwa Narodowego, ZAIKS, NIMiT, Pro Helvetia<\/p>\n<p>&nbsp;<\/p>","protected":false},"excerpt":{"rendered":"<p>Katedra Kompozycji oraz Stowarzyszenie Artystyczne Muzyka Centrum zapraszaj\u0105 na 32. edycj\u0119 festiwalu Audio Art, kt\u00f3ra odb\u0119dzie si\u0119 w dniach 15-24 listopada 2024 roku. Koncerty odb\u0119d\u0105 si\u0119 w Pa\u0142acu Potockich na&hellip; <a href=\"https:\/\/www.amuz.krakow.pl\/en\/wydzialy\/wydzial-i-tworczosci-interpretacji-i-edukacji-muzycznej\/katedra-kompozycji\/aktualnosci-24\/32-festiwal-audio-art\/\">Continue reading<\/a><\/p>\n","protected":false},"author":72,"featured_media":91754,"parent":89167,"menu_order":-5,"comment_status":"closed","ping_status":"closed","template":"","meta":{"footnotes":"","_links_to":"","_links_to_target":""},"class_list":["post-91648","page","type-page","status-publish","has-post-thumbnail","hentry"],"yoast_head":"<!-- This site is optimized with the Yoast SEO plugin v27.2 - https:\/\/yoast.com\/product\/yoast-seo-wordpress\/ -->\n<title>AMKP - Akademia Muzyczna im. Krzysztofa Pendereckiego w Krakowie<\/title>\n<meta name=\"robots\" content=\"index, follow, max-snippet:-1, max-image-preview:large, max-video-preview:-1\" \/>\n<link rel=\"canonical\" href=\"https:\/\/www.amuz.krakow.pl\/wydzialy\/wydzial-i-tworczosci-interpretacji-i-edukacji-muzycznej\/katedra-kompozycji\/aktualnosci-24\/32-festiwal-audio-art\/\" \/>\n<meta property=\"og:locale\" content=\"en_US\" \/>\n<meta property=\"og:type\" content=\"article\" \/>\n<meta property=\"og:title\" content=\"AMKP - Akademia Muzyczna im. Krzysztofa Pendereckiego w Krakowie\" \/>\n<meta property=\"og:description\" content=\"Katedra Kompozycji oraz Stowarzyszenie Artystyczne Muzyka Centrum zapraszaj\u0105 na 32. edycj\u0119 festiwalu Audio Art, kt\u00f3ra odb\u0119dzie si\u0119 w dniach 15-24 listopada 2024 roku. Koncerty odb\u0119d\u0105 si\u0119 w Pa\u0142acu Potockich na&hellip; Continue reading\" \/>\n<meta property=\"og:url\" content=\"https:\/\/www.amuz.krakow.pl\/wydzialy\/wydzial-i-tworczosci-interpretacji-i-edukacji-muzycznej\/katedra-kompozycji\/aktualnosci-24\/32-festiwal-audio-art\/\" \/>\n<meta property=\"og:site_name\" content=\"Akademia Muzyczna im. Krzysztofa Pendereckiego w Krakowie\" \/>\n<meta property=\"article:publisher\" content=\"https:\/\/www.facebook.com\/amuz.krakow\" \/>\n<meta property=\"article:modified_time\" content=\"2024-11-13T12:28:25+00:00\" \/>\n<meta property=\"og:image\" content=\"https:\/\/www.amuz.krakow.pl\/wp-content\/uploads\/2024\/10\/audioart-KAFEL.jpg\" \/>\n\t<meta property=\"og:image:width\" content=\"800\" \/>\n\t<meta property=\"og:image:height\" content=\"400\" \/>\n\t<meta property=\"og:image:type\" content=\"image\/jpeg\" \/>\n<meta name=\"twitter:card\" content=\"summary_large_image\" \/>\n<meta name=\"twitter:label1\" content=\"Est. reading time\" \/>\n\t<meta name=\"twitter:data1\" content=\"6 minutes\" \/>\n<script type=\"application\/ld+json\" class=\"yoast-schema-graph\">{\"@context\":\"https:\/\/schema.org\",\"@graph\":[{\"@type\":\"WebPage\",\"@id\":\"https:\/\/www.amuz.krakow.pl\/wydzialy\/wydzial-i-tworczosci-interpretacji-i-edukacji-muzycznej\/katedra-kompozycji\/aktualnosci-24\/32-festiwal-audio-art\/\",\"url\":\"https:\/\/www.amuz.krakow.pl\/wydzialy\/wydzial-i-tworczosci-interpretacji-i-edukacji-muzycznej\/katedra-kompozycji\/aktualnosci-24\/32-festiwal-audio-art\/\",\"name\":\"AMKP - Akademia Muzyczna im. Krzysztofa Pendereckiego w Krakowie\",\"isPartOf\":{\"@id\":\"https:\/\/www.amuz.krakow.pl\/#website\"},\"primaryImageOfPage\":{\"@id\":\"https:\/\/www.amuz.krakow.pl\/wydzialy\/wydzial-i-tworczosci-interpretacji-i-edukacji-muzycznej\/katedra-kompozycji\/aktualnosci-24\/32-festiwal-audio-art\/#primaryimage\"},\"image\":{\"@id\":\"https:\/\/www.amuz.krakow.pl\/wydzialy\/wydzial-i-tworczosci-interpretacji-i-edukacji-muzycznej\/katedra-kompozycji\/aktualnosci-24\/32-festiwal-audio-art\/#primaryimage\"},\"thumbnailUrl\":\"https:\/\/www.amuz.krakow.pl\/wp-content\/uploads\/2024\/10\/audioart-KAFEL.jpg\",\"datePublished\":\"2024-10-25T13:47:15+00:00\",\"dateModified\":\"2024-11-13T12:28:25+00:00\",\"breadcrumb\":{\"@id\":\"https:\/\/www.amuz.krakow.pl\/wydzialy\/wydzial-i-tworczosci-interpretacji-i-edukacji-muzycznej\/katedra-kompozycji\/aktualnosci-24\/32-festiwal-audio-art\/#breadcrumb\"},\"inLanguage\":\"en-US\",\"potentialAction\":[{\"@type\":\"ReadAction\",\"target\":[\"https:\/\/www.amuz.krakow.pl\/wydzialy\/wydzial-i-tworczosci-interpretacji-i-edukacji-muzycznej\/katedra-kompozycji\/aktualnosci-24\/32-festiwal-audio-art\/\"]}]},{\"@type\":\"ImageObject\",\"inLanguage\":\"en-US\",\"@id\":\"https:\/\/www.amuz.krakow.pl\/wydzialy\/wydzial-i-tworczosci-interpretacji-i-edukacji-muzycznej\/katedra-kompozycji\/aktualnosci-24\/32-festiwal-audio-art\/#primaryimage\",\"url\":\"https:\/\/www.amuz.krakow.pl\/wp-content\/uploads\/2024\/10\/audioart-KAFEL.jpg\",\"contentUrl\":\"https:\/\/www.amuz.krakow.pl\/wp-content\/uploads\/2024\/10\/audioart-KAFEL.jpg\",\"width\":800,\"height\":400},{\"@type\":\"BreadcrumbList\",\"@id\":\"https:\/\/www.amuz.krakow.pl\/wydzialy\/wydzial-i-tworczosci-interpretacji-i-edukacji-muzycznej\/katedra-kompozycji\/aktualnosci-24\/32-festiwal-audio-art\/#breadcrumb\",\"itemListElement\":[{\"@type\":\"ListItem\",\"position\":1,\"name\":\"Strona g\u0142\u00f3wna\",\"item\":\"https:\/\/www.amuz.krakow.pl\/\"},{\"@type\":\"ListItem\",\"position\":2,\"name\":\"WYDZIA\u0141Y\",\"item\":\"https:\/\/www.amuz.krakow.pl\/wydzialy\/\"},{\"@type\":\"ListItem\",\"position\":3,\"name\":\"Wydzia\u0142 Tw\u00f3rczo\u015bci, Interpretacji i Edukacji Muzycznej\",\"item\":\"https:\/\/www.amuz.krakow.pl\/wydzialy\/wydzial-i-tworczosci-interpretacji-i-edukacji-muzycznej\/\"},{\"@type\":\"ListItem\",\"position\":4,\"name\":\"Katedra Kompozycji\",\"item\":\"https:\/\/www.amuz.krakow.pl\/wydzialy\/wydzial-i-tworczosci-interpretacji-i-edukacji-muzycznej\/katedra-kompozycji\/\"},{\"@type\":\"ListItem\",\"position\":5,\"name\":\"Archiwum wydarze\u0144 2024\/2025\",\"item\":\"https:\/\/www.amuz.krakow.pl\/wydzialy\/wydzial-i-tworczosci-interpretacji-i-edukacji-muzycznej\/katedra-kompozycji\/aktualnosci-24\/\"},{\"@type\":\"ListItem\",\"position\":6,\"name\":\"32. Festiwal Audio Art | 15-24.11.2024\"}]},{\"@type\":\"WebSite\",\"@id\":\"https:\/\/www.amuz.krakow.pl\/#website\",\"url\":\"https:\/\/www.amuz.krakow.pl\/\",\"name\":\"Akademia Muzyczna im. Krzysztofa Pendereckiego w Krakowie\",\"description\":\"Oficjalna strona Akademii Muzycznej im. Krzysztofa Pendereckiego w Krakowie (AMKP).\",\"publisher\":{\"@id\":\"https:\/\/www.amuz.krakow.pl\/#organization\"},\"alternateName\":\"AMKP\",\"potentialAction\":[{\"@type\":\"SearchAction\",\"target\":{\"@type\":\"EntryPoint\",\"urlTemplate\":\"https:\/\/www.amuz.krakow.pl\/?s={search_term_string}\"},\"query-input\":{\"@type\":\"PropertyValueSpecification\",\"valueRequired\":true,\"valueName\":\"search_term_string\"}}],\"inLanguage\":\"en-US\"},{\"@type\":\"Organization\",\"@id\":\"https:\/\/www.amuz.krakow.pl\/#organization\",\"name\":\"Akademia Muzyczna im. Krzysztofa Pendereckiego w Krakowie\",\"alternateName\":\"AMKP\",\"url\":\"https:\/\/www.amuz.krakow.pl\/\",\"logo\":{\"@type\":\"ImageObject\",\"inLanguage\":\"en-US\",\"@id\":\"https:\/\/www.amuz.krakow.pl\/#\/schema\/logo\/image\/\",\"url\":\"https:\/\/www.amuz.krakow.pl\/wp-content\/uploads\/2021\/11\/amkp.jpg\",\"contentUrl\":\"https:\/\/www.amuz.krakow.pl\/wp-content\/uploads\/2021\/11\/amkp.jpg\",\"width\":1193,\"height\":591,\"caption\":\"Akademia Muzyczna im. Krzysztofa Pendereckiego w Krakowie\"},\"image\":{\"@id\":\"https:\/\/www.amuz.krakow.pl\/#\/schema\/logo\/image\/\"},\"sameAs\":[\"https:\/\/www.facebook.com\/amuz.krakow\",\"https:\/\/www.instagram.com\/amkpenderecki\/\",\"https:\/\/www.youtube.com\/@amkpenderecki4806\"]}]}<\/script>\n<!-- \/ Yoast SEO plugin. -->","yoast_head_json":{"title":"AMKP - Akademia Muzyczna im. Krzysztofa Pendereckiego w Krakowie","robots":{"index":"index","follow":"follow","max-snippet":"max-snippet:-1","max-image-preview":"max-image-preview:large","max-video-preview":"max-video-preview:-1"},"canonical":"https:\/\/www.amuz.krakow.pl\/wydzialy\/wydzial-i-tworczosci-interpretacji-i-edukacji-muzycznej\/katedra-kompozycji\/aktualnosci-24\/32-festiwal-audio-art\/","og_locale":"en_US","og_type":"article","og_title":"AMKP - Akademia Muzyczna im. Krzysztofa Pendereckiego w Krakowie","og_description":"Katedra Kompozycji oraz Stowarzyszenie Artystyczne Muzyka Centrum zapraszaj\u0105 na 32. edycj\u0119 festiwalu Audio Art, kt\u00f3ra odb\u0119dzie si\u0119 w dniach 15-24 listopada 2024 roku. Koncerty odb\u0119d\u0105 si\u0119 w Pa\u0142acu Potockich na&hellip; Continue reading","og_url":"https:\/\/www.amuz.krakow.pl\/wydzialy\/wydzial-i-tworczosci-interpretacji-i-edukacji-muzycznej\/katedra-kompozycji\/aktualnosci-24\/32-festiwal-audio-art\/","og_site_name":"Akademia Muzyczna im. Krzysztofa Pendereckiego w Krakowie","article_publisher":"https:\/\/www.facebook.com\/amuz.krakow","article_modified_time":"2024-11-13T12:28:25+00:00","og_image":[{"width":800,"height":400,"url":"https:\/\/www.amuz.krakow.pl\/wp-content\/uploads\/2024\/10\/audioart-KAFEL.jpg","type":"image\/jpeg"}],"twitter_card":"summary_large_image","twitter_misc":{"Est. reading time":"6 minutes"},"schema":{"@context":"https:\/\/schema.org","@graph":[{"@type":"WebPage","@id":"https:\/\/www.amuz.krakow.pl\/wydzialy\/wydzial-i-tworczosci-interpretacji-i-edukacji-muzycznej\/katedra-kompozycji\/aktualnosci-24\/32-festiwal-audio-art\/","url":"https:\/\/www.amuz.krakow.pl\/wydzialy\/wydzial-i-tworczosci-interpretacji-i-edukacji-muzycznej\/katedra-kompozycji\/aktualnosci-24\/32-festiwal-audio-art\/","name":"AMKP - Akademia Muzyczna im. Krzysztofa Pendereckiego w Krakowie","isPartOf":{"@id":"https:\/\/www.amuz.krakow.pl\/#website"},"primaryImageOfPage":{"@id":"https:\/\/www.amuz.krakow.pl\/wydzialy\/wydzial-i-tworczosci-interpretacji-i-edukacji-muzycznej\/katedra-kompozycji\/aktualnosci-24\/32-festiwal-audio-art\/#primaryimage"},"image":{"@id":"https:\/\/www.amuz.krakow.pl\/wydzialy\/wydzial-i-tworczosci-interpretacji-i-edukacji-muzycznej\/katedra-kompozycji\/aktualnosci-24\/32-festiwal-audio-art\/#primaryimage"},"thumbnailUrl":"https:\/\/www.amuz.krakow.pl\/wp-content\/uploads\/2024\/10\/audioart-KAFEL.jpg","datePublished":"2024-10-25T13:47:15+00:00","dateModified":"2024-11-13T12:28:25+00:00","breadcrumb":{"@id":"https:\/\/www.amuz.krakow.pl\/wydzialy\/wydzial-i-tworczosci-interpretacji-i-edukacji-muzycznej\/katedra-kompozycji\/aktualnosci-24\/32-festiwal-audio-art\/#breadcrumb"},"inLanguage":"en-US","potentialAction":[{"@type":"ReadAction","target":["https:\/\/www.amuz.krakow.pl\/wydzialy\/wydzial-i-tworczosci-interpretacji-i-edukacji-muzycznej\/katedra-kompozycji\/aktualnosci-24\/32-festiwal-audio-art\/"]}]},{"@type":"ImageObject","inLanguage":"en-US","@id":"https:\/\/www.amuz.krakow.pl\/wydzialy\/wydzial-i-tworczosci-interpretacji-i-edukacji-muzycznej\/katedra-kompozycji\/aktualnosci-24\/32-festiwal-audio-art\/#primaryimage","url":"https:\/\/www.amuz.krakow.pl\/wp-content\/uploads\/2024\/10\/audioart-KAFEL.jpg","contentUrl":"https:\/\/www.amuz.krakow.pl\/wp-content\/uploads\/2024\/10\/audioart-KAFEL.jpg","width":800,"height":400},{"@type":"BreadcrumbList","@id":"https:\/\/www.amuz.krakow.pl\/wydzialy\/wydzial-i-tworczosci-interpretacji-i-edukacji-muzycznej\/katedra-kompozycji\/aktualnosci-24\/32-festiwal-audio-art\/#breadcrumb","itemListElement":[{"@type":"ListItem","position":1,"name":"Strona g\u0142\u00f3wna","item":"https:\/\/www.amuz.krakow.pl\/"},{"@type":"ListItem","position":2,"name":"WYDZIA\u0141Y","item":"https:\/\/www.amuz.krakow.pl\/wydzialy\/"},{"@type":"ListItem","position":3,"name":"Wydzia\u0142 Tw\u00f3rczo\u015bci, Interpretacji i Edukacji Muzycznej","item":"https:\/\/www.amuz.krakow.pl\/wydzialy\/wydzial-i-tworczosci-interpretacji-i-edukacji-muzycznej\/"},{"@type":"ListItem","position":4,"name":"Katedra Kompozycji","item":"https:\/\/www.amuz.krakow.pl\/wydzialy\/wydzial-i-tworczosci-interpretacji-i-edukacji-muzycznej\/katedra-kompozycji\/"},{"@type":"ListItem","position":5,"name":"Archiwum wydarze\u0144 2024\/2025","item":"https:\/\/www.amuz.krakow.pl\/wydzialy\/wydzial-i-tworczosci-interpretacji-i-edukacji-muzycznej\/katedra-kompozycji\/aktualnosci-24\/"},{"@type":"ListItem","position":6,"name":"32. Festiwal Audio Art | 15-24.11.2024"}]},{"@type":"WebSite","@id":"https:\/\/www.amuz.krakow.pl\/#website","url":"https:\/\/www.amuz.krakow.pl\/","name":"Akademia Muzyczna im. Krzysztofa Pendereckiego w Krakowie","description":"Oficjalna strona Akademii Muzycznej im. Krzysztofa Pendereckiego w Krakowie (AMKP).","publisher":{"@id":"https:\/\/www.amuz.krakow.pl\/#organization"},"alternateName":"AMKP","potentialAction":[{"@type":"SearchAction","target":{"@type":"EntryPoint","urlTemplate":"https:\/\/www.amuz.krakow.pl\/?s={search_term_string}"},"query-input":{"@type":"PropertyValueSpecification","valueRequired":true,"valueName":"search_term_string"}}],"inLanguage":"en-US"},{"@type":"Organization","@id":"https:\/\/www.amuz.krakow.pl\/#organization","name":"Akademia Muzyczna im. Krzysztofa Pendereckiego w Krakowie","alternateName":"AMKP","url":"https:\/\/www.amuz.krakow.pl\/","logo":{"@type":"ImageObject","inLanguage":"en-US","@id":"https:\/\/www.amuz.krakow.pl\/#\/schema\/logo\/image\/","url":"https:\/\/www.amuz.krakow.pl\/wp-content\/uploads\/2021\/11\/amkp.jpg","contentUrl":"https:\/\/www.amuz.krakow.pl\/wp-content\/uploads\/2021\/11\/amkp.jpg","width":1193,"height":591,"caption":"Akademia Muzyczna im. Krzysztofa Pendereckiego w Krakowie"},"image":{"@id":"https:\/\/www.amuz.krakow.pl\/#\/schema\/logo\/image\/"},"sameAs":["https:\/\/www.facebook.com\/amuz.krakow","https:\/\/www.instagram.com\/amkpenderecki\/","https:\/\/www.youtube.com\/@amkpenderecki4806"]}]}},"_links":{"self":[{"href":"https:\/\/www.amuz.krakow.pl\/en\/wp-json\/wp\/v2\/pages\/91648","targetHints":{"allow":["GET"]}}],"collection":[{"href":"https:\/\/www.amuz.krakow.pl\/en\/wp-json\/wp\/v2\/pages"}],"about":[{"href":"https:\/\/www.amuz.krakow.pl\/en\/wp-json\/wp\/v2\/types\/page"}],"author":[{"embeddable":true,"href":"https:\/\/www.amuz.krakow.pl\/en\/wp-json\/wp\/v2\/users\/72"}],"replies":[{"embeddable":true,"href":"https:\/\/www.amuz.krakow.pl\/en\/wp-json\/wp\/v2\/comments?post=91648"}],"version-history":[{"count":8,"href":"https:\/\/www.amuz.krakow.pl\/en\/wp-json\/wp\/v2\/pages\/91648\/revisions"}],"predecessor-version":[{"id":92334,"href":"https:\/\/www.amuz.krakow.pl\/en\/wp-json\/wp\/v2\/pages\/91648\/revisions\/92334"}],"up":[{"embeddable":true,"href":"https:\/\/www.amuz.krakow.pl\/en\/wp-json\/wp\/v2\/pages\/89167"}],"wp:featuredmedia":[{"embeddable":true,"href":"https:\/\/www.amuz.krakow.pl\/en\/wp-json\/wp\/v2\/media\/91754"}],"wp:attachment":[{"href":"https:\/\/www.amuz.krakow.pl\/en\/wp-json\/wp\/v2\/media?parent=91648"}],"curies":[{"name":"wp","href":"https:\/\/api.w.org\/{rel}","templated":true}]}}