{"id":90603,"date":"2024-10-07T15:39:18","date_gmt":"2024-10-07T13:39:18","guid":{"rendered":"https:\/\/www.amuz.krakow.pl\/?page_id=90603"},"modified":"2025-04-24T14:48:15","modified_gmt":"2025-04-24T12:48:15","slug":"o-nas","status":"publish","type":"page","link":"https:\/\/www.amuz.krakow.pl\/en\/penderecki-academy-press\/o-nas\/","title":{"rendered":"About"},"content":{"rendered":"<p><img loading=\"lazy\" decoding=\"async\" class=\"aligncenter wp-image-101634 \" src=\"https:\/\/www.amuz.krakow.pl\/wp-content\/uploads\/2025\/04\/wydawnictwo-materialy-promocyjne_kafel-na-strone-kopia-2-scaled.jpg\" alt=\"\" width=\"557\" height=\"279\" srcset=\"https:\/\/www.amuz.krakow.pl\/wp-content\/uploads\/2025\/04\/wydawnictwo-materialy-promocyjne_kafel-na-strone-kopia-2-scaled.jpg 2048w, https:\/\/www.amuz.krakow.pl\/wp-content\/uploads\/2025\/04\/wydawnictwo-materialy-promocyjne_kafel-na-strone-kopia-2-300x150.jpg 300w, https:\/\/www.amuz.krakow.pl\/wp-content\/uploads\/2025\/04\/wydawnictwo-materialy-promocyjne_kafel-na-strone-kopia-2-768x384.jpg 768w, https:\/\/www.amuz.krakow.pl\/wp-content\/uploads\/2025\/04\/wydawnictwo-materialy-promocyjne_kafel-na-strone-kopia-2-1536x768.jpg 1536w\" sizes=\"auto, (max-width: 557px) 100vw, 557px\" \/><\/p>\n<p>Dear Customer! If you want to buy our books, scores, journals or CDs, please send an email to: <a href=\"mailto:penderecki.press@amuz.krakow.pl\">penderecki.press@amuz.krakow.pl<\/a> or come to ou seat at Potebni 7 Street in Krak\u00f3w (room 222).<\/p>","protected":false},"excerpt":{"rendered":"<p>Dear Customer! If you want to buy our books, scores, journals or CDs, please send an email to: penderecki.press@amuz.krakow.pl or come to ou seat at Potebni 7 Street in Krak\u00f3w&hellip; <a href=\"https:\/\/www.amuz.krakow.pl\/en\/penderecki-academy-press\/o-nas\/\">Continue reading<\/a><\/p>\n","protected":false},"author":72,"featured_media":101635,"parent":4592,"menu_order":-1,"comment_status":"closed","ping_status":"closed","template":"","meta":{"footnotes":"","_links_to":"","_links_to_target":""},"class_list":["post-90603","page","type-page","status-publish","has-post-thumbnail","hentry"],"yoast_head":"<!-- This site is optimized with the Yoast SEO plugin v27.2 - https:\/\/yoast.com\/product\/yoast-seo-wordpress\/ -->\n<title>AMKP - Akademia Muzyczna im. Krzysztofa Pendereckiego w Krakowie<\/title>\n<meta name=\"description\" content=\"Jeste\u015bmy wydawnictwem naukowym o wieloletniej tradycji. Wydajemy ksi\u0105\u017cki, nuty oraz p\u0142yty. Z dum\u0105 prezentujemy dorobek naukowy i artystyczny AMKP.\" \/>\n<meta name=\"robots\" content=\"index, follow, max-snippet:-1, max-image-preview:large, max-video-preview:-1\" \/>\n<link rel=\"canonical\" href=\"https:\/\/www.amuz.krakow.pl\/penderecki-academy-press\/o-nas\/\" \/>\n<meta property=\"og:locale\" content=\"en_US\" \/>\n<meta property=\"og:type\" content=\"article\" \/>\n<meta property=\"og:title\" content=\"AMKP - Akademia Muzyczna im. Krzysztofa Pendereckiego w Krakowie\" \/>\n<meta property=\"og:description\" content=\"Jeste\u015bmy wydawnictwem naukowym o wieloletniej tradycji. Wydajemy ksi\u0105\u017cki, nuty oraz p\u0142yty. Z dum\u0105 prezentujemy dorobek naukowy i artystyczny AMKP.\" \/>\n<meta property=\"og:url\" content=\"https:\/\/www.amuz.krakow.pl\/penderecki-academy-press\/o-nas\/\" \/>\n<meta property=\"og:site_name\" content=\"Akademia Muzyczna im. Krzysztofa Pendereckiego w Krakowie\" \/>\n<meta property=\"article:publisher\" content=\"https:\/\/www.facebook.com\/amuz.krakow\" \/>\n<meta property=\"article:modified_time\" content=\"2025-04-24T12:48:15+00:00\" \/>\n<meta property=\"og:image\" content=\"https:\/\/www.amuz.krakow.pl\/wp-content\/uploads\/2025\/04\/wydawnictwo-materialy-promocyjne_kafel-na-strone-kopia-scaled.jpg\" \/>\n\t<meta property=\"og:image:width\" content=\"2048\" \/>\n\t<meta property=\"og:image:height\" content=\"1024\" \/>\n\t<meta property=\"og:image:type\" content=\"image\/jpeg\" \/>\n<meta name=\"twitter:card\" content=\"summary_large_image\" \/>\n<meta name=\"twitter:label1\" content=\"Est. reading time\" \/>\n\t<meta name=\"twitter:data1\" content=\"1 minute\" \/>\n<script type=\"application\/ld+json\" class=\"yoast-schema-graph\">{\"@context\":\"https:\/\/schema.org\",\"@graph\":[{\"@type\":\"WebPage\",\"@id\":\"https:\/\/www.amuz.krakow.pl\/penderecki-academy-press\/o-nas\/\",\"url\":\"https:\/\/www.amuz.krakow.pl\/penderecki-academy-press\/o-nas\/\",\"name\":\"AMKP - Akademia Muzyczna im. Krzysztofa Pendereckiego w Krakowie\",\"isPartOf\":{\"@id\":\"https:\/\/www.amuz.krakow.pl\/#website\"},\"primaryImageOfPage\":{\"@id\":\"https:\/\/www.amuz.krakow.pl\/penderecki-academy-press\/o-nas\/#primaryimage\"},\"image\":{\"@id\":\"https:\/\/www.amuz.krakow.pl\/penderecki-academy-press\/o-nas\/#primaryimage\"},\"thumbnailUrl\":\"https:\/\/www.amuz.krakow.pl\/wp-content\/uploads\/2025\/04\/wydawnictwo-materialy-promocyjne_kafel-na-strone-kopia-scaled.jpg\",\"datePublished\":\"2024-10-07T13:39:18+00:00\",\"dateModified\":\"2025-04-24T12:48:15+00:00\",\"description\":\"Jeste\u015bmy wydawnictwem naukowym o wieloletniej tradycji. Wydajemy ksi\u0105\u017cki, nuty oraz p\u0142yty. Z dum\u0105 prezentujemy dorobek naukowy i artystyczny AMKP.\",\"breadcrumb\":{\"@id\":\"https:\/\/www.amuz.krakow.pl\/penderecki-academy-press\/o-nas\/#breadcrumb\"},\"inLanguage\":\"en-US\",\"potentialAction\":[{\"@type\":\"ReadAction\",\"target\":[\"https:\/\/www.amuz.krakow.pl\/penderecki-academy-press\/o-nas\/\"]}]},{\"@type\":\"ImageObject\",\"inLanguage\":\"en-US\",\"@id\":\"https:\/\/www.amuz.krakow.pl\/penderecki-academy-press\/o-nas\/#primaryimage\",\"url\":\"https:\/\/www.amuz.krakow.pl\/wp-content\/uploads\/2025\/04\/wydawnictwo-materialy-promocyjne_kafel-na-strone-kopia-scaled.jpg\",\"contentUrl\":\"https:\/\/www.amuz.krakow.pl\/wp-content\/uploads\/2025\/04\/wydawnictwo-materialy-promocyjne_kafel-na-strone-kopia-scaled.jpg\",\"width\":2048,\"height\":1024},{\"@type\":\"BreadcrumbList\",\"@id\":\"https:\/\/www.amuz.krakow.pl\/penderecki-academy-press\/o-nas\/#breadcrumb\",\"itemListElement\":[{\"@type\":\"ListItem\",\"position\":1,\"name\":\"Strona g\u0142\u00f3wna\",\"item\":\"https:\/\/www.amuz.krakow.pl\/\"},{\"@type\":\"ListItem\",\"position\":2,\"name\":\"PENDERECKI ACADEMY PRESS\",\"item\":\"https:\/\/www.amuz.krakow.pl\/penderecki-academy-press\/\"},{\"@type\":\"ListItem\",\"position\":3,\"name\":\"O nas\"}]},{\"@type\":\"WebSite\",\"@id\":\"https:\/\/www.amuz.krakow.pl\/#website\",\"url\":\"https:\/\/www.amuz.krakow.pl\/\",\"name\":\"Akademia Muzyczna im. Krzysztofa Pendereckiego w Krakowie\",\"description\":\"Oficjalna strona Akademii Muzycznej im. Krzysztofa Pendereckiego w Krakowie (AMKP).\",\"publisher\":{\"@id\":\"https:\/\/www.amuz.krakow.pl\/#organization\"},\"alternateName\":\"AMKP\",\"potentialAction\":[{\"@type\":\"SearchAction\",\"target\":{\"@type\":\"EntryPoint\",\"urlTemplate\":\"https:\/\/www.amuz.krakow.pl\/?s={search_term_string}\"},\"query-input\":{\"@type\":\"PropertyValueSpecification\",\"valueRequired\":true,\"valueName\":\"search_term_string\"}}],\"inLanguage\":\"en-US\"},{\"@type\":\"Organization\",\"@id\":\"https:\/\/www.amuz.krakow.pl\/#organization\",\"name\":\"Akademia Muzyczna im. Krzysztofa Pendereckiego w Krakowie\",\"alternateName\":\"AMKP\",\"url\":\"https:\/\/www.amuz.krakow.pl\/\",\"logo\":{\"@type\":\"ImageObject\",\"inLanguage\":\"en-US\",\"@id\":\"https:\/\/www.amuz.krakow.pl\/#\/schema\/logo\/image\/\",\"url\":\"https:\/\/www.amuz.krakow.pl\/wp-content\/uploads\/2021\/11\/amkp.jpg\",\"contentUrl\":\"https:\/\/www.amuz.krakow.pl\/wp-content\/uploads\/2021\/11\/amkp.jpg\",\"width\":1193,\"height\":591,\"caption\":\"Akademia Muzyczna im. Krzysztofa Pendereckiego w Krakowie\"},\"image\":{\"@id\":\"https:\/\/www.amuz.krakow.pl\/#\/schema\/logo\/image\/\"},\"sameAs\":[\"https:\/\/www.facebook.com\/amuz.krakow\",\"https:\/\/www.instagram.com\/amkpenderecki\/\",\"https:\/\/www.youtube.com\/@amkpenderecki4806\"]}]}<\/script>\n<!-- \/ Yoast SEO plugin. -->","yoast_head_json":{"title":"AMKP - Akademia Muzyczna im. Krzysztofa Pendereckiego w Krakowie","description":"Jeste\u015bmy wydawnictwem naukowym o wieloletniej tradycji. Wydajemy ksi\u0105\u017cki, nuty oraz p\u0142yty. Z dum\u0105 prezentujemy dorobek naukowy i artystyczny AMKP.","robots":{"index":"index","follow":"follow","max-snippet":"max-snippet:-1","max-image-preview":"max-image-preview:large","max-video-preview":"max-video-preview:-1"},"canonical":"https:\/\/www.amuz.krakow.pl\/penderecki-academy-press\/o-nas\/","og_locale":"en_US","og_type":"article","og_title":"AMKP - Akademia Muzyczna im. Krzysztofa Pendereckiego w Krakowie","og_description":"Jeste\u015bmy wydawnictwem naukowym o wieloletniej tradycji. Wydajemy ksi\u0105\u017cki, nuty oraz p\u0142yty. Z dum\u0105 prezentujemy dorobek naukowy i artystyczny AMKP.","og_url":"https:\/\/www.amuz.krakow.pl\/penderecki-academy-press\/o-nas\/","og_site_name":"Akademia Muzyczna im. Krzysztofa Pendereckiego w Krakowie","article_publisher":"https:\/\/www.facebook.com\/amuz.krakow","article_modified_time":"2025-04-24T12:48:15+00:00","og_image":[{"width":2048,"height":1024,"url":"https:\/\/www.amuz.krakow.pl\/wp-content\/uploads\/2025\/04\/wydawnictwo-materialy-promocyjne_kafel-na-strone-kopia-scaled.jpg","type":"image\/jpeg"}],"twitter_card":"summary_large_image","twitter_misc":{"Est. reading time":"1 minute"},"schema":{"@context":"https:\/\/schema.org","@graph":[{"@type":"WebPage","@id":"https:\/\/www.amuz.krakow.pl\/penderecki-academy-press\/o-nas\/","url":"https:\/\/www.amuz.krakow.pl\/penderecki-academy-press\/o-nas\/","name":"AMKP - Akademia Muzyczna im. Krzysztofa Pendereckiego w Krakowie","isPartOf":{"@id":"https:\/\/www.amuz.krakow.pl\/#website"},"primaryImageOfPage":{"@id":"https:\/\/www.amuz.krakow.pl\/penderecki-academy-press\/o-nas\/#primaryimage"},"image":{"@id":"https:\/\/www.amuz.krakow.pl\/penderecki-academy-press\/o-nas\/#primaryimage"},"thumbnailUrl":"https:\/\/www.amuz.krakow.pl\/wp-content\/uploads\/2025\/04\/wydawnictwo-materialy-promocyjne_kafel-na-strone-kopia-scaled.jpg","datePublished":"2024-10-07T13:39:18+00:00","dateModified":"2025-04-24T12:48:15+00:00","description":"Jeste\u015bmy wydawnictwem naukowym o wieloletniej tradycji. Wydajemy ksi\u0105\u017cki, nuty oraz p\u0142yty. Z dum\u0105 prezentujemy dorobek naukowy i artystyczny AMKP.","breadcrumb":{"@id":"https:\/\/www.amuz.krakow.pl\/penderecki-academy-press\/o-nas\/#breadcrumb"},"inLanguage":"en-US","potentialAction":[{"@type":"ReadAction","target":["https:\/\/www.amuz.krakow.pl\/penderecki-academy-press\/o-nas\/"]}]},{"@type":"ImageObject","inLanguage":"en-US","@id":"https:\/\/www.amuz.krakow.pl\/penderecki-academy-press\/o-nas\/#primaryimage","url":"https:\/\/www.amuz.krakow.pl\/wp-content\/uploads\/2025\/04\/wydawnictwo-materialy-promocyjne_kafel-na-strone-kopia-scaled.jpg","contentUrl":"https:\/\/www.amuz.krakow.pl\/wp-content\/uploads\/2025\/04\/wydawnictwo-materialy-promocyjne_kafel-na-strone-kopia-scaled.jpg","width":2048,"height":1024},{"@type":"BreadcrumbList","@id":"https:\/\/www.amuz.krakow.pl\/penderecki-academy-press\/o-nas\/#breadcrumb","itemListElement":[{"@type":"ListItem","position":1,"name":"Strona g\u0142\u00f3wna","item":"https:\/\/www.amuz.krakow.pl\/"},{"@type":"ListItem","position":2,"name":"PENDERECKI ACADEMY PRESS","item":"https:\/\/www.amuz.krakow.pl\/penderecki-academy-press\/"},{"@type":"ListItem","position":3,"name":"O nas"}]},{"@type":"WebSite","@id":"https:\/\/www.amuz.krakow.pl\/#website","url":"https:\/\/www.amuz.krakow.pl\/","name":"Akademia Muzyczna im. Krzysztofa Pendereckiego w Krakowie","description":"Oficjalna strona Akademii Muzycznej im. Krzysztofa Pendereckiego w Krakowie (AMKP).","publisher":{"@id":"https:\/\/www.amuz.krakow.pl\/#organization"},"alternateName":"AMKP","potentialAction":[{"@type":"SearchAction","target":{"@type":"EntryPoint","urlTemplate":"https:\/\/www.amuz.krakow.pl\/?s={search_term_string}"},"query-input":{"@type":"PropertyValueSpecification","valueRequired":true,"valueName":"search_term_string"}}],"inLanguage":"en-US"},{"@type":"Organization","@id":"https:\/\/www.amuz.krakow.pl\/#organization","name":"Akademia Muzyczna im. Krzysztofa Pendereckiego w Krakowie","alternateName":"AMKP","url":"https:\/\/www.amuz.krakow.pl\/","logo":{"@type":"ImageObject","inLanguage":"en-US","@id":"https:\/\/www.amuz.krakow.pl\/#\/schema\/logo\/image\/","url":"https:\/\/www.amuz.krakow.pl\/wp-content\/uploads\/2021\/11\/amkp.jpg","contentUrl":"https:\/\/www.amuz.krakow.pl\/wp-content\/uploads\/2021\/11\/amkp.jpg","width":1193,"height":591,"caption":"Akademia Muzyczna im. Krzysztofa Pendereckiego w Krakowie"},"image":{"@id":"https:\/\/www.amuz.krakow.pl\/#\/schema\/logo\/image\/"},"sameAs":["https:\/\/www.facebook.com\/amuz.krakow","https:\/\/www.instagram.com\/amkpenderecki\/","https:\/\/www.youtube.com\/@amkpenderecki4806"]}]}},"_links":{"self":[{"href":"https:\/\/www.amuz.krakow.pl\/en\/wp-json\/wp\/v2\/pages\/90603","targetHints":{"allow":["GET"]}}],"collection":[{"href":"https:\/\/www.amuz.krakow.pl\/en\/wp-json\/wp\/v2\/pages"}],"about":[{"href":"https:\/\/www.amuz.krakow.pl\/en\/wp-json\/wp\/v2\/types\/page"}],"author":[{"embeddable":true,"href":"https:\/\/www.amuz.krakow.pl\/en\/wp-json\/wp\/v2\/users\/72"}],"replies":[{"embeddable":true,"href":"https:\/\/www.amuz.krakow.pl\/en\/wp-json\/wp\/v2\/comments?post=90603"}],"version-history":[{"count":13,"href":"https:\/\/www.amuz.krakow.pl\/en\/wp-json\/wp\/v2\/pages\/90603\/revisions"}],"predecessor-version":[{"id":101888,"href":"https:\/\/www.amuz.krakow.pl\/en\/wp-json\/wp\/v2\/pages\/90603\/revisions\/101888"}],"up":[{"embeddable":true,"href":"https:\/\/www.amuz.krakow.pl\/en\/wp-json\/wp\/v2\/pages\/4592"}],"wp:featuredmedia":[{"embeddable":true,"href":"https:\/\/www.amuz.krakow.pl\/en\/wp-json\/wp\/v2\/media\/101635"}],"wp:attachment":[{"href":"https:\/\/www.amuz.krakow.pl\/en\/wp-json\/wp\/v2\/media?parent=90603"}],"curies":[{"name":"wp","href":"https:\/\/api.w.org\/{rel}","templated":true}]}}