{"id":89844,"date":"2024-09-12T11:28:16","date_gmt":"2024-09-12T09:28:16","guid":{"rendered":"https:\/\/www.amuz.krakow.pl\/?page_id=89844"},"modified":"2025-06-10T13:05:06","modified_gmt":"2025-06-10T11:05:06","slug":"komisje-egzaminacyjne","status":"publish","type":"page","link":"https:\/\/www.amuz.krakow.pl\/en\/doktoranci\/kandydaci\/komisje-egzaminacyjne\/","title":{"rendered":"Examination Committees"},"content":{"rendered":"<p><\/p>\n<p class=\"v1MsoNormal\"><b>Theory of music:<\/b><\/p>\n<p class=\"v1MsoNormal\">dr hab. Ma\u0142gorzata Janicka-S\u0142ysz, prof. AMKP \u2013 Head (Head of the Department of Music Theory and Interpretation)<\/p>\n<p class=\"v1MsoNormal\">dr Dominika Mica\u0142 \u2013 Secretary<\/p>\n<p class=\"v1MsoNormal\">Members:<\/p>\n<p class=\"v1MsoNormal\">dr hab. Agnieszka Draus, prof. AMKP (Dean of the Faculty of Composition, Interpretation and Music Education)<\/p>\n<p class=\"v1MsoNormal\">dr hab. Ewa W\u00f3jtowicz, prof. AMKP<\/p>\n<p class=\"v1MsoNormal\">dr hab. Marcin Strzelecki<\/p>\n<p class=\"v1MsoNormal\">dr hab. Kinga Kiwa\u0142a<\/p>\n<p class=\"v1MsoNormal\"><b>Instrumental studies:<\/b><\/p>\n<p class=\"v1MsoNormal\">prof. dr hab. Jan Kalinowski \u2013 Head (Dean of the Instrumental Faculty)<\/p>\n<p class=\"v1MsoNormal\">dr Aleksandra D\u0105bek \u2013 Secretary<\/p>\n<p class=\"v1MsoNormal\">Members, heads of departments:<\/p>\n<p class=\"v1MsoNormal\">prof. dr hab. Dariusz B\u0105kowski-Kois (Department of Organ)<\/p>\n<p class=\"v1MsoNormal\">prof. dr hab. Piotr Lato (Department of Woodwind and Accordion)<\/p>\n<p class=\"v1MsoNormal\">prof. dr hab., Zdzis\u0142aw \u0141api\u0144ski (p.o. Department of Cello and Double Bass)<\/p>\n<p class=\"v1MsoNormal\">prof. dr hab. Micha\u0142 Nagy (Department of Guitar and Harp)<\/p>\n<p class=\"v1MsoNormal\">prof. dr hab. Marek Stefa\u0144ski (Director of the Doctoral School)<\/p>\n<p class=\"v1MsoNormal\">prof. dr hab. Marek Szlezer (Department of Piano)<\/p>\n<p class=\"v1MsoNormal\">dr hab. Bart\u0142omiej Kominek, prof. AMKP (Department of Chamber Music)<\/p>\n<p class=\"v1MsoNormal\">dr hab. Oriana Masternak, prof. AMKP (Department of Violin and Viola)<\/p>\n<p class=\"v1MsoNormal\">dr hab. Zbigniew Pilch, prof. AMKP (Department of Early Music)<\/p>\n<p class=\"v1MsoNormal\">dr hab. Maciej Ha\u0142o\u0144 (Department of Percussion and Contemporary Music)<\/p>\n<p class=\"v1MsoNormal\">dr. hab. Tomasz Stolarczyk (Department of Brass)<\/p>\n<p class=\"v1MsoNormal\"><b>Church music:<\/b><\/p>\n<p class=\"v1MsoNormal\">dr hab. Krzysztof Micha\u0142ek, prof. AMKP \u2013 Head (Vice-Dean of the Faculty of Composition, Interpretation and Music Education)<\/p>\n<p class=\"v1MsoNormal\">dr hab. Daniel Prajzner \u2013 Secretary and committee member (Head of the Department of Church Music)<\/p>\n<p>Members:<\/p>\n<p class=\"v1MsoNormal\">prof. dr hab. Marek Stefa\u0144ski (Director of the Doctoral School)<\/p>\n<p class=\"v1MsoNormal\">prof. dr hab. Maciej Tworek<\/p>\n<p class=\"v1MsoNormal\">dr hab. Henryk Jan Botor, prof. AMKP<\/p>\n<p><\/p>","protected":false},"excerpt":{"rendered":"<p>Theory of music: dr hab. Ma\u0142gorzata Janicka-S\u0142ysz, prof. AMKP \u2013 Head (Head of the Department of Music Theory and Interpretation) dr Dominika Mica\u0142 \u2013 Secretary Members: dr hab. Agnieszka Draus,&hellip; <a href=\"https:\/\/www.amuz.krakow.pl\/en\/doktoranci\/kandydaci\/komisje-egzaminacyjne\/\">Continue reading<\/a><\/p>\n","protected":false},"author":71,"featured_media":89503,"parent":90392,"menu_order":15,"comment_status":"closed","ping_status":"closed","template":"","meta":{"footnotes":"","_links_to":"","_links_to_target":""},"class_list":["post-89844","page","type-page","status-publish","has-post-thumbnail","hentry"],"yoast_head":"<!-- This site is optimized with the Yoast SEO plugin v27.2 - https:\/\/yoast.com\/product\/yoast-seo-wordpress\/ -->\n<title>AMKP - Akademia Muzyczna im. Krzysztofa Pendereckiego w Krakowie<\/title>\n<meta name=\"robots\" content=\"index, follow, max-snippet:-1, max-image-preview:large, max-video-preview:-1\" \/>\n<link rel=\"canonical\" href=\"https:\/\/www.amuz.krakow.pl\/doktoranci\/kandydaci\/komisje-egzaminacyjne\/\" \/>\n<meta property=\"og:locale\" content=\"en_US\" \/>\n<meta property=\"og:type\" content=\"article\" \/>\n<meta property=\"og:title\" content=\"AMKP - Akademia Muzyczna im. Krzysztofa Pendereckiego w Krakowie\" \/>\n<meta property=\"og:description\" content=\"Theory of music: dr hab. Ma\u0142gorzata Janicka-S\u0142ysz, prof. AMKP \u2013 Head (Head of the Department of Music Theory and Interpretation) dr Dominika Mica\u0142 \u2013 Secretary Members: dr hab. Agnieszka Draus,&hellip; Continue reading\" \/>\n<meta property=\"og:url\" content=\"https:\/\/www.amuz.krakow.pl\/doktoranci\/kandydaci\/komisje-egzaminacyjne\/\" \/>\n<meta property=\"og:site_name\" content=\"Akademia Muzyczna im. Krzysztofa Pendereckiego w Krakowie\" \/>\n<meta property=\"article:publisher\" content=\"https:\/\/www.facebook.com\/amuz.krakow\" \/>\n<meta property=\"article:modified_time\" content=\"2025-06-10T11:05:06+00:00\" \/>\n<meta property=\"og:image\" content=\"https:\/\/www.amuz.krakow.pl\/wp-content\/uploads\/2024\/09\/szkola-kafel2.jpg\" \/>\n\t<meta property=\"og:image:width\" content=\"900\" \/>\n\t<meta property=\"og:image:height\" content=\"449\" \/>\n\t<meta property=\"og:image:type\" content=\"image\/jpeg\" \/>\n<meta name=\"twitter:card\" content=\"summary_large_image\" \/>\n<meta name=\"twitter:label1\" content=\"Est. reading time\" \/>\n\t<meta name=\"twitter:data1\" content=\"2 minutes\" \/>\n<script type=\"application\/ld+json\" class=\"yoast-schema-graph\">{\"@context\":\"https:\/\/schema.org\",\"@graph\":[{\"@type\":\"WebPage\",\"@id\":\"https:\/\/www.amuz.krakow.pl\/doktoranci\/kandydaci\/komisje-egzaminacyjne\/\",\"url\":\"https:\/\/www.amuz.krakow.pl\/doktoranci\/kandydaci\/komisje-egzaminacyjne\/\",\"name\":\"AMKP - Akademia Muzyczna im. Krzysztofa Pendereckiego w Krakowie\",\"isPartOf\":{\"@id\":\"https:\/\/www.amuz.krakow.pl\/#website\"},\"primaryImageOfPage\":{\"@id\":\"https:\/\/www.amuz.krakow.pl\/doktoranci\/kandydaci\/komisje-egzaminacyjne\/#primaryimage\"},\"image\":{\"@id\":\"https:\/\/www.amuz.krakow.pl\/doktoranci\/kandydaci\/komisje-egzaminacyjne\/#primaryimage\"},\"thumbnailUrl\":\"https:\/\/www.amuz.krakow.pl\/wp-content\/uploads\/2024\/09\/szkola-kafel2.jpg\",\"datePublished\":\"2024-09-12T09:28:16+00:00\",\"dateModified\":\"2025-06-10T11:05:06+00:00\",\"breadcrumb\":{\"@id\":\"https:\/\/www.amuz.krakow.pl\/doktoranci\/kandydaci\/komisje-egzaminacyjne\/#breadcrumb\"},\"inLanguage\":\"en-US\",\"potentialAction\":[{\"@type\":\"ReadAction\",\"target\":[\"https:\/\/www.amuz.krakow.pl\/doktoranci\/kandydaci\/komisje-egzaminacyjne\/\"]}]},{\"@type\":\"ImageObject\",\"inLanguage\":\"en-US\",\"@id\":\"https:\/\/www.amuz.krakow.pl\/doktoranci\/kandydaci\/komisje-egzaminacyjne\/#primaryimage\",\"url\":\"https:\/\/www.amuz.krakow.pl\/wp-content\/uploads\/2024\/09\/szkola-kafel2.jpg\",\"contentUrl\":\"https:\/\/www.amuz.krakow.pl\/wp-content\/uploads\/2024\/09\/szkola-kafel2.jpg\",\"width\":900,\"height\":449},{\"@type\":\"BreadcrumbList\",\"@id\":\"https:\/\/www.amuz.krakow.pl\/doktoranci\/kandydaci\/komisje-egzaminacyjne\/#breadcrumb\",\"itemListElement\":[{\"@type\":\"ListItem\",\"position\":1,\"name\":\"Strona g\u0142\u00f3wna\",\"item\":\"https:\/\/www.amuz.krakow.pl\/\"},{\"@type\":\"ListItem\",\"position\":2,\"name\":\"Szko\u0142a Doktorska\",\"item\":\"https:\/\/www.amuz.krakow.pl\/doktoranci\/\"},{\"@type\":\"ListItem\",\"position\":3,\"name\":\"Kandydaci\",\"item\":\"https:\/\/www.amuz.krakow.pl\/doktoranci\/kandydaci\/\"},{\"@type\":\"ListItem\",\"position\":4,\"name\":\"Komisje Egzaminacyjne\"}]},{\"@type\":\"WebSite\",\"@id\":\"https:\/\/www.amuz.krakow.pl\/#website\",\"url\":\"https:\/\/www.amuz.krakow.pl\/\",\"name\":\"Akademia Muzyczna im. Krzysztofa Pendereckiego w Krakowie\",\"description\":\"Oficjalna strona Akademii Muzycznej im. Krzysztofa Pendereckiego w Krakowie (AMKP).\",\"publisher\":{\"@id\":\"https:\/\/www.amuz.krakow.pl\/#organization\"},\"alternateName\":\"AMKP\",\"potentialAction\":[{\"@type\":\"SearchAction\",\"target\":{\"@type\":\"EntryPoint\",\"urlTemplate\":\"https:\/\/www.amuz.krakow.pl\/?s={search_term_string}\"},\"query-input\":{\"@type\":\"PropertyValueSpecification\",\"valueRequired\":true,\"valueName\":\"search_term_string\"}}],\"inLanguage\":\"en-US\"},{\"@type\":\"Organization\",\"@id\":\"https:\/\/www.amuz.krakow.pl\/#organization\",\"name\":\"Akademia Muzyczna im. Krzysztofa Pendereckiego w Krakowie\",\"alternateName\":\"AMKP\",\"url\":\"https:\/\/www.amuz.krakow.pl\/\",\"logo\":{\"@type\":\"ImageObject\",\"inLanguage\":\"en-US\",\"@id\":\"https:\/\/www.amuz.krakow.pl\/#\/schema\/logo\/image\/\",\"url\":\"https:\/\/www.amuz.krakow.pl\/wp-content\/uploads\/2021\/11\/amkp.jpg\",\"contentUrl\":\"https:\/\/www.amuz.krakow.pl\/wp-content\/uploads\/2021\/11\/amkp.jpg\",\"width\":1193,\"height\":591,\"caption\":\"Akademia Muzyczna im. Krzysztofa Pendereckiego w Krakowie\"},\"image\":{\"@id\":\"https:\/\/www.amuz.krakow.pl\/#\/schema\/logo\/image\/\"},\"sameAs\":[\"https:\/\/www.facebook.com\/amuz.krakow\",\"https:\/\/www.instagram.com\/amkpenderecki\/\",\"https:\/\/www.youtube.com\/@amkpenderecki4806\"]}]}<\/script>\n<!-- \/ Yoast SEO plugin. -->","yoast_head_json":{"title":"AMKP - Akademia Muzyczna im. Krzysztofa Pendereckiego w Krakowie","robots":{"index":"index","follow":"follow","max-snippet":"max-snippet:-1","max-image-preview":"max-image-preview:large","max-video-preview":"max-video-preview:-1"},"canonical":"https:\/\/www.amuz.krakow.pl\/doktoranci\/kandydaci\/komisje-egzaminacyjne\/","og_locale":"en_US","og_type":"article","og_title":"AMKP - Akademia Muzyczna im. Krzysztofa Pendereckiego w Krakowie","og_description":"Theory of music: dr hab. Ma\u0142gorzata Janicka-S\u0142ysz, prof. AMKP \u2013 Head (Head of the Department of Music Theory and Interpretation) dr Dominika Mica\u0142 \u2013 Secretary Members: dr hab. Agnieszka Draus,&hellip; Continue reading","og_url":"https:\/\/www.amuz.krakow.pl\/doktoranci\/kandydaci\/komisje-egzaminacyjne\/","og_site_name":"Akademia Muzyczna im. Krzysztofa Pendereckiego w Krakowie","article_publisher":"https:\/\/www.facebook.com\/amuz.krakow","article_modified_time":"2025-06-10T11:05:06+00:00","og_image":[{"width":900,"height":449,"url":"https:\/\/www.amuz.krakow.pl\/wp-content\/uploads\/2024\/09\/szkola-kafel2.jpg","type":"image\/jpeg"}],"twitter_card":"summary_large_image","twitter_misc":{"Est. reading time":"2 minutes"},"schema":{"@context":"https:\/\/schema.org","@graph":[{"@type":"WebPage","@id":"https:\/\/www.amuz.krakow.pl\/doktoranci\/kandydaci\/komisje-egzaminacyjne\/","url":"https:\/\/www.amuz.krakow.pl\/doktoranci\/kandydaci\/komisje-egzaminacyjne\/","name":"AMKP - Akademia Muzyczna im. Krzysztofa Pendereckiego w Krakowie","isPartOf":{"@id":"https:\/\/www.amuz.krakow.pl\/#website"},"primaryImageOfPage":{"@id":"https:\/\/www.amuz.krakow.pl\/doktoranci\/kandydaci\/komisje-egzaminacyjne\/#primaryimage"},"image":{"@id":"https:\/\/www.amuz.krakow.pl\/doktoranci\/kandydaci\/komisje-egzaminacyjne\/#primaryimage"},"thumbnailUrl":"https:\/\/www.amuz.krakow.pl\/wp-content\/uploads\/2024\/09\/szkola-kafel2.jpg","datePublished":"2024-09-12T09:28:16+00:00","dateModified":"2025-06-10T11:05:06+00:00","breadcrumb":{"@id":"https:\/\/www.amuz.krakow.pl\/doktoranci\/kandydaci\/komisje-egzaminacyjne\/#breadcrumb"},"inLanguage":"en-US","potentialAction":[{"@type":"ReadAction","target":["https:\/\/www.amuz.krakow.pl\/doktoranci\/kandydaci\/komisje-egzaminacyjne\/"]}]},{"@type":"ImageObject","inLanguage":"en-US","@id":"https:\/\/www.amuz.krakow.pl\/doktoranci\/kandydaci\/komisje-egzaminacyjne\/#primaryimage","url":"https:\/\/www.amuz.krakow.pl\/wp-content\/uploads\/2024\/09\/szkola-kafel2.jpg","contentUrl":"https:\/\/www.amuz.krakow.pl\/wp-content\/uploads\/2024\/09\/szkola-kafel2.jpg","width":900,"height":449},{"@type":"BreadcrumbList","@id":"https:\/\/www.amuz.krakow.pl\/doktoranci\/kandydaci\/komisje-egzaminacyjne\/#breadcrumb","itemListElement":[{"@type":"ListItem","position":1,"name":"Strona g\u0142\u00f3wna","item":"https:\/\/www.amuz.krakow.pl\/"},{"@type":"ListItem","position":2,"name":"Szko\u0142a Doktorska","item":"https:\/\/www.amuz.krakow.pl\/doktoranci\/"},{"@type":"ListItem","position":3,"name":"Kandydaci","item":"https:\/\/www.amuz.krakow.pl\/doktoranci\/kandydaci\/"},{"@type":"ListItem","position":4,"name":"Komisje Egzaminacyjne"}]},{"@type":"WebSite","@id":"https:\/\/www.amuz.krakow.pl\/#website","url":"https:\/\/www.amuz.krakow.pl\/","name":"Akademia Muzyczna im. Krzysztofa Pendereckiego w Krakowie","description":"Oficjalna strona Akademii Muzycznej im. Krzysztofa Pendereckiego w Krakowie (AMKP).","publisher":{"@id":"https:\/\/www.amuz.krakow.pl\/#organization"},"alternateName":"AMKP","potentialAction":[{"@type":"SearchAction","target":{"@type":"EntryPoint","urlTemplate":"https:\/\/www.amuz.krakow.pl\/?s={search_term_string}"},"query-input":{"@type":"PropertyValueSpecification","valueRequired":true,"valueName":"search_term_string"}}],"inLanguage":"en-US"},{"@type":"Organization","@id":"https:\/\/www.amuz.krakow.pl\/#organization","name":"Akademia Muzyczna im. Krzysztofa Pendereckiego w Krakowie","alternateName":"AMKP","url":"https:\/\/www.amuz.krakow.pl\/","logo":{"@type":"ImageObject","inLanguage":"en-US","@id":"https:\/\/www.amuz.krakow.pl\/#\/schema\/logo\/image\/","url":"https:\/\/www.amuz.krakow.pl\/wp-content\/uploads\/2021\/11\/amkp.jpg","contentUrl":"https:\/\/www.amuz.krakow.pl\/wp-content\/uploads\/2021\/11\/amkp.jpg","width":1193,"height":591,"caption":"Akademia Muzyczna im. Krzysztofa Pendereckiego w Krakowie"},"image":{"@id":"https:\/\/www.amuz.krakow.pl\/#\/schema\/logo\/image\/"},"sameAs":["https:\/\/www.facebook.com\/amuz.krakow","https:\/\/www.instagram.com\/amkpenderecki\/","https:\/\/www.youtube.com\/@amkpenderecki4806"]}]}},"_links":{"self":[{"href":"https:\/\/www.amuz.krakow.pl\/en\/wp-json\/wp\/v2\/pages\/89844","targetHints":{"allow":["GET"]}}],"collection":[{"href":"https:\/\/www.amuz.krakow.pl\/en\/wp-json\/wp\/v2\/pages"}],"about":[{"href":"https:\/\/www.amuz.krakow.pl\/en\/wp-json\/wp\/v2\/types\/page"}],"author":[{"embeddable":true,"href":"https:\/\/www.amuz.krakow.pl\/en\/wp-json\/wp\/v2\/users\/71"}],"replies":[{"embeddable":true,"href":"https:\/\/www.amuz.krakow.pl\/en\/wp-json\/wp\/v2\/comments?post=89844"}],"version-history":[{"count":3,"href":"https:\/\/www.amuz.krakow.pl\/en\/wp-json\/wp\/v2\/pages\/89844\/revisions"}],"predecessor-version":[{"id":104296,"href":"https:\/\/www.amuz.krakow.pl\/en\/wp-json\/wp\/v2\/pages\/89844\/revisions\/104296"}],"up":[{"embeddable":true,"href":"https:\/\/www.amuz.krakow.pl\/en\/wp-json\/wp\/v2\/pages\/90392"}],"wp:featuredmedia":[{"embeddable":true,"href":"https:\/\/www.amuz.krakow.pl\/en\/wp-json\/wp\/v2\/media\/89503"}],"wp:attachment":[{"href":"https:\/\/www.amuz.krakow.pl\/en\/wp-json\/wp\/v2\/media?parent=89844"}],"curies":[{"name":"wp","href":"https:\/\/api.w.org\/{rel}","templated":true}]}}