{"id":89786,"date":"2024-09-16T15:30:12","date_gmt":"2024-09-16T13:30:12","guid":{"rendered":"https:\/\/www.amuz.krakow.pl\/?page_id=89786"},"modified":"2025-09-02T12:44:43","modified_gmt":"2025-09-02T10:44:43","slug":"nordyckie-nurty-peer-gynt","status":"publish","type":"page","link":"https:\/\/www.amuz.krakow.pl\/en\/nordyckie-nurty-peer-gynt\/","title":{"rendered":"Nordyckie Nurty. Peer Gynt"},"content":{"rendered":"<p><a href=\"https:\/\/www.amuz.krakow.pl\/wp-content\/uploads\/2024\/09\/mosty-akademickie-OK-final-1-scaled.jpg\" target=\"_blank\" rel=\"noopener\"><img loading=\"lazy\" decoding=\"async\" class=\"aligncenter wp-image-90064 size-full\" src=\"https:\/\/www.amuz.krakow.pl\/wp-content\/uploads\/2024\/09\/mosty-akademickie-OK-final-1-scaled.jpg\" alt=\"\" width=\"1428\" height=\"2048\" srcset=\"https:\/\/www.amuz.krakow.pl\/wp-content\/uploads\/2024\/09\/mosty-akademickie-OK-final-1-scaled.jpg 1428w, https:\/\/www.amuz.krakow.pl\/wp-content\/uploads\/2024\/09\/mosty-akademickie-OK-final-1-209x300.jpg 209w, https:\/\/www.amuz.krakow.pl\/wp-content\/uploads\/2024\/09\/mosty-akademickie-OK-final-1-768x1102.jpg 768w, https:\/\/www.amuz.krakow.pl\/wp-content\/uploads\/2024\/09\/mosty-akademickie-OK-final-1-1071x1536.jpg 1071w\" sizes=\"auto, (max-width: 1428px) 100vw, 1428px\" \/><\/a><\/p>\n<p>Koncert <strong>Nordyckie Nurty<\/strong> to projekt wsp\u00f3\u0142pracy Akademii Muzycznej im. Krzysztofa Pendereckiego w Krakowie z Katedr\u0105 Nordystyki Uniwersytetu Jagiello\u0144skiego.<\/p>\n<p>W trakcie koncertu zostan\u0105 zaprezentowane zar\u00f3wno utwory kameralne, jak i orkiestrowe takich kompozytor\u00f3w jak: Grieg, Chopin, J. \u00c1sgeirsson i S. Kaldal\u00f3ns, wykonane przez student\u00f3w AMKP. Program muzyczny b\u0119dzie przeplatany kr\u00f3tkimi fragmentami poezji nordyckiej czytanej przez student\u00f3w Katedry Nordystyki Uniwersytetu Jagiello\u0144skiego.<\/p>\n<p>Projekt obj\u0119ty jest honorowym patronatem Ministerstwa Kultury Islandii.<\/p>\n<p>Koordynacja projektu:<br \/>\nmgr Maksymilian Frach<br \/>\nUniwersytet Jagiello\u0144ski &#8211; Katedra Nordystyki<\/p>\n<p>Wsp\u00f3\u0142praca:<br \/>\ndr hab. Barbara \u0141ypik-Sobaniec, prof. AMKP<br \/>\nKierownik zak\u0142adu kameralistyki smyczkowej AMKP<\/p>\n<hr \/>\n<p>Wst\u0119p wolny.<\/p>\n<p>&nbsp;<\/p>\n<p><span style=\"font-size: 12pt;\"><strong>10 pa\u017adziernika 2024, 18:00<\/strong><\/span><br \/>\n<span style=\"font-size: 12pt;\"><strong>Auditorium Maximum UJ<\/strong><\/span><br \/>\n<span style=\"font-size: 12pt;\"><strong>ul. Krupnicza 33<\/strong><\/span><\/p>\n<p>J\u00f3n \u00c1sgeirsson (*1928) <em>Kwintet fortepianowy<\/em> oparty na islandzkich pie\u015bniach ludowych<\/p>\n<p><em>Augun M\u00edn og Augun \u00fe\u00edn<\/em><br \/>\n<em>Vera m\u00e1ttu g\u00f3\u00f0ur<\/em><br \/>\n<em>Raunarolla <\/em><br \/>\n<em>Krummav\u00edsur<\/em><\/p>\n<p><strong>Nikodem J\u00fal\u00edus Frach<\/strong> skrzypce<br \/>\n<strong>Anna Rydz<\/strong> skrzypce<br \/>\n<strong>Maksymilian Haraldur Frach<\/strong> alt\u00f3wka<br \/>\n<strong>Monika W\u00fcrsten<\/strong> wiolonczela<br \/>\n<strong>Mikolaj \u00d3lafur Frach<\/strong> fortepian<\/p>\n<p>J\u00f3nas Hallgr\u00edmsson (1807-1845) <em>\u00cdsland<\/em><\/p>\n<p><strong>Julia Piasecka<\/strong>\u00a0recytacja<br \/>\n<strong>Krzysztof Margas<\/strong>\u00a0recytacja<\/p>\n<p>Sigvaldi Kaldal\u00f3ns (1881-1946)<\/p>\n<p><em>\u00de\u00fa eina hjartans yndi\u00f0 mitt<\/em><br \/>\n<strong>Julia Dziuban<\/strong> sopran<\/p>\n<p><em>\u00c9g l\u00edt \u00ed anda li\u00f0na t\u00ed\u00f0<\/em><br \/>\n<em>Vorar samt<\/em><br \/>\n<strong>Maciej Parkita<\/strong> bas-baryton<\/p>\n<p>***<\/p>\n<p>Fryderyk Chopin (1810-1849) <em>Koncert fortepianowy f-moll<\/em> op.21<br \/>\n<em>II Larghetto<\/em><br \/>\n<strong>Mikolaj \u00d3lafur Frach<\/strong> fortepian<\/p>\n<p>Edvard Grieg (1843-1907) <em>Peer Gynt<\/em> Suita nr 1 op. 46<\/p>\n<p><em>Morgenstemning<\/em><br \/>\n<em>\u00c5ses d\u00f8d<\/em><br \/>\n<em>Anitras dans<\/em><br \/>\n<em>I Dovregubbens hall<\/em><\/p>\n<p><strong>Orkiestra projektowa AMKP<br \/>\nMaciej Tworek <\/strong>dyrygent<\/p>\n<p>&nbsp;<\/p>\n<p style=\"text-align: center;\"><strong>Sk\u0142ad orkiestry:<\/strong><\/p>\n<div class=\"wp-block-columns\">\n<div class=\"wp-block-column\">\n<p class=\"has-text-align-left\">Skrzypce I:<br \/>\nNikodem Frach<br \/>\nAnna Prucnal<br \/>\nWiktoria Suder<br \/>\nJan Karpa\u0142a<br \/>\nEmilia Zieli\u0144ska<br \/>\nNoemi Banach<br \/>\nJulia Kuzyk<br \/>\nSara Majkowska<\/p>\n<p>Skrzypce II:<br \/>\nAnna Rydz<br \/>\nAleksandra Sowa<br \/>\nJustyna Grzybek<br \/>\nKamil Dul<br \/>\nAgata Szozda<br \/>\nRozalia Paj\u0105k<\/p>\n<p>Alt\u00f3wki:<br \/>\nMaksymilian Frach<br \/>\nKristine Kr\u00fcger<br \/>\nJulia Kali\u015b<br \/>\nMa\u0142gorzata Wo\u015b<br \/>\nRoksana Cebula<\/p>\n<p>Wiolonczele:<br \/>\nMatylda Piotrowicz<br \/>\nBeata \u015awi\u0105tkowska<br \/>\nEmilia Kope\u0107<br \/>\nZofia Kupiec<br \/>\nR\u00e1chel \u017div\u010d\u00e1kov\u00e1<\/p>\n<p>Kontrabasy:<br \/>\nDawid Nowak<br \/>\nAleksandra Gryglewska<\/p>\n<p>Flety:<br \/>\nHanna Pysz<br \/>\nPaulina \u0141aciak<br \/>\nEmilia Kubas<\/p>\n<\/div>\n<div class=\"wp-block-column\">\n<p class=\"has-text-align-left\">Oboje:<br \/>\nJan Dominik<br \/>\nJulia Rodak<\/p>\n<p>Klarnety:<br \/>\nMaria Kotarba<br \/>\nTomasz Dobija<\/p>\n<p>Fagoty:<br \/>\nAmelia Brzozowska<br \/>\nKamil Tokarz<\/p>\n<p>Tr\u0105bki:<br \/>\nMaciej \u015aledziewski<br \/>\nRafa\u0142 Krzesiwo<\/p>\n<p>Waltornie:<br \/>\nMarek Ryt<br \/>\nJacek Kukla<\/p>\n<p>Puzony:<br \/>\nAntoni Giza<br \/>\nKarol Ga\u0144czarczyk<br \/>\nJakub Pirowski<\/p>\n<p>Tuba:<br \/>\nWojciech G\u0142\u0105b<\/p>\n<p>Perkusja:<br \/>\nMicha\u0142 R\u0105pa\u0142a<br \/>\nAntoni Jo\u0144ski<br \/>\nBeniamin Gle\u0144<br \/>\nMaria Flader<\/p>\n<p>Kot\u0142y:<br \/>\nAntoni Jo\u0144ski<\/p>\n<p>Perkusja:<br \/>\nMicha\u0142 R\u0105pa\u0142a<br \/>\nBeniamin Gle\u0144<\/p>\n<\/div>\n<\/div>\n","protected":false},"excerpt":{"rendered":"<p>Koncert Nordyckie Nurty to projekt wsp\u00f3\u0142pracy Akademii Muzycznej im. Krzysztofa Pendereckiego w Krakowie z Katedr\u0105 Nordystyki Uniwersytetu Jagiello\u0144skiego. W trakcie koncertu zostan\u0105 zaprezentowane zar\u00f3wno utwory kameralne, jak i orkiestrowe takich&hellip; <a href=\"https:\/\/www.amuz.krakow.pl\/en\/nordyckie-nurty-peer-gynt\/\">Continue reading<\/a><\/p>\n","protected":false},"author":72,"featured_media":89790,"parent":0,"menu_order":0,"comment_status":"closed","ping_status":"closed","template":"","meta":{"footnotes":"","_links_to":"","_links_to_target":""},"class_list":["post-89786","page","type-page","status-publish","has-post-thumbnail","hentry"],"yoast_head":"<!-- This site is optimized with the Yoast SEO plugin v27.2 - https:\/\/yoast.com\/product\/yoast-seo-wordpress\/ -->\n<title>AMKP - Akademia Muzyczna im. Krzysztofa Pendereckiego w Krakowie<\/title>\n<meta name=\"robots\" content=\"index, follow, max-snippet:-1, max-image-preview:large, max-video-preview:-1\" \/>\n<link rel=\"canonical\" href=\"https:\/\/www.amuz.krakow.pl\/nordyckie-nurty-peer-gynt\/\" \/>\n<meta property=\"og:locale\" content=\"en_US\" \/>\n<meta property=\"og:type\" content=\"article\" \/>\n<meta property=\"og:title\" content=\"AMKP - Akademia Muzyczna im. Krzysztofa Pendereckiego w Krakowie\" \/>\n<meta property=\"og:description\" content=\"Koncert Nordyckie Nurty to projekt wsp\u00f3\u0142pracy Akademii Muzycznej im. Krzysztofa Pendereckiego w Krakowie z Katedr\u0105 Nordystyki Uniwersytetu Jagiello\u0144skiego. W trakcie koncertu zostan\u0105 zaprezentowane zar\u00f3wno utwory kameralne, jak i orkiestrowe takich&hellip; Continue reading\" \/>\n<meta property=\"og:url\" content=\"https:\/\/www.amuz.krakow.pl\/nordyckie-nurty-peer-gynt\/\" \/>\n<meta property=\"og:site_name\" content=\"Akademia Muzyczna im. Krzysztofa Pendereckiego w Krakowie\" \/>\n<meta property=\"article:publisher\" content=\"https:\/\/www.facebook.com\/amuz.krakow\" \/>\n<meta property=\"article:modified_time\" content=\"2025-09-02T10:44:43+00:00\" \/>\n<meta property=\"og:image\" content=\"https:\/\/www.amuz.krakow.pl\/wp-content\/uploads\/2024\/09\/mosty-akademickie-OK-kafelek.jpg\" \/>\n\t<meta property=\"og:image:width\" content=\"900\" \/>\n\t<meta property=\"og:image:height\" content=\"450\" \/>\n\t<meta property=\"og:image:type\" content=\"image\/jpeg\" \/>\n<meta name=\"twitter:card\" content=\"summary_large_image\" \/>\n<meta name=\"twitter:label1\" content=\"Est. reading time\" \/>\n\t<meta name=\"twitter:data1\" content=\"3 minutes\" \/>\n<script type=\"application\/ld+json\" class=\"yoast-schema-graph\">{\"@context\":\"https:\/\/schema.org\",\"@graph\":[{\"@type\":\"WebPage\",\"@id\":\"https:\/\/www.amuz.krakow.pl\/nordyckie-nurty-peer-gynt\/\",\"url\":\"https:\/\/www.amuz.krakow.pl\/nordyckie-nurty-peer-gynt\/\",\"name\":\"AMKP - Akademia Muzyczna im. Krzysztofa Pendereckiego w Krakowie\",\"isPartOf\":{\"@id\":\"https:\/\/www.amuz.krakow.pl\/#website\"},\"primaryImageOfPage\":{\"@id\":\"https:\/\/www.amuz.krakow.pl\/nordyckie-nurty-peer-gynt\/#primaryimage\"},\"image\":{\"@id\":\"https:\/\/www.amuz.krakow.pl\/nordyckie-nurty-peer-gynt\/#primaryimage\"},\"thumbnailUrl\":\"https:\/\/www.amuz.krakow.pl\/wp-content\/uploads\/2024\/09\/mosty-akademickie-OK-kafelek.jpg\",\"datePublished\":\"2024-09-16T13:30:12+00:00\",\"dateModified\":\"2025-09-02T10:44:43+00:00\",\"breadcrumb\":{\"@id\":\"https:\/\/www.amuz.krakow.pl\/nordyckie-nurty-peer-gynt\/#breadcrumb\"},\"inLanguage\":\"en-US\",\"potentialAction\":[{\"@type\":\"ReadAction\",\"target\":[\"https:\/\/www.amuz.krakow.pl\/nordyckie-nurty-peer-gynt\/\"]}]},{\"@type\":\"ImageObject\",\"inLanguage\":\"en-US\",\"@id\":\"https:\/\/www.amuz.krakow.pl\/nordyckie-nurty-peer-gynt\/#primaryimage\",\"url\":\"https:\/\/www.amuz.krakow.pl\/wp-content\/uploads\/2024\/09\/mosty-akademickie-OK-kafelek.jpg\",\"contentUrl\":\"https:\/\/www.amuz.krakow.pl\/wp-content\/uploads\/2024\/09\/mosty-akademickie-OK-kafelek.jpg\",\"width\":900,\"height\":450},{\"@type\":\"BreadcrumbList\",\"@id\":\"https:\/\/www.amuz.krakow.pl\/nordyckie-nurty-peer-gynt\/#breadcrumb\",\"itemListElement\":[{\"@type\":\"ListItem\",\"position\":1,\"name\":\"Strona g\u0142\u00f3wna\",\"item\":\"https:\/\/www.amuz.krakow.pl\/\"},{\"@type\":\"ListItem\",\"position\":2,\"name\":\"Nordyckie Nurty. Peer Gynt\"}]},{\"@type\":\"WebSite\",\"@id\":\"https:\/\/www.amuz.krakow.pl\/#website\",\"url\":\"https:\/\/www.amuz.krakow.pl\/\",\"name\":\"Akademia Muzyczna im. Krzysztofa Pendereckiego w Krakowie\",\"description\":\"Oficjalna strona Akademii Muzycznej im. Krzysztofa Pendereckiego w Krakowie (AMKP).\",\"publisher\":{\"@id\":\"https:\/\/www.amuz.krakow.pl\/#organization\"},\"alternateName\":\"AMKP\",\"potentialAction\":[{\"@type\":\"SearchAction\",\"target\":{\"@type\":\"EntryPoint\",\"urlTemplate\":\"https:\/\/www.amuz.krakow.pl\/?s={search_term_string}\"},\"query-input\":{\"@type\":\"PropertyValueSpecification\",\"valueRequired\":true,\"valueName\":\"search_term_string\"}}],\"inLanguage\":\"en-US\"},{\"@type\":\"Organization\",\"@id\":\"https:\/\/www.amuz.krakow.pl\/#organization\",\"name\":\"Akademia Muzyczna im. Krzysztofa Pendereckiego w Krakowie\",\"alternateName\":\"AMKP\",\"url\":\"https:\/\/www.amuz.krakow.pl\/\",\"logo\":{\"@type\":\"ImageObject\",\"inLanguage\":\"en-US\",\"@id\":\"https:\/\/www.amuz.krakow.pl\/#\/schema\/logo\/image\/\",\"url\":\"https:\/\/www.amuz.krakow.pl\/wp-content\/uploads\/2021\/11\/amkp.jpg\",\"contentUrl\":\"https:\/\/www.amuz.krakow.pl\/wp-content\/uploads\/2021\/11\/amkp.jpg\",\"width\":1193,\"height\":591,\"caption\":\"Akademia Muzyczna im. Krzysztofa Pendereckiego w Krakowie\"},\"image\":{\"@id\":\"https:\/\/www.amuz.krakow.pl\/#\/schema\/logo\/image\/\"},\"sameAs\":[\"https:\/\/www.facebook.com\/amuz.krakow\",\"https:\/\/www.instagram.com\/amkpenderecki\/\",\"https:\/\/www.youtube.com\/@amkpenderecki4806\"]}]}<\/script>\n<!-- \/ Yoast SEO plugin. -->","yoast_head_json":{"title":"AMKP - Akademia Muzyczna im. Krzysztofa Pendereckiego w Krakowie","robots":{"index":"index","follow":"follow","max-snippet":"max-snippet:-1","max-image-preview":"max-image-preview:large","max-video-preview":"max-video-preview:-1"},"canonical":"https:\/\/www.amuz.krakow.pl\/nordyckie-nurty-peer-gynt\/","og_locale":"en_US","og_type":"article","og_title":"AMKP - Akademia Muzyczna im. Krzysztofa Pendereckiego w Krakowie","og_description":"Koncert Nordyckie Nurty to projekt wsp\u00f3\u0142pracy Akademii Muzycznej im. Krzysztofa Pendereckiego w Krakowie z Katedr\u0105 Nordystyki Uniwersytetu Jagiello\u0144skiego. W trakcie koncertu zostan\u0105 zaprezentowane zar\u00f3wno utwory kameralne, jak i orkiestrowe takich&hellip; Continue reading","og_url":"https:\/\/www.amuz.krakow.pl\/nordyckie-nurty-peer-gynt\/","og_site_name":"Akademia Muzyczna im. Krzysztofa Pendereckiego w Krakowie","article_publisher":"https:\/\/www.facebook.com\/amuz.krakow","article_modified_time":"2025-09-02T10:44:43+00:00","og_image":[{"width":900,"height":450,"url":"https:\/\/www.amuz.krakow.pl\/wp-content\/uploads\/2024\/09\/mosty-akademickie-OK-kafelek.jpg","type":"image\/jpeg"}],"twitter_card":"summary_large_image","twitter_misc":{"Est. reading time":"3 minutes"},"schema":{"@context":"https:\/\/schema.org","@graph":[{"@type":"WebPage","@id":"https:\/\/www.amuz.krakow.pl\/nordyckie-nurty-peer-gynt\/","url":"https:\/\/www.amuz.krakow.pl\/nordyckie-nurty-peer-gynt\/","name":"AMKP - Akademia Muzyczna im. Krzysztofa Pendereckiego w Krakowie","isPartOf":{"@id":"https:\/\/www.amuz.krakow.pl\/#website"},"primaryImageOfPage":{"@id":"https:\/\/www.amuz.krakow.pl\/nordyckie-nurty-peer-gynt\/#primaryimage"},"image":{"@id":"https:\/\/www.amuz.krakow.pl\/nordyckie-nurty-peer-gynt\/#primaryimage"},"thumbnailUrl":"https:\/\/www.amuz.krakow.pl\/wp-content\/uploads\/2024\/09\/mosty-akademickie-OK-kafelek.jpg","datePublished":"2024-09-16T13:30:12+00:00","dateModified":"2025-09-02T10:44:43+00:00","breadcrumb":{"@id":"https:\/\/www.amuz.krakow.pl\/nordyckie-nurty-peer-gynt\/#breadcrumb"},"inLanguage":"en-US","potentialAction":[{"@type":"ReadAction","target":["https:\/\/www.amuz.krakow.pl\/nordyckie-nurty-peer-gynt\/"]}]},{"@type":"ImageObject","inLanguage":"en-US","@id":"https:\/\/www.amuz.krakow.pl\/nordyckie-nurty-peer-gynt\/#primaryimage","url":"https:\/\/www.amuz.krakow.pl\/wp-content\/uploads\/2024\/09\/mosty-akademickie-OK-kafelek.jpg","contentUrl":"https:\/\/www.amuz.krakow.pl\/wp-content\/uploads\/2024\/09\/mosty-akademickie-OK-kafelek.jpg","width":900,"height":450},{"@type":"BreadcrumbList","@id":"https:\/\/www.amuz.krakow.pl\/nordyckie-nurty-peer-gynt\/#breadcrumb","itemListElement":[{"@type":"ListItem","position":1,"name":"Strona g\u0142\u00f3wna","item":"https:\/\/www.amuz.krakow.pl\/"},{"@type":"ListItem","position":2,"name":"Nordyckie Nurty. Peer Gynt"}]},{"@type":"WebSite","@id":"https:\/\/www.amuz.krakow.pl\/#website","url":"https:\/\/www.amuz.krakow.pl\/","name":"Akademia Muzyczna im. Krzysztofa Pendereckiego w Krakowie","description":"Oficjalna strona Akademii Muzycznej im. Krzysztofa Pendereckiego w Krakowie (AMKP).","publisher":{"@id":"https:\/\/www.amuz.krakow.pl\/#organization"},"alternateName":"AMKP","potentialAction":[{"@type":"SearchAction","target":{"@type":"EntryPoint","urlTemplate":"https:\/\/www.amuz.krakow.pl\/?s={search_term_string}"},"query-input":{"@type":"PropertyValueSpecification","valueRequired":true,"valueName":"search_term_string"}}],"inLanguage":"en-US"},{"@type":"Organization","@id":"https:\/\/www.amuz.krakow.pl\/#organization","name":"Akademia Muzyczna im. Krzysztofa Pendereckiego w Krakowie","alternateName":"AMKP","url":"https:\/\/www.amuz.krakow.pl\/","logo":{"@type":"ImageObject","inLanguage":"en-US","@id":"https:\/\/www.amuz.krakow.pl\/#\/schema\/logo\/image\/","url":"https:\/\/www.amuz.krakow.pl\/wp-content\/uploads\/2021\/11\/amkp.jpg","contentUrl":"https:\/\/www.amuz.krakow.pl\/wp-content\/uploads\/2021\/11\/amkp.jpg","width":1193,"height":591,"caption":"Akademia Muzyczna im. Krzysztofa Pendereckiego w Krakowie"},"image":{"@id":"https:\/\/www.amuz.krakow.pl\/#\/schema\/logo\/image\/"},"sameAs":["https:\/\/www.facebook.com\/amuz.krakow","https:\/\/www.instagram.com\/amkpenderecki\/","https:\/\/www.youtube.com\/@amkpenderecki4806"]}]}},"_links":{"self":[{"href":"https:\/\/www.amuz.krakow.pl\/en\/wp-json\/wp\/v2\/pages\/89786","targetHints":{"allow":["GET"]}}],"collection":[{"href":"https:\/\/www.amuz.krakow.pl\/en\/wp-json\/wp\/v2\/pages"}],"about":[{"href":"https:\/\/www.amuz.krakow.pl\/en\/wp-json\/wp\/v2\/types\/page"}],"author":[{"embeddable":true,"href":"https:\/\/www.amuz.krakow.pl\/en\/wp-json\/wp\/v2\/users\/72"}],"replies":[{"embeddable":true,"href":"https:\/\/www.amuz.krakow.pl\/en\/wp-json\/wp\/v2\/comments?post=89786"}],"version-history":[{"count":1,"href":"https:\/\/www.amuz.krakow.pl\/en\/wp-json\/wp\/v2\/pages\/89786\/revisions"}],"predecessor-version":[{"id":106570,"href":"https:\/\/www.amuz.krakow.pl\/en\/wp-json\/wp\/v2\/pages\/89786\/revisions\/106570"}],"wp:featuredmedia":[{"embeddable":true,"href":"https:\/\/www.amuz.krakow.pl\/en\/wp-json\/wp\/v2\/media\/89790"}],"wp:attachment":[{"href":"https:\/\/www.amuz.krakow.pl\/en\/wp-json\/wp\/v2\/media?parent=89786"}],"curies":[{"name":"wp","href":"https:\/\/api.w.org\/{rel}","templated":true}]}}