{"id":89298,"date":"2024-09-02T12:21:40","date_gmt":"2024-09-02T10:21:40","guid":{"rendered":"https:\/\/www.amuz.krakow.pl\/?page_id=89298"},"modified":"2024-09-10T11:47:17","modified_gmt":"2024-09-10T09:47:17","slug":"kadencja-2024-2028","status":"publish","type":"page","link":"https:\/\/www.amuz.krakow.pl\/en\/kadencja-2024-2028\/","title":{"rendered":"Term of office 2024-2028"},"content":{"rendered":"<p>On September 1st, 2024, at the Krzysztof Penderecki Academy of Music in Krakow a new term of office began.<\/p>\n<p><a href=\"https:\/\/www.amuz.krakow.pl\/en\/wladze\/prorektorzy\/prof-dr-hab-piotr-lato\/\"><strong>Prof. dr hab. Mariusz Sielski<\/strong><\/a>\u00a0became the <strong>rector<\/strong>, and <strong><a href=\"https:\/\/www.amuz.krakow.pl\/en\/wladze\/prorektorzy\/prof-dr-hab-piotr-lato\/\">prof. dr hab. Piotr Lato<\/a>, <a href=\"https:\/\/www.amuz.krakow.pl\/en\/wladze\/prorektorzy\/dr-hab-piotr-rozanski\/\">dr hab. Piotr R\u00f3\u017ca\u0144ski<\/a><\/strong> and <a href=\"https:\/\/www.amuz.krakow.pl\/en\/wladze\/prorektorzy\/dr-maria-wilczek-krupa\/\"><strong>dr Maria Wilczek-Krupa<\/strong><\/a> became <strong>vice-rectors<\/strong>. The term of office will last until August 31st, 2028.<\/p>\n<p>On the September 4th, the <strong>deans<\/strong> and the <strong>director<\/strong> of Doctoral School have been appointed:<\/p>\n<p>Dean of the Faculty I &#8211; <a href=\"https:\/\/www.amuz.krakow.pl\/en\/wladze\/wydzial-tworczosci-interpretacji-i-edukacji-muzycznej\/agnieszka-draus\/\">dr hab. Agnieszka Draus, prof. AMKP<\/a><br \/>\nDean of the Faculty II &#8211; <a href=\"https:\/\/www.amuz.krakow.pl\/en\/wladze\/wydzial-instrumentalny\/jan-kalinowski\/\">prof. dr hab. Jan Kalinowski<\/a><br \/>\nDean of the Faculty III &#8211; <a href=\"https:\/\/www.amuz.krakow.pl\/en\/wladze\/wydzial-wokalno-aktorski\/jacek-ozimkowski\/\">prof. dr hab. Jacek Ozimkowski<\/a><\/p>\n<p>Director of Doctoral School &#8211; <a href=\"https:\/\/www.amuz.krakow.pl\/en\/wydzialy\/wydzial-ii-instrumentalny\/katedra-organow\/pracownicy-katedry\/dr-hab-marek-stefanski\/\">prof. dr hab. Marek Stefa\u0144ski<\/a><\/p>\n<p>The list of members of the<strong> AMKP Senat<\/strong>e has been published <a href=\"https:\/\/www.amuz.krakow.pl\/en\/organy-uczelni\/senat\/senat\/\">here<\/a>.<\/p>\n<p>&nbsp;<\/p>","protected":false},"excerpt":{"rendered":"<p>On September 1st, 2024, at the Krzysztof Penderecki Academy of Music in Krakow a new term of office began. Prof. dr hab. Mariusz Sielski\u00a0became the rector, and prof. dr hab.&hellip; <a href=\"https:\/\/www.amuz.krakow.pl\/en\/kadencja-2024-2028\/\">Continue reading<\/a><\/p>\n","protected":false},"author":72,"featured_media":89331,"parent":0,"menu_order":0,"comment_status":"closed","ping_status":"closed","template":"","meta":{"footnotes":"","_links_to":"","_links_to_target":""},"class_list":["post-89298","page","type-page","status-publish","has-post-thumbnail","hentry"],"yoast_head":"<!-- This site is optimized with the Yoast SEO plugin v27.4 - https:\/\/yoast.com\/product\/yoast-seo-wordpress\/ -->\n<title>AMKP - Akademia Muzyczna im. Krzysztofa Pendereckiego w Krakowie<\/title>\n<meta name=\"robots\" content=\"index, follow, max-snippet:-1, max-image-preview:large, max-video-preview:-1\" \/>\n<link rel=\"canonical\" href=\"https:\/\/www.amuz.krakow.pl\/kadencja-2024-2028\/\" \/>\n<meta property=\"og:locale\" content=\"en_US\" \/>\n<meta property=\"og:type\" content=\"article\" \/>\n<meta property=\"og:title\" content=\"AMKP - Akademia Muzyczna im. Krzysztofa Pendereckiego w Krakowie\" \/>\n<meta property=\"og:description\" content=\"On September 1st, 2024, at the Krzysztof Penderecki Academy of Music in Krakow a new term of office began. Prof. dr hab. Mariusz Sielski\u00a0became the rector, and prof. dr hab.&hellip; Continue reading\" \/>\n<meta property=\"og:url\" content=\"https:\/\/www.amuz.krakow.pl\/kadencja-2024-2028\/\" \/>\n<meta property=\"og:site_name\" content=\"Akademia Muzyczna im. Krzysztofa Pendereckiego w Krakowie\" \/>\n<meta property=\"article:publisher\" content=\"https:\/\/www.facebook.com\/amuz.krakow\" \/>\n<meta property=\"article:modified_time\" content=\"2024-09-10T09:47:17+00:00\" \/>\n<meta property=\"og:image\" content=\"https:\/\/www.amuz.krakow.pl\/wp-content\/uploads\/2024\/09\/kadencja-2024-28.jpg\" \/>\n\t<meta property=\"og:image:width\" content=\"800\" \/>\n\t<meta property=\"og:image:height\" content=\"400\" \/>\n\t<meta property=\"og:image:type\" content=\"image\/jpeg\" \/>\n<meta name=\"twitter:card\" content=\"summary_large_image\" \/>\n<meta name=\"twitter:label1\" content=\"Est. reading time\" \/>\n\t<meta name=\"twitter:data1\" content=\"1 minute\" \/>\n<script type=\"application\/ld+json\" class=\"yoast-schema-graph\">{\"@context\":\"https:\\\/\\\/schema.org\",\"@graph\":[{\"@type\":\"WebPage\",\"@id\":\"https:\\\/\\\/www.amuz.krakow.pl\\\/kadencja-2024-2028\\\/\",\"url\":\"https:\\\/\\\/www.amuz.krakow.pl\\\/kadencja-2024-2028\\\/\",\"name\":\"AMKP - Akademia Muzyczna im. Krzysztofa Pendereckiego w Krakowie\",\"isPartOf\":{\"@id\":\"https:\\\/\\\/www.amuz.krakow.pl\\\/#website\"},\"primaryImageOfPage\":{\"@id\":\"https:\\\/\\\/www.amuz.krakow.pl\\\/kadencja-2024-2028\\\/#primaryimage\"},\"image\":{\"@id\":\"https:\\\/\\\/www.amuz.krakow.pl\\\/kadencja-2024-2028\\\/#primaryimage\"},\"thumbnailUrl\":\"https:\\\/\\\/www.amuz.krakow.pl\\\/wp-content\\\/uploads\\\/2024\\\/09\\\/kadencja-2024-28.jpg\",\"datePublished\":\"2024-09-02T10:21:40+00:00\",\"dateModified\":\"2024-09-10T09:47:17+00:00\",\"breadcrumb\":{\"@id\":\"https:\\\/\\\/www.amuz.krakow.pl\\\/kadencja-2024-2028\\\/#breadcrumb\"},\"inLanguage\":\"en-US\",\"potentialAction\":[{\"@type\":\"ReadAction\",\"target\":[\"https:\\\/\\\/www.amuz.krakow.pl\\\/kadencja-2024-2028\\\/\"]}]},{\"@type\":\"ImageObject\",\"inLanguage\":\"en-US\",\"@id\":\"https:\\\/\\\/www.amuz.krakow.pl\\\/kadencja-2024-2028\\\/#primaryimage\",\"url\":\"https:\\\/\\\/www.amuz.krakow.pl\\\/wp-content\\\/uploads\\\/2024\\\/09\\\/kadencja-2024-28.jpg\",\"contentUrl\":\"https:\\\/\\\/www.amuz.krakow.pl\\\/wp-content\\\/uploads\\\/2024\\\/09\\\/kadencja-2024-28.jpg\",\"width\":800,\"height\":400},{\"@type\":\"BreadcrumbList\",\"@id\":\"https:\\\/\\\/www.amuz.krakow.pl\\\/kadencja-2024-2028\\\/#breadcrumb\",\"itemListElement\":[{\"@type\":\"ListItem\",\"position\":1,\"name\":\"Strona g\u0142\u00f3wna\",\"item\":\"https:\\\/\\\/www.amuz.krakow.pl\\\/\"},{\"@type\":\"ListItem\",\"position\":2,\"name\":\"Kadencja 2024-2028\"}]},{\"@type\":\"WebSite\",\"@id\":\"https:\\\/\\\/www.amuz.krakow.pl\\\/#website\",\"url\":\"https:\\\/\\\/www.amuz.krakow.pl\\\/\",\"name\":\"Akademia Muzyczna im. Krzysztofa Pendereckiego w Krakowie\",\"description\":\"Oficjalna strona Akademii Muzycznej im. Krzysztofa Pendereckiego w Krakowie (AMKP).\",\"publisher\":{\"@id\":\"https:\\\/\\\/www.amuz.krakow.pl\\\/#organization\"},\"alternateName\":\"AMKP\",\"potentialAction\":[{\"@type\":\"SearchAction\",\"target\":{\"@type\":\"EntryPoint\",\"urlTemplate\":\"https:\\\/\\\/www.amuz.krakow.pl\\\/?s={search_term_string}\"},\"query-input\":{\"@type\":\"PropertyValueSpecification\",\"valueRequired\":true,\"valueName\":\"search_term_string\"}}],\"inLanguage\":\"en-US\"},{\"@type\":\"Organization\",\"@id\":\"https:\\\/\\\/www.amuz.krakow.pl\\\/#organization\",\"name\":\"Akademia Muzyczna im. Krzysztofa Pendereckiego w Krakowie\",\"alternateName\":\"AMKP\",\"url\":\"https:\\\/\\\/www.amuz.krakow.pl\\\/\",\"logo\":{\"@type\":\"ImageObject\",\"inLanguage\":\"en-US\",\"@id\":\"https:\\\/\\\/www.amuz.krakow.pl\\\/#\\\/schema\\\/logo\\\/image\\\/\",\"url\":\"https:\\\/\\\/www.amuz.krakow.pl\\\/wp-content\\\/uploads\\\/2021\\\/11\\\/amkp.jpg\",\"contentUrl\":\"https:\\\/\\\/www.amuz.krakow.pl\\\/wp-content\\\/uploads\\\/2021\\\/11\\\/amkp.jpg\",\"width\":1193,\"height\":591,\"caption\":\"Akademia Muzyczna im. Krzysztofa Pendereckiego w Krakowie\"},\"image\":{\"@id\":\"https:\\\/\\\/www.amuz.krakow.pl\\\/#\\\/schema\\\/logo\\\/image\\\/\"},\"sameAs\":[\"https:\\\/\\\/www.facebook.com\\\/amuz.krakow\",\"https:\\\/\\\/www.instagram.com\\\/amkpenderecki\\\/\",\"https:\\\/\\\/www.youtube.com\\\/@amkpenderecki4806\"]}]}<\/script>\n<!-- \/ Yoast SEO plugin. -->","yoast_head_json":{"title":"AMKP - Akademia Muzyczna im. Krzysztofa Pendereckiego w Krakowie","robots":{"index":"index","follow":"follow","max-snippet":"max-snippet:-1","max-image-preview":"max-image-preview:large","max-video-preview":"max-video-preview:-1"},"canonical":"https:\/\/www.amuz.krakow.pl\/kadencja-2024-2028\/","og_locale":"en_US","og_type":"article","og_title":"AMKP - Akademia Muzyczna im. Krzysztofa Pendereckiego w Krakowie","og_description":"On September 1st, 2024, at the Krzysztof Penderecki Academy of Music in Krakow a new term of office began. Prof. dr hab. Mariusz Sielski\u00a0became the rector, and prof. dr hab.&hellip; Continue reading","og_url":"https:\/\/www.amuz.krakow.pl\/kadencja-2024-2028\/","og_site_name":"Akademia Muzyczna im. Krzysztofa Pendereckiego w Krakowie","article_publisher":"https:\/\/www.facebook.com\/amuz.krakow","article_modified_time":"2024-09-10T09:47:17+00:00","og_image":[{"width":800,"height":400,"url":"https:\/\/www.amuz.krakow.pl\/wp-content\/uploads\/2024\/09\/kadencja-2024-28.jpg","type":"image\/jpeg"}],"twitter_card":"summary_large_image","twitter_misc":{"Est. reading time":"1 minute"},"schema":{"@context":"https:\/\/schema.org","@graph":[{"@type":"WebPage","@id":"https:\/\/www.amuz.krakow.pl\/kadencja-2024-2028\/","url":"https:\/\/www.amuz.krakow.pl\/kadencja-2024-2028\/","name":"AMKP - Akademia Muzyczna im. Krzysztofa Pendereckiego w Krakowie","isPartOf":{"@id":"https:\/\/www.amuz.krakow.pl\/#website"},"primaryImageOfPage":{"@id":"https:\/\/www.amuz.krakow.pl\/kadencja-2024-2028\/#primaryimage"},"image":{"@id":"https:\/\/www.amuz.krakow.pl\/kadencja-2024-2028\/#primaryimage"},"thumbnailUrl":"https:\/\/www.amuz.krakow.pl\/wp-content\/uploads\/2024\/09\/kadencja-2024-28.jpg","datePublished":"2024-09-02T10:21:40+00:00","dateModified":"2024-09-10T09:47:17+00:00","breadcrumb":{"@id":"https:\/\/www.amuz.krakow.pl\/kadencja-2024-2028\/#breadcrumb"},"inLanguage":"en-US","potentialAction":[{"@type":"ReadAction","target":["https:\/\/www.amuz.krakow.pl\/kadencja-2024-2028\/"]}]},{"@type":"ImageObject","inLanguage":"en-US","@id":"https:\/\/www.amuz.krakow.pl\/kadencja-2024-2028\/#primaryimage","url":"https:\/\/www.amuz.krakow.pl\/wp-content\/uploads\/2024\/09\/kadencja-2024-28.jpg","contentUrl":"https:\/\/www.amuz.krakow.pl\/wp-content\/uploads\/2024\/09\/kadencja-2024-28.jpg","width":800,"height":400},{"@type":"BreadcrumbList","@id":"https:\/\/www.amuz.krakow.pl\/kadencja-2024-2028\/#breadcrumb","itemListElement":[{"@type":"ListItem","position":1,"name":"Strona g\u0142\u00f3wna","item":"https:\/\/www.amuz.krakow.pl\/"},{"@type":"ListItem","position":2,"name":"Kadencja 2024-2028"}]},{"@type":"WebSite","@id":"https:\/\/www.amuz.krakow.pl\/#website","url":"https:\/\/www.amuz.krakow.pl\/","name":"Akademia Muzyczna im. Krzysztofa Pendereckiego w Krakowie","description":"Oficjalna strona Akademii Muzycznej im. Krzysztofa Pendereckiego w Krakowie (AMKP).","publisher":{"@id":"https:\/\/www.amuz.krakow.pl\/#organization"},"alternateName":"AMKP","potentialAction":[{"@type":"SearchAction","target":{"@type":"EntryPoint","urlTemplate":"https:\/\/www.amuz.krakow.pl\/?s={search_term_string}"},"query-input":{"@type":"PropertyValueSpecification","valueRequired":true,"valueName":"search_term_string"}}],"inLanguage":"en-US"},{"@type":"Organization","@id":"https:\/\/www.amuz.krakow.pl\/#organization","name":"Akademia Muzyczna im. Krzysztofa Pendereckiego w Krakowie","alternateName":"AMKP","url":"https:\/\/www.amuz.krakow.pl\/","logo":{"@type":"ImageObject","inLanguage":"en-US","@id":"https:\/\/www.amuz.krakow.pl\/#\/schema\/logo\/image\/","url":"https:\/\/www.amuz.krakow.pl\/wp-content\/uploads\/2021\/11\/amkp.jpg","contentUrl":"https:\/\/www.amuz.krakow.pl\/wp-content\/uploads\/2021\/11\/amkp.jpg","width":1193,"height":591,"caption":"Akademia Muzyczna im. Krzysztofa Pendereckiego w Krakowie"},"image":{"@id":"https:\/\/www.amuz.krakow.pl\/#\/schema\/logo\/image\/"},"sameAs":["https:\/\/www.facebook.com\/amuz.krakow","https:\/\/www.instagram.com\/amkpenderecki\/","https:\/\/www.youtube.com\/@amkpenderecki4806"]}]}},"_links":{"self":[{"href":"https:\/\/www.amuz.krakow.pl\/en\/wp-json\/wp\/v2\/pages\/89298","targetHints":{"allow":["GET"]}}],"collection":[{"href":"https:\/\/www.amuz.krakow.pl\/en\/wp-json\/wp\/v2\/pages"}],"about":[{"href":"https:\/\/www.amuz.krakow.pl\/en\/wp-json\/wp\/v2\/types\/page"}],"author":[{"embeddable":true,"href":"https:\/\/www.amuz.krakow.pl\/en\/wp-json\/wp\/v2\/users\/72"}],"replies":[{"embeddable":true,"href":"https:\/\/www.amuz.krakow.pl\/en\/wp-json\/wp\/v2\/comments?post=89298"}],"version-history":[{"count":7,"href":"https:\/\/www.amuz.krakow.pl\/en\/wp-json\/wp\/v2\/pages\/89298\/revisions"}],"predecessor-version":[{"id":89573,"href":"https:\/\/www.amuz.krakow.pl\/en\/wp-json\/wp\/v2\/pages\/89298\/revisions\/89573"}],"wp:featuredmedia":[{"embeddable":true,"href":"https:\/\/www.amuz.krakow.pl\/en\/wp-json\/wp\/v2\/media\/89331"}],"wp:attachment":[{"href":"https:\/\/www.amuz.krakow.pl\/en\/wp-json\/wp\/v2\/media?parent=89298"}],"curies":[{"name":"wp","href":"https:\/\/api.w.org\/{rel}","templated":true}]}}