{"id":89280,"date":"2024-09-02T10:44:44","date_gmt":"2024-09-02T08:44:44","guid":{"rendered":"https:\/\/www.amuz.krakow.pl\/?page_id=89280"},"modified":"2025-10-06T10:56:20","modified_gmt":"2025-10-06T08:56:20","slug":"dr-hab-piotr-rozanski","status":"publish","type":"page","link":"https:\/\/www.amuz.krakow.pl\/en\/wladze\/prorektorzy\/dr-hab-piotr-rozanski\/","title":{"rendered":"dr hab. Piotr R\u00f3\u017ca\u0144ski, prof. AMKP"},"content":{"rendered":"<p><\/p>\n<p style=\"text-align: center;\"><span style=\"font-size: 12pt;\"><strong>Vice-Rector for Teaching and International Cooperation<\/strong><\/span><br \/>\n<span style=\"font-size: 12pt;\">dr hab. Piotr R\u00f3\u017ca\u0144ski, prof. AMKP<\/span><\/p>\n<figure id=\"attachment_89974\" aria-describedby=\"caption-attachment-89974\" style=\"width: 400px\" class=\"wp-caption aligncenter\"><a href=\"https:\/\/www.amuz.krakow.pl\/wp-content\/uploads\/2024\/09\/IMG_240903_0085_PS_fot.Piotr_Markowski-scaled.jpg\" target=\"_blank\" rel=\"noopener\"><img loading=\"lazy\" decoding=\"async\" class=\"wp-image-89974\" src=\"https:\/\/www.amuz.krakow.pl\/wp-content\/uploads\/2024\/09\/IMG_240903_0085_PS_fot.Piotr_Markowski-scaled.jpg\" alt=\"\" width=\"400\" height=\"600\" srcset=\"https:\/\/www.amuz.krakow.pl\/wp-content\/uploads\/2024\/09\/IMG_240903_0085_PS_fot.Piotr_Markowski-scaled.jpg 1365w, https:\/\/www.amuz.krakow.pl\/wp-content\/uploads\/2024\/09\/IMG_240903_0085_PS_fot.Piotr_Markowski-200x300.jpg 200w, https:\/\/www.amuz.krakow.pl\/wp-content\/uploads\/2024\/09\/IMG_240903_0085_PS_fot.Piotr_Markowski-768x1152.jpg 768w, https:\/\/www.amuz.krakow.pl\/wp-content\/uploads\/2024\/09\/IMG_240903_0085_PS_fot.Piotr_Markowski-1024x1536.jpg 1024w\" sizes=\"auto, (max-width: 400px) 100vw, 400px\" \/><\/a><figcaption id=\"caption-attachment-89974\" class=\"wp-caption-text\">photo by Piotr Markowski<\/figcaption><\/figure>\n<p style=\"text-align: center;\"><a role=\"link\" href=\"mailto:piotr.rozanski@amuz.krakow.pl\">piotr.rozanski@amuz.krakow.pl<\/a><\/p>\n<p>&nbsp;<\/p>\n<p>Piotr R\u00f3\u017ca\u0144ski graduated from the piano studies at the Academy of Music in Krakow in the class of prof. Ewa Bukojemska (master\u2019s degree) and prof. Katarzyna Popowa-Zydro\u0144 (undergraduate studies). He studied chamber music for five years in the class of prof. Janina Roma\u0144ska-Werner. In 2014 he received the degree of doctor of art and in 2019 \u2013 a post-doctoral degree. He is currently an assistant professor of the Piano Department at the Academy of Music in Krakow and a piano teacher at the 2nd Degree Music School of Frederic Chopin in Krakow.<br \/>\nHe is a laureate of numerous piano and chamber music competitions, both nationwide and international, including the 38th Chopin National Piano Competition (Warsaw 2006 \u2013 first prize), the Piano Competition for the YAMAHA Foundation scholarship (Gda\u0144sk 2008 \u2013 first prize), the Independent International Competition for Musical Individualities (Kiev 2010 \u2013 third prize). He was also a semi-finalist of the Piano-e-Competition (Minneapolis 2009), the Euroradio Competition (Bratislava 2009) and the J. Brahms Competition (P\u00f6rtschach 2011). Additionally, he was repeatedly awarded for outstanding accompaniment (D\u0105browa G\u00f3rnicza 2010, \u017bywiec 2014, Nowy Targ 2016, Skierniewice 2016, Ostrava 2017).<br \/>\nHe has performed in Poland and many other European countries (including the Czech Republic, Cyprus, Switzerland, Finland, Germany, France, Great Britain, Lithuania, Ukraine), as well as in Israel and the USA. As a chamber musician, he cooperated e.g. with Kaja Danczowska, Maria S\u0142awek, Grzegorz Mania, Piotr Reichert, Marcin Zdunik, Rafa\u0142 Kwiatkowski, Robert Kabara, Piotr Lato, Jacek Ozimkowski, Julia Malik, Milena K\u0119dra, Aleksandra Lelek, Beata Urbanek-Kalinowska, Monika Gardo\u0144-Preinl, Joanna Konarzewska, Romana Szczepaniak. He performed at the following festivals: \u201cWinners and Masters\u201d, \u201cChopin and his Europe\u201d, \u201cThe Lodz Philharmonic Premiere\u201d, \u201cWawel at Dusk\u201d, \u201cSummer Music\u201d, \u201cMozartiana\u201d, \u201cMusic in Old Krakow\u201d, \u201cEmanations\u201d, Young Musicians Festival, International Chopin Piano Festival in Duszniki Zdr\u00f3j, Ludwig van Beethoven Easter Festival. He took part in numerous master classes conducted e.g. by: Eugen Indijc, Dina Yoffe, Aleksey Orlovetsky, Joaquin Soriano, Thomas Ungar, Eleanor Wong.<br \/>\nHis phonographic achievements include several CDs, i.a. the album\u00a0<em>Schumann Prokofiew<\/em>\u00a0(recorded in 2012 with the violinist Maria S\u0142awek), the album\u00a0<em>Mieczys\u0142aw Weinberg: Sonatas for violin and piano<\/em>\u00a0(recorded in 2014 also with Maria S\u0142awek), as well as the album\u00a0<em>Poland for 4 hands<\/em>\u00a0(recorded in 2019 in a piano duo with Grzegorz Mania).<br \/>\nHe has given lectures at many scientific and methodological conferences, i.a. in Cracow, Lodz, Moscow, Dobczyce. He also regularly runs instrumental master classes (in Poland, Ukraine, Cyprus), as well as serves on the jury of piano competitions. He has a number of articles and a monograph in his scientific output. He was an editor of collective publications, as well as a reviewer of the scientific journal \u201cContexts of Music Education\u201d. He collaborates with the PWM Edition, developing piano music releases (e.g. works by Roman Ryterband or a selection of piano duets for four hands).<br \/>\nThe pianist\u2019s artistic and scientific interests revolve around piano and chamber music of the 20th and 21st centuries, as well as piano music for the left hand.<\/p>","protected":false},"excerpt":{"rendered":"<p>Vice-Rector for Teaching and International Cooperation dr hab. Piotr R\u00f3\u017ca\u0144ski, prof. AMKP piotr.rozanski@amuz.krakow.pl &nbsp; Piotr R\u00f3\u017ca\u0144ski graduated from the piano studies at the Academy of Music in Krakow in the&hellip; <a href=\"https:\/\/www.amuz.krakow.pl\/en\/wladze\/prorektorzy\/dr-hab-piotr-rozanski\/\">Continue reading<\/a><\/p>\n","protected":false},"author":72,"featured_media":90023,"parent":945,"menu_order":2,"comment_status":"closed","ping_status":"closed","template":"","meta":{"footnotes":"","_links_to":"","_links_to_target":""},"class_list":["post-89280","page","type-page","status-publish","has-post-thumbnail","hentry"],"yoast_head":"<!-- This site is optimized with the Yoast SEO plugin v27.2 - https:\/\/yoast.com\/product\/yoast-seo-wordpress\/ -->\n<title>AMKP - Akademia Muzyczna im. Krzysztofa Pendereckiego w Krakowie<\/title>\n<meta name=\"robots\" content=\"index, follow, max-snippet:-1, max-image-preview:large, max-video-preview:-1\" \/>\n<link rel=\"canonical\" href=\"https:\/\/www.amuz.krakow.pl\/wladze\/prorektorzy\/dr-hab-piotr-rozanski\/\" \/>\n<meta property=\"og:locale\" content=\"en_US\" \/>\n<meta property=\"og:type\" content=\"article\" \/>\n<meta property=\"og:title\" content=\"AMKP - Akademia Muzyczna im. Krzysztofa Pendereckiego w Krakowie\" \/>\n<meta property=\"og:description\" content=\"Vice-Rector for Teaching and International Cooperation dr hab. Piotr R\u00f3\u017ca\u0144ski, prof. AMKP piotr.rozanski@amuz.krakow.pl &nbsp; Piotr R\u00f3\u017ca\u0144ski graduated from the piano studies at the Academy of Music in Krakow in the&hellip; Continue reading\" \/>\n<meta property=\"og:url\" content=\"https:\/\/www.amuz.krakow.pl\/wladze\/prorektorzy\/dr-hab-piotr-rozanski\/\" \/>\n<meta property=\"og:site_name\" content=\"Akademia Muzyczna im. Krzysztofa Pendereckiego w Krakowie\" \/>\n<meta property=\"article:publisher\" content=\"https:\/\/www.facebook.com\/amuz.krakow\" \/>\n<meta property=\"article:modified_time\" content=\"2025-10-06T08:56:20+00:00\" \/>\n<meta property=\"og:image\" content=\"https:\/\/www.amuz.krakow.pl\/wp-content\/uploads\/2024\/09\/IMG_240903_0085_PS_miniatura_fot.Piotr_Markowski-scaled.jpg\" \/>\n\t<meta property=\"og:image:width\" content=\"2048\" \/>\n\t<meta property=\"og:image:height\" content=\"1024\" \/>\n\t<meta property=\"og:image:type\" content=\"image\/jpeg\" \/>\n<meta name=\"twitter:card\" content=\"summary_large_image\" \/>\n<meta name=\"twitter:label1\" content=\"Est. reading time\" \/>\n\t<meta name=\"twitter:data1\" content=\"4 minutes\" \/>\n<script type=\"application\/ld+json\" class=\"yoast-schema-graph\">{\"@context\":\"https:\/\/schema.org\",\"@graph\":[{\"@type\":\"WebPage\",\"@id\":\"https:\/\/www.amuz.krakow.pl\/wladze\/prorektorzy\/dr-hab-piotr-rozanski\/\",\"url\":\"https:\/\/www.amuz.krakow.pl\/wladze\/prorektorzy\/dr-hab-piotr-rozanski\/\",\"name\":\"AMKP - Akademia Muzyczna im. Krzysztofa Pendereckiego w Krakowie\",\"isPartOf\":{\"@id\":\"https:\/\/www.amuz.krakow.pl\/#website\"},\"primaryImageOfPage\":{\"@id\":\"https:\/\/www.amuz.krakow.pl\/wladze\/prorektorzy\/dr-hab-piotr-rozanski\/#primaryimage\"},\"image\":{\"@id\":\"https:\/\/www.amuz.krakow.pl\/wladze\/prorektorzy\/dr-hab-piotr-rozanski\/#primaryimage\"},\"thumbnailUrl\":\"https:\/\/www.amuz.krakow.pl\/wp-content\/uploads\/2024\/09\/IMG_240903_0085_PS_miniatura_fot.Piotr_Markowski-scaled.jpg\",\"datePublished\":\"2024-09-02T08:44:44+00:00\",\"dateModified\":\"2025-10-06T08:56:20+00:00\",\"breadcrumb\":{\"@id\":\"https:\/\/www.amuz.krakow.pl\/wladze\/prorektorzy\/dr-hab-piotr-rozanski\/#breadcrumb\"},\"inLanguage\":\"en-US\",\"potentialAction\":[{\"@type\":\"ReadAction\",\"target\":[\"https:\/\/www.amuz.krakow.pl\/wladze\/prorektorzy\/dr-hab-piotr-rozanski\/\"]}]},{\"@type\":\"ImageObject\",\"inLanguage\":\"en-US\",\"@id\":\"https:\/\/www.amuz.krakow.pl\/wladze\/prorektorzy\/dr-hab-piotr-rozanski\/#primaryimage\",\"url\":\"https:\/\/www.amuz.krakow.pl\/wp-content\/uploads\/2024\/09\/IMG_240903_0085_PS_miniatura_fot.Piotr_Markowski-scaled.jpg\",\"contentUrl\":\"https:\/\/www.amuz.krakow.pl\/wp-content\/uploads\/2024\/09\/IMG_240903_0085_PS_miniatura_fot.Piotr_Markowski-scaled.jpg\",\"width\":2048,\"height\":1024},{\"@type\":\"BreadcrumbList\",\"@id\":\"https:\/\/www.amuz.krakow.pl\/wladze\/prorektorzy\/dr-hab-piotr-rozanski\/#breadcrumb\",\"itemListElement\":[{\"@type\":\"ListItem\",\"position\":1,\"name\":\"Strona g\u0142\u00f3wna\",\"item\":\"https:\/\/www.amuz.krakow.pl\/\"},{\"@type\":\"ListItem\",\"position\":2,\"name\":\"W\u0141ADZE\",\"item\":\"https:\/\/www.amuz.krakow.pl\/wladze\/\"},{\"@type\":\"ListItem\",\"position\":3,\"name\":\"Prorektorzy\",\"item\":\"https:\/\/www.amuz.krakow.pl\/wladze\/prorektorzy\/\"},{\"@type\":\"ListItem\",\"position\":4,\"name\":\"dr hab. Piotr R\u00f3\u017ca\u0144ski, prof. AMKP\"}]},{\"@type\":\"WebSite\",\"@id\":\"https:\/\/www.amuz.krakow.pl\/#website\",\"url\":\"https:\/\/www.amuz.krakow.pl\/\",\"name\":\"Akademia Muzyczna im. Krzysztofa Pendereckiego w Krakowie\",\"description\":\"Oficjalna strona Akademii Muzycznej im. Krzysztofa Pendereckiego w Krakowie (AMKP).\",\"publisher\":{\"@id\":\"https:\/\/www.amuz.krakow.pl\/#organization\"},\"alternateName\":\"AMKP\",\"potentialAction\":[{\"@type\":\"SearchAction\",\"target\":{\"@type\":\"EntryPoint\",\"urlTemplate\":\"https:\/\/www.amuz.krakow.pl\/?s={search_term_string}\"},\"query-input\":{\"@type\":\"PropertyValueSpecification\",\"valueRequired\":true,\"valueName\":\"search_term_string\"}}],\"inLanguage\":\"en-US\"},{\"@type\":\"Organization\",\"@id\":\"https:\/\/www.amuz.krakow.pl\/#organization\",\"name\":\"Akademia Muzyczna im. Krzysztofa Pendereckiego w Krakowie\",\"alternateName\":\"AMKP\",\"url\":\"https:\/\/www.amuz.krakow.pl\/\",\"logo\":{\"@type\":\"ImageObject\",\"inLanguage\":\"en-US\",\"@id\":\"https:\/\/www.amuz.krakow.pl\/#\/schema\/logo\/image\/\",\"url\":\"https:\/\/www.amuz.krakow.pl\/wp-content\/uploads\/2021\/11\/amkp.jpg\",\"contentUrl\":\"https:\/\/www.amuz.krakow.pl\/wp-content\/uploads\/2021\/11\/amkp.jpg\",\"width\":1193,\"height\":591,\"caption\":\"Akademia Muzyczna im. Krzysztofa Pendereckiego w Krakowie\"},\"image\":{\"@id\":\"https:\/\/www.amuz.krakow.pl\/#\/schema\/logo\/image\/\"},\"sameAs\":[\"https:\/\/www.facebook.com\/amuz.krakow\",\"https:\/\/www.instagram.com\/amkpenderecki\/\",\"https:\/\/www.youtube.com\/@amkpenderecki4806\"]}]}<\/script>\n<!-- \/ Yoast SEO plugin. -->","yoast_head_json":{"title":"AMKP - Akademia Muzyczna im. Krzysztofa Pendereckiego w Krakowie","robots":{"index":"index","follow":"follow","max-snippet":"max-snippet:-1","max-image-preview":"max-image-preview:large","max-video-preview":"max-video-preview:-1"},"canonical":"https:\/\/www.amuz.krakow.pl\/wladze\/prorektorzy\/dr-hab-piotr-rozanski\/","og_locale":"en_US","og_type":"article","og_title":"AMKP - Akademia Muzyczna im. Krzysztofa Pendereckiego w Krakowie","og_description":"Vice-Rector for Teaching and International Cooperation dr hab. Piotr R\u00f3\u017ca\u0144ski, prof. AMKP piotr.rozanski@amuz.krakow.pl &nbsp; Piotr R\u00f3\u017ca\u0144ski graduated from the piano studies at the Academy of Music in Krakow in the&hellip; Continue reading","og_url":"https:\/\/www.amuz.krakow.pl\/wladze\/prorektorzy\/dr-hab-piotr-rozanski\/","og_site_name":"Akademia Muzyczna im. Krzysztofa Pendereckiego w Krakowie","article_publisher":"https:\/\/www.facebook.com\/amuz.krakow","article_modified_time":"2025-10-06T08:56:20+00:00","og_image":[{"width":2048,"height":1024,"url":"https:\/\/www.amuz.krakow.pl\/wp-content\/uploads\/2024\/09\/IMG_240903_0085_PS_miniatura_fot.Piotr_Markowski-scaled.jpg","type":"image\/jpeg"}],"twitter_card":"summary_large_image","twitter_misc":{"Est. reading time":"4 minutes"},"schema":{"@context":"https:\/\/schema.org","@graph":[{"@type":"WebPage","@id":"https:\/\/www.amuz.krakow.pl\/wladze\/prorektorzy\/dr-hab-piotr-rozanski\/","url":"https:\/\/www.amuz.krakow.pl\/wladze\/prorektorzy\/dr-hab-piotr-rozanski\/","name":"AMKP - Akademia Muzyczna im. Krzysztofa Pendereckiego w Krakowie","isPartOf":{"@id":"https:\/\/www.amuz.krakow.pl\/#website"},"primaryImageOfPage":{"@id":"https:\/\/www.amuz.krakow.pl\/wladze\/prorektorzy\/dr-hab-piotr-rozanski\/#primaryimage"},"image":{"@id":"https:\/\/www.amuz.krakow.pl\/wladze\/prorektorzy\/dr-hab-piotr-rozanski\/#primaryimage"},"thumbnailUrl":"https:\/\/www.amuz.krakow.pl\/wp-content\/uploads\/2024\/09\/IMG_240903_0085_PS_miniatura_fot.Piotr_Markowski-scaled.jpg","datePublished":"2024-09-02T08:44:44+00:00","dateModified":"2025-10-06T08:56:20+00:00","breadcrumb":{"@id":"https:\/\/www.amuz.krakow.pl\/wladze\/prorektorzy\/dr-hab-piotr-rozanski\/#breadcrumb"},"inLanguage":"en-US","potentialAction":[{"@type":"ReadAction","target":["https:\/\/www.amuz.krakow.pl\/wladze\/prorektorzy\/dr-hab-piotr-rozanski\/"]}]},{"@type":"ImageObject","inLanguage":"en-US","@id":"https:\/\/www.amuz.krakow.pl\/wladze\/prorektorzy\/dr-hab-piotr-rozanski\/#primaryimage","url":"https:\/\/www.amuz.krakow.pl\/wp-content\/uploads\/2024\/09\/IMG_240903_0085_PS_miniatura_fot.Piotr_Markowski-scaled.jpg","contentUrl":"https:\/\/www.amuz.krakow.pl\/wp-content\/uploads\/2024\/09\/IMG_240903_0085_PS_miniatura_fot.Piotr_Markowski-scaled.jpg","width":2048,"height":1024},{"@type":"BreadcrumbList","@id":"https:\/\/www.amuz.krakow.pl\/wladze\/prorektorzy\/dr-hab-piotr-rozanski\/#breadcrumb","itemListElement":[{"@type":"ListItem","position":1,"name":"Strona g\u0142\u00f3wna","item":"https:\/\/www.amuz.krakow.pl\/"},{"@type":"ListItem","position":2,"name":"W\u0141ADZE","item":"https:\/\/www.amuz.krakow.pl\/wladze\/"},{"@type":"ListItem","position":3,"name":"Prorektorzy","item":"https:\/\/www.amuz.krakow.pl\/wladze\/prorektorzy\/"},{"@type":"ListItem","position":4,"name":"dr hab. Piotr R\u00f3\u017ca\u0144ski, prof. AMKP"}]},{"@type":"WebSite","@id":"https:\/\/www.amuz.krakow.pl\/#website","url":"https:\/\/www.amuz.krakow.pl\/","name":"Akademia Muzyczna im. Krzysztofa Pendereckiego w Krakowie","description":"Oficjalna strona Akademii Muzycznej im. Krzysztofa Pendereckiego w Krakowie (AMKP).","publisher":{"@id":"https:\/\/www.amuz.krakow.pl\/#organization"},"alternateName":"AMKP","potentialAction":[{"@type":"SearchAction","target":{"@type":"EntryPoint","urlTemplate":"https:\/\/www.amuz.krakow.pl\/?s={search_term_string}"},"query-input":{"@type":"PropertyValueSpecification","valueRequired":true,"valueName":"search_term_string"}}],"inLanguage":"en-US"},{"@type":"Organization","@id":"https:\/\/www.amuz.krakow.pl\/#organization","name":"Akademia Muzyczna im. Krzysztofa Pendereckiego w Krakowie","alternateName":"AMKP","url":"https:\/\/www.amuz.krakow.pl\/","logo":{"@type":"ImageObject","inLanguage":"en-US","@id":"https:\/\/www.amuz.krakow.pl\/#\/schema\/logo\/image\/","url":"https:\/\/www.amuz.krakow.pl\/wp-content\/uploads\/2021\/11\/amkp.jpg","contentUrl":"https:\/\/www.amuz.krakow.pl\/wp-content\/uploads\/2021\/11\/amkp.jpg","width":1193,"height":591,"caption":"Akademia Muzyczna im. Krzysztofa Pendereckiego w Krakowie"},"image":{"@id":"https:\/\/www.amuz.krakow.pl\/#\/schema\/logo\/image\/"},"sameAs":["https:\/\/www.facebook.com\/amuz.krakow","https:\/\/www.instagram.com\/amkpenderecki\/","https:\/\/www.youtube.com\/@amkpenderecki4806"]}]}},"_links":{"self":[{"href":"https:\/\/www.amuz.krakow.pl\/en\/wp-json\/wp\/v2\/pages\/89280","targetHints":{"allow":["GET"]}}],"collection":[{"href":"https:\/\/www.amuz.krakow.pl\/en\/wp-json\/wp\/v2\/pages"}],"about":[{"href":"https:\/\/www.amuz.krakow.pl\/en\/wp-json\/wp\/v2\/types\/page"}],"author":[{"embeddable":true,"href":"https:\/\/www.amuz.krakow.pl\/en\/wp-json\/wp\/v2\/users\/72"}],"replies":[{"embeddable":true,"href":"https:\/\/www.amuz.krakow.pl\/en\/wp-json\/wp\/v2\/comments?post=89280"}],"version-history":[{"count":6,"href":"https:\/\/www.amuz.krakow.pl\/en\/wp-json\/wp\/v2\/pages\/89280\/revisions"}],"predecessor-version":[{"id":107641,"href":"https:\/\/www.amuz.krakow.pl\/en\/wp-json\/wp\/v2\/pages\/89280\/revisions\/107641"}],"up":[{"embeddable":true,"href":"https:\/\/www.amuz.krakow.pl\/en\/wp-json\/wp\/v2\/pages\/945"}],"wp:featuredmedia":[{"embeddable":true,"href":"https:\/\/www.amuz.krakow.pl\/en\/wp-json\/wp\/v2\/media\/90023"}],"wp:attachment":[{"href":"https:\/\/www.amuz.krakow.pl\/en\/wp-json\/wp\/v2\/media?parent=89280"}],"curies":[{"name":"wp","href":"https:\/\/api.w.org\/{rel}","templated":true}]}}