{"id":89279,"date":"2024-09-02T10:42:29","date_gmt":"2024-09-02T08:42:29","guid":{"rendered":"https:\/\/www.amuz.krakow.pl\/?page_id=89279"},"modified":"2024-09-19T09:47:15","modified_gmt":"2024-09-19T07:47:15","slug":"prof-dr-hab-piotr-lato","status":"publish","type":"page","link":"https:\/\/www.amuz.krakow.pl\/en\/wladze\/prorektorzy\/prof-dr-hab-piotr-lato\/","title":{"rendered":"prof. dr hab. Piotr Lato"},"content":{"rendered":"<p><\/p>\n<p style=\"text-align: center;\"><strong><span style=\"font-size: 12pt;\">Vice-Rector for Art and Research Affairs<\/span><br \/>\n<\/strong><span style=\"font-size: 12pt;\">prof. dr hab. Piotr Lato<\/span><strong><br \/>\n<\/strong><\/p>\n<figure id=\"attachment_89972\" aria-describedby=\"caption-attachment-89972\" style=\"width: 400px\" class=\"wp-caption aligncenter\"><a href=\"https:\/\/www.amuz.krakow.pl\/wp-content\/uploads\/2024\/09\/IMG_240903_0019_PS_fot.Piotr_Markowski-scaled.jpg\" target=\"_blank\" rel=\"noopener\"><img loading=\"lazy\" decoding=\"async\" class=\"wp-image-89972\" src=\"https:\/\/www.amuz.krakow.pl\/wp-content\/uploads\/2024\/09\/IMG_240903_0019_PS_fot.Piotr_Markowski-scaled.jpg\" alt=\"\" width=\"400\" height=\"600\" srcset=\"https:\/\/www.amuz.krakow.pl\/wp-content\/uploads\/2024\/09\/IMG_240903_0019_PS_fot.Piotr_Markowski-scaled.jpg 1365w, https:\/\/www.amuz.krakow.pl\/wp-content\/uploads\/2024\/09\/IMG_240903_0019_PS_fot.Piotr_Markowski-200x300.jpg 200w, https:\/\/www.amuz.krakow.pl\/wp-content\/uploads\/2024\/09\/IMG_240903_0019_PS_fot.Piotr_Markowski-768x1152.jpg 768w, https:\/\/www.amuz.krakow.pl\/wp-content\/uploads\/2024\/09\/IMG_240903_0019_PS_fot.Piotr_Markowski-1024x1536.jpg 1024w\" sizes=\"auto, (max-width: 400px) 100vw, 400px\" \/><\/a><figcaption id=\"caption-attachment-89972\" class=\"wp-caption-text\">photo by Piotr Markowski<\/figcaption><\/figure>\n<p style=\"text-align: center;\"><a role=\"link\" href=\"mailto:piotr.lato@amuz.krakow.pl\">piotr.lato@amuz.krakow.pl<\/a><\/p>\n<p>&nbsp;<\/p>\n<p>Piotr Lato is a recipient of numerous awards and distinctions: he entered the semi-finals of the\u00a0<em>Prague Spring\u00a0<\/em>International Clarinet Competition in 2002, received third prize at the 4<sup>th<\/sup>\u00a0Johannes Brahms International Chamber Music Competition in Gda\u0144sk in 2006, and very recently second prize at the MEDICI International Music Competition for Chamber Music.<\/p>\n<p>In recognition of his artistic and academic achievements, he has been awarded honorary badges and scholarships, such as the Order of Merit in the Service of Polish Culture (2016), the\u00a0<em>Ars Quaerendi\u00a0<\/em>Ma\u0142opolska Voivodeship \u2018for outstanding commitment to dissemination and promotion of culture\u2019 (2019), the Bronze Cross of Merit (2019), creative scholarship of the Minister of Culture and National Heritage (2020) and the Order of\u00a0<em>Honoris Gratia<\/em>\u00a0by the City of Krak\u00f3w (2021).<\/p>\n<p>He has taken part in many national and international festivals, e.g. the Ludwig van Beethoven Easter Festival, Krak\u00f3w Film Music Festival, the Music in Old Krak\u00f3w. He has been involved in numerous CD, television and radio recordings for DUX, Centaur Records, Le Foxx Music, Universal Music and others.<\/p>\n<p>In demand as a teacher, he has served as an assistant professor at the Krzysztof Penderecki Academy of Music in Krakow since 2006. In 2011, he obtained the Doctor of Philosophy degree in instrumental art and the Post-doctoral degree of Musical Arts five years later. Since 2020 he has been the chair of the Woodwinds and Accordion Faculty and was promoted to the position of associate professor. He is also a clarinet teacher at the W\u0142adys\u0142aw \u017bele\u0144ski Secondary State School of Music in Krak\u00f3w.<\/p>\n<p>Piotr Lato joined the Beethoven Academy Orchestra as principal clarinet in 2004. He appears regularly as a soloist, with many orchestras and ensembles. He is a signed artist of Henri Selmer Paris, MARCA Reeds, Chedeville USA and Eddie Daniels Expressions Ligatures.<\/p>","protected":false},"excerpt":{"rendered":"<p>Vice-Rector for Art and Research Affairs prof. dr hab. Piotr Lato piotr.lato@amuz.krakow.pl &nbsp; Piotr Lato is a recipient of numerous awards and distinctions: he entered the semi-finals of the\u00a0Prague Spring\u00a0International&hellip; <a href=\"https:\/\/www.amuz.krakow.pl\/en\/wladze\/prorektorzy\/prof-dr-hab-piotr-lato\/\">Continue reading<\/a><\/p>\n","protected":false},"author":72,"featured_media":90022,"parent":945,"menu_order":1,"comment_status":"closed","ping_status":"closed","template":"","meta":{"footnotes":"","_links_to":"","_links_to_target":""},"class_list":["post-89279","page","type-page","status-publish","has-post-thumbnail","hentry"],"yoast_head":"<!-- This site is optimized with the Yoast SEO plugin v27.2 - https:\/\/yoast.com\/product\/yoast-seo-wordpress\/ -->\n<title>AMKP - Akademia Muzyczna im. Krzysztofa Pendereckiego w Krakowie<\/title>\n<meta name=\"robots\" content=\"index, follow, max-snippet:-1, max-image-preview:large, max-video-preview:-1\" \/>\n<link rel=\"canonical\" href=\"https:\/\/www.amuz.krakow.pl\/wladze\/prorektorzy\/prof-dr-hab-piotr-lato\/\" \/>\n<meta property=\"og:locale\" content=\"en_US\" \/>\n<meta property=\"og:type\" content=\"article\" \/>\n<meta property=\"og:title\" content=\"AMKP - Akademia Muzyczna im. Krzysztofa Pendereckiego w Krakowie\" \/>\n<meta property=\"og:description\" content=\"Vice-Rector for Art and Research Affairs prof. dr hab. Piotr Lato piotr.lato@amuz.krakow.pl &nbsp; Piotr Lato is a recipient of numerous awards and distinctions: he entered the semi-finals of the\u00a0Prague Spring\u00a0International&hellip; Continue reading\" \/>\n<meta property=\"og:url\" content=\"https:\/\/www.amuz.krakow.pl\/wladze\/prorektorzy\/prof-dr-hab-piotr-lato\/\" \/>\n<meta property=\"og:site_name\" content=\"Akademia Muzyczna im. Krzysztofa Pendereckiego w Krakowie\" \/>\n<meta property=\"article:publisher\" content=\"https:\/\/www.facebook.com\/amuz.krakow\" \/>\n<meta property=\"article:modified_time\" content=\"2024-09-19T07:47:15+00:00\" \/>\n<meta property=\"og:image\" content=\"https:\/\/www.amuz.krakow.pl\/wp-content\/uploads\/2024\/09\/IMG_240903_0019_PS_miniatura_fot.Piotr_Markowski-scaled.jpg\" \/>\n\t<meta property=\"og:image:width\" content=\"2048\" \/>\n\t<meta property=\"og:image:height\" content=\"1024\" \/>\n\t<meta property=\"og:image:type\" content=\"image\/jpeg\" \/>\n<meta name=\"twitter:card\" content=\"summary_large_image\" \/>\n<meta name=\"twitter:label1\" content=\"Est. reading time\" \/>\n\t<meta name=\"twitter:data1\" content=\"3 minutes\" \/>\n<script type=\"application\/ld+json\" class=\"yoast-schema-graph\">{\"@context\":\"https:\/\/schema.org\",\"@graph\":[{\"@type\":\"WebPage\",\"@id\":\"https:\/\/www.amuz.krakow.pl\/wladze\/prorektorzy\/prof-dr-hab-piotr-lato\/\",\"url\":\"https:\/\/www.amuz.krakow.pl\/wladze\/prorektorzy\/prof-dr-hab-piotr-lato\/\",\"name\":\"AMKP - Akademia Muzyczna im. Krzysztofa Pendereckiego w Krakowie\",\"isPartOf\":{\"@id\":\"https:\/\/www.amuz.krakow.pl\/#website\"},\"primaryImageOfPage\":{\"@id\":\"https:\/\/www.amuz.krakow.pl\/wladze\/prorektorzy\/prof-dr-hab-piotr-lato\/#primaryimage\"},\"image\":{\"@id\":\"https:\/\/www.amuz.krakow.pl\/wladze\/prorektorzy\/prof-dr-hab-piotr-lato\/#primaryimage\"},\"thumbnailUrl\":\"https:\/\/www.amuz.krakow.pl\/wp-content\/uploads\/2024\/09\/IMG_240903_0019_PS_miniatura_fot.Piotr_Markowski-scaled.jpg\",\"datePublished\":\"2024-09-02T08:42:29+00:00\",\"dateModified\":\"2024-09-19T07:47:15+00:00\",\"breadcrumb\":{\"@id\":\"https:\/\/www.amuz.krakow.pl\/wladze\/prorektorzy\/prof-dr-hab-piotr-lato\/#breadcrumb\"},\"inLanguage\":\"en-US\",\"potentialAction\":[{\"@type\":\"ReadAction\",\"target\":[\"https:\/\/www.amuz.krakow.pl\/wladze\/prorektorzy\/prof-dr-hab-piotr-lato\/\"]}]},{\"@type\":\"ImageObject\",\"inLanguage\":\"en-US\",\"@id\":\"https:\/\/www.amuz.krakow.pl\/wladze\/prorektorzy\/prof-dr-hab-piotr-lato\/#primaryimage\",\"url\":\"https:\/\/www.amuz.krakow.pl\/wp-content\/uploads\/2024\/09\/IMG_240903_0019_PS_miniatura_fot.Piotr_Markowski-scaled.jpg\",\"contentUrl\":\"https:\/\/www.amuz.krakow.pl\/wp-content\/uploads\/2024\/09\/IMG_240903_0019_PS_miniatura_fot.Piotr_Markowski-scaled.jpg\",\"width\":2048,\"height\":1024},{\"@type\":\"BreadcrumbList\",\"@id\":\"https:\/\/www.amuz.krakow.pl\/wladze\/prorektorzy\/prof-dr-hab-piotr-lato\/#breadcrumb\",\"itemListElement\":[{\"@type\":\"ListItem\",\"position\":1,\"name\":\"Strona g\u0142\u00f3wna\",\"item\":\"https:\/\/www.amuz.krakow.pl\/\"},{\"@type\":\"ListItem\",\"position\":2,\"name\":\"W\u0141ADZE\",\"item\":\"https:\/\/www.amuz.krakow.pl\/wladze\/\"},{\"@type\":\"ListItem\",\"position\":3,\"name\":\"Prorektorzy\",\"item\":\"https:\/\/www.amuz.krakow.pl\/wladze\/prorektorzy\/\"},{\"@type\":\"ListItem\",\"position\":4,\"name\":\"prof. dr hab. Piotr Lato\"}]},{\"@type\":\"WebSite\",\"@id\":\"https:\/\/www.amuz.krakow.pl\/#website\",\"url\":\"https:\/\/www.amuz.krakow.pl\/\",\"name\":\"Akademia Muzyczna im. Krzysztofa Pendereckiego w Krakowie\",\"description\":\"Oficjalna strona Akademii Muzycznej im. Krzysztofa Pendereckiego w Krakowie (AMKP).\",\"publisher\":{\"@id\":\"https:\/\/www.amuz.krakow.pl\/#organization\"},\"alternateName\":\"AMKP\",\"potentialAction\":[{\"@type\":\"SearchAction\",\"target\":{\"@type\":\"EntryPoint\",\"urlTemplate\":\"https:\/\/www.amuz.krakow.pl\/?s={search_term_string}\"},\"query-input\":{\"@type\":\"PropertyValueSpecification\",\"valueRequired\":true,\"valueName\":\"search_term_string\"}}],\"inLanguage\":\"en-US\"},{\"@type\":\"Organization\",\"@id\":\"https:\/\/www.amuz.krakow.pl\/#organization\",\"name\":\"Akademia Muzyczna im. Krzysztofa Pendereckiego w Krakowie\",\"alternateName\":\"AMKP\",\"url\":\"https:\/\/www.amuz.krakow.pl\/\",\"logo\":{\"@type\":\"ImageObject\",\"inLanguage\":\"en-US\",\"@id\":\"https:\/\/www.amuz.krakow.pl\/#\/schema\/logo\/image\/\",\"url\":\"https:\/\/www.amuz.krakow.pl\/wp-content\/uploads\/2021\/11\/amkp.jpg\",\"contentUrl\":\"https:\/\/www.amuz.krakow.pl\/wp-content\/uploads\/2021\/11\/amkp.jpg\",\"width\":1193,\"height\":591,\"caption\":\"Akademia Muzyczna im. Krzysztofa Pendereckiego w Krakowie\"},\"image\":{\"@id\":\"https:\/\/www.amuz.krakow.pl\/#\/schema\/logo\/image\/\"},\"sameAs\":[\"https:\/\/www.facebook.com\/amuz.krakow\",\"https:\/\/www.instagram.com\/amkpenderecki\/\",\"https:\/\/www.youtube.com\/@amkpenderecki4806\"]}]}<\/script>\n<!-- \/ Yoast SEO plugin. -->","yoast_head_json":{"title":"AMKP - Akademia Muzyczna im. Krzysztofa Pendereckiego w Krakowie","robots":{"index":"index","follow":"follow","max-snippet":"max-snippet:-1","max-image-preview":"max-image-preview:large","max-video-preview":"max-video-preview:-1"},"canonical":"https:\/\/www.amuz.krakow.pl\/wladze\/prorektorzy\/prof-dr-hab-piotr-lato\/","og_locale":"en_US","og_type":"article","og_title":"AMKP - Akademia Muzyczna im. Krzysztofa Pendereckiego w Krakowie","og_description":"Vice-Rector for Art and Research Affairs prof. dr hab. Piotr Lato piotr.lato@amuz.krakow.pl &nbsp; Piotr Lato is a recipient of numerous awards and distinctions: he entered the semi-finals of the\u00a0Prague Spring\u00a0International&hellip; Continue reading","og_url":"https:\/\/www.amuz.krakow.pl\/wladze\/prorektorzy\/prof-dr-hab-piotr-lato\/","og_site_name":"Akademia Muzyczna im. Krzysztofa Pendereckiego w Krakowie","article_publisher":"https:\/\/www.facebook.com\/amuz.krakow","article_modified_time":"2024-09-19T07:47:15+00:00","og_image":[{"width":2048,"height":1024,"url":"https:\/\/www.amuz.krakow.pl\/wp-content\/uploads\/2024\/09\/IMG_240903_0019_PS_miniatura_fot.Piotr_Markowski-scaled.jpg","type":"image\/jpeg"}],"twitter_card":"summary_large_image","twitter_misc":{"Est. reading time":"3 minutes"},"schema":{"@context":"https:\/\/schema.org","@graph":[{"@type":"WebPage","@id":"https:\/\/www.amuz.krakow.pl\/wladze\/prorektorzy\/prof-dr-hab-piotr-lato\/","url":"https:\/\/www.amuz.krakow.pl\/wladze\/prorektorzy\/prof-dr-hab-piotr-lato\/","name":"AMKP - Akademia Muzyczna im. Krzysztofa Pendereckiego w Krakowie","isPartOf":{"@id":"https:\/\/www.amuz.krakow.pl\/#website"},"primaryImageOfPage":{"@id":"https:\/\/www.amuz.krakow.pl\/wladze\/prorektorzy\/prof-dr-hab-piotr-lato\/#primaryimage"},"image":{"@id":"https:\/\/www.amuz.krakow.pl\/wladze\/prorektorzy\/prof-dr-hab-piotr-lato\/#primaryimage"},"thumbnailUrl":"https:\/\/www.amuz.krakow.pl\/wp-content\/uploads\/2024\/09\/IMG_240903_0019_PS_miniatura_fot.Piotr_Markowski-scaled.jpg","datePublished":"2024-09-02T08:42:29+00:00","dateModified":"2024-09-19T07:47:15+00:00","breadcrumb":{"@id":"https:\/\/www.amuz.krakow.pl\/wladze\/prorektorzy\/prof-dr-hab-piotr-lato\/#breadcrumb"},"inLanguage":"en-US","potentialAction":[{"@type":"ReadAction","target":["https:\/\/www.amuz.krakow.pl\/wladze\/prorektorzy\/prof-dr-hab-piotr-lato\/"]}]},{"@type":"ImageObject","inLanguage":"en-US","@id":"https:\/\/www.amuz.krakow.pl\/wladze\/prorektorzy\/prof-dr-hab-piotr-lato\/#primaryimage","url":"https:\/\/www.amuz.krakow.pl\/wp-content\/uploads\/2024\/09\/IMG_240903_0019_PS_miniatura_fot.Piotr_Markowski-scaled.jpg","contentUrl":"https:\/\/www.amuz.krakow.pl\/wp-content\/uploads\/2024\/09\/IMG_240903_0019_PS_miniatura_fot.Piotr_Markowski-scaled.jpg","width":2048,"height":1024},{"@type":"BreadcrumbList","@id":"https:\/\/www.amuz.krakow.pl\/wladze\/prorektorzy\/prof-dr-hab-piotr-lato\/#breadcrumb","itemListElement":[{"@type":"ListItem","position":1,"name":"Strona g\u0142\u00f3wna","item":"https:\/\/www.amuz.krakow.pl\/"},{"@type":"ListItem","position":2,"name":"W\u0141ADZE","item":"https:\/\/www.amuz.krakow.pl\/wladze\/"},{"@type":"ListItem","position":3,"name":"Prorektorzy","item":"https:\/\/www.amuz.krakow.pl\/wladze\/prorektorzy\/"},{"@type":"ListItem","position":4,"name":"prof. dr hab. Piotr Lato"}]},{"@type":"WebSite","@id":"https:\/\/www.amuz.krakow.pl\/#website","url":"https:\/\/www.amuz.krakow.pl\/","name":"Akademia Muzyczna im. Krzysztofa Pendereckiego w Krakowie","description":"Oficjalna strona Akademii Muzycznej im. Krzysztofa Pendereckiego w Krakowie (AMKP).","publisher":{"@id":"https:\/\/www.amuz.krakow.pl\/#organization"},"alternateName":"AMKP","potentialAction":[{"@type":"SearchAction","target":{"@type":"EntryPoint","urlTemplate":"https:\/\/www.amuz.krakow.pl\/?s={search_term_string}"},"query-input":{"@type":"PropertyValueSpecification","valueRequired":true,"valueName":"search_term_string"}}],"inLanguage":"en-US"},{"@type":"Organization","@id":"https:\/\/www.amuz.krakow.pl\/#organization","name":"Akademia Muzyczna im. Krzysztofa Pendereckiego w Krakowie","alternateName":"AMKP","url":"https:\/\/www.amuz.krakow.pl\/","logo":{"@type":"ImageObject","inLanguage":"en-US","@id":"https:\/\/www.amuz.krakow.pl\/#\/schema\/logo\/image\/","url":"https:\/\/www.amuz.krakow.pl\/wp-content\/uploads\/2021\/11\/amkp.jpg","contentUrl":"https:\/\/www.amuz.krakow.pl\/wp-content\/uploads\/2021\/11\/amkp.jpg","width":1193,"height":591,"caption":"Akademia Muzyczna im. Krzysztofa Pendereckiego w Krakowie"},"image":{"@id":"https:\/\/www.amuz.krakow.pl\/#\/schema\/logo\/image\/"},"sameAs":["https:\/\/www.facebook.com\/amuz.krakow","https:\/\/www.instagram.com\/amkpenderecki\/","https:\/\/www.youtube.com\/@amkpenderecki4806"]}]}},"_links":{"self":[{"href":"https:\/\/www.amuz.krakow.pl\/en\/wp-json\/wp\/v2\/pages\/89279","targetHints":{"allow":["GET"]}}],"collection":[{"href":"https:\/\/www.amuz.krakow.pl\/en\/wp-json\/wp\/v2\/pages"}],"about":[{"href":"https:\/\/www.amuz.krakow.pl\/en\/wp-json\/wp\/v2\/types\/page"}],"author":[{"embeddable":true,"href":"https:\/\/www.amuz.krakow.pl\/en\/wp-json\/wp\/v2\/users\/72"}],"replies":[{"embeddable":true,"href":"https:\/\/www.amuz.krakow.pl\/en\/wp-json\/wp\/v2\/comments?post=89279"}],"version-history":[{"count":5,"href":"https:\/\/www.amuz.krakow.pl\/en\/wp-json\/wp\/v2\/pages\/89279\/revisions"}],"predecessor-version":[{"id":89980,"href":"https:\/\/www.amuz.krakow.pl\/en\/wp-json\/wp\/v2\/pages\/89279\/revisions\/89980"}],"up":[{"embeddable":true,"href":"https:\/\/www.amuz.krakow.pl\/en\/wp-json\/wp\/v2\/pages\/945"}],"wp:featuredmedia":[{"embeddable":true,"href":"https:\/\/www.amuz.krakow.pl\/en\/wp-json\/wp\/v2\/media\/90022"}],"wp:attachment":[{"href":"https:\/\/www.amuz.krakow.pl\/en\/wp-json\/wp\/v2\/media?parent=89279"}],"curies":[{"name":"wp","href":"https:\/\/api.w.org\/{rel}","templated":true}]}}