{"id":89275,"date":"2024-09-02T10:19:29","date_gmt":"2024-09-02T08:19:29","guid":{"rendered":"https:\/\/www.amuz.krakow.pl\/?page_id=89275"},"modified":"2026-02-06T10:32:34","modified_gmt":"2026-02-06T09:32:34","slug":"prof-dr-hab-mariusz-sielski","status":"publish","type":"page","link":"https:\/\/www.amuz.krakow.pl\/en\/wladze\/rektor\/prof-dr-hab-mariusz-sielski\/","title":{"rendered":"prof. dr hab. Mariusz Sielski"},"content":{"rendered":"<p><\/p>\n<p style=\"text-align: center;\"><span style=\"font-size: 12pt;\"><strong>His Magnificence Rector<br \/>\n<\/strong><span style=\"font-size: 12pt;\">prof. dr hab. Mariusz Sielski<\/span><\/span><\/p>\n<figure id=\"attachment_89971\" aria-describedby=\"caption-attachment-89971\" style=\"width: 400px\" class=\"wp-caption aligncenter\"><a href=\"https:\/\/www.amuz.krakow.pl\/wp-content\/uploads\/2024\/09\/IMG_240903_0240_PS_fot.Piotr_Markowski-scaled.jpg\" target=\"_blank\" rel=\"noopener\"><img loading=\"lazy\" decoding=\"async\" class=\"wp-image-89971\" src=\"https:\/\/www.amuz.krakow.pl\/wp-content\/uploads\/2024\/09\/IMG_240903_0240_PS_fot.Piotr_Markowski-200x300.jpg\" alt=\"\" width=\"400\" height=\"600\" srcset=\"https:\/\/www.amuz.krakow.pl\/wp-content\/uploads\/2024\/09\/IMG_240903_0240_PS_fot.Piotr_Markowski-200x300.jpg 200w, https:\/\/www.amuz.krakow.pl\/wp-content\/uploads\/2024\/09\/IMG_240903_0240_PS_fot.Piotr_Markowski-scaled.jpg 1365w, https:\/\/www.amuz.krakow.pl\/wp-content\/uploads\/2024\/09\/IMG_240903_0240_PS_fot.Piotr_Markowski-768x1152.jpg 768w, https:\/\/www.amuz.krakow.pl\/wp-content\/uploads\/2024\/09\/IMG_240903_0240_PS_fot.Piotr_Markowski-1024x1536.jpg 1024w\" sizes=\"auto, (max-width: 400px) 100vw, 400px\" \/><\/a><figcaption id=\"caption-attachment-89971\" class=\"wp-caption-text\">photo by Piotr Markowski<\/figcaption><\/figure>\n<p style=\"text-align: center;\"><a role=\"link\" href=\"mailto:rektor@amuz.krakow.pl?subject=rektor%40amuz.krakow.pl\">rektor@amuz.krakow.pl<\/a><\/p>\n<hr \/>\n<p>Prof. dr hab. Mariusz Sielski \u2013 studied at the Academy of Music in Krak\u00f3w under professors Ludwik Stefa\u0144ski, Ewa Bukojemska and Janusz Dolny (diploma with honours). He participated in prestigious masterclasses, working under the guidance of outstanding teachers (Alexander Jenner, Rudolf Buchbinder, Eliane Richepin, Fausto Zadra). He also completed a year of study at the Hochschule f\u00fcr Musik in Munich.<\/p>\n<p>He performs mainly as a chamber musician, giving concerts in Poland and abroad \u2013 Austria, the Czech Republic, France, the Netherlands, Germany, Portugal,\u00a0 Russia, Slovakia, Turkey, Thailand, Great Britain and Italy. He has 3 CD recordings to his credit. He teaches a class of piano at the Krzysztof Penderecki Academy of Music in Krak\u00f3w as a professor. To date, a large group of 50 of professionally active musicians working in Poland and abroad have completed their master\u2019s studies in piano under his supervision. Among his students there are laureates of piano competitions in Austria (P\u00f6rtschach), Spain (La Rioja), USA (Los Angeles), Italy (Castellana Grotte, Finale Ligure, Florence, Naples), Estonia (Narva, Tallinn), Ukraine (Lviv) and Poland (Szafarnia, Kielce, Krakow, \u017baga\u0144, Warsaw, Busko-Zdr\u00f3j). Ten of his graduates are full-time employees of the Academy of Music in Krak\u00f3w. He has supervised three doctoral theses and reviewed many doctoral, postdoctoral and professorial dissertations. He gives seminars, courses and open lessons, and is invited as a member of the jury to piano competitions in Poland, Georgia, Italy, Slovakia and China.<\/p>\n<p>He collaborates with the Polish Music Publishing House. He is a member of the Committee of Art Sciences of the Krakow Branch of the Polish Academy of Sciences.<\/p>\n<p>From 1996 to 1999 he was the vice dean of the Instrumental Faculty and then a vice rector (1999-2002). During the 2012-2016 term, he was the vice dean, and then the dean of the Instrumental Faculty (2016-2024).<\/p>","protected":false},"excerpt":{"rendered":"<p>His Magnificence Rector prof. dr hab. Mariusz Sielski rektor@amuz.krakow.pl Prof. dr hab. Mariusz Sielski \u2013 studied at the Academy of Music in Krak\u00f3w under professors Ludwik Stefa\u0144ski, Ewa Bukojemska and&hellip; <a href=\"https:\/\/www.amuz.krakow.pl\/en\/wladze\/rektor\/prof-dr-hab-mariusz-sielski\/\">Continue reading<\/a><\/p>\n","protected":false},"author":72,"featured_media":90021,"parent":933,"menu_order":1,"comment_status":"closed","ping_status":"closed","template":"","meta":{"footnotes":"","_links_to":"","_links_to_target":""},"class_list":["post-89275","page","type-page","status-publish","has-post-thumbnail","hentry"],"yoast_head":"<!-- This site is optimized with the Yoast SEO plugin v27.2 - https:\/\/yoast.com\/product\/yoast-seo-wordpress\/ -->\n<title>AMKP - Akademia Muzyczna im. Krzysztofa Pendereckiego w Krakowie<\/title>\n<meta name=\"robots\" content=\"index, follow, max-snippet:-1, max-image-preview:large, max-video-preview:-1\" \/>\n<link rel=\"canonical\" href=\"https:\/\/www.amuz.krakow.pl\/wladze\/rektor\/prof-dr-hab-mariusz-sielski\/\" \/>\n<meta property=\"og:locale\" content=\"en_US\" \/>\n<meta property=\"og:type\" content=\"article\" \/>\n<meta property=\"og:title\" content=\"AMKP - Akademia Muzyczna im. Krzysztofa Pendereckiego w Krakowie\" \/>\n<meta property=\"og:description\" content=\"His Magnificence Rector prof. dr hab. Mariusz Sielski rektor@amuz.krakow.pl Prof. dr hab. Mariusz Sielski \u2013 studied at the Academy of Music in Krak\u00f3w under professors Ludwik Stefa\u0144ski, Ewa Bukojemska and&hellip; Continue reading\" \/>\n<meta property=\"og:url\" content=\"https:\/\/www.amuz.krakow.pl\/wladze\/rektor\/prof-dr-hab-mariusz-sielski\/\" \/>\n<meta property=\"og:site_name\" content=\"Akademia Muzyczna im. Krzysztofa Pendereckiego w Krakowie\" \/>\n<meta property=\"article:publisher\" content=\"https:\/\/www.facebook.com\/amuz.krakow\" \/>\n<meta property=\"article:modified_time\" content=\"2026-02-06T09:32:34+00:00\" \/>\n<meta property=\"og:image\" content=\"https:\/\/www.amuz.krakow.pl\/wp-content\/uploads\/2024\/09\/IMG_240903_0240_PS_miniatura_fot.Piotr_Markowski-scaled.jpg\" \/>\n\t<meta property=\"og:image:width\" content=\"2048\" \/>\n\t<meta property=\"og:image:height\" content=\"1024\" \/>\n\t<meta property=\"og:image:type\" content=\"image\/jpeg\" \/>\n<meta name=\"twitter:card\" content=\"summary_large_image\" \/>\n<meta name=\"twitter:label1\" content=\"Est. reading time\" \/>\n\t<meta name=\"twitter:data1\" content=\"3 minutes\" \/>\n<script type=\"application\/ld+json\" class=\"yoast-schema-graph\">{\"@context\":\"https:\/\/schema.org\",\"@graph\":[{\"@type\":\"WebPage\",\"@id\":\"https:\/\/www.amuz.krakow.pl\/wladze\/rektor\/prof-dr-hab-mariusz-sielski\/\",\"url\":\"https:\/\/www.amuz.krakow.pl\/wladze\/rektor\/prof-dr-hab-mariusz-sielski\/\",\"name\":\"AMKP - Akademia Muzyczna im. Krzysztofa Pendereckiego w Krakowie\",\"isPartOf\":{\"@id\":\"https:\/\/www.amuz.krakow.pl\/#website\"},\"primaryImageOfPage\":{\"@id\":\"https:\/\/www.amuz.krakow.pl\/wladze\/rektor\/prof-dr-hab-mariusz-sielski\/#primaryimage\"},\"image\":{\"@id\":\"https:\/\/www.amuz.krakow.pl\/wladze\/rektor\/prof-dr-hab-mariusz-sielski\/#primaryimage\"},\"thumbnailUrl\":\"https:\/\/www.amuz.krakow.pl\/wp-content\/uploads\/2024\/09\/IMG_240903_0240_PS_miniatura_fot.Piotr_Markowski-scaled.jpg\",\"datePublished\":\"2024-09-02T08:19:29+00:00\",\"dateModified\":\"2026-02-06T09:32:34+00:00\",\"breadcrumb\":{\"@id\":\"https:\/\/www.amuz.krakow.pl\/wladze\/rektor\/prof-dr-hab-mariusz-sielski\/#breadcrumb\"},\"inLanguage\":\"en-US\",\"potentialAction\":[{\"@type\":\"ReadAction\",\"target\":[\"https:\/\/www.amuz.krakow.pl\/wladze\/rektor\/prof-dr-hab-mariusz-sielski\/\"]}]},{\"@type\":\"ImageObject\",\"inLanguage\":\"en-US\",\"@id\":\"https:\/\/www.amuz.krakow.pl\/wladze\/rektor\/prof-dr-hab-mariusz-sielski\/#primaryimage\",\"url\":\"https:\/\/www.amuz.krakow.pl\/wp-content\/uploads\/2024\/09\/IMG_240903_0240_PS_miniatura_fot.Piotr_Markowski-scaled.jpg\",\"contentUrl\":\"https:\/\/www.amuz.krakow.pl\/wp-content\/uploads\/2024\/09\/IMG_240903_0240_PS_miniatura_fot.Piotr_Markowski-scaled.jpg\",\"width\":2048,\"height\":1024},{\"@type\":\"BreadcrumbList\",\"@id\":\"https:\/\/www.amuz.krakow.pl\/wladze\/rektor\/prof-dr-hab-mariusz-sielski\/#breadcrumb\",\"itemListElement\":[{\"@type\":\"ListItem\",\"position\":1,\"name\":\"Strona g\u0142\u00f3wna\",\"item\":\"https:\/\/www.amuz.krakow.pl\/\"},{\"@type\":\"ListItem\",\"position\":2,\"name\":\"W\u0141ADZE\",\"item\":\"https:\/\/www.amuz.krakow.pl\/wladze\/\"},{\"@type\":\"ListItem\",\"position\":3,\"name\":\"Rektor\",\"item\":\"https:\/\/www.amuz.krakow.pl\/wladze\/rektor\/\"},{\"@type\":\"ListItem\",\"position\":4,\"name\":\"prof. dr hab. Mariusz Sielski\"}]},{\"@type\":\"WebSite\",\"@id\":\"https:\/\/www.amuz.krakow.pl\/#website\",\"url\":\"https:\/\/www.amuz.krakow.pl\/\",\"name\":\"Akademia Muzyczna im. Krzysztofa Pendereckiego w Krakowie\",\"description\":\"Oficjalna strona Akademii Muzycznej im. Krzysztofa Pendereckiego w Krakowie (AMKP).\",\"publisher\":{\"@id\":\"https:\/\/www.amuz.krakow.pl\/#organization\"},\"alternateName\":\"AMKP\",\"potentialAction\":[{\"@type\":\"SearchAction\",\"target\":{\"@type\":\"EntryPoint\",\"urlTemplate\":\"https:\/\/www.amuz.krakow.pl\/?s={search_term_string}\"},\"query-input\":{\"@type\":\"PropertyValueSpecification\",\"valueRequired\":true,\"valueName\":\"search_term_string\"}}],\"inLanguage\":\"en-US\"},{\"@type\":\"Organization\",\"@id\":\"https:\/\/www.amuz.krakow.pl\/#organization\",\"name\":\"Akademia Muzyczna im. Krzysztofa Pendereckiego w Krakowie\",\"alternateName\":\"AMKP\",\"url\":\"https:\/\/www.amuz.krakow.pl\/\",\"logo\":{\"@type\":\"ImageObject\",\"inLanguage\":\"en-US\",\"@id\":\"https:\/\/www.amuz.krakow.pl\/#\/schema\/logo\/image\/\",\"url\":\"https:\/\/www.amuz.krakow.pl\/wp-content\/uploads\/2021\/11\/amkp.jpg\",\"contentUrl\":\"https:\/\/www.amuz.krakow.pl\/wp-content\/uploads\/2021\/11\/amkp.jpg\",\"width\":1193,\"height\":591,\"caption\":\"Akademia Muzyczna im. Krzysztofa Pendereckiego w Krakowie\"},\"image\":{\"@id\":\"https:\/\/www.amuz.krakow.pl\/#\/schema\/logo\/image\/\"},\"sameAs\":[\"https:\/\/www.facebook.com\/amuz.krakow\",\"https:\/\/www.instagram.com\/amkpenderecki\/\",\"https:\/\/www.youtube.com\/@amkpenderecki4806\"]}]}<\/script>\n<!-- \/ Yoast SEO plugin. -->","yoast_head_json":{"title":"AMKP - Akademia Muzyczna im. Krzysztofa Pendereckiego w Krakowie","robots":{"index":"index","follow":"follow","max-snippet":"max-snippet:-1","max-image-preview":"max-image-preview:large","max-video-preview":"max-video-preview:-1"},"canonical":"https:\/\/www.amuz.krakow.pl\/wladze\/rektor\/prof-dr-hab-mariusz-sielski\/","og_locale":"en_US","og_type":"article","og_title":"AMKP - Akademia Muzyczna im. Krzysztofa Pendereckiego w Krakowie","og_description":"His Magnificence Rector prof. dr hab. Mariusz Sielski rektor@amuz.krakow.pl Prof. dr hab. Mariusz Sielski \u2013 studied at the Academy of Music in Krak\u00f3w under professors Ludwik Stefa\u0144ski, Ewa Bukojemska and&hellip; Continue reading","og_url":"https:\/\/www.amuz.krakow.pl\/wladze\/rektor\/prof-dr-hab-mariusz-sielski\/","og_site_name":"Akademia Muzyczna im. Krzysztofa Pendereckiego w Krakowie","article_publisher":"https:\/\/www.facebook.com\/amuz.krakow","article_modified_time":"2026-02-06T09:32:34+00:00","og_image":[{"width":2048,"height":1024,"url":"https:\/\/www.amuz.krakow.pl\/wp-content\/uploads\/2024\/09\/IMG_240903_0240_PS_miniatura_fot.Piotr_Markowski-scaled.jpg","type":"image\/jpeg"}],"twitter_card":"summary_large_image","twitter_misc":{"Est. reading time":"3 minutes"},"schema":{"@context":"https:\/\/schema.org","@graph":[{"@type":"WebPage","@id":"https:\/\/www.amuz.krakow.pl\/wladze\/rektor\/prof-dr-hab-mariusz-sielski\/","url":"https:\/\/www.amuz.krakow.pl\/wladze\/rektor\/prof-dr-hab-mariusz-sielski\/","name":"AMKP - Akademia Muzyczna im. Krzysztofa Pendereckiego w Krakowie","isPartOf":{"@id":"https:\/\/www.amuz.krakow.pl\/#website"},"primaryImageOfPage":{"@id":"https:\/\/www.amuz.krakow.pl\/wladze\/rektor\/prof-dr-hab-mariusz-sielski\/#primaryimage"},"image":{"@id":"https:\/\/www.amuz.krakow.pl\/wladze\/rektor\/prof-dr-hab-mariusz-sielski\/#primaryimage"},"thumbnailUrl":"https:\/\/www.amuz.krakow.pl\/wp-content\/uploads\/2024\/09\/IMG_240903_0240_PS_miniatura_fot.Piotr_Markowski-scaled.jpg","datePublished":"2024-09-02T08:19:29+00:00","dateModified":"2026-02-06T09:32:34+00:00","breadcrumb":{"@id":"https:\/\/www.amuz.krakow.pl\/wladze\/rektor\/prof-dr-hab-mariusz-sielski\/#breadcrumb"},"inLanguage":"en-US","potentialAction":[{"@type":"ReadAction","target":["https:\/\/www.amuz.krakow.pl\/wladze\/rektor\/prof-dr-hab-mariusz-sielski\/"]}]},{"@type":"ImageObject","inLanguage":"en-US","@id":"https:\/\/www.amuz.krakow.pl\/wladze\/rektor\/prof-dr-hab-mariusz-sielski\/#primaryimage","url":"https:\/\/www.amuz.krakow.pl\/wp-content\/uploads\/2024\/09\/IMG_240903_0240_PS_miniatura_fot.Piotr_Markowski-scaled.jpg","contentUrl":"https:\/\/www.amuz.krakow.pl\/wp-content\/uploads\/2024\/09\/IMG_240903_0240_PS_miniatura_fot.Piotr_Markowski-scaled.jpg","width":2048,"height":1024},{"@type":"BreadcrumbList","@id":"https:\/\/www.amuz.krakow.pl\/wladze\/rektor\/prof-dr-hab-mariusz-sielski\/#breadcrumb","itemListElement":[{"@type":"ListItem","position":1,"name":"Strona g\u0142\u00f3wna","item":"https:\/\/www.amuz.krakow.pl\/"},{"@type":"ListItem","position":2,"name":"W\u0141ADZE","item":"https:\/\/www.amuz.krakow.pl\/wladze\/"},{"@type":"ListItem","position":3,"name":"Rektor","item":"https:\/\/www.amuz.krakow.pl\/wladze\/rektor\/"},{"@type":"ListItem","position":4,"name":"prof. dr hab. Mariusz Sielski"}]},{"@type":"WebSite","@id":"https:\/\/www.amuz.krakow.pl\/#website","url":"https:\/\/www.amuz.krakow.pl\/","name":"Akademia Muzyczna im. Krzysztofa Pendereckiego w Krakowie","description":"Oficjalna strona Akademii Muzycznej im. Krzysztofa Pendereckiego w Krakowie (AMKP).","publisher":{"@id":"https:\/\/www.amuz.krakow.pl\/#organization"},"alternateName":"AMKP","potentialAction":[{"@type":"SearchAction","target":{"@type":"EntryPoint","urlTemplate":"https:\/\/www.amuz.krakow.pl\/?s={search_term_string}"},"query-input":{"@type":"PropertyValueSpecification","valueRequired":true,"valueName":"search_term_string"}}],"inLanguage":"en-US"},{"@type":"Organization","@id":"https:\/\/www.amuz.krakow.pl\/#organization","name":"Akademia Muzyczna im. Krzysztofa Pendereckiego w Krakowie","alternateName":"AMKP","url":"https:\/\/www.amuz.krakow.pl\/","logo":{"@type":"ImageObject","inLanguage":"en-US","@id":"https:\/\/www.amuz.krakow.pl\/#\/schema\/logo\/image\/","url":"https:\/\/www.amuz.krakow.pl\/wp-content\/uploads\/2021\/11\/amkp.jpg","contentUrl":"https:\/\/www.amuz.krakow.pl\/wp-content\/uploads\/2021\/11\/amkp.jpg","width":1193,"height":591,"caption":"Akademia Muzyczna im. Krzysztofa Pendereckiego w Krakowie"},"image":{"@id":"https:\/\/www.amuz.krakow.pl\/#\/schema\/logo\/image\/"},"sameAs":["https:\/\/www.facebook.com\/amuz.krakow","https:\/\/www.instagram.com\/amkpenderecki\/","https:\/\/www.youtube.com\/@amkpenderecki4806"]}]}},"_links":{"self":[{"href":"https:\/\/www.amuz.krakow.pl\/en\/wp-json\/wp\/v2\/pages\/89275","targetHints":{"allow":["GET"]}}],"collection":[{"href":"https:\/\/www.amuz.krakow.pl\/en\/wp-json\/wp\/v2\/pages"}],"about":[{"href":"https:\/\/www.amuz.krakow.pl\/en\/wp-json\/wp\/v2\/types\/page"}],"author":[{"embeddable":true,"href":"https:\/\/www.amuz.krakow.pl\/en\/wp-json\/wp\/v2\/users\/72"}],"replies":[{"embeddable":true,"href":"https:\/\/www.amuz.krakow.pl\/en\/wp-json\/wp\/v2\/comments?post=89275"}],"version-history":[{"count":6,"href":"https:\/\/www.amuz.krakow.pl\/en\/wp-json\/wp\/v2\/pages\/89275\/revisions"}],"predecessor-version":[{"id":114577,"href":"https:\/\/www.amuz.krakow.pl\/en\/wp-json\/wp\/v2\/pages\/89275\/revisions\/114577"}],"up":[{"embeddable":true,"href":"https:\/\/www.amuz.krakow.pl\/en\/wp-json\/wp\/v2\/pages\/933"}],"wp:featuredmedia":[{"embeddable":true,"href":"https:\/\/www.amuz.krakow.pl\/en\/wp-json\/wp\/v2\/media\/90021"}],"wp:attachment":[{"href":"https:\/\/www.amuz.krakow.pl\/en\/wp-json\/wp\/v2\/media?parent=89275"}],"curies":[{"name":"wp","href":"https:\/\/api.w.org\/{rel}","templated":true}]}}