{"id":876,"date":"2016-01-23T23:03:46","date_gmt":"2016-01-23T22:03:46","guid":{"rendered":"http:\/\/strony.amuz.krakow.pl\/?page_id=876"},"modified":"2025-12-09T10:29:59","modified_gmt":"2025-12-09T09:29:59","slug":"katedra-instrumentow-detych-i-akordeonu","status":"publish","type":"page","link":"https:\/\/www.amuz.krakow.pl\/en\/wydzialy\/wydzial-ii-instrumentalny\/katedra-instrumentow-detych-i-akordeonu\/","title":{"rendered":"Department of Winds and Accordion"},"content":{"rendered":"<p><\/p>\n<p style=\"text-align: justify;\">The wind instruments and accordion courses taught at the Krak\u00f3w Conservatoire from 1918 were interrupted by World War II. After 1945, the State Higher School of Music was established, but everything had to be organised almost from scratch. The first teachers after the war were the concert masters of the Krakow Philharmonic groups &#8211; flautist Wac\u0142aw Chudziak, trumpeter Ludwik Lutak, and percussionist J\u00f3zef Stojko. Only at the end of the 1960s did things gain momentum. In the academic year 1969\/70, the flute, oboe, clarinet, bassoon, trumpet, French horn, trombone and percussion classes formed together the Wind Instruments Department. Associate Professor Ludwik Lutak became its first head. In 1975\/76, saxophone and accordion classes were additionally included in the Department. The classes of each of the instruments kept developing and expanding. The Department&#8217;s pedagogues were recruited from among the alumni of the State Higher School of Music, and subsequently the Academy of Music, the musicians of the Polish Radio and TV Orchestra in Krakow, Krakow Philharmonic, and later also the Great Orchestra of Polish Radio and TV in Katowice (currently the Polish Radio National Symphony Orchestra (NOSPR)). The opening of the Instrumental Pedagogy Section in 1976\/77 was of great importance to the teaching of wind instruments at the undergraduate level. In 1981\/82, Professor Barbara \u015awi\u0105tek-\u017belazna took over as head of the Department. The development process of the academic staff began. In addition to their teaching activities, each of the members of the Department had an impressive concert record; students began to win prizes in competitions in Poland and abroad. At present, 22 instrumental classes are taught at the Department in the following specialities: the flute, oboe, clarinet, bassoon, saxophone, French horn, trumpet, trombone, tuba, percussion, and accordion. The Department also conducts scientific and research activities. Numerous seminars and master classes are given by foreign specialists. The international scientific sessions that are held combine performing arts with scientific analysis, which is quite a unique feature. Also noteworthy is a multi-year research programme concerning music by Krakow composers for wind instruments, percussion and accordion, a session entitled \u201cContemporary National Schools?\u201d devoted to the music of Switzerland, Ukraine and Finland, and a session on the accordion music of Scandinavia, Latvia, the Czech Republic and Slovakia. For several years now, the Department has been collaborating with the Contemporary Music and Jazz Department organising a percussion \u201cSources and Inspirations\u201d festival. The year 2007 saw the first in a series of sessions and concerts entitled \u201cOn the Road to New Harmony\u201d devoted to new compositional and performance techniques in ensemble music for wind instruments, percussion and accordion. The Department was an inspiration for that project &#8211; Zbigniew Bujarski&#8217;s \u201cGames\u201d were created especially for its musicians. The first performance of that work gave rise to the formation of a new ensemble, the \u201cHarmonia Nova\u201d wind instruments orchestra. The open formula of that project provides new possibilities for creators and performers for many years to come. In 2008, to celebrate the 120th anniversary of the Academy, on the initiative of the Department, works for various wind instrument ensembles were written by composers associated with the Academy and were subsequently performed. Those compositions will be published by the Academy.<\/p>\n<p style=\"text-align: justify;\">What is the Department&#8217;s greatest undertaking is the International Flute Competition, launched on the initiative of Professor Barbara \u015awi\u0105tek-\u017belazny. In 2010, it will be held for the fifth time.<br \/>\nThe Department of Wind Instruments, Percussion and Accordion of the Academy of Music in Krak\u00f3w conducts artistic and scientific activities relating to music for wind instruments, percussion and accordion in the following fields of research:<\/p>\n<ul style=\"list-style-type: square;\">\n<li style=\"text-align: justify;\">the art of performance in terms of stylistic transformations and performance styles of different epochs and individual language of composers;<\/li>\n<li style=\"text-align: justify;\">reading of a musical work versus its interpretation with the use of expression possibilities stemming from the widening spectrum of the means of instrumental technique;<\/li>\n<li style=\"text-align: justify;\">instrument acoustics depending on the structure and contemporary building process of the expanding range of musical instruments;<\/li>\n<li style=\"text-align: justify;\">the sources of inspiration for, and the analysis of, musical works created for various instruments, taking into account the context of cultural connections;<\/li>\n<li style=\"text-align: justify;\">first performances of new compositions;<\/li>\n<li style=\"text-align: justify;\">publications of artistic works in the form of recordings and presentations of research and scientific accomplishments and individual artistic work of members of the Department in the form of solo, chamber and orchestral music concerts;<\/li>\n<li style=\"text-align: justify;\">publications of theoretical works;<\/li>\n<li style=\"text-align: justify;\">editing the arrangements and instrumentations of musical works from past epochs;<\/li>\n<li style=\"text-align: justify;\">inspiring composers and participating in the creation of new compositions for a solo instrument, homogeneous and mixed instrumental ensembles, and for wind instruments orchestra, to be performed by artists-teachers, graduates and students of the Department.<\/li>\n<\/ul>\n<p>The teaching activity of the Department focuses on the comprehensive development of the students&#8217; artistic personalities, preparing them for performing as musicians\/instrumentalists and for carrying out independent scientific work and pedagogical work.<\/p>\n<p>The main purpose of the Department&#8217;s organisational activities is to ensure conditions for the scientific, artistic and educational work of the staff and students and for the presentation of their individual and team achievements by organising:<\/p>\n<ul style=\"list-style-type: square;\">\n<li>scientific conferences, sessions and symposia;<\/li>\n<li>workshops and instrumental seminars;<\/li>\n<li>master classes;<\/li>\n<li>festivals and music competitions;<\/li>\n<li>concerts and broadcasts;<\/li>\n<li>cooperation with other academic and cultural centres;<\/li>\n<\/ul>\n<p>The Department&#8217;s regular events include:<\/p>\n<ul style=\"list-style-type: square;\">\n<li><a href=\"http:\/\/www.konkursfletowy.krakow.pl\/\">The International Flute Competition in Krakow;<\/a><\/li>\n<li>The \u201cOn the Road to New Harmony\u201d scientific session with the participation of the \u201cHarmonia Nova\u201d Wind Instruments Orchestra formed within the Department;<\/li>\n<li>The \u201cContemporary Accordion Music\u201d scientific session<\/li>\n<\/ul>\n<p><\/p>","protected":false},"excerpt":{"rendered":"<p>The wind instruments and accordion courses taught at the Krak\u00f3w Conservatoire from 1918 were interrupted by World War II. After 1945, the State Higher School of Music was established, but&hellip; <a href=\"https:\/\/www.amuz.krakow.pl\/en\/wydzialy\/wydzial-ii-instrumentalny\/katedra-instrumentow-detych-i-akordeonu\/\">Continue reading<\/a><\/p>\n","protected":false},"author":72,"featured_media":48726,"parent":230,"menu_order":7,"comment_status":"closed","ping_status":"closed","template":"","meta":{"footnotes":"","_links_to":"","_links_to_target":""},"class_list":["post-876","page","type-page","status-publish","has-post-thumbnail","hentry"],"yoast_head":"<!-- This site is optimized with the Yoast SEO plugin v27.2 - https:\/\/yoast.com\/product\/yoast-seo-wordpress\/ -->\n<title>AMKP - Akademia Muzyczna im. Krzysztofa Pendereckiego w Krakowie<\/title>\n<meta name=\"robots\" content=\"index, follow, max-snippet:-1, max-image-preview:large, max-video-preview:-1\" \/>\n<link rel=\"canonical\" href=\"https:\/\/www.amuz.krakow.pl\/wydzialy\/wydzial-ii-instrumentalny\/katedra-instrumentow-detych-i-akordeonu\/\" \/>\n<meta property=\"og:locale\" content=\"en_US\" \/>\n<meta property=\"og:type\" content=\"article\" \/>\n<meta property=\"og:title\" content=\"AMKP - Akademia Muzyczna im. Krzysztofa Pendereckiego w Krakowie\" \/>\n<meta property=\"og:description\" content=\"The wind instruments and accordion courses taught at the Krak\u00f3w Conservatoire from 1918 were interrupted by World War II. After 1945, the State Higher School of Music was established, but&hellip; Continue reading\" \/>\n<meta property=\"og:url\" content=\"https:\/\/www.amuz.krakow.pl\/wydzialy\/wydzial-ii-instrumentalny\/katedra-instrumentow-detych-i-akordeonu\/\" \/>\n<meta property=\"og:site_name\" content=\"Akademia Muzyczna im. Krzysztofa Pendereckiego w Krakowie\" \/>\n<meta property=\"article:publisher\" content=\"https:\/\/www.facebook.com\/amuz.krakow\" \/>\n<meta property=\"article:modified_time\" content=\"2025-12-09T09:29:59+00:00\" \/>\n<meta property=\"og:image\" content=\"https:\/\/www.amuz.krakow.pl\/wp-content\/uploads\/2021\/04\/Logo-Katedra-Instrumentow-Detych-Drewnianych-i-Akordeonu.png\" \/>\n\t<meta property=\"og:image:width\" content=\"500\" \/>\n\t<meta property=\"og:image:height\" content=\"500\" \/>\n\t<meta property=\"og:image:type\" content=\"image\/png\" \/>\n<meta name=\"twitter:card\" content=\"summary_large_image\" \/>\n<meta name=\"twitter:label1\" content=\"Est. reading time\" \/>\n\t<meta name=\"twitter:data1\" content=\"5 minutes\" \/>\n<script type=\"application\/ld+json\" class=\"yoast-schema-graph\">{\"@context\":\"https:\/\/schema.org\",\"@graph\":[{\"@type\":\"WebPage\",\"@id\":\"https:\/\/www.amuz.krakow.pl\/wydzialy\/wydzial-ii-instrumentalny\/katedra-instrumentow-detych-i-akordeonu\/\",\"url\":\"https:\/\/www.amuz.krakow.pl\/wydzialy\/wydzial-ii-instrumentalny\/katedra-instrumentow-detych-i-akordeonu\/\",\"name\":\"AMKP - Akademia Muzyczna im. Krzysztofa Pendereckiego w Krakowie\",\"isPartOf\":{\"@id\":\"https:\/\/www.amuz.krakow.pl\/#website\"},\"primaryImageOfPage\":{\"@id\":\"https:\/\/www.amuz.krakow.pl\/wydzialy\/wydzial-ii-instrumentalny\/katedra-instrumentow-detych-i-akordeonu\/#primaryimage\"},\"image\":{\"@id\":\"https:\/\/www.amuz.krakow.pl\/wydzialy\/wydzial-ii-instrumentalny\/katedra-instrumentow-detych-i-akordeonu\/#primaryimage\"},\"thumbnailUrl\":\"https:\/\/www.amuz.krakow.pl\/wp-content\/uploads\/2021\/04\/Logo-Katedra-Instrumentow-Detych-Drewnianych-i-Akordeonu.png\",\"datePublished\":\"2016-01-23T22:03:46+00:00\",\"dateModified\":\"2025-12-09T09:29:59+00:00\",\"breadcrumb\":{\"@id\":\"https:\/\/www.amuz.krakow.pl\/wydzialy\/wydzial-ii-instrumentalny\/katedra-instrumentow-detych-i-akordeonu\/#breadcrumb\"},\"inLanguage\":\"en-US\",\"potentialAction\":[{\"@type\":\"ReadAction\",\"target\":[\"https:\/\/www.amuz.krakow.pl\/wydzialy\/wydzial-ii-instrumentalny\/katedra-instrumentow-detych-i-akordeonu\/\"]}]},{\"@type\":\"ImageObject\",\"inLanguage\":\"en-US\",\"@id\":\"https:\/\/www.amuz.krakow.pl\/wydzialy\/wydzial-ii-instrumentalny\/katedra-instrumentow-detych-i-akordeonu\/#primaryimage\",\"url\":\"https:\/\/www.amuz.krakow.pl\/wp-content\/uploads\/2021\/04\/Logo-Katedra-Instrumentow-Detych-Drewnianych-i-Akordeonu.png\",\"contentUrl\":\"https:\/\/www.amuz.krakow.pl\/wp-content\/uploads\/2021\/04\/Logo-Katedra-Instrumentow-Detych-Drewnianych-i-Akordeonu.png\",\"width\":500,\"height\":500},{\"@type\":\"BreadcrumbList\",\"@id\":\"https:\/\/www.amuz.krakow.pl\/wydzialy\/wydzial-ii-instrumentalny\/katedra-instrumentow-detych-i-akordeonu\/#breadcrumb\",\"itemListElement\":[{\"@type\":\"ListItem\",\"position\":1,\"name\":\"Strona g\u0142\u00f3wna\",\"item\":\"https:\/\/www.amuz.krakow.pl\/\"},{\"@type\":\"ListItem\",\"position\":2,\"name\":\"WYDZIA\u0141Y\",\"item\":\"https:\/\/www.amuz.krakow.pl\/wydzialy\/\"},{\"@type\":\"ListItem\",\"position\":3,\"name\":\"Wydzia\u0142 Instrumentalny\",\"item\":\"https:\/\/www.amuz.krakow.pl\/wydzialy\/wydzial-ii-instrumentalny\/\"},{\"@type\":\"ListItem\",\"position\":4,\"name\":\"Katedra Instrument\u00f3w D\u0119tych i Akordeonu\"}]},{\"@type\":\"WebSite\",\"@id\":\"https:\/\/www.amuz.krakow.pl\/#website\",\"url\":\"https:\/\/www.amuz.krakow.pl\/\",\"name\":\"Akademia Muzyczna im. Krzysztofa Pendereckiego w Krakowie\",\"description\":\"Oficjalna strona Akademii Muzycznej im. Krzysztofa Pendereckiego w Krakowie (AMKP).\",\"publisher\":{\"@id\":\"https:\/\/www.amuz.krakow.pl\/#organization\"},\"alternateName\":\"AMKP\",\"potentialAction\":[{\"@type\":\"SearchAction\",\"target\":{\"@type\":\"EntryPoint\",\"urlTemplate\":\"https:\/\/www.amuz.krakow.pl\/?s={search_term_string}\"},\"query-input\":{\"@type\":\"PropertyValueSpecification\",\"valueRequired\":true,\"valueName\":\"search_term_string\"}}],\"inLanguage\":\"en-US\"},{\"@type\":\"Organization\",\"@id\":\"https:\/\/www.amuz.krakow.pl\/#organization\",\"name\":\"Akademia Muzyczna im. Krzysztofa Pendereckiego w Krakowie\",\"alternateName\":\"AMKP\",\"url\":\"https:\/\/www.amuz.krakow.pl\/\",\"logo\":{\"@type\":\"ImageObject\",\"inLanguage\":\"en-US\",\"@id\":\"https:\/\/www.amuz.krakow.pl\/#\/schema\/logo\/image\/\",\"url\":\"https:\/\/www.amuz.krakow.pl\/wp-content\/uploads\/2021\/11\/amkp.jpg\",\"contentUrl\":\"https:\/\/www.amuz.krakow.pl\/wp-content\/uploads\/2021\/11\/amkp.jpg\",\"width\":1193,\"height\":591,\"caption\":\"Akademia Muzyczna im. Krzysztofa Pendereckiego w Krakowie\"},\"image\":{\"@id\":\"https:\/\/www.amuz.krakow.pl\/#\/schema\/logo\/image\/\"},\"sameAs\":[\"https:\/\/www.facebook.com\/amuz.krakow\",\"https:\/\/www.instagram.com\/amkpenderecki\/\",\"https:\/\/www.youtube.com\/@amkpenderecki4806\"]}]}<\/script>\n<!-- \/ Yoast SEO plugin. -->","yoast_head_json":{"title":"AMKP - Akademia Muzyczna im. Krzysztofa Pendereckiego w Krakowie","robots":{"index":"index","follow":"follow","max-snippet":"max-snippet:-1","max-image-preview":"max-image-preview:large","max-video-preview":"max-video-preview:-1"},"canonical":"https:\/\/www.amuz.krakow.pl\/wydzialy\/wydzial-ii-instrumentalny\/katedra-instrumentow-detych-i-akordeonu\/","og_locale":"en_US","og_type":"article","og_title":"AMKP - Akademia Muzyczna im. Krzysztofa Pendereckiego w Krakowie","og_description":"The wind instruments and accordion courses taught at the Krak\u00f3w Conservatoire from 1918 were interrupted by World War II. After 1945, the State Higher School of Music was established, but&hellip; Continue reading","og_url":"https:\/\/www.amuz.krakow.pl\/wydzialy\/wydzial-ii-instrumentalny\/katedra-instrumentow-detych-i-akordeonu\/","og_site_name":"Akademia Muzyczna im. Krzysztofa Pendereckiego w Krakowie","article_publisher":"https:\/\/www.facebook.com\/amuz.krakow","article_modified_time":"2025-12-09T09:29:59+00:00","og_image":[{"width":500,"height":500,"url":"https:\/\/www.amuz.krakow.pl\/wp-content\/uploads\/2021\/04\/Logo-Katedra-Instrumentow-Detych-Drewnianych-i-Akordeonu.png","type":"image\/png"}],"twitter_card":"summary_large_image","twitter_misc":{"Est. reading time":"5 minutes"},"schema":{"@context":"https:\/\/schema.org","@graph":[{"@type":"WebPage","@id":"https:\/\/www.amuz.krakow.pl\/wydzialy\/wydzial-ii-instrumentalny\/katedra-instrumentow-detych-i-akordeonu\/","url":"https:\/\/www.amuz.krakow.pl\/wydzialy\/wydzial-ii-instrumentalny\/katedra-instrumentow-detych-i-akordeonu\/","name":"AMKP - Akademia Muzyczna im. Krzysztofa Pendereckiego w Krakowie","isPartOf":{"@id":"https:\/\/www.amuz.krakow.pl\/#website"},"primaryImageOfPage":{"@id":"https:\/\/www.amuz.krakow.pl\/wydzialy\/wydzial-ii-instrumentalny\/katedra-instrumentow-detych-i-akordeonu\/#primaryimage"},"image":{"@id":"https:\/\/www.amuz.krakow.pl\/wydzialy\/wydzial-ii-instrumentalny\/katedra-instrumentow-detych-i-akordeonu\/#primaryimage"},"thumbnailUrl":"https:\/\/www.amuz.krakow.pl\/wp-content\/uploads\/2021\/04\/Logo-Katedra-Instrumentow-Detych-Drewnianych-i-Akordeonu.png","datePublished":"2016-01-23T22:03:46+00:00","dateModified":"2025-12-09T09:29:59+00:00","breadcrumb":{"@id":"https:\/\/www.amuz.krakow.pl\/wydzialy\/wydzial-ii-instrumentalny\/katedra-instrumentow-detych-i-akordeonu\/#breadcrumb"},"inLanguage":"en-US","potentialAction":[{"@type":"ReadAction","target":["https:\/\/www.amuz.krakow.pl\/wydzialy\/wydzial-ii-instrumentalny\/katedra-instrumentow-detych-i-akordeonu\/"]}]},{"@type":"ImageObject","inLanguage":"en-US","@id":"https:\/\/www.amuz.krakow.pl\/wydzialy\/wydzial-ii-instrumentalny\/katedra-instrumentow-detych-i-akordeonu\/#primaryimage","url":"https:\/\/www.amuz.krakow.pl\/wp-content\/uploads\/2021\/04\/Logo-Katedra-Instrumentow-Detych-Drewnianych-i-Akordeonu.png","contentUrl":"https:\/\/www.amuz.krakow.pl\/wp-content\/uploads\/2021\/04\/Logo-Katedra-Instrumentow-Detych-Drewnianych-i-Akordeonu.png","width":500,"height":500},{"@type":"BreadcrumbList","@id":"https:\/\/www.amuz.krakow.pl\/wydzialy\/wydzial-ii-instrumentalny\/katedra-instrumentow-detych-i-akordeonu\/#breadcrumb","itemListElement":[{"@type":"ListItem","position":1,"name":"Strona g\u0142\u00f3wna","item":"https:\/\/www.amuz.krakow.pl\/"},{"@type":"ListItem","position":2,"name":"WYDZIA\u0141Y","item":"https:\/\/www.amuz.krakow.pl\/wydzialy\/"},{"@type":"ListItem","position":3,"name":"Wydzia\u0142 Instrumentalny","item":"https:\/\/www.amuz.krakow.pl\/wydzialy\/wydzial-ii-instrumentalny\/"},{"@type":"ListItem","position":4,"name":"Katedra Instrument\u00f3w D\u0119tych i Akordeonu"}]},{"@type":"WebSite","@id":"https:\/\/www.amuz.krakow.pl\/#website","url":"https:\/\/www.amuz.krakow.pl\/","name":"Akademia Muzyczna im. Krzysztofa Pendereckiego w Krakowie","description":"Oficjalna strona Akademii Muzycznej im. Krzysztofa Pendereckiego w Krakowie (AMKP).","publisher":{"@id":"https:\/\/www.amuz.krakow.pl\/#organization"},"alternateName":"AMKP","potentialAction":[{"@type":"SearchAction","target":{"@type":"EntryPoint","urlTemplate":"https:\/\/www.amuz.krakow.pl\/?s={search_term_string}"},"query-input":{"@type":"PropertyValueSpecification","valueRequired":true,"valueName":"search_term_string"}}],"inLanguage":"en-US"},{"@type":"Organization","@id":"https:\/\/www.amuz.krakow.pl\/#organization","name":"Akademia Muzyczna im. Krzysztofa Pendereckiego w Krakowie","alternateName":"AMKP","url":"https:\/\/www.amuz.krakow.pl\/","logo":{"@type":"ImageObject","inLanguage":"en-US","@id":"https:\/\/www.amuz.krakow.pl\/#\/schema\/logo\/image\/","url":"https:\/\/www.amuz.krakow.pl\/wp-content\/uploads\/2021\/11\/amkp.jpg","contentUrl":"https:\/\/www.amuz.krakow.pl\/wp-content\/uploads\/2021\/11\/amkp.jpg","width":1193,"height":591,"caption":"Akademia Muzyczna im. Krzysztofa Pendereckiego w Krakowie"},"image":{"@id":"https:\/\/www.amuz.krakow.pl\/#\/schema\/logo\/image\/"},"sameAs":["https:\/\/www.facebook.com\/amuz.krakow","https:\/\/www.instagram.com\/amkpenderecki\/","https:\/\/www.youtube.com\/@amkpenderecki4806"]}]}},"_links":{"self":[{"href":"https:\/\/www.amuz.krakow.pl\/en\/wp-json\/wp\/v2\/pages\/876","targetHints":{"allow":["GET"]}}],"collection":[{"href":"https:\/\/www.amuz.krakow.pl\/en\/wp-json\/wp\/v2\/pages"}],"about":[{"href":"https:\/\/www.amuz.krakow.pl\/en\/wp-json\/wp\/v2\/types\/page"}],"author":[{"embeddable":true,"href":"https:\/\/www.amuz.krakow.pl\/en\/wp-json\/wp\/v2\/users\/72"}],"replies":[{"embeddable":true,"href":"https:\/\/www.amuz.krakow.pl\/en\/wp-json\/wp\/v2\/comments?post=876"}],"version-history":[{"count":6,"href":"https:\/\/www.amuz.krakow.pl\/en\/wp-json\/wp\/v2\/pages\/876\/revisions"}],"predecessor-version":[{"id":111803,"href":"https:\/\/www.amuz.krakow.pl\/en\/wp-json\/wp\/v2\/pages\/876\/revisions\/111803"}],"up":[{"embeddable":true,"href":"https:\/\/www.amuz.krakow.pl\/en\/wp-json\/wp\/v2\/pages\/230"}],"wp:featuredmedia":[{"embeddable":true,"href":"https:\/\/www.amuz.krakow.pl\/en\/wp-json\/wp\/v2\/media\/48726"}],"wp:attachment":[{"href":"https:\/\/www.amuz.krakow.pl\/en\/wp-json\/wp\/v2\/media?parent=876"}],"curies":[{"name":"wp","href":"https:\/\/api.w.org\/{rel}","templated":true}]}}