{"id":870,"date":"2016-01-23T23:01:51","date_gmt":"2016-01-23T22:01:51","guid":{"rendered":"http:\/\/strony.amuz.krakow.pl\/?page_id=870"},"modified":"2024-09-03T12:05:40","modified_gmt":"2024-09-03T10:05:40","slug":"katedra-muzyki-dawnej","status":"publish","type":"page","link":"https:\/\/www.amuz.krakow.pl\/en\/wydzialy\/wydzial-ii-instrumentalny\/katedra-muzyki-dawnej\/","title":{"rendered":"Department of Early Music"},"content":{"rendered":"<p><\/p>\n<p style=\"text-align: justify;\">Department of Early Music is the first department in all Polish music academies offering such comprehensive artistic and research possibilities with respect to historical instruments. Its formation was possible thanks to the longest tradition of harpsichord performance in Poland and the long history of early music performance in Krakow. Established in 1981 as the Harpsichord and Plucked String Instruments Department, it was transformed in 2012 into the independent Department of Harpsichord and Early Instruments (later: Early Music) and Department of Guitar and Harp due to the expansion of its teaching range. The Department owes its rapid growth connected with the formation of early instruments speciality, which was a pioneering move in our country, to its long-time Head, Professor El\u017cbieta Stefa\u0144ska (1981-1990 and 1997-2012), and the first teacher of the Baroque violin class, Zygmunt Kaczmarski, PhD (habil.). On his initiative, in 1991, under the patronage of the Ministry of Culture of the Kingdom of the Netherlands, the European Cultural Foundation, and the Stichting Internationale Concerten en Wergroepen (SIC), cooperation was established with lecturers from the Sweelinck Conservatorium (now the Conservatorium van Amsterdam) and soloists from the Orchestra of the Eighteenth Century, including Jacques Ogg and Marinette Troost. As a result of that cooperation, regular open courses in early music performance were conducted and joint concerts by artists-pedagogues from Krakow and abroad were held. Those projects, in turn, led to the opening of new classes of historical instruments. Professor Magdalena Myczka, who held the office of Department Head from 1990 to 1997, was actively involved in the process.<\/p>\n<p style=\"text-align: justify;\">In the years 2012-2016, the Department was headed by an outstanding organist and early music performer Professor Marcin Szelest, PhD, who was very committed to developing the potential of the Department in terms of its teaching offer and building a model of education and artistic activity tailored to the specific needs of the conscious performance of early music. In 2016, a renowned harpsichordist, organist and versatile early music performer Professor Marek Toporowski, PhD, was successfully recruited to head the Department. In 2017, that position was taken over by Monika Gardo\u0144-Preinl, PhD (habil.). At present, the Department is headed by Zbigniew Pilch, PhD (habil.).<\/p>\n<p style=\"text-align: justify;\">Since its inception, the Department has been very active in the concert, research and teaching areas. In 1985, it held the 1st Wanda Landowska International Harpsichord Competition in Krakow. Since 1996, it has been the organiser of the \u201cBach Days\u201d Festival, which serves as a concert forum for teachers and students of the Krakow academy as well as other Polish and foreign universities.<\/p>\n<p style=\"text-align: justify;\">In 2008, on the initiative of Professor El\u017cbieta Stefa\u0144ska, the Baroque Orchestra of the Academy of Music in Krak\u00f3w was established, and it gives regular concerts, performing both independently and with numerous soloists, the choir of the Academy and &#8211; when performing operas &#8211; students of the Department of Voice, under the baton of such guest conductors as Paul Esswood, Peter Holtslag and Joshua Rifkin. Usually held in the stylish \u201cFlorianka\u201d concert hall of the Academy of Music, the orchestra&#8217;s concerts &#8211; which take place at least six times in one season (academic year) &#8211; are extremely popular with Krakow music lovers and are a unique phenomenon of the city&#8217;s musical life.<\/p>\n<p style=\"text-align: justify;\">The lecturers of the numerous master classes organised by the Department have included, among others: Mark Kroll, Jacques Ogg, Johann Sonnleitner, Huguette Dreyfus, Hetil Haugsand, Mitzi Meyerson, Aline Zylberajch-Gester, Martin Gester &#8211; harpsichord; Paul Badura-Skoda, Petra Mat\u011bjov\u00e1 &#8211; pianoforte; Lucy van Dael, Sirkka Liisa Kaakinen-Pilch, Marinette Troost, Carol Lieberman &#8211; Baroque violin; Peter Holtslag, Ricardo Kanji &#8211; recorder; Rachel Brown &#8211; transverse flute; Rainer Zipperling, Richte van der Meer &#8211; Baroque cello; Lilianna Stawarz, Th\u00e9r\u00e8se de Goede &#8211; basso continuo realization; Annelie de Man, El\u017cbieta Chojnacka &#8211; interpretation of contemporary harpsichord music. Students at the Department have had the opportunity to work with excellent pedagogues, outstanding masters and experts in historical performance.<\/p>\n<p style=\"text-align: justify;\">In 2017, the Baroque oboe class was revived, and in 2017\/18 the historical piano class was added. Through extensive efforts, the range of instruments is constantly enhanced, which enables the expansion of the performance offer and repertoire possibilities.<br \/>\nAs regard its teaching activities, the Department of Early Music provides undergraduate and graduate programmes in the following specialities:<br \/>\n&#8211; harpsichord<br \/>\n&#8211; Baroque violin<br \/>\n&#8211; Baroque cello,<br \/>\n&#8211; viola da gamba,<br \/>\n&#8211; transverse flute,<br \/>\n&#8211; recorder,<br \/>\n&#8211; Baroque oboe,<br \/>\n&#8211; natural trumpet<br \/>\n&#8211; lute;<br \/>\nand graduate programmes in the historical piano and violone specialities.<\/p>\n<p style=\"text-align: justify;\">Distinguished teachers of the Academy of Music in Krak\u00f3w and young research and teaching staff are joined in their educational efforts by visiting foreign professors (see <a href=\"https:\/\/www.amuz.krakow.pl\/en\/wydzialy\/wydzial-ii-instrumentalny\/katedra-muzyki-dawnej\/pracownicy-katedry\/prof-dr-hab-marek-toporowski-kierownik-katedry\/\">Department Staff<\/a>).<\/p>\n<p style=\"text-align: justify;\">The bachelor&#8217;s and master&#8217;s degree programmes offer comprehensive education in early music and the playing of historical instruments, including classes in historical dance and classes with a regularly performing Baroque Orchestra.<\/p>\n<p style=\"text-align: justify;\">The Department&#8217;s activities also include regularly organised master classes, seminars and national and international conferences, which provide a unique opportunity of meeting outstanding artists, pedagogues and scientists. The annual \u201cBach Days\u201d festival (March) is a concert forum for teachers and students of the Department and the invited guests.<\/p>\n<p style=\"text-align: justify;\">\n<p><\/p>","protected":false},"excerpt":{"rendered":"<p>Department of Early Music is the first department in all Polish music academies offering such comprehensive artistic and research possibilities with respect to historical instruments. Its formation was possible thanks&hellip; <a href=\"https:\/\/www.amuz.krakow.pl\/en\/wydzialy\/wydzial-ii-instrumentalny\/katedra-muzyki-dawnej\/\">Continue reading<\/a><\/p>\n","protected":false},"author":72,"featured_media":0,"parent":230,"menu_order":3,"comment_status":"closed","ping_status":"closed","template":"","meta":{"footnotes":"","_links_to":"","_links_to_target":""},"class_list":["post-870","page","type-page","status-publish","hentry"],"yoast_head":"<!-- This site is optimized with the Yoast SEO plugin v27.4 - https:\/\/yoast.com\/product\/yoast-seo-wordpress\/ -->\n<title>AMKP - Akademia Muzyczna im. Krzysztofa Pendereckiego w Krakowie<\/title>\n<meta name=\"robots\" content=\"index, follow, max-snippet:-1, max-image-preview:large, max-video-preview:-1\" \/>\n<link rel=\"canonical\" href=\"https:\/\/www.amuz.krakow.pl\/wydzialy\/wydzial-ii-instrumentalny\/katedra-muzyki-dawnej\/\" \/>\n<meta property=\"og:locale\" content=\"en_US\" \/>\n<meta property=\"og:type\" content=\"article\" \/>\n<meta property=\"og:title\" content=\"AMKP - Akademia Muzyczna im. Krzysztofa Pendereckiego w Krakowie\" \/>\n<meta property=\"og:description\" content=\"Department of Early Music is the first department in all Polish music academies offering such comprehensive artistic and research possibilities with respect to historical instruments. Its formation was possible thanks&hellip; Continue reading\" \/>\n<meta property=\"og:url\" content=\"https:\/\/www.amuz.krakow.pl\/wydzialy\/wydzial-ii-instrumentalny\/katedra-muzyki-dawnej\/\" \/>\n<meta property=\"og:site_name\" content=\"Akademia Muzyczna im. Krzysztofa Pendereckiego w Krakowie\" \/>\n<meta property=\"article:publisher\" content=\"https:\/\/www.facebook.com\/amuz.krakow\" \/>\n<meta property=\"article:modified_time\" content=\"2024-09-03T10:05:40+00:00\" \/>\n<meta property=\"og:image\" content=\"https:\/\/www.amuz.krakow.pl\/wp-content\/uploads\/2021\/11\/amkp.jpg\" \/>\n\t<meta property=\"og:image:width\" content=\"1193\" \/>\n\t<meta property=\"og:image:height\" content=\"591\" \/>\n\t<meta property=\"og:image:type\" content=\"image\/jpeg\" \/>\n<meta name=\"twitter:card\" content=\"summary_large_image\" \/>\n<meta name=\"twitter:label1\" content=\"Est. reading time\" \/>\n\t<meta name=\"twitter:data1\" content=\"5 minutes\" \/>\n<script type=\"application\/ld+json\" class=\"yoast-schema-graph\">{\"@context\":\"https:\\\/\\\/schema.org\",\"@graph\":[{\"@type\":\"WebPage\",\"@id\":\"https:\\\/\\\/www.amuz.krakow.pl\\\/wydzialy\\\/wydzial-ii-instrumentalny\\\/katedra-muzyki-dawnej\\\/\",\"url\":\"https:\\\/\\\/www.amuz.krakow.pl\\\/wydzialy\\\/wydzial-ii-instrumentalny\\\/katedra-muzyki-dawnej\\\/\",\"name\":\"AMKP - Akademia Muzyczna im. Krzysztofa Pendereckiego w Krakowie\",\"isPartOf\":{\"@id\":\"https:\\\/\\\/www.amuz.krakow.pl\\\/#website\"},\"datePublished\":\"2016-01-23T22:01:51+00:00\",\"dateModified\":\"2024-09-03T10:05:40+00:00\",\"breadcrumb\":{\"@id\":\"https:\\\/\\\/www.amuz.krakow.pl\\\/wydzialy\\\/wydzial-ii-instrumentalny\\\/katedra-muzyki-dawnej\\\/#breadcrumb\"},\"inLanguage\":\"en-US\",\"potentialAction\":[{\"@type\":\"ReadAction\",\"target\":[\"https:\\\/\\\/www.amuz.krakow.pl\\\/wydzialy\\\/wydzial-ii-instrumentalny\\\/katedra-muzyki-dawnej\\\/\"]}]},{\"@type\":\"BreadcrumbList\",\"@id\":\"https:\\\/\\\/www.amuz.krakow.pl\\\/wydzialy\\\/wydzial-ii-instrumentalny\\\/katedra-muzyki-dawnej\\\/#breadcrumb\",\"itemListElement\":[{\"@type\":\"ListItem\",\"position\":1,\"name\":\"Strona g\u0142\u00f3wna\",\"item\":\"https:\\\/\\\/www.amuz.krakow.pl\\\/\"},{\"@type\":\"ListItem\",\"position\":2,\"name\":\"WYDZIA\u0141Y\",\"item\":\"https:\\\/\\\/www.amuz.krakow.pl\\\/wydzialy\\\/\"},{\"@type\":\"ListItem\",\"position\":3,\"name\":\"Wydzia\u0142 Instrumentalny\",\"item\":\"https:\\\/\\\/www.amuz.krakow.pl\\\/wydzialy\\\/wydzial-ii-instrumentalny\\\/\"},{\"@type\":\"ListItem\",\"position\":4,\"name\":\"Katedra Muzyki Dawnej\"}]},{\"@type\":\"WebSite\",\"@id\":\"https:\\\/\\\/www.amuz.krakow.pl\\\/#website\",\"url\":\"https:\\\/\\\/www.amuz.krakow.pl\\\/\",\"name\":\"Akademia Muzyczna im. Krzysztofa Pendereckiego w Krakowie\",\"description\":\"Oficjalna strona Akademii Muzycznej im. Krzysztofa Pendereckiego w Krakowie (AMKP).\",\"publisher\":{\"@id\":\"https:\\\/\\\/www.amuz.krakow.pl\\\/#organization\"},\"alternateName\":\"AMKP\",\"potentialAction\":[{\"@type\":\"SearchAction\",\"target\":{\"@type\":\"EntryPoint\",\"urlTemplate\":\"https:\\\/\\\/www.amuz.krakow.pl\\\/?s={search_term_string}\"},\"query-input\":{\"@type\":\"PropertyValueSpecification\",\"valueRequired\":true,\"valueName\":\"search_term_string\"}}],\"inLanguage\":\"en-US\"},{\"@type\":\"Organization\",\"@id\":\"https:\\\/\\\/www.amuz.krakow.pl\\\/#organization\",\"name\":\"Akademia Muzyczna im. Krzysztofa Pendereckiego w Krakowie\",\"alternateName\":\"AMKP\",\"url\":\"https:\\\/\\\/www.amuz.krakow.pl\\\/\",\"logo\":{\"@type\":\"ImageObject\",\"inLanguage\":\"en-US\",\"@id\":\"https:\\\/\\\/www.amuz.krakow.pl\\\/#\\\/schema\\\/logo\\\/image\\\/\",\"url\":\"https:\\\/\\\/www.amuz.krakow.pl\\\/wp-content\\\/uploads\\\/2021\\\/11\\\/amkp.jpg\",\"contentUrl\":\"https:\\\/\\\/www.amuz.krakow.pl\\\/wp-content\\\/uploads\\\/2021\\\/11\\\/amkp.jpg\",\"width\":1193,\"height\":591,\"caption\":\"Akademia Muzyczna im. Krzysztofa Pendereckiego w Krakowie\"},\"image\":{\"@id\":\"https:\\\/\\\/www.amuz.krakow.pl\\\/#\\\/schema\\\/logo\\\/image\\\/\"},\"sameAs\":[\"https:\\\/\\\/www.facebook.com\\\/amuz.krakow\",\"https:\\\/\\\/www.instagram.com\\\/amkpenderecki\\\/\",\"https:\\\/\\\/www.youtube.com\\\/@amkpenderecki4806\"]}]}<\/script>\n<!-- \/ Yoast SEO plugin. -->","yoast_head_json":{"title":"AMKP - Akademia Muzyczna im. Krzysztofa Pendereckiego w Krakowie","robots":{"index":"index","follow":"follow","max-snippet":"max-snippet:-1","max-image-preview":"max-image-preview:large","max-video-preview":"max-video-preview:-1"},"canonical":"https:\/\/www.amuz.krakow.pl\/wydzialy\/wydzial-ii-instrumentalny\/katedra-muzyki-dawnej\/","og_locale":"en_US","og_type":"article","og_title":"AMKP - Akademia Muzyczna im. Krzysztofa Pendereckiego w Krakowie","og_description":"Department of Early Music is the first department in all Polish music academies offering such comprehensive artistic and research possibilities with respect to historical instruments. Its formation was possible thanks&hellip; Continue reading","og_url":"https:\/\/www.amuz.krakow.pl\/wydzialy\/wydzial-ii-instrumentalny\/katedra-muzyki-dawnej\/","og_site_name":"Akademia Muzyczna im. Krzysztofa Pendereckiego w Krakowie","article_publisher":"https:\/\/www.facebook.com\/amuz.krakow","article_modified_time":"2024-09-03T10:05:40+00:00","og_image":[{"width":1193,"height":591,"url":"https:\/\/www.amuz.krakow.pl\/wp-content\/uploads\/2021\/11\/amkp.jpg","type":"image\/jpeg"}],"twitter_card":"summary_large_image","twitter_misc":{"Est. reading time":"5 minutes"},"schema":{"@context":"https:\/\/schema.org","@graph":[{"@type":"WebPage","@id":"https:\/\/www.amuz.krakow.pl\/wydzialy\/wydzial-ii-instrumentalny\/katedra-muzyki-dawnej\/","url":"https:\/\/www.amuz.krakow.pl\/wydzialy\/wydzial-ii-instrumentalny\/katedra-muzyki-dawnej\/","name":"AMKP - Akademia Muzyczna im. Krzysztofa Pendereckiego w Krakowie","isPartOf":{"@id":"https:\/\/www.amuz.krakow.pl\/#website"},"datePublished":"2016-01-23T22:01:51+00:00","dateModified":"2024-09-03T10:05:40+00:00","breadcrumb":{"@id":"https:\/\/www.amuz.krakow.pl\/wydzialy\/wydzial-ii-instrumentalny\/katedra-muzyki-dawnej\/#breadcrumb"},"inLanguage":"en-US","potentialAction":[{"@type":"ReadAction","target":["https:\/\/www.amuz.krakow.pl\/wydzialy\/wydzial-ii-instrumentalny\/katedra-muzyki-dawnej\/"]}]},{"@type":"BreadcrumbList","@id":"https:\/\/www.amuz.krakow.pl\/wydzialy\/wydzial-ii-instrumentalny\/katedra-muzyki-dawnej\/#breadcrumb","itemListElement":[{"@type":"ListItem","position":1,"name":"Strona g\u0142\u00f3wna","item":"https:\/\/www.amuz.krakow.pl\/"},{"@type":"ListItem","position":2,"name":"WYDZIA\u0141Y","item":"https:\/\/www.amuz.krakow.pl\/wydzialy\/"},{"@type":"ListItem","position":3,"name":"Wydzia\u0142 Instrumentalny","item":"https:\/\/www.amuz.krakow.pl\/wydzialy\/wydzial-ii-instrumentalny\/"},{"@type":"ListItem","position":4,"name":"Katedra Muzyki Dawnej"}]},{"@type":"WebSite","@id":"https:\/\/www.amuz.krakow.pl\/#website","url":"https:\/\/www.amuz.krakow.pl\/","name":"Akademia Muzyczna im. Krzysztofa Pendereckiego w Krakowie","description":"Oficjalna strona Akademii Muzycznej im. Krzysztofa Pendereckiego w Krakowie (AMKP).","publisher":{"@id":"https:\/\/www.amuz.krakow.pl\/#organization"},"alternateName":"AMKP","potentialAction":[{"@type":"SearchAction","target":{"@type":"EntryPoint","urlTemplate":"https:\/\/www.amuz.krakow.pl\/?s={search_term_string}"},"query-input":{"@type":"PropertyValueSpecification","valueRequired":true,"valueName":"search_term_string"}}],"inLanguage":"en-US"},{"@type":"Organization","@id":"https:\/\/www.amuz.krakow.pl\/#organization","name":"Akademia Muzyczna im. Krzysztofa Pendereckiego w Krakowie","alternateName":"AMKP","url":"https:\/\/www.amuz.krakow.pl\/","logo":{"@type":"ImageObject","inLanguage":"en-US","@id":"https:\/\/www.amuz.krakow.pl\/#\/schema\/logo\/image\/","url":"https:\/\/www.amuz.krakow.pl\/wp-content\/uploads\/2021\/11\/amkp.jpg","contentUrl":"https:\/\/www.amuz.krakow.pl\/wp-content\/uploads\/2021\/11\/amkp.jpg","width":1193,"height":591,"caption":"Akademia Muzyczna im. Krzysztofa Pendereckiego w Krakowie"},"image":{"@id":"https:\/\/www.amuz.krakow.pl\/#\/schema\/logo\/image\/"},"sameAs":["https:\/\/www.facebook.com\/amuz.krakow","https:\/\/www.instagram.com\/amkpenderecki\/","https:\/\/www.youtube.com\/@amkpenderecki4806"]}]}},"_links":{"self":[{"href":"https:\/\/www.amuz.krakow.pl\/en\/wp-json\/wp\/v2\/pages\/870","targetHints":{"allow":["GET"]}}],"collection":[{"href":"https:\/\/www.amuz.krakow.pl\/en\/wp-json\/wp\/v2\/pages"}],"about":[{"href":"https:\/\/www.amuz.krakow.pl\/en\/wp-json\/wp\/v2\/types\/page"}],"author":[{"embeddable":true,"href":"https:\/\/www.amuz.krakow.pl\/en\/wp-json\/wp\/v2\/users\/72"}],"replies":[{"embeddable":true,"href":"https:\/\/www.amuz.krakow.pl\/en\/wp-json\/wp\/v2\/comments?post=870"}],"version-history":[{"count":5,"href":"https:\/\/www.amuz.krakow.pl\/en\/wp-json\/wp\/v2\/pages\/870\/revisions"}],"predecessor-version":[{"id":89347,"href":"https:\/\/www.amuz.krakow.pl\/en\/wp-json\/wp\/v2\/pages\/870\/revisions\/89347"}],"up":[{"embeddable":true,"href":"https:\/\/www.amuz.krakow.pl\/en\/wp-json\/wp\/v2\/pages\/230"}],"wp:attachment":[{"href":"https:\/\/www.amuz.krakow.pl\/en\/wp-json\/wp\/v2\/media?parent=870"}],"curies":[{"name":"wp","href":"https:\/\/api.w.org\/{rel}","templated":true}]}}