{"id":8561,"date":"2016-06-10T11:50:23","date_gmt":"2016-06-10T09:50:23","guid":{"rendered":"http:\/\/www.amuz.krakow.pl\/?page_id=8561"},"modified":"2021-10-20T22:58:10","modified_gmt":"2021-10-20T20:58:10","slug":"dr-hab-arkadiusz-bialic","status":"publish","type":"page","link":"https:\/\/www.amuz.krakow.pl\/en\/wydzialy\/wydzial-ii-instrumentalny\/katedra-organow\/pracownicy-katedry\/dr-hab-arkadiusz-bialic\/","title":{"rendered":"dr hab. Arkadiusz Bialic, prof. AMKP"},"content":{"rendered":"<p><\/p>\n<p style=\"text-align: justify;\"><strong><a href=\"https:\/\/www.amuz.krakow.pl\/wp-content\/uploads\/2019\/09\/Arkadiusz-Bialic.png.png\"><img loading=\"lazy\" decoding=\"async\" class=\"alignleft wp-image-32434\" src=\"https:\/\/www.amuz.krakow.pl\/wp-content\/uploads\/2019\/09\/Arkadiusz-Bialic.png.png\" alt=\"\" width=\"299\" height=\"200\" srcset=\"https:\/\/www.amuz.krakow.pl\/wp-content\/uploads\/2019\/09\/Arkadiusz-Bialic.png.png 2048w, https:\/\/www.amuz.krakow.pl\/wp-content\/uploads\/2019\/09\/Arkadiusz-Bialic.png-300x200.png 300w, https:\/\/www.amuz.krakow.pl\/wp-content\/uploads\/2019\/09\/Arkadiusz-Bialic.png-768x512.png 768w\" sizes=\"auto, (max-width: 299px) 100vw, 299px\" \/><\/a><\/strong>Arkadiusz Bialic \u2013 Cracovian, organist, teacher, organizer of musical events and the first Pole ever to win a prize at the Grand Prix de Chartres competition &#8211; one of the world\u2019s most prestigious organ competitions.<\/p>\n<p style=\"text-align: justify;\">He studied the organ under Prof. J\u00f3zef Serafin at the Academy of Music in Cracow, from where he graduated with distinction in the year 2000. At that time he took part in numerous master classes, gaining valuable experience in the fields of authentic performance and symphonic organ music (under \u2013 among others \u2013 Marie-Clair Alain, Guy Bovet, Olivier Latry, Jon Laukvik, Ludger Lohman, Daniel Roth and Harald Vogel).<\/p>\n<p style=\"text-align: justify;\">Having completed a postgraduate course at the Hochschule f\u00fcr Musik in Freiburg, he saw before him the vast horizon of contemporary organ music. It is thanks to his cooperation with Prof. Zsigmond Sz\u00e1thmary \u2013 the world-famous organist and composer, who is a friend and former pupil of Gy\u00f6rgy Ligeti and Karlheinz <em>Stockhausen<\/em> \u2013 that contemporary music is now a permanent feature of his repertoire.<\/p>\n<p style=\"text-align: justify;\">His further studies \u2013 this time in the field of solo performance \u2013 took him to the Hochschule f\u00fcr Musik und darstellende Kunst in Frankfurt am Main, where he studied under Prof. Daniel Roth, the well-known composer and head organist of the Church of Saint-Sulpice in Paris, who continues the tradition of Charles-Marie Widor and Marcel Dupr\u00e9. In order to be able to take this course \u2013 which he successfully completed in 2003 \u2013 he was awarded scholarships by two German foundations: the Deutscher Akademischer Austauschdienst (DAAD) and the Alfred Toepfer Stiftung.<\/p>\n<p style=\"text-align: justify;\">Arkadiusz Bialic has received many prestigious awards at international organ competitions, including the third prize at the <em>Schweizer Orgelwettbewerb<\/em> in 1998 and the second prize at the International Jan Pieterszoon Sweelinck Organ Competition held in Gda\u0144sk in the year 2000. Two years later, he was the first Pole ever to win a prize (the second prize) at the Grand Prix de Chartres competition in France (which is one of the world\u2019s most important organ competitions) and was thus able to embark on an international career as a soloist.<\/p>\n<p style=\"text-align: justify;\">He has taken part in many renowned festivals in Spain, France, Germany, Russia, Slovakia, Switzerland, Ukraine and Italy, as well as in most of the important organ festivals in Poland. As a soloist, he has played with the Polish National Philharmonic Symphony Orchestra, the Polish National Radio Symphony Orchestra in Katowice, the Cracow Philharmonic Orchestra, The \u0141\u00f3d\u017a Philharmonic Orchestra, the Ostrava Philharmonic Orchestra, the Capella Cracoviensis and the Beethoven Academy Orchestra. He has also given the first public performances of several contemporary works, including Wojciech Wid\u0142ak\u2019s <em>Wziemi\u0119wzi\u0119cie<\/em> for organ and symphony orchestra, which he played with the National Philharmonic Orchestra at the inauguration of the 51<sup>st<\/sup> \u201cWarsaw Autumn\u201d International Festival of Contemporary Music which was held in 2008. He has also made many recordings for Polish and Slovak Radio. His CD recording of Feliks Nowowiejski\u2019s oratorium entitled <em>Quo vadis<\/em> was nominated for the Polish \u201cFryderyk\u201d prize in 2017.<\/p>\n<p style=\"text-align: justify;\">Arkadiusz Bialic is one of the most highly-regarded interpreters of French nineteenth- and twentieth-century organ music. His repertoire comprises works ranging from the Renaissance to the present day, including all the organ works of Nicolas de Grigny, Johann Sebastian Bach, Wolfgang Amadeus Mozart, Johannes Brahms, C\u00e9sar Franck and Maurice Durufl\u00e9. He has also given many Polish first public performances of major works in the world repertoire of organ music, including compositions by Joseph Jongen, Michael Radulescu, Thierry Escaich and Zsigmond Sz\u00e1thmary. It goes without saying that on his concert tours he has also made a point of bringing Polish music to a wider audience.<\/p>\n<p style=\"text-align: justify;\">He currently holds the post of assistant professor at the Academy of Music in Cracow. As well as being a recognized organ expert, he is also Chairman of the Bronis\u0142aw Rutkowski \u201cArs Organi\u201d Foundation, Artistic Director of the International \u201cOrgan Music Days\u201d Festival in Cracow and Artistic Director of the Kromer Biecz Festival, which is one of the most important festivals of Early Music in Poland.<\/p>\n<p><a href=\"mailto:arkadiusz.bialic@amuz.krakow.pl\">arkadiusz.bialic@amuz.krakow.pl<\/a><\/p>\n<p style=\"text-align: justify;\">\n<p><\/p>","protected":false},"excerpt":{"rendered":"<p>Arkadiusz Bialic \u2013 Cracovian, organist, teacher, organizer of musical events and the first Pole ever to win a prize at the Grand Prix de Chartres competition &#8211; one of the&hellip; <a href=\"https:\/\/www.amuz.krakow.pl\/en\/wydzialy\/wydzial-ii-instrumentalny\/katedra-organow\/pracownicy-katedry\/dr-hab-arkadiusz-bialic\/\">Continue reading<\/a><\/p>\n","protected":false},"author":72,"featured_media":0,"parent":1746,"menu_order":14,"comment_status":"closed","ping_status":"closed","template":"","meta":{"footnotes":"","_links_to":"","_links_to_target":""},"class_list":["post-8561","page","type-page","status-publish","hentry"],"yoast_head":"<!-- This site is optimized with the Yoast SEO plugin v27.4 - https:\/\/yoast.com\/product\/yoast-seo-wordpress\/ -->\n<title>AMKP - Akademia Muzyczna im. Krzysztofa Pendereckiego w Krakowie<\/title>\n<meta name=\"robots\" content=\"index, follow, max-snippet:-1, max-image-preview:large, max-video-preview:-1\" \/>\n<link rel=\"canonical\" href=\"https:\/\/www.amuz.krakow.pl\/wydzialy\/wydzial-ii-instrumentalny\/katedra-organow\/pracownicy-katedry\/dr-hab-arkadiusz-bialic\/\" \/>\n<meta property=\"og:locale\" content=\"en_US\" \/>\n<meta property=\"og:type\" content=\"article\" \/>\n<meta property=\"og:title\" content=\"AMKP - Akademia Muzyczna im. Krzysztofa Pendereckiego w Krakowie\" \/>\n<meta property=\"og:description\" content=\"Arkadiusz Bialic \u2013 Cracovian, organist, teacher, organizer of musical events and the first Pole ever to win a prize at the Grand Prix de Chartres competition &#8211; one of the&hellip; Continue reading\" \/>\n<meta property=\"og:url\" content=\"https:\/\/www.amuz.krakow.pl\/wydzialy\/wydzial-ii-instrumentalny\/katedra-organow\/pracownicy-katedry\/dr-hab-arkadiusz-bialic\/\" \/>\n<meta property=\"og:site_name\" content=\"Akademia Muzyczna im. Krzysztofa Pendereckiego w Krakowie\" \/>\n<meta property=\"article:publisher\" content=\"https:\/\/www.facebook.com\/amuz.krakow\" \/>\n<meta property=\"article:modified_time\" content=\"2021-10-20T20:58:10+00:00\" \/>\n<meta property=\"og:image\" content=\"https:\/\/www.amuz.krakow.pl\/wp-content\/uploads\/2019\/09\/Arkadiusz-Bialic.png.png\" \/>\n<meta name=\"twitter:card\" content=\"summary_large_image\" \/>\n<meta name=\"twitter:label1\" content=\"Est. reading time\" \/>\n\t<meta name=\"twitter:data1\" content=\"4 minutes\" \/>\n<script type=\"application\/ld+json\" class=\"yoast-schema-graph\">{\"@context\":\"https:\\\/\\\/schema.org\",\"@graph\":[{\"@type\":\"WebPage\",\"@id\":\"https:\\\/\\\/www.amuz.krakow.pl\\\/wydzialy\\\/wydzial-ii-instrumentalny\\\/katedra-organow\\\/pracownicy-katedry\\\/dr-hab-arkadiusz-bialic\\\/\",\"url\":\"https:\\\/\\\/www.amuz.krakow.pl\\\/wydzialy\\\/wydzial-ii-instrumentalny\\\/katedra-organow\\\/pracownicy-katedry\\\/dr-hab-arkadiusz-bialic\\\/\",\"name\":\"AMKP - Akademia Muzyczna im. Krzysztofa Pendereckiego w Krakowie\",\"isPartOf\":{\"@id\":\"https:\\\/\\\/www.amuz.krakow.pl\\\/#website\"},\"primaryImageOfPage\":{\"@id\":\"https:\\\/\\\/www.amuz.krakow.pl\\\/wydzialy\\\/wydzial-ii-instrumentalny\\\/katedra-organow\\\/pracownicy-katedry\\\/dr-hab-arkadiusz-bialic\\\/#primaryimage\"},\"image\":{\"@id\":\"https:\\\/\\\/www.amuz.krakow.pl\\\/wydzialy\\\/wydzial-ii-instrumentalny\\\/katedra-organow\\\/pracownicy-katedry\\\/dr-hab-arkadiusz-bialic\\\/#primaryimage\"},\"thumbnailUrl\":\"https:\\\/\\\/www.amuz.krakow.pl\\\/wp-content\\\/uploads\\\/2019\\\/09\\\/Arkadiusz-Bialic.png.png\",\"datePublished\":\"2016-06-10T09:50:23+00:00\",\"dateModified\":\"2021-10-20T20:58:10+00:00\",\"breadcrumb\":{\"@id\":\"https:\\\/\\\/www.amuz.krakow.pl\\\/wydzialy\\\/wydzial-ii-instrumentalny\\\/katedra-organow\\\/pracownicy-katedry\\\/dr-hab-arkadiusz-bialic\\\/#breadcrumb\"},\"inLanguage\":\"en-US\",\"potentialAction\":[{\"@type\":\"ReadAction\",\"target\":[\"https:\\\/\\\/www.amuz.krakow.pl\\\/wydzialy\\\/wydzial-ii-instrumentalny\\\/katedra-organow\\\/pracownicy-katedry\\\/dr-hab-arkadiusz-bialic\\\/\"]}]},{\"@type\":\"ImageObject\",\"inLanguage\":\"en-US\",\"@id\":\"https:\\\/\\\/www.amuz.krakow.pl\\\/wydzialy\\\/wydzial-ii-instrumentalny\\\/katedra-organow\\\/pracownicy-katedry\\\/dr-hab-arkadiusz-bialic\\\/#primaryimage\",\"url\":\"https:\\\/\\\/www.amuz.krakow.pl\\\/wp-content\\\/uploads\\\/2019\\\/09\\\/Arkadiusz-Bialic.png.png\",\"contentUrl\":\"https:\\\/\\\/www.amuz.krakow.pl\\\/wp-content\\\/uploads\\\/2019\\\/09\\\/Arkadiusz-Bialic.png.png\"},{\"@type\":\"BreadcrumbList\",\"@id\":\"https:\\\/\\\/www.amuz.krakow.pl\\\/wydzialy\\\/wydzial-ii-instrumentalny\\\/katedra-organow\\\/pracownicy-katedry\\\/dr-hab-arkadiusz-bialic\\\/#breadcrumb\",\"itemListElement\":[{\"@type\":\"ListItem\",\"position\":1,\"name\":\"Strona g\u0142\u00f3wna\",\"item\":\"https:\\\/\\\/www.amuz.krakow.pl\\\/\"},{\"@type\":\"ListItem\",\"position\":2,\"name\":\"WYDZIA\u0141Y\",\"item\":\"https:\\\/\\\/www.amuz.krakow.pl\\\/wydzialy\\\/\"},{\"@type\":\"ListItem\",\"position\":3,\"name\":\"Wydzia\u0142 Instrumentalny\",\"item\":\"https:\\\/\\\/www.amuz.krakow.pl\\\/wydzialy\\\/wydzial-ii-instrumentalny\\\/\"},{\"@type\":\"ListItem\",\"position\":4,\"name\":\"Katedra Organ\u00f3w\",\"item\":\"https:\\\/\\\/www.amuz.krakow.pl\\\/wydzialy\\\/wydzial-ii-instrumentalny\\\/katedra-organow\\\/\"},{\"@type\":\"ListItem\",\"position\":5,\"name\":\"Pracownicy Katedry\",\"item\":\"https:\\\/\\\/www.amuz.krakow.pl\\\/wydzialy\\\/wydzial-ii-instrumentalny\\\/katedra-organow\\\/pracownicy-katedry\\\/\"},{\"@type\":\"ListItem\",\"position\":6,\"name\":\"dr hab. Arkadiusz Bialic, prof. AMKP\"}]},{\"@type\":\"WebSite\",\"@id\":\"https:\\\/\\\/www.amuz.krakow.pl\\\/#website\",\"url\":\"https:\\\/\\\/www.amuz.krakow.pl\\\/\",\"name\":\"Akademia Muzyczna im. Krzysztofa Pendereckiego w Krakowie\",\"description\":\"Oficjalna strona Akademii Muzycznej im. Krzysztofa Pendereckiego w Krakowie (AMKP).\",\"publisher\":{\"@id\":\"https:\\\/\\\/www.amuz.krakow.pl\\\/#organization\"},\"alternateName\":\"AMKP\",\"potentialAction\":[{\"@type\":\"SearchAction\",\"target\":{\"@type\":\"EntryPoint\",\"urlTemplate\":\"https:\\\/\\\/www.amuz.krakow.pl\\\/?s={search_term_string}\"},\"query-input\":{\"@type\":\"PropertyValueSpecification\",\"valueRequired\":true,\"valueName\":\"search_term_string\"}}],\"inLanguage\":\"en-US\"},{\"@type\":\"Organization\",\"@id\":\"https:\\\/\\\/www.amuz.krakow.pl\\\/#organization\",\"name\":\"Akademia Muzyczna im. Krzysztofa Pendereckiego w Krakowie\",\"alternateName\":\"AMKP\",\"url\":\"https:\\\/\\\/www.amuz.krakow.pl\\\/\",\"logo\":{\"@type\":\"ImageObject\",\"inLanguage\":\"en-US\",\"@id\":\"https:\\\/\\\/www.amuz.krakow.pl\\\/#\\\/schema\\\/logo\\\/image\\\/\",\"url\":\"https:\\\/\\\/www.amuz.krakow.pl\\\/wp-content\\\/uploads\\\/2021\\\/11\\\/amkp.jpg\",\"contentUrl\":\"https:\\\/\\\/www.amuz.krakow.pl\\\/wp-content\\\/uploads\\\/2021\\\/11\\\/amkp.jpg\",\"width\":1193,\"height\":591,\"caption\":\"Akademia Muzyczna im. Krzysztofa Pendereckiego w Krakowie\"},\"image\":{\"@id\":\"https:\\\/\\\/www.amuz.krakow.pl\\\/#\\\/schema\\\/logo\\\/image\\\/\"},\"sameAs\":[\"https:\\\/\\\/www.facebook.com\\\/amuz.krakow\",\"https:\\\/\\\/www.instagram.com\\\/amkpenderecki\\\/\",\"https:\\\/\\\/www.youtube.com\\\/@amkpenderecki4806\"]}]}<\/script>\n<!-- \/ Yoast SEO plugin. -->","yoast_head_json":{"title":"AMKP - Akademia Muzyczna im. Krzysztofa Pendereckiego w Krakowie","robots":{"index":"index","follow":"follow","max-snippet":"max-snippet:-1","max-image-preview":"max-image-preview:large","max-video-preview":"max-video-preview:-1"},"canonical":"https:\/\/www.amuz.krakow.pl\/wydzialy\/wydzial-ii-instrumentalny\/katedra-organow\/pracownicy-katedry\/dr-hab-arkadiusz-bialic\/","og_locale":"en_US","og_type":"article","og_title":"AMKP - Akademia Muzyczna im. Krzysztofa Pendereckiego w Krakowie","og_description":"Arkadiusz Bialic \u2013 Cracovian, organist, teacher, organizer of musical events and the first Pole ever to win a prize at the Grand Prix de Chartres competition &#8211; one of the&hellip; Continue reading","og_url":"https:\/\/www.amuz.krakow.pl\/wydzialy\/wydzial-ii-instrumentalny\/katedra-organow\/pracownicy-katedry\/dr-hab-arkadiusz-bialic\/","og_site_name":"Akademia Muzyczna im. Krzysztofa Pendereckiego w Krakowie","article_publisher":"https:\/\/www.facebook.com\/amuz.krakow","article_modified_time":"2021-10-20T20:58:10+00:00","og_image":[{"url":"https:\/\/www.amuz.krakow.pl\/wp-content\/uploads\/2019\/09\/Arkadiusz-Bialic.png.png","type":"","width":"","height":""}],"twitter_card":"summary_large_image","twitter_misc":{"Est. reading time":"4 minutes"},"schema":{"@context":"https:\/\/schema.org","@graph":[{"@type":"WebPage","@id":"https:\/\/www.amuz.krakow.pl\/wydzialy\/wydzial-ii-instrumentalny\/katedra-organow\/pracownicy-katedry\/dr-hab-arkadiusz-bialic\/","url":"https:\/\/www.amuz.krakow.pl\/wydzialy\/wydzial-ii-instrumentalny\/katedra-organow\/pracownicy-katedry\/dr-hab-arkadiusz-bialic\/","name":"AMKP - Akademia Muzyczna im. Krzysztofa Pendereckiego w Krakowie","isPartOf":{"@id":"https:\/\/www.amuz.krakow.pl\/#website"},"primaryImageOfPage":{"@id":"https:\/\/www.amuz.krakow.pl\/wydzialy\/wydzial-ii-instrumentalny\/katedra-organow\/pracownicy-katedry\/dr-hab-arkadiusz-bialic\/#primaryimage"},"image":{"@id":"https:\/\/www.amuz.krakow.pl\/wydzialy\/wydzial-ii-instrumentalny\/katedra-organow\/pracownicy-katedry\/dr-hab-arkadiusz-bialic\/#primaryimage"},"thumbnailUrl":"https:\/\/www.amuz.krakow.pl\/wp-content\/uploads\/2019\/09\/Arkadiusz-Bialic.png.png","datePublished":"2016-06-10T09:50:23+00:00","dateModified":"2021-10-20T20:58:10+00:00","breadcrumb":{"@id":"https:\/\/www.amuz.krakow.pl\/wydzialy\/wydzial-ii-instrumentalny\/katedra-organow\/pracownicy-katedry\/dr-hab-arkadiusz-bialic\/#breadcrumb"},"inLanguage":"en-US","potentialAction":[{"@type":"ReadAction","target":["https:\/\/www.amuz.krakow.pl\/wydzialy\/wydzial-ii-instrumentalny\/katedra-organow\/pracownicy-katedry\/dr-hab-arkadiusz-bialic\/"]}]},{"@type":"ImageObject","inLanguage":"en-US","@id":"https:\/\/www.amuz.krakow.pl\/wydzialy\/wydzial-ii-instrumentalny\/katedra-organow\/pracownicy-katedry\/dr-hab-arkadiusz-bialic\/#primaryimage","url":"https:\/\/www.amuz.krakow.pl\/wp-content\/uploads\/2019\/09\/Arkadiusz-Bialic.png.png","contentUrl":"https:\/\/www.amuz.krakow.pl\/wp-content\/uploads\/2019\/09\/Arkadiusz-Bialic.png.png"},{"@type":"BreadcrumbList","@id":"https:\/\/www.amuz.krakow.pl\/wydzialy\/wydzial-ii-instrumentalny\/katedra-organow\/pracownicy-katedry\/dr-hab-arkadiusz-bialic\/#breadcrumb","itemListElement":[{"@type":"ListItem","position":1,"name":"Strona g\u0142\u00f3wna","item":"https:\/\/www.amuz.krakow.pl\/"},{"@type":"ListItem","position":2,"name":"WYDZIA\u0141Y","item":"https:\/\/www.amuz.krakow.pl\/wydzialy\/"},{"@type":"ListItem","position":3,"name":"Wydzia\u0142 Instrumentalny","item":"https:\/\/www.amuz.krakow.pl\/wydzialy\/wydzial-ii-instrumentalny\/"},{"@type":"ListItem","position":4,"name":"Katedra Organ\u00f3w","item":"https:\/\/www.amuz.krakow.pl\/wydzialy\/wydzial-ii-instrumentalny\/katedra-organow\/"},{"@type":"ListItem","position":5,"name":"Pracownicy Katedry","item":"https:\/\/www.amuz.krakow.pl\/wydzialy\/wydzial-ii-instrumentalny\/katedra-organow\/pracownicy-katedry\/"},{"@type":"ListItem","position":6,"name":"dr hab. Arkadiusz Bialic, prof. AMKP"}]},{"@type":"WebSite","@id":"https:\/\/www.amuz.krakow.pl\/#website","url":"https:\/\/www.amuz.krakow.pl\/","name":"Akademia Muzyczna im. Krzysztofa Pendereckiego w Krakowie","description":"Oficjalna strona Akademii Muzycznej im. Krzysztofa Pendereckiego w Krakowie (AMKP).","publisher":{"@id":"https:\/\/www.amuz.krakow.pl\/#organization"},"alternateName":"AMKP","potentialAction":[{"@type":"SearchAction","target":{"@type":"EntryPoint","urlTemplate":"https:\/\/www.amuz.krakow.pl\/?s={search_term_string}"},"query-input":{"@type":"PropertyValueSpecification","valueRequired":true,"valueName":"search_term_string"}}],"inLanguage":"en-US"},{"@type":"Organization","@id":"https:\/\/www.amuz.krakow.pl\/#organization","name":"Akademia Muzyczna im. Krzysztofa Pendereckiego w Krakowie","alternateName":"AMKP","url":"https:\/\/www.amuz.krakow.pl\/","logo":{"@type":"ImageObject","inLanguage":"en-US","@id":"https:\/\/www.amuz.krakow.pl\/#\/schema\/logo\/image\/","url":"https:\/\/www.amuz.krakow.pl\/wp-content\/uploads\/2021\/11\/amkp.jpg","contentUrl":"https:\/\/www.amuz.krakow.pl\/wp-content\/uploads\/2021\/11\/amkp.jpg","width":1193,"height":591,"caption":"Akademia Muzyczna im. Krzysztofa Pendereckiego w Krakowie"},"image":{"@id":"https:\/\/www.amuz.krakow.pl\/#\/schema\/logo\/image\/"},"sameAs":["https:\/\/www.facebook.com\/amuz.krakow","https:\/\/www.instagram.com\/amkpenderecki\/","https:\/\/www.youtube.com\/@amkpenderecki4806"]}]}},"_links":{"self":[{"href":"https:\/\/www.amuz.krakow.pl\/en\/wp-json\/wp\/v2\/pages\/8561","targetHints":{"allow":["GET"]}}],"collection":[{"href":"https:\/\/www.amuz.krakow.pl\/en\/wp-json\/wp\/v2\/pages"}],"about":[{"href":"https:\/\/www.amuz.krakow.pl\/en\/wp-json\/wp\/v2\/types\/page"}],"author":[{"embeddable":true,"href":"https:\/\/www.amuz.krakow.pl\/en\/wp-json\/wp\/v2\/users\/72"}],"replies":[{"embeddable":true,"href":"https:\/\/www.amuz.krakow.pl\/en\/wp-json\/wp\/v2\/comments?post=8561"}],"version-history":[{"count":8,"href":"https:\/\/www.amuz.krakow.pl\/en\/wp-json\/wp\/v2\/pages\/8561\/revisions"}],"predecessor-version":[{"id":54235,"href":"https:\/\/www.amuz.krakow.pl\/en\/wp-json\/wp\/v2\/pages\/8561\/revisions\/54235"}],"up":[{"embeddable":true,"href":"https:\/\/www.amuz.krakow.pl\/en\/wp-json\/wp\/v2\/pages\/1746"}],"wp:attachment":[{"href":"https:\/\/www.amuz.krakow.pl\/en\/wp-json\/wp\/v2\/media?parent=8561"}],"curies":[{"name":"wp","href":"https:\/\/api.w.org\/{rel}","templated":true}]}}