{"id":84038,"date":"2024-03-13T13:44:03","date_gmt":"2024-03-13T12:44:03","guid":{"rendered":"https:\/\/www.amuz.krakow.pl\/?page_id=84038"},"modified":"2026-03-17T13:15:04","modified_gmt":"2026-03-17T12:15:04","slug":"maciej-tworek-dyrygentura","status":"publish","type":"page","link":"https:\/\/www.amuz.krakow.pl\/en\/letnia-akademia-muzyczna\/wykaz-kursow\/kompozycja-dyrygentura\/maciej-tworek-dyrygentura\/","title":{"rendered":"Maciej Tworek &#8211; dyrygentura"},"content":{"rendered":"<figure id=\"attachment_48017\" class=\"wp-caption alignleft\" aria-describedby=\"caption-attachment-48017\">\n<p><figure id=\"attachment_48017\" aria-describedby=\"caption-attachment-48017\" style=\"width: 300px\" class=\"wp-caption alignleft\"><a role=\"link\" href=\"https:\/\/www.amuz.krakow.pl\/wp-content\/uploads\/2021\/03\/MACIEJ_TWOREK_74-zmn-fot.-Bartek-Barczyk-scaled.jpg\" target=\"_blank\" rel=\"attachment noopener wp-att-48017\"><img loading=\"lazy\" decoding=\"async\" class=\"wp-image-48017 size-medium\" src=\"https:\/\/www.amuz.krakow.pl\/wp-content\/uploads\/2021\/03\/MACIEJ_TWOREK_74-zmn-fot.-Bartek-Barczyk-300x200.jpg\" sizes=\"auto, (max-width: 300px) 100vw, 300px\" srcset=\"https:\/\/www.amuz.krakow.pl\/wp-content\/uploads\/2021\/03\/MACIEJ_TWOREK_74-zmn-fot.-Bartek-Barczyk-300x200.jpg 300w, https:\/\/www.amuz.krakow.pl\/wp-content\/uploads\/2021\/03\/MACIEJ_TWOREK_74-zmn-fot.-Bartek-Barczyk-scaled.jpg 2048w, https:\/\/www.amuz.krakow.pl\/wp-content\/uploads\/2021\/03\/MACIEJ_TWOREK_74-zmn-fot.-Bartek-Barczyk-768x512.jpg 768w, https:\/\/www.amuz.krakow.pl\/wp-content\/uploads\/2021\/03\/MACIEJ_TWOREK_74-zmn-fot.-Bartek-Barczyk-1536x1024.jpg 1536w\" alt=\"\" width=\"300\" height=\"200\" \/><\/a><figcaption id=\"caption-attachment-48017\" class=\"wp-caption-text\">fot.\u00a0Bartek Barczyk<\/figcaption><\/figure><figcaption id=\"caption-attachment-48017\" class=\"wp-caption-text\"><\/figcaption><\/figure>\n<p>W\u00a0krakowskiej Akademii Muzycznej studiowa\u0142 fortepian w\u00a0klasie prof.\u00a0Jana Hoffmana, ch\u00f3ralistyk\u0119, oraz\u00a0dyrygentur\u0119 w\u00a0klasie prof.\u00a0J\u00f3zefa Radwana. Bra\u0142 udzia\u0142 w\u00a0dyrygenckich kursach mistrzowskich prowadzonych przez\u00a0Helmutha Rillinga, Rogera Norringtona i\u00a0Kurta Masura. Jako asystent wsp\u00f3\u0142pracowa\u0142 z\u00a0Valerym Giergievem i\u00a0Lorinem Maazelem.<br \/>\nW latach 2005 do\u00a02012 by\u0142 dyrygentem Capelli Cracoviensis. Jest wyk\u0142adowc\u0105 Akademii Muzycznej w\u00a0Krakowie.<br \/>\nW 2002 roku rozpocz\u0105\u0142 dyrygenck\u0105 wsp\u00f3\u0142prac\u0119 z\u00a0Krzysztofem Pendereckim. Jej owocem by\u0142 m. in. udzia\u0142 w\u00a0nagraniu z\u00a0orkiestr\u0105\u00a0<em>Sinfonia Iuventus<\/em> kompletu jego symfonii i\u00a0koncert\u00f3w instrumentalnych.<\/p>\n<p>W roku 2018, w\u00a0ramach obchod\u00f3w jubileuszu 85-lecia urodzin kompozytora dyrygowa\u0142 II\u00a0koncertem skrzypcowym\u00a0<em>Metamorfozy<\/em>\u00a0z\u00a0<em>Rundfunk-Sinfonieorchester Berlin w\u00a0Filharmonii Berli\u0144skiej\u00a0<\/em>z\u00a0Anne Sophie Mutter jako solistk\u0105, z\u00a0kt\u00f3r\u0105 nast\u0119pnie odby\u0142 tournee po\u00a0Chinach \u00a0z towarzyszeniem orkiestry\u00a0<em>Sinfonia Varsovia.<br \/>\n<\/em>Koncertowa\u0142 w\u00a0Europie, Azji i\u00a0obu Amerykach, dyryguj\u0105c takimi zespo\u0142ami jak, m.in.:\u00a0<em>The Hilliard Ensemble, Narodow\u0105 Orkiestr\u0105 Symfoniczn\u0105 Polskiego Radia, Oxford Philharmonic Orchestra,, Tonhalle Orchester Z\u00fcrich, Deutsche Radio Philharmonie, Dresdner Philharmonie, NDR Radiofilharmonie, MDR Sinfonie Orchester, Orquesta Sinf\u00f3nica de\u00a0Galicia, Orkiestr\u0105 Symfoniczn\u0105 Czeskiego Radia, Pa\u0144stwow\u0105 Orkiestr\u0105 Symfoniczn\u0105 Nowa Rosja<\/em>\u00a0(koncert towarzysz\u0105cy Zimowej Olimpiadzie w\u00a0Soczi w\u00a02014r.),\u00a0<em>Orquesta Sinfonica Simon Bol\u00edvar de\u00a0Venezuela, Coro Sinfonico Nacional Juvenil de\u00a0Venezuela,<\/em><em>\u00a0Orquesta Filarm\u1f79nica de\u00a0Bogot\u00e1,\u00a0<\/em><em>KBS Symphony Orchestra (Korea Po\u0142udniowa),\u00a0<\/em><em>Tokyo Metropolitan Symphony Orchestra, The Jerusalem Symphony Orchestra, Orkiestr\u0105 Akademii Beethovenowskiej,\u00a0<\/em>wiekszo\u015bci\u0105 zespo\u0142\u00f3w filharmonicznych w\u00a0Polsce oraz\u00a0zespo\u0142ami Filharmonii w\u00a0Ostravie, Brnie, Astanie.<\/p>\n","protected":false},"excerpt":{"rendered":"<p>W\u00a0krakowskiej Akademii Muzycznej studiowa\u0142 fortepian w\u00a0klasie prof.\u00a0Jana Hoffmana, ch\u00f3ralistyk\u0119, oraz\u00a0dyrygentur\u0119 w\u00a0klasie prof.\u00a0J\u00f3zefa Radwana. Bra\u0142 udzia\u0142 w\u00a0dyrygenckich kursach mistrzowskich prowadzonych przez\u00a0Helmutha Rillinga, Rogera Norringtona i\u00a0Kurta Masura. Jako asystent wsp\u00f3\u0142pracowa\u0142 z\u00a0Valerym Giergievem&hellip; <a href=\"https:\/\/www.amuz.krakow.pl\/en\/letnia-akademia-muzyczna\/wykaz-kursow\/kompozycja-dyrygentura\/maciej-tworek-dyrygentura\/\">Continue reading<\/a><\/p>\n","protected":false},"author":72,"featured_media":48019,"parent":47048,"menu_order":24,"comment_status":"closed","ping_status":"closed","template":"","meta":{"footnotes":"","_links_to":"","_links_to_target":""},"class_list":["post-84038","page","type-page","status-publish","has-post-thumbnail","hentry"],"yoast_head":"<!-- This site is optimized with the Yoast SEO plugin v27.2 - https:\/\/yoast.com\/product\/yoast-seo-wordpress\/ -->\n<title>AMKP - Akademia Muzyczna im. Krzysztofa Pendereckiego w Krakowie<\/title>\n<meta name=\"robots\" content=\"index, follow, max-snippet:-1, max-image-preview:large, max-video-preview:-1\" \/>\n<link rel=\"canonical\" href=\"https:\/\/www.amuz.krakow.pl\/letnia-akademia-muzyczna\/wykaz-kursow\/kompozycja-dyrygentura\/maciej-tworek-dyrygentura\/\" \/>\n<meta property=\"og:locale\" content=\"en_US\" \/>\n<meta property=\"og:type\" content=\"article\" \/>\n<meta property=\"og:title\" content=\"AMKP - Akademia Muzyczna im. Krzysztofa Pendereckiego w Krakowie\" \/>\n<meta property=\"og:description\" content=\"W\u00a0krakowskiej Akademii Muzycznej studiowa\u0142 fortepian w\u00a0klasie prof.\u00a0Jana Hoffmana, ch\u00f3ralistyk\u0119, oraz\u00a0dyrygentur\u0119 w\u00a0klasie prof.\u00a0J\u00f3zefa Radwana. Bra\u0142 udzia\u0142 w\u00a0dyrygenckich kursach mistrzowskich prowadzonych przez\u00a0Helmutha Rillinga, Rogera Norringtona i\u00a0Kurta Masura. Jako asystent wsp\u00f3\u0142pracowa\u0142 z\u00a0Valerym Giergievem&hellip; Continue reading\" \/>\n<meta property=\"og:url\" content=\"https:\/\/www.amuz.krakow.pl\/letnia-akademia-muzyczna\/wykaz-kursow\/kompozycja-dyrygentura\/maciej-tworek-dyrygentura\/\" \/>\n<meta property=\"og:site_name\" content=\"Akademia Muzyczna im. Krzysztofa Pendereckiego w Krakowie\" \/>\n<meta property=\"article:publisher\" content=\"https:\/\/www.facebook.com\/amuz.krakow\" \/>\n<meta property=\"article:modified_time\" content=\"2026-03-17T12:15:04+00:00\" \/>\n<meta property=\"og:image\" content=\"https:\/\/www.amuz.krakow.pl\/wp-content\/uploads\/2021\/03\/MACIEJ_TWOREK_68-zmn-fot.-Bartek-Barczyk-scaled.jpg\" \/>\n\t<meta property=\"og:image:width\" content=\"2048\" \/>\n\t<meta property=\"og:image:height\" content=\"1365\" \/>\n\t<meta property=\"og:image:type\" content=\"image\/jpeg\" \/>\n<meta name=\"twitter:card\" content=\"summary_large_image\" \/>\n<meta name=\"twitter:label1\" content=\"Est. reading time\" \/>\n\t<meta name=\"twitter:data1\" content=\"2 minutes\" \/>\n<script type=\"application\/ld+json\" class=\"yoast-schema-graph\">{\"@context\":\"https:\/\/schema.org\",\"@graph\":[{\"@type\":\"WebPage\",\"@id\":\"https:\/\/www.amuz.krakow.pl\/letnia-akademia-muzyczna\/wykaz-kursow\/kompozycja-dyrygentura\/maciej-tworek-dyrygentura\/\",\"url\":\"https:\/\/www.amuz.krakow.pl\/letnia-akademia-muzyczna\/wykaz-kursow\/kompozycja-dyrygentura\/maciej-tworek-dyrygentura\/\",\"name\":\"AMKP - Akademia Muzyczna im. Krzysztofa Pendereckiego w Krakowie\",\"isPartOf\":{\"@id\":\"https:\/\/www.amuz.krakow.pl\/#website\"},\"primaryImageOfPage\":{\"@id\":\"https:\/\/www.amuz.krakow.pl\/letnia-akademia-muzyczna\/wykaz-kursow\/kompozycja-dyrygentura\/maciej-tworek-dyrygentura\/#primaryimage\"},\"image\":{\"@id\":\"https:\/\/www.amuz.krakow.pl\/letnia-akademia-muzyczna\/wykaz-kursow\/kompozycja-dyrygentura\/maciej-tworek-dyrygentura\/#primaryimage\"},\"thumbnailUrl\":\"https:\/\/www.amuz.krakow.pl\/wp-content\/uploads\/2021\/03\/MACIEJ_TWOREK_68-zmn-fot.-Bartek-Barczyk-scaled.jpg\",\"datePublished\":\"2024-03-13T12:44:03+00:00\",\"dateModified\":\"2026-03-17T12:15:04+00:00\",\"breadcrumb\":{\"@id\":\"https:\/\/www.amuz.krakow.pl\/letnia-akademia-muzyczna\/wykaz-kursow\/kompozycja-dyrygentura\/maciej-tworek-dyrygentura\/#breadcrumb\"},\"inLanguage\":\"en-US\",\"potentialAction\":[{\"@type\":\"ReadAction\",\"target\":[\"https:\/\/www.amuz.krakow.pl\/letnia-akademia-muzyczna\/wykaz-kursow\/kompozycja-dyrygentura\/maciej-tworek-dyrygentura\/\"]}]},{\"@type\":\"ImageObject\",\"inLanguage\":\"en-US\",\"@id\":\"https:\/\/www.amuz.krakow.pl\/letnia-akademia-muzyczna\/wykaz-kursow\/kompozycja-dyrygentura\/maciej-tworek-dyrygentura\/#primaryimage\",\"url\":\"https:\/\/www.amuz.krakow.pl\/wp-content\/uploads\/2021\/03\/MACIEJ_TWOREK_68-zmn-fot.-Bartek-Barczyk-scaled.jpg\",\"contentUrl\":\"https:\/\/www.amuz.krakow.pl\/wp-content\/uploads\/2021\/03\/MACIEJ_TWOREK_68-zmn-fot.-Bartek-Barczyk-scaled.jpg\",\"width\":2048,\"height\":1365,\"caption\":\"photo by Bartek Barczyk\"},{\"@type\":\"BreadcrumbList\",\"@id\":\"https:\/\/www.amuz.krakow.pl\/letnia-akademia-muzyczna\/wykaz-kursow\/kompozycja-dyrygentura\/maciej-tworek-dyrygentura\/#breadcrumb\",\"itemListElement\":[{\"@type\":\"ListItem\",\"position\":1,\"name\":\"Strona g\u0142\u00f3wna\",\"item\":\"https:\/\/www.amuz.krakow.pl\/\"},{\"@type\":\"ListItem\",\"position\":2,\"name\":\"Letnia Akademia Muzyczna\",\"item\":\"https:\/\/www.amuz.krakow.pl\/letnia-akademia-muzyczna\/\"},{\"@type\":\"ListItem\",\"position\":3,\"name\":\"Wykaz kurs\u00f3w\",\"item\":\"https:\/\/www.amuz.krakow.pl\/letnia-akademia-muzyczna\/wykaz-kursow\/\"},{\"@type\":\"ListItem\",\"position\":4,\"name\":\"Kompozycja\/ Dyrygentura\",\"item\":\"https:\/\/www.amuz.krakow.pl\/letnia-akademia-muzyczna\/wykaz-kursow\/kompozycja-dyrygentura\/\"},{\"@type\":\"ListItem\",\"position\":5,\"name\":\"Maciej Tworek &#8211; dyrygentura\"}]},{\"@type\":\"WebSite\",\"@id\":\"https:\/\/www.amuz.krakow.pl\/#website\",\"url\":\"https:\/\/www.amuz.krakow.pl\/\",\"name\":\"Akademia Muzyczna im. Krzysztofa Pendereckiego w Krakowie\",\"description\":\"Oficjalna strona Akademii Muzycznej im. Krzysztofa Pendereckiego w Krakowie (AMKP).\",\"publisher\":{\"@id\":\"https:\/\/www.amuz.krakow.pl\/#organization\"},\"alternateName\":\"AMKP\",\"potentialAction\":[{\"@type\":\"SearchAction\",\"target\":{\"@type\":\"EntryPoint\",\"urlTemplate\":\"https:\/\/www.amuz.krakow.pl\/?s={search_term_string}\"},\"query-input\":{\"@type\":\"PropertyValueSpecification\",\"valueRequired\":true,\"valueName\":\"search_term_string\"}}],\"inLanguage\":\"en-US\"},{\"@type\":\"Organization\",\"@id\":\"https:\/\/www.amuz.krakow.pl\/#organization\",\"name\":\"Akademia Muzyczna im. Krzysztofa Pendereckiego w Krakowie\",\"alternateName\":\"AMKP\",\"url\":\"https:\/\/www.amuz.krakow.pl\/\",\"logo\":{\"@type\":\"ImageObject\",\"inLanguage\":\"en-US\",\"@id\":\"https:\/\/www.amuz.krakow.pl\/#\/schema\/logo\/image\/\",\"url\":\"https:\/\/www.amuz.krakow.pl\/wp-content\/uploads\/2021\/11\/amkp.jpg\",\"contentUrl\":\"https:\/\/www.amuz.krakow.pl\/wp-content\/uploads\/2021\/11\/amkp.jpg\",\"width\":1193,\"height\":591,\"caption\":\"Akademia Muzyczna im. Krzysztofa Pendereckiego w Krakowie\"},\"image\":{\"@id\":\"https:\/\/www.amuz.krakow.pl\/#\/schema\/logo\/image\/\"},\"sameAs\":[\"https:\/\/www.facebook.com\/amuz.krakow\",\"https:\/\/www.instagram.com\/amkpenderecki\/\",\"https:\/\/www.youtube.com\/@amkpenderecki4806\"]}]}<\/script>\n<!-- \/ Yoast SEO plugin. -->","yoast_head_json":{"title":"AMKP - Akademia Muzyczna im. Krzysztofa Pendereckiego w Krakowie","robots":{"index":"index","follow":"follow","max-snippet":"max-snippet:-1","max-image-preview":"max-image-preview:large","max-video-preview":"max-video-preview:-1"},"canonical":"https:\/\/www.amuz.krakow.pl\/letnia-akademia-muzyczna\/wykaz-kursow\/kompozycja-dyrygentura\/maciej-tworek-dyrygentura\/","og_locale":"en_US","og_type":"article","og_title":"AMKP - Akademia Muzyczna im. Krzysztofa Pendereckiego w Krakowie","og_description":"W\u00a0krakowskiej Akademii Muzycznej studiowa\u0142 fortepian w\u00a0klasie prof.\u00a0Jana Hoffmana, ch\u00f3ralistyk\u0119, oraz\u00a0dyrygentur\u0119 w\u00a0klasie prof.\u00a0J\u00f3zefa Radwana. Bra\u0142 udzia\u0142 w\u00a0dyrygenckich kursach mistrzowskich prowadzonych przez\u00a0Helmutha Rillinga, Rogera Norringtona i\u00a0Kurta Masura. Jako asystent wsp\u00f3\u0142pracowa\u0142 z\u00a0Valerym Giergievem&hellip; Continue reading","og_url":"https:\/\/www.amuz.krakow.pl\/letnia-akademia-muzyczna\/wykaz-kursow\/kompozycja-dyrygentura\/maciej-tworek-dyrygentura\/","og_site_name":"Akademia Muzyczna im. Krzysztofa Pendereckiego w Krakowie","article_publisher":"https:\/\/www.facebook.com\/amuz.krakow","article_modified_time":"2026-03-17T12:15:04+00:00","og_image":[{"width":2048,"height":1365,"url":"https:\/\/www.amuz.krakow.pl\/wp-content\/uploads\/2021\/03\/MACIEJ_TWOREK_68-zmn-fot.-Bartek-Barczyk-scaled.jpg","type":"image\/jpeg"}],"twitter_card":"summary_large_image","twitter_misc":{"Est. reading time":"2 minutes"},"schema":{"@context":"https:\/\/schema.org","@graph":[{"@type":"WebPage","@id":"https:\/\/www.amuz.krakow.pl\/letnia-akademia-muzyczna\/wykaz-kursow\/kompozycja-dyrygentura\/maciej-tworek-dyrygentura\/","url":"https:\/\/www.amuz.krakow.pl\/letnia-akademia-muzyczna\/wykaz-kursow\/kompozycja-dyrygentura\/maciej-tworek-dyrygentura\/","name":"AMKP - Akademia Muzyczna im. Krzysztofa Pendereckiego w Krakowie","isPartOf":{"@id":"https:\/\/www.amuz.krakow.pl\/#website"},"primaryImageOfPage":{"@id":"https:\/\/www.amuz.krakow.pl\/letnia-akademia-muzyczna\/wykaz-kursow\/kompozycja-dyrygentura\/maciej-tworek-dyrygentura\/#primaryimage"},"image":{"@id":"https:\/\/www.amuz.krakow.pl\/letnia-akademia-muzyczna\/wykaz-kursow\/kompozycja-dyrygentura\/maciej-tworek-dyrygentura\/#primaryimage"},"thumbnailUrl":"https:\/\/www.amuz.krakow.pl\/wp-content\/uploads\/2021\/03\/MACIEJ_TWOREK_68-zmn-fot.-Bartek-Barczyk-scaled.jpg","datePublished":"2024-03-13T12:44:03+00:00","dateModified":"2026-03-17T12:15:04+00:00","breadcrumb":{"@id":"https:\/\/www.amuz.krakow.pl\/letnia-akademia-muzyczna\/wykaz-kursow\/kompozycja-dyrygentura\/maciej-tworek-dyrygentura\/#breadcrumb"},"inLanguage":"en-US","potentialAction":[{"@type":"ReadAction","target":["https:\/\/www.amuz.krakow.pl\/letnia-akademia-muzyczna\/wykaz-kursow\/kompozycja-dyrygentura\/maciej-tworek-dyrygentura\/"]}]},{"@type":"ImageObject","inLanguage":"en-US","@id":"https:\/\/www.amuz.krakow.pl\/letnia-akademia-muzyczna\/wykaz-kursow\/kompozycja-dyrygentura\/maciej-tworek-dyrygentura\/#primaryimage","url":"https:\/\/www.amuz.krakow.pl\/wp-content\/uploads\/2021\/03\/MACIEJ_TWOREK_68-zmn-fot.-Bartek-Barczyk-scaled.jpg","contentUrl":"https:\/\/www.amuz.krakow.pl\/wp-content\/uploads\/2021\/03\/MACIEJ_TWOREK_68-zmn-fot.-Bartek-Barczyk-scaled.jpg","width":2048,"height":1365,"caption":"photo by Bartek Barczyk"},{"@type":"BreadcrumbList","@id":"https:\/\/www.amuz.krakow.pl\/letnia-akademia-muzyczna\/wykaz-kursow\/kompozycja-dyrygentura\/maciej-tworek-dyrygentura\/#breadcrumb","itemListElement":[{"@type":"ListItem","position":1,"name":"Strona g\u0142\u00f3wna","item":"https:\/\/www.amuz.krakow.pl\/"},{"@type":"ListItem","position":2,"name":"Letnia Akademia Muzyczna","item":"https:\/\/www.amuz.krakow.pl\/letnia-akademia-muzyczna\/"},{"@type":"ListItem","position":3,"name":"Wykaz kurs\u00f3w","item":"https:\/\/www.amuz.krakow.pl\/letnia-akademia-muzyczna\/wykaz-kursow\/"},{"@type":"ListItem","position":4,"name":"Kompozycja\/ Dyrygentura","item":"https:\/\/www.amuz.krakow.pl\/letnia-akademia-muzyczna\/wykaz-kursow\/kompozycja-dyrygentura\/"},{"@type":"ListItem","position":5,"name":"Maciej Tworek &#8211; dyrygentura"}]},{"@type":"WebSite","@id":"https:\/\/www.amuz.krakow.pl\/#website","url":"https:\/\/www.amuz.krakow.pl\/","name":"Akademia Muzyczna im. Krzysztofa Pendereckiego w Krakowie","description":"Oficjalna strona Akademii Muzycznej im. Krzysztofa Pendereckiego w Krakowie (AMKP).","publisher":{"@id":"https:\/\/www.amuz.krakow.pl\/#organization"},"alternateName":"AMKP","potentialAction":[{"@type":"SearchAction","target":{"@type":"EntryPoint","urlTemplate":"https:\/\/www.amuz.krakow.pl\/?s={search_term_string}"},"query-input":{"@type":"PropertyValueSpecification","valueRequired":true,"valueName":"search_term_string"}}],"inLanguage":"en-US"},{"@type":"Organization","@id":"https:\/\/www.amuz.krakow.pl\/#organization","name":"Akademia Muzyczna im. Krzysztofa Pendereckiego w Krakowie","alternateName":"AMKP","url":"https:\/\/www.amuz.krakow.pl\/","logo":{"@type":"ImageObject","inLanguage":"en-US","@id":"https:\/\/www.amuz.krakow.pl\/#\/schema\/logo\/image\/","url":"https:\/\/www.amuz.krakow.pl\/wp-content\/uploads\/2021\/11\/amkp.jpg","contentUrl":"https:\/\/www.amuz.krakow.pl\/wp-content\/uploads\/2021\/11\/amkp.jpg","width":1193,"height":591,"caption":"Akademia Muzyczna im. Krzysztofa Pendereckiego w Krakowie"},"image":{"@id":"https:\/\/www.amuz.krakow.pl\/#\/schema\/logo\/image\/"},"sameAs":["https:\/\/www.facebook.com\/amuz.krakow","https:\/\/www.instagram.com\/amkpenderecki\/","https:\/\/www.youtube.com\/@amkpenderecki4806"]}]}},"_links":{"self":[{"href":"https:\/\/www.amuz.krakow.pl\/en\/wp-json\/wp\/v2\/pages\/84038","targetHints":{"allow":["GET"]}}],"collection":[{"href":"https:\/\/www.amuz.krakow.pl\/en\/wp-json\/wp\/v2\/pages"}],"about":[{"href":"https:\/\/www.amuz.krakow.pl\/en\/wp-json\/wp\/v2\/types\/page"}],"author":[{"embeddable":true,"href":"https:\/\/www.amuz.krakow.pl\/en\/wp-json\/wp\/v2\/users\/72"}],"replies":[{"embeddable":true,"href":"https:\/\/www.amuz.krakow.pl\/en\/wp-json\/wp\/v2\/comments?post=84038"}],"version-history":[{"count":3,"href":"https:\/\/www.amuz.krakow.pl\/en\/wp-json\/wp\/v2\/pages\/84038\/revisions"}],"predecessor-version":[{"id":98889,"href":"https:\/\/www.amuz.krakow.pl\/en\/wp-json\/wp\/v2\/pages\/84038\/revisions\/98889"}],"up":[{"embeddable":true,"href":"https:\/\/www.amuz.krakow.pl\/en\/wp-json\/wp\/v2\/pages\/47048"}],"wp:featuredmedia":[{"embeddable":true,"href":"https:\/\/www.amuz.krakow.pl\/en\/wp-json\/wp\/v2\/media\/48019"}],"wp:attachment":[{"href":"https:\/\/www.amuz.krakow.pl\/en\/wp-json\/wp\/v2\/media?parent=84038"}],"curies":[{"name":"wp","href":"https:\/\/api.w.org\/{rel}","templated":true}]}}