{"id":839,"date":"2016-01-19T22:49:56","date_gmt":"2016-01-19T21:49:56","guid":{"rendered":"http:\/\/strony.amuz.krakow.pl\/?page_id=839"},"modified":"2025-09-24T14:14:35","modified_gmt":"2025-09-24T12:14:35","slug":"katedra-choralistyki","status":"publish","type":"page","link":"https:\/\/www.amuz.krakow.pl\/en\/wydzialy\/wydzial-i-tworczosci-interpretacji-i-edukacji-muzycznej\/katedra-choralistyki\/","title":{"rendered":"Department of Choral Studies"},"content":{"rendered":"<p><\/p>\n<div>\n<h3 class=\"itsubpage\" style=\"text-align: justify;\">History<\/h3>\n<p class=\"padding10\" style=\"text-align: justify;\">Since the beginning, many eminent specialists in the field of choral conducting have been involved in the history of choral activity in Krak\u00f3w. Among ancient professors of the Conservatory were such choral conductors as Boles\u0142aw Wallek-Walewski and Bernardino Rizzi. In the history of the Higher State Music School, and then Music Academy, we find names of such great choral directors as Prof. Stanis\u0142aw Wiechowicz, J\u00f3zef Bok, Maria Kochaj, and Bronis\u0142awa Wietrzny.<\/p>\n<p style=\"text-align: justify;\">Bronis\u0142awa Wietrzny was the first head of the Department of Choral Studies. She took on the challenge to create a unified criteria of choral conducting scoring. Through faculty meetings and long discussions a scoring project has been created, that remains obligatory until now. Senior lecturer Arkadiusz Baszto\u0144, a distinguished teacher involved in the development of didactic system, was a co-author of that project. Systematizing of the master theses&#8217; thematic scope has been an important issue of research activity. A new concept, concerning the choice of appropriate subject matter, has been created. Referring to that concept, the interests of students and tutors were taken into account and a unified research activity concept of the Department was developed. Another important issue is the artistic activity of the Department. The faculty members have organized a conference dedicated to the Department founder, Stanis\u0142aw Wiechowicz. During that conference, Prof. Maria Kochaj has given an acclaimed lecture on the above mentioned professor. A concert of Stanis\u0142aw Wiechowicz&#8217;s a capella works has accompanied the conference. The Krak\u00f3w Philharmonics&#8217; ensembles as well as other chorals from Krak\u00f3w have taken part in that event, which brought the local choral environment together.<\/p>\n<p style=\"text-align: justify;\">Prof. Stanis\u0142aw Krawczy\u0144ski has been the following head of the Department of Choral Studies. During his tenure a number of valuable actions has been taken: creation of Krak\u00f3w choral ensembles&#8217; library database, which purpose is to facilitate access to some unique choral scores. A concert dedicated to Feliks Nowowiejski, one of the founders of Polish choral art, has been organized as well as a series of seminars led by choral conductors, concerning diverse issues of the conducting technique. Among other achievements, the creation of a choral conductor&#8217;s education model (focused on leading vocal as well as instrumental ensembles) should be mentioned. Integrated thematic scope of the studies program has been developed. As a result of those actions, a unified model of the final examination has arised. It consists of two concerts: one of religious and one of secular music. Until now, among the most interesting performances should be listed: Orfeo and Euridice by Ch. W. Gluck, Dido and Aeneas by H. Purcell, Carmina Burana by C. Orff, and Sinfoniae Sacre by H. Sch\u00fctz.<\/p>\n<p style=\"text-align: justify;\">The faculty members participate in many Department&#8217;s activities, among others: creation of a new major, Musical Education in the field of Musical Art, and creation of programs&#8217; minima.<\/p>\n<\/div>\n<div>\n<h3 class=\"itsubpage\" style=\"text-align: justify;\">Activity<\/h3>\n<p class=\"padding10\" style=\"text-align: justify;\">The Department of Choral Studies is a unit of the Faculty of Composition, Interpretation and Music Education. The faculty team consists of eminent choral conductors, pursuing artistic activity in Poland and abroad. The main activity is focused on research and education.<\/p>\n<p style=\"text-align: justify;\">Apart from the eventful concert activity, didactics is a very important part of Department&#8217;s mission. It is focused on educational process of the future choral conductors, which prepares them for professional work&#8217;s assignments. Seminars organized by the Department bring support to the educational process as well. The faculty members and students have participated already in many seminars led by: Paul Esswood, a world-known countertenor, professor of the Royal Academy in London, Prof. Paolo Scattolin from Bologna Conservatory, Prof. Stefan Parkamn from Uppsala University, Dr El\u017cbieta Wtorkowska, and Prof. Jadwiga Tritt-Ga\u0142\u0119sk. The seminars&#8217; series brings an important contribution to the development of interest in the choral art.<\/p>\n<p style=\"text-align: justify;\">The diploma concerts (as a part of the final examination) are held each year and the students of the final grade have the possibility to present their performance achievements in front of the audience.<\/p>\n<p style=\"text-align: justify;\">The Department is also organizing numerous choral competitions and festivals: Cantate Domino, Cracovia Cantat, and Ma\u0142opolska Competition of Christmas Carols are present on the cultural map of Krak\u00f3w.<\/p>\n<p style=\"text-align: justify;\">The performance activity of the Department consists of concerts given by the Interfaculty Music Academy Choir, Vocal Ensembles, and Chamber Ensemble of the Research Group. Among the most interesting performances stand: St. John&#8217;s Passion, St. Matthew&#8217;s Passion, Christmas Oratorio, Mass in b minor by J. S. Bach, Stabat Mater by A. Dvorak, European Premiere of Credo by K. Penderecki under Prof. Dr h.c. Helmuth Rilling&#8217;s direction, Messiah by G. F. Haendel, The Creation by J. Haydn, Te Deum and St. Wojciech Hymn by K. Penderecki, Motets by J. S. Bach, Chichester Psalms by L. Bernstein, Requiem by M. Durufl\u00e9, Christmas Oratorio by C. Saint-Sa\u00ebns, Rejoice in the Lamb by B. Britten.<\/p>\n<p style=\"text-align: justify;\">Department realizes the didactic goals through tutelage of the Students&#8217; Research Group, founded in 2002 at the initiative of various Departments&#8217; students. The faculty members give lectures at national and international workshops and masterclasses as well as they become jury members of numerous music competitions.<\/p>\n<\/div>\n<p><\/p>","protected":false},"excerpt":{"rendered":"<p>History Since the beginning, many eminent specialists in the field of choral conducting have been involved in the history of choral activity in Krak\u00f3w. Among ancient professors of the Conservatory&hellip; <a href=\"https:\/\/www.amuz.krakow.pl\/en\/wydzialy\/wydzial-i-tworczosci-interpretacji-i-edukacji-muzycznej\/katedra-choralistyki\/\">Continue reading<\/a><\/p>\n","protected":false},"author":72,"featured_media":0,"parent":228,"menu_order":6,"comment_status":"closed","ping_status":"closed","template":"","meta":{"footnotes":"","_links_to":"","_links_to_target":""},"class_list":["post-839","page","type-page","status-publish","hentry"],"yoast_head":"<!-- This site is optimized with the Yoast SEO plugin v27.4 - https:\/\/yoast.com\/product\/yoast-seo-wordpress\/ -->\n<title>AMKP - Akademia Muzyczna im. Krzysztofa Pendereckiego w Krakowie<\/title>\n<meta name=\"robots\" content=\"index, follow, max-snippet:-1, max-image-preview:large, max-video-preview:-1\" \/>\n<link rel=\"canonical\" href=\"https:\/\/www.amuz.krakow.pl\/wydzialy\/wydzial-i-tworczosci-interpretacji-i-edukacji-muzycznej\/katedra-choralistyki\/\" \/>\n<meta property=\"og:locale\" content=\"en_US\" \/>\n<meta property=\"og:type\" content=\"article\" \/>\n<meta property=\"og:title\" content=\"AMKP - Akademia Muzyczna im. Krzysztofa Pendereckiego w Krakowie\" \/>\n<meta property=\"og:description\" content=\"History Since the beginning, many eminent specialists in the field of choral conducting have been involved in the history of choral activity in Krak\u00f3w. Among ancient professors of the Conservatory&hellip; Continue reading\" \/>\n<meta property=\"og:url\" content=\"https:\/\/www.amuz.krakow.pl\/wydzialy\/wydzial-i-tworczosci-interpretacji-i-edukacji-muzycznej\/katedra-choralistyki\/\" \/>\n<meta property=\"og:site_name\" content=\"Akademia Muzyczna im. Krzysztofa Pendereckiego w Krakowie\" \/>\n<meta property=\"article:publisher\" content=\"https:\/\/www.facebook.com\/amuz.krakow\" \/>\n<meta property=\"article:modified_time\" content=\"2025-09-24T12:14:35+00:00\" \/>\n<meta property=\"og:image\" content=\"https:\/\/www.amuz.krakow.pl\/wp-content\/uploads\/2016\/01\/B.-Rizzi.jpg\" \/>\n\t<meta property=\"og:image:width\" content=\"582\" \/>\n\t<meta property=\"og:image:height\" content=\"768\" \/>\n\t<meta property=\"og:image:type\" content=\"image\/jpeg\" \/>\n<meta name=\"twitter:card\" content=\"summary_large_image\" \/>\n<meta name=\"twitter:label1\" content=\"Est. reading time\" \/>\n\t<meta name=\"twitter:data1\" content=\"7 minutes\" \/>\n<script type=\"application\/ld+json\" class=\"yoast-schema-graph\">{\"@context\":\"https:\\\/\\\/schema.org\",\"@graph\":[{\"@type\":\"WebPage\",\"@id\":\"https:\\\/\\\/www.amuz.krakow.pl\\\/wydzialy\\\/wydzial-i-tworczosci-interpretacji-i-edukacji-muzycznej\\\/katedra-choralistyki\\\/\",\"url\":\"https:\\\/\\\/www.amuz.krakow.pl\\\/wydzialy\\\/wydzial-i-tworczosci-interpretacji-i-edukacji-muzycznej\\\/katedra-choralistyki\\\/\",\"name\":\"AMKP - Akademia Muzyczna im. Krzysztofa Pendereckiego w Krakowie\",\"isPartOf\":{\"@id\":\"https:\\\/\\\/www.amuz.krakow.pl\\\/#website\"},\"primaryImageOfPage\":{\"@id\":\"https:\\\/\\\/www.amuz.krakow.pl\\\/wydzialy\\\/wydzial-i-tworczosci-interpretacji-i-edukacji-muzycznej\\\/katedra-choralistyki\\\/#primaryimage\"},\"image\":{\"@id\":\"https:\\\/\\\/www.amuz.krakow.pl\\\/wydzialy\\\/wydzial-i-tworczosci-interpretacji-i-edukacji-muzycznej\\\/katedra-choralistyki\\\/#primaryimage\"},\"thumbnailUrl\":\"https:\\\/\\\/www.amuz.krakow.pl\\\/wp-content\\\/uploads\\\/2016\\\/01\\\/B.-Rizzi-227x300.jpg\",\"datePublished\":\"2016-01-19T21:49:56+00:00\",\"dateModified\":\"2025-09-24T12:14:35+00:00\",\"breadcrumb\":{\"@id\":\"https:\\\/\\\/www.amuz.krakow.pl\\\/wydzialy\\\/wydzial-i-tworczosci-interpretacji-i-edukacji-muzycznej\\\/katedra-choralistyki\\\/#breadcrumb\"},\"inLanguage\":\"en-US\",\"potentialAction\":[{\"@type\":\"ReadAction\",\"target\":[\"https:\\\/\\\/www.amuz.krakow.pl\\\/wydzialy\\\/wydzial-i-tworczosci-interpretacji-i-edukacji-muzycznej\\\/katedra-choralistyki\\\/\"]}]},{\"@type\":\"ImageObject\",\"inLanguage\":\"en-US\",\"@id\":\"https:\\\/\\\/www.amuz.krakow.pl\\\/wydzialy\\\/wydzial-i-tworczosci-interpretacji-i-edukacji-muzycznej\\\/katedra-choralistyki\\\/#primaryimage\",\"url\":\"https:\\\/\\\/www.amuz.krakow.pl\\\/wp-content\\\/uploads\\\/2016\\\/01\\\/B.-Rizzi-227x300.jpg\",\"contentUrl\":\"https:\\\/\\\/www.amuz.krakow.pl\\\/wp-content\\\/uploads\\\/2016\\\/01\\\/B.-Rizzi-227x300.jpg\"},{\"@type\":\"BreadcrumbList\",\"@id\":\"https:\\\/\\\/www.amuz.krakow.pl\\\/wydzialy\\\/wydzial-i-tworczosci-interpretacji-i-edukacji-muzycznej\\\/katedra-choralistyki\\\/#breadcrumb\",\"itemListElement\":[{\"@type\":\"ListItem\",\"position\":1,\"name\":\"Strona g\u0142\u00f3wna\",\"item\":\"https:\\\/\\\/www.amuz.krakow.pl\\\/\"},{\"@type\":\"ListItem\",\"position\":2,\"name\":\"WYDZIA\u0141Y\",\"item\":\"https:\\\/\\\/www.amuz.krakow.pl\\\/wydzialy\\\/\"},{\"@type\":\"ListItem\",\"position\":3,\"name\":\"Wydzia\u0142 Tw\u00f3rczo\u015bci, Interpretacji i Edukacji Muzycznej\",\"item\":\"https:\\\/\\\/www.amuz.krakow.pl\\\/wydzialy\\\/wydzial-i-tworczosci-interpretacji-i-edukacji-muzycznej\\\/\"},{\"@type\":\"ListItem\",\"position\":4,\"name\":\"Katedra Ch\u00f3ralistyki\"}]},{\"@type\":\"WebSite\",\"@id\":\"https:\\\/\\\/www.amuz.krakow.pl\\\/#website\",\"url\":\"https:\\\/\\\/www.amuz.krakow.pl\\\/\",\"name\":\"Akademia Muzyczna im. Krzysztofa Pendereckiego w Krakowie\",\"description\":\"Oficjalna strona Akademii Muzycznej im. Krzysztofa Pendereckiego w Krakowie (AMKP).\",\"publisher\":{\"@id\":\"https:\\\/\\\/www.amuz.krakow.pl\\\/#organization\"},\"alternateName\":\"AMKP\",\"potentialAction\":[{\"@type\":\"SearchAction\",\"target\":{\"@type\":\"EntryPoint\",\"urlTemplate\":\"https:\\\/\\\/www.amuz.krakow.pl\\\/?s={search_term_string}\"},\"query-input\":{\"@type\":\"PropertyValueSpecification\",\"valueRequired\":true,\"valueName\":\"search_term_string\"}}],\"inLanguage\":\"en-US\"},{\"@type\":\"Organization\",\"@id\":\"https:\\\/\\\/www.amuz.krakow.pl\\\/#organization\",\"name\":\"Akademia Muzyczna im. Krzysztofa Pendereckiego w Krakowie\",\"alternateName\":\"AMKP\",\"url\":\"https:\\\/\\\/www.amuz.krakow.pl\\\/\",\"logo\":{\"@type\":\"ImageObject\",\"inLanguage\":\"en-US\",\"@id\":\"https:\\\/\\\/www.amuz.krakow.pl\\\/#\\\/schema\\\/logo\\\/image\\\/\",\"url\":\"https:\\\/\\\/www.amuz.krakow.pl\\\/wp-content\\\/uploads\\\/2021\\\/11\\\/amkp.jpg\",\"contentUrl\":\"https:\\\/\\\/www.amuz.krakow.pl\\\/wp-content\\\/uploads\\\/2021\\\/11\\\/amkp.jpg\",\"width\":1193,\"height\":591,\"caption\":\"Akademia Muzyczna im. Krzysztofa Pendereckiego w Krakowie\"},\"image\":{\"@id\":\"https:\\\/\\\/www.amuz.krakow.pl\\\/#\\\/schema\\\/logo\\\/image\\\/\"},\"sameAs\":[\"https:\\\/\\\/www.facebook.com\\\/amuz.krakow\",\"https:\\\/\\\/www.instagram.com\\\/amkpenderecki\\\/\",\"https:\\\/\\\/www.youtube.com\\\/@amkpenderecki4806\"]}]}<\/script>\n<!-- \/ Yoast SEO plugin. -->","yoast_head_json":{"title":"AMKP - Akademia Muzyczna im. Krzysztofa Pendereckiego w Krakowie","robots":{"index":"index","follow":"follow","max-snippet":"max-snippet:-1","max-image-preview":"max-image-preview:large","max-video-preview":"max-video-preview:-1"},"canonical":"https:\/\/www.amuz.krakow.pl\/wydzialy\/wydzial-i-tworczosci-interpretacji-i-edukacji-muzycznej\/katedra-choralistyki\/","og_locale":"en_US","og_type":"article","og_title":"AMKP - Akademia Muzyczna im. Krzysztofa Pendereckiego w Krakowie","og_description":"History Since the beginning, many eminent specialists in the field of choral conducting have been involved in the history of choral activity in Krak\u00f3w. Among ancient professors of the Conservatory&hellip; Continue reading","og_url":"https:\/\/www.amuz.krakow.pl\/wydzialy\/wydzial-i-tworczosci-interpretacji-i-edukacji-muzycznej\/katedra-choralistyki\/","og_site_name":"Akademia Muzyczna im. Krzysztofa Pendereckiego w Krakowie","article_publisher":"https:\/\/www.facebook.com\/amuz.krakow","article_modified_time":"2025-09-24T12:14:35+00:00","og_image":[{"width":582,"height":768,"url":"https:\/\/www.amuz.krakow.pl\/wp-content\/uploads\/2016\/01\/B.-Rizzi.jpg","type":"image\/jpeg"}],"twitter_card":"summary_large_image","twitter_misc":{"Est. reading time":"7 minutes"},"schema":{"@context":"https:\/\/schema.org","@graph":[{"@type":"WebPage","@id":"https:\/\/www.amuz.krakow.pl\/wydzialy\/wydzial-i-tworczosci-interpretacji-i-edukacji-muzycznej\/katedra-choralistyki\/","url":"https:\/\/www.amuz.krakow.pl\/wydzialy\/wydzial-i-tworczosci-interpretacji-i-edukacji-muzycznej\/katedra-choralistyki\/","name":"AMKP - Akademia Muzyczna im. Krzysztofa Pendereckiego w Krakowie","isPartOf":{"@id":"https:\/\/www.amuz.krakow.pl\/#website"},"primaryImageOfPage":{"@id":"https:\/\/www.amuz.krakow.pl\/wydzialy\/wydzial-i-tworczosci-interpretacji-i-edukacji-muzycznej\/katedra-choralistyki\/#primaryimage"},"image":{"@id":"https:\/\/www.amuz.krakow.pl\/wydzialy\/wydzial-i-tworczosci-interpretacji-i-edukacji-muzycznej\/katedra-choralistyki\/#primaryimage"},"thumbnailUrl":"https:\/\/www.amuz.krakow.pl\/wp-content\/uploads\/2016\/01\/B.-Rizzi-227x300.jpg","datePublished":"2016-01-19T21:49:56+00:00","dateModified":"2025-09-24T12:14:35+00:00","breadcrumb":{"@id":"https:\/\/www.amuz.krakow.pl\/wydzialy\/wydzial-i-tworczosci-interpretacji-i-edukacji-muzycznej\/katedra-choralistyki\/#breadcrumb"},"inLanguage":"en-US","potentialAction":[{"@type":"ReadAction","target":["https:\/\/www.amuz.krakow.pl\/wydzialy\/wydzial-i-tworczosci-interpretacji-i-edukacji-muzycznej\/katedra-choralistyki\/"]}]},{"@type":"ImageObject","inLanguage":"en-US","@id":"https:\/\/www.amuz.krakow.pl\/wydzialy\/wydzial-i-tworczosci-interpretacji-i-edukacji-muzycznej\/katedra-choralistyki\/#primaryimage","url":"https:\/\/www.amuz.krakow.pl\/wp-content\/uploads\/2016\/01\/B.-Rizzi-227x300.jpg","contentUrl":"https:\/\/www.amuz.krakow.pl\/wp-content\/uploads\/2016\/01\/B.-Rizzi-227x300.jpg"},{"@type":"BreadcrumbList","@id":"https:\/\/www.amuz.krakow.pl\/wydzialy\/wydzial-i-tworczosci-interpretacji-i-edukacji-muzycznej\/katedra-choralistyki\/#breadcrumb","itemListElement":[{"@type":"ListItem","position":1,"name":"Strona g\u0142\u00f3wna","item":"https:\/\/www.amuz.krakow.pl\/"},{"@type":"ListItem","position":2,"name":"WYDZIA\u0141Y","item":"https:\/\/www.amuz.krakow.pl\/wydzialy\/"},{"@type":"ListItem","position":3,"name":"Wydzia\u0142 Tw\u00f3rczo\u015bci, Interpretacji i Edukacji Muzycznej","item":"https:\/\/www.amuz.krakow.pl\/wydzialy\/wydzial-i-tworczosci-interpretacji-i-edukacji-muzycznej\/"},{"@type":"ListItem","position":4,"name":"Katedra Ch\u00f3ralistyki"}]},{"@type":"WebSite","@id":"https:\/\/www.amuz.krakow.pl\/#website","url":"https:\/\/www.amuz.krakow.pl\/","name":"Akademia Muzyczna im. Krzysztofa Pendereckiego w Krakowie","description":"Oficjalna strona Akademii Muzycznej im. Krzysztofa Pendereckiego w Krakowie (AMKP).","publisher":{"@id":"https:\/\/www.amuz.krakow.pl\/#organization"},"alternateName":"AMKP","potentialAction":[{"@type":"SearchAction","target":{"@type":"EntryPoint","urlTemplate":"https:\/\/www.amuz.krakow.pl\/?s={search_term_string}"},"query-input":{"@type":"PropertyValueSpecification","valueRequired":true,"valueName":"search_term_string"}}],"inLanguage":"en-US"},{"@type":"Organization","@id":"https:\/\/www.amuz.krakow.pl\/#organization","name":"Akademia Muzyczna im. Krzysztofa Pendereckiego w Krakowie","alternateName":"AMKP","url":"https:\/\/www.amuz.krakow.pl\/","logo":{"@type":"ImageObject","inLanguage":"en-US","@id":"https:\/\/www.amuz.krakow.pl\/#\/schema\/logo\/image\/","url":"https:\/\/www.amuz.krakow.pl\/wp-content\/uploads\/2021\/11\/amkp.jpg","contentUrl":"https:\/\/www.amuz.krakow.pl\/wp-content\/uploads\/2021\/11\/amkp.jpg","width":1193,"height":591,"caption":"Akademia Muzyczna im. Krzysztofa Pendereckiego w Krakowie"},"image":{"@id":"https:\/\/www.amuz.krakow.pl\/#\/schema\/logo\/image\/"},"sameAs":["https:\/\/www.facebook.com\/amuz.krakow","https:\/\/www.instagram.com\/amkpenderecki\/","https:\/\/www.youtube.com\/@amkpenderecki4806"]}]}},"_links":{"self":[{"href":"https:\/\/www.amuz.krakow.pl\/en\/wp-json\/wp\/v2\/pages\/839","targetHints":{"allow":["GET"]}}],"collection":[{"href":"https:\/\/www.amuz.krakow.pl\/en\/wp-json\/wp\/v2\/pages"}],"about":[{"href":"https:\/\/www.amuz.krakow.pl\/en\/wp-json\/wp\/v2\/types\/page"}],"author":[{"embeddable":true,"href":"https:\/\/www.amuz.krakow.pl\/en\/wp-json\/wp\/v2\/users\/72"}],"replies":[{"embeddable":true,"href":"https:\/\/www.amuz.krakow.pl\/en\/wp-json\/wp\/v2\/comments?post=839"}],"version-history":[{"count":6,"href":"https:\/\/www.amuz.krakow.pl\/en\/wp-json\/wp\/v2\/pages\/839\/revisions"}],"predecessor-version":[{"id":107208,"href":"https:\/\/www.amuz.krakow.pl\/en\/wp-json\/wp\/v2\/pages\/839\/revisions\/107208"}],"up":[{"embeddable":true,"href":"https:\/\/www.amuz.krakow.pl\/en\/wp-json\/wp\/v2\/pages\/228"}],"wp:attachment":[{"href":"https:\/\/www.amuz.krakow.pl\/en\/wp-json\/wp\/v2\/media?parent=839"}],"curies":[{"name":"wp","href":"https:\/\/api.w.org\/{rel}","templated":true}]}}