{"id":837,"date":"2016-01-19T22:49:18","date_gmt":"2016-01-19T21:49:18","guid":{"rendered":"http:\/\/strony.amuz.krakow.pl\/?page_id=837"},"modified":"2025-09-24T14:12:44","modified_gmt":"2025-09-24T12:12:44","slug":"katedra-badan-muzyczno-edukacyjnych","status":"publish","type":"page","link":"https:\/\/www.amuz.krakow.pl\/en\/wydzialy\/wydzial-i-tworczosci-interpretacji-i-edukacji-muzycznej\/katedra-badan-muzyczno-edukacyjnych\/","title":{"rendered":"Department of Music and Education Research"},"content":{"rendered":"<p><\/p>\n<h5 class=\"itsubpage\" style=\"text-align: justify;\">History and activity<\/h5>\n<p class=\"padding10\" style=\"text-align: justify;\">Department of Music and Education Research was founded in 1957 as Department of Musical Education Issues and nowadays it forms a unit of the Faculty of Composition, Interpretation and Music Education. Adam Rieger was its founder and the first head until 1979. In 1962 the name has been changed to Department of Musical Education. From 1980 to 1987 Prof. Dr Zofia Burowska was the head, and since then until now Prof. Dr Jerzy Kurcz holds that function.<br \/>\nFor almost 30 years (until the creation of Department of Choral Studies), the Department of Musical Education was the only unit responsable for organizing research and artistic activity of the Faculty.<br \/>\nAmong the most important issues were:<br \/>\n1. Actions towards modernisation of didactic process,<br \/>\n2. Research in the field of modernisation of the musical and normal schools&#8217; education,<br \/>\n3. Training and further development of music teachers,<br \/>\n4. Cooperation in the research area with national and international institutions,<br \/>\n5. Individual artistic and research activity of the faculty members.<\/p>\n<p style=\"text-align: justify;\">Department has initiated and participated in structural and curricular changes of didactics due to switching to the 5-years curicullum (1980-86), in opening a new specialization: Choral Conducting, Pedagogy (1986\/7), and Church Music (1998), in elaborating didactic standards for a newly created major: Musical Education in the field of Musical Art at the undergraduate and graduate level (2001).<\/p>\n<p style=\"text-align: justify;\">Among research problematics of the Department we find:<br \/>\n&#8211; efficacy of selected aural training methods in general primary schools, grades 1-3 (Z. Burowska, A. Wilk),<br \/>\n&#8211; verification of music didactics&#8217; program, textbooks, and didactic facilities used in the 6th grade (J. Kurcz, A. Wilk),<br \/>\n&#8211; Musical Education Department&#8217;s alumni tracing project (Z. Burowska),<br \/>\n&#8211; increase of musical abilities in the aural training process (Z. Burowska, B. Noworol, A. Wilk),<br \/>\n&#8211; preparation grade of Primary Education&#8217;s alumni for music teaching in general elementary schools, grades 1-3 (A. Wilk),<br \/>\n&#8211; Polish folk music reception among primary and secondary schools&#8217; students (E. G\u0142owacka),<br \/>\n&#8211; importance of integration in music listening and creation by children (J. Kurcz),<br \/>\n&#8211; level of music teaching in general schools in Poland (Z.Burowska, J. Kurcz, M. Stachowska, A. Wilk),<br \/>\n&#8211; programs&#8217; minima elaboration for musical education at diverse levels (Z. Burowska. J. Kurcz, A. Wilk),<br \/>\n&#8211; 92 musical auditions for grades 1-3, commissioned by the Polish Radio, and their broadcasting in the years 1985-88 (Z. Burowska, A. Cebulak, J. Kurcz, A. Wilk),<br \/>\n&#8211; preparation of the following music textbooks:<br \/>\n<i>So-mi-la<\/i> (Z. Burowska, B. Karpa\u0142a, B. Noworol, A. Wilk),<br \/>\n<i>La-ti-do <\/i>(Z. Burowska, B. Karpa\u0142a, J. Kurcz, A. Wilk),<br \/>\n<i>Contemporary Systems of Musical Education<\/i> (Z. Burowska),<br \/>\n<i>Music Listening and Creation at School <\/i>(Z. Burowska),<br \/>\n<i>Introduction to Musical Culture<\/i> (Z. Burowska),<br \/>\n<i>Introduction to Guitar Playing<\/i> (J. Dyl\u0105g),<br \/>\n<i>Introduction to Keyboard Playing<\/i> (J. Dyl\u0105g and others).<\/p>\n<p style=\"text-align: justify;\">In terms of teachers&#8217; education and development:<br \/>\n&#8211; Department&#8217;s members have cooperated at the creation process of a new major: Musical Education,<br \/>\n&#8211; creation of Department of Musical Education in Higher Pedagogical School (nowadays University) in Rzesz\u00f3w (1984 &#8211; M. Kochaj, J. Kurcz, J. Zathey),<br \/>\n&#8211; in Teachers College in Nowy S\u0105cz &#8211; mathematics and music majors (1990, J. Kurcz),<br \/>\n&#8211; in the State Higher Vocational School in Nowy S\u0105cz &#8211; primary education with music (1998, J. Kurcz),<br \/>\n&#8211; cooperation with Wojew\u00f3dzki O\u015brodek Metodyczny (Teachers&#8217; Training Center) in Krak\u00f3w and Rzesz\u00f3w, as well as with the Preschool and Primary School Pedagogy Department of Pedagogical Academy in Krak\u00f3w,<br \/>\n&#8211; research in the frame of KBN&#8217;s (National Research Committee) project: Model of teachers&#8217; training in fine arts and music majors (KBN PBZ-023-07). Project&#8217;s supervision: J. Kurcz,<br \/>\n&#8211; organization of seminars and workshops,<br \/>\n&#8211; organization of national and international conferences, such as:<br \/>\nMusical Education Problematics (1980),<br \/>\nProblems of Music Perception and Its Social and Cultural Determinant (1984),<br \/>\nThe State of Research in Musical Education in Poland (1986),<br \/>\nStanis\u0142aw Wiechowicz &#8211; Birth Centenary and the 30th Death Anniversary (1993),<br \/>\nThe Directions of Changes in Music Teachers&#8217; Training System (1994),<br \/>\nMusic Teachers&#8217; Training in Poland &#8211; the Present State and the Perspectives (1998),<br \/>\nMultimedia in the Musical and Fine Arts&#8217; Education (1998)<br \/>\n&#8211; Department&#8217;s publications:<br \/>\n<i>Musical Education Problematics<\/i> (1982),<br \/>\n<i>Selection and Systematization of Vocal Material <\/i>(1992)<br \/>\n<i>Krak\u00f3w&#8217;s Concept of Musical Education<\/i> (1993),<br \/>\n<i>Stanis\u0142aw Wiechowicz In Memoriam<\/i> (1996),<br \/>\n<i>Musical Psycho-Didactics. Problematics&#8217; Outline<\/i> (1998),<br \/>\n<i>Music Teachers&#8217; Training &#8211; the Present State and the Perspectives<\/i> (1999),<br \/>\n<i>Musical Education in the General Schools<\/i> (2000),<\/p>\n<p style=\"text-align: justify;\">Department is constantly collaborating with:<br \/>\n&#8211; Preschool and Primary School Pedagogy Department of Pedagogical Academy in Krak\u00f3w (internships, publications&#8217; reviews, common initiatives for teachers&#8217; development),<br \/>\n&#8211; I. J. Paderewski State General School in Krak\u00f3w (internships and School&#8217;s music major students&#8217; final examinations),<br \/>\n&#8211; Music Institute of Rzesz\u00f3w University (lectures, conferences),<br \/>\n&#8211; Pedagogy Institute of State Higher Vocational School in Nowy S\u0105cz (Preliminary Teaching with music major under the academic auspices),<br \/>\n&#8211; The Pontifical University of John Paul II in Krak\u00f3w (cooperation at the creation of Church Music specialization),<br \/>\n&#8211; Archidiocese&#8217;s Committee for Music in Krak\u00f3w,<br \/>\n&#8211; Musical Education Department of Pedagogical Faculty at the University in Presov (Slovakia) &#8211; common research projects and participation in CEPUS program,<br \/>\n&#8211; Musical Education Department of University in Zilina (Slovakia),<br \/>\n&#8211; Kodaly Pedagogical Institute of Music in Kecskemet (Hungary),<br \/>\n&#8211; Ministry of National Education and Sport<br \/>\n&#8211; Ministry of Culture,<br \/>\n&#8211; Association &#8220;Wsp\u00f3lnota Polska&#8221; (realization of Choral Conducting Study Center for Polish Diaspora Choirs&#8217; Conductors, Koszalin),<br \/>\n&#8211; Cultural Animation Center of the Ministry of Culture and Music Academy in Bydgoszcz (realization of Postgraduate Choral Conducting Studies).<\/p>\n<p style=\"text-align: justify;\">Department members:<br \/>\n&#8211; participate actively in national and international conferences,<br \/>\n&#8211; publish in various national and international periodicals,<br \/>\n&#8211; pursue artistic and concert activity,<br \/>\n&#8211; become jury members at national and international choir competitions,<br \/>\n&#8211; become tutors and reviewers of scholar theses as well as artistic and academic procedures,<br \/>\n&#8211; become experts of Ministry of National Education and Sport,<br \/>\n&#8211; participate in national and international Committees&#8217; and Associations&#8217; activities .<\/p>\n<p><\/p>","protected":false},"excerpt":{"rendered":"<p>History and activity Department of Music and Education Research was founded in 1957 as Department of Musical Education Issues and nowadays it forms a unit of the Faculty of Composition,&hellip; <a href=\"https:\/\/www.amuz.krakow.pl\/en\/wydzialy\/wydzial-i-tworczosci-interpretacji-i-edukacji-muzycznej\/katedra-badan-muzyczno-edukacyjnych\/\">Continue reading<\/a><\/p>\n","protected":false},"author":72,"featured_media":0,"parent":228,"menu_order":5,"comment_status":"closed","ping_status":"closed","template":"","meta":{"footnotes":"","_links_to":"","_links_to_target":""},"class_list":["post-837","page","type-page","status-publish","hentry"],"yoast_head":"<!-- This site is optimized with the Yoast SEO plugin v27.4 - https:\/\/yoast.com\/product\/yoast-seo-wordpress\/ -->\n<title>AMKP - Akademia Muzyczna im. Krzysztofa Pendereckiego w Krakowie<\/title>\n<meta name=\"robots\" content=\"index, follow, max-snippet:-1, max-image-preview:large, max-video-preview:-1\" \/>\n<link rel=\"canonical\" href=\"https:\/\/www.amuz.krakow.pl\/wydzialy\/wydzial-i-tworczosci-interpretacji-i-edukacji-muzycznej\/katedra-badan-muzyczno-edukacyjnych\/\" \/>\n<meta property=\"og:locale\" content=\"en_US\" \/>\n<meta property=\"og:type\" content=\"article\" \/>\n<meta property=\"og:title\" content=\"AMKP - Akademia Muzyczna im. Krzysztofa Pendereckiego w Krakowie\" \/>\n<meta property=\"og:description\" content=\"History and activity Department of Music and Education Research was founded in 1957 as Department of Musical Education Issues and nowadays it forms a unit of the Faculty of Composition,&hellip; Continue reading\" \/>\n<meta property=\"og:url\" content=\"https:\/\/www.amuz.krakow.pl\/wydzialy\/wydzial-i-tworczosci-interpretacji-i-edukacji-muzycznej\/katedra-badan-muzyczno-edukacyjnych\/\" \/>\n<meta property=\"og:site_name\" content=\"Akademia Muzyczna im. Krzysztofa Pendereckiego w Krakowie\" \/>\n<meta property=\"article:publisher\" content=\"https:\/\/www.facebook.com\/amuz.krakow\" \/>\n<meta property=\"article:modified_time\" content=\"2025-09-24T12:12:44+00:00\" \/>\n<meta property=\"og:image\" content=\"https:\/\/www.amuz.krakow.pl\/wp-content\/uploads\/2021\/11\/amkp.jpg\" \/>\n\t<meta property=\"og:image:width\" content=\"1193\" \/>\n\t<meta property=\"og:image:height\" content=\"591\" \/>\n\t<meta property=\"og:image:type\" content=\"image\/jpeg\" \/>\n<meta name=\"twitter:card\" content=\"summary_large_image\" \/>\n<meta name=\"twitter:label1\" content=\"Est. reading time\" \/>\n\t<meta name=\"twitter:data1\" content=\"7 minutes\" \/>\n<script type=\"application\/ld+json\" class=\"yoast-schema-graph\">{\"@context\":\"https:\\\/\\\/schema.org\",\"@graph\":[{\"@type\":\"WebPage\",\"@id\":\"https:\\\/\\\/www.amuz.krakow.pl\\\/wydzialy\\\/wydzial-i-tworczosci-interpretacji-i-edukacji-muzycznej\\\/katedra-badan-muzyczno-edukacyjnych\\\/\",\"url\":\"https:\\\/\\\/www.amuz.krakow.pl\\\/wydzialy\\\/wydzial-i-tworczosci-interpretacji-i-edukacji-muzycznej\\\/katedra-badan-muzyczno-edukacyjnych\\\/\",\"name\":\"AMKP - Akademia Muzyczna im. Krzysztofa Pendereckiego w Krakowie\",\"isPartOf\":{\"@id\":\"https:\\\/\\\/www.amuz.krakow.pl\\\/#website\"},\"datePublished\":\"2016-01-19T21:49:18+00:00\",\"dateModified\":\"2025-09-24T12:12:44+00:00\",\"breadcrumb\":{\"@id\":\"https:\\\/\\\/www.amuz.krakow.pl\\\/wydzialy\\\/wydzial-i-tworczosci-interpretacji-i-edukacji-muzycznej\\\/katedra-badan-muzyczno-edukacyjnych\\\/#breadcrumb\"},\"inLanguage\":\"en-US\",\"potentialAction\":[{\"@type\":\"ReadAction\",\"target\":[\"https:\\\/\\\/www.amuz.krakow.pl\\\/wydzialy\\\/wydzial-i-tworczosci-interpretacji-i-edukacji-muzycznej\\\/katedra-badan-muzyczno-edukacyjnych\\\/\"]}]},{\"@type\":\"BreadcrumbList\",\"@id\":\"https:\\\/\\\/www.amuz.krakow.pl\\\/wydzialy\\\/wydzial-i-tworczosci-interpretacji-i-edukacji-muzycznej\\\/katedra-badan-muzyczno-edukacyjnych\\\/#breadcrumb\",\"itemListElement\":[{\"@type\":\"ListItem\",\"position\":1,\"name\":\"Strona g\u0142\u00f3wna\",\"item\":\"https:\\\/\\\/www.amuz.krakow.pl\\\/\"},{\"@type\":\"ListItem\",\"position\":2,\"name\":\"WYDZIA\u0141Y\",\"item\":\"https:\\\/\\\/www.amuz.krakow.pl\\\/wydzialy\\\/\"},{\"@type\":\"ListItem\",\"position\":3,\"name\":\"Wydzia\u0142 Tw\u00f3rczo\u015bci, Interpretacji i Edukacji Muzycznej\",\"item\":\"https:\\\/\\\/www.amuz.krakow.pl\\\/wydzialy\\\/wydzial-i-tworczosci-interpretacji-i-edukacji-muzycznej\\\/\"},{\"@type\":\"ListItem\",\"position\":4,\"name\":\"Katedra Bada\u0144 Muzyczno-Edukacyjnych\"}]},{\"@type\":\"WebSite\",\"@id\":\"https:\\\/\\\/www.amuz.krakow.pl\\\/#website\",\"url\":\"https:\\\/\\\/www.amuz.krakow.pl\\\/\",\"name\":\"Akademia Muzyczna im. Krzysztofa Pendereckiego w Krakowie\",\"description\":\"Oficjalna strona Akademii Muzycznej im. Krzysztofa Pendereckiego w Krakowie (AMKP).\",\"publisher\":{\"@id\":\"https:\\\/\\\/www.amuz.krakow.pl\\\/#organization\"},\"alternateName\":\"AMKP\",\"potentialAction\":[{\"@type\":\"SearchAction\",\"target\":{\"@type\":\"EntryPoint\",\"urlTemplate\":\"https:\\\/\\\/www.amuz.krakow.pl\\\/?s={search_term_string}\"},\"query-input\":{\"@type\":\"PropertyValueSpecification\",\"valueRequired\":true,\"valueName\":\"search_term_string\"}}],\"inLanguage\":\"en-US\"},{\"@type\":\"Organization\",\"@id\":\"https:\\\/\\\/www.amuz.krakow.pl\\\/#organization\",\"name\":\"Akademia Muzyczna im. Krzysztofa Pendereckiego w Krakowie\",\"alternateName\":\"AMKP\",\"url\":\"https:\\\/\\\/www.amuz.krakow.pl\\\/\",\"logo\":{\"@type\":\"ImageObject\",\"inLanguage\":\"en-US\",\"@id\":\"https:\\\/\\\/www.amuz.krakow.pl\\\/#\\\/schema\\\/logo\\\/image\\\/\",\"url\":\"https:\\\/\\\/www.amuz.krakow.pl\\\/wp-content\\\/uploads\\\/2021\\\/11\\\/amkp.jpg\",\"contentUrl\":\"https:\\\/\\\/www.amuz.krakow.pl\\\/wp-content\\\/uploads\\\/2021\\\/11\\\/amkp.jpg\",\"width\":1193,\"height\":591,\"caption\":\"Akademia Muzyczna im. Krzysztofa Pendereckiego w Krakowie\"},\"image\":{\"@id\":\"https:\\\/\\\/www.amuz.krakow.pl\\\/#\\\/schema\\\/logo\\\/image\\\/\"},\"sameAs\":[\"https:\\\/\\\/www.facebook.com\\\/amuz.krakow\",\"https:\\\/\\\/www.instagram.com\\\/amkpenderecki\\\/\",\"https:\\\/\\\/www.youtube.com\\\/@amkpenderecki4806\"]}]}<\/script>\n<!-- \/ Yoast SEO plugin. -->","yoast_head_json":{"title":"AMKP - Akademia Muzyczna im. Krzysztofa Pendereckiego w Krakowie","robots":{"index":"index","follow":"follow","max-snippet":"max-snippet:-1","max-image-preview":"max-image-preview:large","max-video-preview":"max-video-preview:-1"},"canonical":"https:\/\/www.amuz.krakow.pl\/wydzialy\/wydzial-i-tworczosci-interpretacji-i-edukacji-muzycznej\/katedra-badan-muzyczno-edukacyjnych\/","og_locale":"en_US","og_type":"article","og_title":"AMKP - Akademia Muzyczna im. Krzysztofa Pendereckiego w Krakowie","og_description":"History and activity Department of Music and Education Research was founded in 1957 as Department of Musical Education Issues and nowadays it forms a unit of the Faculty of Composition,&hellip; Continue reading","og_url":"https:\/\/www.amuz.krakow.pl\/wydzialy\/wydzial-i-tworczosci-interpretacji-i-edukacji-muzycznej\/katedra-badan-muzyczno-edukacyjnych\/","og_site_name":"Akademia Muzyczna im. Krzysztofa Pendereckiego w Krakowie","article_publisher":"https:\/\/www.facebook.com\/amuz.krakow","article_modified_time":"2025-09-24T12:12:44+00:00","og_image":[{"width":1193,"height":591,"url":"https:\/\/www.amuz.krakow.pl\/wp-content\/uploads\/2021\/11\/amkp.jpg","type":"image\/jpeg"}],"twitter_card":"summary_large_image","twitter_misc":{"Est. reading time":"7 minutes"},"schema":{"@context":"https:\/\/schema.org","@graph":[{"@type":"WebPage","@id":"https:\/\/www.amuz.krakow.pl\/wydzialy\/wydzial-i-tworczosci-interpretacji-i-edukacji-muzycznej\/katedra-badan-muzyczno-edukacyjnych\/","url":"https:\/\/www.amuz.krakow.pl\/wydzialy\/wydzial-i-tworczosci-interpretacji-i-edukacji-muzycznej\/katedra-badan-muzyczno-edukacyjnych\/","name":"AMKP - Akademia Muzyczna im. Krzysztofa Pendereckiego w Krakowie","isPartOf":{"@id":"https:\/\/www.amuz.krakow.pl\/#website"},"datePublished":"2016-01-19T21:49:18+00:00","dateModified":"2025-09-24T12:12:44+00:00","breadcrumb":{"@id":"https:\/\/www.amuz.krakow.pl\/wydzialy\/wydzial-i-tworczosci-interpretacji-i-edukacji-muzycznej\/katedra-badan-muzyczno-edukacyjnych\/#breadcrumb"},"inLanguage":"en-US","potentialAction":[{"@type":"ReadAction","target":["https:\/\/www.amuz.krakow.pl\/wydzialy\/wydzial-i-tworczosci-interpretacji-i-edukacji-muzycznej\/katedra-badan-muzyczno-edukacyjnych\/"]}]},{"@type":"BreadcrumbList","@id":"https:\/\/www.amuz.krakow.pl\/wydzialy\/wydzial-i-tworczosci-interpretacji-i-edukacji-muzycznej\/katedra-badan-muzyczno-edukacyjnych\/#breadcrumb","itemListElement":[{"@type":"ListItem","position":1,"name":"Strona g\u0142\u00f3wna","item":"https:\/\/www.amuz.krakow.pl\/"},{"@type":"ListItem","position":2,"name":"WYDZIA\u0141Y","item":"https:\/\/www.amuz.krakow.pl\/wydzialy\/"},{"@type":"ListItem","position":3,"name":"Wydzia\u0142 Tw\u00f3rczo\u015bci, Interpretacji i Edukacji Muzycznej","item":"https:\/\/www.amuz.krakow.pl\/wydzialy\/wydzial-i-tworczosci-interpretacji-i-edukacji-muzycznej\/"},{"@type":"ListItem","position":4,"name":"Katedra Bada\u0144 Muzyczno-Edukacyjnych"}]},{"@type":"WebSite","@id":"https:\/\/www.amuz.krakow.pl\/#website","url":"https:\/\/www.amuz.krakow.pl\/","name":"Akademia Muzyczna im. Krzysztofa Pendereckiego w Krakowie","description":"Oficjalna strona Akademii Muzycznej im. Krzysztofa Pendereckiego w Krakowie (AMKP).","publisher":{"@id":"https:\/\/www.amuz.krakow.pl\/#organization"},"alternateName":"AMKP","potentialAction":[{"@type":"SearchAction","target":{"@type":"EntryPoint","urlTemplate":"https:\/\/www.amuz.krakow.pl\/?s={search_term_string}"},"query-input":{"@type":"PropertyValueSpecification","valueRequired":true,"valueName":"search_term_string"}}],"inLanguage":"en-US"},{"@type":"Organization","@id":"https:\/\/www.amuz.krakow.pl\/#organization","name":"Akademia Muzyczna im. Krzysztofa Pendereckiego w Krakowie","alternateName":"AMKP","url":"https:\/\/www.amuz.krakow.pl\/","logo":{"@type":"ImageObject","inLanguage":"en-US","@id":"https:\/\/www.amuz.krakow.pl\/#\/schema\/logo\/image\/","url":"https:\/\/www.amuz.krakow.pl\/wp-content\/uploads\/2021\/11\/amkp.jpg","contentUrl":"https:\/\/www.amuz.krakow.pl\/wp-content\/uploads\/2021\/11\/amkp.jpg","width":1193,"height":591,"caption":"Akademia Muzyczna im. Krzysztofa Pendereckiego w Krakowie"},"image":{"@id":"https:\/\/www.amuz.krakow.pl\/#\/schema\/logo\/image\/"},"sameAs":["https:\/\/www.facebook.com\/amuz.krakow","https:\/\/www.instagram.com\/amkpenderecki\/","https:\/\/www.youtube.com\/@amkpenderecki4806"]}]}},"_links":{"self":[{"href":"https:\/\/www.amuz.krakow.pl\/en\/wp-json\/wp\/v2\/pages\/837","targetHints":{"allow":["GET"]}}],"collection":[{"href":"https:\/\/www.amuz.krakow.pl\/en\/wp-json\/wp\/v2\/pages"}],"about":[{"href":"https:\/\/www.amuz.krakow.pl\/en\/wp-json\/wp\/v2\/types\/page"}],"author":[{"embeddable":true,"href":"https:\/\/www.amuz.krakow.pl\/en\/wp-json\/wp\/v2\/users\/72"}],"replies":[{"embeddable":true,"href":"https:\/\/www.amuz.krakow.pl\/en\/wp-json\/wp\/v2\/comments?post=837"}],"version-history":[{"count":5,"href":"https:\/\/www.amuz.krakow.pl\/en\/wp-json\/wp\/v2\/pages\/837\/revisions"}],"predecessor-version":[{"id":107207,"href":"https:\/\/www.amuz.krakow.pl\/en\/wp-json\/wp\/v2\/pages\/837\/revisions\/107207"}],"up":[{"embeddable":true,"href":"https:\/\/www.amuz.krakow.pl\/en\/wp-json\/wp\/v2\/pages\/228"}],"wp:attachment":[{"href":"https:\/\/www.amuz.krakow.pl\/en\/wp-json\/wp\/v2\/media?parent=837"}],"curies":[{"name":"wp","href":"https:\/\/api.w.org\/{rel}","templated":true}]}}