{"id":834,"date":"2016-01-19T22:46:53","date_gmt":"2016-01-19T21:46:53","guid":{"rendered":"http:\/\/strony.amuz.krakow.pl\/?page_id=834"},"modified":"2024-10-10T16:07:01","modified_gmt":"2024-10-10T14:07:01","slug":"katedra-teorii-i-interpretacji-dziela-muzycznego","status":"publish","type":"page","link":"https:\/\/www.amuz.krakow.pl\/en\/wydzialy\/wydzial-i-tworczosci-interpretacji-i-edukacji-muzycznej\/katedra-teorii-i-interpretacji-dziela-muzycznego\/","title":{"rendered":"Department of Music Theory and Interpretation"},"content":{"rendered":"<p><\/p>\n<div class=\"page_title\"><\/div>\n<div class=\"page_title\"><span style=\"text-align: justify;\">The community of music theorists gathered in and around the Academy of Music in Krak\u00f3w was formed in the 1970s around the idea of an artistic and humanist face of the art of music.<\/span><\/div>\n<div class=\"page_title\" style=\"text-align: justify;\">\n<p>It has developed a new paradigm of the discipline, corresponding with the current state of general methodology, introducing new concepts of the functioning of musical theory in analytical, interpretative and teaching practice.<\/p>\n<p>What is at the centre of research is the musical work understood as a reference point for all science of music. The work is analysed and interpreted using methods from the realm of structuralism and semiotics, as well as phenomenology and hermeneutics. The work is treated as an artistic object par excellence and is usually placed in an organic cultural context.<\/p>\n<p>The concept of integral interpretation of Doctor Honoris Causa Professor Mieczys\u0142aw Tomaszewski, PhD, is the realisation of that idea.<\/p>\n<p>The predominant interest is in vocal-instrumental works \u2013 a song, opera and musical drama, cantata and oratorio \u2013 hence the word-sound relationship and the problem of the coexistence of arts are the key issues.<\/p>\n<p>What is the main focus of interest for Krakow&#8217;s music theorists is the history and theory of music of more recent times, especially the 19th and 20th centuries. Special attention is given to the problems of Polish Romantic music (Chopin, Moniuszko, Kar\u0142owicz) and of contemporary music (Szymanowski, Lutos\u0142awski, Penderecki, G\u00f3recki and others). Emphasis is also placed on the traditional and contemporary aspects of music associated with Krakow, with particular reference to the Krakow School of Composition.<\/p>\n<p>The scientific and artistic activities of the group of Krakow theorists are also, to a great extent, devoted to the problems of intercultural relations, especially, though not exclusively, in the region of Central Europe.<\/p>\n<p>Periodically organized conferences, seminars and scientific symposia, usually of international and interdisciplinary nature, play an important role in the Group&#8217;s activity.<\/p>\n<p>They are attended not only by music theorists but also by eminent representatives of other disciplines of science and art as well as composers of works subjected to theoretical interpretation, which is quite unique.<\/p>\n<p>The resulting artists\u2019 statements, looked upon as the composers&#8217; self-reflection, become a valuable research material. Scientific meetings are usually accompanied by live music concerts.<\/p>\n<p>Out of all the Group&#8217;s scientific and artistic activities, a number of initiatives have gained international recognition:<br \/>\n&#8211; Music Meetings in Baran\u00f3w, festivals and symposia, 1976-1981.<br \/>\n&#8211; Polish-Lithuanian seminars and symposia, Krakow-Vilnius since 1989.<br \/>\n&#8211; Young Musicians for a Young Town Festivals, Stalowa Wola 1975-1979.<br \/>\n&#8211; Seminars and symposia devoted to Polish contemporary music, since 1975.<br \/>\n&#8211; Symposia on the theory and history of song, since 1984.<br \/>\n&#8211; International symposia on the works of L. van Beethoven, since 1997.<br \/>\n&#8211; Cooperation with the International Semiotics Institute and the organisation of the International Congress on Musical Signification, 2010<br \/>\nThe activity of the Music Theorist Group at the Academy is sometimes referred to as the \u201cKRAKOW SCHOOL OF THEORISTS\u201d.<\/p>\n<p>Mieczys\u0142aw Tomaszewski<\/p>\n<p>&nbsp;<\/p>\n<hr \/>\n<p><strong>Harmony and Counterpoint Team<\/strong><\/p>\n<p><b>prof. dr hab. Anna Zawadzka-Go\u0142osz &#8211; head<br \/>\n<\/b><br \/>\ndr hab. Renata Borowiecka, prof. AMKP<br \/>\nmgr Teresa Fr\u0105czkiewicz-Kirkow<br \/>\ndr Micha\u0142 Gronowicz<br \/>\ndr Ilona Iwa\u0144ska<br \/>\ndr hab. Maciej Jab\u0142o\u0144ski, prof. AMKP<br \/>\ndr hab. Kinga Kiwa\u0142a<br \/>\ndr Marcin Strzelecki<br \/>\ndr Natalia Szwab<br \/>\ndr hab. Wojciech Ziemowit Zych, prof. AMKP<\/p>\n<div class=\"navt\"><\/div>\n<hr \/>\n<p><strong>Ear Training Team<\/strong><\/p>\n<p><b>prof. dr hab. Magdalena D\u0142ugosz \u2013 head<\/b><\/p>\n<p>mgr Magdalena Chrenkoff<br \/>\ndr Ewa Czachorowska-Zygor<br \/>\ndr Andrzej M\u0105dro<br \/>\ndr hab. Micha\u0142 Pawe\u0142ek<br \/>\nmgr Kazimierz P\u0142osko\u0144<br \/>\ndr hab. Ewa W\u00f3jtowicz, prof. AMKP<\/p>\n<p>and<\/p>\n<p>dr Krzysztof Cyran<br \/>\ndr \u0141ukasz Dulewicz<br \/>\ndr Piotr Roemer<br \/>\ndr Zofia Dowgia\u0142\u0142o-Zych<\/p>\n<\/div>\n<p><\/p>","protected":false},"excerpt":{"rendered":"<p>The community of music theorists gathered in and around the Academy of Music in Krak\u00f3w was formed in the 1970s around the idea of an artistic and humanist face of&hellip; <a href=\"https:\/\/www.amuz.krakow.pl\/en\/wydzialy\/wydzial-i-tworczosci-interpretacji-i-edukacji-muzycznej\/katedra-teorii-i-interpretacji-dziela-muzycznego\/\">Continue reading<\/a><\/p>\n","protected":false},"author":72,"featured_media":0,"parent":228,"menu_order":4,"comment_status":"closed","ping_status":"closed","template":"","meta":{"footnotes":"","_links_to":"","_links_to_target":""},"class_list":["post-834","page","type-page","status-publish","hentry"],"yoast_head":"<!-- This site is optimized with the Yoast SEO plugin v27.4 - https:\/\/yoast.com\/product\/yoast-seo-wordpress\/ -->\n<title>AMKP - Akademia Muzyczna im. Krzysztofa Pendereckiego w Krakowie<\/title>\n<meta name=\"robots\" content=\"index, follow, max-snippet:-1, max-image-preview:large, max-video-preview:-1\" \/>\n<link rel=\"canonical\" href=\"https:\/\/www.amuz.krakow.pl\/wydzialy\/wydzial-i-tworczosci-interpretacji-i-edukacji-muzycznej\/katedra-teorii-i-interpretacji-dziela-muzycznego\/\" \/>\n<meta property=\"og:locale\" content=\"en_US\" \/>\n<meta property=\"og:type\" content=\"article\" \/>\n<meta property=\"og:title\" content=\"AMKP - Akademia Muzyczna im. Krzysztofa Pendereckiego w Krakowie\" \/>\n<meta property=\"og:description\" content=\"The community of music theorists gathered in and around the Academy of Music in Krak\u00f3w was formed in the 1970s around the idea of an artistic and humanist face of&hellip; Continue reading\" \/>\n<meta property=\"og:url\" content=\"https:\/\/www.amuz.krakow.pl\/wydzialy\/wydzial-i-tworczosci-interpretacji-i-edukacji-muzycznej\/katedra-teorii-i-interpretacji-dziela-muzycznego\/\" \/>\n<meta property=\"og:site_name\" content=\"Akademia Muzyczna im. Krzysztofa Pendereckiego w Krakowie\" \/>\n<meta property=\"article:publisher\" content=\"https:\/\/www.facebook.com\/amuz.krakow\" \/>\n<meta property=\"article:modified_time\" content=\"2024-10-10T14:07:01+00:00\" \/>\n<meta property=\"og:image\" content=\"https:\/\/www.amuz.krakow.pl\/wp-content\/uploads\/2021\/11\/amkp.jpg\" \/>\n\t<meta property=\"og:image:width\" content=\"1193\" \/>\n\t<meta property=\"og:image:height\" content=\"591\" \/>\n\t<meta property=\"og:image:type\" content=\"image\/jpeg\" \/>\n<meta name=\"twitter:card\" content=\"summary_large_image\" \/>\n<meta name=\"twitter:label1\" content=\"Est. reading time\" \/>\n\t<meta name=\"twitter:data1\" content=\"3 minutes\" \/>\n<script type=\"application\/ld+json\" class=\"yoast-schema-graph\">{\"@context\":\"https:\\\/\\\/schema.org\",\"@graph\":[{\"@type\":\"WebPage\",\"@id\":\"https:\\\/\\\/www.amuz.krakow.pl\\\/wydzialy\\\/wydzial-i-tworczosci-interpretacji-i-edukacji-muzycznej\\\/katedra-teorii-i-interpretacji-dziela-muzycznego\\\/\",\"url\":\"https:\\\/\\\/www.amuz.krakow.pl\\\/wydzialy\\\/wydzial-i-tworczosci-interpretacji-i-edukacji-muzycznej\\\/katedra-teorii-i-interpretacji-dziela-muzycznego\\\/\",\"name\":\"AMKP - Akademia Muzyczna im. Krzysztofa Pendereckiego w Krakowie\",\"isPartOf\":{\"@id\":\"https:\\\/\\\/www.amuz.krakow.pl\\\/#website\"},\"datePublished\":\"2016-01-19T21:46:53+00:00\",\"dateModified\":\"2024-10-10T14:07:01+00:00\",\"breadcrumb\":{\"@id\":\"https:\\\/\\\/www.amuz.krakow.pl\\\/wydzialy\\\/wydzial-i-tworczosci-interpretacji-i-edukacji-muzycznej\\\/katedra-teorii-i-interpretacji-dziela-muzycznego\\\/#breadcrumb\"},\"inLanguage\":\"en-US\",\"potentialAction\":[{\"@type\":\"ReadAction\",\"target\":[\"https:\\\/\\\/www.amuz.krakow.pl\\\/wydzialy\\\/wydzial-i-tworczosci-interpretacji-i-edukacji-muzycznej\\\/katedra-teorii-i-interpretacji-dziela-muzycznego\\\/\"]}]},{\"@type\":\"BreadcrumbList\",\"@id\":\"https:\\\/\\\/www.amuz.krakow.pl\\\/wydzialy\\\/wydzial-i-tworczosci-interpretacji-i-edukacji-muzycznej\\\/katedra-teorii-i-interpretacji-dziela-muzycznego\\\/#breadcrumb\",\"itemListElement\":[{\"@type\":\"ListItem\",\"position\":1,\"name\":\"Strona g\u0142\u00f3wna\",\"item\":\"https:\\\/\\\/www.amuz.krakow.pl\\\/\"},{\"@type\":\"ListItem\",\"position\":2,\"name\":\"WYDZIA\u0141Y\",\"item\":\"https:\\\/\\\/www.amuz.krakow.pl\\\/wydzialy\\\/\"},{\"@type\":\"ListItem\",\"position\":3,\"name\":\"Wydzia\u0142 Tw\u00f3rczo\u015bci, Interpretacji i Edukacji Muzycznej\",\"item\":\"https:\\\/\\\/www.amuz.krakow.pl\\\/wydzialy\\\/wydzial-i-tworczosci-interpretacji-i-edukacji-muzycznej\\\/\"},{\"@type\":\"ListItem\",\"position\":4,\"name\":\"Katedra Teorii i Interpretacji Dzie\u0142a Muzycznego\"}]},{\"@type\":\"WebSite\",\"@id\":\"https:\\\/\\\/www.amuz.krakow.pl\\\/#website\",\"url\":\"https:\\\/\\\/www.amuz.krakow.pl\\\/\",\"name\":\"Akademia Muzyczna im. Krzysztofa Pendereckiego w Krakowie\",\"description\":\"Oficjalna strona Akademii Muzycznej im. Krzysztofa Pendereckiego w Krakowie (AMKP).\",\"publisher\":{\"@id\":\"https:\\\/\\\/www.amuz.krakow.pl\\\/#organization\"},\"alternateName\":\"AMKP\",\"potentialAction\":[{\"@type\":\"SearchAction\",\"target\":{\"@type\":\"EntryPoint\",\"urlTemplate\":\"https:\\\/\\\/www.amuz.krakow.pl\\\/?s={search_term_string}\"},\"query-input\":{\"@type\":\"PropertyValueSpecification\",\"valueRequired\":true,\"valueName\":\"search_term_string\"}}],\"inLanguage\":\"en-US\"},{\"@type\":\"Organization\",\"@id\":\"https:\\\/\\\/www.amuz.krakow.pl\\\/#organization\",\"name\":\"Akademia Muzyczna im. Krzysztofa Pendereckiego w Krakowie\",\"alternateName\":\"AMKP\",\"url\":\"https:\\\/\\\/www.amuz.krakow.pl\\\/\",\"logo\":{\"@type\":\"ImageObject\",\"inLanguage\":\"en-US\",\"@id\":\"https:\\\/\\\/www.amuz.krakow.pl\\\/#\\\/schema\\\/logo\\\/image\\\/\",\"url\":\"https:\\\/\\\/www.amuz.krakow.pl\\\/wp-content\\\/uploads\\\/2021\\\/11\\\/amkp.jpg\",\"contentUrl\":\"https:\\\/\\\/www.amuz.krakow.pl\\\/wp-content\\\/uploads\\\/2021\\\/11\\\/amkp.jpg\",\"width\":1193,\"height\":591,\"caption\":\"Akademia Muzyczna im. Krzysztofa Pendereckiego w Krakowie\"},\"image\":{\"@id\":\"https:\\\/\\\/www.amuz.krakow.pl\\\/#\\\/schema\\\/logo\\\/image\\\/\"},\"sameAs\":[\"https:\\\/\\\/www.facebook.com\\\/amuz.krakow\",\"https:\\\/\\\/www.instagram.com\\\/amkpenderecki\\\/\",\"https:\\\/\\\/www.youtube.com\\\/@amkpenderecki4806\"]}]}<\/script>\n<!-- \/ Yoast SEO plugin. -->","yoast_head_json":{"title":"AMKP - Akademia Muzyczna im. Krzysztofa Pendereckiego w Krakowie","robots":{"index":"index","follow":"follow","max-snippet":"max-snippet:-1","max-image-preview":"max-image-preview:large","max-video-preview":"max-video-preview:-1"},"canonical":"https:\/\/www.amuz.krakow.pl\/wydzialy\/wydzial-i-tworczosci-interpretacji-i-edukacji-muzycznej\/katedra-teorii-i-interpretacji-dziela-muzycznego\/","og_locale":"en_US","og_type":"article","og_title":"AMKP - Akademia Muzyczna im. Krzysztofa Pendereckiego w Krakowie","og_description":"The community of music theorists gathered in and around the Academy of Music in Krak\u00f3w was formed in the 1970s around the idea of an artistic and humanist face of&hellip; Continue reading","og_url":"https:\/\/www.amuz.krakow.pl\/wydzialy\/wydzial-i-tworczosci-interpretacji-i-edukacji-muzycznej\/katedra-teorii-i-interpretacji-dziela-muzycznego\/","og_site_name":"Akademia Muzyczna im. Krzysztofa Pendereckiego w Krakowie","article_publisher":"https:\/\/www.facebook.com\/amuz.krakow","article_modified_time":"2024-10-10T14:07:01+00:00","og_image":[{"width":1193,"height":591,"url":"https:\/\/www.amuz.krakow.pl\/wp-content\/uploads\/2021\/11\/amkp.jpg","type":"image\/jpeg"}],"twitter_card":"summary_large_image","twitter_misc":{"Est. reading time":"3 minutes"},"schema":{"@context":"https:\/\/schema.org","@graph":[{"@type":"WebPage","@id":"https:\/\/www.amuz.krakow.pl\/wydzialy\/wydzial-i-tworczosci-interpretacji-i-edukacji-muzycznej\/katedra-teorii-i-interpretacji-dziela-muzycznego\/","url":"https:\/\/www.amuz.krakow.pl\/wydzialy\/wydzial-i-tworczosci-interpretacji-i-edukacji-muzycznej\/katedra-teorii-i-interpretacji-dziela-muzycznego\/","name":"AMKP - Akademia Muzyczna im. Krzysztofa Pendereckiego w Krakowie","isPartOf":{"@id":"https:\/\/www.amuz.krakow.pl\/#website"},"datePublished":"2016-01-19T21:46:53+00:00","dateModified":"2024-10-10T14:07:01+00:00","breadcrumb":{"@id":"https:\/\/www.amuz.krakow.pl\/wydzialy\/wydzial-i-tworczosci-interpretacji-i-edukacji-muzycznej\/katedra-teorii-i-interpretacji-dziela-muzycznego\/#breadcrumb"},"inLanguage":"en-US","potentialAction":[{"@type":"ReadAction","target":["https:\/\/www.amuz.krakow.pl\/wydzialy\/wydzial-i-tworczosci-interpretacji-i-edukacji-muzycznej\/katedra-teorii-i-interpretacji-dziela-muzycznego\/"]}]},{"@type":"BreadcrumbList","@id":"https:\/\/www.amuz.krakow.pl\/wydzialy\/wydzial-i-tworczosci-interpretacji-i-edukacji-muzycznej\/katedra-teorii-i-interpretacji-dziela-muzycznego\/#breadcrumb","itemListElement":[{"@type":"ListItem","position":1,"name":"Strona g\u0142\u00f3wna","item":"https:\/\/www.amuz.krakow.pl\/"},{"@type":"ListItem","position":2,"name":"WYDZIA\u0141Y","item":"https:\/\/www.amuz.krakow.pl\/wydzialy\/"},{"@type":"ListItem","position":3,"name":"Wydzia\u0142 Tw\u00f3rczo\u015bci, Interpretacji i Edukacji Muzycznej","item":"https:\/\/www.amuz.krakow.pl\/wydzialy\/wydzial-i-tworczosci-interpretacji-i-edukacji-muzycznej\/"},{"@type":"ListItem","position":4,"name":"Katedra Teorii i Interpretacji Dzie\u0142a Muzycznego"}]},{"@type":"WebSite","@id":"https:\/\/www.amuz.krakow.pl\/#website","url":"https:\/\/www.amuz.krakow.pl\/","name":"Akademia Muzyczna im. Krzysztofa Pendereckiego w Krakowie","description":"Oficjalna strona Akademii Muzycznej im. Krzysztofa Pendereckiego w Krakowie (AMKP).","publisher":{"@id":"https:\/\/www.amuz.krakow.pl\/#organization"},"alternateName":"AMKP","potentialAction":[{"@type":"SearchAction","target":{"@type":"EntryPoint","urlTemplate":"https:\/\/www.amuz.krakow.pl\/?s={search_term_string}"},"query-input":{"@type":"PropertyValueSpecification","valueRequired":true,"valueName":"search_term_string"}}],"inLanguage":"en-US"},{"@type":"Organization","@id":"https:\/\/www.amuz.krakow.pl\/#organization","name":"Akademia Muzyczna im. Krzysztofa Pendereckiego w Krakowie","alternateName":"AMKP","url":"https:\/\/www.amuz.krakow.pl\/","logo":{"@type":"ImageObject","inLanguage":"en-US","@id":"https:\/\/www.amuz.krakow.pl\/#\/schema\/logo\/image\/","url":"https:\/\/www.amuz.krakow.pl\/wp-content\/uploads\/2021\/11\/amkp.jpg","contentUrl":"https:\/\/www.amuz.krakow.pl\/wp-content\/uploads\/2021\/11\/amkp.jpg","width":1193,"height":591,"caption":"Akademia Muzyczna im. Krzysztofa Pendereckiego w Krakowie"},"image":{"@id":"https:\/\/www.amuz.krakow.pl\/#\/schema\/logo\/image\/"},"sameAs":["https:\/\/www.facebook.com\/amuz.krakow","https:\/\/www.instagram.com\/amkpenderecki\/","https:\/\/www.youtube.com\/@amkpenderecki4806"]}]}},"_links":{"self":[{"href":"https:\/\/www.amuz.krakow.pl\/en\/wp-json\/wp\/v2\/pages\/834","targetHints":{"allow":["GET"]}}],"collection":[{"href":"https:\/\/www.amuz.krakow.pl\/en\/wp-json\/wp\/v2\/pages"}],"about":[{"href":"https:\/\/www.amuz.krakow.pl\/en\/wp-json\/wp\/v2\/types\/page"}],"author":[{"embeddable":true,"href":"https:\/\/www.amuz.krakow.pl\/en\/wp-json\/wp\/v2\/users\/72"}],"replies":[{"embeddable":true,"href":"https:\/\/www.amuz.krakow.pl\/en\/wp-json\/wp\/v2\/comments?post=834"}],"version-history":[{"count":22,"href":"https:\/\/www.amuz.krakow.pl\/en\/wp-json\/wp\/v2\/pages\/834\/revisions"}],"predecessor-version":[{"id":90921,"href":"https:\/\/www.amuz.krakow.pl\/en\/wp-json\/wp\/v2\/pages\/834\/revisions\/90921"}],"up":[{"embeddable":true,"href":"https:\/\/www.amuz.krakow.pl\/en\/wp-json\/wp\/v2\/pages\/228"}],"wp:attachment":[{"href":"https:\/\/www.amuz.krakow.pl\/en\/wp-json\/wp\/v2\/media?parent=834"}],"curies":[{"name":"wp","href":"https:\/\/api.w.org\/{rel}","templated":true}]}}