{"id":83379,"date":"2024-02-26T10:19:22","date_gmt":"2024-02-26T09:19:22","guid":{"rendered":"https:\/\/www.amuz.krakow.pl\/?page_id=83379"},"modified":"2024-08-27T11:00:20","modified_gmt":"2024-08-27T09:00:20","slug":"joanna-freszel","status":"publish","type":"page","link":"https:\/\/www.amuz.krakow.pl\/en\/wydzialy\/wydzial-iii-wokalno-aktorski\/katedra-wokalistyki\/pracownicy-katedry\/joanna-freszel\/","title":{"rendered":"dr Joanna Freszel"},"content":{"rendered":"<p><figure id=\"attachment_89150\" aria-describedby=\"caption-attachment-89150\" style=\"width: 184px\" class=\"wp-caption alignleft\"><a href=\"https:\/\/www.amuz.krakow.pl\/wp-content\/uploads\/2024\/08\/Joanna-Freszel_fot.-Kinga-Karpati-Daniel-Zarewicz-scaled.jpg\" target=\"_blank\" rel=\"noopener\"><img loading=\"lazy\" decoding=\"async\" class=\"wp-image-89150 size-medium\" src=\"https:\/\/www.amuz.krakow.pl\/wp-content\/uploads\/2024\/08\/Joanna-Freszel_fot.-Kinga-Karpati-Daniel-Zarewicz-184x300.jpg\" alt=\"\" width=\"184\" height=\"300\" srcset=\"https:\/\/www.amuz.krakow.pl\/wp-content\/uploads\/2024\/08\/Joanna-Freszel_fot.-Kinga-Karpati-Daniel-Zarewicz-184x300.jpg 184w, https:\/\/www.amuz.krakow.pl\/wp-content\/uploads\/2024\/08\/Joanna-Freszel_fot.-Kinga-Karpati-Daniel-Zarewicz-scaled.jpg 1259w, https:\/\/www.amuz.krakow.pl\/wp-content\/uploads\/2024\/08\/Joanna-Freszel_fot.-Kinga-Karpati-Daniel-Zarewicz-768x1250.jpg 768w, https:\/\/www.amuz.krakow.pl\/wp-content\/uploads\/2024\/08\/Joanna-Freszel_fot.-Kinga-Karpati-Daniel-Zarewicz-944x1536.jpg 944w\" sizes=\"auto, (max-width: 184px) 100vw, 184px\" \/><\/a><figcaption id=\"caption-attachment-89150\" class=\"wp-caption-text\">fot. Kinga Karpati &amp; Daniel Zarewicz<\/figcaption><\/figure><\/p>\n<p>Soprano, three-time scholarship holder of the Minister of Culture, Pro Polonia programme, ISA2012, awarded with the Magna cum Laude medal, M\u0142oda Polska [Young Poland] scholarship, Les Orph\u00e9es d\u2019Or \u2013 Prix de la SACD of L\u2019Acad\u00e9mie du Disque Lyrique. Nominated in two categories for the Fryderyk 2016 award for her debut album <em>real life song<\/em>; a Polityka Passport Award winner.<\/p>\n<p>She received a Coryphaeus award for her participation in A. Nowak\u2019s <em>Drach <\/em>to the libretto by Sz. Twardoch and won a Fryderyk award for the recording of the opera <em>ahat-il\u012b<\/em> <em>\u2013 Sister of Gods <\/em>by A. Nowak to the words by O. Tokarczuk.<\/p>\n<p>Awarded in such competition as the Halska Competition, the Szymanowski Competition, the Reszke Competition, Gabor Belvedere, J:opera Voice Competition ISA\u201912. Finalist of the Viotti Competition.<\/p>\n<p>She has recorded music for films and radio plays. The artist has taken part in the most important festivals in Poland and abroad. She works with the Estonian National Opera, the Teatr Wielki \u2013 Polish National Opera in Warsaw and the Grand Theatre in Pozna\u0144.<\/p>\n<p>She has performed as Musetta in <em>La Boh\u00e8me<\/em> by Puccini, V\u00e9nus and a Phrygian woman in <em>Dardanus <\/em>by Rameau, Fiordiligi in <em>Cos\u00ec fan tutte<\/em> by Mozart, Marguerite in <em>Faust<\/em> by Gounod, Machine in <em>Nici<\/em> [Threads] by Wo\u0142ek, Susanna in <em>Figaro Gets a<\/em> <em>Divorce<\/em> by Langer, Psyche in <em>Eros and Psyche<\/em> by R\u00f3\u017cycki, Inanna in <em>ahat-il\u012b<\/em> by Nowak, Ellenai in <em>Anhelli<\/em> by Przybylski, Rosina in <em>The Barber of Seville<\/em> by Rossini or Hanna in <em>The Haunted Manor<\/em> by Moniuszko.<\/p>\n<p>In 2020, she released her second album <em>\u015apiewnik polski<\/em> [A Polish Songbook] (Orph\u00e9e Classics), and at the end of 2021 \u2013 the album <em>Akwarelle <\/em>[Aquarelles], which is the first recording of complete songs by Gra\u017cyna Bacewicz (DUX).<\/p>\n<p>She is a Master of Science in Environmental Protection of the Warsaw University of Life Sciences. In 2019, she received the title of Doctor of Musical Arts with honours.<\/p>\n<p><a href=\"mailto:joanna.freszel@amuz.krakow.pl\">joanna.freszel@amuz.krakow.pl <\/a><\/p>","protected":false},"excerpt":{"rendered":"<p>Soprano, three-time scholarship holder of the Minister of Culture, Pro Polonia programme, ISA2012, awarded with the Magna cum Laude medal, M\u0142oda Polska [Young Poland] scholarship, Les Orph\u00e9es d\u2019Or \u2013 Prix&hellip; <a href=\"https:\/\/www.amuz.krakow.pl\/en\/wydzialy\/wydzial-iii-wokalno-aktorski\/katedra-wokalistyki\/pracownicy-katedry\/joanna-freszel\/\">Continue reading<\/a><\/p>\n","protected":false},"author":72,"featured_media":89151,"parent":3238,"menu_order":40,"comment_status":"closed","ping_status":"closed","template":"","meta":{"footnotes":"","_links_to":"","_links_to_target":""},"class_list":["post-83379","page","type-page","status-publish","has-post-thumbnail","hentry"],"yoast_head":"<!-- This site is optimized with the Yoast SEO plugin v27.2 - https:\/\/yoast.com\/product\/yoast-seo-wordpress\/ -->\n<title>AMKP - Akademia Muzyczna im. Krzysztofa Pendereckiego w Krakowie<\/title>\n<meta name=\"robots\" content=\"index, follow, max-snippet:-1, max-image-preview:large, max-video-preview:-1\" \/>\n<link rel=\"canonical\" href=\"https:\/\/www.amuz.krakow.pl\/wydzialy\/wydzial-iii-wokalno-aktorski\/katedra-wokalistyki\/pracownicy-katedry\/joanna-freszel\/\" \/>\n<meta property=\"og:locale\" content=\"en_US\" \/>\n<meta property=\"og:type\" content=\"article\" \/>\n<meta property=\"og:title\" content=\"AMKP - Akademia Muzyczna im. Krzysztofa Pendereckiego w Krakowie\" \/>\n<meta property=\"og:description\" content=\"Soprano, three-time scholarship holder of the Minister of Culture, Pro Polonia programme, ISA2012, awarded with the Magna cum Laude medal, M\u0142oda Polska [Young Poland] scholarship, Les Orph\u00e9es d\u2019Or \u2013 Prix&hellip; Continue reading\" \/>\n<meta property=\"og:url\" content=\"https:\/\/www.amuz.krakow.pl\/wydzialy\/wydzial-iii-wokalno-aktorski\/katedra-wokalistyki\/pracownicy-katedry\/joanna-freszel\/\" \/>\n<meta property=\"og:site_name\" content=\"Akademia Muzyczna im. Krzysztofa Pendereckiego w Krakowie\" \/>\n<meta property=\"article:publisher\" content=\"https:\/\/www.facebook.com\/amuz.krakow\" \/>\n<meta property=\"article:modified_time\" content=\"2024-08-27T09:00:20+00:00\" \/>\n<meta property=\"og:image\" content=\"https:\/\/www.amuz.krakow.pl\/wp-content\/uploads\/2024\/08\/Joanna-Freszel_miniatura_fot.-Kinga-Karpati-Daniel-Zarewicz-scaled.jpg\" \/>\n\t<meta property=\"og:image:width\" content=\"2048\" \/>\n\t<meta property=\"og:image:height\" content=\"1024\" \/>\n\t<meta property=\"og:image:type\" content=\"image\/jpeg\" \/>\n<meta name=\"twitter:card\" content=\"summary_large_image\" \/>\n<meta name=\"twitter:label1\" content=\"Est. reading time\" \/>\n\t<meta name=\"twitter:data1\" content=\"3 minutes\" \/>\n<script type=\"application\/ld+json\" class=\"yoast-schema-graph\">{\"@context\":\"https:\/\/schema.org\",\"@graph\":[{\"@type\":\"WebPage\",\"@id\":\"https:\/\/www.amuz.krakow.pl\/wydzialy\/wydzial-iii-wokalno-aktorski\/katedra-wokalistyki\/pracownicy-katedry\/joanna-freszel\/\",\"url\":\"https:\/\/www.amuz.krakow.pl\/wydzialy\/wydzial-iii-wokalno-aktorski\/katedra-wokalistyki\/pracownicy-katedry\/joanna-freszel\/\",\"name\":\"AMKP - Akademia Muzyczna im. Krzysztofa Pendereckiego w Krakowie\",\"isPartOf\":{\"@id\":\"https:\/\/www.amuz.krakow.pl\/#website\"},\"primaryImageOfPage\":{\"@id\":\"https:\/\/www.amuz.krakow.pl\/wydzialy\/wydzial-iii-wokalno-aktorski\/katedra-wokalistyki\/pracownicy-katedry\/joanna-freszel\/#primaryimage\"},\"image\":{\"@id\":\"https:\/\/www.amuz.krakow.pl\/wydzialy\/wydzial-iii-wokalno-aktorski\/katedra-wokalistyki\/pracownicy-katedry\/joanna-freszel\/#primaryimage\"},\"thumbnailUrl\":\"https:\/\/www.amuz.krakow.pl\/wp-content\/uploads\/2024\/08\/Joanna-Freszel_miniatura_fot.-Kinga-Karpati-Daniel-Zarewicz-scaled.jpg\",\"datePublished\":\"2024-02-26T09:19:22+00:00\",\"dateModified\":\"2024-08-27T09:00:20+00:00\",\"breadcrumb\":{\"@id\":\"https:\/\/www.amuz.krakow.pl\/wydzialy\/wydzial-iii-wokalno-aktorski\/katedra-wokalistyki\/pracownicy-katedry\/joanna-freszel\/#breadcrumb\"},\"inLanguage\":\"en-US\",\"potentialAction\":[{\"@type\":\"ReadAction\",\"target\":[\"https:\/\/www.amuz.krakow.pl\/wydzialy\/wydzial-iii-wokalno-aktorski\/katedra-wokalistyki\/pracownicy-katedry\/joanna-freszel\/\"]}]},{\"@type\":\"ImageObject\",\"inLanguage\":\"en-US\",\"@id\":\"https:\/\/www.amuz.krakow.pl\/wydzialy\/wydzial-iii-wokalno-aktorski\/katedra-wokalistyki\/pracownicy-katedry\/joanna-freszel\/#primaryimage\",\"url\":\"https:\/\/www.amuz.krakow.pl\/wp-content\/uploads\/2024\/08\/Joanna-Freszel_miniatura_fot.-Kinga-Karpati-Daniel-Zarewicz-scaled.jpg\",\"contentUrl\":\"https:\/\/www.amuz.krakow.pl\/wp-content\/uploads\/2024\/08\/Joanna-Freszel_miniatura_fot.-Kinga-Karpati-Daniel-Zarewicz-scaled.jpg\",\"width\":2048,\"height\":1024},{\"@type\":\"BreadcrumbList\",\"@id\":\"https:\/\/www.amuz.krakow.pl\/wydzialy\/wydzial-iii-wokalno-aktorski\/katedra-wokalistyki\/pracownicy-katedry\/joanna-freszel\/#breadcrumb\",\"itemListElement\":[{\"@type\":\"ListItem\",\"position\":1,\"name\":\"Strona g\u0142\u00f3wna\",\"item\":\"https:\/\/www.amuz.krakow.pl\/\"},{\"@type\":\"ListItem\",\"position\":2,\"name\":\"WYDZIA\u0141Y\",\"item\":\"https:\/\/www.amuz.krakow.pl\/wydzialy\/\"},{\"@type\":\"ListItem\",\"position\":3,\"name\":\"Wydzia\u0142 Wokalno-Aktorski\",\"item\":\"https:\/\/www.amuz.krakow.pl\/wydzialy\/wydzial-iii-wokalno-aktorski\/\"},{\"@type\":\"ListItem\",\"position\":4,\"name\":\"Katedra Wokalistyki\",\"item\":\"https:\/\/www.amuz.krakow.pl\/wydzialy\/wydzial-iii-wokalno-aktorski\/katedra-wokalistyki\/\"},{\"@type\":\"ListItem\",\"position\":5,\"name\":\"Pracownicy Katedry\",\"item\":\"https:\/\/www.amuz.krakow.pl\/wydzialy\/wydzial-iii-wokalno-aktorski\/katedra-wokalistyki\/pracownicy-katedry\/\"},{\"@type\":\"ListItem\",\"position\":6,\"name\":\"dr Joanna Freszel\"}]},{\"@type\":\"WebSite\",\"@id\":\"https:\/\/www.amuz.krakow.pl\/#website\",\"url\":\"https:\/\/www.amuz.krakow.pl\/\",\"name\":\"Akademia Muzyczna im. Krzysztofa Pendereckiego w Krakowie\",\"description\":\"Oficjalna strona Akademii Muzycznej im. Krzysztofa Pendereckiego w Krakowie (AMKP).\",\"publisher\":{\"@id\":\"https:\/\/www.amuz.krakow.pl\/#organization\"},\"alternateName\":\"AMKP\",\"potentialAction\":[{\"@type\":\"SearchAction\",\"target\":{\"@type\":\"EntryPoint\",\"urlTemplate\":\"https:\/\/www.amuz.krakow.pl\/?s={search_term_string}\"},\"query-input\":{\"@type\":\"PropertyValueSpecification\",\"valueRequired\":true,\"valueName\":\"search_term_string\"}}],\"inLanguage\":\"en-US\"},{\"@type\":\"Organization\",\"@id\":\"https:\/\/www.amuz.krakow.pl\/#organization\",\"name\":\"Akademia Muzyczna im. Krzysztofa Pendereckiego w Krakowie\",\"alternateName\":\"AMKP\",\"url\":\"https:\/\/www.amuz.krakow.pl\/\",\"logo\":{\"@type\":\"ImageObject\",\"inLanguage\":\"en-US\",\"@id\":\"https:\/\/www.amuz.krakow.pl\/#\/schema\/logo\/image\/\",\"url\":\"https:\/\/www.amuz.krakow.pl\/wp-content\/uploads\/2021\/11\/amkp.jpg\",\"contentUrl\":\"https:\/\/www.amuz.krakow.pl\/wp-content\/uploads\/2021\/11\/amkp.jpg\",\"width\":1193,\"height\":591,\"caption\":\"Akademia Muzyczna im. Krzysztofa Pendereckiego w Krakowie\"},\"image\":{\"@id\":\"https:\/\/www.amuz.krakow.pl\/#\/schema\/logo\/image\/\"},\"sameAs\":[\"https:\/\/www.facebook.com\/amuz.krakow\",\"https:\/\/www.instagram.com\/amkpenderecki\/\",\"https:\/\/www.youtube.com\/@amkpenderecki4806\"]}]}<\/script>\n<!-- \/ Yoast SEO plugin. -->","yoast_head_json":{"title":"AMKP - Akademia Muzyczna im. Krzysztofa Pendereckiego w Krakowie","robots":{"index":"index","follow":"follow","max-snippet":"max-snippet:-1","max-image-preview":"max-image-preview:large","max-video-preview":"max-video-preview:-1"},"canonical":"https:\/\/www.amuz.krakow.pl\/wydzialy\/wydzial-iii-wokalno-aktorski\/katedra-wokalistyki\/pracownicy-katedry\/joanna-freszel\/","og_locale":"en_US","og_type":"article","og_title":"AMKP - Akademia Muzyczna im. Krzysztofa Pendereckiego w Krakowie","og_description":"Soprano, three-time scholarship holder of the Minister of Culture, Pro Polonia programme, ISA2012, awarded with the Magna cum Laude medal, M\u0142oda Polska [Young Poland] scholarship, Les Orph\u00e9es d\u2019Or \u2013 Prix&hellip; Continue reading","og_url":"https:\/\/www.amuz.krakow.pl\/wydzialy\/wydzial-iii-wokalno-aktorski\/katedra-wokalistyki\/pracownicy-katedry\/joanna-freszel\/","og_site_name":"Akademia Muzyczna im. Krzysztofa Pendereckiego w Krakowie","article_publisher":"https:\/\/www.facebook.com\/amuz.krakow","article_modified_time":"2024-08-27T09:00:20+00:00","og_image":[{"width":2048,"height":1024,"url":"https:\/\/www.amuz.krakow.pl\/wp-content\/uploads\/2024\/08\/Joanna-Freszel_miniatura_fot.-Kinga-Karpati-Daniel-Zarewicz-scaled.jpg","type":"image\/jpeg"}],"twitter_card":"summary_large_image","twitter_misc":{"Est. reading time":"3 minutes"},"schema":{"@context":"https:\/\/schema.org","@graph":[{"@type":"WebPage","@id":"https:\/\/www.amuz.krakow.pl\/wydzialy\/wydzial-iii-wokalno-aktorski\/katedra-wokalistyki\/pracownicy-katedry\/joanna-freszel\/","url":"https:\/\/www.amuz.krakow.pl\/wydzialy\/wydzial-iii-wokalno-aktorski\/katedra-wokalistyki\/pracownicy-katedry\/joanna-freszel\/","name":"AMKP - Akademia Muzyczna im. Krzysztofa Pendereckiego w Krakowie","isPartOf":{"@id":"https:\/\/www.amuz.krakow.pl\/#website"},"primaryImageOfPage":{"@id":"https:\/\/www.amuz.krakow.pl\/wydzialy\/wydzial-iii-wokalno-aktorski\/katedra-wokalistyki\/pracownicy-katedry\/joanna-freszel\/#primaryimage"},"image":{"@id":"https:\/\/www.amuz.krakow.pl\/wydzialy\/wydzial-iii-wokalno-aktorski\/katedra-wokalistyki\/pracownicy-katedry\/joanna-freszel\/#primaryimage"},"thumbnailUrl":"https:\/\/www.amuz.krakow.pl\/wp-content\/uploads\/2024\/08\/Joanna-Freszel_miniatura_fot.-Kinga-Karpati-Daniel-Zarewicz-scaled.jpg","datePublished":"2024-02-26T09:19:22+00:00","dateModified":"2024-08-27T09:00:20+00:00","breadcrumb":{"@id":"https:\/\/www.amuz.krakow.pl\/wydzialy\/wydzial-iii-wokalno-aktorski\/katedra-wokalistyki\/pracownicy-katedry\/joanna-freszel\/#breadcrumb"},"inLanguage":"en-US","potentialAction":[{"@type":"ReadAction","target":["https:\/\/www.amuz.krakow.pl\/wydzialy\/wydzial-iii-wokalno-aktorski\/katedra-wokalistyki\/pracownicy-katedry\/joanna-freszel\/"]}]},{"@type":"ImageObject","inLanguage":"en-US","@id":"https:\/\/www.amuz.krakow.pl\/wydzialy\/wydzial-iii-wokalno-aktorski\/katedra-wokalistyki\/pracownicy-katedry\/joanna-freszel\/#primaryimage","url":"https:\/\/www.amuz.krakow.pl\/wp-content\/uploads\/2024\/08\/Joanna-Freszel_miniatura_fot.-Kinga-Karpati-Daniel-Zarewicz-scaled.jpg","contentUrl":"https:\/\/www.amuz.krakow.pl\/wp-content\/uploads\/2024\/08\/Joanna-Freszel_miniatura_fot.-Kinga-Karpati-Daniel-Zarewicz-scaled.jpg","width":2048,"height":1024},{"@type":"BreadcrumbList","@id":"https:\/\/www.amuz.krakow.pl\/wydzialy\/wydzial-iii-wokalno-aktorski\/katedra-wokalistyki\/pracownicy-katedry\/joanna-freszel\/#breadcrumb","itemListElement":[{"@type":"ListItem","position":1,"name":"Strona g\u0142\u00f3wna","item":"https:\/\/www.amuz.krakow.pl\/"},{"@type":"ListItem","position":2,"name":"WYDZIA\u0141Y","item":"https:\/\/www.amuz.krakow.pl\/wydzialy\/"},{"@type":"ListItem","position":3,"name":"Wydzia\u0142 Wokalno-Aktorski","item":"https:\/\/www.amuz.krakow.pl\/wydzialy\/wydzial-iii-wokalno-aktorski\/"},{"@type":"ListItem","position":4,"name":"Katedra Wokalistyki","item":"https:\/\/www.amuz.krakow.pl\/wydzialy\/wydzial-iii-wokalno-aktorski\/katedra-wokalistyki\/"},{"@type":"ListItem","position":5,"name":"Pracownicy Katedry","item":"https:\/\/www.amuz.krakow.pl\/wydzialy\/wydzial-iii-wokalno-aktorski\/katedra-wokalistyki\/pracownicy-katedry\/"},{"@type":"ListItem","position":6,"name":"dr Joanna Freszel"}]},{"@type":"WebSite","@id":"https:\/\/www.amuz.krakow.pl\/#website","url":"https:\/\/www.amuz.krakow.pl\/","name":"Akademia Muzyczna im. Krzysztofa Pendereckiego w Krakowie","description":"Oficjalna strona Akademii Muzycznej im. Krzysztofa Pendereckiego w Krakowie (AMKP).","publisher":{"@id":"https:\/\/www.amuz.krakow.pl\/#organization"},"alternateName":"AMKP","potentialAction":[{"@type":"SearchAction","target":{"@type":"EntryPoint","urlTemplate":"https:\/\/www.amuz.krakow.pl\/?s={search_term_string}"},"query-input":{"@type":"PropertyValueSpecification","valueRequired":true,"valueName":"search_term_string"}}],"inLanguage":"en-US"},{"@type":"Organization","@id":"https:\/\/www.amuz.krakow.pl\/#organization","name":"Akademia Muzyczna im. Krzysztofa Pendereckiego w Krakowie","alternateName":"AMKP","url":"https:\/\/www.amuz.krakow.pl\/","logo":{"@type":"ImageObject","inLanguage":"en-US","@id":"https:\/\/www.amuz.krakow.pl\/#\/schema\/logo\/image\/","url":"https:\/\/www.amuz.krakow.pl\/wp-content\/uploads\/2021\/11\/amkp.jpg","contentUrl":"https:\/\/www.amuz.krakow.pl\/wp-content\/uploads\/2021\/11\/amkp.jpg","width":1193,"height":591,"caption":"Akademia Muzyczna im. Krzysztofa Pendereckiego w Krakowie"},"image":{"@id":"https:\/\/www.amuz.krakow.pl\/#\/schema\/logo\/image\/"},"sameAs":["https:\/\/www.facebook.com\/amuz.krakow","https:\/\/www.instagram.com\/amkpenderecki\/","https:\/\/www.youtube.com\/@amkpenderecki4806"]}]}},"_links":{"self":[{"href":"https:\/\/www.amuz.krakow.pl\/en\/wp-json\/wp\/v2\/pages\/83379","targetHints":{"allow":["GET"]}}],"collection":[{"href":"https:\/\/www.amuz.krakow.pl\/en\/wp-json\/wp\/v2\/pages"}],"about":[{"href":"https:\/\/www.amuz.krakow.pl\/en\/wp-json\/wp\/v2\/types\/page"}],"author":[{"embeddable":true,"href":"https:\/\/www.amuz.krakow.pl\/en\/wp-json\/wp\/v2\/users\/72"}],"replies":[{"embeddable":true,"href":"https:\/\/www.amuz.krakow.pl\/en\/wp-json\/wp\/v2\/comments?post=83379"}],"version-history":[{"count":3,"href":"https:\/\/www.amuz.krakow.pl\/en\/wp-json\/wp\/v2\/pages\/83379\/revisions"}],"predecessor-version":[{"id":89152,"href":"https:\/\/www.amuz.krakow.pl\/en\/wp-json\/wp\/v2\/pages\/83379\/revisions\/89152"}],"up":[{"embeddable":true,"href":"https:\/\/www.amuz.krakow.pl\/en\/wp-json\/wp\/v2\/pages\/3238"}],"wp:featuredmedia":[{"embeddable":true,"href":"https:\/\/www.amuz.krakow.pl\/en\/wp-json\/wp\/v2\/media\/89151"}],"wp:attachment":[{"href":"https:\/\/www.amuz.krakow.pl\/en\/wp-json\/wp\/v2\/media?parent=83379"}],"curies":[{"name":"wp","href":"https:\/\/api.w.org\/{rel}","templated":true}]}}