{"id":830,"date":"2016-01-19T22:45:55","date_gmt":"2016-01-19T21:45:55","guid":{"rendered":"http:\/\/strony.amuz.krakow.pl\/?page_id=830"},"modified":"2025-11-26T10:57:45","modified_gmt":"2025-11-26T09:57:45","slug":"studio-muzyki-elektroakustycznej","status":"publish","type":"page","link":"https:\/\/www.amuz.krakow.pl\/en\/wydzialy\/wydzial-i-tworczosci-interpretacji-i-edukacji-muzycznej\/katedra-kompozycji\/studio-muzyki-elektroakustycznej\/","title":{"rendered":"Electroacoustic Music Studio"},"content":{"rendered":"<p><\/p>\n<h4><strong>History and activity<\/strong><\/h4>\n<p>Electroacoustic Music Studio (SME) is a unit of Composition Department. It was founded in 1973 by J\u00f3zef Patkowski, as the first didactic facility of that kind in Poland and the second major national center for electronic music since opening of the Polish Radio Experimental Studio in Warsaw.<br \/>\nAt the beginning the Studio&#8217;s activity was based mostly on the analog E.M.S. equipment.The main educational objective was initiated by J\u00f3zef Patkowski in 1974: 2-years Electronic Music Course for the Composition, Conducting, and Music Theory students. In the 90-ties the Computer-based Aural Training course, as well as the advanced Computer Programs Courses for all students of the Music Academy were created.<\/p>\n<p>Studio&#8217;s facilities were explored by the faculty as well as many invited composers: Dennis Anderson, Marcos Battistuzzi, Mateusz Bie\u0144, Marek Cho\u0142oniewski, Marcel Chyrzy\u0144ski, Gloria Coats, Martin Davies, Magdalena D\u0142ugosz, Anna Dudzi\u0144ska, Hector Fiore, Bart\u0142omiej Gliniak, Piotr Ha\u0142asa, Eero Hameenniemi, Ryan Ingebritsen, Kerry Kenny, Michail Kirkoff, Krzysztof Knittel, Hanna Kulenty, Hye-Won Lee, Charles Lipp, Enrique Macias, Anna Maciejasz-Kami\u0144ska, Mehdi Menjiqi, Mario Arenas Navarrette, Keir Neuringer, Andrea Pensado, Eugeniusz Pop\u0142awski, Kazimierz Pyzik, Isidore Rudnick, J\u00f3zef Rychlik, Bogus\u0142aw Schaeffer, Pekka Siren, Joanna St\u0119palska, Pawe\u0142 Szyma\u0144ski, Ewa Tr\u0119bacz, Joanna Wnuk-Nazar, Barbara Zawadzka, Anna Zawadzka-Go\u0142osz, Lidia Zieli\u0144ska, and Pawe\u0142 Zio\u0142o. The Studio has also been involved in the production of music for film, theater, television, and radio purposes. In 1976 the Studio has initiated a series of concerts Electronic Music, presenting works of the eminent composers from all over the world. Composers invited to participate in that project were: Kevin Austin, Roman Berger, Richard Boulanger, Lars Gunnar Bodin, Krzysztof Czaja, Charles Dodge, Juraj Duris, Lejaren Hiller, Pierre Alain Jaffrennou, Wilfried Jentzsch, Zbigniew Karkowski, Tadeusz Kassatti, Daniel Kientzy, Piotr Kleczkowski, W\u0142odzimierz Koto\u0144ski, Stanis\u0142aw Krupowicz, Henryk Ku\u017aniak, David Mason, Robin Minard, Yann Orlarey, Mark Polishook, Krzysztof Szlifirski, Daniel Teruggi, Iannius Xenakis, and Peter Zinovieff.<\/p>\n<p>1989 was a turning point in the history of the Studio. The Fulbright Foundation has carried out its project in the Music Academy in Krak\u00f3w. Over the next 8 years, five computer music specialists: Dr Ira Mowitz, Dr Richard Boulanger, Dr Cindy McTee, Dr Rodney Oakes, and Dr Mark Polishook have installed a complete computer music system based on Macintosh. They have also given lectures, seminars, concerts, TV and Radio programs concerning history, technology, and aesthetics of computer music.The following people and organizations have founded the additional Studio equipment: Dr Richard Boulanger, Berklee College of Music, Stendal Foundation, David Mason, Mark of the Unicorn, Shareware Music Machine, Coda Music Technology, Artistic Society &#8220;Muzyka Centrum&#8221;.<\/p>\n<p>In 1991 the Studio has initiated and organized Courses for Computer Music in collaboration with the Music Academy in Warsaw. The courses took place in the following cities: Krak\u00f3w in 1991, Warsaw in 1992, Katowice in 1993, and again Warsaw in 1994. In 2000 Prof. Marek Cho\u0142oniewski has become the head of the Studio and has coordinated the Krak\u00f3w edition of the International ACANTHES 2000 Workshops, realised by IRCAM in Paris, and a common project of the three European Capitals of Culture: Krak\u00f3w, Helsinki, and Avignion. Other projects were also initiated, among them &#8220;Education and Performance&#8221;, being a mix of didactics and performing activity. Many Polish composers, who have studied in the Studio, are now affiliated with the leading Computer Music Centers all over the world. Also many foreign composers are being invited to work in the Studio.<\/p>\n<p>The Studio is coordinating many artistic, didactic, and research projects. In 2001 the Multimedia Studio was founded. In the years 2000-2003 the local computer network was established and the two existing Studios became connected with Multimedia Studio. That has opened a new research perspective concerning the audiovisual art. Already existing experience with the multichannel sound space was used at the creation process of video projects. The results were presented at the Studio concerts.<\/p>\n<p>In June 2004 the Studio has initiated the procedure of establishing The Polish Society for Electroacoustic Music (PSeME). In 2005 PSeME has become a part of the International Confederation of Electroacoustic Music in Bourges (CIME). In January 2005 the Studio has started a cooperation with the European Committee projects: Integra &#8211; coordinated by Birmingham Conservatory in the frame of Culture 2000 program, and The European Course for Musical Composition and Technologies &#8211; coordinated by IRCAM in Paris in the frame of Leonardo da Vinci program. Both projects concern the migration and integration of live electronics with chamber music, and elaboration of a new education standard based on the union of contemporary composition and new technologies. In 2007 a new Recording Studio was initiated. Its objectives cover: recording, research, and education (sound engineering).<\/p>","protected":false},"excerpt":{"rendered":"<p>History and activity Electroacoustic Music Studio (SME) is a unit of Composition Department. It was founded in 1973 by J\u00f3zef Patkowski, as the first didactic facility of that kind in&hellip; <a href=\"https:\/\/www.amuz.krakow.pl\/en\/wydzialy\/wydzial-i-tworczosci-interpretacji-i-edukacji-muzycznej\/katedra-kompozycji\/studio-muzyki-elektroakustycznej\/\">Continue reading<\/a><\/p>\n","protected":false},"author":72,"featured_media":110994,"parent":828,"menu_order":0,"comment_status":"closed","ping_status":"closed","template":"","meta":{"footnotes":"","_links_to":"","_links_to_target":""},"class_list":["post-830","page","type-page","status-publish","has-post-thumbnail","hentry"],"yoast_head":"<!-- This site is optimized with the Yoast SEO plugin v27.2 - https:\/\/yoast.com\/product\/yoast-seo-wordpress\/ -->\n<title>AMKP - Akademia Muzyczna im. Krzysztofa Pendereckiego w Krakowie<\/title>\n<meta name=\"robots\" content=\"index, follow, max-snippet:-1, max-image-preview:large, max-video-preview:-1\" \/>\n<link rel=\"canonical\" href=\"https:\/\/www.amuz.krakow.pl\/wydzialy\/wydzial-i-tworczosci-interpretacji-i-edukacji-muzycznej\/katedra-kompozycji\/studio-muzyki-elektroakustycznej\/\" \/>\n<meta property=\"og:locale\" content=\"en_US\" \/>\n<meta property=\"og:type\" content=\"article\" \/>\n<meta property=\"og:title\" content=\"AMKP - Akademia Muzyczna im. Krzysztofa Pendereckiego w Krakowie\" \/>\n<meta property=\"og:description\" content=\"History and activity Electroacoustic Music Studio (SME) is a unit of Composition Department. It was founded in 1973 by J\u00f3zef Patkowski, as the first didactic facility of that kind in&hellip; Continue reading\" \/>\n<meta property=\"og:url\" content=\"https:\/\/www.amuz.krakow.pl\/wydzialy\/wydzial-i-tworczosci-interpretacji-i-edukacji-muzycznej\/katedra-kompozycji\/studio-muzyki-elektroakustycznej\/\" \/>\n<meta property=\"og:site_name\" content=\"Akademia Muzyczna im. Krzysztofa Pendereckiego w Krakowie\" \/>\n<meta property=\"article:publisher\" content=\"https:\/\/www.facebook.com\/amuz.krakow\" \/>\n<meta property=\"article:modified_time\" content=\"2025-11-26T09:57:45+00:00\" \/>\n<meta property=\"og:image\" content=\"https:\/\/www.amuz.krakow.pl\/wp-content\/uploads\/2025\/11\/sme-kafel.jpg\" \/>\n\t<meta property=\"og:image:width\" content=\"2000\" \/>\n\t<meta property=\"og:image:height\" content=\"1000\" \/>\n\t<meta property=\"og:image:type\" content=\"image\/jpeg\" \/>\n<meta name=\"twitter:card\" content=\"summary_large_image\" \/>\n<meta name=\"twitter:label1\" content=\"Est. reading time\" \/>\n\t<meta name=\"twitter:data1\" content=\"5 minutes\" \/>\n<script type=\"application\/ld+json\" class=\"yoast-schema-graph\">{\"@context\":\"https:\/\/schema.org\",\"@graph\":[{\"@type\":\"WebPage\",\"@id\":\"https:\/\/www.amuz.krakow.pl\/wydzialy\/wydzial-i-tworczosci-interpretacji-i-edukacji-muzycznej\/katedra-kompozycji\/studio-muzyki-elektroakustycznej\/\",\"url\":\"https:\/\/www.amuz.krakow.pl\/wydzialy\/wydzial-i-tworczosci-interpretacji-i-edukacji-muzycznej\/katedra-kompozycji\/studio-muzyki-elektroakustycznej\/\",\"name\":\"AMKP - Akademia Muzyczna im. Krzysztofa Pendereckiego w Krakowie\",\"isPartOf\":{\"@id\":\"https:\/\/www.amuz.krakow.pl\/#website\"},\"primaryImageOfPage\":{\"@id\":\"https:\/\/www.amuz.krakow.pl\/wydzialy\/wydzial-i-tworczosci-interpretacji-i-edukacji-muzycznej\/katedra-kompozycji\/studio-muzyki-elektroakustycznej\/#primaryimage\"},\"image\":{\"@id\":\"https:\/\/www.amuz.krakow.pl\/wydzialy\/wydzial-i-tworczosci-interpretacji-i-edukacji-muzycznej\/katedra-kompozycji\/studio-muzyki-elektroakustycznej\/#primaryimage\"},\"thumbnailUrl\":\"https:\/\/www.amuz.krakow.pl\/wp-content\/uploads\/2025\/11\/sme-kafel.jpg\",\"datePublished\":\"2016-01-19T21:45:55+00:00\",\"dateModified\":\"2025-11-26T09:57:45+00:00\",\"breadcrumb\":{\"@id\":\"https:\/\/www.amuz.krakow.pl\/wydzialy\/wydzial-i-tworczosci-interpretacji-i-edukacji-muzycznej\/katedra-kompozycji\/studio-muzyki-elektroakustycznej\/#breadcrumb\"},\"inLanguage\":\"en-US\",\"potentialAction\":[{\"@type\":\"ReadAction\",\"target\":[\"https:\/\/www.amuz.krakow.pl\/wydzialy\/wydzial-i-tworczosci-interpretacji-i-edukacji-muzycznej\/katedra-kompozycji\/studio-muzyki-elektroakustycznej\/\"]}]},{\"@type\":\"ImageObject\",\"inLanguage\":\"en-US\",\"@id\":\"https:\/\/www.amuz.krakow.pl\/wydzialy\/wydzial-i-tworczosci-interpretacji-i-edukacji-muzycznej\/katedra-kompozycji\/studio-muzyki-elektroakustycznej\/#primaryimage\",\"url\":\"https:\/\/www.amuz.krakow.pl\/wp-content\/uploads\/2025\/11\/sme-kafel.jpg\",\"contentUrl\":\"https:\/\/www.amuz.krakow.pl\/wp-content\/uploads\/2025\/11\/sme-kafel.jpg\",\"width\":2000,\"height\":1000},{\"@type\":\"BreadcrumbList\",\"@id\":\"https:\/\/www.amuz.krakow.pl\/wydzialy\/wydzial-i-tworczosci-interpretacji-i-edukacji-muzycznej\/katedra-kompozycji\/studio-muzyki-elektroakustycznej\/#breadcrumb\",\"itemListElement\":[{\"@type\":\"ListItem\",\"position\":1,\"name\":\"Strona g\u0142\u00f3wna\",\"item\":\"https:\/\/www.amuz.krakow.pl\/\"},{\"@type\":\"ListItem\",\"position\":2,\"name\":\"WYDZIA\u0141Y\",\"item\":\"https:\/\/www.amuz.krakow.pl\/wydzialy\/\"},{\"@type\":\"ListItem\",\"position\":3,\"name\":\"Wydzia\u0142 Tw\u00f3rczo\u015bci, Interpretacji i Edukacji Muzycznej\",\"item\":\"https:\/\/www.amuz.krakow.pl\/wydzialy\/wydzial-i-tworczosci-interpretacji-i-edukacji-muzycznej\/\"},{\"@type\":\"ListItem\",\"position\":4,\"name\":\"Katedra Kompozycji\",\"item\":\"https:\/\/www.amuz.krakow.pl\/wydzialy\/wydzial-i-tworczosci-interpretacji-i-edukacji-muzycznej\/katedra-kompozycji\/\"},{\"@type\":\"ListItem\",\"position\":5,\"name\":\"Studio Muzyki Elektroakustycznej\"}]},{\"@type\":\"WebSite\",\"@id\":\"https:\/\/www.amuz.krakow.pl\/#website\",\"url\":\"https:\/\/www.amuz.krakow.pl\/\",\"name\":\"Akademia Muzyczna im. Krzysztofa Pendereckiego w Krakowie\",\"description\":\"Oficjalna strona Akademii Muzycznej im. Krzysztofa Pendereckiego w Krakowie (AMKP).\",\"publisher\":{\"@id\":\"https:\/\/www.amuz.krakow.pl\/#organization\"},\"alternateName\":\"AMKP\",\"potentialAction\":[{\"@type\":\"SearchAction\",\"target\":{\"@type\":\"EntryPoint\",\"urlTemplate\":\"https:\/\/www.amuz.krakow.pl\/?s={search_term_string}\"},\"query-input\":{\"@type\":\"PropertyValueSpecification\",\"valueRequired\":true,\"valueName\":\"search_term_string\"}}],\"inLanguage\":\"en-US\"},{\"@type\":\"Organization\",\"@id\":\"https:\/\/www.amuz.krakow.pl\/#organization\",\"name\":\"Akademia Muzyczna im. Krzysztofa Pendereckiego w Krakowie\",\"alternateName\":\"AMKP\",\"url\":\"https:\/\/www.amuz.krakow.pl\/\",\"logo\":{\"@type\":\"ImageObject\",\"inLanguage\":\"en-US\",\"@id\":\"https:\/\/www.amuz.krakow.pl\/#\/schema\/logo\/image\/\",\"url\":\"https:\/\/www.amuz.krakow.pl\/wp-content\/uploads\/2021\/11\/amkp.jpg\",\"contentUrl\":\"https:\/\/www.amuz.krakow.pl\/wp-content\/uploads\/2021\/11\/amkp.jpg\",\"width\":1193,\"height\":591,\"caption\":\"Akademia Muzyczna im. Krzysztofa Pendereckiego w Krakowie\"},\"image\":{\"@id\":\"https:\/\/www.amuz.krakow.pl\/#\/schema\/logo\/image\/\"},\"sameAs\":[\"https:\/\/www.facebook.com\/amuz.krakow\",\"https:\/\/www.instagram.com\/amkpenderecki\/\",\"https:\/\/www.youtube.com\/@amkpenderecki4806\"]}]}<\/script>\n<!-- \/ Yoast SEO plugin. -->","yoast_head_json":{"title":"AMKP - Akademia Muzyczna im. Krzysztofa Pendereckiego w Krakowie","robots":{"index":"index","follow":"follow","max-snippet":"max-snippet:-1","max-image-preview":"max-image-preview:large","max-video-preview":"max-video-preview:-1"},"canonical":"https:\/\/www.amuz.krakow.pl\/wydzialy\/wydzial-i-tworczosci-interpretacji-i-edukacji-muzycznej\/katedra-kompozycji\/studio-muzyki-elektroakustycznej\/","og_locale":"en_US","og_type":"article","og_title":"AMKP - Akademia Muzyczna im. Krzysztofa Pendereckiego w Krakowie","og_description":"History and activity Electroacoustic Music Studio (SME) is a unit of Composition Department. It was founded in 1973 by J\u00f3zef Patkowski, as the first didactic facility of that kind in&hellip; Continue reading","og_url":"https:\/\/www.amuz.krakow.pl\/wydzialy\/wydzial-i-tworczosci-interpretacji-i-edukacji-muzycznej\/katedra-kompozycji\/studio-muzyki-elektroakustycznej\/","og_site_name":"Akademia Muzyczna im. Krzysztofa Pendereckiego w Krakowie","article_publisher":"https:\/\/www.facebook.com\/amuz.krakow","article_modified_time":"2025-11-26T09:57:45+00:00","og_image":[{"width":2000,"height":1000,"url":"https:\/\/www.amuz.krakow.pl\/wp-content\/uploads\/2025\/11\/sme-kafel.jpg","type":"image\/jpeg"}],"twitter_card":"summary_large_image","twitter_misc":{"Est. reading time":"5 minutes"},"schema":{"@context":"https:\/\/schema.org","@graph":[{"@type":"WebPage","@id":"https:\/\/www.amuz.krakow.pl\/wydzialy\/wydzial-i-tworczosci-interpretacji-i-edukacji-muzycznej\/katedra-kompozycji\/studio-muzyki-elektroakustycznej\/","url":"https:\/\/www.amuz.krakow.pl\/wydzialy\/wydzial-i-tworczosci-interpretacji-i-edukacji-muzycznej\/katedra-kompozycji\/studio-muzyki-elektroakustycznej\/","name":"AMKP - Akademia Muzyczna im. Krzysztofa Pendereckiego w Krakowie","isPartOf":{"@id":"https:\/\/www.amuz.krakow.pl\/#website"},"primaryImageOfPage":{"@id":"https:\/\/www.amuz.krakow.pl\/wydzialy\/wydzial-i-tworczosci-interpretacji-i-edukacji-muzycznej\/katedra-kompozycji\/studio-muzyki-elektroakustycznej\/#primaryimage"},"image":{"@id":"https:\/\/www.amuz.krakow.pl\/wydzialy\/wydzial-i-tworczosci-interpretacji-i-edukacji-muzycznej\/katedra-kompozycji\/studio-muzyki-elektroakustycznej\/#primaryimage"},"thumbnailUrl":"https:\/\/www.amuz.krakow.pl\/wp-content\/uploads\/2025\/11\/sme-kafel.jpg","datePublished":"2016-01-19T21:45:55+00:00","dateModified":"2025-11-26T09:57:45+00:00","breadcrumb":{"@id":"https:\/\/www.amuz.krakow.pl\/wydzialy\/wydzial-i-tworczosci-interpretacji-i-edukacji-muzycznej\/katedra-kompozycji\/studio-muzyki-elektroakustycznej\/#breadcrumb"},"inLanguage":"en-US","potentialAction":[{"@type":"ReadAction","target":["https:\/\/www.amuz.krakow.pl\/wydzialy\/wydzial-i-tworczosci-interpretacji-i-edukacji-muzycznej\/katedra-kompozycji\/studio-muzyki-elektroakustycznej\/"]}]},{"@type":"ImageObject","inLanguage":"en-US","@id":"https:\/\/www.amuz.krakow.pl\/wydzialy\/wydzial-i-tworczosci-interpretacji-i-edukacji-muzycznej\/katedra-kompozycji\/studio-muzyki-elektroakustycznej\/#primaryimage","url":"https:\/\/www.amuz.krakow.pl\/wp-content\/uploads\/2025\/11\/sme-kafel.jpg","contentUrl":"https:\/\/www.amuz.krakow.pl\/wp-content\/uploads\/2025\/11\/sme-kafel.jpg","width":2000,"height":1000},{"@type":"BreadcrumbList","@id":"https:\/\/www.amuz.krakow.pl\/wydzialy\/wydzial-i-tworczosci-interpretacji-i-edukacji-muzycznej\/katedra-kompozycji\/studio-muzyki-elektroakustycznej\/#breadcrumb","itemListElement":[{"@type":"ListItem","position":1,"name":"Strona g\u0142\u00f3wna","item":"https:\/\/www.amuz.krakow.pl\/"},{"@type":"ListItem","position":2,"name":"WYDZIA\u0141Y","item":"https:\/\/www.amuz.krakow.pl\/wydzialy\/"},{"@type":"ListItem","position":3,"name":"Wydzia\u0142 Tw\u00f3rczo\u015bci, Interpretacji i Edukacji Muzycznej","item":"https:\/\/www.amuz.krakow.pl\/wydzialy\/wydzial-i-tworczosci-interpretacji-i-edukacji-muzycznej\/"},{"@type":"ListItem","position":4,"name":"Katedra Kompozycji","item":"https:\/\/www.amuz.krakow.pl\/wydzialy\/wydzial-i-tworczosci-interpretacji-i-edukacji-muzycznej\/katedra-kompozycji\/"},{"@type":"ListItem","position":5,"name":"Studio Muzyki Elektroakustycznej"}]},{"@type":"WebSite","@id":"https:\/\/www.amuz.krakow.pl\/#website","url":"https:\/\/www.amuz.krakow.pl\/","name":"Akademia Muzyczna im. Krzysztofa Pendereckiego w Krakowie","description":"Oficjalna strona Akademii Muzycznej im. Krzysztofa Pendereckiego w Krakowie (AMKP).","publisher":{"@id":"https:\/\/www.amuz.krakow.pl\/#organization"},"alternateName":"AMKP","potentialAction":[{"@type":"SearchAction","target":{"@type":"EntryPoint","urlTemplate":"https:\/\/www.amuz.krakow.pl\/?s={search_term_string}"},"query-input":{"@type":"PropertyValueSpecification","valueRequired":true,"valueName":"search_term_string"}}],"inLanguage":"en-US"},{"@type":"Organization","@id":"https:\/\/www.amuz.krakow.pl\/#organization","name":"Akademia Muzyczna im. Krzysztofa Pendereckiego w Krakowie","alternateName":"AMKP","url":"https:\/\/www.amuz.krakow.pl\/","logo":{"@type":"ImageObject","inLanguage":"en-US","@id":"https:\/\/www.amuz.krakow.pl\/#\/schema\/logo\/image\/","url":"https:\/\/www.amuz.krakow.pl\/wp-content\/uploads\/2021\/11\/amkp.jpg","contentUrl":"https:\/\/www.amuz.krakow.pl\/wp-content\/uploads\/2021\/11\/amkp.jpg","width":1193,"height":591,"caption":"Akademia Muzyczna im. Krzysztofa Pendereckiego w Krakowie"},"image":{"@id":"https:\/\/www.amuz.krakow.pl\/#\/schema\/logo\/image\/"},"sameAs":["https:\/\/www.facebook.com\/amuz.krakow","https:\/\/www.instagram.com\/amkpenderecki\/","https:\/\/www.youtube.com\/@amkpenderecki4806"]}]}},"_links":{"self":[{"href":"https:\/\/www.amuz.krakow.pl\/en\/wp-json\/wp\/v2\/pages\/830","targetHints":{"allow":["GET"]}}],"collection":[{"href":"https:\/\/www.amuz.krakow.pl\/en\/wp-json\/wp\/v2\/pages"}],"about":[{"href":"https:\/\/www.amuz.krakow.pl\/en\/wp-json\/wp\/v2\/types\/page"}],"author":[{"embeddable":true,"href":"https:\/\/www.amuz.krakow.pl\/en\/wp-json\/wp\/v2\/users\/72"}],"replies":[{"embeddable":true,"href":"https:\/\/www.amuz.krakow.pl\/en\/wp-json\/wp\/v2\/comments?post=830"}],"version-history":[{"count":14,"href":"https:\/\/www.amuz.krakow.pl\/en\/wp-json\/wp\/v2\/pages\/830\/revisions"}],"predecessor-version":[{"id":110995,"href":"https:\/\/www.amuz.krakow.pl\/en\/wp-json\/wp\/v2\/pages\/830\/revisions\/110995"}],"up":[{"embeddable":true,"href":"https:\/\/www.amuz.krakow.pl\/en\/wp-json\/wp\/v2\/pages\/828"}],"wp:featuredmedia":[{"embeddable":true,"href":"https:\/\/www.amuz.krakow.pl\/en\/wp-json\/wp\/v2\/media\/110994"}],"wp:attachment":[{"href":"https:\/\/www.amuz.krakow.pl\/en\/wp-json\/wp\/v2\/media?parent=830"}],"curies":[{"name":"wp","href":"https:\/\/api.w.org\/{rel}","templated":true}]}}