{"id":82974,"date":"2024-02-05T12:04:00","date_gmt":"2024-02-05T11:04:00","guid":{"rendered":"https:\/\/www.amuz.krakow.pl\/?page_id=82974"},"modified":"2026-01-16T09:42:24","modified_gmt":"2026-01-16T08:42:24","slug":"aktualnosci","status":"publish","type":"page","link":"https:\/\/www.amuz.krakow.pl\/en\/wybory\/aktualnosci\/","title":{"rendered":"Announcements"},"content":{"rendered":"<p><\/p>\n<p style=\"text-align: center;\"><span style=\"font-size: 12pt;\"><strong>Elections in the Krzysztof Penderecki<br \/>\nAcademy of Music in Krakow<\/strong><\/span><span style=\"font-size: 12pt;\"><strong><br \/>\nfor 2024-2028<\/strong><\/span><\/p>\n<hr \/>\n<p>22.05.2024<\/p>\n<p style=\"text-align: center;\"><span style=\"font-size: 12pt;\"><strong>VICE RECTORS<\/strong><\/span><\/p>\n<p>Rektor-elect is planning to appoint the following vice rectors:<\/p>\n<ul>\n<li>Vice Rector for Art and Research Affairs &#8211; <strong>dr hab. Piotr Lato, prof. AMKP<\/strong><\/li>\n<li>Vice Rector for Teaching and International Cooperation &#8211; <strong>dr hab. Piotr R\u00f3\u017ca\u0144ski<\/strong><\/li>\n<li>Vice Rector for Student Affairs and Promotion &#8211; <strong>dr Maria Wilczek-Krupa<\/strong><\/li>\n<\/ul>\n<hr \/>\n<p>24.03.2024<\/p>\n<p style=\"text-align: center;\"><span style=\"font-size: 12pt;\"><strong id=\"wyniki-wyborow-rektora\">RECTOR ELECTION RESULTS<\/strong><\/span><\/p>\n<p style=\"text-align: left;\">Ladies and gentlemen, dear members of the AMKP Community,<\/p>\n<p>The Academic Electoral Commission would like to kindly inform that during the election meeting of the Electoral College on March 22nd, 2024, the Rector of the Krzysztof Penderecki Academy of Music in Krakow was elected for the term of office lasting from 1 September 2024 to 31 August 2028.<\/p>\n<p style=\"text-align: center;\"><strong>Professor dr hab. Mariusz Sielski became the Rector-elect.<\/strong><\/p>\n<div class=\"wp-block-columns\">\n<div class=\"wp-block-column\">\n<figure id=\"attachment_83821\" aria-describedby=\"caption-attachment-83821\" style=\"width: 200px\" class=\"wp-caption aligncenter\"><a href=\"https:\/\/www.amuz.krakow.pl\/wp-content\/uploads\/2024\/03\/IMG_230328_0129_PS_fot.Piotr_Markowski-scaled.jpg\" target=\"_blank\" rel=\"noopener\"><img loading=\"lazy\" decoding=\"async\" class=\"wp-image-83821 size-medium\" src=\"https:\/\/www.amuz.krakow.pl\/wp-content\/uploads\/2024\/03\/IMG_230328_0129_PS_fot.Piotr_Markowski-200x300.jpg\" alt=\"\" width=\"200\" height=\"300\" srcset=\"https:\/\/www.amuz.krakow.pl\/wp-content\/uploads\/2024\/03\/IMG_230328_0129_PS_fot.Piotr_Markowski-200x300.jpg 200w, https:\/\/www.amuz.krakow.pl\/wp-content\/uploads\/2024\/03\/IMG_230328_0129_PS_fot.Piotr_Markowski-scaled.jpg 1365w, https:\/\/www.amuz.krakow.pl\/wp-content\/uploads\/2024\/03\/IMG_230328_0129_PS_fot.Piotr_Markowski-768x1152.jpg 768w, https:\/\/www.amuz.krakow.pl\/wp-content\/uploads\/2024\/03\/IMG_230328_0129_PS_fot.Piotr_Markowski-1024x1536.jpg 1024w\" sizes=\"auto, (max-width: 200px) 100vw, 200px\" \/><\/a><figcaption id=\"caption-attachment-83821\" class=\"wp-caption-text\">photo by Piotr Markowski<\/figcaption><\/figure>\n<\/div>\n<div class=\"wp-block-column\">\n<p class=\"has-text-align-center\"><strong><a href=\"https:\/\/www.amuz.krakow.pl\/wp-content\/uploads\/2024\/03\/AKT-WYBORU-2024.jpg\" target=\"_blank\" rel=\"noopener\"><img loading=\"lazy\" decoding=\"async\" class=\"aligncenter wp-image-84564 size-medium\" src=\"https:\/\/www.amuz.krakow.pl\/wp-content\/uploads\/2024\/03\/AKT-WYBORU-2024-212x300.jpg\" alt=\"\" width=\"212\" height=\"300\" srcset=\"https:\/\/www.amuz.krakow.pl\/wp-content\/uploads\/2024\/03\/AKT-WYBORU-2024-212x300.jpg 212w, https:\/\/www.amuz.krakow.pl\/wp-content\/uploads\/2024\/03\/AKT-WYBORU-2024.jpg 595w\" sizes=\"auto, (max-width: 212px) 100vw, 212px\" \/><\/a><\/strong><\/p>\n<\/div>\n<\/div>\n<p>Congratulations!<\/p>\n<p style=\"text-align: right;\"><span style=\"text-align: right;\">On behalf of the Academic Electoral Commission<\/span><\/p>\n<p style=\"text-align: right;\">dr hab. Milena K\u0119dra<br \/>\nHead of the Academic Electoral Commission<\/p>\n<p><\/p>","protected":false},"excerpt":{"rendered":"<p>Elections in the Krzysztof Penderecki Academy of Music in Krakow for 2024-2028 22.05.2024 VICE RECTORS Rektor-elect is planning to appoint the following vice rectors: Vice Rector for Art and Research&hellip; <a href=\"https:\/\/www.amuz.krakow.pl\/en\/wybory\/aktualnosci\/\">Continue reading<\/a><\/p>\n","protected":false},"author":72,"featured_media":83001,"parent":3944,"menu_order":1,"comment_status":"closed","ping_status":"closed","template":"","meta":{"footnotes":"","_links_to":"","_links_to_target":""},"class_list":["post-82974","page","type-page","status-publish","has-post-thumbnail","hentry"],"yoast_head":"<!-- This site is optimized with the Yoast SEO plugin v27.2 - https:\/\/yoast.com\/product\/yoast-seo-wordpress\/ -->\n<title>AMKP - Akademia Muzyczna im. Krzysztofa Pendereckiego w Krakowie<\/title>\n<meta name=\"robots\" content=\"index, follow, max-snippet:-1, max-image-preview:large, max-video-preview:-1\" \/>\n<link rel=\"canonical\" href=\"https:\/\/www.amuz.krakow.pl\/wybory\/aktualnosci\/\" \/>\n<meta property=\"og:locale\" content=\"en_US\" \/>\n<meta property=\"og:type\" content=\"article\" \/>\n<meta property=\"og:title\" content=\"AMKP - Akademia Muzyczna im. Krzysztofa Pendereckiego w Krakowie\" \/>\n<meta property=\"og:description\" content=\"Elections in the Krzysztof Penderecki Academy of Music in Krakow for 2024-2028 22.05.2024 VICE RECTORS Rektor-elect is planning to appoint the following vice rectors: Vice Rector for Art and Research&hellip; Continue reading\" \/>\n<meta property=\"og:url\" content=\"https:\/\/www.amuz.krakow.pl\/wybory\/aktualnosci\/\" \/>\n<meta property=\"og:site_name\" content=\"Akademia Muzyczna im. Krzysztofa Pendereckiego w Krakowie\" \/>\n<meta property=\"article:publisher\" content=\"https:\/\/www.facebook.com\/amuz.krakow\" \/>\n<meta property=\"article:modified_time\" content=\"2026-01-16T08:42:24+00:00\" \/>\n<meta property=\"og:image\" content=\"https:\/\/www.amuz.krakow.pl\/wp-content\/uploads\/2024\/02\/wybory-kafel.jpg\" \/>\n\t<meta property=\"og:image:width\" content=\"600\" \/>\n\t<meta property=\"og:image:height\" content=\"300\" \/>\n\t<meta property=\"og:image:type\" content=\"image\/jpeg\" \/>\n<meta name=\"twitter:card\" content=\"summary_large_image\" \/>\n<meta name=\"twitter:label1\" content=\"Est. reading time\" \/>\n\t<meta name=\"twitter:data1\" content=\"10 minutes\" \/>\n<script type=\"application\/ld+json\" class=\"yoast-schema-graph\">{\"@context\":\"https:\/\/schema.org\",\"@graph\":[{\"@type\":\"WebPage\",\"@id\":\"https:\/\/www.amuz.krakow.pl\/wybory\/aktualnosci\/\",\"url\":\"https:\/\/www.amuz.krakow.pl\/wybory\/aktualnosci\/\",\"name\":\"AMKP - Akademia Muzyczna im. Krzysztofa Pendereckiego w Krakowie\",\"isPartOf\":{\"@id\":\"https:\/\/www.amuz.krakow.pl\/#website\"},\"primaryImageOfPage\":{\"@id\":\"https:\/\/www.amuz.krakow.pl\/wybory\/aktualnosci\/#primaryimage\"},\"image\":{\"@id\":\"https:\/\/www.amuz.krakow.pl\/wybory\/aktualnosci\/#primaryimage\"},\"thumbnailUrl\":\"https:\/\/www.amuz.krakow.pl\/wp-content\/uploads\/2024\/02\/wybory-kafel.jpg\",\"datePublished\":\"2024-02-05T11:04:00+00:00\",\"dateModified\":\"2026-01-16T08:42:24+00:00\",\"breadcrumb\":{\"@id\":\"https:\/\/www.amuz.krakow.pl\/wybory\/aktualnosci\/#breadcrumb\"},\"inLanguage\":\"en-US\",\"potentialAction\":[{\"@type\":\"ReadAction\",\"target\":[\"https:\/\/www.amuz.krakow.pl\/wybory\/aktualnosci\/\"]}]},{\"@type\":\"ImageObject\",\"inLanguage\":\"en-US\",\"@id\":\"https:\/\/www.amuz.krakow.pl\/wybory\/aktualnosci\/#primaryimage\",\"url\":\"https:\/\/www.amuz.krakow.pl\/wp-content\/uploads\/2024\/02\/wybory-kafel.jpg\",\"contentUrl\":\"https:\/\/www.amuz.krakow.pl\/wp-content\/uploads\/2024\/02\/wybory-kafel.jpg\",\"width\":600,\"height\":300},{\"@type\":\"BreadcrumbList\",\"@id\":\"https:\/\/www.amuz.krakow.pl\/wybory\/aktualnosci\/#breadcrumb\",\"itemListElement\":[{\"@type\":\"ListItem\",\"position\":1,\"name\":\"Strona g\u0142\u00f3wna\",\"item\":\"https:\/\/www.amuz.krakow.pl\/\"},{\"@type\":\"ListItem\",\"position\":2,\"name\":\"WYBORY\",\"item\":\"https:\/\/www.amuz.krakow.pl\/wybory\/\"},{\"@type\":\"ListItem\",\"position\":3,\"name\":\"Aktualno\u015bci\"}]},{\"@type\":\"WebSite\",\"@id\":\"https:\/\/www.amuz.krakow.pl\/#website\",\"url\":\"https:\/\/www.amuz.krakow.pl\/\",\"name\":\"Akademia Muzyczna im. Krzysztofa Pendereckiego w Krakowie\",\"description\":\"Oficjalna strona Akademii Muzycznej im. Krzysztofa Pendereckiego w Krakowie (AMKP).\",\"publisher\":{\"@id\":\"https:\/\/www.amuz.krakow.pl\/#organization\"},\"alternateName\":\"AMKP\",\"potentialAction\":[{\"@type\":\"SearchAction\",\"target\":{\"@type\":\"EntryPoint\",\"urlTemplate\":\"https:\/\/www.amuz.krakow.pl\/?s={search_term_string}\"},\"query-input\":{\"@type\":\"PropertyValueSpecification\",\"valueRequired\":true,\"valueName\":\"search_term_string\"}}],\"inLanguage\":\"en-US\"},{\"@type\":\"Organization\",\"@id\":\"https:\/\/www.amuz.krakow.pl\/#organization\",\"name\":\"Akademia Muzyczna im. Krzysztofa Pendereckiego w Krakowie\",\"alternateName\":\"AMKP\",\"url\":\"https:\/\/www.amuz.krakow.pl\/\",\"logo\":{\"@type\":\"ImageObject\",\"inLanguage\":\"en-US\",\"@id\":\"https:\/\/www.amuz.krakow.pl\/#\/schema\/logo\/image\/\",\"url\":\"https:\/\/www.amuz.krakow.pl\/wp-content\/uploads\/2021\/11\/amkp.jpg\",\"contentUrl\":\"https:\/\/www.amuz.krakow.pl\/wp-content\/uploads\/2021\/11\/amkp.jpg\",\"width\":1193,\"height\":591,\"caption\":\"Akademia Muzyczna im. Krzysztofa Pendereckiego w Krakowie\"},\"image\":{\"@id\":\"https:\/\/www.amuz.krakow.pl\/#\/schema\/logo\/image\/\"},\"sameAs\":[\"https:\/\/www.facebook.com\/amuz.krakow\",\"https:\/\/www.instagram.com\/amkpenderecki\/\",\"https:\/\/www.youtube.com\/@amkpenderecki4806\"]}]}<\/script>\n<!-- \/ Yoast SEO plugin. -->","yoast_head_json":{"title":"AMKP - Akademia Muzyczna im. Krzysztofa Pendereckiego w Krakowie","robots":{"index":"index","follow":"follow","max-snippet":"max-snippet:-1","max-image-preview":"max-image-preview:large","max-video-preview":"max-video-preview:-1"},"canonical":"https:\/\/www.amuz.krakow.pl\/wybory\/aktualnosci\/","og_locale":"en_US","og_type":"article","og_title":"AMKP - Akademia Muzyczna im. Krzysztofa Pendereckiego w Krakowie","og_description":"Elections in the Krzysztof Penderecki Academy of Music in Krakow for 2024-2028 22.05.2024 VICE RECTORS Rektor-elect is planning to appoint the following vice rectors: Vice Rector for Art and Research&hellip; Continue reading","og_url":"https:\/\/www.amuz.krakow.pl\/wybory\/aktualnosci\/","og_site_name":"Akademia Muzyczna im. Krzysztofa Pendereckiego w Krakowie","article_publisher":"https:\/\/www.facebook.com\/amuz.krakow","article_modified_time":"2026-01-16T08:42:24+00:00","og_image":[{"width":600,"height":300,"url":"https:\/\/www.amuz.krakow.pl\/wp-content\/uploads\/2024\/02\/wybory-kafel.jpg","type":"image\/jpeg"}],"twitter_card":"summary_large_image","twitter_misc":{"Est. reading time":"10 minutes"},"schema":{"@context":"https:\/\/schema.org","@graph":[{"@type":"WebPage","@id":"https:\/\/www.amuz.krakow.pl\/wybory\/aktualnosci\/","url":"https:\/\/www.amuz.krakow.pl\/wybory\/aktualnosci\/","name":"AMKP - Akademia Muzyczna im. Krzysztofa Pendereckiego w Krakowie","isPartOf":{"@id":"https:\/\/www.amuz.krakow.pl\/#website"},"primaryImageOfPage":{"@id":"https:\/\/www.amuz.krakow.pl\/wybory\/aktualnosci\/#primaryimage"},"image":{"@id":"https:\/\/www.amuz.krakow.pl\/wybory\/aktualnosci\/#primaryimage"},"thumbnailUrl":"https:\/\/www.amuz.krakow.pl\/wp-content\/uploads\/2024\/02\/wybory-kafel.jpg","datePublished":"2024-02-05T11:04:00+00:00","dateModified":"2026-01-16T08:42:24+00:00","breadcrumb":{"@id":"https:\/\/www.amuz.krakow.pl\/wybory\/aktualnosci\/#breadcrumb"},"inLanguage":"en-US","potentialAction":[{"@type":"ReadAction","target":["https:\/\/www.amuz.krakow.pl\/wybory\/aktualnosci\/"]}]},{"@type":"ImageObject","inLanguage":"en-US","@id":"https:\/\/www.amuz.krakow.pl\/wybory\/aktualnosci\/#primaryimage","url":"https:\/\/www.amuz.krakow.pl\/wp-content\/uploads\/2024\/02\/wybory-kafel.jpg","contentUrl":"https:\/\/www.amuz.krakow.pl\/wp-content\/uploads\/2024\/02\/wybory-kafel.jpg","width":600,"height":300},{"@type":"BreadcrumbList","@id":"https:\/\/www.amuz.krakow.pl\/wybory\/aktualnosci\/#breadcrumb","itemListElement":[{"@type":"ListItem","position":1,"name":"Strona g\u0142\u00f3wna","item":"https:\/\/www.amuz.krakow.pl\/"},{"@type":"ListItem","position":2,"name":"WYBORY","item":"https:\/\/www.amuz.krakow.pl\/wybory\/"},{"@type":"ListItem","position":3,"name":"Aktualno\u015bci"}]},{"@type":"WebSite","@id":"https:\/\/www.amuz.krakow.pl\/#website","url":"https:\/\/www.amuz.krakow.pl\/","name":"Akademia Muzyczna im. Krzysztofa Pendereckiego w Krakowie","description":"Oficjalna strona Akademii Muzycznej im. Krzysztofa Pendereckiego w Krakowie (AMKP).","publisher":{"@id":"https:\/\/www.amuz.krakow.pl\/#organization"},"alternateName":"AMKP","potentialAction":[{"@type":"SearchAction","target":{"@type":"EntryPoint","urlTemplate":"https:\/\/www.amuz.krakow.pl\/?s={search_term_string}"},"query-input":{"@type":"PropertyValueSpecification","valueRequired":true,"valueName":"search_term_string"}}],"inLanguage":"en-US"},{"@type":"Organization","@id":"https:\/\/www.amuz.krakow.pl\/#organization","name":"Akademia Muzyczna im. Krzysztofa Pendereckiego w Krakowie","alternateName":"AMKP","url":"https:\/\/www.amuz.krakow.pl\/","logo":{"@type":"ImageObject","inLanguage":"en-US","@id":"https:\/\/www.amuz.krakow.pl\/#\/schema\/logo\/image\/","url":"https:\/\/www.amuz.krakow.pl\/wp-content\/uploads\/2021\/11\/amkp.jpg","contentUrl":"https:\/\/www.amuz.krakow.pl\/wp-content\/uploads\/2021\/11\/amkp.jpg","width":1193,"height":591,"caption":"Akademia Muzyczna im. Krzysztofa Pendereckiego w Krakowie"},"image":{"@id":"https:\/\/www.amuz.krakow.pl\/#\/schema\/logo\/image\/"},"sameAs":["https:\/\/www.facebook.com\/amuz.krakow","https:\/\/www.instagram.com\/amkpenderecki\/","https:\/\/www.youtube.com\/@amkpenderecki4806"]}]}},"_links":{"self":[{"href":"https:\/\/www.amuz.krakow.pl\/en\/wp-json\/wp\/v2\/pages\/82974","targetHints":{"allow":["GET"]}}],"collection":[{"href":"https:\/\/www.amuz.krakow.pl\/en\/wp-json\/wp\/v2\/pages"}],"about":[{"href":"https:\/\/www.amuz.krakow.pl\/en\/wp-json\/wp\/v2\/types\/page"}],"author":[{"embeddable":true,"href":"https:\/\/www.amuz.krakow.pl\/en\/wp-json\/wp\/v2\/users\/72"}],"replies":[{"embeddable":true,"href":"https:\/\/www.amuz.krakow.pl\/en\/wp-json\/wp\/v2\/comments?post=82974"}],"version-history":[{"count":27,"href":"https:\/\/www.amuz.krakow.pl\/en\/wp-json\/wp\/v2\/pages\/82974\/revisions"}],"predecessor-version":[{"id":113368,"href":"https:\/\/www.amuz.krakow.pl\/en\/wp-json\/wp\/v2\/pages\/82974\/revisions\/113368"}],"up":[{"embeddable":true,"href":"https:\/\/www.amuz.krakow.pl\/en\/wp-json\/wp\/v2\/pages\/3944"}],"wp:featuredmedia":[{"embeddable":true,"href":"https:\/\/www.amuz.krakow.pl\/en\/wp-json\/wp\/v2\/media\/83001"}],"wp:attachment":[{"href":"https:\/\/www.amuz.krakow.pl\/en\/wp-json\/wp\/v2\/media?parent=82974"}],"curies":[{"name":"wp","href":"https:\/\/api.w.org\/{rel}","templated":true}]}}