{"id":8232,"date":"2016-05-27T23:04:52","date_gmt":"2016-05-27T21:04:52","guid":{"rendered":"http:\/\/www.amuz.krakow.pl\/?page_id=8232"},"modified":"2024-10-09T14:36:57","modified_gmt":"2024-10-09T12:36:57","slug":"prof-dr-hab-jerzy-tosik-warszawiak","status":"publish","type":"page","link":"https:\/\/www.amuz.krakow.pl\/en\/wydzialy\/wydzial-ii-instrumentalny\/katedra-kameralistyki\/pracownicy-katedry\/prof-dr-hab-jerzy-tosik-warszawiak\/","title":{"rendered":"prof. dr hab. Jerzy Tosik-Warszawiak (contract)"},"content":{"rendered":"<p><\/p>\n<p style=\"text-align: justify;\"><a href=\"https:\/\/www.amuz.krakow.pl\/wp-content\/uploads\/2016\/02\/Tosik-Warszawiak-Jerzy.jpg\"><img loading=\"lazy\" decoding=\"async\" class=\"alignleft wp-image-2378 \" src=\"https:\/\/www.amuz.krakow.pl\/wp-content\/uploads\/2016\/02\/Tosik-Warszawiak-Jerzy.jpg\" alt=\"Tosik-Warszawiak Jerzy\" width=\"200\" height=\"299\" \/><\/a>Jerzy Tosik-Warszawiak\u00a0 \u2013 born in 1953 in\u00a0Krakow. He studied piano with Prof. Ludwik Stefa\u0144ski at the Academy of Music in Krakow, from which he graduated with honours.<br \/>\nA pianist and teacher, titular professor, head of the Chair of Chamber Music of the Academy of Music in Krakow, and professor at the Faculty of Music of the Rzesz\u00f3w University.<br \/>\nHe was the winner of the 2nd Polish National Piano Competition in Warsaw in 1974, a member of the Polish team at the 10th International Fryderyk Chopin Piano Competition in Warsaw in 1980 (diploma for participation in the 2nd round), and held scholarships from the Fryderyk Chopin Society and twice from the Minister of Culture and Art. In 1977, he started working at the Academy of Music in Krakow: in 1982 he received the title of assistant professor, and in 1995 \u2013 of associate professor.<\/p>\n<p style=\"text-align: justify;\">In the years 1992\u20132002, the pianist lived in Iceland, where he taught at music schools in Borgarnes, Akranes and Reykjavik, and also performed extensively. He conducted the Songbraedur men\u2019s choir for eight years, with which he gave almost 100 concerts in Iceland, Ireland and Poland, and recorded a CD. His performance activity, including concerts with orchestras, chamber music concerts and recitals, and has taken him all over Poland, as well as to England, Ireland, Iceland, the Netherlands, Belgium Sweden, Russia, Czech Republic, Slovakia, Germany, Armenia, Azerbaijan, Canada, the USA, Brazil, Hungary and Italy.<\/p>\n<p style=\"text-align: justify;\">Jerzy Tosik-Warszawiak participated in the Polish Piano Music Festival in S\u0142upsk (1975, 1980), the Chopin Festival in Duszniki\u00a0 Zdr\u00f3j (1980), the Music in Old Cracow Festival (1986, 2003, 2005, 2007), the European Music Festival in Berlin (1997), the Jan Hofmann Festival in Na\u0142\u0119cz\u00f3w (1997), the Summer Chamber Music Soirees in Kazimierz nad Wis\u0142\u0105 (2001), the Shenandoah Arts Festival in\u00a0Winchester, USA (2004), the Silesian Summer Music Festival in G\u0142ucho\u0142azy (2010), the 3rd Beethoven Festival in G\u0142og\u00f3wek (2010), the Music Festival in Belo Horizonte, Brazil (2010), the Brahms Festival in Oldenburg, Germany (2011), the 20th Silesian Music Festival (2012), the Wawel Royal Castle at Dusk Festival (2013), the Witold Lutos\u0142awski Festival (2014), the 23rd Silesian Music Festival (2015), and the Festival in Latina, Italy (2015). In the years 2002\u20132003, the pianist performed with the violinist Nigel Kennedy in Poland and Germany. From 1986 until 1998, he was a member of the Berliner Klavier Trio (Tomasz Tomaszewski \u2013 violin, Michael Hussal \u2013 cello), and since 1996, he has been a pianist of the Trio Cracovia (Krzysztof \u015amietana \u2013 violin, Julian Tryczy\u0144ski \u2013 cello), with whom he recorded five albums. The CD with Arensky\u2019s and Dvo\u0159\u00e1k\u2019s trios was nominated for the Polish Academy of Phonography Award \u201cFryderyk\u201d. He also recorded an album with the cellist Dorota Imie\u0142owska.<\/p>\n<p style=\"text-align: justify;\">Jerzy Tosik-Warszawiak has led master classes in Poland, Germany, Iceland, Canada, Italy, the USA and Brazil.<\/p>\n<p style=\"text-align: justify;\">He is a member of the International Ludwig van Beethoven Association, the Polish Academy of Phonography, the Halina and Ludwik Stefa\u0144ski Music Society, the European Forum of Polish Music, and also a member of the Programme Board of the Polish Chamber Musicians Association. He took part in music courses in G\u0142ucho\u0142azy (1992 \u2013 1999), Pu\u0142awy (2001) and Hradec Kralove (2002). He has recorded for the Polish Radio and Television, and for Dutch and Icelandic radio stations.<\/p>\n<p><a href=\"mailto:jerzy.tosik.warszawiak@amuz.krakow.pl\">jerzy.tosik.warszawiak@amuz.krakow.pl<\/a><\/p>\n<p style=\"text-align: justify;\">\n<p><\/p>","protected":false},"excerpt":{"rendered":"<p>Jerzy Tosik-Warszawiak\u00a0 \u2013 born in 1953 in\u00a0Krakow. He studied piano with Prof. Ludwik Stefa\u0144ski at the Academy of Music in Krakow, from which he graduated with honours. A pianist and&hellip; <a href=\"https:\/\/www.amuz.krakow.pl\/en\/wydzialy\/wydzial-ii-instrumentalny\/katedra-kameralistyki\/pracownicy-katedry\/prof-dr-hab-jerzy-tosik-warszawiak\/\">Continue reading<\/a><\/p>\n","protected":false},"author":72,"featured_media":0,"parent":44250,"menu_order":24,"comment_status":"closed","ping_status":"closed","template":"","meta":{"footnotes":"","_links_to":"","_links_to_target":""},"class_list":["post-8232","page","type-page","status-publish","hentry"],"yoast_head":"<!-- This site is optimized with the Yoast SEO plugin v27.2 - https:\/\/yoast.com\/product\/yoast-seo-wordpress\/ -->\n<title>AMKP - Akademia Muzyczna im. Krzysztofa Pendereckiego w Krakowie<\/title>\n<meta name=\"robots\" content=\"index, follow, max-snippet:-1, max-image-preview:large, max-video-preview:-1\" \/>\n<link rel=\"canonical\" href=\"https:\/\/www.amuz.krakow.pl\/wydzialy\/wydzial-ii-instrumentalny\/katedra-kameralistyki\/pracownicy-katedry\/prof-dr-hab-jerzy-tosik-warszawiak\/\" \/>\n<meta property=\"og:locale\" content=\"en_US\" \/>\n<meta property=\"og:type\" content=\"article\" \/>\n<meta property=\"og:title\" content=\"AMKP - Akademia Muzyczna im. Krzysztofa Pendereckiego w Krakowie\" \/>\n<meta property=\"og:description\" content=\"Jerzy Tosik-Warszawiak\u00a0 \u2013 born in 1953 in\u00a0Krakow. He studied piano with Prof. Ludwik Stefa\u0144ski at the Academy of Music in Krakow, from which he graduated with honours. A pianist and&hellip; Continue reading\" \/>\n<meta property=\"og:url\" content=\"https:\/\/www.amuz.krakow.pl\/wydzialy\/wydzial-ii-instrumentalny\/katedra-kameralistyki\/pracownicy-katedry\/prof-dr-hab-jerzy-tosik-warszawiak\/\" \/>\n<meta property=\"og:site_name\" content=\"Akademia Muzyczna im. Krzysztofa Pendereckiego w Krakowie\" \/>\n<meta property=\"article:publisher\" content=\"https:\/\/www.facebook.com\/amuz.krakow\" \/>\n<meta property=\"article:modified_time\" content=\"2024-10-09T12:36:57+00:00\" \/>\n<meta property=\"og:image\" content=\"https:\/\/www.amuz.krakow.pl\/wp-content\/uploads\/2016\/02\/Tosik-Warszawiak-Jerzy.jpg\" \/>\n<meta name=\"twitter:card\" content=\"summary_large_image\" \/>\n<meta name=\"twitter:label1\" content=\"Est. reading time\" \/>\n\t<meta name=\"twitter:data1\" content=\"3 minutes\" \/>\n<script type=\"application\/ld+json\" class=\"yoast-schema-graph\">{\"@context\":\"https:\/\/schema.org\",\"@graph\":[{\"@type\":\"WebPage\",\"@id\":\"https:\/\/www.amuz.krakow.pl\/wydzialy\/wydzial-ii-instrumentalny\/katedra-kameralistyki\/pracownicy-katedry\/prof-dr-hab-jerzy-tosik-warszawiak\/\",\"url\":\"https:\/\/www.amuz.krakow.pl\/wydzialy\/wydzial-ii-instrumentalny\/katedra-kameralistyki\/pracownicy-katedry\/prof-dr-hab-jerzy-tosik-warszawiak\/\",\"name\":\"AMKP - Akademia Muzyczna im. Krzysztofa Pendereckiego w Krakowie\",\"isPartOf\":{\"@id\":\"https:\/\/www.amuz.krakow.pl\/#website\"},\"primaryImageOfPage\":{\"@id\":\"https:\/\/www.amuz.krakow.pl\/wydzialy\/wydzial-ii-instrumentalny\/katedra-kameralistyki\/pracownicy-katedry\/prof-dr-hab-jerzy-tosik-warszawiak\/#primaryimage\"},\"image\":{\"@id\":\"https:\/\/www.amuz.krakow.pl\/wydzialy\/wydzial-ii-instrumentalny\/katedra-kameralistyki\/pracownicy-katedry\/prof-dr-hab-jerzy-tosik-warszawiak\/#primaryimage\"},\"thumbnailUrl\":\"https:\/\/www.amuz.krakow.pl\/wp-content\/uploads\/2016\/02\/Tosik-Warszawiak-Jerzy.jpg\",\"datePublished\":\"2016-05-27T21:04:52+00:00\",\"dateModified\":\"2024-10-09T12:36:57+00:00\",\"breadcrumb\":{\"@id\":\"https:\/\/www.amuz.krakow.pl\/wydzialy\/wydzial-ii-instrumentalny\/katedra-kameralistyki\/pracownicy-katedry\/prof-dr-hab-jerzy-tosik-warszawiak\/#breadcrumb\"},\"inLanguage\":\"en-US\",\"potentialAction\":[{\"@type\":\"ReadAction\",\"target\":[\"https:\/\/www.amuz.krakow.pl\/wydzialy\/wydzial-ii-instrumentalny\/katedra-kameralistyki\/pracownicy-katedry\/prof-dr-hab-jerzy-tosik-warszawiak\/\"]}]},{\"@type\":\"ImageObject\",\"inLanguage\":\"en-US\",\"@id\":\"https:\/\/www.amuz.krakow.pl\/wydzialy\/wydzial-ii-instrumentalny\/katedra-kameralistyki\/pracownicy-katedry\/prof-dr-hab-jerzy-tosik-warszawiak\/#primaryimage\",\"url\":\"https:\/\/www.amuz.krakow.pl\/wp-content\/uploads\/2016\/02\/Tosik-Warszawiak-Jerzy.jpg\",\"contentUrl\":\"https:\/\/www.amuz.krakow.pl\/wp-content\/uploads\/2016\/02\/Tosik-Warszawiak-Jerzy.jpg\"},{\"@type\":\"BreadcrumbList\",\"@id\":\"https:\/\/www.amuz.krakow.pl\/wydzialy\/wydzial-ii-instrumentalny\/katedra-kameralistyki\/pracownicy-katedry\/prof-dr-hab-jerzy-tosik-warszawiak\/#breadcrumb\",\"itemListElement\":[{\"@type\":\"ListItem\",\"position\":1,\"name\":\"Strona g\u0142\u00f3wna\",\"item\":\"https:\/\/www.amuz.krakow.pl\/\"},{\"@type\":\"ListItem\",\"position\":2,\"name\":\"WYDZIA\u0141Y\",\"item\":\"https:\/\/www.amuz.krakow.pl\/wydzialy\/\"},{\"@type\":\"ListItem\",\"position\":3,\"name\":\"Wydzia\u0142 Instrumentalny\",\"item\":\"https:\/\/www.amuz.krakow.pl\/wydzialy\/wydzial-ii-instrumentalny\/\"},{\"@type\":\"ListItem\",\"position\":4,\"name\":\"Katedra Kameralistyki\",\"item\":\"https:\/\/www.amuz.krakow.pl\/wydzialy\/wydzial-ii-instrumentalny\/katedra-kameralistyki\/\"},{\"@type\":\"ListItem\",\"position\":5,\"name\":\"Pracownicy Katedry\",\"item\":\"https:\/\/www.amuz.krakow.pl\/wydzialy\/wydzial-ii-instrumentalny\/katedra-kameralistyki\/pracownicy-katedry\/\"},{\"@type\":\"ListItem\",\"position\":6,\"name\":\"prof. dr hab. Jerzy Tosik-Warszawiak (wsp\u00f3\u0142praca)\"}]},{\"@type\":\"WebSite\",\"@id\":\"https:\/\/www.amuz.krakow.pl\/#website\",\"url\":\"https:\/\/www.amuz.krakow.pl\/\",\"name\":\"Akademia Muzyczna im. Krzysztofa Pendereckiego w Krakowie\",\"description\":\"Oficjalna strona Akademii Muzycznej im. Krzysztofa Pendereckiego w Krakowie (AMKP).\",\"publisher\":{\"@id\":\"https:\/\/www.amuz.krakow.pl\/#organization\"},\"alternateName\":\"AMKP\",\"potentialAction\":[{\"@type\":\"SearchAction\",\"target\":{\"@type\":\"EntryPoint\",\"urlTemplate\":\"https:\/\/www.amuz.krakow.pl\/?s={search_term_string}\"},\"query-input\":{\"@type\":\"PropertyValueSpecification\",\"valueRequired\":true,\"valueName\":\"search_term_string\"}}],\"inLanguage\":\"en-US\"},{\"@type\":\"Organization\",\"@id\":\"https:\/\/www.amuz.krakow.pl\/#organization\",\"name\":\"Akademia Muzyczna im. Krzysztofa Pendereckiego w Krakowie\",\"alternateName\":\"AMKP\",\"url\":\"https:\/\/www.amuz.krakow.pl\/\",\"logo\":{\"@type\":\"ImageObject\",\"inLanguage\":\"en-US\",\"@id\":\"https:\/\/www.amuz.krakow.pl\/#\/schema\/logo\/image\/\",\"url\":\"https:\/\/www.amuz.krakow.pl\/wp-content\/uploads\/2021\/11\/amkp.jpg\",\"contentUrl\":\"https:\/\/www.amuz.krakow.pl\/wp-content\/uploads\/2021\/11\/amkp.jpg\",\"width\":1193,\"height\":591,\"caption\":\"Akademia Muzyczna im. Krzysztofa Pendereckiego w Krakowie\"},\"image\":{\"@id\":\"https:\/\/www.amuz.krakow.pl\/#\/schema\/logo\/image\/\"},\"sameAs\":[\"https:\/\/www.facebook.com\/amuz.krakow\",\"https:\/\/www.instagram.com\/amkpenderecki\/\",\"https:\/\/www.youtube.com\/@amkpenderecki4806\"]}]}<\/script>\n<!-- \/ Yoast SEO plugin. -->","yoast_head_json":{"title":"AMKP - Akademia Muzyczna im. Krzysztofa Pendereckiego w Krakowie","robots":{"index":"index","follow":"follow","max-snippet":"max-snippet:-1","max-image-preview":"max-image-preview:large","max-video-preview":"max-video-preview:-1"},"canonical":"https:\/\/www.amuz.krakow.pl\/wydzialy\/wydzial-ii-instrumentalny\/katedra-kameralistyki\/pracownicy-katedry\/prof-dr-hab-jerzy-tosik-warszawiak\/","og_locale":"en_US","og_type":"article","og_title":"AMKP - Akademia Muzyczna im. Krzysztofa Pendereckiego w Krakowie","og_description":"Jerzy Tosik-Warszawiak\u00a0 \u2013 born in 1953 in\u00a0Krakow. He studied piano with Prof. Ludwik Stefa\u0144ski at the Academy of Music in Krakow, from which he graduated with honours. A pianist and&hellip; Continue reading","og_url":"https:\/\/www.amuz.krakow.pl\/wydzialy\/wydzial-ii-instrumentalny\/katedra-kameralistyki\/pracownicy-katedry\/prof-dr-hab-jerzy-tosik-warszawiak\/","og_site_name":"Akademia Muzyczna im. Krzysztofa Pendereckiego w Krakowie","article_publisher":"https:\/\/www.facebook.com\/amuz.krakow","article_modified_time":"2024-10-09T12:36:57+00:00","og_image":[{"url":"https:\/\/www.amuz.krakow.pl\/wp-content\/uploads\/2016\/02\/Tosik-Warszawiak-Jerzy.jpg","type":"","width":"","height":""}],"twitter_card":"summary_large_image","twitter_misc":{"Est. reading time":"3 minutes"},"schema":{"@context":"https:\/\/schema.org","@graph":[{"@type":"WebPage","@id":"https:\/\/www.amuz.krakow.pl\/wydzialy\/wydzial-ii-instrumentalny\/katedra-kameralistyki\/pracownicy-katedry\/prof-dr-hab-jerzy-tosik-warszawiak\/","url":"https:\/\/www.amuz.krakow.pl\/wydzialy\/wydzial-ii-instrumentalny\/katedra-kameralistyki\/pracownicy-katedry\/prof-dr-hab-jerzy-tosik-warszawiak\/","name":"AMKP - Akademia Muzyczna im. Krzysztofa Pendereckiego w Krakowie","isPartOf":{"@id":"https:\/\/www.amuz.krakow.pl\/#website"},"primaryImageOfPage":{"@id":"https:\/\/www.amuz.krakow.pl\/wydzialy\/wydzial-ii-instrumentalny\/katedra-kameralistyki\/pracownicy-katedry\/prof-dr-hab-jerzy-tosik-warszawiak\/#primaryimage"},"image":{"@id":"https:\/\/www.amuz.krakow.pl\/wydzialy\/wydzial-ii-instrumentalny\/katedra-kameralistyki\/pracownicy-katedry\/prof-dr-hab-jerzy-tosik-warszawiak\/#primaryimage"},"thumbnailUrl":"https:\/\/www.amuz.krakow.pl\/wp-content\/uploads\/2016\/02\/Tosik-Warszawiak-Jerzy.jpg","datePublished":"2016-05-27T21:04:52+00:00","dateModified":"2024-10-09T12:36:57+00:00","breadcrumb":{"@id":"https:\/\/www.amuz.krakow.pl\/wydzialy\/wydzial-ii-instrumentalny\/katedra-kameralistyki\/pracownicy-katedry\/prof-dr-hab-jerzy-tosik-warszawiak\/#breadcrumb"},"inLanguage":"en-US","potentialAction":[{"@type":"ReadAction","target":["https:\/\/www.amuz.krakow.pl\/wydzialy\/wydzial-ii-instrumentalny\/katedra-kameralistyki\/pracownicy-katedry\/prof-dr-hab-jerzy-tosik-warszawiak\/"]}]},{"@type":"ImageObject","inLanguage":"en-US","@id":"https:\/\/www.amuz.krakow.pl\/wydzialy\/wydzial-ii-instrumentalny\/katedra-kameralistyki\/pracownicy-katedry\/prof-dr-hab-jerzy-tosik-warszawiak\/#primaryimage","url":"https:\/\/www.amuz.krakow.pl\/wp-content\/uploads\/2016\/02\/Tosik-Warszawiak-Jerzy.jpg","contentUrl":"https:\/\/www.amuz.krakow.pl\/wp-content\/uploads\/2016\/02\/Tosik-Warszawiak-Jerzy.jpg"},{"@type":"BreadcrumbList","@id":"https:\/\/www.amuz.krakow.pl\/wydzialy\/wydzial-ii-instrumentalny\/katedra-kameralistyki\/pracownicy-katedry\/prof-dr-hab-jerzy-tosik-warszawiak\/#breadcrumb","itemListElement":[{"@type":"ListItem","position":1,"name":"Strona g\u0142\u00f3wna","item":"https:\/\/www.amuz.krakow.pl\/"},{"@type":"ListItem","position":2,"name":"WYDZIA\u0141Y","item":"https:\/\/www.amuz.krakow.pl\/wydzialy\/"},{"@type":"ListItem","position":3,"name":"Wydzia\u0142 Instrumentalny","item":"https:\/\/www.amuz.krakow.pl\/wydzialy\/wydzial-ii-instrumentalny\/"},{"@type":"ListItem","position":4,"name":"Katedra Kameralistyki","item":"https:\/\/www.amuz.krakow.pl\/wydzialy\/wydzial-ii-instrumentalny\/katedra-kameralistyki\/"},{"@type":"ListItem","position":5,"name":"Pracownicy Katedry","item":"https:\/\/www.amuz.krakow.pl\/wydzialy\/wydzial-ii-instrumentalny\/katedra-kameralistyki\/pracownicy-katedry\/"},{"@type":"ListItem","position":6,"name":"prof. dr hab. Jerzy Tosik-Warszawiak (wsp\u00f3\u0142praca)"}]},{"@type":"WebSite","@id":"https:\/\/www.amuz.krakow.pl\/#website","url":"https:\/\/www.amuz.krakow.pl\/","name":"Akademia Muzyczna im. Krzysztofa Pendereckiego w Krakowie","description":"Oficjalna strona Akademii Muzycznej im. Krzysztofa Pendereckiego w Krakowie (AMKP).","publisher":{"@id":"https:\/\/www.amuz.krakow.pl\/#organization"},"alternateName":"AMKP","potentialAction":[{"@type":"SearchAction","target":{"@type":"EntryPoint","urlTemplate":"https:\/\/www.amuz.krakow.pl\/?s={search_term_string}"},"query-input":{"@type":"PropertyValueSpecification","valueRequired":true,"valueName":"search_term_string"}}],"inLanguage":"en-US"},{"@type":"Organization","@id":"https:\/\/www.amuz.krakow.pl\/#organization","name":"Akademia Muzyczna im. Krzysztofa Pendereckiego w Krakowie","alternateName":"AMKP","url":"https:\/\/www.amuz.krakow.pl\/","logo":{"@type":"ImageObject","inLanguage":"en-US","@id":"https:\/\/www.amuz.krakow.pl\/#\/schema\/logo\/image\/","url":"https:\/\/www.amuz.krakow.pl\/wp-content\/uploads\/2021\/11\/amkp.jpg","contentUrl":"https:\/\/www.amuz.krakow.pl\/wp-content\/uploads\/2021\/11\/amkp.jpg","width":1193,"height":591,"caption":"Akademia Muzyczna im. Krzysztofa Pendereckiego w Krakowie"},"image":{"@id":"https:\/\/www.amuz.krakow.pl\/#\/schema\/logo\/image\/"},"sameAs":["https:\/\/www.facebook.com\/amuz.krakow","https:\/\/www.instagram.com\/amkpenderecki\/","https:\/\/www.youtube.com\/@amkpenderecki4806"]}]}},"_links":{"self":[{"href":"https:\/\/www.amuz.krakow.pl\/en\/wp-json\/wp\/v2\/pages\/8232","targetHints":{"allow":["GET"]}}],"collection":[{"href":"https:\/\/www.amuz.krakow.pl\/en\/wp-json\/wp\/v2\/pages"}],"about":[{"href":"https:\/\/www.amuz.krakow.pl\/en\/wp-json\/wp\/v2\/types\/page"}],"author":[{"embeddable":true,"href":"https:\/\/www.amuz.krakow.pl\/en\/wp-json\/wp\/v2\/users\/72"}],"replies":[{"embeddable":true,"href":"https:\/\/www.amuz.krakow.pl\/en\/wp-json\/wp\/v2\/comments?post=8232"}],"version-history":[{"count":3,"href":"https:\/\/www.amuz.krakow.pl\/en\/wp-json\/wp\/v2\/pages\/8232\/revisions"}],"predecessor-version":[{"id":90862,"href":"https:\/\/www.amuz.krakow.pl\/en\/wp-json\/wp\/v2\/pages\/8232\/revisions\/90862"}],"up":[{"embeddable":true,"href":"https:\/\/www.amuz.krakow.pl\/en\/wp-json\/wp\/v2\/pages\/44250"}],"wp:attachment":[{"href":"https:\/\/www.amuz.krakow.pl\/en\/wp-json\/wp\/v2\/media?parent=8232"}],"curies":[{"name":"wp","href":"https:\/\/api.w.org\/{rel}","templated":true}]}}