{"id":81823,"date":"2024-01-04T14:37:19","date_gmt":"2024-01-04T13:37:19","guid":{"rendered":"https:\/\/www.amuz.krakow.pl\/?page_id=81823"},"modified":"2025-09-01T10:57:27","modified_gmt":"2025-09-01T08:57:27","slug":"koordynator-ds-dostepnosci-dla-osob-ze-szczegolnymi-potrzebami","status":"publish","type":"page","link":"https:\/\/www.amuz.krakow.pl\/en\/dostepnosc\/koordynator-ds-dostepnosci-dla-osob-ze-szczegolnymi-potrzebami\/","title":{"rendered":"Tasks of coordinator of accessibility for persons with special needs"},"content":{"rendered":"<p>According to the Act of 19 July 2019 on provision of accessibility for persons with special needs, by virtue of the Ordinance No. 39 of the Rector of the Krzysztof Penderecki Academy of Music in Krakow of 1 December 2023, the role of coordinator of accessibility for persons with special needs was established &#8211; and filled by <strong>mgr Agnieszka Czyczy\u0142o-Dubiel<\/strong>.<\/p>\n<p>&nbsp;<\/p>\n<p><strong><span style=\"font-size: 12pt;\">Tasks of the coordinator of accessibility for persons with special needs at AMKP:<\/span><\/strong><\/p>\n<ol>\n<li>Supporting persons with special needs in access to educational services provided by the Krzysztof Penderecki Academy of Music in Krakow (AMKP).<\/li>\n<li>Developing and coordinating the implementation of the plan to improve the provision of accessibility to persons with special needs, including in particular the analysis of the current state of providing accessibility for persons with special needs by AMKP, as well as planning activities for improvement of the realisation of tasks in the area of accessibility.<\/li>\n<li>Preparing an annual, collective report on the state of accessibility provided for persons with special needs.<\/li>\n<li>Monitoring the activities of AMKP in terms of providing accessibility to persons with special needs in the following areas: architecture, digital and communication\/information.<\/li>\n<li>Cooperation with external environment in order to provide accessibility of AMKP as an entity providing educational services in the areas mentioned in point 4.<\/li>\n<li>Monitoring legal solutions in Poland and other countries regarding persons with special needs.<\/li>\n<li>Monitoring activity of AMKP in the area of providing accessibility to persons with special needs.<\/li>\n<li>Supporting AMKP staff in the scope of implementation of accessibility.<\/li>\n<li>Promoting AMKP as an institution accessible for persons with special needs.<\/li>\n<\/ol>\n<p><\/p>","protected":false},"excerpt":{"rendered":"<p>According to the Act of 19 July 2019 on provision of accessibility for persons with special needs, by virtue of the Ordinance No. 39 of the Rector of the Krzysztof&hellip; <a href=\"https:\/\/www.amuz.krakow.pl\/en\/dostepnosc\/koordynator-ds-dostepnosci-dla-osob-ze-szczegolnymi-potrzebami\/\">Continue reading<\/a><\/p>\n","protected":false},"author":72,"featured_media":82639,"parent":81807,"menu_order":1,"comment_status":"closed","ping_status":"closed","template":"","meta":{"footnotes":"","_links_to":"","_links_to_target":""},"class_list":["post-81823","page","type-page","status-publish","has-post-thumbnail","hentry"],"yoast_head":"<!-- This site is optimized with the Yoast SEO plugin v27.2 - https:\/\/yoast.com\/product\/yoast-seo-wordpress\/ -->\n<title>AMKP - Akademia Muzyczna im. Krzysztofa Pendereckiego w Krakowie<\/title>\n<meta name=\"robots\" content=\"index, follow, max-snippet:-1, max-image-preview:large, max-video-preview:-1\" \/>\n<link rel=\"canonical\" href=\"https:\/\/www.amuz.krakow.pl\/dostepnosc\/koordynator-ds-dostepnosci-dla-osob-ze-szczegolnymi-potrzebami\/\" \/>\n<meta property=\"og:locale\" content=\"en_US\" \/>\n<meta property=\"og:type\" content=\"article\" \/>\n<meta property=\"og:title\" content=\"AMKP - Akademia Muzyczna im. Krzysztofa Pendereckiego w Krakowie\" \/>\n<meta property=\"og:description\" content=\"According to the Act of 19 July 2019 on provision of accessibility for persons with special needs, by virtue of the Ordinance No. 39 of the Rector of the Krzysztof&hellip; Continue reading\" \/>\n<meta property=\"og:url\" content=\"https:\/\/www.amuz.krakow.pl\/dostepnosc\/koordynator-ds-dostepnosci-dla-osob-ze-szczegolnymi-potrzebami\/\" \/>\n<meta property=\"og:site_name\" content=\"Akademia Muzyczna im. Krzysztofa Pendereckiego w Krakowie\" \/>\n<meta property=\"article:publisher\" content=\"https:\/\/www.facebook.com\/amuz.krakow\" \/>\n<meta property=\"article:modified_time\" content=\"2025-09-01T08:57:27+00:00\" \/>\n<meta property=\"og:image\" content=\"https:\/\/www.amuz.krakow.pl\/wp-content\/uploads\/2024\/01\/accessibility-1.jpg\" \/>\n\t<meta property=\"og:image:width\" content=\"1000\" \/>\n\t<meta property=\"og:image:height\" content=\"500\" \/>\n\t<meta property=\"og:image:type\" content=\"image\/jpeg\" \/>\n<meta name=\"twitter:card\" content=\"summary_large_image\" \/>\n<meta name=\"twitter:label1\" content=\"Est. reading time\" \/>\n\t<meta name=\"twitter:data1\" content=\"2 minutes\" \/>\n<script type=\"application\/ld+json\" class=\"yoast-schema-graph\">{\"@context\":\"https:\/\/schema.org\",\"@graph\":[{\"@type\":\"WebPage\",\"@id\":\"https:\/\/www.amuz.krakow.pl\/dostepnosc\/koordynator-ds-dostepnosci-dla-osob-ze-szczegolnymi-potrzebami\/\",\"url\":\"https:\/\/www.amuz.krakow.pl\/dostepnosc\/koordynator-ds-dostepnosci-dla-osob-ze-szczegolnymi-potrzebami\/\",\"name\":\"AMKP - Akademia Muzyczna im. Krzysztofa Pendereckiego w Krakowie\",\"isPartOf\":{\"@id\":\"https:\/\/www.amuz.krakow.pl\/#website\"},\"primaryImageOfPage\":{\"@id\":\"https:\/\/www.amuz.krakow.pl\/dostepnosc\/koordynator-ds-dostepnosci-dla-osob-ze-szczegolnymi-potrzebami\/#primaryimage\"},\"image\":{\"@id\":\"https:\/\/www.amuz.krakow.pl\/dostepnosc\/koordynator-ds-dostepnosci-dla-osob-ze-szczegolnymi-potrzebami\/#primaryimage\"},\"thumbnailUrl\":\"https:\/\/www.amuz.krakow.pl\/wp-content\/uploads\/2024\/01\/accessibility-1.jpg\",\"datePublished\":\"2024-01-04T13:37:19+00:00\",\"dateModified\":\"2025-09-01T08:57:27+00:00\",\"breadcrumb\":{\"@id\":\"https:\/\/www.amuz.krakow.pl\/dostepnosc\/koordynator-ds-dostepnosci-dla-osob-ze-szczegolnymi-potrzebami\/#breadcrumb\"},\"inLanguage\":\"en-US\",\"potentialAction\":[{\"@type\":\"ReadAction\",\"target\":[\"https:\/\/www.amuz.krakow.pl\/dostepnosc\/koordynator-ds-dostepnosci-dla-osob-ze-szczegolnymi-potrzebami\/\"]}]},{\"@type\":\"ImageObject\",\"inLanguage\":\"en-US\",\"@id\":\"https:\/\/www.amuz.krakow.pl\/dostepnosc\/koordynator-ds-dostepnosci-dla-osob-ze-szczegolnymi-potrzebami\/#primaryimage\",\"url\":\"https:\/\/www.amuz.krakow.pl\/wp-content\/uploads\/2024\/01\/accessibility-1.jpg\",\"contentUrl\":\"https:\/\/www.amuz.krakow.pl\/wp-content\/uploads\/2024\/01\/accessibility-1.jpg\",\"width\":1000,\"height\":500},{\"@type\":\"BreadcrumbList\",\"@id\":\"https:\/\/www.amuz.krakow.pl\/dostepnosc\/koordynator-ds-dostepnosci-dla-osob-ze-szczegolnymi-potrzebami\/#breadcrumb\",\"itemListElement\":[{\"@type\":\"ListItem\",\"position\":1,\"name\":\"Strona g\u0142\u00f3wna\",\"item\":\"https:\/\/www.amuz.krakow.pl\/\"},{\"@type\":\"ListItem\",\"position\":2,\"name\":\"Dost\u0119pno\u015b\u0107\",\"item\":\"https:\/\/www.amuz.krakow.pl\/dostepnosc\/\"},{\"@type\":\"ListItem\",\"position\":3,\"name\":\"Zadania koordynatora ds. dost\u0119pno\u015bci dla os\u00f3b ze szczeg\u00f3lnymi potrzebami\"}]},{\"@type\":\"WebSite\",\"@id\":\"https:\/\/www.amuz.krakow.pl\/#website\",\"url\":\"https:\/\/www.amuz.krakow.pl\/\",\"name\":\"Akademia Muzyczna im. Krzysztofa Pendereckiego w Krakowie\",\"description\":\"Oficjalna strona Akademii Muzycznej im. Krzysztofa Pendereckiego w Krakowie (AMKP).\",\"publisher\":{\"@id\":\"https:\/\/www.amuz.krakow.pl\/#organization\"},\"alternateName\":\"AMKP\",\"potentialAction\":[{\"@type\":\"SearchAction\",\"target\":{\"@type\":\"EntryPoint\",\"urlTemplate\":\"https:\/\/www.amuz.krakow.pl\/?s={search_term_string}\"},\"query-input\":{\"@type\":\"PropertyValueSpecification\",\"valueRequired\":true,\"valueName\":\"search_term_string\"}}],\"inLanguage\":\"en-US\"},{\"@type\":\"Organization\",\"@id\":\"https:\/\/www.amuz.krakow.pl\/#organization\",\"name\":\"Akademia Muzyczna im. Krzysztofa Pendereckiego w Krakowie\",\"alternateName\":\"AMKP\",\"url\":\"https:\/\/www.amuz.krakow.pl\/\",\"logo\":{\"@type\":\"ImageObject\",\"inLanguage\":\"en-US\",\"@id\":\"https:\/\/www.amuz.krakow.pl\/#\/schema\/logo\/image\/\",\"url\":\"https:\/\/www.amuz.krakow.pl\/wp-content\/uploads\/2021\/11\/amkp.jpg\",\"contentUrl\":\"https:\/\/www.amuz.krakow.pl\/wp-content\/uploads\/2021\/11\/amkp.jpg\",\"width\":1193,\"height\":591,\"caption\":\"Akademia Muzyczna im. Krzysztofa Pendereckiego w Krakowie\"},\"image\":{\"@id\":\"https:\/\/www.amuz.krakow.pl\/#\/schema\/logo\/image\/\"},\"sameAs\":[\"https:\/\/www.facebook.com\/amuz.krakow\",\"https:\/\/www.instagram.com\/amkpenderecki\/\",\"https:\/\/www.youtube.com\/@amkpenderecki4806\"]}]}<\/script>\n<!-- \/ Yoast SEO plugin. -->","yoast_head_json":{"title":"AMKP - Akademia Muzyczna im. Krzysztofa Pendereckiego w Krakowie","robots":{"index":"index","follow":"follow","max-snippet":"max-snippet:-1","max-image-preview":"max-image-preview:large","max-video-preview":"max-video-preview:-1"},"canonical":"https:\/\/www.amuz.krakow.pl\/dostepnosc\/koordynator-ds-dostepnosci-dla-osob-ze-szczegolnymi-potrzebami\/","og_locale":"en_US","og_type":"article","og_title":"AMKP - Akademia Muzyczna im. Krzysztofa Pendereckiego w Krakowie","og_description":"According to the Act of 19 July 2019 on provision of accessibility for persons with special needs, by virtue of the Ordinance No. 39 of the Rector of the Krzysztof&hellip; Continue reading","og_url":"https:\/\/www.amuz.krakow.pl\/dostepnosc\/koordynator-ds-dostepnosci-dla-osob-ze-szczegolnymi-potrzebami\/","og_site_name":"Akademia Muzyczna im. Krzysztofa Pendereckiego w Krakowie","article_publisher":"https:\/\/www.facebook.com\/amuz.krakow","article_modified_time":"2025-09-01T08:57:27+00:00","og_image":[{"width":1000,"height":500,"url":"https:\/\/www.amuz.krakow.pl\/wp-content\/uploads\/2024\/01\/accessibility-1.jpg","type":"image\/jpeg"}],"twitter_card":"summary_large_image","twitter_misc":{"Est. reading time":"2 minutes"},"schema":{"@context":"https:\/\/schema.org","@graph":[{"@type":"WebPage","@id":"https:\/\/www.amuz.krakow.pl\/dostepnosc\/koordynator-ds-dostepnosci-dla-osob-ze-szczegolnymi-potrzebami\/","url":"https:\/\/www.amuz.krakow.pl\/dostepnosc\/koordynator-ds-dostepnosci-dla-osob-ze-szczegolnymi-potrzebami\/","name":"AMKP - Akademia Muzyczna im. Krzysztofa Pendereckiego w Krakowie","isPartOf":{"@id":"https:\/\/www.amuz.krakow.pl\/#website"},"primaryImageOfPage":{"@id":"https:\/\/www.amuz.krakow.pl\/dostepnosc\/koordynator-ds-dostepnosci-dla-osob-ze-szczegolnymi-potrzebami\/#primaryimage"},"image":{"@id":"https:\/\/www.amuz.krakow.pl\/dostepnosc\/koordynator-ds-dostepnosci-dla-osob-ze-szczegolnymi-potrzebami\/#primaryimage"},"thumbnailUrl":"https:\/\/www.amuz.krakow.pl\/wp-content\/uploads\/2024\/01\/accessibility-1.jpg","datePublished":"2024-01-04T13:37:19+00:00","dateModified":"2025-09-01T08:57:27+00:00","breadcrumb":{"@id":"https:\/\/www.amuz.krakow.pl\/dostepnosc\/koordynator-ds-dostepnosci-dla-osob-ze-szczegolnymi-potrzebami\/#breadcrumb"},"inLanguage":"en-US","potentialAction":[{"@type":"ReadAction","target":["https:\/\/www.amuz.krakow.pl\/dostepnosc\/koordynator-ds-dostepnosci-dla-osob-ze-szczegolnymi-potrzebami\/"]}]},{"@type":"ImageObject","inLanguage":"en-US","@id":"https:\/\/www.amuz.krakow.pl\/dostepnosc\/koordynator-ds-dostepnosci-dla-osob-ze-szczegolnymi-potrzebami\/#primaryimage","url":"https:\/\/www.amuz.krakow.pl\/wp-content\/uploads\/2024\/01\/accessibility-1.jpg","contentUrl":"https:\/\/www.amuz.krakow.pl\/wp-content\/uploads\/2024\/01\/accessibility-1.jpg","width":1000,"height":500},{"@type":"BreadcrumbList","@id":"https:\/\/www.amuz.krakow.pl\/dostepnosc\/koordynator-ds-dostepnosci-dla-osob-ze-szczegolnymi-potrzebami\/#breadcrumb","itemListElement":[{"@type":"ListItem","position":1,"name":"Strona g\u0142\u00f3wna","item":"https:\/\/www.amuz.krakow.pl\/"},{"@type":"ListItem","position":2,"name":"Dost\u0119pno\u015b\u0107","item":"https:\/\/www.amuz.krakow.pl\/dostepnosc\/"},{"@type":"ListItem","position":3,"name":"Zadania koordynatora ds. dost\u0119pno\u015bci dla os\u00f3b ze szczeg\u00f3lnymi potrzebami"}]},{"@type":"WebSite","@id":"https:\/\/www.amuz.krakow.pl\/#website","url":"https:\/\/www.amuz.krakow.pl\/","name":"Akademia Muzyczna im. Krzysztofa Pendereckiego w Krakowie","description":"Oficjalna strona Akademii Muzycznej im. Krzysztofa Pendereckiego w Krakowie (AMKP).","publisher":{"@id":"https:\/\/www.amuz.krakow.pl\/#organization"},"alternateName":"AMKP","potentialAction":[{"@type":"SearchAction","target":{"@type":"EntryPoint","urlTemplate":"https:\/\/www.amuz.krakow.pl\/?s={search_term_string}"},"query-input":{"@type":"PropertyValueSpecification","valueRequired":true,"valueName":"search_term_string"}}],"inLanguage":"en-US"},{"@type":"Organization","@id":"https:\/\/www.amuz.krakow.pl\/#organization","name":"Akademia Muzyczna im. Krzysztofa Pendereckiego w Krakowie","alternateName":"AMKP","url":"https:\/\/www.amuz.krakow.pl\/","logo":{"@type":"ImageObject","inLanguage":"en-US","@id":"https:\/\/www.amuz.krakow.pl\/#\/schema\/logo\/image\/","url":"https:\/\/www.amuz.krakow.pl\/wp-content\/uploads\/2021\/11\/amkp.jpg","contentUrl":"https:\/\/www.amuz.krakow.pl\/wp-content\/uploads\/2021\/11\/amkp.jpg","width":1193,"height":591,"caption":"Akademia Muzyczna im. Krzysztofa Pendereckiego w Krakowie"},"image":{"@id":"https:\/\/www.amuz.krakow.pl\/#\/schema\/logo\/image\/"},"sameAs":["https:\/\/www.facebook.com\/amuz.krakow","https:\/\/www.instagram.com\/amkpenderecki\/","https:\/\/www.youtube.com\/@amkpenderecki4806"]}]}},"_links":{"self":[{"href":"https:\/\/www.amuz.krakow.pl\/en\/wp-json\/wp\/v2\/pages\/81823","targetHints":{"allow":["GET"]}}],"collection":[{"href":"https:\/\/www.amuz.krakow.pl\/en\/wp-json\/wp\/v2\/pages"}],"about":[{"href":"https:\/\/www.amuz.krakow.pl\/en\/wp-json\/wp\/v2\/types\/page"}],"author":[{"embeddable":true,"href":"https:\/\/www.amuz.krakow.pl\/en\/wp-json\/wp\/v2\/users\/72"}],"replies":[{"embeddable":true,"href":"https:\/\/www.amuz.krakow.pl\/en\/wp-json\/wp\/v2\/comments?post=81823"}],"version-history":[{"count":5,"href":"https:\/\/www.amuz.krakow.pl\/en\/wp-json\/wp\/v2\/pages\/81823\/revisions"}],"predecessor-version":[{"id":106478,"href":"https:\/\/www.amuz.krakow.pl\/en\/wp-json\/wp\/v2\/pages\/81823\/revisions\/106478"}],"up":[{"embeddable":true,"href":"https:\/\/www.amuz.krakow.pl\/en\/wp-json\/wp\/v2\/pages\/81807"}],"wp:featuredmedia":[{"embeddable":true,"href":"https:\/\/www.amuz.krakow.pl\/en\/wp-json\/wp\/v2\/media\/82639"}],"wp:attachment":[{"href":"https:\/\/www.amuz.krakow.pl\/en\/wp-json\/wp\/v2\/media?parent=81823"}],"curies":[{"name":"wp","href":"https:\/\/api.w.org\/{rel}","templated":true}]}}