{"id":80757,"date":"2023-11-29T15:12:48","date_gmt":"2023-11-29T14:12:48","guid":{"rendered":"https:\/\/www.amuz.krakow.pl\/?page_id=80757"},"modified":"2025-04-01T10:53:34","modified_gmt":"2025-04-01T08:53:34","slug":"dr-hab-michal-slawecki","status":"publish","type":"page","link":"https:\/\/www.amuz.krakow.pl\/en\/wydzialy\/wydzial-i-tworczosci-interpretacji-i-edukacji-muzycznej\/katedra-muzyki-religijnej\/wspolpracownicy\/dr-hab-michal-slawecki\/","title":{"rendered":"prof. dr hab. Micha\u0142 S\u0142awecki"},"content":{"rendered":"<p><figure id=\"attachment_80758\" aria-describedby=\"caption-attachment-80758\" style=\"width: 225px\" class=\"wp-caption alignleft\"><a href=\"https:\/\/www.amuz.krakow.pl\/wp-content\/uploads\/2023\/11\/dr-hab.-Michal-Slawecki-fot.-arch.-pryw.jpg\" target=\"_blank\" rel=\"noopener\"><img loading=\"lazy\" decoding=\"async\" class=\"wp-image-80758 size-medium\" src=\"https:\/\/www.amuz.krakow.pl\/wp-content\/uploads\/2023\/11\/dr-hab.-Michal-Slawecki-fot.-arch.-pryw-225x300.jpg\" alt=\"\" width=\"225\" height=\"300\" srcset=\"https:\/\/www.amuz.krakow.pl\/wp-content\/uploads\/2023\/11\/dr-hab.-Michal-Slawecki-fot.-arch.-pryw-225x300.jpg 225w, https:\/\/www.amuz.krakow.pl\/wp-content\/uploads\/2023\/11\/dr-hab.-Michal-Slawecki-fot.-arch.-pryw-768x1024.jpg 768w, https:\/\/www.amuz.krakow.pl\/wp-content\/uploads\/2023\/11\/dr-hab.-Michal-Slawecki-fot.-arch.-pryw-1152x1536.jpg 1152w, https:\/\/www.amuz.krakow.pl\/wp-content\/uploads\/2023\/11\/dr-hab.-Michal-Slawecki-fot.-arch.-pryw.jpg 1536w\" sizes=\"auto, (max-width: 225px) 100vw, 225px\" \/><\/a><figcaption id=\"caption-attachment-80758\" class=\"wp-caption-text\">photo from private archive<\/figcaption><\/figure><\/p>\n<p>Micha\u0142 S\u0142awecki is an organist, conductor, specialist in Gregorian chant and composer. He graduated in church music and composition from the Fryderyk Chopin Academy of Music in Warsaw \u2013 diplomas with distinction. He continued his studies at the Conservatorio di Musica A. Casella in L&#8217;Aquila (Italy) and at the Pontificio Istituto di Musica Sacra in Rome (internship with Alberto Turco) and specialized in Gregorian chant interpretation with Nino Albarosa. He completed a 5-year series of international courses in Gregorian chant with AISCGre in Cremona. His professors have included Johannes B. Goschl (Kiel), Kees Pouderoijen (Vienna), Franz Karl Prasl (Graz\/Roma), Federico Bardazzi (Firenze), Giovanni Conti (Lugano), Heinrich Rumphorst (Berlin), Alexander M. Schweitzer (Oslo\/Munich) and Thomas Forest Kelly (Cambridge). He is also a graduate of Master of Arts in Liturgical Monody at the Pontifical University of John Paul II in Krakow.<\/p>\n<p>S\u0142awecki is a professor at the Fryderyk Chopin University of Music of Warsaw, and has been dean of the Department of Church Music since 2019. He teaches Gregorian chant at the Academy of Music in Cracow and Bydgoszcz, as well as at Pontifical University of John Paul II (Master). His research focuses on subjects of theory and interpretation of Western liturgical monody based on the oldest available adiastematic sources in the spirit of Dom Eugene Cardine (Gregorian semiology, semiomodality and semioesthetics).<\/p>\n<p>He is being invited as a lecturer to symposia, conferences and scientific seminars, as well as to courses on the interpretation Gregorian chant at home and abroad (Poland, Italy, France, Belgium, Spain, Slovakia, Lithuania). He is the author of numerous publications on the problems of Gregorian chant, choral conducting and sacred music; founder and editor-in-chief of the publishing series <em>Thesaurus Musicae Sacrae<\/em>. He is a member of the Italian and Polish sections of AISCGre.<\/p>\n<p>Slawecki leads two Gregorian ensembles: since 2007 Mulierum Schola Gregoriana <em>Clamaverunt Iusti<\/em>, with which he won the 59<sup>th<\/sup> &#8220;Polifonico Guido d&#8217;Arezzo&#8221; International Competition in 2011 (<em>canto monodico cristiano \u2013 concorso <\/em>and <em>rassegna<\/em>), and in 2016 he won a Fryderyk Award for CD <em>Verbum Incarnatum. <\/em>Since 2013 with Schola Gregoriana <em>Cardinalis Stephani Wyszynski <\/em>he promotes Jasna Gora monodic music in a special way, by publishing CDs in the series <em>Musica Claromontana<\/em>. Since 2014, he has been the artistic director and conductor of the Choir of Cardinal Stefan Wyszy\u0144ski University in Warsaw. As of 2019, has begun collaborating with Schola Gregoriana Vilnensis, which has resulted in numerous courses in Marijampol\u0117, Vilnius and Solesmes, but most importantly in researching 14thcentury Vilnius manuscripts and recordings for CDs and television.<\/p>\n<p><a href=\"mailto:michal.slawecki@amuz.krakow.pl\">michal.slawecki@amuz.krakow.pl<\/a><\/p>","protected":false},"excerpt":{"rendered":"<p>Micha\u0142 S\u0142awecki is an organist, conductor, specialist in Gregorian chant and composer. He graduated in church music and composition from the Fryderyk Chopin Academy of Music in Warsaw \u2013 diplomas&hellip; <a href=\"https:\/\/www.amuz.krakow.pl\/en\/wydzialy\/wydzial-i-tworczosci-interpretacji-i-edukacji-muzycznej\/katedra-muzyki-religijnej\/wspolpracownicy\/dr-hab-michal-slawecki\/\">Continue reading<\/a><\/p>\n","protected":false},"author":72,"featured_media":80758,"parent":80752,"menu_order":5,"comment_status":"closed","ping_status":"closed","template":"","meta":{"footnotes":"","_links_to":"","_links_to_target":""},"class_list":["post-80757","page","type-page","status-publish","has-post-thumbnail","hentry"],"yoast_head":"<!-- This site is optimized with the Yoast SEO plugin v27.2 - https:\/\/yoast.com\/product\/yoast-seo-wordpress\/ -->\n<title>AMKP - Akademia Muzyczna im. Krzysztofa Pendereckiego w Krakowie<\/title>\n<meta name=\"robots\" content=\"index, follow, max-snippet:-1, max-image-preview:large, max-video-preview:-1\" \/>\n<link rel=\"canonical\" href=\"https:\/\/www.amuz.krakow.pl\/wydzialy\/wydzial-i-tworczosci-interpretacji-i-edukacji-muzycznej\/katedra-muzyki-religijnej\/wspolpracownicy\/dr-hab-michal-slawecki\/\" \/>\n<meta property=\"og:locale\" content=\"en_US\" \/>\n<meta property=\"og:type\" content=\"article\" \/>\n<meta property=\"og:title\" content=\"AMKP - Akademia Muzyczna im. Krzysztofa Pendereckiego w Krakowie\" \/>\n<meta property=\"og:description\" content=\"Micha\u0142 S\u0142awecki is an organist, conductor, specialist in Gregorian chant and composer. He graduated in church music and composition from the Fryderyk Chopin Academy of Music in Warsaw \u2013 diplomas&hellip; Continue reading\" \/>\n<meta property=\"og:url\" content=\"https:\/\/www.amuz.krakow.pl\/wydzialy\/wydzial-i-tworczosci-interpretacji-i-edukacji-muzycznej\/katedra-muzyki-religijnej\/wspolpracownicy\/dr-hab-michal-slawecki\/\" \/>\n<meta property=\"og:site_name\" content=\"Akademia Muzyczna im. Krzysztofa Pendereckiego w Krakowie\" \/>\n<meta property=\"article:publisher\" content=\"https:\/\/www.facebook.com\/amuz.krakow\" \/>\n<meta property=\"article:modified_time\" content=\"2025-04-01T08:53:34+00:00\" \/>\n<meta property=\"og:image\" content=\"https:\/\/www.amuz.krakow.pl\/wp-content\/uploads\/2023\/11\/dr-hab.-Michal-Slawecki-fot.-arch.-pryw.jpg\" \/>\n\t<meta property=\"og:image:width\" content=\"1536\" \/>\n\t<meta property=\"og:image:height\" content=\"2048\" \/>\n\t<meta property=\"og:image:type\" content=\"image\/jpeg\" \/>\n<meta name=\"twitter:card\" content=\"summary_large_image\" \/>\n<meta name=\"twitter:label1\" content=\"Est. reading time\" \/>\n\t<meta name=\"twitter:data1\" content=\"3 minutes\" \/>\n<script type=\"application\/ld+json\" class=\"yoast-schema-graph\">{\"@context\":\"https:\/\/schema.org\",\"@graph\":[{\"@type\":\"WebPage\",\"@id\":\"https:\/\/www.amuz.krakow.pl\/wydzialy\/wydzial-i-tworczosci-interpretacji-i-edukacji-muzycznej\/katedra-muzyki-religijnej\/wspolpracownicy\/dr-hab-michal-slawecki\/\",\"url\":\"https:\/\/www.amuz.krakow.pl\/wydzialy\/wydzial-i-tworczosci-interpretacji-i-edukacji-muzycznej\/katedra-muzyki-religijnej\/wspolpracownicy\/dr-hab-michal-slawecki\/\",\"name\":\"AMKP - Akademia Muzyczna im. Krzysztofa Pendereckiego w Krakowie\",\"isPartOf\":{\"@id\":\"https:\/\/www.amuz.krakow.pl\/#website\"},\"primaryImageOfPage\":{\"@id\":\"https:\/\/www.amuz.krakow.pl\/wydzialy\/wydzial-i-tworczosci-interpretacji-i-edukacji-muzycznej\/katedra-muzyki-religijnej\/wspolpracownicy\/dr-hab-michal-slawecki\/#primaryimage\"},\"image\":{\"@id\":\"https:\/\/www.amuz.krakow.pl\/wydzialy\/wydzial-i-tworczosci-interpretacji-i-edukacji-muzycznej\/katedra-muzyki-religijnej\/wspolpracownicy\/dr-hab-michal-slawecki\/#primaryimage\"},\"thumbnailUrl\":\"https:\/\/www.amuz.krakow.pl\/wp-content\/uploads\/2023\/11\/dr-hab.-Michal-Slawecki-fot.-arch.-pryw.jpg\",\"datePublished\":\"2023-11-29T14:12:48+00:00\",\"dateModified\":\"2025-04-01T08:53:34+00:00\",\"breadcrumb\":{\"@id\":\"https:\/\/www.amuz.krakow.pl\/wydzialy\/wydzial-i-tworczosci-interpretacji-i-edukacji-muzycznej\/katedra-muzyki-religijnej\/wspolpracownicy\/dr-hab-michal-slawecki\/#breadcrumb\"},\"inLanguage\":\"en-US\",\"potentialAction\":[{\"@type\":\"ReadAction\",\"target\":[\"https:\/\/www.amuz.krakow.pl\/wydzialy\/wydzial-i-tworczosci-interpretacji-i-edukacji-muzycznej\/katedra-muzyki-religijnej\/wspolpracownicy\/dr-hab-michal-slawecki\/\"]}]},{\"@type\":\"ImageObject\",\"inLanguage\":\"en-US\",\"@id\":\"https:\/\/www.amuz.krakow.pl\/wydzialy\/wydzial-i-tworczosci-interpretacji-i-edukacji-muzycznej\/katedra-muzyki-religijnej\/wspolpracownicy\/dr-hab-michal-slawecki\/#primaryimage\",\"url\":\"https:\/\/www.amuz.krakow.pl\/wp-content\/uploads\/2023\/11\/dr-hab.-Michal-Slawecki-fot.-arch.-pryw.jpg\",\"contentUrl\":\"https:\/\/www.amuz.krakow.pl\/wp-content\/uploads\/2023\/11\/dr-hab.-Michal-Slawecki-fot.-arch.-pryw.jpg\",\"width\":1536,\"height\":2048},{\"@type\":\"BreadcrumbList\",\"@id\":\"https:\/\/www.amuz.krakow.pl\/wydzialy\/wydzial-i-tworczosci-interpretacji-i-edukacji-muzycznej\/katedra-muzyki-religijnej\/wspolpracownicy\/dr-hab-michal-slawecki\/#breadcrumb\",\"itemListElement\":[{\"@type\":\"ListItem\",\"position\":1,\"name\":\"Strona g\u0142\u00f3wna\",\"item\":\"https:\/\/www.amuz.krakow.pl\/\"},{\"@type\":\"ListItem\",\"position\":2,\"name\":\"WYDZIA\u0141Y\",\"item\":\"https:\/\/www.amuz.krakow.pl\/wydzialy\/\"},{\"@type\":\"ListItem\",\"position\":3,\"name\":\"Wydzia\u0142 Tw\u00f3rczo\u015bci, Interpretacji i Edukacji Muzycznej\",\"item\":\"https:\/\/www.amuz.krakow.pl\/wydzialy\/wydzial-i-tworczosci-interpretacji-i-edukacji-muzycznej\/\"},{\"@type\":\"ListItem\",\"position\":4,\"name\":\"Katedra Muzyki Ko\u015bcielnej\",\"item\":\"https:\/\/www.amuz.krakow.pl\/wydzialy\/wydzial-i-tworczosci-interpretacji-i-edukacji-muzycznej\/katedra-muzyki-religijnej\/\"},{\"@type\":\"ListItem\",\"position\":5,\"name\":\"Wsp\u00f3\u0142pracownicy\",\"item\":\"https:\/\/www.amuz.krakow.pl\/wydzialy\/wydzial-i-tworczosci-interpretacji-i-edukacji-muzycznej\/katedra-muzyki-religijnej\/wspolpracownicy\/\"},{\"@type\":\"ListItem\",\"position\":6,\"name\":\"prof. dr hab. Micha\u0142 S\u0142awecki\"}]},{\"@type\":\"WebSite\",\"@id\":\"https:\/\/www.amuz.krakow.pl\/#website\",\"url\":\"https:\/\/www.amuz.krakow.pl\/\",\"name\":\"Akademia Muzyczna im. Krzysztofa Pendereckiego w Krakowie\",\"description\":\"Oficjalna strona Akademii Muzycznej im. Krzysztofa Pendereckiego w Krakowie (AMKP).\",\"publisher\":{\"@id\":\"https:\/\/www.amuz.krakow.pl\/#organization\"},\"alternateName\":\"AMKP\",\"potentialAction\":[{\"@type\":\"SearchAction\",\"target\":{\"@type\":\"EntryPoint\",\"urlTemplate\":\"https:\/\/www.amuz.krakow.pl\/?s={search_term_string}\"},\"query-input\":{\"@type\":\"PropertyValueSpecification\",\"valueRequired\":true,\"valueName\":\"search_term_string\"}}],\"inLanguage\":\"en-US\"},{\"@type\":\"Organization\",\"@id\":\"https:\/\/www.amuz.krakow.pl\/#organization\",\"name\":\"Akademia Muzyczna im. Krzysztofa Pendereckiego w Krakowie\",\"alternateName\":\"AMKP\",\"url\":\"https:\/\/www.amuz.krakow.pl\/\",\"logo\":{\"@type\":\"ImageObject\",\"inLanguage\":\"en-US\",\"@id\":\"https:\/\/www.amuz.krakow.pl\/#\/schema\/logo\/image\/\",\"url\":\"https:\/\/www.amuz.krakow.pl\/wp-content\/uploads\/2021\/11\/amkp.jpg\",\"contentUrl\":\"https:\/\/www.amuz.krakow.pl\/wp-content\/uploads\/2021\/11\/amkp.jpg\",\"width\":1193,\"height\":591,\"caption\":\"Akademia Muzyczna im. Krzysztofa Pendereckiego w Krakowie\"},\"image\":{\"@id\":\"https:\/\/www.amuz.krakow.pl\/#\/schema\/logo\/image\/\"},\"sameAs\":[\"https:\/\/www.facebook.com\/amuz.krakow\",\"https:\/\/www.instagram.com\/amkpenderecki\/\",\"https:\/\/www.youtube.com\/@amkpenderecki4806\"]}]}<\/script>\n<!-- \/ Yoast SEO plugin. -->","yoast_head_json":{"title":"AMKP - Akademia Muzyczna im. Krzysztofa Pendereckiego w Krakowie","robots":{"index":"index","follow":"follow","max-snippet":"max-snippet:-1","max-image-preview":"max-image-preview:large","max-video-preview":"max-video-preview:-1"},"canonical":"https:\/\/www.amuz.krakow.pl\/wydzialy\/wydzial-i-tworczosci-interpretacji-i-edukacji-muzycznej\/katedra-muzyki-religijnej\/wspolpracownicy\/dr-hab-michal-slawecki\/","og_locale":"en_US","og_type":"article","og_title":"AMKP - Akademia Muzyczna im. Krzysztofa Pendereckiego w Krakowie","og_description":"Micha\u0142 S\u0142awecki is an organist, conductor, specialist in Gregorian chant and composer. He graduated in church music and composition from the Fryderyk Chopin Academy of Music in Warsaw \u2013 diplomas&hellip; Continue reading","og_url":"https:\/\/www.amuz.krakow.pl\/wydzialy\/wydzial-i-tworczosci-interpretacji-i-edukacji-muzycznej\/katedra-muzyki-religijnej\/wspolpracownicy\/dr-hab-michal-slawecki\/","og_site_name":"Akademia Muzyczna im. Krzysztofa Pendereckiego w Krakowie","article_publisher":"https:\/\/www.facebook.com\/amuz.krakow","article_modified_time":"2025-04-01T08:53:34+00:00","og_image":[{"width":1536,"height":2048,"url":"https:\/\/www.amuz.krakow.pl\/wp-content\/uploads\/2023\/11\/dr-hab.-Michal-Slawecki-fot.-arch.-pryw.jpg","type":"image\/jpeg"}],"twitter_card":"summary_large_image","twitter_misc":{"Est. reading time":"3 minutes"},"schema":{"@context":"https:\/\/schema.org","@graph":[{"@type":"WebPage","@id":"https:\/\/www.amuz.krakow.pl\/wydzialy\/wydzial-i-tworczosci-interpretacji-i-edukacji-muzycznej\/katedra-muzyki-religijnej\/wspolpracownicy\/dr-hab-michal-slawecki\/","url":"https:\/\/www.amuz.krakow.pl\/wydzialy\/wydzial-i-tworczosci-interpretacji-i-edukacji-muzycznej\/katedra-muzyki-religijnej\/wspolpracownicy\/dr-hab-michal-slawecki\/","name":"AMKP - Akademia Muzyczna im. Krzysztofa Pendereckiego w Krakowie","isPartOf":{"@id":"https:\/\/www.amuz.krakow.pl\/#website"},"primaryImageOfPage":{"@id":"https:\/\/www.amuz.krakow.pl\/wydzialy\/wydzial-i-tworczosci-interpretacji-i-edukacji-muzycznej\/katedra-muzyki-religijnej\/wspolpracownicy\/dr-hab-michal-slawecki\/#primaryimage"},"image":{"@id":"https:\/\/www.amuz.krakow.pl\/wydzialy\/wydzial-i-tworczosci-interpretacji-i-edukacji-muzycznej\/katedra-muzyki-religijnej\/wspolpracownicy\/dr-hab-michal-slawecki\/#primaryimage"},"thumbnailUrl":"https:\/\/www.amuz.krakow.pl\/wp-content\/uploads\/2023\/11\/dr-hab.-Michal-Slawecki-fot.-arch.-pryw.jpg","datePublished":"2023-11-29T14:12:48+00:00","dateModified":"2025-04-01T08:53:34+00:00","breadcrumb":{"@id":"https:\/\/www.amuz.krakow.pl\/wydzialy\/wydzial-i-tworczosci-interpretacji-i-edukacji-muzycznej\/katedra-muzyki-religijnej\/wspolpracownicy\/dr-hab-michal-slawecki\/#breadcrumb"},"inLanguage":"en-US","potentialAction":[{"@type":"ReadAction","target":["https:\/\/www.amuz.krakow.pl\/wydzialy\/wydzial-i-tworczosci-interpretacji-i-edukacji-muzycznej\/katedra-muzyki-religijnej\/wspolpracownicy\/dr-hab-michal-slawecki\/"]}]},{"@type":"ImageObject","inLanguage":"en-US","@id":"https:\/\/www.amuz.krakow.pl\/wydzialy\/wydzial-i-tworczosci-interpretacji-i-edukacji-muzycznej\/katedra-muzyki-religijnej\/wspolpracownicy\/dr-hab-michal-slawecki\/#primaryimage","url":"https:\/\/www.amuz.krakow.pl\/wp-content\/uploads\/2023\/11\/dr-hab.-Michal-Slawecki-fot.-arch.-pryw.jpg","contentUrl":"https:\/\/www.amuz.krakow.pl\/wp-content\/uploads\/2023\/11\/dr-hab.-Michal-Slawecki-fot.-arch.-pryw.jpg","width":1536,"height":2048},{"@type":"BreadcrumbList","@id":"https:\/\/www.amuz.krakow.pl\/wydzialy\/wydzial-i-tworczosci-interpretacji-i-edukacji-muzycznej\/katedra-muzyki-religijnej\/wspolpracownicy\/dr-hab-michal-slawecki\/#breadcrumb","itemListElement":[{"@type":"ListItem","position":1,"name":"Strona g\u0142\u00f3wna","item":"https:\/\/www.amuz.krakow.pl\/"},{"@type":"ListItem","position":2,"name":"WYDZIA\u0141Y","item":"https:\/\/www.amuz.krakow.pl\/wydzialy\/"},{"@type":"ListItem","position":3,"name":"Wydzia\u0142 Tw\u00f3rczo\u015bci, Interpretacji i Edukacji Muzycznej","item":"https:\/\/www.amuz.krakow.pl\/wydzialy\/wydzial-i-tworczosci-interpretacji-i-edukacji-muzycznej\/"},{"@type":"ListItem","position":4,"name":"Katedra Muzyki Ko\u015bcielnej","item":"https:\/\/www.amuz.krakow.pl\/wydzialy\/wydzial-i-tworczosci-interpretacji-i-edukacji-muzycznej\/katedra-muzyki-religijnej\/"},{"@type":"ListItem","position":5,"name":"Wsp\u00f3\u0142pracownicy","item":"https:\/\/www.amuz.krakow.pl\/wydzialy\/wydzial-i-tworczosci-interpretacji-i-edukacji-muzycznej\/katedra-muzyki-religijnej\/wspolpracownicy\/"},{"@type":"ListItem","position":6,"name":"prof. dr hab. Micha\u0142 S\u0142awecki"}]},{"@type":"WebSite","@id":"https:\/\/www.amuz.krakow.pl\/#website","url":"https:\/\/www.amuz.krakow.pl\/","name":"Akademia Muzyczna im. Krzysztofa Pendereckiego w Krakowie","description":"Oficjalna strona Akademii Muzycznej im. Krzysztofa Pendereckiego w Krakowie (AMKP).","publisher":{"@id":"https:\/\/www.amuz.krakow.pl\/#organization"},"alternateName":"AMKP","potentialAction":[{"@type":"SearchAction","target":{"@type":"EntryPoint","urlTemplate":"https:\/\/www.amuz.krakow.pl\/?s={search_term_string}"},"query-input":{"@type":"PropertyValueSpecification","valueRequired":true,"valueName":"search_term_string"}}],"inLanguage":"en-US"},{"@type":"Organization","@id":"https:\/\/www.amuz.krakow.pl\/#organization","name":"Akademia Muzyczna im. Krzysztofa Pendereckiego w Krakowie","alternateName":"AMKP","url":"https:\/\/www.amuz.krakow.pl\/","logo":{"@type":"ImageObject","inLanguage":"en-US","@id":"https:\/\/www.amuz.krakow.pl\/#\/schema\/logo\/image\/","url":"https:\/\/www.amuz.krakow.pl\/wp-content\/uploads\/2021\/11\/amkp.jpg","contentUrl":"https:\/\/www.amuz.krakow.pl\/wp-content\/uploads\/2021\/11\/amkp.jpg","width":1193,"height":591,"caption":"Akademia Muzyczna im. Krzysztofa Pendereckiego w Krakowie"},"image":{"@id":"https:\/\/www.amuz.krakow.pl\/#\/schema\/logo\/image\/"},"sameAs":["https:\/\/www.facebook.com\/amuz.krakow","https:\/\/www.instagram.com\/amkpenderecki\/","https:\/\/www.youtube.com\/@amkpenderecki4806"]}]}},"_links":{"self":[{"href":"https:\/\/www.amuz.krakow.pl\/en\/wp-json\/wp\/v2\/pages\/80757","targetHints":{"allow":["GET"]}}],"collection":[{"href":"https:\/\/www.amuz.krakow.pl\/en\/wp-json\/wp\/v2\/pages"}],"about":[{"href":"https:\/\/www.amuz.krakow.pl\/en\/wp-json\/wp\/v2\/types\/page"}],"author":[{"embeddable":true,"href":"https:\/\/www.amuz.krakow.pl\/en\/wp-json\/wp\/v2\/users\/72"}],"replies":[{"embeddable":true,"href":"https:\/\/www.amuz.krakow.pl\/en\/wp-json\/wp\/v2\/comments?post=80757"}],"version-history":[{"count":4,"href":"https:\/\/www.amuz.krakow.pl\/en\/wp-json\/wp\/v2\/pages\/80757\/revisions"}],"predecessor-version":[{"id":100528,"href":"https:\/\/www.amuz.krakow.pl\/en\/wp-json\/wp\/v2\/pages\/80757\/revisions\/100528"}],"up":[{"embeddable":true,"href":"https:\/\/www.amuz.krakow.pl\/en\/wp-json\/wp\/v2\/pages\/80752"}],"wp:featuredmedia":[{"embeddable":true,"href":"https:\/\/www.amuz.krakow.pl\/en\/wp-json\/wp\/v2\/media\/80758"}],"wp:attachment":[{"href":"https:\/\/www.amuz.krakow.pl\/en\/wp-json\/wp\/v2\/media?parent=80757"}],"curies":[{"name":"wp","href":"https:\/\/api.w.org\/{rel}","templated":true}]}}