{"id":80553,"date":"2023-11-27T13:46:32","date_gmt":"2023-11-27T12:46:32","guid":{"rendered":"https:\/\/www.amuz.krakow.pl\/?page_id=80553"},"modified":"2023-12-04T08:40:04","modified_gmt":"2023-12-04T07:40:04","slug":"galeria-zdjec","status":"publish","type":"page","link":"https:\/\/www.amuz.krakow.pl\/en\/konkursy\/konkursy-interpretacji-muzyki\/miedzynarodowy-konkurs-wiolonczelowy-im-krzysztofa-pendereckiego\/2023-2\/galeria-zdjec\/","title":{"rendered":"PHOTO GALLERY"},"content":{"rendered":"<p><span style=\"font-size: 12pt;\"><strong>27 November 2023<\/strong><\/span><\/p>\n<figure id=\"attachment_80658\" aria-describedby=\"caption-attachment-80658\" style=\"width: 280px\" class=\"wp-caption aligncenter\"><a href=\"https:\/\/www.amuz.krakow.pl\/27-11-2023-przesluchania-konkursowe-i-etap\/\"><img loading=\"lazy\" decoding=\"async\" class=\"wp-image-80658\" src=\"https:\/\/www.amuz.krakow.pl\/wp-content\/uploads\/2023\/11\/PREWKI_IMG_231127_0297_fot.Piotr_Markowski.jpg\" alt=\"\" width=\"280\" height=\"187\" srcset=\"https:\/\/www.amuz.krakow.pl\/wp-content\/uploads\/2023\/11\/PREWKI_IMG_231127_0297_fot.Piotr_Markowski.jpg 2048w, https:\/\/www.amuz.krakow.pl\/wp-content\/uploads\/2023\/11\/PREWKI_IMG_231127_0297_fot.Piotr_Markowski-300x200.jpg 300w, https:\/\/www.amuz.krakow.pl\/wp-content\/uploads\/2023\/11\/PREWKI_IMG_231127_0297_fot.Piotr_Markowski-768x512.jpg 768w, https:\/\/www.amuz.krakow.pl\/wp-content\/uploads\/2023\/11\/PREWKI_IMG_231127_0297_fot.Piotr_Markowski-1536x1024.jpg 1536w\" sizes=\"auto, (max-width: 280px) 100vw, 280px\" \/><\/a><figcaption id=\"caption-attachment-80658\" class=\"wp-caption-text\"><strong>1st round auditions<\/strong><\/figcaption><\/figure>\n<p style=\"text-align: left;\"><strong><span style=\"font-size: 12pt;\">26 November 2023<\/span><\/strong><\/p>\n<div class=\"wp-block-columns\">\n<div class=\"wp-block-column\">\n<figure id=\"attachment_80572\" aria-describedby=\"caption-attachment-80572\" style=\"width: 280px\" class=\"wp-caption aligncenter\"><a href=\"https:\/\/www.amuz.krakow.pl\/26-listopada-2023-uroczyste-otwarcie\/\"><img loading=\"lazy\" decoding=\"async\" class=\"wp-image-80572\" src=\"https:\/\/www.amuz.krakow.pl\/wp-content\/uploads\/2023\/11\/PREWKI_IMG_231126_0252_fot.Piotr_Markowski-300x200.jpg\" alt=\"Klikni\u0119cie przenosi do galerii zdj\u0119\u0107 z uroczystego otwarcia\" width=\"280\" height=\"187\" srcset=\"https:\/\/www.amuz.krakow.pl\/wp-content\/uploads\/2023\/11\/PREWKI_IMG_231126_0252_fot.Piotr_Markowski-300x200.jpg 300w, https:\/\/www.amuz.krakow.pl\/wp-content\/uploads\/2023\/11\/PREWKI_IMG_231126_0252_fot.Piotr_Markowski-768x512.jpg 768w, https:\/\/www.amuz.krakow.pl\/wp-content\/uploads\/2023\/11\/PREWKI_IMG_231126_0252_fot.Piotr_Markowski-1536x1024.jpg 1536w, https:\/\/www.amuz.krakow.pl\/wp-content\/uploads\/2023\/11\/PREWKI_IMG_231126_0252_fot.Piotr_Markowski.jpg 2048w\" sizes=\"auto, (max-width: 280px) 100vw, 280px\" \/><\/a><figcaption id=\"caption-attachment-80572\" class=\"wp-caption-text\"><strong>OFFICIAL OPENING<\/strong><\/figcaption><\/figure>\n<\/div>\n<div class=\"wp-block-column\">\n<figure id=\"attachment_80629\" aria-describedby=\"caption-attachment-80629\" style=\"width: 280px\" class=\"wp-caption aligncenter\"><a href=\"https:\/\/www.amuz.krakow.pl\/26-listopada-2023-koncert-inauguracyjny\/\"><img loading=\"lazy\" decoding=\"async\" class=\"wp-image-80629\" src=\"https:\/\/www.amuz.krakow.pl\/wp-content\/uploads\/2023\/11\/PREWKI_IMG_231126_0726_fot.Piotr_Markowski-1-300x200.jpg\" alt=\"Klikni\u0119cie przenosi do galerii zdj\u0119\u0107 z koncertu inauguracyjnego\" width=\"280\" height=\"187\" srcset=\"https:\/\/www.amuz.krakow.pl\/wp-content\/uploads\/2023\/11\/PREWKI_IMG_231126_0726_fot.Piotr_Markowski-1-300x200.jpg 300w, https:\/\/www.amuz.krakow.pl\/wp-content\/uploads\/2023\/11\/PREWKI_IMG_231126_0726_fot.Piotr_Markowski-1-768x512.jpg 768w, https:\/\/www.amuz.krakow.pl\/wp-content\/uploads\/2023\/11\/PREWKI_IMG_231126_0726_fot.Piotr_Markowski-1-1536x1024.jpg 1536w, https:\/\/www.amuz.krakow.pl\/wp-content\/uploads\/2023\/11\/PREWKI_IMG_231126_0726_fot.Piotr_Markowski-1.jpg 2048w\" sizes=\"auto, (max-width: 280px) 100vw, 280px\" \/><\/a><figcaption id=\"caption-attachment-80629\" class=\"wp-caption-text\"><strong>OPENING CONCERT<\/strong><\/figcaption><\/figure>\n<\/div>\n<\/div>\n<p><\/p>","protected":false},"excerpt":{"rendered":"<p>27 November 2023 26 November 2023<\/p>\n","protected":false},"author":72,"featured_media":80585,"parent":69901,"menu_order":2,"comment_status":"closed","ping_status":"closed","template":"","meta":{"footnotes":"","_links_to":"","_links_to_target":""},"class_list":["post-80553","page","type-page","status-publish","has-post-thumbnail","hentry"],"yoast_head":"<!-- This site is optimized with the Yoast SEO plugin v27.2 - https:\/\/yoast.com\/product\/yoast-seo-wordpress\/ -->\n<title>AMKP - Akademia Muzyczna im. Krzysztofa Pendereckiego w Krakowie<\/title>\n<meta name=\"robots\" content=\"index, follow, max-snippet:-1, max-image-preview:large, max-video-preview:-1\" \/>\n<link rel=\"canonical\" href=\"https:\/\/www.amuz.krakow.pl\/konkursy\/konkursy-interpretacji-muzyki\/miedzynarodowy-konkurs-wiolonczelowy-im-krzysztofa-pendereckiego\/2023-2\/galeria-zdjec\/\" \/>\n<meta property=\"og:locale\" content=\"en_US\" \/>\n<meta property=\"og:type\" content=\"article\" \/>\n<meta property=\"og:title\" content=\"AMKP - Akademia Muzyczna im. Krzysztofa Pendereckiego w Krakowie\" \/>\n<meta property=\"og:description\" content=\"27 November 2023 26 November 2023\" \/>\n<meta property=\"og:url\" content=\"https:\/\/www.amuz.krakow.pl\/konkursy\/konkursy-interpretacji-muzyki\/miedzynarodowy-konkurs-wiolonczelowy-im-krzysztofa-pendereckiego\/2023-2\/galeria-zdjec\/\" \/>\n<meta property=\"og:site_name\" content=\"Akademia Muzyczna im. Krzysztofa Pendereckiego w Krakowie\" \/>\n<meta property=\"article:publisher\" content=\"https:\/\/www.facebook.com\/amuz.krakow\" \/>\n<meta property=\"article:modified_time\" content=\"2023-12-04T07:40:04+00:00\" \/>\n<meta property=\"og:image\" content=\"https:\/\/www.amuz.krakow.pl\/wp-content\/uploads\/2023\/11\/PREWKI_IMG_231126_1329_fot.Piotr_Markowski.jpg\" \/>\n\t<meta property=\"og:image:width\" content=\"2048\" \/>\n\t<meta property=\"og:image:height\" content=\"1365\" \/>\n\t<meta property=\"og:image:type\" content=\"image\/jpeg\" \/>\n<meta name=\"twitter:card\" content=\"summary_large_image\" \/>\n<meta name=\"twitter:label1\" content=\"Est. reading time\" \/>\n\t<meta name=\"twitter:data1\" content=\"1 minute\" \/>\n<script type=\"application\/ld+json\" class=\"yoast-schema-graph\">{\"@context\":\"https:\/\/schema.org\",\"@graph\":[{\"@type\":\"WebPage\",\"@id\":\"https:\/\/www.amuz.krakow.pl\/konkursy\/konkursy-interpretacji-muzyki\/miedzynarodowy-konkurs-wiolonczelowy-im-krzysztofa-pendereckiego\/2023-2\/galeria-zdjec\/\",\"url\":\"https:\/\/www.amuz.krakow.pl\/konkursy\/konkursy-interpretacji-muzyki\/miedzynarodowy-konkurs-wiolonczelowy-im-krzysztofa-pendereckiego\/2023-2\/galeria-zdjec\/\",\"name\":\"AMKP - Akademia Muzyczna im. Krzysztofa Pendereckiego w Krakowie\",\"isPartOf\":{\"@id\":\"https:\/\/www.amuz.krakow.pl\/#website\"},\"primaryImageOfPage\":{\"@id\":\"https:\/\/www.amuz.krakow.pl\/konkursy\/konkursy-interpretacji-muzyki\/miedzynarodowy-konkurs-wiolonczelowy-im-krzysztofa-pendereckiego\/2023-2\/galeria-zdjec\/#primaryimage\"},\"image\":{\"@id\":\"https:\/\/www.amuz.krakow.pl\/konkursy\/konkursy-interpretacji-muzyki\/miedzynarodowy-konkurs-wiolonczelowy-im-krzysztofa-pendereckiego\/2023-2\/galeria-zdjec\/#primaryimage\"},\"thumbnailUrl\":\"https:\/\/www.amuz.krakow.pl\/wp-content\/uploads\/2023\/11\/PREWKI_IMG_231126_1329_fot.Piotr_Markowski.jpg\",\"datePublished\":\"2023-11-27T12:46:32+00:00\",\"dateModified\":\"2023-12-04T07:40:04+00:00\",\"breadcrumb\":{\"@id\":\"https:\/\/www.amuz.krakow.pl\/konkursy\/konkursy-interpretacji-muzyki\/miedzynarodowy-konkurs-wiolonczelowy-im-krzysztofa-pendereckiego\/2023-2\/galeria-zdjec\/#breadcrumb\"},\"inLanguage\":\"en-US\",\"potentialAction\":[{\"@type\":\"ReadAction\",\"target\":[\"https:\/\/www.amuz.krakow.pl\/konkursy\/konkursy-interpretacji-muzyki\/miedzynarodowy-konkurs-wiolonczelowy-im-krzysztofa-pendereckiego\/2023-2\/galeria-zdjec\/\"]}]},{\"@type\":\"ImageObject\",\"inLanguage\":\"en-US\",\"@id\":\"https:\/\/www.amuz.krakow.pl\/konkursy\/konkursy-interpretacji-muzyki\/miedzynarodowy-konkurs-wiolonczelowy-im-krzysztofa-pendereckiego\/2023-2\/galeria-zdjec\/#primaryimage\",\"url\":\"https:\/\/www.amuz.krakow.pl\/wp-content\/uploads\/2023\/11\/PREWKI_IMG_231126_1329_fot.Piotr_Markowski.jpg\",\"contentUrl\":\"https:\/\/www.amuz.krakow.pl\/wp-content\/uploads\/2023\/11\/PREWKI_IMG_231126_1329_fot.Piotr_Markowski.jpg\",\"width\":2048,\"height\":1365},{\"@type\":\"BreadcrumbList\",\"@id\":\"https:\/\/www.amuz.krakow.pl\/konkursy\/konkursy-interpretacji-muzyki\/miedzynarodowy-konkurs-wiolonczelowy-im-krzysztofa-pendereckiego\/2023-2\/galeria-zdjec\/#breadcrumb\",\"itemListElement\":[{\"@type\":\"ListItem\",\"position\":1,\"name\":\"Strona g\u0142\u00f3wna\",\"item\":\"https:\/\/www.amuz.krakow.pl\/\"},{\"@type\":\"ListItem\",\"position\":2,\"name\":\"Konkursy\",\"item\":\"https:\/\/www.amuz.krakow.pl\/konkursy\/\"},{\"@type\":\"ListItem\",\"position\":3,\"name\":\"Konkursy interpretacji muzyki\",\"item\":\"https:\/\/www.amuz.krakow.pl\/konkursy\/konkursy-interpretacji-muzyki\/\"},{\"@type\":\"ListItem\",\"position\":4,\"name\":\"Mi\u0119dzynarodowy Konkurs Wiolonczelowy im. Krzysztofa Pendereckiego\",\"item\":\"https:\/\/www.amuz.krakow.pl\/konkursy\/konkursy-interpretacji-muzyki\/miedzynarodowy-konkurs-wiolonczelowy-im-krzysztofa-pendereckiego\/\"},{\"@type\":\"ListItem\",\"position\":5,\"name\":\"2023\",\"item\":\"https:\/\/www.amuz.krakow.pl\/konkursy\/konkursy-interpretacji-muzyki\/miedzynarodowy-konkurs-wiolonczelowy-im-krzysztofa-pendereckiego\/2023-2\/\"},{\"@type\":\"ListItem\",\"position\":6,\"name\":\"GALERIA ZDJ\u0118\u0106\"}]},{\"@type\":\"WebSite\",\"@id\":\"https:\/\/www.amuz.krakow.pl\/#website\",\"url\":\"https:\/\/www.amuz.krakow.pl\/\",\"name\":\"Akademia Muzyczna im. Krzysztofa Pendereckiego w Krakowie\",\"description\":\"Oficjalna strona Akademii Muzycznej im. Krzysztofa Pendereckiego w Krakowie (AMKP).\",\"publisher\":{\"@id\":\"https:\/\/www.amuz.krakow.pl\/#organization\"},\"alternateName\":\"AMKP\",\"potentialAction\":[{\"@type\":\"SearchAction\",\"target\":{\"@type\":\"EntryPoint\",\"urlTemplate\":\"https:\/\/www.amuz.krakow.pl\/?s={search_term_string}\"},\"query-input\":{\"@type\":\"PropertyValueSpecification\",\"valueRequired\":true,\"valueName\":\"search_term_string\"}}],\"inLanguage\":\"en-US\"},{\"@type\":\"Organization\",\"@id\":\"https:\/\/www.amuz.krakow.pl\/#organization\",\"name\":\"Akademia Muzyczna im. Krzysztofa Pendereckiego w Krakowie\",\"alternateName\":\"AMKP\",\"url\":\"https:\/\/www.amuz.krakow.pl\/\",\"logo\":{\"@type\":\"ImageObject\",\"inLanguage\":\"en-US\",\"@id\":\"https:\/\/www.amuz.krakow.pl\/#\/schema\/logo\/image\/\",\"url\":\"https:\/\/www.amuz.krakow.pl\/wp-content\/uploads\/2021\/11\/amkp.jpg\",\"contentUrl\":\"https:\/\/www.amuz.krakow.pl\/wp-content\/uploads\/2021\/11\/amkp.jpg\",\"width\":1193,\"height\":591,\"caption\":\"Akademia Muzyczna im. Krzysztofa Pendereckiego w Krakowie\"},\"image\":{\"@id\":\"https:\/\/www.amuz.krakow.pl\/#\/schema\/logo\/image\/\"},\"sameAs\":[\"https:\/\/www.facebook.com\/amuz.krakow\",\"https:\/\/www.instagram.com\/amkpenderecki\/\",\"https:\/\/www.youtube.com\/@amkpenderecki4806\"]}]}<\/script>\n<!-- \/ Yoast SEO plugin. -->","yoast_head_json":{"title":"AMKP - Akademia Muzyczna im. Krzysztofa Pendereckiego w Krakowie","robots":{"index":"index","follow":"follow","max-snippet":"max-snippet:-1","max-image-preview":"max-image-preview:large","max-video-preview":"max-video-preview:-1"},"canonical":"https:\/\/www.amuz.krakow.pl\/konkursy\/konkursy-interpretacji-muzyki\/miedzynarodowy-konkurs-wiolonczelowy-im-krzysztofa-pendereckiego\/2023-2\/galeria-zdjec\/","og_locale":"en_US","og_type":"article","og_title":"AMKP - Akademia Muzyczna im. Krzysztofa Pendereckiego w Krakowie","og_description":"27 November 2023 26 November 2023","og_url":"https:\/\/www.amuz.krakow.pl\/konkursy\/konkursy-interpretacji-muzyki\/miedzynarodowy-konkurs-wiolonczelowy-im-krzysztofa-pendereckiego\/2023-2\/galeria-zdjec\/","og_site_name":"Akademia Muzyczna im. Krzysztofa Pendereckiego w Krakowie","article_publisher":"https:\/\/www.facebook.com\/amuz.krakow","article_modified_time":"2023-12-04T07:40:04+00:00","og_image":[{"width":2048,"height":1365,"url":"https:\/\/www.amuz.krakow.pl\/wp-content\/uploads\/2023\/11\/PREWKI_IMG_231126_1329_fot.Piotr_Markowski.jpg","type":"image\/jpeg"}],"twitter_card":"summary_large_image","twitter_misc":{"Est. reading time":"1 minute"},"schema":{"@context":"https:\/\/schema.org","@graph":[{"@type":"WebPage","@id":"https:\/\/www.amuz.krakow.pl\/konkursy\/konkursy-interpretacji-muzyki\/miedzynarodowy-konkurs-wiolonczelowy-im-krzysztofa-pendereckiego\/2023-2\/galeria-zdjec\/","url":"https:\/\/www.amuz.krakow.pl\/konkursy\/konkursy-interpretacji-muzyki\/miedzynarodowy-konkurs-wiolonczelowy-im-krzysztofa-pendereckiego\/2023-2\/galeria-zdjec\/","name":"AMKP - Akademia Muzyczna im. Krzysztofa Pendereckiego w Krakowie","isPartOf":{"@id":"https:\/\/www.amuz.krakow.pl\/#website"},"primaryImageOfPage":{"@id":"https:\/\/www.amuz.krakow.pl\/konkursy\/konkursy-interpretacji-muzyki\/miedzynarodowy-konkurs-wiolonczelowy-im-krzysztofa-pendereckiego\/2023-2\/galeria-zdjec\/#primaryimage"},"image":{"@id":"https:\/\/www.amuz.krakow.pl\/konkursy\/konkursy-interpretacji-muzyki\/miedzynarodowy-konkurs-wiolonczelowy-im-krzysztofa-pendereckiego\/2023-2\/galeria-zdjec\/#primaryimage"},"thumbnailUrl":"https:\/\/www.amuz.krakow.pl\/wp-content\/uploads\/2023\/11\/PREWKI_IMG_231126_1329_fot.Piotr_Markowski.jpg","datePublished":"2023-11-27T12:46:32+00:00","dateModified":"2023-12-04T07:40:04+00:00","breadcrumb":{"@id":"https:\/\/www.amuz.krakow.pl\/konkursy\/konkursy-interpretacji-muzyki\/miedzynarodowy-konkurs-wiolonczelowy-im-krzysztofa-pendereckiego\/2023-2\/galeria-zdjec\/#breadcrumb"},"inLanguage":"en-US","potentialAction":[{"@type":"ReadAction","target":["https:\/\/www.amuz.krakow.pl\/konkursy\/konkursy-interpretacji-muzyki\/miedzynarodowy-konkurs-wiolonczelowy-im-krzysztofa-pendereckiego\/2023-2\/galeria-zdjec\/"]}]},{"@type":"ImageObject","inLanguage":"en-US","@id":"https:\/\/www.amuz.krakow.pl\/konkursy\/konkursy-interpretacji-muzyki\/miedzynarodowy-konkurs-wiolonczelowy-im-krzysztofa-pendereckiego\/2023-2\/galeria-zdjec\/#primaryimage","url":"https:\/\/www.amuz.krakow.pl\/wp-content\/uploads\/2023\/11\/PREWKI_IMG_231126_1329_fot.Piotr_Markowski.jpg","contentUrl":"https:\/\/www.amuz.krakow.pl\/wp-content\/uploads\/2023\/11\/PREWKI_IMG_231126_1329_fot.Piotr_Markowski.jpg","width":2048,"height":1365},{"@type":"BreadcrumbList","@id":"https:\/\/www.amuz.krakow.pl\/konkursy\/konkursy-interpretacji-muzyki\/miedzynarodowy-konkurs-wiolonczelowy-im-krzysztofa-pendereckiego\/2023-2\/galeria-zdjec\/#breadcrumb","itemListElement":[{"@type":"ListItem","position":1,"name":"Strona g\u0142\u00f3wna","item":"https:\/\/www.amuz.krakow.pl\/"},{"@type":"ListItem","position":2,"name":"Konkursy","item":"https:\/\/www.amuz.krakow.pl\/konkursy\/"},{"@type":"ListItem","position":3,"name":"Konkursy interpretacji muzyki","item":"https:\/\/www.amuz.krakow.pl\/konkursy\/konkursy-interpretacji-muzyki\/"},{"@type":"ListItem","position":4,"name":"Mi\u0119dzynarodowy Konkurs Wiolonczelowy im. Krzysztofa Pendereckiego","item":"https:\/\/www.amuz.krakow.pl\/konkursy\/konkursy-interpretacji-muzyki\/miedzynarodowy-konkurs-wiolonczelowy-im-krzysztofa-pendereckiego\/"},{"@type":"ListItem","position":5,"name":"2023","item":"https:\/\/www.amuz.krakow.pl\/konkursy\/konkursy-interpretacji-muzyki\/miedzynarodowy-konkurs-wiolonczelowy-im-krzysztofa-pendereckiego\/2023-2\/"},{"@type":"ListItem","position":6,"name":"GALERIA ZDJ\u0118\u0106"}]},{"@type":"WebSite","@id":"https:\/\/www.amuz.krakow.pl\/#website","url":"https:\/\/www.amuz.krakow.pl\/","name":"Akademia Muzyczna im. Krzysztofa Pendereckiego w Krakowie","description":"Oficjalna strona Akademii Muzycznej im. Krzysztofa Pendereckiego w Krakowie (AMKP).","publisher":{"@id":"https:\/\/www.amuz.krakow.pl\/#organization"},"alternateName":"AMKP","potentialAction":[{"@type":"SearchAction","target":{"@type":"EntryPoint","urlTemplate":"https:\/\/www.amuz.krakow.pl\/?s={search_term_string}"},"query-input":{"@type":"PropertyValueSpecification","valueRequired":true,"valueName":"search_term_string"}}],"inLanguage":"en-US"},{"@type":"Organization","@id":"https:\/\/www.amuz.krakow.pl\/#organization","name":"Akademia Muzyczna im. Krzysztofa Pendereckiego w Krakowie","alternateName":"AMKP","url":"https:\/\/www.amuz.krakow.pl\/","logo":{"@type":"ImageObject","inLanguage":"en-US","@id":"https:\/\/www.amuz.krakow.pl\/#\/schema\/logo\/image\/","url":"https:\/\/www.amuz.krakow.pl\/wp-content\/uploads\/2021\/11\/amkp.jpg","contentUrl":"https:\/\/www.amuz.krakow.pl\/wp-content\/uploads\/2021\/11\/amkp.jpg","width":1193,"height":591,"caption":"Akademia Muzyczna im. Krzysztofa Pendereckiego w Krakowie"},"image":{"@id":"https:\/\/www.amuz.krakow.pl\/#\/schema\/logo\/image\/"},"sameAs":["https:\/\/www.facebook.com\/amuz.krakow","https:\/\/www.instagram.com\/amkpenderecki\/","https:\/\/www.youtube.com\/@amkpenderecki4806"]}]}},"_links":{"self":[{"href":"https:\/\/www.amuz.krakow.pl\/en\/wp-json\/wp\/v2\/pages\/80553","targetHints":{"allow":["GET"]}}],"collection":[{"href":"https:\/\/www.amuz.krakow.pl\/en\/wp-json\/wp\/v2\/pages"}],"about":[{"href":"https:\/\/www.amuz.krakow.pl\/en\/wp-json\/wp\/v2\/types\/page"}],"author":[{"embeddable":true,"href":"https:\/\/www.amuz.krakow.pl\/en\/wp-json\/wp\/v2\/users\/72"}],"replies":[{"embeddable":true,"href":"https:\/\/www.amuz.krakow.pl\/en\/wp-json\/wp\/v2\/comments?post=80553"}],"version-history":[{"count":5,"href":"https:\/\/www.amuz.krakow.pl\/en\/wp-json\/wp\/v2\/pages\/80553\/revisions"}],"predecessor-version":[{"id":80902,"href":"https:\/\/www.amuz.krakow.pl\/en\/wp-json\/wp\/v2\/pages\/80553\/revisions\/80902"}],"up":[{"embeddable":true,"href":"https:\/\/www.amuz.krakow.pl\/en\/wp-json\/wp\/v2\/pages\/69901"}],"wp:featuredmedia":[{"embeddable":true,"href":"https:\/\/www.amuz.krakow.pl\/en\/wp-json\/wp\/v2\/media\/80585"}],"wp:attachment":[{"href":"https:\/\/www.amuz.krakow.pl\/en\/wp-json\/wp\/v2\/media?parent=80553"}],"curies":[{"name":"wp","href":"https:\/\/api.w.org\/{rel}","templated":true}]}}