{"id":80525,"date":"2023-11-27T11:13:04","date_gmt":"2023-11-27T10:13:04","guid":{"rendered":"https:\/\/www.amuz.krakow.pl\/?page_id=80525"},"modified":"2023-11-29T18:18:05","modified_gmt":"2023-11-29T17:18:05","slug":"transmisje-online-i-harmonogram-przesluchan-i-etap","status":"publish","type":"page","link":"https:\/\/www.amuz.krakow.pl\/en\/konkursy\/konkursy-interpretacji-muzyki\/miedzynarodowy-konkurs-wiolonczelowy-im-krzysztofa-pendereckiego\/2023-2\/transmisje-online-i-harmonogram-przesluchan-i-etap\/","title":{"rendered":"1st round auditions"},"content":{"rendered":"<p><\/p>\r\n<p style=\"text-align: left;\"><span style=\"font-size: 12pt;\"><strong><a href=\"https:\/\/pendereckicello.amuz.krakow.pl\/?page_id=1238&amp;lang=en\">1ST ROUND RESULTS<\/a><\/strong><\/span><\/p>\r\n<p>&nbsp;<\/p>\r\n<p><span style=\"font-size: 12pt;\"><strong>Monday, 27.11.2023<br \/>AMKP Concert Hall<\/strong><\/span><br \/><span style=\"font-size: 12pt;\"><strong>\u015awi\u0119tego Tomasza 43<\/strong><\/span><\/p>\r\n\r\n<p>&nbsp;<\/p>\r\n\r\n<p><a href=\"https:\/\/vimeo.com\/event\/3901620\" target=\"_blank\" rel=\"noreferrer noopener\">WATCH LIVE<\/a><\/p>\r\n\r\n<p>&nbsp;<\/p>\r\n\r\n<figure class=\"wp-block-table is-style-stripes\">\r\n<table>\r\n<tbody>\r\n<tr>\r\n<td class=\"has-text-align-center\" data-align=\"center\">09:00<\/td>\r\n<td>1. BORKA R\u00c1HEL<\/td>\r\n<\/tr>\r\n<tr>\r\n<td class=\"has-text-align-center\" data-align=\"center\">09:30<\/td>\r\n<td>2. CARDELLI GIACOMO<\/td>\r\n<\/tr>\r\n<tr>\r\n<td class=\"has-text-align-center\" data-align=\"center\">10:00<\/td>\r\n<td>3. CHO YUNSEO<\/td>\r\n<\/tr>\r\n<tr>\r\n<td class=\"has-text-align-center\" data-align=\"center\">10:30<\/td>\r\n<td>4. DAEMS ARTHUR<\/td>\r\n<\/tr>\r\n<tr>\r\n<td class=\"has-text-align-center\" data-align=\"center\">11:00<\/td>\r\n<td><em>intermission<\/em><\/td>\r\n<\/tr>\r\n<tr>\r\n<td class=\"has-text-align-center\" data-align=\"center\">11:30<\/td>\r\n<td>5. FOLCH CUSTODIO ANIA\u00a0<\/td>\r\n<\/tr>\r\n<tr>\r\n<td class=\"has-text-align-center\" data-align=\"center\">12:00<\/td>\r\n<td>6. FUJIWARA HIDEAKI<\/td>\r\n<\/tr>\r\n<tr>\r\n<td class=\"has-text-align-center\" data-align=\"center\">12:30<\/td>\r\n<td>7. HEO GO EUN SOL<\/td>\r\n<\/tr>\r\n<tr>\r\n<td class=\"has-text-align-center\" data-align=\"center\">13:00<\/td>\r\n<td>8. KEISER CYPRIEN<\/td>\r\n<\/tr>\r\n<tr>\r\n<td class=\"has-text-align-center\" data-align=\"center\">13:30<\/td>\r\n<td><em>intermission<\/em><\/td>\r\n<\/tr>\r\n<tr>\r\n<td class=\"has-text-align-center\" data-align=\"center\">15:00<\/td>\r\n<td>9. KIM DAWOON<\/td>\r\n<\/tr>\r\n<tr>\r\n<td class=\"has-text-align-center\" data-align=\"center\">15:30<\/td>\r\n<td>10. KIM DEOKYONG CLAIRE<\/td>\r\n<\/tr>\r\n<tr>\r\n<td class=\"has-text-align-center\" data-align=\"center\">16:00<\/td>\r\n<td>11. LEE DONGYEOL<\/td>\r\n<\/tr>\r\n<tr>\r\n<td class=\"has-text-align-center\" data-align=\"center\">16:30<\/td>\r\n<td>12. LEE JUNGYOON<\/td>\r\n<\/tr>\r\n<tr>\r\n<td class=\"has-text-align-center\" data-align=\"center\">17:00<\/td>\r\n<td><em>intermission<\/em><\/td>\r\n<\/tr>\r\n<tr>\r\n<td class=\"has-text-align-center\" data-align=\"center\">17:30<\/td>\r\n<td>13. LEE SAEBOM<\/td>\r\n<\/tr>\r\n<tr>\r\n<td class=\"has-text-align-center\" data-align=\"center\">18:00<\/td>\r\n<td>14. LEE SO MIN<\/td>\r\n<\/tr>\r\n<tr>\r\n<td class=\"has-text-align-center\" data-align=\"center\">18:30<\/td>\r\n<td>15. LEE YOUBIEN<\/td>\r\n<\/tr>\r\n<tr>\r\n<td class=\"has-text-align-center\" data-align=\"center\">19:00<\/td>\r\n<td>16. LENGAGNE CYPRIEN<\/td>\r\n<\/tr>\r\n<\/tbody>\r\n<\/table>\r\n<\/figure>\r\n\r\n<p>&nbsp;<\/p>\r\n\r\n<p><span style=\"font-size: 12pt;\"><strong>Tuesday, 28.11.2023<br \/>AMKP Concert Hall<br \/>\u015awi\u0119tego Tomasza 43<\/strong><\/span><\/p>\r\n\r\n<p>&nbsp;<\/p>\r\n\r\n<p><a href=\"https:\/\/vimeo.com\/event\/3901633\">WATCH LIVE<\/a><\/p>\r\n\r\n<p>&nbsp;<\/p>\r\n\r\n<figure class=\"wp-block-table is-style-stripes\">\r\n<table>\r\n<tbody>\r\n<tr>\r\n<td>09:00<\/td>\r\n<td>17. LESZCZY\u0143SKA-THIEU MARIA<\/td>\r\n<\/tr>\r\n<tr>\r\n<td>09:30<\/td>\r\n<td>18. LI HONGXUAN<\/td>\r\n<\/tr>\r\n<tr>\r\n<td>10:00<\/td>\r\n<td>19. LIU JIAYI<\/td>\r\n<\/tr>\r\n<tr>\r\n<td>10:30<\/td>\r\n<td>20. MEIPARIANI\u00a0ANNA<\/td>\r\n<\/tr>\r\n<tr>\r\n<td>11:00<\/td>\r\n<td><em>intermission<\/em><\/td>\r\n<\/tr>\r\n<tr>\r\n<td>11:30<\/td>\r\n<td>21. MEISER OLIWIA<\/td>\r\n<\/tr>\r\n<tr>\r\n<td>12:00<\/td>\r\n<td>22. MICHALSKI KRZYSZTOF<\/td>\r\n<\/tr>\r\n<tr>\r\n<td>12:30<\/td>\r\n<td>23. MIGNANI ENRICO<\/td>\r\n<\/tr>\r\n<tr>\r\n<td>13:00<\/td>\r\n<td>24. MILES CHARLOTTE<\/td>\r\n<\/tr>\r\n<tr>\r\n<td>13:30<\/td>\r\n<td><em>intermission<\/em><\/td>\r\n<\/tr>\r\n<tr>\r\n<td>15:00<\/td>\r\n<td>25. MINAGAWA SHUKI<\/td>\r\n<\/tr>\r\n<tr>\r\n<td>15:30<\/td>\r\n<td>26. PARK SANG HYEOK<\/td>\r\n<\/tr>\r\n<tr>\r\n<td>16:00<\/td>\r\n<td>27. PARK VESPER SEONWOO<\/td>\r\n<\/tr>\r\n<tr>\r\n<td>16:30<\/td>\r\n<td>28. ROMAN CAZAL<\/td>\r\n<\/tr>\r\n<tr>\r\n<td>17:00<\/td>\r\n<td><em>intermission<\/em><\/td>\r\n<\/tr>\r\n<tr>\r\n<td>17:30<\/td>\r\n<td>29. ROSENBOOM FELIX<\/td>\r\n<\/tr>\r\n<tr>\r\n<td>18:00<\/td>\r\n<td>30. SALVATORI MARIA<\/td>\r\n<\/tr>\r\n<tr>\r\n<td>18:30<\/td>\r\n<td>31. SHIMIZU YOSUKE<\/td>\r\n<\/tr>\r\n<tr>\r\n<td>19:00<\/td>\r\n<td>32. VIANA ALEJANDRO<\/td>\r\n<\/tr>\r\n<\/tbody>\r\n<\/table>\r\n<\/figure>\r\n\r\n<p>&nbsp;<\/p>\r\n\r\n<p><span style=\"font-size: 12pt;\"><strong>Wednesday, 29.11.2013<br \/>AMKP Concert Hall<br \/>\u015awi\u0119tego Tomasza 43<\/strong><\/span><\/p>\r\n\r\n<p>&nbsp;<\/p>\r\n\r\n<p><a href=\"https:\/\/vimeo.com\/event\/3901642\">WATCH LIVE<\/a><\/p>\r\n\r\n<p>&nbsp;<\/p>\r\n\r\n<figure class=\"wp-block-table is-style-stripes\">\r\n<table>\r\n<tbody>\r\n<tr>\r\n<td>09:00<\/td>\r\n<td>33. VIDAL BALLESTER CARLOS<\/td>\r\n<\/tr>\r\n<tr>\r\n<td>09:30<\/td>\r\n<td>34. VLCEK VILEM<\/td>\r\n<\/tr>\r\n<tr>\r\n<td>10:00<\/td>\r\n<td>35. VORONTSOV ANDRII<\/td>\r\n<\/tr>\r\n<tr>\r\n<td>10:30<\/td>\r\n<td>36. WEN CHENGYUE<\/td>\r\n<\/tr>\r\n<tr>\r\n<td>11:00<\/td>\r\n<td><em>intermission<\/em><\/td>\r\n<\/tr>\r\n<tr>\r\n<td>11:30<\/td>\r\n<td>37. WOLFF JULIET<\/td>\r\n<\/tr>\r\n<tr>\r\n<td>12:00<\/td>\r\n<td>38. WU WANXUAN<\/td>\r\n<\/tr>\r\n<tr>\r\n<td>12:30<\/td>\r\n<td>39. W\u00dcRSTEN MONIKA<\/td>\r\n<\/tr>\r\n<tr>\r\n<td>13:00<\/td>\r\n<td>41. YEO YOONSOO\u00a0<\/td>\r\n<\/tr>\r\n<tr>\r\n<td>13:30<\/td>\r\n<td>42. YOU JEEIN<\/td>\r\n<\/tr>\r\n<\/tbody>\r\n<\/table>\r\n<\/figure>","protected":false},"excerpt":{"rendered":"<p>1ST ROUND RESULTS &nbsp; Monday, 27.11.2023AMKP Concert Hall\u015awi\u0119tego Tomasza 43 &nbsp; WATCH LIVE &nbsp; 09:00 1. BORKA R\u00c1HEL 09:30 2. CARDELLI GIACOMO 10:00 3. CHO YUNSEO 10:30 4. DAEMS ARTHUR&hellip; <a href=\"https:\/\/www.amuz.krakow.pl\/en\/konkursy\/konkursy-interpretacji-muzyki\/miedzynarodowy-konkurs-wiolonczelowy-im-krzysztofa-pendereckiego\/2023-2\/transmisje-online-i-harmonogram-przesluchan-i-etap\/\">Continue reading<\/a><\/p>\n","protected":false},"author":72,"featured_media":76102,"parent":69901,"menu_order":0,"comment_status":"closed","ping_status":"closed","template":"","meta":{"footnotes":"","_links_to":"","_links_to_target":""},"class_list":["post-80525","page","type-page","status-publish","has-post-thumbnail","hentry"],"yoast_head":"<!-- This site is optimized with the Yoast SEO plugin v27.2 - https:\/\/yoast.com\/product\/yoast-seo-wordpress\/ -->\n<title>AMKP - Akademia Muzyczna im. Krzysztofa Pendereckiego w Krakowie<\/title>\n<meta name=\"robots\" content=\"index, follow, max-snippet:-1, max-image-preview:large, max-video-preview:-1\" \/>\n<link rel=\"canonical\" href=\"https:\/\/www.amuz.krakow.pl\/konkursy\/konkursy-interpretacji-muzyki\/miedzynarodowy-konkurs-wiolonczelowy-im-krzysztofa-pendereckiego\/2023-2\/transmisje-online-i-harmonogram-przesluchan-i-etap\/\" \/>\n<meta property=\"og:locale\" content=\"en_US\" \/>\n<meta property=\"og:type\" content=\"article\" \/>\n<meta property=\"og:title\" content=\"AMKP - Akademia Muzyczna im. Krzysztofa Pendereckiego w Krakowie\" \/>\n<meta property=\"og:description\" content=\"1ST ROUND RESULTS &nbsp; Monday, 27.11.2023AMKP Concert Hall\u015awi\u0119tego Tomasza 43 &nbsp; WATCH LIVE &nbsp; 09:00 1. BORKA R\u00c1HEL 09:30 2. CARDELLI GIACOMO 10:00 3. CHO YUNSEO 10:30 4. DAEMS ARTHUR&hellip; Continue reading\" \/>\n<meta property=\"og:url\" content=\"https:\/\/www.amuz.krakow.pl\/konkursy\/konkursy-interpretacji-muzyki\/miedzynarodowy-konkurs-wiolonczelowy-im-krzysztofa-pendereckiego\/2023-2\/transmisje-online-i-harmonogram-przesluchan-i-etap\/\" \/>\n<meta property=\"og:site_name\" content=\"Akademia Muzyczna im. Krzysztofa Pendereckiego w Krakowie\" \/>\n<meta property=\"article:publisher\" content=\"https:\/\/www.facebook.com\/amuz.krakow\" \/>\n<meta property=\"article:modified_time\" content=\"2023-11-29T17:18:05+00:00\" \/>\n<meta property=\"og:image\" content=\"https:\/\/www.amuz.krakow.pl\/wp-content\/uploads\/2022\/06\/kafelek-cello.jpg\" \/>\n\t<meta property=\"og:image:width\" content=\"1600\" \/>\n\t<meta property=\"og:image:height\" content=\"800\" \/>\n\t<meta property=\"og:image:type\" content=\"image\/jpeg\" \/>\n<meta name=\"twitter:card\" content=\"summary_large_image\" \/>\n<meta name=\"twitter:label1\" content=\"Est. reading time\" \/>\n\t<meta name=\"twitter:data1\" content=\"2 minutes\" \/>\n<script type=\"application\/ld+json\" class=\"yoast-schema-graph\">{\"@context\":\"https:\/\/schema.org\",\"@graph\":[{\"@type\":\"WebPage\",\"@id\":\"https:\/\/www.amuz.krakow.pl\/konkursy\/konkursy-interpretacji-muzyki\/miedzynarodowy-konkurs-wiolonczelowy-im-krzysztofa-pendereckiego\/2023-2\/transmisje-online-i-harmonogram-przesluchan-i-etap\/\",\"url\":\"https:\/\/www.amuz.krakow.pl\/konkursy\/konkursy-interpretacji-muzyki\/miedzynarodowy-konkurs-wiolonczelowy-im-krzysztofa-pendereckiego\/2023-2\/transmisje-online-i-harmonogram-przesluchan-i-etap\/\",\"name\":\"AMKP - Akademia Muzyczna im. Krzysztofa Pendereckiego w Krakowie\",\"isPartOf\":{\"@id\":\"https:\/\/www.amuz.krakow.pl\/#website\"},\"primaryImageOfPage\":{\"@id\":\"https:\/\/www.amuz.krakow.pl\/konkursy\/konkursy-interpretacji-muzyki\/miedzynarodowy-konkurs-wiolonczelowy-im-krzysztofa-pendereckiego\/2023-2\/transmisje-online-i-harmonogram-przesluchan-i-etap\/#primaryimage\"},\"image\":{\"@id\":\"https:\/\/www.amuz.krakow.pl\/konkursy\/konkursy-interpretacji-muzyki\/miedzynarodowy-konkurs-wiolonczelowy-im-krzysztofa-pendereckiego\/2023-2\/transmisje-online-i-harmonogram-przesluchan-i-etap\/#primaryimage\"},\"thumbnailUrl\":\"https:\/\/www.amuz.krakow.pl\/wp-content\/uploads\/2022\/06\/kafelek-cello.jpg\",\"datePublished\":\"2023-11-27T10:13:04+00:00\",\"dateModified\":\"2023-11-29T17:18:05+00:00\",\"breadcrumb\":{\"@id\":\"https:\/\/www.amuz.krakow.pl\/konkursy\/konkursy-interpretacji-muzyki\/miedzynarodowy-konkurs-wiolonczelowy-im-krzysztofa-pendereckiego\/2023-2\/transmisje-online-i-harmonogram-przesluchan-i-etap\/#breadcrumb\"},\"inLanguage\":\"en-US\",\"potentialAction\":[{\"@type\":\"ReadAction\",\"target\":[\"https:\/\/www.amuz.krakow.pl\/konkursy\/konkursy-interpretacji-muzyki\/miedzynarodowy-konkurs-wiolonczelowy-im-krzysztofa-pendereckiego\/2023-2\/transmisje-online-i-harmonogram-przesluchan-i-etap\/\"]}]},{\"@type\":\"ImageObject\",\"inLanguage\":\"en-US\",\"@id\":\"https:\/\/www.amuz.krakow.pl\/konkursy\/konkursy-interpretacji-muzyki\/miedzynarodowy-konkurs-wiolonczelowy-im-krzysztofa-pendereckiego\/2023-2\/transmisje-online-i-harmonogram-przesluchan-i-etap\/#primaryimage\",\"url\":\"https:\/\/www.amuz.krakow.pl\/wp-content\/uploads\/2022\/06\/kafelek-cello.jpg\",\"contentUrl\":\"https:\/\/www.amuz.krakow.pl\/wp-content\/uploads\/2022\/06\/kafelek-cello.jpg\",\"width\":1600,\"height\":800},{\"@type\":\"BreadcrumbList\",\"@id\":\"https:\/\/www.amuz.krakow.pl\/konkursy\/konkursy-interpretacji-muzyki\/miedzynarodowy-konkurs-wiolonczelowy-im-krzysztofa-pendereckiego\/2023-2\/transmisje-online-i-harmonogram-przesluchan-i-etap\/#breadcrumb\",\"itemListElement\":[{\"@type\":\"ListItem\",\"position\":1,\"name\":\"Strona g\u0142\u00f3wna\",\"item\":\"https:\/\/www.amuz.krakow.pl\/\"},{\"@type\":\"ListItem\",\"position\":2,\"name\":\"Konkursy\",\"item\":\"https:\/\/www.amuz.krakow.pl\/konkursy\/\"},{\"@type\":\"ListItem\",\"position\":3,\"name\":\"Konkursy interpretacji muzyki\",\"item\":\"https:\/\/www.amuz.krakow.pl\/konkursy\/konkursy-interpretacji-muzyki\/\"},{\"@type\":\"ListItem\",\"position\":4,\"name\":\"Mi\u0119dzynarodowy Konkurs Wiolonczelowy im. Krzysztofa Pendereckiego\",\"item\":\"https:\/\/www.amuz.krakow.pl\/konkursy\/konkursy-interpretacji-muzyki\/miedzynarodowy-konkurs-wiolonczelowy-im-krzysztofa-pendereckiego\/\"},{\"@type\":\"ListItem\",\"position\":5,\"name\":\"2023\",\"item\":\"https:\/\/www.amuz.krakow.pl\/konkursy\/konkursy-interpretacji-muzyki\/miedzynarodowy-konkurs-wiolonczelowy-im-krzysztofa-pendereckiego\/2023-2\/\"},{\"@type\":\"ListItem\",\"position\":6,\"name\":\"I etap\"}]},{\"@type\":\"WebSite\",\"@id\":\"https:\/\/www.amuz.krakow.pl\/#website\",\"url\":\"https:\/\/www.amuz.krakow.pl\/\",\"name\":\"Akademia Muzyczna im. Krzysztofa Pendereckiego w Krakowie\",\"description\":\"Oficjalna strona Akademii Muzycznej im. Krzysztofa Pendereckiego w Krakowie (AMKP).\",\"publisher\":{\"@id\":\"https:\/\/www.amuz.krakow.pl\/#organization\"},\"alternateName\":\"AMKP\",\"potentialAction\":[{\"@type\":\"SearchAction\",\"target\":{\"@type\":\"EntryPoint\",\"urlTemplate\":\"https:\/\/www.amuz.krakow.pl\/?s={search_term_string}\"},\"query-input\":{\"@type\":\"PropertyValueSpecification\",\"valueRequired\":true,\"valueName\":\"search_term_string\"}}],\"inLanguage\":\"en-US\"},{\"@type\":\"Organization\",\"@id\":\"https:\/\/www.amuz.krakow.pl\/#organization\",\"name\":\"Akademia Muzyczna im. Krzysztofa Pendereckiego w Krakowie\",\"alternateName\":\"AMKP\",\"url\":\"https:\/\/www.amuz.krakow.pl\/\",\"logo\":{\"@type\":\"ImageObject\",\"inLanguage\":\"en-US\",\"@id\":\"https:\/\/www.amuz.krakow.pl\/#\/schema\/logo\/image\/\",\"url\":\"https:\/\/www.amuz.krakow.pl\/wp-content\/uploads\/2021\/11\/amkp.jpg\",\"contentUrl\":\"https:\/\/www.amuz.krakow.pl\/wp-content\/uploads\/2021\/11\/amkp.jpg\",\"width\":1193,\"height\":591,\"caption\":\"Akademia Muzyczna im. Krzysztofa Pendereckiego w Krakowie\"},\"image\":{\"@id\":\"https:\/\/www.amuz.krakow.pl\/#\/schema\/logo\/image\/\"},\"sameAs\":[\"https:\/\/www.facebook.com\/amuz.krakow\",\"https:\/\/www.instagram.com\/amkpenderecki\/\",\"https:\/\/www.youtube.com\/@amkpenderecki4806\"]}]}<\/script>\n<!-- \/ Yoast SEO plugin. -->","yoast_head_json":{"title":"AMKP - Akademia Muzyczna im. Krzysztofa Pendereckiego w Krakowie","robots":{"index":"index","follow":"follow","max-snippet":"max-snippet:-1","max-image-preview":"max-image-preview:large","max-video-preview":"max-video-preview:-1"},"canonical":"https:\/\/www.amuz.krakow.pl\/konkursy\/konkursy-interpretacji-muzyki\/miedzynarodowy-konkurs-wiolonczelowy-im-krzysztofa-pendereckiego\/2023-2\/transmisje-online-i-harmonogram-przesluchan-i-etap\/","og_locale":"en_US","og_type":"article","og_title":"AMKP - Akademia Muzyczna im. Krzysztofa Pendereckiego w Krakowie","og_description":"1ST ROUND RESULTS &nbsp; Monday, 27.11.2023AMKP Concert Hall\u015awi\u0119tego Tomasza 43 &nbsp; WATCH LIVE &nbsp; 09:00 1. BORKA R\u00c1HEL 09:30 2. CARDELLI GIACOMO 10:00 3. CHO YUNSEO 10:30 4. DAEMS ARTHUR&hellip; Continue reading","og_url":"https:\/\/www.amuz.krakow.pl\/konkursy\/konkursy-interpretacji-muzyki\/miedzynarodowy-konkurs-wiolonczelowy-im-krzysztofa-pendereckiego\/2023-2\/transmisje-online-i-harmonogram-przesluchan-i-etap\/","og_site_name":"Akademia Muzyczna im. Krzysztofa Pendereckiego w Krakowie","article_publisher":"https:\/\/www.facebook.com\/amuz.krakow","article_modified_time":"2023-11-29T17:18:05+00:00","og_image":[{"width":1600,"height":800,"url":"https:\/\/www.amuz.krakow.pl\/wp-content\/uploads\/2022\/06\/kafelek-cello.jpg","type":"image\/jpeg"}],"twitter_card":"summary_large_image","twitter_misc":{"Est. reading time":"2 minutes"},"schema":{"@context":"https:\/\/schema.org","@graph":[{"@type":"WebPage","@id":"https:\/\/www.amuz.krakow.pl\/konkursy\/konkursy-interpretacji-muzyki\/miedzynarodowy-konkurs-wiolonczelowy-im-krzysztofa-pendereckiego\/2023-2\/transmisje-online-i-harmonogram-przesluchan-i-etap\/","url":"https:\/\/www.amuz.krakow.pl\/konkursy\/konkursy-interpretacji-muzyki\/miedzynarodowy-konkurs-wiolonczelowy-im-krzysztofa-pendereckiego\/2023-2\/transmisje-online-i-harmonogram-przesluchan-i-etap\/","name":"AMKP - Akademia Muzyczna im. Krzysztofa Pendereckiego w Krakowie","isPartOf":{"@id":"https:\/\/www.amuz.krakow.pl\/#website"},"primaryImageOfPage":{"@id":"https:\/\/www.amuz.krakow.pl\/konkursy\/konkursy-interpretacji-muzyki\/miedzynarodowy-konkurs-wiolonczelowy-im-krzysztofa-pendereckiego\/2023-2\/transmisje-online-i-harmonogram-przesluchan-i-etap\/#primaryimage"},"image":{"@id":"https:\/\/www.amuz.krakow.pl\/konkursy\/konkursy-interpretacji-muzyki\/miedzynarodowy-konkurs-wiolonczelowy-im-krzysztofa-pendereckiego\/2023-2\/transmisje-online-i-harmonogram-przesluchan-i-etap\/#primaryimage"},"thumbnailUrl":"https:\/\/www.amuz.krakow.pl\/wp-content\/uploads\/2022\/06\/kafelek-cello.jpg","datePublished":"2023-11-27T10:13:04+00:00","dateModified":"2023-11-29T17:18:05+00:00","breadcrumb":{"@id":"https:\/\/www.amuz.krakow.pl\/konkursy\/konkursy-interpretacji-muzyki\/miedzynarodowy-konkurs-wiolonczelowy-im-krzysztofa-pendereckiego\/2023-2\/transmisje-online-i-harmonogram-przesluchan-i-etap\/#breadcrumb"},"inLanguage":"en-US","potentialAction":[{"@type":"ReadAction","target":["https:\/\/www.amuz.krakow.pl\/konkursy\/konkursy-interpretacji-muzyki\/miedzynarodowy-konkurs-wiolonczelowy-im-krzysztofa-pendereckiego\/2023-2\/transmisje-online-i-harmonogram-przesluchan-i-etap\/"]}]},{"@type":"ImageObject","inLanguage":"en-US","@id":"https:\/\/www.amuz.krakow.pl\/konkursy\/konkursy-interpretacji-muzyki\/miedzynarodowy-konkurs-wiolonczelowy-im-krzysztofa-pendereckiego\/2023-2\/transmisje-online-i-harmonogram-przesluchan-i-etap\/#primaryimage","url":"https:\/\/www.amuz.krakow.pl\/wp-content\/uploads\/2022\/06\/kafelek-cello.jpg","contentUrl":"https:\/\/www.amuz.krakow.pl\/wp-content\/uploads\/2022\/06\/kafelek-cello.jpg","width":1600,"height":800},{"@type":"BreadcrumbList","@id":"https:\/\/www.amuz.krakow.pl\/konkursy\/konkursy-interpretacji-muzyki\/miedzynarodowy-konkurs-wiolonczelowy-im-krzysztofa-pendereckiego\/2023-2\/transmisje-online-i-harmonogram-przesluchan-i-etap\/#breadcrumb","itemListElement":[{"@type":"ListItem","position":1,"name":"Strona g\u0142\u00f3wna","item":"https:\/\/www.amuz.krakow.pl\/"},{"@type":"ListItem","position":2,"name":"Konkursy","item":"https:\/\/www.amuz.krakow.pl\/konkursy\/"},{"@type":"ListItem","position":3,"name":"Konkursy interpretacji muzyki","item":"https:\/\/www.amuz.krakow.pl\/konkursy\/konkursy-interpretacji-muzyki\/"},{"@type":"ListItem","position":4,"name":"Mi\u0119dzynarodowy Konkurs Wiolonczelowy im. Krzysztofa Pendereckiego","item":"https:\/\/www.amuz.krakow.pl\/konkursy\/konkursy-interpretacji-muzyki\/miedzynarodowy-konkurs-wiolonczelowy-im-krzysztofa-pendereckiego\/"},{"@type":"ListItem","position":5,"name":"2023","item":"https:\/\/www.amuz.krakow.pl\/konkursy\/konkursy-interpretacji-muzyki\/miedzynarodowy-konkurs-wiolonczelowy-im-krzysztofa-pendereckiego\/2023-2\/"},{"@type":"ListItem","position":6,"name":"I etap"}]},{"@type":"WebSite","@id":"https:\/\/www.amuz.krakow.pl\/#website","url":"https:\/\/www.amuz.krakow.pl\/","name":"Akademia Muzyczna im. Krzysztofa Pendereckiego w Krakowie","description":"Oficjalna strona Akademii Muzycznej im. Krzysztofa Pendereckiego w Krakowie (AMKP).","publisher":{"@id":"https:\/\/www.amuz.krakow.pl\/#organization"},"alternateName":"AMKP","potentialAction":[{"@type":"SearchAction","target":{"@type":"EntryPoint","urlTemplate":"https:\/\/www.amuz.krakow.pl\/?s={search_term_string}"},"query-input":{"@type":"PropertyValueSpecification","valueRequired":true,"valueName":"search_term_string"}}],"inLanguage":"en-US"},{"@type":"Organization","@id":"https:\/\/www.amuz.krakow.pl\/#organization","name":"Akademia Muzyczna im. Krzysztofa Pendereckiego w Krakowie","alternateName":"AMKP","url":"https:\/\/www.amuz.krakow.pl\/","logo":{"@type":"ImageObject","inLanguage":"en-US","@id":"https:\/\/www.amuz.krakow.pl\/#\/schema\/logo\/image\/","url":"https:\/\/www.amuz.krakow.pl\/wp-content\/uploads\/2021\/11\/amkp.jpg","contentUrl":"https:\/\/www.amuz.krakow.pl\/wp-content\/uploads\/2021\/11\/amkp.jpg","width":1193,"height":591,"caption":"Akademia Muzyczna im. Krzysztofa Pendereckiego w Krakowie"},"image":{"@id":"https:\/\/www.amuz.krakow.pl\/#\/schema\/logo\/image\/"},"sameAs":["https:\/\/www.facebook.com\/amuz.krakow","https:\/\/www.instagram.com\/amkpenderecki\/","https:\/\/www.youtube.com\/@amkpenderecki4806"]}]}},"_links":{"self":[{"href":"https:\/\/www.amuz.krakow.pl\/en\/wp-json\/wp\/v2\/pages\/80525","targetHints":{"allow":["GET"]}}],"collection":[{"href":"https:\/\/www.amuz.krakow.pl\/en\/wp-json\/wp\/v2\/pages"}],"about":[{"href":"https:\/\/www.amuz.krakow.pl\/en\/wp-json\/wp\/v2\/types\/page"}],"author":[{"embeddable":true,"href":"https:\/\/www.amuz.krakow.pl\/en\/wp-json\/wp\/v2\/users\/72"}],"replies":[{"embeddable":true,"href":"https:\/\/www.amuz.krakow.pl\/en\/wp-json\/wp\/v2\/comments?post=80525"}],"version-history":[{"count":15,"href":"https:\/\/www.amuz.krakow.pl\/en\/wp-json\/wp\/v2\/pages\/80525\/revisions"}],"predecessor-version":[{"id":80766,"href":"https:\/\/www.amuz.krakow.pl\/en\/wp-json\/wp\/v2\/pages\/80525\/revisions\/80766"}],"up":[{"embeddable":true,"href":"https:\/\/www.amuz.krakow.pl\/en\/wp-json\/wp\/v2\/pages\/69901"}],"wp:featuredmedia":[{"embeddable":true,"href":"https:\/\/www.amuz.krakow.pl\/en\/wp-json\/wp\/v2\/media\/76102"}],"wp:attachment":[{"href":"https:\/\/www.amuz.krakow.pl\/en\/wp-json\/wp\/v2\/media?parent=80525"}],"curies":[{"name":"wp","href":"https:\/\/api.w.org\/{rel}","templated":true}]}}