{"id":78851,"date":"2023-10-16T13:34:05","date_gmt":"2023-10-16T11:34:05","guid":{"rendered":"https:\/\/www.amuz.krakow.pl\/?page_id=78851"},"modified":"2024-01-17T15:03:55","modified_gmt":"2024-01-17T14:03:55","slug":"14-miedzynarodowy-festiwal-perkusyjny-zrodla-i-inspiracje","status":"publish","type":"page","link":"https:\/\/www.amuz.krakow.pl\/en\/wydzialy\/wydzial-ii-instrumentalny\/katedra-perkusji-i-muzyki-wspolczesnej\/aktualnosci-23\/14-miedzynarodowy-festiwal-perkusyjny-zrodla-i-inspiracje\/","title":{"rendered":"14th International Percussion Festival &#8220;Sources and Inspirations&#8221; | 27-31.10.2023"},"content":{"rendered":"<p><a href=\"https:\/\/www.amuz.krakow.pl\/wp-content\/uploads\/2023\/10\/festiwal-perkusyjny.jpg\" target=\"_blank\" rel=\"noopener\"><img loading=\"lazy\" decoding=\"async\" class=\"aligncenter wp-image-78855 size-full\" src=\"https:\/\/www.amuz.krakow.pl\/wp-content\/uploads\/2023\/10\/festiwal-perkusyjny.jpg\" alt=\"\" width=\"1300\" height=\"1865\" srcset=\"https:\/\/www.amuz.krakow.pl\/wp-content\/uploads\/2023\/10\/festiwal-perkusyjny.jpg 1300w, https:\/\/www.amuz.krakow.pl\/wp-content\/uploads\/2023\/10\/festiwal-perkusyjny-209x300.jpg 209w, https:\/\/www.amuz.krakow.pl\/wp-content\/uploads\/2023\/10\/festiwal-perkusyjny-768x1102.jpg 768w, https:\/\/www.amuz.krakow.pl\/wp-content\/uploads\/2023\/10\/festiwal-perkusyjny-1071x1536.jpg 1071w\" sizes=\"auto, (max-width: 1300px) 100vw, 1300px\" \/><\/a><\/p>\n<p>&nbsp;<\/p>\n<p><strong><span id=\"27-paz\" style=\"font-size: 12pt;\">Friday 27 October 2023, 19:00<\/span><\/strong><br \/>\n<strong><span style=\"font-size: 12pt;\">AMKP Concert Hall<\/span><\/strong><br \/>\n<strong><span style=\"font-size: 12pt;\">\u015awi\u0119tego Tomasza 43<\/span><\/strong><\/p>\n<p><strong>Concert <em>New sounds of percussion<\/em><\/strong><\/p>\n<p>\u2013 project <strong><em>Superminimalism (2)<\/em><\/strong><\/p>\n<p>Stefan Raczkowski \u2013 percussion<br \/>\nFilip Botor \u2013 double bass<\/p>\n<p>\u2013 project <strong><em>Lithops<\/em><\/strong><\/p>\n<p>Dominik Do\u0142\u0119ga \u2013 percussion<\/p>\n<p>\u2013 <strong>Terry Riley <\/strong>(ur. 1935) <strong><em>In C <\/em><\/strong><\/p>\n<p>Amadrums Percussion Group<br \/>\nStanis\u0142aw Welanyk &#8211; conductor<\/p>\n<p>&nbsp;<\/p>\n<div class=\"wp-block-columns\">\n<div class=\"wp-block-column\">\n<p class=\"has-text-align-left\"><strong><span style=\"font-size: 12pt;\"><strong id=\"28-paz\">Saturday 28 October 2023, 19:00<\/strong><\/span><br \/>\n<span style=\"font-size: 12pt;\"><strong>AMKP Concert Hall<\/strong><\/span><br \/>\n<span style=\"font-size: 12pt;\"><strong>\u015awi\u0119tego Tomasza 43<\/strong><\/span><\/strong><\/p>\n<p><strong>Concert <em>Oh, that jazz<\/em><\/strong><\/p>\n<p>\u2013 <strong>Dobrowolski &amp; Friends<\/strong><\/p>\n<p>Pawe\u0142 Dobrowolski \u2013 percussion<br \/>\nMarcin \u015alusarczyk \u2013 saxophone<br \/>\nMaciej Adamczak \u2013 double bass<br \/>\nMarcin Pater \u2013 vibraphone<\/p>\n<p>\u2013 <strong>AMKP Big Band<\/strong><\/p>\n<p>Wojciech Groborz &#8211; leading<br \/>\nguest: Rados\u0142aw Szarek \u2013 vibraphone<br \/>\nPawe\u0142 Dobrowolski \u2013 percussion<\/p>\n<\/div>\n<div class=\"wp-block-column\">\n<figure id=\"attachment_82023\" aria-describedby=\"caption-attachment-82023\" style=\"width: 220px\" class=\"wp-caption aligncenter\"><a href=\"https:\/\/www.amuz.krakow.pl\/en\/28-pazdziernika-2023-koncert-w-ramach-festiwalu-zrodla-i-inspiracje\/\" target=\"_blank\" rel=\"noopener\"><img loading=\"lazy\" decoding=\"async\" class=\"wp-image-82023\" src=\"https:\/\/www.amuz.krakow.pl\/wp-content\/uploads\/2024\/01\/DSF6942.jpg\" alt=\"\" width=\"220\" height=\"147\" srcset=\"https:\/\/www.amuz.krakow.pl\/wp-content\/uploads\/2024\/01\/DSF6942.jpg 2048w, https:\/\/www.amuz.krakow.pl\/wp-content\/uploads\/2024\/01\/DSF6942-300x200.jpg 300w, https:\/\/www.amuz.krakow.pl\/wp-content\/uploads\/2024\/01\/DSF6942-768x512.jpg 768w, https:\/\/www.amuz.krakow.pl\/wp-content\/uploads\/2024\/01\/DSF6942-1536x1024.jpg 1536w\" sizes=\"auto, (max-width: 220px) 100vw, 220px\" \/><\/a><figcaption id=\"caption-attachment-82023\" class=\"wp-caption-text\"><strong>PHOTO GALLERY<\/strong><\/figcaption><\/figure>\n<\/div>\n<\/div>\n<p>&nbsp;<\/p>\n<p><span style=\"font-size: 12pt;\"><strong id=\"29-paz\">Sunday 29 October 2023, 18:00<\/strong><\/span><br \/>\n<span style=\"font-size: 12pt;\"><strong>AMKP Concert Hall<\/strong><\/span><br \/>\n<span style=\"font-size: 12pt;\"><strong>\u015awi\u0119tego Tomasza 43<\/strong><\/span><\/p>\n<p><strong>Concert<\/strong> <strong><em>Back to the roots<\/em><\/strong><\/p>\n<p>\u2013 <strong>Bloco Pomerania<\/strong><\/p>\n<p>Rafa\u0142 Krzanowski \u2013 repinique\/Mestre<br \/>\nValdir Viera Dos Santos \u2013 vocal\/percussion<br \/>\nAndrzej Janusz \u2013 cavaco\/percussion<br \/>\nAleksandra Banaszyk \u2013 tamborim<br \/>\nNadja Fitzermann \u2013 chocalho<br \/>\nEmilia D\u0105browska \u2013 caixa<br \/>\nKarol Kot \u2013 caixa<br \/>\nCharity Faith Akinyi \u2013 surdo de terceira<br \/>\nPiotr Czujkowski \u2013 surdo de secunda\/surdo de primeira<\/p>\n<p>\u2013 <strong>Hamdam<\/strong><\/p>\n<p>Arad Emamgholi \u2013 daf<br \/>\nAdeb Chamoun \u2013 riq<br \/>\nWassim Ibrahim \u2013 ud\/vocal<br \/>\nDariusz Rasouli \u2013 ney<\/p>\n<p>&nbsp;<\/p>\n<p><strong id=\"31-paz\">ACCOMPANYING CONCERT<\/strong><\/p>\n<p><span style=\"font-size: 12pt;\"><strong>Tuesday 31 October 2023, 18:00<\/strong><\/span><br \/>\n<span style=\"font-size: 12pt;\"><strong>Concert Hall of the Bronis\u0142aw Rutkowski Music School in Krakow<\/strong><\/span><br \/>\n<span style=\"font-size: 12pt;\"><strong>ul. J\u00f3zefi\u0144ska 10<\/strong><\/span><\/p>\n<p>\u2013 <strong>My Sonic Horizon<\/strong><\/p>\n<p>\u017baneta Seweryn \u2013 xylophone\/lira<br \/>\nLeszek <em>Hefi <\/em>Wi\u015bniowski \u2013 flutes<br \/>\nJacek Ho\u0142ubowski \u2013 accordion<br \/>\nMaciej Ha\u0142o\u0144 \u2013 hang\/percussion<\/p>","protected":false},"excerpt":{"rendered":"<p>&nbsp; Friday 27 October 2023, 19:00 AMKP Concert Hall \u015awi\u0119tego Tomasza 43 Concert New sounds of percussion \u2013 project Superminimalism (2) Stefan Raczkowski \u2013 percussion Filip Botor \u2013 double bass&hellip; <a href=\"https:\/\/www.amuz.krakow.pl\/en\/wydzialy\/wydzial-ii-instrumentalny\/katedra-perkusji-i-muzyki-wspolczesnej\/aktualnosci-23\/14-miedzynarodowy-festiwal-perkusyjny-zrodla-i-inspiracje\/\">Continue reading<\/a><\/p>\n","protected":false},"author":72,"featured_media":78854,"parent":77438,"menu_order":-3,"comment_status":"closed","ping_status":"closed","template":"","meta":{"footnotes":"","_links_to":"","_links_to_target":""},"class_list":["post-78851","page","type-page","status-publish","has-post-thumbnail","hentry"],"yoast_head":"<!-- This site is optimized with the Yoast SEO plugin v27.2 - https:\/\/yoast.com\/product\/yoast-seo-wordpress\/ -->\n<title>AMKP - Akademia Muzyczna im. Krzysztofa Pendereckiego w Krakowie<\/title>\n<meta name=\"robots\" content=\"index, follow, max-snippet:-1, max-image-preview:large, max-video-preview:-1\" \/>\n<link rel=\"canonical\" href=\"https:\/\/www.amuz.krakow.pl\/wydzialy\/wydzial-ii-instrumentalny\/katedra-perkusji-i-muzyki-wspolczesnej\/aktualnosci-23\/14-miedzynarodowy-festiwal-perkusyjny-zrodla-i-inspiracje\/\" \/>\n<meta property=\"og:locale\" content=\"en_US\" \/>\n<meta property=\"og:type\" content=\"article\" \/>\n<meta property=\"og:title\" content=\"AMKP - Akademia Muzyczna im. Krzysztofa Pendereckiego w Krakowie\" \/>\n<meta property=\"og:description\" content=\"&nbsp; Friday 27 October 2023, 19:00 AMKP Concert Hall \u015awi\u0119tego Tomasza 43 Concert New sounds of percussion \u2013 project Superminimalism (2) Stefan Raczkowski \u2013 percussion Filip Botor \u2013 double bass&hellip; Continue reading\" \/>\n<meta property=\"og:url\" content=\"https:\/\/www.amuz.krakow.pl\/wydzialy\/wydzial-ii-instrumentalny\/katedra-perkusji-i-muzyki-wspolczesnej\/aktualnosci-23\/14-miedzynarodowy-festiwal-perkusyjny-zrodla-i-inspiracje\/\" \/>\n<meta property=\"og:site_name\" content=\"Akademia Muzyczna im. Krzysztofa Pendereckiego w Krakowie\" \/>\n<meta property=\"article:publisher\" content=\"https:\/\/www.facebook.com\/amuz.krakow\" \/>\n<meta property=\"article:modified_time\" content=\"2024-01-17T14:03:55+00:00\" \/>\n<meta property=\"og:image\" content=\"https:\/\/www.amuz.krakow.pl\/wp-content\/uploads\/2023\/10\/festiwal-perkusyjny-kafel.jpg\" \/>\n\t<meta property=\"og:image:width\" content=\"800\" \/>\n\t<meta property=\"og:image:height\" content=\"400\" \/>\n\t<meta property=\"og:image:type\" content=\"image\/jpeg\" \/>\n<meta name=\"twitter:card\" content=\"summary_large_image\" \/>\n<meta name=\"twitter:label1\" content=\"Est. reading time\" \/>\n\t<meta name=\"twitter:data1\" content=\"2 minutes\" \/>\n<script type=\"application\/ld+json\" class=\"yoast-schema-graph\">{\"@context\":\"https:\/\/schema.org\",\"@graph\":[{\"@type\":\"WebPage\",\"@id\":\"https:\/\/www.amuz.krakow.pl\/wydzialy\/wydzial-ii-instrumentalny\/katedra-perkusji-i-muzyki-wspolczesnej\/aktualnosci-23\/14-miedzynarodowy-festiwal-perkusyjny-zrodla-i-inspiracje\/\",\"url\":\"https:\/\/www.amuz.krakow.pl\/wydzialy\/wydzial-ii-instrumentalny\/katedra-perkusji-i-muzyki-wspolczesnej\/aktualnosci-23\/14-miedzynarodowy-festiwal-perkusyjny-zrodla-i-inspiracje\/\",\"name\":\"AMKP - Akademia Muzyczna im. Krzysztofa Pendereckiego w Krakowie\",\"isPartOf\":{\"@id\":\"https:\/\/www.amuz.krakow.pl\/#website\"},\"primaryImageOfPage\":{\"@id\":\"https:\/\/www.amuz.krakow.pl\/wydzialy\/wydzial-ii-instrumentalny\/katedra-perkusji-i-muzyki-wspolczesnej\/aktualnosci-23\/14-miedzynarodowy-festiwal-perkusyjny-zrodla-i-inspiracje\/#primaryimage\"},\"image\":{\"@id\":\"https:\/\/www.amuz.krakow.pl\/wydzialy\/wydzial-ii-instrumentalny\/katedra-perkusji-i-muzyki-wspolczesnej\/aktualnosci-23\/14-miedzynarodowy-festiwal-perkusyjny-zrodla-i-inspiracje\/#primaryimage\"},\"thumbnailUrl\":\"https:\/\/www.amuz.krakow.pl\/wp-content\/uploads\/2023\/10\/festiwal-perkusyjny-kafel.jpg\",\"datePublished\":\"2023-10-16T11:34:05+00:00\",\"dateModified\":\"2024-01-17T14:03:55+00:00\",\"breadcrumb\":{\"@id\":\"https:\/\/www.amuz.krakow.pl\/wydzialy\/wydzial-ii-instrumentalny\/katedra-perkusji-i-muzyki-wspolczesnej\/aktualnosci-23\/14-miedzynarodowy-festiwal-perkusyjny-zrodla-i-inspiracje\/#breadcrumb\"},\"inLanguage\":\"en-US\",\"potentialAction\":[{\"@type\":\"ReadAction\",\"target\":[\"https:\/\/www.amuz.krakow.pl\/wydzialy\/wydzial-ii-instrumentalny\/katedra-perkusji-i-muzyki-wspolczesnej\/aktualnosci-23\/14-miedzynarodowy-festiwal-perkusyjny-zrodla-i-inspiracje\/\"]}]},{\"@type\":\"ImageObject\",\"inLanguage\":\"en-US\",\"@id\":\"https:\/\/www.amuz.krakow.pl\/wydzialy\/wydzial-ii-instrumentalny\/katedra-perkusji-i-muzyki-wspolczesnej\/aktualnosci-23\/14-miedzynarodowy-festiwal-perkusyjny-zrodla-i-inspiracje\/#primaryimage\",\"url\":\"https:\/\/www.amuz.krakow.pl\/wp-content\/uploads\/2023\/10\/festiwal-perkusyjny-kafel.jpg\",\"contentUrl\":\"https:\/\/www.amuz.krakow.pl\/wp-content\/uploads\/2023\/10\/festiwal-perkusyjny-kafel.jpg\",\"width\":800,\"height\":400},{\"@type\":\"BreadcrumbList\",\"@id\":\"https:\/\/www.amuz.krakow.pl\/wydzialy\/wydzial-ii-instrumentalny\/katedra-perkusji-i-muzyki-wspolczesnej\/aktualnosci-23\/14-miedzynarodowy-festiwal-perkusyjny-zrodla-i-inspiracje\/#breadcrumb\",\"itemListElement\":[{\"@type\":\"ListItem\",\"position\":1,\"name\":\"Strona g\u0142\u00f3wna\",\"item\":\"https:\/\/www.amuz.krakow.pl\/\"},{\"@type\":\"ListItem\",\"position\":2,\"name\":\"WYDZIA\u0141Y\",\"item\":\"https:\/\/www.amuz.krakow.pl\/wydzialy\/\"},{\"@type\":\"ListItem\",\"position\":3,\"name\":\"Wydzia\u0142 Instrumentalny\",\"item\":\"https:\/\/www.amuz.krakow.pl\/wydzialy\/wydzial-ii-instrumentalny\/\"},{\"@type\":\"ListItem\",\"position\":4,\"name\":\"Katedra Perkusji i&nbsp;Muzyki Wsp\u00f3\u0142czesnej\",\"item\":\"https:\/\/www.amuz.krakow.pl\/wydzialy\/wydzial-ii-instrumentalny\/katedra-perkusji-i-muzyki-wspolczesnej\/\"},{\"@type\":\"ListItem\",\"position\":5,\"name\":\"Archiwum wydarze\u0144 2023\/2024\",\"item\":\"https:\/\/www.amuz.krakow.pl\/wydzialy\/wydzial-ii-instrumentalny\/katedra-perkusji-i-muzyki-wspolczesnej\/aktualnosci-23\/\"},{\"@type\":\"ListItem\",\"position\":6,\"name\":\"14. Mi\u0119dzynarodowy Festiwal Perkusyjny &#8220;\u0179r\u00f3d\u0142a i Inspiracje&#8221; | 27-31.10.2023\"}]},{\"@type\":\"WebSite\",\"@id\":\"https:\/\/www.amuz.krakow.pl\/#website\",\"url\":\"https:\/\/www.amuz.krakow.pl\/\",\"name\":\"Akademia Muzyczna im. Krzysztofa Pendereckiego w Krakowie\",\"description\":\"Oficjalna strona Akademii Muzycznej im. Krzysztofa Pendereckiego w Krakowie (AMKP).\",\"publisher\":{\"@id\":\"https:\/\/www.amuz.krakow.pl\/#organization\"},\"alternateName\":\"AMKP\",\"potentialAction\":[{\"@type\":\"SearchAction\",\"target\":{\"@type\":\"EntryPoint\",\"urlTemplate\":\"https:\/\/www.amuz.krakow.pl\/?s={search_term_string}\"},\"query-input\":{\"@type\":\"PropertyValueSpecification\",\"valueRequired\":true,\"valueName\":\"search_term_string\"}}],\"inLanguage\":\"en-US\"},{\"@type\":\"Organization\",\"@id\":\"https:\/\/www.amuz.krakow.pl\/#organization\",\"name\":\"Akademia Muzyczna im. Krzysztofa Pendereckiego w Krakowie\",\"alternateName\":\"AMKP\",\"url\":\"https:\/\/www.amuz.krakow.pl\/\",\"logo\":{\"@type\":\"ImageObject\",\"inLanguage\":\"en-US\",\"@id\":\"https:\/\/www.amuz.krakow.pl\/#\/schema\/logo\/image\/\",\"url\":\"https:\/\/www.amuz.krakow.pl\/wp-content\/uploads\/2021\/11\/amkp.jpg\",\"contentUrl\":\"https:\/\/www.amuz.krakow.pl\/wp-content\/uploads\/2021\/11\/amkp.jpg\",\"width\":1193,\"height\":591,\"caption\":\"Akademia Muzyczna im. Krzysztofa Pendereckiego w Krakowie\"},\"image\":{\"@id\":\"https:\/\/www.amuz.krakow.pl\/#\/schema\/logo\/image\/\"},\"sameAs\":[\"https:\/\/www.facebook.com\/amuz.krakow\",\"https:\/\/www.instagram.com\/amkpenderecki\/\",\"https:\/\/www.youtube.com\/@amkpenderecki4806\"]}]}<\/script>\n<!-- \/ Yoast SEO plugin. -->","yoast_head_json":{"title":"AMKP - Akademia Muzyczna im. Krzysztofa Pendereckiego w Krakowie","robots":{"index":"index","follow":"follow","max-snippet":"max-snippet:-1","max-image-preview":"max-image-preview:large","max-video-preview":"max-video-preview:-1"},"canonical":"https:\/\/www.amuz.krakow.pl\/wydzialy\/wydzial-ii-instrumentalny\/katedra-perkusji-i-muzyki-wspolczesnej\/aktualnosci-23\/14-miedzynarodowy-festiwal-perkusyjny-zrodla-i-inspiracje\/","og_locale":"en_US","og_type":"article","og_title":"AMKP - Akademia Muzyczna im. Krzysztofa Pendereckiego w Krakowie","og_description":"&nbsp; Friday 27 October 2023, 19:00 AMKP Concert Hall \u015awi\u0119tego Tomasza 43 Concert New sounds of percussion \u2013 project Superminimalism (2) Stefan Raczkowski \u2013 percussion Filip Botor \u2013 double bass&hellip; Continue reading","og_url":"https:\/\/www.amuz.krakow.pl\/wydzialy\/wydzial-ii-instrumentalny\/katedra-perkusji-i-muzyki-wspolczesnej\/aktualnosci-23\/14-miedzynarodowy-festiwal-perkusyjny-zrodla-i-inspiracje\/","og_site_name":"Akademia Muzyczna im. Krzysztofa Pendereckiego w Krakowie","article_publisher":"https:\/\/www.facebook.com\/amuz.krakow","article_modified_time":"2024-01-17T14:03:55+00:00","og_image":[{"width":800,"height":400,"url":"https:\/\/www.amuz.krakow.pl\/wp-content\/uploads\/2023\/10\/festiwal-perkusyjny-kafel.jpg","type":"image\/jpeg"}],"twitter_card":"summary_large_image","twitter_misc":{"Est. reading time":"2 minutes"},"schema":{"@context":"https:\/\/schema.org","@graph":[{"@type":"WebPage","@id":"https:\/\/www.amuz.krakow.pl\/wydzialy\/wydzial-ii-instrumentalny\/katedra-perkusji-i-muzyki-wspolczesnej\/aktualnosci-23\/14-miedzynarodowy-festiwal-perkusyjny-zrodla-i-inspiracje\/","url":"https:\/\/www.amuz.krakow.pl\/wydzialy\/wydzial-ii-instrumentalny\/katedra-perkusji-i-muzyki-wspolczesnej\/aktualnosci-23\/14-miedzynarodowy-festiwal-perkusyjny-zrodla-i-inspiracje\/","name":"AMKP - Akademia Muzyczna im. Krzysztofa Pendereckiego w Krakowie","isPartOf":{"@id":"https:\/\/www.amuz.krakow.pl\/#website"},"primaryImageOfPage":{"@id":"https:\/\/www.amuz.krakow.pl\/wydzialy\/wydzial-ii-instrumentalny\/katedra-perkusji-i-muzyki-wspolczesnej\/aktualnosci-23\/14-miedzynarodowy-festiwal-perkusyjny-zrodla-i-inspiracje\/#primaryimage"},"image":{"@id":"https:\/\/www.amuz.krakow.pl\/wydzialy\/wydzial-ii-instrumentalny\/katedra-perkusji-i-muzyki-wspolczesnej\/aktualnosci-23\/14-miedzynarodowy-festiwal-perkusyjny-zrodla-i-inspiracje\/#primaryimage"},"thumbnailUrl":"https:\/\/www.amuz.krakow.pl\/wp-content\/uploads\/2023\/10\/festiwal-perkusyjny-kafel.jpg","datePublished":"2023-10-16T11:34:05+00:00","dateModified":"2024-01-17T14:03:55+00:00","breadcrumb":{"@id":"https:\/\/www.amuz.krakow.pl\/wydzialy\/wydzial-ii-instrumentalny\/katedra-perkusji-i-muzyki-wspolczesnej\/aktualnosci-23\/14-miedzynarodowy-festiwal-perkusyjny-zrodla-i-inspiracje\/#breadcrumb"},"inLanguage":"en-US","potentialAction":[{"@type":"ReadAction","target":["https:\/\/www.amuz.krakow.pl\/wydzialy\/wydzial-ii-instrumentalny\/katedra-perkusji-i-muzyki-wspolczesnej\/aktualnosci-23\/14-miedzynarodowy-festiwal-perkusyjny-zrodla-i-inspiracje\/"]}]},{"@type":"ImageObject","inLanguage":"en-US","@id":"https:\/\/www.amuz.krakow.pl\/wydzialy\/wydzial-ii-instrumentalny\/katedra-perkusji-i-muzyki-wspolczesnej\/aktualnosci-23\/14-miedzynarodowy-festiwal-perkusyjny-zrodla-i-inspiracje\/#primaryimage","url":"https:\/\/www.amuz.krakow.pl\/wp-content\/uploads\/2023\/10\/festiwal-perkusyjny-kafel.jpg","contentUrl":"https:\/\/www.amuz.krakow.pl\/wp-content\/uploads\/2023\/10\/festiwal-perkusyjny-kafel.jpg","width":800,"height":400},{"@type":"BreadcrumbList","@id":"https:\/\/www.amuz.krakow.pl\/wydzialy\/wydzial-ii-instrumentalny\/katedra-perkusji-i-muzyki-wspolczesnej\/aktualnosci-23\/14-miedzynarodowy-festiwal-perkusyjny-zrodla-i-inspiracje\/#breadcrumb","itemListElement":[{"@type":"ListItem","position":1,"name":"Strona g\u0142\u00f3wna","item":"https:\/\/www.amuz.krakow.pl\/"},{"@type":"ListItem","position":2,"name":"WYDZIA\u0141Y","item":"https:\/\/www.amuz.krakow.pl\/wydzialy\/"},{"@type":"ListItem","position":3,"name":"Wydzia\u0142 Instrumentalny","item":"https:\/\/www.amuz.krakow.pl\/wydzialy\/wydzial-ii-instrumentalny\/"},{"@type":"ListItem","position":4,"name":"Katedra Perkusji i&nbsp;Muzyki Wsp\u00f3\u0142czesnej","item":"https:\/\/www.amuz.krakow.pl\/wydzialy\/wydzial-ii-instrumentalny\/katedra-perkusji-i-muzyki-wspolczesnej\/"},{"@type":"ListItem","position":5,"name":"Archiwum wydarze\u0144 2023\/2024","item":"https:\/\/www.amuz.krakow.pl\/wydzialy\/wydzial-ii-instrumentalny\/katedra-perkusji-i-muzyki-wspolczesnej\/aktualnosci-23\/"},{"@type":"ListItem","position":6,"name":"14. Mi\u0119dzynarodowy Festiwal Perkusyjny &#8220;\u0179r\u00f3d\u0142a i Inspiracje&#8221; | 27-31.10.2023"}]},{"@type":"WebSite","@id":"https:\/\/www.amuz.krakow.pl\/#website","url":"https:\/\/www.amuz.krakow.pl\/","name":"Akademia Muzyczna im. Krzysztofa Pendereckiego w Krakowie","description":"Oficjalna strona Akademii Muzycznej im. Krzysztofa Pendereckiego w Krakowie (AMKP).","publisher":{"@id":"https:\/\/www.amuz.krakow.pl\/#organization"},"alternateName":"AMKP","potentialAction":[{"@type":"SearchAction","target":{"@type":"EntryPoint","urlTemplate":"https:\/\/www.amuz.krakow.pl\/?s={search_term_string}"},"query-input":{"@type":"PropertyValueSpecification","valueRequired":true,"valueName":"search_term_string"}}],"inLanguage":"en-US"},{"@type":"Organization","@id":"https:\/\/www.amuz.krakow.pl\/#organization","name":"Akademia Muzyczna im. Krzysztofa Pendereckiego w Krakowie","alternateName":"AMKP","url":"https:\/\/www.amuz.krakow.pl\/","logo":{"@type":"ImageObject","inLanguage":"en-US","@id":"https:\/\/www.amuz.krakow.pl\/#\/schema\/logo\/image\/","url":"https:\/\/www.amuz.krakow.pl\/wp-content\/uploads\/2021\/11\/amkp.jpg","contentUrl":"https:\/\/www.amuz.krakow.pl\/wp-content\/uploads\/2021\/11\/amkp.jpg","width":1193,"height":591,"caption":"Akademia Muzyczna im. Krzysztofa Pendereckiego w Krakowie"},"image":{"@id":"https:\/\/www.amuz.krakow.pl\/#\/schema\/logo\/image\/"},"sameAs":["https:\/\/www.facebook.com\/amuz.krakow","https:\/\/www.instagram.com\/amkpenderecki\/","https:\/\/www.youtube.com\/@amkpenderecki4806"]}]}},"_links":{"self":[{"href":"https:\/\/www.amuz.krakow.pl\/en\/wp-json\/wp\/v2\/pages\/78851","targetHints":{"allow":["GET"]}}],"collection":[{"href":"https:\/\/www.amuz.krakow.pl\/en\/wp-json\/wp\/v2\/pages"}],"about":[{"href":"https:\/\/www.amuz.krakow.pl\/en\/wp-json\/wp\/v2\/types\/page"}],"author":[{"embeddable":true,"href":"https:\/\/www.amuz.krakow.pl\/en\/wp-json\/wp\/v2\/users\/72"}],"replies":[{"embeddable":true,"href":"https:\/\/www.amuz.krakow.pl\/en\/wp-json\/wp\/v2\/comments?post=78851"}],"version-history":[{"count":27,"href":"https:\/\/www.amuz.krakow.pl\/en\/wp-json\/wp\/v2\/pages\/78851\/revisions"}],"predecessor-version":[{"id":82602,"href":"https:\/\/www.amuz.krakow.pl\/en\/wp-json\/wp\/v2\/pages\/78851\/revisions\/82602"}],"up":[{"embeddable":true,"href":"https:\/\/www.amuz.krakow.pl\/en\/wp-json\/wp\/v2\/pages\/77438"}],"wp:featuredmedia":[{"embeddable":true,"href":"https:\/\/www.amuz.krakow.pl\/en\/wp-json\/wp\/v2\/media\/78854"}],"wp:attachment":[{"href":"https:\/\/www.amuz.krakow.pl\/en\/wp-json\/wp\/v2\/media?parent=78851"}],"curies":[{"name":"wp","href":"https:\/\/api.w.org\/{rel}","templated":true}]}}