{"id":78760,"date":"2023-10-11T14:20:26","date_gmt":"2023-10-11T12:20:26","guid":{"rendered":"https:\/\/www.amuz.krakow.pl\/?page_id=78760"},"modified":"2024-01-29T14:39:02","modified_gmt":"2024-01-29T13:39:02","slug":"14-11-2023","status":"publish","type":"page","link":"https:\/\/www.amuz.krakow.pl\/en\/orkiestry-akademickie\/orkiestra-deta\/koncerty-2023-2024\/14-11-2023\/","title":{"rendered":"Wind Orchestra concert &#8220;Cinema evening with the eyes closed&#8221; | 14.11.2023"},"content":{"rendered":"<p><strong><img loading=\"lazy\" decoding=\"async\" class=\"aligncenter wp-image-77910 size-full\" src=\"https:\/\/www.amuz.krakow.pl\/wp-content\/uploads\/2023\/09\/WO.jpg\" alt=\"\" width=\"850\" height=\"425\" srcset=\"https:\/\/www.amuz.krakow.pl\/wp-content\/uploads\/2023\/09\/WO.jpg 850w, https:\/\/www.amuz.krakow.pl\/wp-content\/uploads\/2023\/09\/WO-300x150.jpg 300w, https:\/\/www.amuz.krakow.pl\/wp-content\/uploads\/2023\/09\/WO-768x384.jpg 768w\" sizes=\"auto, (max-width: 850px) 100vw, 850px\" \/><\/strong><\/p>\n<p>On the 14th November 2023 the AMKP Wind Orchestra is going to play a concert with <strong>Ania D\u0105browska and Bita Mad Project<\/strong> as part of the <strong>10th Polish Entrepreneurship Congress<\/strong> in ICE Congress Centre in Krak\u00f3w.<\/p>\n<p>Event closed, entrance only for the registered for the congress.<\/p>\n<p>&nbsp;<\/p>\n<p><span style=\"font-size: 12pt;\"><strong>Tuesday 14 November 2023<br \/>\nICE Congress Centre<br \/>\nKrzysztof Penderecki Auditorium Hall<br \/>\nul. Marii Konopnickiej 17<\/strong><\/span><\/p>\n<p><em><strong>Cinema evening with the eyes closed<\/strong><\/em><\/p>\n<p>Ennio Morricone (1928\u20132020) <em>Moment for Morricone<\/em> (arr. Johan de Meji)<br \/>\nNigel Hess (*1953) <em>Ladies in Lavender<br \/>\n<\/em>John Williams (*1932) Excerpts from <em>Far and away<\/em> (arr. Paul Lavender)<br \/>\nRichard Addinsell (1904\u20131977) <em>Warsaw concerto <\/em>for piano solo and band (arr. Willy Hautvast)<br \/>\nJohn Williams <em>Star Wars Trilogy<\/em> (arr. Donald Hunsberger)<br \/>\nChuck Mangione (*1940) <em>Children<\/em><em> of Sanchez<\/em><\/p>\n<p><strong>Jaros\u0142aw Ignaszak<\/strong> conductor<br \/>\n<strong>Karolina Krupa<\/strong> piano<br \/>\n<strong>AMKP Wind Orchestra<\/strong><\/p>\n<p><em>***<\/em><\/p>\n<p>Anna D\u0105browska (arr. Mateusz Szmigel)<em> Z Tob\u0105 nie umiem wygra\u0107<br \/>\n<\/em>Anna D\u0105browska (arr. Mateusz Szmigel)<em> Nigdy wi\u0119cej nie ta\u0144cz ze mn\u0105<br \/>\n<\/em>Anna D\u0105browska (arr. Mateusz Szmigel)<em> Bang Bang<\/em><\/p>\n<p><strong>Ania D\u0105browska<\/strong> voice<br \/>\n<strong>Jaros\u0142aw Ignaszak<\/strong> conductor<br \/>\n<strong>Karolina Krupa<\/strong> piano<\/p>\n<p><strong>Bita Mad Project<\/strong><br \/>\n<strong>AMKP Wind Orchestra<\/strong><\/p>\n<hr \/>\n<p><span style=\"font-size: 12pt;\"><strong>AMKP Wind Orchestra:<\/strong><\/span><\/p>\n<p><strong>Flety: <\/strong>Aleksandra Orzo\u0142, Anna Nar\u00f3g, Izabela Dobrowolska, Emilia Kubas, Marcel Konopka<br \/>\n<strong>Oboje: <\/strong>Mateusz Zaroty\u0144ski, Jan Dominik<br \/>\n<strong>Ro\u017cek angielski: <\/strong>Jakub Kramarz<br \/>\n<strong>Fagoty: <\/strong>Zofia Bandyk, Zuzanna Bielecka<br \/>\n<strong>Kontrafagot: <\/strong>Kateryna Kravetz<br \/>\n<strong>Klarnet Es: <\/strong>Kinga Patyk<br \/>\n<strong>Klarnety: <\/strong>Kamila Pawlik, Urszula Bizunowicz, Dominika Str\u00f3\u017cyk, Daniel Rosiek, Aleksandra Bartu\u015b, Jiahao Liu, Dominik Krywoborodenko, Pawe\u0142 Krupa, Zita Molnar, Kacper Szczepaniak<br \/>\n<strong>Klarnet Altowy: <\/strong>Zuzanna Bielecka<br \/>\n<strong>Klarnet basowy: <\/strong>Tomasz Dobija<br \/>\n<strong>Saksofony: <\/strong>Dawid Nowak, Marcin Sokole\u0144ko, Marcin Mas\u0142yk, Piotr Mako\u015b, Rafa\u0142 Opyd<br \/>\n<strong>Waltornie: <\/strong>Marcin Chruszcz, Magdalena Greszta, Marek Ryt, Marek Wery\u0144ski, Jan Mi\u0142owski<br \/>\n<strong>Tr\u0105bki: <\/strong>Maciej \u015aledziowski, Piotr Jurczak, Maciej Janusz, Mateusz Domek,\u00a0Monika Morawiec,\u00a0Szymon Stawiarski<br \/>\n<strong>Puzony: <\/strong>Natalia Matula, Ren Yanlin, Marcin Kukla<br \/>\n<strong>Eufonia: <\/strong>Aleksandra Cabaj, Kamil Da\u0144da<br \/>\n<strong>Tuby: <\/strong>Szymon Bia\u0142y,\u00a0Kacper G\u00f3rski, Wojciech G\u0142\u0105b<br \/>\n<strong>Harfa: <\/strong>Gabriela Dudziak<br \/>\n<strong>Fortepian: <\/strong>Le Quang Sinh<br \/>\n<strong>Kontrabas: <\/strong>Marcin Chatys<br \/>\n<strong>Perkusja: <\/strong>Antoni Jo\u0144ski,\u00a0Aleksander Ptak,\u00a0Maciej Tasior,\u00a0Kamil Chmielarczyk,\u00a0Ziemowit Go\u0142ojuch,\u00a0\u0141ukasz Dzierwa, Nathan Scibiwolk<br \/>\n<strong>Inspektor Orkiestry: <\/strong>Natalia Matula<\/p>\n<p><span style=\"font-size: 12pt;\"><strong>Zesp\u00f3\u0142 Bit Mad Project:<\/strong><\/span><\/p>\n<p><strong>Bartosz Zelek<\/strong> gitara elektryczna<br \/>\n<strong>Szymon \u0141\u0119czycki <\/strong>instrumenty klawiszowe<br \/>\n<strong>Mateusz Szmigel <\/strong>gitara basowa<br \/>\n<strong>Piotr Przewo\u017aniak <\/strong>perkusja<\/p>\n<p>&nbsp;<\/p>","protected":false},"excerpt":{"rendered":"<p>On the 14th November 2023 the AMKP Wind Orchestra is going to play a concert with Ania D\u0105browska and Bita Mad Project as part of the 10th Polish Entrepreneurship Congress&hellip; <a href=\"https:\/\/www.amuz.krakow.pl\/en\/orkiestry-akademickie\/orkiestra-deta\/koncerty-2023-2024\/14-11-2023\/\">Continue reading<\/a><\/p>\n","protected":false},"author":72,"featured_media":65137,"parent":78749,"menu_order":-1,"comment_status":"closed","ping_status":"closed","template":"","meta":{"footnotes":"","_links_to":"","_links_to_target":""},"class_list":["post-78760","page","type-page","status-publish","has-post-thumbnail","hentry"],"yoast_head":"<!-- This site is optimized with the Yoast SEO plugin v27.2 - https:\/\/yoast.com\/product\/yoast-seo-wordpress\/ -->\n<title>AMKP - Akademia Muzyczna im. Krzysztofa Pendereckiego w Krakowie<\/title>\n<meta name=\"robots\" content=\"index, follow, max-snippet:-1, max-image-preview:large, max-video-preview:-1\" \/>\n<link rel=\"canonical\" href=\"https:\/\/www.amuz.krakow.pl\/orkiestry-akademickie\/orkiestra-deta\/koncerty-2023-2024\/14-11-2023\/\" \/>\n<meta property=\"og:locale\" content=\"en_US\" \/>\n<meta property=\"og:type\" content=\"article\" \/>\n<meta property=\"og:title\" content=\"AMKP - Akademia Muzyczna im. Krzysztofa Pendereckiego w Krakowie\" \/>\n<meta property=\"og:description\" content=\"On the 14th November 2023 the AMKP Wind Orchestra is going to play a concert with Ania D\u0105browska and Bita Mad Project as part of the 10th Polish Entrepreneurship Congress&hellip; Continue reading\" \/>\n<meta property=\"og:url\" content=\"https:\/\/www.amuz.krakow.pl\/orkiestry-akademickie\/orkiestra-deta\/koncerty-2023-2024\/14-11-2023\/\" \/>\n<meta property=\"og:site_name\" content=\"Akademia Muzyczna im. Krzysztofa Pendereckiego w Krakowie\" \/>\n<meta property=\"article:publisher\" content=\"https:\/\/www.facebook.com\/amuz.krakow\" \/>\n<meta property=\"article:modified_time\" content=\"2024-01-29T13:39:02+00:00\" \/>\n<meta property=\"og:image\" content=\"https:\/\/www.amuz.krakow.pl\/wp-content\/uploads\/2022\/09\/orkiestra-deta-kafelek.jpg\" \/>\n\t<meta property=\"og:image:width\" content=\"850\" \/>\n\t<meta property=\"og:image:height\" content=\"425\" \/>\n\t<meta property=\"og:image:type\" content=\"image\/jpeg\" \/>\n<meta name=\"twitter:card\" content=\"summary_large_image\" \/>\n<meta name=\"twitter:label1\" content=\"Est. reading time\" \/>\n\t<meta name=\"twitter:data1\" content=\"3 minutes\" \/>\n<script type=\"application\/ld+json\" class=\"yoast-schema-graph\">{\"@context\":\"https:\/\/schema.org\",\"@graph\":[{\"@type\":\"WebPage\",\"@id\":\"https:\/\/www.amuz.krakow.pl\/orkiestry-akademickie\/orkiestra-deta\/koncerty-2023-2024\/14-11-2023\/\",\"url\":\"https:\/\/www.amuz.krakow.pl\/orkiestry-akademickie\/orkiestra-deta\/koncerty-2023-2024\/14-11-2023\/\",\"name\":\"AMKP - Akademia Muzyczna im. Krzysztofa Pendereckiego w Krakowie\",\"isPartOf\":{\"@id\":\"https:\/\/www.amuz.krakow.pl\/#website\"},\"primaryImageOfPage\":{\"@id\":\"https:\/\/www.amuz.krakow.pl\/orkiestry-akademickie\/orkiestra-deta\/koncerty-2023-2024\/14-11-2023\/#primaryimage\"},\"image\":{\"@id\":\"https:\/\/www.amuz.krakow.pl\/orkiestry-akademickie\/orkiestra-deta\/koncerty-2023-2024\/14-11-2023\/#primaryimage\"},\"thumbnailUrl\":\"https:\/\/www.amuz.krakow.pl\/wp-content\/uploads\/2022\/09\/orkiestra-deta-kafelek.jpg\",\"datePublished\":\"2023-10-11T12:20:26+00:00\",\"dateModified\":\"2024-01-29T13:39:02+00:00\",\"breadcrumb\":{\"@id\":\"https:\/\/www.amuz.krakow.pl\/orkiestry-akademickie\/orkiestra-deta\/koncerty-2023-2024\/14-11-2023\/#breadcrumb\"},\"inLanguage\":\"en-US\",\"potentialAction\":[{\"@type\":\"ReadAction\",\"target\":[\"https:\/\/www.amuz.krakow.pl\/orkiestry-akademickie\/orkiestra-deta\/koncerty-2023-2024\/14-11-2023\/\"]}]},{\"@type\":\"ImageObject\",\"inLanguage\":\"en-US\",\"@id\":\"https:\/\/www.amuz.krakow.pl\/orkiestry-akademickie\/orkiestra-deta\/koncerty-2023-2024\/14-11-2023\/#primaryimage\",\"url\":\"https:\/\/www.amuz.krakow.pl\/wp-content\/uploads\/2022\/09\/orkiestra-deta-kafelek.jpg\",\"contentUrl\":\"https:\/\/www.amuz.krakow.pl\/wp-content\/uploads\/2022\/09\/orkiestra-deta-kafelek.jpg\",\"width\":850,\"height\":425},{\"@type\":\"BreadcrumbList\",\"@id\":\"https:\/\/www.amuz.krakow.pl\/orkiestry-akademickie\/orkiestra-deta\/koncerty-2023-2024\/14-11-2023\/#breadcrumb\",\"itemListElement\":[{\"@type\":\"ListItem\",\"position\":1,\"name\":\"Strona g\u0142\u00f3wna\",\"item\":\"https:\/\/www.amuz.krakow.pl\/\"},{\"@type\":\"ListItem\",\"position\":2,\"name\":\"ORKIESTRY AKADEMICKIE I CH\u00d3R AMKP\",\"item\":\"https:\/\/www.amuz.krakow.pl\/orkiestry-akademickie\/\"},{\"@type\":\"ListItem\",\"position\":3,\"name\":\"Orkiestra D\u0119ta\",\"item\":\"https:\/\/www.amuz.krakow.pl\/orkiestry-akademickie\/orkiestra-deta\/\"},{\"@type\":\"ListItem\",\"position\":4,\"name\":\"Koncerty 2023\/2024\",\"item\":\"https:\/\/www.amuz.krakow.pl\/orkiestry-akademickie\/orkiestra-deta\/koncerty-2023-2024\/\"},{\"@type\":\"ListItem\",\"position\":5,\"name\":\"Koncert Orkiestry D\u0119tej &#8220;Wiecz\u00f3r kinowy z zamkni\u0119tymi oczami&#8221; | 14.11.2023\"}]},{\"@type\":\"WebSite\",\"@id\":\"https:\/\/www.amuz.krakow.pl\/#website\",\"url\":\"https:\/\/www.amuz.krakow.pl\/\",\"name\":\"Akademia Muzyczna im. Krzysztofa Pendereckiego w Krakowie\",\"description\":\"Oficjalna strona Akademii Muzycznej im. Krzysztofa Pendereckiego w Krakowie (AMKP).\",\"publisher\":{\"@id\":\"https:\/\/www.amuz.krakow.pl\/#organization\"},\"alternateName\":\"AMKP\",\"potentialAction\":[{\"@type\":\"SearchAction\",\"target\":{\"@type\":\"EntryPoint\",\"urlTemplate\":\"https:\/\/www.amuz.krakow.pl\/?s={search_term_string}\"},\"query-input\":{\"@type\":\"PropertyValueSpecification\",\"valueRequired\":true,\"valueName\":\"search_term_string\"}}],\"inLanguage\":\"en-US\"},{\"@type\":\"Organization\",\"@id\":\"https:\/\/www.amuz.krakow.pl\/#organization\",\"name\":\"Akademia Muzyczna im. Krzysztofa Pendereckiego w Krakowie\",\"alternateName\":\"AMKP\",\"url\":\"https:\/\/www.amuz.krakow.pl\/\",\"logo\":{\"@type\":\"ImageObject\",\"inLanguage\":\"en-US\",\"@id\":\"https:\/\/www.amuz.krakow.pl\/#\/schema\/logo\/image\/\",\"url\":\"https:\/\/www.amuz.krakow.pl\/wp-content\/uploads\/2021\/11\/amkp.jpg\",\"contentUrl\":\"https:\/\/www.amuz.krakow.pl\/wp-content\/uploads\/2021\/11\/amkp.jpg\",\"width\":1193,\"height\":591,\"caption\":\"Akademia Muzyczna im. Krzysztofa Pendereckiego w Krakowie\"},\"image\":{\"@id\":\"https:\/\/www.amuz.krakow.pl\/#\/schema\/logo\/image\/\"},\"sameAs\":[\"https:\/\/www.facebook.com\/amuz.krakow\",\"https:\/\/www.instagram.com\/amkpenderecki\/\",\"https:\/\/www.youtube.com\/@amkpenderecki4806\"]}]}<\/script>\n<!-- \/ Yoast SEO plugin. -->","yoast_head_json":{"title":"AMKP - Akademia Muzyczna im. Krzysztofa Pendereckiego w Krakowie","robots":{"index":"index","follow":"follow","max-snippet":"max-snippet:-1","max-image-preview":"max-image-preview:large","max-video-preview":"max-video-preview:-1"},"canonical":"https:\/\/www.amuz.krakow.pl\/orkiestry-akademickie\/orkiestra-deta\/koncerty-2023-2024\/14-11-2023\/","og_locale":"en_US","og_type":"article","og_title":"AMKP - Akademia Muzyczna im. Krzysztofa Pendereckiego w Krakowie","og_description":"On the 14th November 2023 the AMKP Wind Orchestra is going to play a concert with Ania D\u0105browska and Bita Mad Project as part of the 10th Polish Entrepreneurship Congress&hellip; Continue reading","og_url":"https:\/\/www.amuz.krakow.pl\/orkiestry-akademickie\/orkiestra-deta\/koncerty-2023-2024\/14-11-2023\/","og_site_name":"Akademia Muzyczna im. Krzysztofa Pendereckiego w Krakowie","article_publisher":"https:\/\/www.facebook.com\/amuz.krakow","article_modified_time":"2024-01-29T13:39:02+00:00","og_image":[{"width":850,"height":425,"url":"https:\/\/www.amuz.krakow.pl\/wp-content\/uploads\/2022\/09\/orkiestra-deta-kafelek.jpg","type":"image\/jpeg"}],"twitter_card":"summary_large_image","twitter_misc":{"Est. reading time":"3 minutes"},"schema":{"@context":"https:\/\/schema.org","@graph":[{"@type":"WebPage","@id":"https:\/\/www.amuz.krakow.pl\/orkiestry-akademickie\/orkiestra-deta\/koncerty-2023-2024\/14-11-2023\/","url":"https:\/\/www.amuz.krakow.pl\/orkiestry-akademickie\/orkiestra-deta\/koncerty-2023-2024\/14-11-2023\/","name":"AMKP - Akademia Muzyczna im. Krzysztofa Pendereckiego w Krakowie","isPartOf":{"@id":"https:\/\/www.amuz.krakow.pl\/#website"},"primaryImageOfPage":{"@id":"https:\/\/www.amuz.krakow.pl\/orkiestry-akademickie\/orkiestra-deta\/koncerty-2023-2024\/14-11-2023\/#primaryimage"},"image":{"@id":"https:\/\/www.amuz.krakow.pl\/orkiestry-akademickie\/orkiestra-deta\/koncerty-2023-2024\/14-11-2023\/#primaryimage"},"thumbnailUrl":"https:\/\/www.amuz.krakow.pl\/wp-content\/uploads\/2022\/09\/orkiestra-deta-kafelek.jpg","datePublished":"2023-10-11T12:20:26+00:00","dateModified":"2024-01-29T13:39:02+00:00","breadcrumb":{"@id":"https:\/\/www.amuz.krakow.pl\/orkiestry-akademickie\/orkiestra-deta\/koncerty-2023-2024\/14-11-2023\/#breadcrumb"},"inLanguage":"en-US","potentialAction":[{"@type":"ReadAction","target":["https:\/\/www.amuz.krakow.pl\/orkiestry-akademickie\/orkiestra-deta\/koncerty-2023-2024\/14-11-2023\/"]}]},{"@type":"ImageObject","inLanguage":"en-US","@id":"https:\/\/www.amuz.krakow.pl\/orkiestry-akademickie\/orkiestra-deta\/koncerty-2023-2024\/14-11-2023\/#primaryimage","url":"https:\/\/www.amuz.krakow.pl\/wp-content\/uploads\/2022\/09\/orkiestra-deta-kafelek.jpg","contentUrl":"https:\/\/www.amuz.krakow.pl\/wp-content\/uploads\/2022\/09\/orkiestra-deta-kafelek.jpg","width":850,"height":425},{"@type":"BreadcrumbList","@id":"https:\/\/www.amuz.krakow.pl\/orkiestry-akademickie\/orkiestra-deta\/koncerty-2023-2024\/14-11-2023\/#breadcrumb","itemListElement":[{"@type":"ListItem","position":1,"name":"Strona g\u0142\u00f3wna","item":"https:\/\/www.amuz.krakow.pl\/"},{"@type":"ListItem","position":2,"name":"ORKIESTRY AKADEMICKIE I CH\u00d3R AMKP","item":"https:\/\/www.amuz.krakow.pl\/orkiestry-akademickie\/"},{"@type":"ListItem","position":3,"name":"Orkiestra D\u0119ta","item":"https:\/\/www.amuz.krakow.pl\/orkiestry-akademickie\/orkiestra-deta\/"},{"@type":"ListItem","position":4,"name":"Koncerty 2023\/2024","item":"https:\/\/www.amuz.krakow.pl\/orkiestry-akademickie\/orkiestra-deta\/koncerty-2023-2024\/"},{"@type":"ListItem","position":5,"name":"Koncert Orkiestry D\u0119tej &#8220;Wiecz\u00f3r kinowy z zamkni\u0119tymi oczami&#8221; | 14.11.2023"}]},{"@type":"WebSite","@id":"https:\/\/www.amuz.krakow.pl\/#website","url":"https:\/\/www.amuz.krakow.pl\/","name":"Akademia Muzyczna im. Krzysztofa Pendereckiego w Krakowie","description":"Oficjalna strona Akademii Muzycznej im. Krzysztofa Pendereckiego w Krakowie (AMKP).","publisher":{"@id":"https:\/\/www.amuz.krakow.pl\/#organization"},"alternateName":"AMKP","potentialAction":[{"@type":"SearchAction","target":{"@type":"EntryPoint","urlTemplate":"https:\/\/www.amuz.krakow.pl\/?s={search_term_string}"},"query-input":{"@type":"PropertyValueSpecification","valueRequired":true,"valueName":"search_term_string"}}],"inLanguage":"en-US"},{"@type":"Organization","@id":"https:\/\/www.amuz.krakow.pl\/#organization","name":"Akademia Muzyczna im. Krzysztofa Pendereckiego w Krakowie","alternateName":"AMKP","url":"https:\/\/www.amuz.krakow.pl\/","logo":{"@type":"ImageObject","inLanguage":"en-US","@id":"https:\/\/www.amuz.krakow.pl\/#\/schema\/logo\/image\/","url":"https:\/\/www.amuz.krakow.pl\/wp-content\/uploads\/2021\/11\/amkp.jpg","contentUrl":"https:\/\/www.amuz.krakow.pl\/wp-content\/uploads\/2021\/11\/amkp.jpg","width":1193,"height":591,"caption":"Akademia Muzyczna im. Krzysztofa Pendereckiego w Krakowie"},"image":{"@id":"https:\/\/www.amuz.krakow.pl\/#\/schema\/logo\/image\/"},"sameAs":["https:\/\/www.facebook.com\/amuz.krakow","https:\/\/www.instagram.com\/amkpenderecki\/","https:\/\/www.youtube.com\/@amkpenderecki4806"]}]}},"_links":{"self":[{"href":"https:\/\/www.amuz.krakow.pl\/en\/wp-json\/wp\/v2\/pages\/78760","targetHints":{"allow":["GET"]}}],"collection":[{"href":"https:\/\/www.amuz.krakow.pl\/en\/wp-json\/wp\/v2\/pages"}],"about":[{"href":"https:\/\/www.amuz.krakow.pl\/en\/wp-json\/wp\/v2\/types\/page"}],"author":[{"embeddable":true,"href":"https:\/\/www.amuz.krakow.pl\/en\/wp-json\/wp\/v2\/users\/72"}],"replies":[{"embeddable":true,"href":"https:\/\/www.amuz.krakow.pl\/en\/wp-json\/wp\/v2\/comments?post=78760"}],"version-history":[{"count":10,"href":"https:\/\/www.amuz.krakow.pl\/en\/wp-json\/wp\/v2\/pages\/78760\/revisions"}],"predecessor-version":[{"id":79804,"href":"https:\/\/www.amuz.krakow.pl\/en\/wp-json\/wp\/v2\/pages\/78760\/revisions\/79804"}],"up":[{"embeddable":true,"href":"https:\/\/www.amuz.krakow.pl\/en\/wp-json\/wp\/v2\/pages\/78749"}],"wp:featuredmedia":[{"embeddable":true,"href":"https:\/\/www.amuz.krakow.pl\/en\/wp-json\/wp\/v2\/media\/65137"}],"wp:attachment":[{"href":"https:\/\/www.amuz.krakow.pl\/en\/wp-json\/wp\/v2\/media?parent=78760"}],"curies":[{"name":"wp","href":"https:\/\/api.w.org\/{rel}","templated":true}]}}