{"id":78623,"date":"2023-10-09T13:07:02","date_gmt":"2023-10-09T11:07:02","guid":{"rendered":"https:\/\/www.amuz.krakow.pl\/?page_id=78623"},"modified":"2023-10-11T12:00:23","modified_gmt":"2023-10-11T10:00:23","slug":"xviii-organowe-matinee-w-wykonaniu-karoliny-kusz-upjpii-oraz-miriam-wojciak-upjpii-amkp","status":"publish","type":"page","link":"https:\/\/www.amuz.krakow.pl\/en\/wydzialy\/wydzial-ii-instrumentalny\/katedra-organow\/aktualnosci-23\/xviii-organowe-matinee-w-wykonaniu-karoliny-kusz-upjpii-oraz-miriam-wojciak-upjpii-amkp\/","title":{"rendered":"XVIII Organowe Matin\u00e9e w wykonaniu Karoliny Kusz (UPJPII) oraz Miriam W\u00f3jciak (UPJPII\/AMKP) | 15.10.2023"},"content":{"rendered":"<p><a href=\"https:\/\/www.amuz.krakow.pl\/wp-content\/uploads\/2023\/10\/organowy-plakat-15-10-1.jpg\"><img loading=\"lazy\" decoding=\"async\" class=\"aligncenter wp-image-78707 size-full\" src=\"https:\/\/www.amuz.krakow.pl\/wp-content\/uploads\/2023\/10\/organowy-plakat-15-10-1.jpg\" alt=\"\" width=\"1389\" height=\"1956\" srcset=\"https:\/\/www.amuz.krakow.pl\/wp-content\/uploads\/2023\/10\/organowy-plakat-15-10-1.jpg 1389w, https:\/\/www.amuz.krakow.pl\/wp-content\/uploads\/2023\/10\/organowy-plakat-15-10-1-213x300.jpg 213w, https:\/\/www.amuz.krakow.pl\/wp-content\/uploads\/2023\/10\/organowy-plakat-15-10-1-768x1082.jpg 768w, https:\/\/www.amuz.krakow.pl\/wp-content\/uploads\/2023\/10\/organowy-plakat-15-10-1-1091x1536.jpg 1091w\" sizes=\"auto, (max-width: 1389px) 100vw, 1389px\" \/><\/a><\/p>\n<p>Serdecznie zapraszamy na osiemnaste Organowe Matin\u00e9e, organizowane przez Organowe Ko\u0142o Naukowe &#8220;Zecer&#8221; i Ojc\u00f3w Jezuit\u00f3w. Wykonaj\u0105 je <strong>Karolina Kusz<\/strong>, studentka Uniwersytetu Papieskiego Jana Paw\u0142a II w Krakowie, oraz studentka Akademii Muzycznej im. Krzysztofa Pendereckiego w Krakowie i Uniwersytetu Papieskiego Jana Paw\u0142a II &#8211; <strong>Miriam W\u00f3jciak<\/strong>. Organistki tworz\u0105 zesp\u00f3\u0142 organowy <strong>&#8220;Duo Tropicale&#8221;<\/strong>.<\/p>\n<p>W programie utwory takich kompozytor\u00f3w jak: J. Ernst Prinz von Sachsen-Weimar &#8211; J.S. Bach. G. Merkel, J. Rutter. Koncert odb\u0119dzie si\u0119 15.10.2023 o godz. 13:30 (po Mszy \u015awi\u0119tej o godz. 12:30) w Bazylice Naj\u015bwi\u0119tszego Serca Pana Jezusa OO. Jezuit\u00f3w w Krakowie, ul. Kopernika 26.<\/p>\n<p><span style=\"font-size: 12pt;\"><strong>15 pa\u017adziernika 2023, 13:30<\/strong><\/span><br \/>\n<span style=\"font-size: 12pt;\"><strong>Bazylika Jezuit\u00f3w<\/strong><\/span><br \/>\n<span style=\"font-size: 12pt;\"><strong>ul.\u00a0Kopernika 26<\/strong><\/span><\/p>\n<p>W programie utwory: Johanna Ernsta Prinza von Sachsen-Weimara &#8211; Jana Sebastiana Bacha, Gustava Merkla, Johna Ruttera<\/p>\n","protected":false},"excerpt":{"rendered":"<p>Serdecznie zapraszamy na osiemnaste Organowe Matin\u00e9e, organizowane przez Organowe Ko\u0142o Naukowe &#8220;Zecer&#8221; i Ojc\u00f3w Jezuit\u00f3w. Wykonaj\u0105 je Karolina Kusz, studentka Uniwersytetu Papieskiego Jana Paw\u0142a II w Krakowie, oraz studentka Akademii&hellip; <a href=\"https:\/\/www.amuz.krakow.pl\/en\/wydzialy\/wydzial-ii-instrumentalny\/katedra-organow\/aktualnosci-23\/xviii-organowe-matinee-w-wykonaniu-karoliny-kusz-upjpii-oraz-miriam-wojciak-upjpii-amkp\/\">Continue reading<\/a><\/p>\n","protected":false},"author":72,"featured_media":60301,"parent":77426,"menu_order":-2,"comment_status":"closed","ping_status":"closed","template":"","meta":{"footnotes":"","_links_to":"","_links_to_target":""},"class_list":["post-78623","page","type-page","status-publish","has-post-thumbnail","hentry"],"yoast_head":"<!-- This site is optimized with the Yoast SEO plugin v27.4 - https:\/\/yoast.com\/product\/yoast-seo-wordpress\/ -->\n<title>AMKP - Akademia Muzyczna im. Krzysztofa Pendereckiego w Krakowie<\/title>\n<meta name=\"robots\" content=\"index, follow, max-snippet:-1, max-image-preview:large, max-video-preview:-1\" \/>\n<link rel=\"canonical\" href=\"https:\/\/www.amuz.krakow.pl\/wydzialy\/wydzial-ii-instrumentalny\/katedra-organow\/aktualnosci-23\/xviii-organowe-matinee-w-wykonaniu-karoliny-kusz-upjpii-oraz-miriam-wojciak-upjpii-amkp\/\" \/>\n<meta property=\"og:locale\" content=\"en_US\" \/>\n<meta property=\"og:type\" content=\"article\" \/>\n<meta property=\"og:title\" content=\"AMKP - Akademia Muzyczna im. Krzysztofa Pendereckiego w Krakowie\" \/>\n<meta property=\"og:description\" content=\"Serdecznie zapraszamy na osiemnaste Organowe Matin\u00e9e, organizowane przez Organowe Ko\u0142o Naukowe &#8220;Zecer&#8221; i Ojc\u00f3w Jezuit\u00f3w. Wykonaj\u0105 je Karolina Kusz, studentka Uniwersytetu Papieskiego Jana Paw\u0142a II w Krakowie, oraz studentka Akademii&hellip; Continue reading\" \/>\n<meta property=\"og:url\" content=\"https:\/\/www.amuz.krakow.pl\/wydzialy\/wydzial-ii-instrumentalny\/katedra-organow\/aktualnosci-23\/xviii-organowe-matinee-w-wykonaniu-karoliny-kusz-upjpii-oraz-miriam-wojciak-upjpii-amkp\/\" \/>\n<meta property=\"og:site_name\" content=\"Akademia Muzyczna im. Krzysztofa Pendereckiego w Krakowie\" \/>\n<meta property=\"article:publisher\" content=\"https:\/\/www.facebook.com\/amuz.krakow\" \/>\n<meta property=\"article:modified_time\" content=\"2023-10-11T10:00:23+00:00\" \/>\n<meta property=\"og:image\" content=\"https:\/\/www.amuz.krakow.pl\/wp-content\/uploads\/2022\/04\/organowy-matinee-www.jpg\" \/>\n\t<meta property=\"og:image:width\" content=\"1134\" \/>\n\t<meta property=\"og:image:height\" content=\"567\" \/>\n\t<meta property=\"og:image:type\" content=\"image\/jpeg\" \/>\n<meta name=\"twitter:card\" content=\"summary_large_image\" \/>\n<meta name=\"twitter:label1\" content=\"Est. reading time\" \/>\n\t<meta name=\"twitter:data1\" content=\"1 minute\" \/>\n<script type=\"application\/ld+json\" class=\"yoast-schema-graph\">{\"@context\":\"https:\\\/\\\/schema.org\",\"@graph\":[{\"@type\":\"WebPage\",\"@id\":\"https:\\\/\\\/www.amuz.krakow.pl\\\/wydzialy\\\/wydzial-ii-instrumentalny\\\/katedra-organow\\\/aktualnosci-23\\\/xviii-organowe-matinee-w-wykonaniu-karoliny-kusz-upjpii-oraz-miriam-wojciak-upjpii-amkp\\\/\",\"url\":\"https:\\\/\\\/www.amuz.krakow.pl\\\/wydzialy\\\/wydzial-ii-instrumentalny\\\/katedra-organow\\\/aktualnosci-23\\\/xviii-organowe-matinee-w-wykonaniu-karoliny-kusz-upjpii-oraz-miriam-wojciak-upjpii-amkp\\\/\",\"name\":\"AMKP - Akademia Muzyczna im. Krzysztofa Pendereckiego w Krakowie\",\"isPartOf\":{\"@id\":\"https:\\\/\\\/www.amuz.krakow.pl\\\/#website\"},\"primaryImageOfPage\":{\"@id\":\"https:\\\/\\\/www.amuz.krakow.pl\\\/wydzialy\\\/wydzial-ii-instrumentalny\\\/katedra-organow\\\/aktualnosci-23\\\/xviii-organowe-matinee-w-wykonaniu-karoliny-kusz-upjpii-oraz-miriam-wojciak-upjpii-amkp\\\/#primaryimage\"},\"image\":{\"@id\":\"https:\\\/\\\/www.amuz.krakow.pl\\\/wydzialy\\\/wydzial-ii-instrumentalny\\\/katedra-organow\\\/aktualnosci-23\\\/xviii-organowe-matinee-w-wykonaniu-karoliny-kusz-upjpii-oraz-miriam-wojciak-upjpii-amkp\\\/#primaryimage\"},\"thumbnailUrl\":\"https:\\\/\\\/www.amuz.krakow.pl\\\/wp-content\\\/uploads\\\/2022\\\/04\\\/organowy-matinee-www.jpg\",\"datePublished\":\"2023-10-09T11:07:02+00:00\",\"dateModified\":\"2023-10-11T10:00:23+00:00\",\"breadcrumb\":{\"@id\":\"https:\\\/\\\/www.amuz.krakow.pl\\\/wydzialy\\\/wydzial-ii-instrumentalny\\\/katedra-organow\\\/aktualnosci-23\\\/xviii-organowe-matinee-w-wykonaniu-karoliny-kusz-upjpii-oraz-miriam-wojciak-upjpii-amkp\\\/#breadcrumb\"},\"inLanguage\":\"en-US\",\"potentialAction\":[{\"@type\":\"ReadAction\",\"target\":[\"https:\\\/\\\/www.amuz.krakow.pl\\\/wydzialy\\\/wydzial-ii-instrumentalny\\\/katedra-organow\\\/aktualnosci-23\\\/xviii-organowe-matinee-w-wykonaniu-karoliny-kusz-upjpii-oraz-miriam-wojciak-upjpii-amkp\\\/\"]}]},{\"@type\":\"ImageObject\",\"inLanguage\":\"en-US\",\"@id\":\"https:\\\/\\\/www.amuz.krakow.pl\\\/wydzialy\\\/wydzial-ii-instrumentalny\\\/katedra-organow\\\/aktualnosci-23\\\/xviii-organowe-matinee-w-wykonaniu-karoliny-kusz-upjpii-oraz-miriam-wojciak-upjpii-amkp\\\/#primaryimage\",\"url\":\"https:\\\/\\\/www.amuz.krakow.pl\\\/wp-content\\\/uploads\\\/2022\\\/04\\\/organowy-matinee-www.jpg\",\"contentUrl\":\"https:\\\/\\\/www.amuz.krakow.pl\\\/wp-content\\\/uploads\\\/2022\\\/04\\\/organowy-matinee-www.jpg\",\"width\":1134,\"height\":567},{\"@type\":\"BreadcrumbList\",\"@id\":\"https:\\\/\\\/www.amuz.krakow.pl\\\/wydzialy\\\/wydzial-ii-instrumentalny\\\/katedra-organow\\\/aktualnosci-23\\\/xviii-organowe-matinee-w-wykonaniu-karoliny-kusz-upjpii-oraz-miriam-wojciak-upjpii-amkp\\\/#breadcrumb\",\"itemListElement\":[{\"@type\":\"ListItem\",\"position\":1,\"name\":\"Strona g\u0142\u00f3wna\",\"item\":\"https:\\\/\\\/www.amuz.krakow.pl\\\/\"},{\"@type\":\"ListItem\",\"position\":2,\"name\":\"WYDZIA\u0141Y\",\"item\":\"https:\\\/\\\/www.amuz.krakow.pl\\\/wydzialy\\\/\"},{\"@type\":\"ListItem\",\"position\":3,\"name\":\"Wydzia\u0142 Instrumentalny\",\"item\":\"https:\\\/\\\/www.amuz.krakow.pl\\\/wydzialy\\\/wydzial-ii-instrumentalny\\\/\"},{\"@type\":\"ListItem\",\"position\":4,\"name\":\"Katedra Organ\u00f3w\",\"item\":\"https:\\\/\\\/www.amuz.krakow.pl\\\/wydzialy\\\/wydzial-ii-instrumentalny\\\/katedra-organow\\\/\"},{\"@type\":\"ListItem\",\"position\":5,\"name\":\"Archiwum wydarze\u0144 2023\\\/2024\",\"item\":\"https:\\\/\\\/www.amuz.krakow.pl\\\/wydzialy\\\/wydzial-ii-instrumentalny\\\/katedra-organow\\\/aktualnosci-23\\\/\"},{\"@type\":\"ListItem\",\"position\":6,\"name\":\"XVIII Organowe Matin\u00e9e w wykonaniu Karoliny Kusz (UPJPII) oraz Miriam W\u00f3jciak (UPJPII\\\/AMKP) | 15.10.2023\"}]},{\"@type\":\"WebSite\",\"@id\":\"https:\\\/\\\/www.amuz.krakow.pl\\\/#website\",\"url\":\"https:\\\/\\\/www.amuz.krakow.pl\\\/\",\"name\":\"Akademia Muzyczna im. Krzysztofa Pendereckiego w Krakowie\",\"description\":\"Oficjalna strona Akademii Muzycznej im. Krzysztofa Pendereckiego w Krakowie (AMKP).\",\"publisher\":{\"@id\":\"https:\\\/\\\/www.amuz.krakow.pl\\\/#organization\"},\"alternateName\":\"AMKP\",\"potentialAction\":[{\"@type\":\"SearchAction\",\"target\":{\"@type\":\"EntryPoint\",\"urlTemplate\":\"https:\\\/\\\/www.amuz.krakow.pl\\\/?s={search_term_string}\"},\"query-input\":{\"@type\":\"PropertyValueSpecification\",\"valueRequired\":true,\"valueName\":\"search_term_string\"}}],\"inLanguage\":\"en-US\"},{\"@type\":\"Organization\",\"@id\":\"https:\\\/\\\/www.amuz.krakow.pl\\\/#organization\",\"name\":\"Akademia Muzyczna im. Krzysztofa Pendereckiego w Krakowie\",\"alternateName\":\"AMKP\",\"url\":\"https:\\\/\\\/www.amuz.krakow.pl\\\/\",\"logo\":{\"@type\":\"ImageObject\",\"inLanguage\":\"en-US\",\"@id\":\"https:\\\/\\\/www.amuz.krakow.pl\\\/#\\\/schema\\\/logo\\\/image\\\/\",\"url\":\"https:\\\/\\\/www.amuz.krakow.pl\\\/wp-content\\\/uploads\\\/2021\\\/11\\\/amkp.jpg\",\"contentUrl\":\"https:\\\/\\\/www.amuz.krakow.pl\\\/wp-content\\\/uploads\\\/2021\\\/11\\\/amkp.jpg\",\"width\":1193,\"height\":591,\"caption\":\"Akademia Muzyczna im. Krzysztofa Pendereckiego w Krakowie\"},\"image\":{\"@id\":\"https:\\\/\\\/www.amuz.krakow.pl\\\/#\\\/schema\\\/logo\\\/image\\\/\"},\"sameAs\":[\"https:\\\/\\\/www.facebook.com\\\/amuz.krakow\",\"https:\\\/\\\/www.instagram.com\\\/amkpenderecki\\\/\",\"https:\\\/\\\/www.youtube.com\\\/@amkpenderecki4806\"]}]}<\/script>\n<!-- \/ Yoast SEO plugin. -->","yoast_head_json":{"title":"AMKP - Akademia Muzyczna im. Krzysztofa Pendereckiego w Krakowie","robots":{"index":"index","follow":"follow","max-snippet":"max-snippet:-1","max-image-preview":"max-image-preview:large","max-video-preview":"max-video-preview:-1"},"canonical":"https:\/\/www.amuz.krakow.pl\/wydzialy\/wydzial-ii-instrumentalny\/katedra-organow\/aktualnosci-23\/xviii-organowe-matinee-w-wykonaniu-karoliny-kusz-upjpii-oraz-miriam-wojciak-upjpii-amkp\/","og_locale":"en_US","og_type":"article","og_title":"AMKP - Akademia Muzyczna im. Krzysztofa Pendereckiego w Krakowie","og_description":"Serdecznie zapraszamy na osiemnaste Organowe Matin\u00e9e, organizowane przez Organowe Ko\u0142o Naukowe &#8220;Zecer&#8221; i Ojc\u00f3w Jezuit\u00f3w. Wykonaj\u0105 je Karolina Kusz, studentka Uniwersytetu Papieskiego Jana Paw\u0142a II w Krakowie, oraz studentka Akademii&hellip; Continue reading","og_url":"https:\/\/www.amuz.krakow.pl\/wydzialy\/wydzial-ii-instrumentalny\/katedra-organow\/aktualnosci-23\/xviii-organowe-matinee-w-wykonaniu-karoliny-kusz-upjpii-oraz-miriam-wojciak-upjpii-amkp\/","og_site_name":"Akademia Muzyczna im. Krzysztofa Pendereckiego w Krakowie","article_publisher":"https:\/\/www.facebook.com\/amuz.krakow","article_modified_time":"2023-10-11T10:00:23+00:00","og_image":[{"width":1134,"height":567,"url":"https:\/\/www.amuz.krakow.pl\/wp-content\/uploads\/2022\/04\/organowy-matinee-www.jpg","type":"image\/jpeg"}],"twitter_card":"summary_large_image","twitter_misc":{"Est. reading time":"1 minute"},"schema":{"@context":"https:\/\/schema.org","@graph":[{"@type":"WebPage","@id":"https:\/\/www.amuz.krakow.pl\/wydzialy\/wydzial-ii-instrumentalny\/katedra-organow\/aktualnosci-23\/xviii-organowe-matinee-w-wykonaniu-karoliny-kusz-upjpii-oraz-miriam-wojciak-upjpii-amkp\/","url":"https:\/\/www.amuz.krakow.pl\/wydzialy\/wydzial-ii-instrumentalny\/katedra-organow\/aktualnosci-23\/xviii-organowe-matinee-w-wykonaniu-karoliny-kusz-upjpii-oraz-miriam-wojciak-upjpii-amkp\/","name":"AMKP - Akademia Muzyczna im. Krzysztofa Pendereckiego w Krakowie","isPartOf":{"@id":"https:\/\/www.amuz.krakow.pl\/#website"},"primaryImageOfPage":{"@id":"https:\/\/www.amuz.krakow.pl\/wydzialy\/wydzial-ii-instrumentalny\/katedra-organow\/aktualnosci-23\/xviii-organowe-matinee-w-wykonaniu-karoliny-kusz-upjpii-oraz-miriam-wojciak-upjpii-amkp\/#primaryimage"},"image":{"@id":"https:\/\/www.amuz.krakow.pl\/wydzialy\/wydzial-ii-instrumentalny\/katedra-organow\/aktualnosci-23\/xviii-organowe-matinee-w-wykonaniu-karoliny-kusz-upjpii-oraz-miriam-wojciak-upjpii-amkp\/#primaryimage"},"thumbnailUrl":"https:\/\/www.amuz.krakow.pl\/wp-content\/uploads\/2022\/04\/organowy-matinee-www.jpg","datePublished":"2023-10-09T11:07:02+00:00","dateModified":"2023-10-11T10:00:23+00:00","breadcrumb":{"@id":"https:\/\/www.amuz.krakow.pl\/wydzialy\/wydzial-ii-instrumentalny\/katedra-organow\/aktualnosci-23\/xviii-organowe-matinee-w-wykonaniu-karoliny-kusz-upjpii-oraz-miriam-wojciak-upjpii-amkp\/#breadcrumb"},"inLanguage":"en-US","potentialAction":[{"@type":"ReadAction","target":["https:\/\/www.amuz.krakow.pl\/wydzialy\/wydzial-ii-instrumentalny\/katedra-organow\/aktualnosci-23\/xviii-organowe-matinee-w-wykonaniu-karoliny-kusz-upjpii-oraz-miriam-wojciak-upjpii-amkp\/"]}]},{"@type":"ImageObject","inLanguage":"en-US","@id":"https:\/\/www.amuz.krakow.pl\/wydzialy\/wydzial-ii-instrumentalny\/katedra-organow\/aktualnosci-23\/xviii-organowe-matinee-w-wykonaniu-karoliny-kusz-upjpii-oraz-miriam-wojciak-upjpii-amkp\/#primaryimage","url":"https:\/\/www.amuz.krakow.pl\/wp-content\/uploads\/2022\/04\/organowy-matinee-www.jpg","contentUrl":"https:\/\/www.amuz.krakow.pl\/wp-content\/uploads\/2022\/04\/organowy-matinee-www.jpg","width":1134,"height":567},{"@type":"BreadcrumbList","@id":"https:\/\/www.amuz.krakow.pl\/wydzialy\/wydzial-ii-instrumentalny\/katedra-organow\/aktualnosci-23\/xviii-organowe-matinee-w-wykonaniu-karoliny-kusz-upjpii-oraz-miriam-wojciak-upjpii-amkp\/#breadcrumb","itemListElement":[{"@type":"ListItem","position":1,"name":"Strona g\u0142\u00f3wna","item":"https:\/\/www.amuz.krakow.pl\/"},{"@type":"ListItem","position":2,"name":"WYDZIA\u0141Y","item":"https:\/\/www.amuz.krakow.pl\/wydzialy\/"},{"@type":"ListItem","position":3,"name":"Wydzia\u0142 Instrumentalny","item":"https:\/\/www.amuz.krakow.pl\/wydzialy\/wydzial-ii-instrumentalny\/"},{"@type":"ListItem","position":4,"name":"Katedra Organ\u00f3w","item":"https:\/\/www.amuz.krakow.pl\/wydzialy\/wydzial-ii-instrumentalny\/katedra-organow\/"},{"@type":"ListItem","position":5,"name":"Archiwum wydarze\u0144 2023\/2024","item":"https:\/\/www.amuz.krakow.pl\/wydzialy\/wydzial-ii-instrumentalny\/katedra-organow\/aktualnosci-23\/"},{"@type":"ListItem","position":6,"name":"XVIII Organowe Matin\u00e9e w wykonaniu Karoliny Kusz (UPJPII) oraz Miriam W\u00f3jciak (UPJPII\/AMKP) | 15.10.2023"}]},{"@type":"WebSite","@id":"https:\/\/www.amuz.krakow.pl\/#website","url":"https:\/\/www.amuz.krakow.pl\/","name":"Akademia Muzyczna im. Krzysztofa Pendereckiego w Krakowie","description":"Oficjalna strona Akademii Muzycznej im. Krzysztofa Pendereckiego w Krakowie (AMKP).","publisher":{"@id":"https:\/\/www.amuz.krakow.pl\/#organization"},"alternateName":"AMKP","potentialAction":[{"@type":"SearchAction","target":{"@type":"EntryPoint","urlTemplate":"https:\/\/www.amuz.krakow.pl\/?s={search_term_string}"},"query-input":{"@type":"PropertyValueSpecification","valueRequired":true,"valueName":"search_term_string"}}],"inLanguage":"en-US"},{"@type":"Organization","@id":"https:\/\/www.amuz.krakow.pl\/#organization","name":"Akademia Muzyczna im. Krzysztofa Pendereckiego w Krakowie","alternateName":"AMKP","url":"https:\/\/www.amuz.krakow.pl\/","logo":{"@type":"ImageObject","inLanguage":"en-US","@id":"https:\/\/www.amuz.krakow.pl\/#\/schema\/logo\/image\/","url":"https:\/\/www.amuz.krakow.pl\/wp-content\/uploads\/2021\/11\/amkp.jpg","contentUrl":"https:\/\/www.amuz.krakow.pl\/wp-content\/uploads\/2021\/11\/amkp.jpg","width":1193,"height":591,"caption":"Akademia Muzyczna im. Krzysztofa Pendereckiego w Krakowie"},"image":{"@id":"https:\/\/www.amuz.krakow.pl\/#\/schema\/logo\/image\/"},"sameAs":["https:\/\/www.facebook.com\/amuz.krakow","https:\/\/www.instagram.com\/amkpenderecki\/","https:\/\/www.youtube.com\/@amkpenderecki4806"]}]}},"_links":{"self":[{"href":"https:\/\/www.amuz.krakow.pl\/en\/wp-json\/wp\/v2\/pages\/78623","targetHints":{"allow":["GET"]}}],"collection":[{"href":"https:\/\/www.amuz.krakow.pl\/en\/wp-json\/wp\/v2\/pages"}],"about":[{"href":"https:\/\/www.amuz.krakow.pl\/en\/wp-json\/wp\/v2\/types\/page"}],"author":[{"embeddable":true,"href":"https:\/\/www.amuz.krakow.pl\/en\/wp-json\/wp\/v2\/users\/72"}],"replies":[{"embeddable":true,"href":"https:\/\/www.amuz.krakow.pl\/en\/wp-json\/wp\/v2\/comments?post=78623"}],"version-history":[{"count":8,"href":"https:\/\/www.amuz.krakow.pl\/en\/wp-json\/wp\/v2\/pages\/78623\/revisions"}],"predecessor-version":[{"id":78709,"href":"https:\/\/www.amuz.krakow.pl\/en\/wp-json\/wp\/v2\/pages\/78623\/revisions\/78709"}],"up":[{"embeddable":true,"href":"https:\/\/www.amuz.krakow.pl\/en\/wp-json\/wp\/v2\/pages\/77426"}],"wp:featuredmedia":[{"embeddable":true,"href":"https:\/\/www.amuz.krakow.pl\/en\/wp-json\/wp\/v2\/media\/60301"}],"wp:attachment":[{"href":"https:\/\/www.amuz.krakow.pl\/en\/wp-json\/wp\/v2\/media?parent=78623"}],"curies":[{"name":"wp","href":"https:\/\/api.w.org\/{rel}","templated":true}]}}