{"id":78281,"date":"2023-09-28T12:39:20","date_gmt":"2023-09-28T10:39:20","guid":{"rendered":"https:\/\/www.amuz.krakow.pl\/?page_id=78281"},"modified":"2025-01-15T14:57:53","modified_gmt":"2025-01-15T13:57:53","slug":"regulamin","status":"publish","type":"page","link":"https:\/\/www.amuz.krakow.pl\/en\/konkursy\/konkursy-interpretacji-muzyki\/miedzynarodowy-konkurs-duetow-fortepianowych\/2024-2\/regulamin\/","title":{"rendered":"Rules"},"content":{"rendered":"<p><\/p>\n<p style=\"text-align: center;\"><span style=\"font-size: 12pt;\"><strong>RULES AND REGULATIONS<\/strong><\/span><br \/>\n<span style=\"font-size: 12pt;\"><strong>OF THE 2nd INTERNATIONAL PIANO DUO COMPETITION &#8220;DUETTISSIMO&#8221;<\/strong><\/span><\/p>\n<p style=\"text-align: center;\"><strong>KRAKOW, 8th-14th APRIL 2024<\/strong><\/p>\n<p>The goal of the Competition is to promote a piano duo, and Polish music, to improve the quality of performance of music for this chamber ensemble, to encourage exchange of experience between the Participants of the Competition and teachers, and to popularise musical works composed for a piano duo.<\/p>\n<p style=\"text-align: center;\"><strong>\u00a71<\/strong><\/p>\n<p style=\"text-align: left;\">1. The 2nd International Piano Duo Competition &#8220;Duettissimo&#8221;, hereinafter referred to as the Competition, is organised by the Krzysztof Penderecki Academy of Music in Krakow \u2013 the Department of Chamber Music in cooperation with the Foundation of the Krzysztof Penderecki Academy of Music.<br \/>\n2. The Competition will be held from 8th to 14th April 2024.<br \/>\n3. The Competition auditions will take place in the Krystyna Moszuma\u0144ska-Nazar Concert Hall of the Krzysztof Penderecki Academy of Music in Krakow, at \u015awi\u0119tego Tomasza 43 (1st and 2nd stage) and in the Karol Szymanowski Philharmonic in Krakow at Zwierzyniecka 1 (3rd stage).<\/p>\n<p style=\"text-align: center;\"><strong>\u00a72<\/strong><\/p>\n<p style=\"text-align: left;\">1. Applications shall be sent by the 11th February 2024, with a copy of the confirmation of payment of the entry fee to the following e-mail address:<\/p>\n<p style=\"text-align: center;\"><strong>konkurs.duettissimo@amuz.krakow.pl<\/strong><\/p>\n<p style=\"text-align: left;\">2. In order to enter the Competition, the following documents shall be sent <strong>by the 11th February 2024<\/strong>:<br \/>\n&#8211; a complete<a href=\"#application-form\"><strong> Application Form<\/strong><\/a> (available at the website of the Krzysztof Penderecki Academy of Music in Krakow in the 2nd International Piano Duo Competition tab), attached as the Appendix No. 1 to these Rules and Regulations,<br \/>\n&#8211; the <strong>entry fee<\/strong> in the following amount:<\/p>\n<p style=\"text-align: center;\">1) <strong>for candidates with Polish citizenship<\/strong><br \/>\n1st category PLN 400 per duo,<br \/>\n2nd category PLN 600 per duo,<\/p>\n<p style=\"text-align: center;\">The payment shall be made to the following bank account:<br \/>\nBANK PEKAO S.A. III Oddzia\u0142 Krak\u00f3w<br \/>\nPL 41 1240 2294 1111 0000 3708 8240<br \/>\nwith a note: Duettissimo Competition<\/p>\n<p style=\"text-align: center;\">2) <strong>for foreign candidates<\/strong><br \/>\n1st category EUR 100 per duo,<br \/>\n2nd category EUR 200 per duo.<\/p>\n<p style=\"text-align: center;\">The payment shall be made to the following bank account:<br \/>\nBank PEKAO SA, III Oddzia\u0142 Krak\u00f3w<br \/>\nIBAN: PL 42 1240 2294 1978 0010 2649 8028<br \/>\nBIC\/SWIFT: PKOPPLPW<br \/>\nwith a note: Duettissimo Competition<\/p>\n<p>The confirmation of payment shall be sent to the following address: konkurs.duettissimo@amuz.krakow.pl with the complete Application Form.<\/p>\n<p>3. Costs of travel, accommodation and food shall be covered by the Participants themselves.<\/p>\n<p style=\"text-align: center;\"><strong>\u00a73<\/strong><\/p>\n<p>1. Candidates will be notified of being included in the list of Participants by e-mail <strong>by 11th March 2024<\/strong>. The conditions for qualification are: the correct completion of the Application Form, meeting the formal conditions, and sending the confirmation of payment of the entry fee. The formal verification will be carried out by the Organizer.<\/p>\n<p>2. The framework schedule of auditions is attached as the Appendix No. 2 to these Rules and Regulations. The organizer reserves the right to changes in the framework schedule. A detailed schedule of auditions will be placed on the website of the Krzysztof Penderecki Academy of Music in Krakow (www.amuz.krakow.pl) no later than 60 days before the beginning of the Competition.<\/p>\n<p>3. The Competition will be held in the following age categories:<br \/>\n<strong>1st category<\/strong> \u2013 the sum of ages of the duo members may not exceed 42 years (on the 8th April 2024),<br \/>\n<strong>2nd category<\/strong> \u2013 the sum of ages of the duo members may not exceed 70 years (on the 8th April 2024).<\/p>\n<p>4. Competition Participants are required to perform as follows:<\/p>\n<ul>\n<li><strong>1st category (25-30 minutes)<\/strong><br \/>\n1) Wolfgang Amadeus Mozart \u2013 1st part of a chosen Sonata for 4 hands or 2 pianos<br \/>\n2) A chosen piece by a Polish composer (except for &#8220;Paganini Variations&#8221; by Witold Lutos\u0142awski)<br \/>\n3) A chosen programme in the remaining time.<\/li>\n<\/ul>\n<p>&nbsp;<\/p>\n<ul>\n<li><strong>2nd category<\/strong><br \/>\n<strong>&#8211; 1st stage<\/strong> <strong>(20-25 minutes)<\/strong><br \/>\n1) Wolfgang Amadeus Mozart \u2013 1st part of the chosen Sonata for 4 hands or 2 pianos<br \/>\n2) A chosen programme in the remaining time.<br \/>\n<strong>&#8211; 2nd stage<\/strong> <strong>(40-45 minutes)<\/strong><br \/>\n1) A chosen piece by a Polish composer (except for &#8220;Paganini Variations&#8221; by Witold Lutos\u0142awski),<br \/>\n2) Two chosen pieces, of a different style.<br \/>\n<strong>&#8211; 3rd stage<br \/>\n<\/strong>The concerto for two pianos with orchestra (to choose):<br \/>\n1) Max Bruch \u2013 Concerto in A-flat minor, Op. 88a<br \/>\n2) Felix Mendelssohn-Bartholdy \u2013 Concerto in E major, MWV O 5<br \/>\n3) Wolfgang Amadeus Mozart \u2013 Concerto No. 10 in E-flat major K. 365\/316a<br \/>\n4) Francis Poulenc \u2013 Concerto in D minor, FP 61<\/li>\n<\/ul>\n<p>Any changes to programme of the Competition Participant sent after the application deadline (11 march 2024) require the acceptance of the Competition Organizer.<\/p>\n<p style=\"text-align: center;\"><strong>\u00a74<\/strong><\/p>\n<p>Candidates are obliged to appear for the draw regarding the order of participation on the 8th April 2024 with a valid document confirming their identity and date of birth. Candidates will be informed on the place and time of the draw no later than 30 days before the beginning of the Competition.<\/p>\n<p style=\"text-align: center;\"><strong>\u00a75<\/strong><\/p>\n<p>The Competition Organizers reserve the right to qualify the maximum of 10 duos to the 2nd stage, and the maximum of 4 duos to the final in the 2nd category. In cases of dispute, the Head of Jury has the final say.<\/p>\n<p style=\"text-align: center;\"><strong>\u00a76<\/strong><\/p>\n<p>1. The Competition Jury is appointed by His Magnificence Rector of the Krzysztof Penderecki Academy of Music in Krakow. The Jury members will be announced <strong>no later than 1st December 2023<\/strong>.<\/p>\n<p>2. The Competition Jury works on the basis of separately drawn up rules and regulations, approved by the Jury members at the first meeting. Pursuant to one of the provisions of those rules and regulators, a Jury member may not award points to the Participant who is his or her pupil \/student.<\/p>\n<p>3. Decisions of the Competition Jury are final, irrevocable and unchallengeable.<\/p>\n<p style=\"text-align: center;\"><strong>\u00a77<\/strong><\/p>\n<p>1. The prize winners will be titled the Competition Laureates.<\/p>\n<p>2. The following prizes will be awarded in the Competition:<\/p>\n<p>1) 1st category:<br \/>\n1st prize &#8211; PLN 8 000<br \/>\n2nd prize &#8211; PLN 5 000<br \/>\n3rd prize &#8211; PLN 3 000<br \/>\nTotal prize pool: PLN 16 000<\/p>\n<p>2) 2nd category:<br \/>\n1st prize &#8211; PLN 30 000<br \/>\n2nd prize &#8211; PLN 20 000<br \/>\n3rd prize &#8211; PLN 10 000<br \/>\nSpecial prizes:<br \/>\n&#8211; for the best performance of the 1st part of W. A. Mozart&#8217;s Sonata (PLN 3 000)<br \/>\n&#8211; for the best performance of a piece of a Polish composer (PLN 6 000)<br \/>\nTotal prize pool: PLN 69 000<\/p>\n<p>3. Based on the evaluation of the quality level of the Competition, the Jury has the right to change the classification of prizes, their number and amounts, depending on the points, with a restriction that the total prize pool remains unchanged.<\/p>\n<p>4. Any other cash or in-kind prizes, sponsored by institutions or private individuals should be notified to the organisers before the commencement of the Competition. Based on its special decision, the Jury may treat those prizes as conforming or not conforming to the Rules and Regulations. Prizes and honourable mentions will be awarded to the winners during a closing ceremony of the Competition. The condition for receiving the prize is the participation in the concert of the laureates.<\/p>\n<p>5. The prize will be reduced by the income tax calculated in accordance with the Polish Act on Personal Income Tax (Article 30 paragraph 1 point 2). The tax will be paid at the competent local tax office by the Competition Organizer.<\/p>\n<p style=\"text-align: center;\"><strong>\u00a78<\/strong><\/p>\n<p>1. Participants of the Competition transfer, free of charge, to the Krzysztof Penderecki Academy of Music in Krakow all economic rights to the artistic performances recorded during all the stages of the Competition and the Winners\u2019 Concert<br \/>\nin terms of their:<br \/>\n&#8211; recording,<br \/>\n&#8211; reproducing on all media storage devices for music and video,<br \/>\n&#8211; placing on the market &#8211; uploading into the computer, and into the Internet,<br \/>\n&#8211; playing in public,<br \/>\n&#8211; displaying,<br \/>\n&#8211; broadcasting by means of wired, wireless and satellite technology, as well as rebroadcasting and retransmission.<br \/>\n2. Competition Participants give their consent for the dissemination of their image recorded in connection with the Competition, and provided to the Competition organiser.<br \/>\n3. The personal data of Participants are processed in compliance with the provisions on the protection of personal data, and the detailed information in this regard is available in the Application Form.<br \/>\n4. By entering the Competition, the Participant accepts these Rules and Regulations.<br \/>\n5. Competition Participants confirm that they have read the information clause on personal data protection, the full text of which is included in the Application Form.<\/p>\n<p style=\"text-align: center;\"><strong>\u00a79<\/strong><\/p>\n<p>1. The organiser reserves the right to cancel the Competition at any stage, and the right to change the results of the Competition. Such decisions are unappealable.<br \/>\n2. The organiser reserves the right to change the Rules and Regulations of the Competition at any time. Such decision is unappealable. The information on any changes of the Rules and Regulations shall be published on the Competition website run by the Organiser.<br \/>\n3. In any matters not regulated by these Rules and Regulations, the Organizer shall decide.<br \/>\n4. In the event of any discrepancies in the interpretation of the Rules and Regulations of the Competition, the Polish version of the Rules and Regulations of the Competition shall prevail.<br \/>\n5. In case of the cancellation of the Competition, or any of its stages, the equivalents of the fees paid for the stages that were cancelled will be returned to the Participant.<br \/>\n6. The Organiser reserves the right to change the number and amount of prizes.<\/p>","protected":false},"excerpt":{"rendered":"<p>RULES AND REGULATIONS OF THE 2nd INTERNATIONAL PIANO DUO COMPETITION &#8220;DUETTISSIMO&#8221; KRAKOW, 8th-14th APRIL 2024 The goal of the Competition is to promote a piano duo, and Polish music, to&hellip; <a href=\"https:\/\/www.amuz.krakow.pl\/en\/konkursy\/konkursy-interpretacji-muzyki\/miedzynarodowy-konkurs-duetow-fortepianowych\/2024-2\/regulamin\/\">Continue reading<\/a><\/p>\n","protected":false},"author":72,"featured_media":77384,"parent":77385,"menu_order":3,"comment_status":"closed","ping_status":"closed","template":"","meta":{"footnotes":"","_links_to":"","_links_to_target":""},"class_list":["post-78281","page","type-page","status-publish","has-post-thumbnail","hentry"],"yoast_head":"<!-- This site is optimized with the Yoast SEO plugin v27.2 - https:\/\/yoast.com\/product\/yoast-seo-wordpress\/ -->\n<title>AMKP - Akademia Muzyczna im. Krzysztofa Pendereckiego w Krakowie<\/title>\n<meta name=\"robots\" content=\"index, follow, max-snippet:-1, max-image-preview:large, max-video-preview:-1\" \/>\n<link rel=\"canonical\" href=\"https:\/\/www.amuz.krakow.pl\/konkursy\/konkursy-interpretacji-muzyki\/miedzynarodowy-konkurs-duetow-fortepianowych\/2024-2\/regulamin\/\" \/>\n<meta property=\"og:locale\" content=\"en_US\" \/>\n<meta property=\"og:type\" content=\"article\" \/>\n<meta property=\"og:title\" content=\"AMKP - Akademia Muzyczna im. Krzysztofa Pendereckiego w Krakowie\" \/>\n<meta property=\"og:description\" content=\"RULES AND REGULATIONS OF THE 2nd INTERNATIONAL PIANO DUO COMPETITION &#8220;DUETTISSIMO&#8221; KRAKOW, 8th-14th APRIL 2024 The goal of the Competition is to promote a piano duo, and Polish music, to&hellip; Continue reading\" \/>\n<meta property=\"og:url\" content=\"https:\/\/www.amuz.krakow.pl\/konkursy\/konkursy-interpretacji-muzyki\/miedzynarodowy-konkurs-duetow-fortepianowych\/2024-2\/regulamin\/\" \/>\n<meta property=\"og:site_name\" content=\"Akademia Muzyczna im. Krzysztofa Pendereckiego w Krakowie\" \/>\n<meta property=\"article:publisher\" content=\"https:\/\/www.facebook.com\/amuz.krakow\" \/>\n<meta property=\"article:modified_time\" content=\"2025-01-15T13:57:53+00:00\" \/>\n<meta property=\"og:image\" content=\"https:\/\/www.amuz.krakow.pl\/wp-content\/uploads\/2022\/03\/duettisiomo-8-OK.jpg\" \/>\n\t<meta property=\"og:image:width\" content=\"850\" \/>\n\t<meta property=\"og:image:height\" content=\"425\" \/>\n\t<meta property=\"og:image:type\" content=\"image\/jpeg\" \/>\n<meta name=\"twitter:card\" content=\"summary_large_image\" \/>\n<meta name=\"twitter:label1\" content=\"Est. reading time\" \/>\n\t<meta name=\"twitter:data1\" content=\"10 minutes\" \/>\n<script type=\"application\/ld+json\" class=\"yoast-schema-graph\">{\"@context\":\"https:\/\/schema.org\",\"@graph\":[{\"@type\":\"WebPage\",\"@id\":\"https:\/\/www.amuz.krakow.pl\/konkursy\/konkursy-interpretacji-muzyki\/miedzynarodowy-konkurs-duetow-fortepianowych\/2024-2\/regulamin\/\",\"url\":\"https:\/\/www.amuz.krakow.pl\/konkursy\/konkursy-interpretacji-muzyki\/miedzynarodowy-konkurs-duetow-fortepianowych\/2024-2\/regulamin\/\",\"name\":\"AMKP - Akademia Muzyczna im. Krzysztofa Pendereckiego w Krakowie\",\"isPartOf\":{\"@id\":\"https:\/\/www.amuz.krakow.pl\/#website\"},\"primaryImageOfPage\":{\"@id\":\"https:\/\/www.amuz.krakow.pl\/konkursy\/konkursy-interpretacji-muzyki\/miedzynarodowy-konkurs-duetow-fortepianowych\/2024-2\/regulamin\/#primaryimage\"},\"image\":{\"@id\":\"https:\/\/www.amuz.krakow.pl\/konkursy\/konkursy-interpretacji-muzyki\/miedzynarodowy-konkurs-duetow-fortepianowych\/2024-2\/regulamin\/#primaryimage\"},\"thumbnailUrl\":\"https:\/\/www.amuz.krakow.pl\/wp-content\/uploads\/2022\/03\/duettisiomo-8-OK.jpg\",\"datePublished\":\"2023-09-28T10:39:20+00:00\",\"dateModified\":\"2025-01-15T13:57:53+00:00\",\"breadcrumb\":{\"@id\":\"https:\/\/www.amuz.krakow.pl\/konkursy\/konkursy-interpretacji-muzyki\/miedzynarodowy-konkurs-duetow-fortepianowych\/2024-2\/regulamin\/#breadcrumb\"},\"inLanguage\":\"en-US\",\"potentialAction\":[{\"@type\":\"ReadAction\",\"target\":[\"https:\/\/www.amuz.krakow.pl\/konkursy\/konkursy-interpretacji-muzyki\/miedzynarodowy-konkurs-duetow-fortepianowych\/2024-2\/regulamin\/\"]}]},{\"@type\":\"ImageObject\",\"inLanguage\":\"en-US\",\"@id\":\"https:\/\/www.amuz.krakow.pl\/konkursy\/konkursy-interpretacji-muzyki\/miedzynarodowy-konkurs-duetow-fortepianowych\/2024-2\/regulamin\/#primaryimage\",\"url\":\"https:\/\/www.amuz.krakow.pl\/wp-content\/uploads\/2022\/03\/duettisiomo-8-OK.jpg\",\"contentUrl\":\"https:\/\/www.amuz.krakow.pl\/wp-content\/uploads\/2022\/03\/duettisiomo-8-OK.jpg\",\"width\":850,\"height\":425},{\"@type\":\"BreadcrumbList\",\"@id\":\"https:\/\/www.amuz.krakow.pl\/konkursy\/konkursy-interpretacji-muzyki\/miedzynarodowy-konkurs-duetow-fortepianowych\/2024-2\/regulamin\/#breadcrumb\",\"itemListElement\":[{\"@type\":\"ListItem\",\"position\":1,\"name\":\"Strona g\u0142\u00f3wna\",\"item\":\"https:\/\/www.amuz.krakow.pl\/\"},{\"@type\":\"ListItem\",\"position\":2,\"name\":\"Konkursy\",\"item\":\"https:\/\/www.amuz.krakow.pl\/konkursy\/\"},{\"@type\":\"ListItem\",\"position\":3,\"name\":\"Konkursy interpretacji muzyki\",\"item\":\"https:\/\/www.amuz.krakow.pl\/konkursy\/konkursy-interpretacji-muzyki\/\"},{\"@type\":\"ListItem\",\"position\":4,\"name\":\"Mi\u0119dzynarodowy Konkurs Duet\u00f3w Fortepianowych &#8220;Duettissimo&#8221;\",\"item\":\"https:\/\/www.amuz.krakow.pl\/konkursy\/konkursy-interpretacji-muzyki\/miedzynarodowy-konkurs-duetow-fortepianowych\/\"},{\"@type\":\"ListItem\",\"position\":5,\"name\":\"2024\",\"item\":\"https:\/\/www.amuz.krakow.pl\/konkursy\/konkursy-interpretacji-muzyki\/miedzynarodowy-konkurs-duetow-fortepianowych\/2024-2\/\"},{\"@type\":\"ListItem\",\"position\":6,\"name\":\"Regulamin\"}]},{\"@type\":\"WebSite\",\"@id\":\"https:\/\/www.amuz.krakow.pl\/#website\",\"url\":\"https:\/\/www.amuz.krakow.pl\/\",\"name\":\"Akademia Muzyczna im. Krzysztofa Pendereckiego w Krakowie\",\"description\":\"Oficjalna strona Akademii Muzycznej im. Krzysztofa Pendereckiego w Krakowie (AMKP).\",\"publisher\":{\"@id\":\"https:\/\/www.amuz.krakow.pl\/#organization\"},\"alternateName\":\"AMKP\",\"potentialAction\":[{\"@type\":\"SearchAction\",\"target\":{\"@type\":\"EntryPoint\",\"urlTemplate\":\"https:\/\/www.amuz.krakow.pl\/?s={search_term_string}\"},\"query-input\":{\"@type\":\"PropertyValueSpecification\",\"valueRequired\":true,\"valueName\":\"search_term_string\"}}],\"inLanguage\":\"en-US\"},{\"@type\":\"Organization\",\"@id\":\"https:\/\/www.amuz.krakow.pl\/#organization\",\"name\":\"Akademia Muzyczna im. Krzysztofa Pendereckiego w Krakowie\",\"alternateName\":\"AMKP\",\"url\":\"https:\/\/www.amuz.krakow.pl\/\",\"logo\":{\"@type\":\"ImageObject\",\"inLanguage\":\"en-US\",\"@id\":\"https:\/\/www.amuz.krakow.pl\/#\/schema\/logo\/image\/\",\"url\":\"https:\/\/www.amuz.krakow.pl\/wp-content\/uploads\/2021\/11\/amkp.jpg\",\"contentUrl\":\"https:\/\/www.amuz.krakow.pl\/wp-content\/uploads\/2021\/11\/amkp.jpg\",\"width\":1193,\"height\":591,\"caption\":\"Akademia Muzyczna im. Krzysztofa Pendereckiego w Krakowie\"},\"image\":{\"@id\":\"https:\/\/www.amuz.krakow.pl\/#\/schema\/logo\/image\/\"},\"sameAs\":[\"https:\/\/www.facebook.com\/amuz.krakow\",\"https:\/\/www.instagram.com\/amkpenderecki\/\",\"https:\/\/www.youtube.com\/@amkpenderecki4806\"]}]}<\/script>\n<!-- \/ Yoast SEO plugin. -->","yoast_head_json":{"title":"AMKP - Akademia Muzyczna im. Krzysztofa Pendereckiego w Krakowie","robots":{"index":"index","follow":"follow","max-snippet":"max-snippet:-1","max-image-preview":"max-image-preview:large","max-video-preview":"max-video-preview:-1"},"canonical":"https:\/\/www.amuz.krakow.pl\/konkursy\/konkursy-interpretacji-muzyki\/miedzynarodowy-konkurs-duetow-fortepianowych\/2024-2\/regulamin\/","og_locale":"en_US","og_type":"article","og_title":"AMKP - Akademia Muzyczna im. Krzysztofa Pendereckiego w Krakowie","og_description":"RULES AND REGULATIONS OF THE 2nd INTERNATIONAL PIANO DUO COMPETITION &#8220;DUETTISSIMO&#8221; KRAKOW, 8th-14th APRIL 2024 The goal of the Competition is to promote a piano duo, and Polish music, to&hellip; Continue reading","og_url":"https:\/\/www.amuz.krakow.pl\/konkursy\/konkursy-interpretacji-muzyki\/miedzynarodowy-konkurs-duetow-fortepianowych\/2024-2\/regulamin\/","og_site_name":"Akademia Muzyczna im. Krzysztofa Pendereckiego w Krakowie","article_publisher":"https:\/\/www.facebook.com\/amuz.krakow","article_modified_time":"2025-01-15T13:57:53+00:00","og_image":[{"width":850,"height":425,"url":"https:\/\/www.amuz.krakow.pl\/wp-content\/uploads\/2022\/03\/duettisiomo-8-OK.jpg","type":"image\/jpeg"}],"twitter_card":"summary_large_image","twitter_misc":{"Est. reading time":"10 minutes"},"schema":{"@context":"https:\/\/schema.org","@graph":[{"@type":"WebPage","@id":"https:\/\/www.amuz.krakow.pl\/konkursy\/konkursy-interpretacji-muzyki\/miedzynarodowy-konkurs-duetow-fortepianowych\/2024-2\/regulamin\/","url":"https:\/\/www.amuz.krakow.pl\/konkursy\/konkursy-interpretacji-muzyki\/miedzynarodowy-konkurs-duetow-fortepianowych\/2024-2\/regulamin\/","name":"AMKP - Akademia Muzyczna im. Krzysztofa Pendereckiego w Krakowie","isPartOf":{"@id":"https:\/\/www.amuz.krakow.pl\/#website"},"primaryImageOfPage":{"@id":"https:\/\/www.amuz.krakow.pl\/konkursy\/konkursy-interpretacji-muzyki\/miedzynarodowy-konkurs-duetow-fortepianowych\/2024-2\/regulamin\/#primaryimage"},"image":{"@id":"https:\/\/www.amuz.krakow.pl\/konkursy\/konkursy-interpretacji-muzyki\/miedzynarodowy-konkurs-duetow-fortepianowych\/2024-2\/regulamin\/#primaryimage"},"thumbnailUrl":"https:\/\/www.amuz.krakow.pl\/wp-content\/uploads\/2022\/03\/duettisiomo-8-OK.jpg","datePublished":"2023-09-28T10:39:20+00:00","dateModified":"2025-01-15T13:57:53+00:00","breadcrumb":{"@id":"https:\/\/www.amuz.krakow.pl\/konkursy\/konkursy-interpretacji-muzyki\/miedzynarodowy-konkurs-duetow-fortepianowych\/2024-2\/regulamin\/#breadcrumb"},"inLanguage":"en-US","potentialAction":[{"@type":"ReadAction","target":["https:\/\/www.amuz.krakow.pl\/konkursy\/konkursy-interpretacji-muzyki\/miedzynarodowy-konkurs-duetow-fortepianowych\/2024-2\/regulamin\/"]}]},{"@type":"ImageObject","inLanguage":"en-US","@id":"https:\/\/www.amuz.krakow.pl\/konkursy\/konkursy-interpretacji-muzyki\/miedzynarodowy-konkurs-duetow-fortepianowych\/2024-2\/regulamin\/#primaryimage","url":"https:\/\/www.amuz.krakow.pl\/wp-content\/uploads\/2022\/03\/duettisiomo-8-OK.jpg","contentUrl":"https:\/\/www.amuz.krakow.pl\/wp-content\/uploads\/2022\/03\/duettisiomo-8-OK.jpg","width":850,"height":425},{"@type":"BreadcrumbList","@id":"https:\/\/www.amuz.krakow.pl\/konkursy\/konkursy-interpretacji-muzyki\/miedzynarodowy-konkurs-duetow-fortepianowych\/2024-2\/regulamin\/#breadcrumb","itemListElement":[{"@type":"ListItem","position":1,"name":"Strona g\u0142\u00f3wna","item":"https:\/\/www.amuz.krakow.pl\/"},{"@type":"ListItem","position":2,"name":"Konkursy","item":"https:\/\/www.amuz.krakow.pl\/konkursy\/"},{"@type":"ListItem","position":3,"name":"Konkursy interpretacji muzyki","item":"https:\/\/www.amuz.krakow.pl\/konkursy\/konkursy-interpretacji-muzyki\/"},{"@type":"ListItem","position":4,"name":"Mi\u0119dzynarodowy Konkurs Duet\u00f3w Fortepianowych &#8220;Duettissimo&#8221;","item":"https:\/\/www.amuz.krakow.pl\/konkursy\/konkursy-interpretacji-muzyki\/miedzynarodowy-konkurs-duetow-fortepianowych\/"},{"@type":"ListItem","position":5,"name":"2024","item":"https:\/\/www.amuz.krakow.pl\/konkursy\/konkursy-interpretacji-muzyki\/miedzynarodowy-konkurs-duetow-fortepianowych\/2024-2\/"},{"@type":"ListItem","position":6,"name":"Regulamin"}]},{"@type":"WebSite","@id":"https:\/\/www.amuz.krakow.pl\/#website","url":"https:\/\/www.amuz.krakow.pl\/","name":"Akademia Muzyczna im. Krzysztofa Pendereckiego w Krakowie","description":"Oficjalna strona Akademii Muzycznej im. Krzysztofa Pendereckiego w Krakowie (AMKP).","publisher":{"@id":"https:\/\/www.amuz.krakow.pl\/#organization"},"alternateName":"AMKP","potentialAction":[{"@type":"SearchAction","target":{"@type":"EntryPoint","urlTemplate":"https:\/\/www.amuz.krakow.pl\/?s={search_term_string}"},"query-input":{"@type":"PropertyValueSpecification","valueRequired":true,"valueName":"search_term_string"}}],"inLanguage":"en-US"},{"@type":"Organization","@id":"https:\/\/www.amuz.krakow.pl\/#organization","name":"Akademia Muzyczna im. Krzysztofa Pendereckiego w Krakowie","alternateName":"AMKP","url":"https:\/\/www.amuz.krakow.pl\/","logo":{"@type":"ImageObject","inLanguage":"en-US","@id":"https:\/\/www.amuz.krakow.pl\/#\/schema\/logo\/image\/","url":"https:\/\/www.amuz.krakow.pl\/wp-content\/uploads\/2021\/11\/amkp.jpg","contentUrl":"https:\/\/www.amuz.krakow.pl\/wp-content\/uploads\/2021\/11\/amkp.jpg","width":1193,"height":591,"caption":"Akademia Muzyczna im. Krzysztofa Pendereckiego w Krakowie"},"image":{"@id":"https:\/\/www.amuz.krakow.pl\/#\/schema\/logo\/image\/"},"sameAs":["https:\/\/www.facebook.com\/amuz.krakow","https:\/\/www.instagram.com\/amkpenderecki\/","https:\/\/www.youtube.com\/@amkpenderecki4806"]}]}},"_links":{"self":[{"href":"https:\/\/www.amuz.krakow.pl\/en\/wp-json\/wp\/v2\/pages\/78281","targetHints":{"allow":["GET"]}}],"collection":[{"href":"https:\/\/www.amuz.krakow.pl\/en\/wp-json\/wp\/v2\/pages"}],"about":[{"href":"https:\/\/www.amuz.krakow.pl\/en\/wp-json\/wp\/v2\/types\/page"}],"author":[{"embeddable":true,"href":"https:\/\/www.amuz.krakow.pl\/en\/wp-json\/wp\/v2\/users\/72"}],"replies":[{"embeddable":true,"href":"https:\/\/www.amuz.krakow.pl\/en\/wp-json\/wp\/v2\/comments?post=78281"}],"version-history":[{"count":8,"href":"https:\/\/www.amuz.krakow.pl\/en\/wp-json\/wp\/v2\/pages\/78281\/revisions"}],"predecessor-version":[{"id":95742,"href":"https:\/\/www.amuz.krakow.pl\/en\/wp-json\/wp\/v2\/pages\/78281\/revisions\/95742"}],"up":[{"embeddable":true,"href":"https:\/\/www.amuz.krakow.pl\/en\/wp-json\/wp\/v2\/pages\/77385"}],"wp:featuredmedia":[{"embeddable":true,"href":"https:\/\/www.amuz.krakow.pl\/en\/wp-json\/wp\/v2\/media\/77384"}],"wp:attachment":[{"href":"https:\/\/www.amuz.krakow.pl\/en\/wp-json\/wp\/v2\/media?parent=78281"}],"curies":[{"name":"wp","href":"https:\/\/api.w.org\/{rel}","templated":true}]}}