{"id":74245,"date":"2023-05-10T13:06:08","date_gmt":"2023-05-10T11:06:08","guid":{"rendered":"https:\/\/www.amuz.krakow.pl\/?page_id=74245"},"modified":"2026-04-08T13:23:16","modified_gmt":"2026-04-08T11:23:16","slug":"krzysztof-komendarek-tymendorf","status":"publish","type":"page","link":"https:\/\/www.amuz.krakow.pl\/en\/letnia-akademia-muzyczna\/wykaz-kursow\/instrumenty-smyczkowe\/krzysztof-komendarek-tymendorf\/","title":{"rendered":"Krzysztof Komendarek-Tymendorf &#8211; viola"},"content":{"rendered":"<p><figure id=\"attachment_74246\" aria-describedby=\"caption-attachment-74246\" style=\"width: 300px\" class=\"wp-caption aligncenter\"><a href=\"https:\/\/www.amuz.krakow.pl\/wp-content\/uploads\/2023\/05\/Krzysztof-Komendarek-Tymendorf-Photo1-G.-Gawryszewski-Verden-Foto-scaled.jpg\" target=\"_blank\" rel=\"noopener\"><img loading=\"lazy\" decoding=\"async\" class=\"wp-image-74246 size-medium\" src=\"https:\/\/www.amuz.krakow.pl\/wp-content\/uploads\/2023\/05\/Krzysztof-Komendarek-Tymendorf-Photo1-G.-Gawryszewski-Verden-Foto-300x200.jpg\" alt=\"\" width=\"300\" height=\"200\" srcset=\"https:\/\/www.amuz.krakow.pl\/wp-content\/uploads\/2023\/05\/Krzysztof-Komendarek-Tymendorf-Photo1-G.-Gawryszewski-Verden-Foto-300x200.jpg 300w, https:\/\/www.amuz.krakow.pl\/wp-content\/uploads\/2023\/05\/Krzysztof-Komendarek-Tymendorf-Photo1-G.-Gawryszewski-Verden-Foto-scaled.jpg 2048w, https:\/\/www.amuz.krakow.pl\/wp-content\/uploads\/2023\/05\/Krzysztof-Komendarek-Tymendorf-Photo1-G.-Gawryszewski-Verden-Foto-768x512.jpg 768w, https:\/\/www.amuz.krakow.pl\/wp-content\/uploads\/2023\/05\/Krzysztof-Komendarek-Tymendorf-Photo1-G.-Gawryszewski-Verden-Foto-1536x1024.jpg 1536w\" sizes=\"auto, (max-width: 300px) 100vw, 300px\" \/><\/a><figcaption id=\"caption-attachment-74246\" class=\"wp-caption-text\">photo by G. Gawryszewski &#8211; Verden Foto<\/figcaption><\/figure><\/p>\n<p>Viola soloist, chamber musician, Professor at the S. Moniuszko Academy of Music in Gdansk and F. Nowowiejski in Bydgoszczy (habilitated PhD, MBA). He has been among the eminent Polish musicians of his generation. In 2012 he graduated with honors from Academy of Music in Gda\u0144sk in the viola class of Prof. I. Albrecht.<\/p>\n<p>He perfected his skills at the Universit\u00e4t f\u00fcr Musik und darstellende Kunst Wien with Prof. W. Klos.<\/p>\n<p>Komendarek-Tymendorf has acquired his knowledge of chamber music from renowned musicians: V. Erben (Alban Berg Quartett), Apollon Musag\u00e8te Quartett, Quatuor Eb\u00e8ne.<\/p>\n<p>Member of the Bydgoszcz Barok Ensemble, Duo del Ges\u00f9, MonoTony \u00c6nsemble. Performed together with eminent artists such as Ch. Hartmann, A. Levitan, E. i J. Kropfitsch, K.A. Kulka, T. Strahl, NeoQuartet, Mitch&amp;Mitch, Jacaszek, Z. Wodecki, J. Englert or D. Olbrychski. Winner of international and national prestigious competitions, awards and scholarships. He made debut as a soloist with the Polish Chamber Philharmonic Orchestra Sopot and as a chamber musician with the oboist T. Wojnowicz in Zielona G\u00f3ra Philharmonic.<\/p>\n<p>As a soloist, he performed with the National Philharmonic Chamber Orchestra, Lower Silesia Philharmonic Orchestra, Kalisz Philharmonic Symphony Orchestra, Baltic Opera Orchestra, Cappella Gedanensis, Sinfonietta Pomerania, Progress Chamber Orchestra, Capella Bydgostiensis. Artist is invited by renowned international music festivals: Baltic Sea Festival, La Folle Journ\u00e9e, Puplinge Classique Festival, Alba Music Festival, International Viola Congress, Spectrum Music Festival, Aurora Music Festival, W\u00f6rthersee Classics Festival or Festival of Jewish Culture in Warsaw \u2013 &#8220;Singer&#8217;s Warsaw&#8221;.<\/p>\n<p>In 2020 he made phonographic debut with the CD <em>ReVIOLAtion<\/em> (NAXOS RECORDS), in 2021 released a second album &#8211; <em>Quantum of Silence<\/em> (ODRADEK RECORDS), and in 2023 issued the album <em>AtomoGenus<\/em> (REQUIEM RECORDS) on vinyl, cassette and CD. The albums have received recognized international and national awards (including the Pizzicato Supersonic Award in Luxembourg, Clouzine 9th International Music Awards in USA, 5 camertones in Diapason Magazine in France) and nominations &#8211; ICMA, Opus Klassik, FRYDERYK. He has recorded for Deutsche Radio Kultur, Bayerischer Rundfunk, ORF Vienna Radio, Polish Radio Programe 1 and 2, TVP 1, TV Polsat and record labels &#8211; DUX, Acte Pr\u00e9alable. The artist is a protagonist of viola and has performed 60 world premieres, contemporary composers dedicate works to him. Published articles in the Journal of the American Viola Society (USA) and portal on meakultura.pl.<\/p>\n<p>Lecturer at the Z. Brzewski International Music Courses in \u0141a\u0144cut and Summer Music Academy in Cracow. Juror of music competitions f.e. International Johannes Brahms Competition in P\u00f6rtschach, International Competition Music Eagles, FRYDERYK. Awarded the Bronze Medal \u201cGloria Artis Medal for Merit to Culture\u201d and the Decoration of Honor Meritorious for Polish Culture. Director of the EURO Chamber Music Festival.<\/p>\n<p>Currently, he plays a master viola by Wojciech Topa from 2020 and bow by Marcin Krupa.<\/p>\n<p>www.tymendorf.com\/en<\/p>\n<p>&nbsp;<\/p>","protected":false},"excerpt":{"rendered":"<p>Viola soloist, chamber musician, Professor at the S. Moniuszko Academy of Music in Gdansk and F. Nowowiejski in Bydgoszczy (habilitated PhD, MBA). He has been among the eminent Polish musicians&hellip; <a href=\"https:\/\/www.amuz.krakow.pl\/en\/letnia-akademia-muzyczna\/wykaz-kursow\/instrumenty-smyczkowe\/krzysztof-komendarek-tymendorf\/\">Continue reading<\/a><\/p>\n","protected":false},"author":72,"featured_media":74246,"parent":47052,"menu_order":39,"comment_status":"closed","ping_status":"closed","template":"","meta":{"footnotes":"","_links_to":"","_links_to_target":""},"class_list":["post-74245","page","type-page","status-publish","has-post-thumbnail","hentry"],"yoast_head":"<!-- This site is optimized with the Yoast SEO plugin v27.4 - https:\/\/yoast.com\/product\/yoast-seo-wordpress\/ -->\n<title>AMKP - Akademia Muzyczna im. Krzysztofa Pendereckiego w Krakowie<\/title>\n<meta name=\"robots\" content=\"index, follow, max-snippet:-1, max-image-preview:large, max-video-preview:-1\" \/>\n<link rel=\"canonical\" href=\"https:\/\/www.amuz.krakow.pl\/letnia-akademia-muzyczna\/wykaz-kursow\/instrumenty-smyczkowe\/krzysztof-komendarek-tymendorf\/\" \/>\n<meta property=\"og:locale\" content=\"en_US\" \/>\n<meta property=\"og:type\" content=\"article\" \/>\n<meta property=\"og:title\" content=\"AMKP - Akademia Muzyczna im. Krzysztofa Pendereckiego w Krakowie\" \/>\n<meta property=\"og:description\" content=\"Viola soloist, chamber musician, Professor at the S. Moniuszko Academy of Music in Gdansk and F. Nowowiejski in Bydgoszczy (habilitated PhD, MBA). He has been among the eminent Polish musicians&hellip; Continue reading\" \/>\n<meta property=\"og:url\" content=\"https:\/\/www.amuz.krakow.pl\/letnia-akademia-muzyczna\/wykaz-kursow\/instrumenty-smyczkowe\/krzysztof-komendarek-tymendorf\/\" \/>\n<meta property=\"og:site_name\" content=\"Akademia Muzyczna im. Krzysztofa Pendereckiego w Krakowie\" \/>\n<meta property=\"article:publisher\" content=\"https:\/\/www.facebook.com\/amuz.krakow\" \/>\n<meta property=\"article:modified_time\" content=\"2026-04-08T11:23:16+00:00\" \/>\n<meta property=\"og:image\" content=\"https:\/\/www.amuz.krakow.pl\/wp-content\/uploads\/2023\/05\/Krzysztof-Komendarek-Tymendorf-Photo1-G.-Gawryszewski-Verden-Foto-scaled.jpg\" \/>\n\t<meta property=\"og:image:width\" content=\"2048\" \/>\n\t<meta property=\"og:image:height\" content=\"1365\" \/>\n\t<meta property=\"og:image:type\" content=\"image\/jpeg\" \/>\n<meta name=\"twitter:card\" content=\"summary_large_image\" \/>\n<meta name=\"twitter:label1\" content=\"Est. reading time\" \/>\n\t<meta name=\"twitter:data1\" content=\"3 minutes\" \/>\n<script type=\"application\/ld+json\" class=\"yoast-schema-graph\">{\"@context\":\"https:\\\/\\\/schema.org\",\"@graph\":[{\"@type\":\"WebPage\",\"@id\":\"https:\\\/\\\/www.amuz.krakow.pl\\\/letnia-akademia-muzyczna\\\/wykaz-kursow\\\/instrumenty-smyczkowe\\\/krzysztof-komendarek-tymendorf\\\/\",\"url\":\"https:\\\/\\\/www.amuz.krakow.pl\\\/letnia-akademia-muzyczna\\\/wykaz-kursow\\\/instrumenty-smyczkowe\\\/krzysztof-komendarek-tymendorf\\\/\",\"name\":\"AMKP - Akademia Muzyczna im. Krzysztofa Pendereckiego w Krakowie\",\"isPartOf\":{\"@id\":\"https:\\\/\\\/www.amuz.krakow.pl\\\/#website\"},\"primaryImageOfPage\":{\"@id\":\"https:\\\/\\\/www.amuz.krakow.pl\\\/letnia-akademia-muzyczna\\\/wykaz-kursow\\\/instrumenty-smyczkowe\\\/krzysztof-komendarek-tymendorf\\\/#primaryimage\"},\"image\":{\"@id\":\"https:\\\/\\\/www.amuz.krakow.pl\\\/letnia-akademia-muzyczna\\\/wykaz-kursow\\\/instrumenty-smyczkowe\\\/krzysztof-komendarek-tymendorf\\\/#primaryimage\"},\"thumbnailUrl\":\"https:\\\/\\\/www.amuz.krakow.pl\\\/wp-content\\\/uploads\\\/2023\\\/05\\\/Krzysztof-Komendarek-Tymendorf-Photo1-G.-Gawryszewski-Verden-Foto-scaled.jpg\",\"datePublished\":\"2023-05-10T11:06:08+00:00\",\"dateModified\":\"2026-04-08T11:23:16+00:00\",\"breadcrumb\":{\"@id\":\"https:\\\/\\\/www.amuz.krakow.pl\\\/letnia-akademia-muzyczna\\\/wykaz-kursow\\\/instrumenty-smyczkowe\\\/krzysztof-komendarek-tymendorf\\\/#breadcrumb\"},\"inLanguage\":\"en-US\",\"potentialAction\":[{\"@type\":\"ReadAction\",\"target\":[\"https:\\\/\\\/www.amuz.krakow.pl\\\/letnia-akademia-muzyczna\\\/wykaz-kursow\\\/instrumenty-smyczkowe\\\/krzysztof-komendarek-tymendorf\\\/\"]}]},{\"@type\":\"ImageObject\",\"inLanguage\":\"en-US\",\"@id\":\"https:\\\/\\\/www.amuz.krakow.pl\\\/letnia-akademia-muzyczna\\\/wykaz-kursow\\\/instrumenty-smyczkowe\\\/krzysztof-komendarek-tymendorf\\\/#primaryimage\",\"url\":\"https:\\\/\\\/www.amuz.krakow.pl\\\/wp-content\\\/uploads\\\/2023\\\/05\\\/Krzysztof-Komendarek-Tymendorf-Photo1-G.-Gawryszewski-Verden-Foto-scaled.jpg\",\"contentUrl\":\"https:\\\/\\\/www.amuz.krakow.pl\\\/wp-content\\\/uploads\\\/2023\\\/05\\\/Krzysztof-Komendarek-Tymendorf-Photo1-G.-Gawryszewski-Verden-Foto-scaled.jpg\",\"width\":2048,\"height\":1365,\"caption\":\"fot. G. Gawryszewski - Verden Foto\"},{\"@type\":\"BreadcrumbList\",\"@id\":\"https:\\\/\\\/www.amuz.krakow.pl\\\/letnia-akademia-muzyczna\\\/wykaz-kursow\\\/instrumenty-smyczkowe\\\/krzysztof-komendarek-tymendorf\\\/#breadcrumb\",\"itemListElement\":[{\"@type\":\"ListItem\",\"position\":1,\"name\":\"Strona g\u0142\u00f3wna\",\"item\":\"https:\\\/\\\/www.amuz.krakow.pl\\\/\"},{\"@type\":\"ListItem\",\"position\":2,\"name\":\"Letnia Akademia Muzyczna\",\"item\":\"https:\\\/\\\/www.amuz.krakow.pl\\\/letnia-akademia-muzyczna\\\/\"},{\"@type\":\"ListItem\",\"position\":3,\"name\":\"Wykaz kurs\u00f3w\",\"item\":\"https:\\\/\\\/www.amuz.krakow.pl\\\/letnia-akademia-muzyczna\\\/wykaz-kursow\\\/\"},{\"@type\":\"ListItem\",\"position\":4,\"name\":\"Instrumenty strunowe\",\"item\":\"https:\\\/\\\/www.amuz.krakow.pl\\\/letnia-akademia-muzyczna\\\/wykaz-kursow\\\/instrumenty-smyczkowe\\\/\"},{\"@type\":\"ListItem\",\"position\":5,\"name\":\"Krzysztof Komendarek-Tymendorf &#8211; alt\u00f3wka\"}]},{\"@type\":\"WebSite\",\"@id\":\"https:\\\/\\\/www.amuz.krakow.pl\\\/#website\",\"url\":\"https:\\\/\\\/www.amuz.krakow.pl\\\/\",\"name\":\"Akademia Muzyczna im. Krzysztofa Pendereckiego w Krakowie\",\"description\":\"Oficjalna strona Akademii Muzycznej im. Krzysztofa Pendereckiego w Krakowie (AMKP).\",\"publisher\":{\"@id\":\"https:\\\/\\\/www.amuz.krakow.pl\\\/#organization\"},\"alternateName\":\"AMKP\",\"potentialAction\":[{\"@type\":\"SearchAction\",\"target\":{\"@type\":\"EntryPoint\",\"urlTemplate\":\"https:\\\/\\\/www.amuz.krakow.pl\\\/?s={search_term_string}\"},\"query-input\":{\"@type\":\"PropertyValueSpecification\",\"valueRequired\":true,\"valueName\":\"search_term_string\"}}],\"inLanguage\":\"en-US\"},{\"@type\":\"Organization\",\"@id\":\"https:\\\/\\\/www.amuz.krakow.pl\\\/#organization\",\"name\":\"Akademia Muzyczna im. Krzysztofa Pendereckiego w Krakowie\",\"alternateName\":\"AMKP\",\"url\":\"https:\\\/\\\/www.amuz.krakow.pl\\\/\",\"logo\":{\"@type\":\"ImageObject\",\"inLanguage\":\"en-US\",\"@id\":\"https:\\\/\\\/www.amuz.krakow.pl\\\/#\\\/schema\\\/logo\\\/image\\\/\",\"url\":\"https:\\\/\\\/www.amuz.krakow.pl\\\/wp-content\\\/uploads\\\/2021\\\/11\\\/amkp.jpg\",\"contentUrl\":\"https:\\\/\\\/www.amuz.krakow.pl\\\/wp-content\\\/uploads\\\/2021\\\/11\\\/amkp.jpg\",\"width\":1193,\"height\":591,\"caption\":\"Akademia Muzyczna im. Krzysztofa Pendereckiego w Krakowie\"},\"image\":{\"@id\":\"https:\\\/\\\/www.amuz.krakow.pl\\\/#\\\/schema\\\/logo\\\/image\\\/\"},\"sameAs\":[\"https:\\\/\\\/www.facebook.com\\\/amuz.krakow\",\"https:\\\/\\\/www.instagram.com\\\/amkpenderecki\\\/\",\"https:\\\/\\\/www.youtube.com\\\/@amkpenderecki4806\"]}]}<\/script>\n<!-- \/ Yoast SEO plugin. -->","yoast_head_json":{"title":"AMKP - Akademia Muzyczna im. Krzysztofa Pendereckiego w Krakowie","robots":{"index":"index","follow":"follow","max-snippet":"max-snippet:-1","max-image-preview":"max-image-preview:large","max-video-preview":"max-video-preview:-1"},"canonical":"https:\/\/www.amuz.krakow.pl\/letnia-akademia-muzyczna\/wykaz-kursow\/instrumenty-smyczkowe\/krzysztof-komendarek-tymendorf\/","og_locale":"en_US","og_type":"article","og_title":"AMKP - Akademia Muzyczna im. Krzysztofa Pendereckiego w Krakowie","og_description":"Viola soloist, chamber musician, Professor at the S. Moniuszko Academy of Music in Gdansk and F. Nowowiejski in Bydgoszczy (habilitated PhD, MBA). He has been among the eminent Polish musicians&hellip; Continue reading","og_url":"https:\/\/www.amuz.krakow.pl\/letnia-akademia-muzyczna\/wykaz-kursow\/instrumenty-smyczkowe\/krzysztof-komendarek-tymendorf\/","og_site_name":"Akademia Muzyczna im. Krzysztofa Pendereckiego w Krakowie","article_publisher":"https:\/\/www.facebook.com\/amuz.krakow","article_modified_time":"2026-04-08T11:23:16+00:00","og_image":[{"width":2048,"height":1365,"url":"https:\/\/www.amuz.krakow.pl\/wp-content\/uploads\/2023\/05\/Krzysztof-Komendarek-Tymendorf-Photo1-G.-Gawryszewski-Verden-Foto-scaled.jpg","type":"image\/jpeg"}],"twitter_card":"summary_large_image","twitter_misc":{"Est. reading time":"3 minutes"},"schema":{"@context":"https:\/\/schema.org","@graph":[{"@type":"WebPage","@id":"https:\/\/www.amuz.krakow.pl\/letnia-akademia-muzyczna\/wykaz-kursow\/instrumenty-smyczkowe\/krzysztof-komendarek-tymendorf\/","url":"https:\/\/www.amuz.krakow.pl\/letnia-akademia-muzyczna\/wykaz-kursow\/instrumenty-smyczkowe\/krzysztof-komendarek-tymendorf\/","name":"AMKP - Akademia Muzyczna im. Krzysztofa Pendereckiego w Krakowie","isPartOf":{"@id":"https:\/\/www.amuz.krakow.pl\/#website"},"primaryImageOfPage":{"@id":"https:\/\/www.amuz.krakow.pl\/letnia-akademia-muzyczna\/wykaz-kursow\/instrumenty-smyczkowe\/krzysztof-komendarek-tymendorf\/#primaryimage"},"image":{"@id":"https:\/\/www.amuz.krakow.pl\/letnia-akademia-muzyczna\/wykaz-kursow\/instrumenty-smyczkowe\/krzysztof-komendarek-tymendorf\/#primaryimage"},"thumbnailUrl":"https:\/\/www.amuz.krakow.pl\/wp-content\/uploads\/2023\/05\/Krzysztof-Komendarek-Tymendorf-Photo1-G.-Gawryszewski-Verden-Foto-scaled.jpg","datePublished":"2023-05-10T11:06:08+00:00","dateModified":"2026-04-08T11:23:16+00:00","breadcrumb":{"@id":"https:\/\/www.amuz.krakow.pl\/letnia-akademia-muzyczna\/wykaz-kursow\/instrumenty-smyczkowe\/krzysztof-komendarek-tymendorf\/#breadcrumb"},"inLanguage":"en-US","potentialAction":[{"@type":"ReadAction","target":["https:\/\/www.amuz.krakow.pl\/letnia-akademia-muzyczna\/wykaz-kursow\/instrumenty-smyczkowe\/krzysztof-komendarek-tymendorf\/"]}]},{"@type":"ImageObject","inLanguage":"en-US","@id":"https:\/\/www.amuz.krakow.pl\/letnia-akademia-muzyczna\/wykaz-kursow\/instrumenty-smyczkowe\/krzysztof-komendarek-tymendorf\/#primaryimage","url":"https:\/\/www.amuz.krakow.pl\/wp-content\/uploads\/2023\/05\/Krzysztof-Komendarek-Tymendorf-Photo1-G.-Gawryszewski-Verden-Foto-scaled.jpg","contentUrl":"https:\/\/www.amuz.krakow.pl\/wp-content\/uploads\/2023\/05\/Krzysztof-Komendarek-Tymendorf-Photo1-G.-Gawryszewski-Verden-Foto-scaled.jpg","width":2048,"height":1365,"caption":"fot. G. Gawryszewski - Verden Foto"},{"@type":"BreadcrumbList","@id":"https:\/\/www.amuz.krakow.pl\/letnia-akademia-muzyczna\/wykaz-kursow\/instrumenty-smyczkowe\/krzysztof-komendarek-tymendorf\/#breadcrumb","itemListElement":[{"@type":"ListItem","position":1,"name":"Strona g\u0142\u00f3wna","item":"https:\/\/www.amuz.krakow.pl\/"},{"@type":"ListItem","position":2,"name":"Letnia Akademia Muzyczna","item":"https:\/\/www.amuz.krakow.pl\/letnia-akademia-muzyczna\/"},{"@type":"ListItem","position":3,"name":"Wykaz kurs\u00f3w","item":"https:\/\/www.amuz.krakow.pl\/letnia-akademia-muzyczna\/wykaz-kursow\/"},{"@type":"ListItem","position":4,"name":"Instrumenty strunowe","item":"https:\/\/www.amuz.krakow.pl\/letnia-akademia-muzyczna\/wykaz-kursow\/instrumenty-smyczkowe\/"},{"@type":"ListItem","position":5,"name":"Krzysztof Komendarek-Tymendorf &#8211; alt\u00f3wka"}]},{"@type":"WebSite","@id":"https:\/\/www.amuz.krakow.pl\/#website","url":"https:\/\/www.amuz.krakow.pl\/","name":"Akademia Muzyczna im. Krzysztofa Pendereckiego w Krakowie","description":"Oficjalna strona Akademii Muzycznej im. Krzysztofa Pendereckiego w Krakowie (AMKP).","publisher":{"@id":"https:\/\/www.amuz.krakow.pl\/#organization"},"alternateName":"AMKP","potentialAction":[{"@type":"SearchAction","target":{"@type":"EntryPoint","urlTemplate":"https:\/\/www.amuz.krakow.pl\/?s={search_term_string}"},"query-input":{"@type":"PropertyValueSpecification","valueRequired":true,"valueName":"search_term_string"}}],"inLanguage":"en-US"},{"@type":"Organization","@id":"https:\/\/www.amuz.krakow.pl\/#organization","name":"Akademia Muzyczna im. Krzysztofa Pendereckiego w Krakowie","alternateName":"AMKP","url":"https:\/\/www.amuz.krakow.pl\/","logo":{"@type":"ImageObject","inLanguage":"en-US","@id":"https:\/\/www.amuz.krakow.pl\/#\/schema\/logo\/image\/","url":"https:\/\/www.amuz.krakow.pl\/wp-content\/uploads\/2021\/11\/amkp.jpg","contentUrl":"https:\/\/www.amuz.krakow.pl\/wp-content\/uploads\/2021\/11\/amkp.jpg","width":1193,"height":591,"caption":"Akademia Muzyczna im. Krzysztofa Pendereckiego w Krakowie"},"image":{"@id":"https:\/\/www.amuz.krakow.pl\/#\/schema\/logo\/image\/"},"sameAs":["https:\/\/www.facebook.com\/amuz.krakow","https:\/\/www.instagram.com\/amkpenderecki\/","https:\/\/www.youtube.com\/@amkpenderecki4806"]}]}},"_links":{"self":[{"href":"https:\/\/www.amuz.krakow.pl\/en\/wp-json\/wp\/v2\/pages\/74245","targetHints":{"allow":["GET"]}}],"collection":[{"href":"https:\/\/www.amuz.krakow.pl\/en\/wp-json\/wp\/v2\/pages"}],"about":[{"href":"https:\/\/www.amuz.krakow.pl\/en\/wp-json\/wp\/v2\/types\/page"}],"author":[{"embeddable":true,"href":"https:\/\/www.amuz.krakow.pl\/en\/wp-json\/wp\/v2\/users\/72"}],"replies":[{"embeddable":true,"href":"https:\/\/www.amuz.krakow.pl\/en\/wp-json\/wp\/v2\/comments?post=74245"}],"version-history":[{"count":3,"href":"https:\/\/www.amuz.krakow.pl\/en\/wp-json\/wp\/v2\/pages\/74245\/revisions"}],"predecessor-version":[{"id":99328,"href":"https:\/\/www.amuz.krakow.pl\/en\/wp-json\/wp\/v2\/pages\/74245\/revisions\/99328"}],"up":[{"embeddable":true,"href":"https:\/\/www.amuz.krakow.pl\/en\/wp-json\/wp\/v2\/pages\/47052"}],"wp:featuredmedia":[{"embeddable":true,"href":"https:\/\/www.amuz.krakow.pl\/en\/wp-json\/wp\/v2\/media\/74246"}],"wp:attachment":[{"href":"https:\/\/www.amuz.krakow.pl\/en\/wp-json\/wp\/v2\/media?parent=74245"}],"curies":[{"name":"wp","href":"https:\/\/api.w.org\/{rel}","templated":true}]}}