{"id":73404,"date":"2023-04-18T14:06:03","date_gmt":"2023-04-18T12:06:03","guid":{"rendered":"https:\/\/www.amuz.krakow.pl\/?page_id=73404"},"modified":"2026-05-07T16:20:27","modified_gmt":"2026-05-07T14:20:27","slug":"oplaty","status":"publish","type":"page","link":"https:\/\/www.amuz.krakow.pl\/en\/kandydaci\/oplaty\/","title":{"rendered":"Fees"},"content":{"rendered":"<p><\/p>\n<h5>FEE FOR THE ENTRANCE EXAM AND ADMISSIONS PROCESS<\/h5>\n<p>The recruitment fee shall be paid to:<\/p>\n<p style=\"text-align: center;\">Akademia Muzyczna im. Krzysztofa Pendereckiego w Krakowie<br \/>\n\u015awi\u0119tego Tomasza 43, 31-027 Krak\u00f3w<br \/>\nBank PEKAO SA, III Oddzia\u0142 Krak\u00f3w<\/p>\n<p style=\"text-align: center;\">Bank account number:<br \/>\n41 1240 2294 1111 0000 3708 8240<\/p>\n<p style=\"text-align: center;\">IBAN: PL 42\u00a01240\u00a02294\u00a01978\u00a00010\u00a02649\u00a08028<br \/>\nBIC\/SWIFT: PKOPPLPW<\/p>\n<p style=\"text-align: center;\">The amount:<br \/>\nPLN 150.00*<\/p>\n<p style=\"text-align: center;\">Transfer title:<br \/>\nforename, surname and the faculty to which you apply<\/p>\n<hr \/>\n<p>* If you apply for <strong>more than one field of study<\/strong>, you must pay<strong> a multiple of this amount<\/strong> and provide the names of the faculties\/fields of study to which you are applying. The fee must be credited to the academy\u2019s account on the day of the exam at the latest.<\/p>\n<p>In addition, you should <strong>send the proof of payment of the recruitment fee<\/strong> (it needs to be uploaded through the MERK system).<\/p>\n<p>&nbsp;<\/p>\n<p>&nbsp;<\/p>\n<h5>FEES FOR EDUCATIONAL SERVICES<\/h5>\n<p>Full information about fees for educational services is available <a href=\"https:\/\/www.amuz.krakow.pl\/bip\/zarzadzenie-nr-16-2026-z-dnia-14-kwietnia-2026-r\/\">in the Rector\u2019s Ordinance No. 16\/2026 of 14 April 2026<\/a>.<\/p>\n<ul>\n<li>The fees for educational services relating to the education of<strong> international students<\/strong> for full-time degree programmes taught <strong>in Polish<\/strong> are as follows:<\/li>\n<\/ul>\n<p>First-cycle programme studies:<br \/>\nall fields of study and majors \u2013 PLN 36,800 per year<\/p>\n<p>Second-cycle programme studies:<br \/>\nall fields of study and majors \u2013 PLN 32,200 per year<\/p>\n<p>&nbsp;<\/p>\n<ul>\n<li>The fees for educational services related to <strong>studies in English<\/strong> are as follows:<\/li>\n<\/ul>\n<p>First-cycle programme studies:<br \/>\nall fields of study and majors \u2013 PLN 41,400 per year<\/p>\n<p>Second-cycle programme studies:<br \/>\nall fields of study and majors \u2013 PLN 36,800 per year<\/p>\n<hr \/>\n<p>The fees for the educational services referred to above <strong>may be paid in two equal instalments<\/strong>, and shall be paid no later than 10 days after the start of the semester. Failure to pay by the specified deadline will result in statutory interest being charged for late payment and may lead to removal from the student register.<\/p>\n<p>&nbsp;<\/p>\n<ul>\n<li>The fee for<strong> repeating a semester<\/strong> in the case of the studies referred to above is equal to <strong>half the fee for the given academic year<\/strong>.<\/li>\n<\/ul>\n<p>&nbsp;<\/p>\n<p>&nbsp;<\/p>","protected":false},"excerpt":{"rendered":"<p>FEE FOR THE ENTRANCE EXAM AND ADMISSIONS PROCESS The recruitment fee shall be paid to: Akademia Muzyczna im. Krzysztofa Pendereckiego w Krakowie \u015awi\u0119tego Tomasza 43, 31-027 Krak\u00f3w Bank PEKAO SA,&hellip; <a href=\"https:\/\/www.amuz.krakow.pl\/en\/kandydaci\/oplaty\/\">Continue reading<\/a><\/p>\n","protected":false},"author":72,"featured_media":119831,"parent":5,"menu_order":4,"comment_status":"closed","ping_status":"closed","template":"","meta":{"footnotes":"","_links_to":"","_links_to_target":""},"class_list":["post-73404","page","type-page","status-publish","has-post-thumbnail","hentry"],"yoast_head":"<!-- This site is optimized with the Yoast SEO plugin v27.5 - https:\/\/yoast.com\/product\/yoast-seo-wordpress\/ -->\n<title>AMKP - Akademia Muzyczna im. Krzysztofa Pendereckiego w Krakowie<\/title>\n<meta name=\"robots\" content=\"index, follow, max-snippet:-1, max-image-preview:large, max-video-preview:-1\" \/>\n<link rel=\"canonical\" href=\"https:\/\/www.amuz.krakow.pl\/kandydaci\/oplaty\/\" \/>\n<meta property=\"og:locale\" content=\"en_US\" \/>\n<meta property=\"og:type\" content=\"article\" \/>\n<meta property=\"og:title\" content=\"AMKP - Akademia Muzyczna im. Krzysztofa Pendereckiego w Krakowie\" \/>\n<meta property=\"og:description\" content=\"FEE FOR THE ENTRANCE EXAM AND ADMISSIONS PROCESS The recruitment fee shall be paid to: Akademia Muzyczna im. Krzysztofa Pendereckiego w Krakowie \u015awi\u0119tego Tomasza 43, 31-027 Krak\u00f3w Bank PEKAO SA,&hellip; Continue reading\" \/>\n<meta property=\"og:url\" content=\"https:\/\/www.amuz.krakow.pl\/kandydaci\/oplaty\/\" \/>\n<meta property=\"og:site_name\" content=\"Akademia Muzyczna im. Krzysztofa Pendereckiego w Krakowie\" \/>\n<meta property=\"article:publisher\" content=\"https:\/\/www.facebook.com\/amuz.krakow\" \/>\n<meta property=\"article:modified_time\" content=\"2026-05-07T14:20:27+00:00\" \/>\n<meta property=\"og:image\" content=\"https:\/\/www.amuz.krakow.pl\/wp-content\/uploads\/2026\/05\/Rekrutacja-2026_2027-grafiki__rekrutacja-2026-2027-kafelek.jpg\" \/>\n\t<meta property=\"og:image:width\" content=\"1773\" \/>\n\t<meta property=\"og:image:height\" content=\"887\" \/>\n\t<meta property=\"og:image:type\" content=\"image\/jpeg\" \/>\n<meta name=\"twitter:card\" content=\"summary_large_image\" \/>\n<meta name=\"twitter:label1\" content=\"Est. reading time\" \/>\n\t<meta name=\"twitter:data1\" content=\"3 minutes\" \/>\n<script type=\"application\/ld+json\" class=\"yoast-schema-graph\">{\"@context\":\"https:\\\/\\\/schema.org\",\"@graph\":[{\"@type\":\"WebPage\",\"@id\":\"https:\\\/\\\/www.amuz.krakow.pl\\\/kandydaci\\\/oplaty\\\/\",\"url\":\"https:\\\/\\\/www.amuz.krakow.pl\\\/kandydaci\\\/oplaty\\\/\",\"name\":\"AMKP - Akademia Muzyczna im. Krzysztofa Pendereckiego w Krakowie\",\"isPartOf\":{\"@id\":\"https:\\\/\\\/www.amuz.krakow.pl\\\/#website\"},\"primaryImageOfPage\":{\"@id\":\"https:\\\/\\\/www.amuz.krakow.pl\\\/kandydaci\\\/oplaty\\\/#primaryimage\"},\"image\":{\"@id\":\"https:\\\/\\\/www.amuz.krakow.pl\\\/kandydaci\\\/oplaty\\\/#primaryimage\"},\"thumbnailUrl\":\"https:\\\/\\\/www.amuz.krakow.pl\\\/wp-content\\\/uploads\\\/2026\\\/05\\\/Rekrutacja-2026_2027-grafiki__rekrutacja-2026-2027-kafelek.jpg\",\"datePublished\":\"2023-04-18T12:06:03+00:00\",\"dateModified\":\"2026-05-07T14:20:27+00:00\",\"breadcrumb\":{\"@id\":\"https:\\\/\\\/www.amuz.krakow.pl\\\/kandydaci\\\/oplaty\\\/#breadcrumb\"},\"inLanguage\":\"en-US\",\"potentialAction\":[{\"@type\":\"ReadAction\",\"target\":[\"https:\\\/\\\/www.amuz.krakow.pl\\\/kandydaci\\\/oplaty\\\/\"]}]},{\"@type\":\"ImageObject\",\"inLanguage\":\"en-US\",\"@id\":\"https:\\\/\\\/www.amuz.krakow.pl\\\/kandydaci\\\/oplaty\\\/#primaryimage\",\"url\":\"https:\\\/\\\/www.amuz.krakow.pl\\\/wp-content\\\/uploads\\\/2026\\\/05\\\/Rekrutacja-2026_2027-grafiki__rekrutacja-2026-2027-kafelek.jpg\",\"contentUrl\":\"https:\\\/\\\/www.amuz.krakow.pl\\\/wp-content\\\/uploads\\\/2026\\\/05\\\/Rekrutacja-2026_2027-grafiki__rekrutacja-2026-2027-kafelek.jpg\",\"width\":1773,\"height\":887},{\"@type\":\"BreadcrumbList\",\"@id\":\"https:\\\/\\\/www.amuz.krakow.pl\\\/kandydaci\\\/oplaty\\\/#breadcrumb\",\"itemListElement\":[{\"@type\":\"ListItem\",\"position\":1,\"name\":\"Strona g\u0142\u00f3wna\",\"item\":\"https:\\\/\\\/www.amuz.krakow.pl\\\/\"},{\"@type\":\"ListItem\",\"position\":2,\"name\":\"Kandydaci\",\"item\":\"https:\\\/\\\/www.amuz.krakow.pl\\\/kandydaci\\\/\"},{\"@type\":\"ListItem\",\"position\":3,\"name\":\"Op\u0142aty\"}]},{\"@type\":\"WebSite\",\"@id\":\"https:\\\/\\\/www.amuz.krakow.pl\\\/#website\",\"url\":\"https:\\\/\\\/www.amuz.krakow.pl\\\/\",\"name\":\"Akademia Muzyczna im. Krzysztofa Pendereckiego w Krakowie\",\"description\":\"Oficjalna strona Akademii Muzycznej im. Krzysztofa Pendereckiego w Krakowie (AMKP).\",\"publisher\":{\"@id\":\"https:\\\/\\\/www.amuz.krakow.pl\\\/#organization\"},\"alternateName\":\"AMKP\",\"potentialAction\":[{\"@type\":\"SearchAction\",\"target\":{\"@type\":\"EntryPoint\",\"urlTemplate\":\"https:\\\/\\\/www.amuz.krakow.pl\\\/?s={search_term_string}\"},\"query-input\":{\"@type\":\"PropertyValueSpecification\",\"valueRequired\":true,\"valueName\":\"search_term_string\"}}],\"inLanguage\":\"en-US\"},{\"@type\":\"Organization\",\"@id\":\"https:\\\/\\\/www.amuz.krakow.pl\\\/#organization\",\"name\":\"Akademia Muzyczna im. Krzysztofa Pendereckiego w Krakowie\",\"alternateName\":\"AMKP\",\"url\":\"https:\\\/\\\/www.amuz.krakow.pl\\\/\",\"logo\":{\"@type\":\"ImageObject\",\"inLanguage\":\"en-US\",\"@id\":\"https:\\\/\\\/www.amuz.krakow.pl\\\/#\\\/schema\\\/logo\\\/image\\\/\",\"url\":\"https:\\\/\\\/www.amuz.krakow.pl\\\/wp-content\\\/uploads\\\/2021\\\/11\\\/amkp.jpg\",\"contentUrl\":\"https:\\\/\\\/www.amuz.krakow.pl\\\/wp-content\\\/uploads\\\/2021\\\/11\\\/amkp.jpg\",\"width\":1193,\"height\":591,\"caption\":\"Akademia Muzyczna im. Krzysztofa Pendereckiego w Krakowie\"},\"image\":{\"@id\":\"https:\\\/\\\/www.amuz.krakow.pl\\\/#\\\/schema\\\/logo\\\/image\\\/\"},\"sameAs\":[\"https:\\\/\\\/www.facebook.com\\\/amuz.krakow\",\"https:\\\/\\\/www.instagram.com\\\/amkpenderecki\\\/\",\"https:\\\/\\\/www.youtube.com\\\/@amkpenderecki4806\"]}]}<\/script>\n<!-- \/ Yoast SEO plugin. -->","yoast_head_json":{"title":"AMKP - Akademia Muzyczna im. Krzysztofa Pendereckiego w Krakowie","robots":{"index":"index","follow":"follow","max-snippet":"max-snippet:-1","max-image-preview":"max-image-preview:large","max-video-preview":"max-video-preview:-1"},"canonical":"https:\/\/www.amuz.krakow.pl\/kandydaci\/oplaty\/","og_locale":"en_US","og_type":"article","og_title":"AMKP - Akademia Muzyczna im. Krzysztofa Pendereckiego w Krakowie","og_description":"FEE FOR THE ENTRANCE EXAM AND ADMISSIONS PROCESS The recruitment fee shall be paid to: Akademia Muzyczna im. Krzysztofa Pendereckiego w Krakowie \u015awi\u0119tego Tomasza 43, 31-027 Krak\u00f3w Bank PEKAO SA,&hellip; Continue reading","og_url":"https:\/\/www.amuz.krakow.pl\/kandydaci\/oplaty\/","og_site_name":"Akademia Muzyczna im. Krzysztofa Pendereckiego w Krakowie","article_publisher":"https:\/\/www.facebook.com\/amuz.krakow","article_modified_time":"2026-05-07T14:20:27+00:00","og_image":[{"width":1773,"height":887,"url":"https:\/\/www.amuz.krakow.pl\/wp-content\/uploads\/2026\/05\/Rekrutacja-2026_2027-grafiki__rekrutacja-2026-2027-kafelek.jpg","type":"image\/jpeg"}],"twitter_card":"summary_large_image","twitter_misc":{"Est. reading time":"3 minutes"},"schema":{"@context":"https:\/\/schema.org","@graph":[{"@type":"WebPage","@id":"https:\/\/www.amuz.krakow.pl\/kandydaci\/oplaty\/","url":"https:\/\/www.amuz.krakow.pl\/kandydaci\/oplaty\/","name":"AMKP - Akademia Muzyczna im. Krzysztofa Pendereckiego w Krakowie","isPartOf":{"@id":"https:\/\/www.amuz.krakow.pl\/#website"},"primaryImageOfPage":{"@id":"https:\/\/www.amuz.krakow.pl\/kandydaci\/oplaty\/#primaryimage"},"image":{"@id":"https:\/\/www.amuz.krakow.pl\/kandydaci\/oplaty\/#primaryimage"},"thumbnailUrl":"https:\/\/www.amuz.krakow.pl\/wp-content\/uploads\/2026\/05\/Rekrutacja-2026_2027-grafiki__rekrutacja-2026-2027-kafelek.jpg","datePublished":"2023-04-18T12:06:03+00:00","dateModified":"2026-05-07T14:20:27+00:00","breadcrumb":{"@id":"https:\/\/www.amuz.krakow.pl\/kandydaci\/oplaty\/#breadcrumb"},"inLanguage":"en-US","potentialAction":[{"@type":"ReadAction","target":["https:\/\/www.amuz.krakow.pl\/kandydaci\/oplaty\/"]}]},{"@type":"ImageObject","inLanguage":"en-US","@id":"https:\/\/www.amuz.krakow.pl\/kandydaci\/oplaty\/#primaryimage","url":"https:\/\/www.amuz.krakow.pl\/wp-content\/uploads\/2026\/05\/Rekrutacja-2026_2027-grafiki__rekrutacja-2026-2027-kafelek.jpg","contentUrl":"https:\/\/www.amuz.krakow.pl\/wp-content\/uploads\/2026\/05\/Rekrutacja-2026_2027-grafiki__rekrutacja-2026-2027-kafelek.jpg","width":1773,"height":887},{"@type":"BreadcrumbList","@id":"https:\/\/www.amuz.krakow.pl\/kandydaci\/oplaty\/#breadcrumb","itemListElement":[{"@type":"ListItem","position":1,"name":"Strona g\u0142\u00f3wna","item":"https:\/\/www.amuz.krakow.pl\/"},{"@type":"ListItem","position":2,"name":"Kandydaci","item":"https:\/\/www.amuz.krakow.pl\/kandydaci\/"},{"@type":"ListItem","position":3,"name":"Op\u0142aty"}]},{"@type":"WebSite","@id":"https:\/\/www.amuz.krakow.pl\/#website","url":"https:\/\/www.amuz.krakow.pl\/","name":"Akademia Muzyczna im. Krzysztofa Pendereckiego w Krakowie","description":"Oficjalna strona Akademii Muzycznej im. Krzysztofa Pendereckiego w Krakowie (AMKP).","publisher":{"@id":"https:\/\/www.amuz.krakow.pl\/#organization"},"alternateName":"AMKP","potentialAction":[{"@type":"SearchAction","target":{"@type":"EntryPoint","urlTemplate":"https:\/\/www.amuz.krakow.pl\/?s={search_term_string}"},"query-input":{"@type":"PropertyValueSpecification","valueRequired":true,"valueName":"search_term_string"}}],"inLanguage":"en-US"},{"@type":"Organization","@id":"https:\/\/www.amuz.krakow.pl\/#organization","name":"Akademia Muzyczna im. Krzysztofa Pendereckiego w Krakowie","alternateName":"AMKP","url":"https:\/\/www.amuz.krakow.pl\/","logo":{"@type":"ImageObject","inLanguage":"en-US","@id":"https:\/\/www.amuz.krakow.pl\/#\/schema\/logo\/image\/","url":"https:\/\/www.amuz.krakow.pl\/wp-content\/uploads\/2021\/11\/amkp.jpg","contentUrl":"https:\/\/www.amuz.krakow.pl\/wp-content\/uploads\/2021\/11\/amkp.jpg","width":1193,"height":591,"caption":"Akademia Muzyczna im. Krzysztofa Pendereckiego w Krakowie"},"image":{"@id":"https:\/\/www.amuz.krakow.pl\/#\/schema\/logo\/image\/"},"sameAs":["https:\/\/www.facebook.com\/amuz.krakow","https:\/\/www.instagram.com\/amkpenderecki\/","https:\/\/www.youtube.com\/@amkpenderecki4806"]}]}},"_links":{"self":[{"href":"https:\/\/www.amuz.krakow.pl\/en\/wp-json\/wp\/v2\/pages\/73404","targetHints":{"allow":["GET"]}}],"collection":[{"href":"https:\/\/www.amuz.krakow.pl\/en\/wp-json\/wp\/v2\/pages"}],"about":[{"href":"https:\/\/www.amuz.krakow.pl\/en\/wp-json\/wp\/v2\/types\/page"}],"author":[{"embeddable":true,"href":"https:\/\/www.amuz.krakow.pl\/en\/wp-json\/wp\/v2\/users\/72"}],"replies":[{"embeddable":true,"href":"https:\/\/www.amuz.krakow.pl\/en\/wp-json\/wp\/v2\/comments?post=73404"}],"version-history":[{"count":16,"href":"https:\/\/www.amuz.krakow.pl\/en\/wp-json\/wp\/v2\/pages\/73404\/revisions"}],"predecessor-version":[{"id":119848,"href":"https:\/\/www.amuz.krakow.pl\/en\/wp-json\/wp\/v2\/pages\/73404\/revisions\/119848"}],"up":[{"embeddable":true,"href":"https:\/\/www.amuz.krakow.pl\/en\/wp-json\/wp\/v2\/pages\/5"}],"wp:featuredmedia":[{"embeddable":true,"href":"https:\/\/www.amuz.krakow.pl\/en\/wp-json\/wp\/v2\/media\/119831"}],"wp:attachment":[{"href":"https:\/\/www.amuz.krakow.pl\/en\/wp-json\/wp\/v2\/media?parent=73404"}],"curies":[{"name":"wp","href":"https:\/\/api.w.org\/{rel}","templated":true}]}}