{"id":72147,"date":"2023-03-10T12:21:38","date_gmt":"2023-03-10T11:21:38","guid":{"rendered":"https:\/\/www.amuz.krakow.pl\/?page_id=72147"},"modified":"2026-04-01T16:11:25","modified_gmt":"2026-04-01T14:11:25","slug":"wojciech-koprowski-skrzypce","status":"publish","type":"page","link":"https:\/\/www.amuz.krakow.pl\/en\/letnia-akademia-muzyczna\/wykaz-kursow\/instrumenty-smyczkowe\/wojciech-koprowski-skrzypce\/","title":{"rendered":"Wojciech Koprowski &#8211; violin"},"content":{"rendered":"<p><figure id=\"attachment_72143\" aria-describedby=\"caption-attachment-72143\" style=\"width: 300px\" class=\"wp-caption aligncenter\"><a href=\"https:\/\/www.amuz.krakow.pl\/wp-content\/uploads\/2023\/03\/Koprowski-BIO-foto-A.Wasik-Plocinska-scaled.jpeg\" target=\"_blank\" rel=\"noopener\"><img loading=\"lazy\" decoding=\"async\" class=\"wp-image-72143 size-medium\" src=\"https:\/\/www.amuz.krakow.pl\/wp-content\/uploads\/2023\/03\/Koprowski-BIO-foto-A.Wasik-Plocinska-300x200.jpeg\" alt=\"\" width=\"300\" height=\"200\" srcset=\"https:\/\/www.amuz.krakow.pl\/wp-content\/uploads\/2023\/03\/Koprowski-BIO-foto-A.Wasik-Plocinska-300x200.jpeg 300w, https:\/\/www.amuz.krakow.pl\/wp-content\/uploads\/2023\/03\/Koprowski-BIO-foto-A.Wasik-Plocinska-scaled.jpeg 2048w, https:\/\/www.amuz.krakow.pl\/wp-content\/uploads\/2023\/03\/Koprowski-BIO-foto-A.Wasik-Plocinska-768x512.jpeg 768w, https:\/\/www.amuz.krakow.pl\/wp-content\/uploads\/2023\/03\/Koprowski-BIO-foto-A.Wasik-Plocinska-1536x1024.jpeg 1536w\" sizes=\"auto, (max-width: 300px) 100vw, 300px\" \/><\/a><figcaption id=\"caption-attachment-72143\" class=\"wp-caption-text\">Photo by Anita W\u0105sik-P\u0142oci\u0144ska<\/figcaption><\/figure><\/p>\n<p>Violinist, soloist and chamber musician, educator.<\/p>\n<p>He is one of the few violinists to perform all Eug\u00e8ne Ysa\u00ffe\u2019s Sonatas for solo violin Op. 27 as part of one recital. His debut album \u201cYsa\u00ffe Impressions\u201d was nominated for the Fryderyk 2010 Award in the categories of solo recital of the year and debut of the year. As a soloist, he performed with such orchestras as the Max Bruch Philharmonie (Sonderhausen, Germany), Philharmonie Baden-Baden as well as Warsaw, Baltic, Zielona Gora, Lodz, Rzeszow, Czestochowa and Opole Philharmonics, Chopin University Symphony Orchestra, Camerata Vistula and Cappella Gedanensis. Since 2007, he has been a violinist of the Meccore String Quartet, considered one of the most interesting string quartets of its generation. Along with the ensemble, he performs all over the world in the most prestigious concert halls such as: Concertgebouw in Amsterdam, Wigmore Hall in London, Musikverein in Vienna, Elbphilharmonie in Hamburg, Beethoven-Haus in Bonn and Bozar in Brussels, as well as in the majority of Polish philharmonics.<\/p>\n<p>Wojciech Koprowski studied under the tutelage of such outstanding educators as: Roman Lasocki, Tomasz Bartosiak, Miros\u0142aw \u0141awrynowicz and Andrzej G\u0119bski, as well as Wolfgang Marschner and Ariane Math\u00e4us at the Spohr Akademie in Freiburg. In 2011, he graduated with honours from the Chopin University of Music in Warsaw in the class of professor Konstanty Andrzej Kulka. Together with the Meccore String Quartet, he studied under the direction of the musicians from the Camerata quartet, Artemis Quartett (at Universit\u00e4t der K\u00fcnste in Berlin and Queen Elisabeth Music Chapel in Brussels), as well as G\u00fcnter Pichler from Alban Berg Quartett (at Escuela Superior de M\u00fasica Reina Sof\u00eda in Madrid).<\/p>\n<p>Wojciech Koprowski is the winner of 15 awards at international and national violin and chamber music competitions. Among his most important awards there are: 2nd prize at the Louis Spohr Competition in Weimar, 2nd prize at the Karol Szymanowski International Music Competition in Lodz, 2nd prize at the International Baltic Competition in Gdansk and 4th prize at the International Louis Spohr Competition in Freiburg as well as 2nd prize in Lublin (Stanis\u0142aw Serwaczy\u0144ski Competition) and 1st prize in Poznan (J. F. Telemann Competition) and Gdansk (Aleksandra Januszajtis In Memoriam Competition). Together with the Meccore String Quartet, he won a number of top prizes at international competitions in London (Wigmore Hall String Quartet Competition), Reggio Emilia (\u201cPremio Paolo Borciani\u201d) and Germany (Max Reger Competition in Weiden and Max Reger Competition in Sondershausen). Thanks to its numerous awards, the Meccore String Quartet was also nominated for the Polityka\u2019s \u201cPassport\u201d Award in the classical music category for \u201cboldly breaking the conventions and stereotypes\u201d.<\/p>\n<p>Wojciech Koprowski has made numerous radio and television recordings, including those for the Lublin Philharmonic (\u201cLa Prelude\u201d by H. Wieniawski) and (together with the Meccore String Quartet) for Polskie Radio Program II, Bayerischer Rundfunk, BBC Radio 3, Radio Cl\u00e1sica RTVE, Rai3, Radio Stephansdom, Radio Merkury, NDR Kultur, ZDF, Phoenix and WQXR. The performance of F. Schubert\u2019s string quartet \u201cDeath and the Maiden\u201d for TVP Kultura was nominated for the Gwarancje Kultury 2011 Award. Apart from the aforementioned album \u201cYsa\u00ffe Impressions\u201d (CD Accord), the artist\u2019s discography includes the award-winning albums of the Meccore String Quartet: \u201cSzymanowski &amp; Debussy\u201d for Warner Music (nominated for the Fryderyk 2016 Award and the German magazine Pizzicato\u2019s Supersonic Award), \u201cGrieg: Complete String Quartets\u201d for MDG Scene (nominated for the Fryderyk 2018 Award and Preis der Deutschen Schallplattenkritik Award) and \u201cTchaikovsky: Complete String Quartets vol. 1\u201d for MDG Scene as well, recorded in collaboration with Isabel Charisius and Valentine Erben, musicians of the legendary Alban Berg Quartett.<\/p>\n<p>In addition to performing numerous concerts, Wojciech Koprowski is also an active educator. He is an assistant professor at the Chopin University of Music in Warsaw and the Krzysztof Penderecki Music Academy in Krakow, where he leads a violin and a string quartet class. He conducted master classes in Berlin (Germany), Bern (Switzerland), San Miguel (Mexico), as well as multiple master classes in the US and in Krakow, Warsaw and Lodz. He was also invited to form part of the jury in an interstate string quartet competition in the US.<\/p>\n<p>The artist plays a 2013 instrument by Krzysztof Krupa.<\/p>","protected":false},"excerpt":{"rendered":"<p>Violinist, soloist and chamber musician, educator. He is one of the few violinists to perform all Eug\u00e8ne Ysa\u00ffe\u2019s Sonatas for solo violin Op. 27 as part of one recital. His&hellip; <a href=\"https:\/\/www.amuz.krakow.pl\/en\/letnia-akademia-muzyczna\/wykaz-kursow\/instrumenty-smyczkowe\/wojciech-koprowski-skrzypce\/\">Continue reading<\/a><\/p>\n","protected":false},"author":72,"featured_media":72143,"parent":47052,"menu_order":2,"comment_status":"closed","ping_status":"closed","template":"","meta":{"footnotes":"","_links_to":"","_links_to_target":""},"class_list":["post-72147","page","type-page","status-publish","has-post-thumbnail","hentry"],"yoast_head":"<!-- This site is optimized with the Yoast SEO plugin v27.4 - https:\/\/yoast.com\/product\/yoast-seo-wordpress\/ -->\n<title>AMKP - Akademia Muzyczna im. Krzysztofa Pendereckiego w Krakowie<\/title>\n<meta name=\"robots\" content=\"index, follow, max-snippet:-1, max-image-preview:large, max-video-preview:-1\" \/>\n<link rel=\"canonical\" href=\"https:\/\/www.amuz.krakow.pl\/letnia-akademia-muzyczna\/wykaz-kursow\/instrumenty-smyczkowe\/wojciech-koprowski-skrzypce\/\" \/>\n<meta property=\"og:locale\" content=\"en_US\" \/>\n<meta property=\"og:type\" content=\"article\" \/>\n<meta property=\"og:title\" content=\"AMKP - Akademia Muzyczna im. Krzysztofa Pendereckiego w Krakowie\" \/>\n<meta property=\"og:description\" content=\"Violinist, soloist and chamber musician, educator. He is one of the few violinists to perform all Eug\u00e8ne Ysa\u00ffe\u2019s Sonatas for solo violin Op. 27 as part of one recital. His&hellip; Continue reading\" \/>\n<meta property=\"og:url\" content=\"https:\/\/www.amuz.krakow.pl\/letnia-akademia-muzyczna\/wykaz-kursow\/instrumenty-smyczkowe\/wojciech-koprowski-skrzypce\/\" \/>\n<meta property=\"og:site_name\" content=\"Akademia Muzyczna im. Krzysztofa Pendereckiego w Krakowie\" \/>\n<meta property=\"article:publisher\" content=\"https:\/\/www.facebook.com\/amuz.krakow\" \/>\n<meta property=\"article:modified_time\" content=\"2026-04-01T14:11:25+00:00\" \/>\n<meta property=\"og:image\" content=\"https:\/\/www.amuz.krakow.pl\/wp-content\/uploads\/2023\/03\/Koprowski-BIO-foto-A.Wasik-Plocinska-scaled.jpeg\" \/>\n\t<meta property=\"og:image:width\" content=\"2048\" \/>\n\t<meta property=\"og:image:height\" content=\"1365\" \/>\n\t<meta property=\"og:image:type\" content=\"image\/jpeg\" \/>\n<meta name=\"twitter:card\" content=\"summary_large_image\" \/>\n<meta name=\"twitter:label1\" content=\"Est. reading time\" \/>\n\t<meta name=\"twitter:data1\" content=\"5 minutes\" \/>\n<script type=\"application\/ld+json\" class=\"yoast-schema-graph\">{\"@context\":\"https:\\\/\\\/schema.org\",\"@graph\":[{\"@type\":\"WebPage\",\"@id\":\"https:\\\/\\\/www.amuz.krakow.pl\\\/letnia-akademia-muzyczna\\\/wykaz-kursow\\\/instrumenty-smyczkowe\\\/wojciech-koprowski-skrzypce\\\/\",\"url\":\"https:\\\/\\\/www.amuz.krakow.pl\\\/letnia-akademia-muzyczna\\\/wykaz-kursow\\\/instrumenty-smyczkowe\\\/wojciech-koprowski-skrzypce\\\/\",\"name\":\"AMKP - Akademia Muzyczna im. Krzysztofa Pendereckiego w Krakowie\",\"isPartOf\":{\"@id\":\"https:\\\/\\\/www.amuz.krakow.pl\\\/#website\"},\"primaryImageOfPage\":{\"@id\":\"https:\\\/\\\/www.amuz.krakow.pl\\\/letnia-akademia-muzyczna\\\/wykaz-kursow\\\/instrumenty-smyczkowe\\\/wojciech-koprowski-skrzypce\\\/#primaryimage\"},\"image\":{\"@id\":\"https:\\\/\\\/www.amuz.krakow.pl\\\/letnia-akademia-muzyczna\\\/wykaz-kursow\\\/instrumenty-smyczkowe\\\/wojciech-koprowski-skrzypce\\\/#primaryimage\"},\"thumbnailUrl\":\"https:\\\/\\\/www.amuz.krakow.pl\\\/wp-content\\\/uploads\\\/2023\\\/03\\\/Koprowski-BIO-foto-A.Wasik-Plocinska-scaled.jpeg\",\"datePublished\":\"2023-03-10T11:21:38+00:00\",\"dateModified\":\"2026-04-01T14:11:25+00:00\",\"breadcrumb\":{\"@id\":\"https:\\\/\\\/www.amuz.krakow.pl\\\/letnia-akademia-muzyczna\\\/wykaz-kursow\\\/instrumenty-smyczkowe\\\/wojciech-koprowski-skrzypce\\\/#breadcrumb\"},\"inLanguage\":\"en-US\",\"potentialAction\":[{\"@type\":\"ReadAction\",\"target\":[\"https:\\\/\\\/www.amuz.krakow.pl\\\/letnia-akademia-muzyczna\\\/wykaz-kursow\\\/instrumenty-smyczkowe\\\/wojciech-koprowski-skrzypce\\\/\"]}]},{\"@type\":\"ImageObject\",\"inLanguage\":\"en-US\",\"@id\":\"https:\\\/\\\/www.amuz.krakow.pl\\\/letnia-akademia-muzyczna\\\/wykaz-kursow\\\/instrumenty-smyczkowe\\\/wojciech-koprowski-skrzypce\\\/#primaryimage\",\"url\":\"https:\\\/\\\/www.amuz.krakow.pl\\\/wp-content\\\/uploads\\\/2023\\\/03\\\/Koprowski-BIO-foto-A.Wasik-Plocinska-scaled.jpeg\",\"contentUrl\":\"https:\\\/\\\/www.amuz.krakow.pl\\\/wp-content\\\/uploads\\\/2023\\\/03\\\/Koprowski-BIO-foto-A.Wasik-Plocinska-scaled.jpeg\",\"width\":2048,\"height\":1365},{\"@type\":\"BreadcrumbList\",\"@id\":\"https:\\\/\\\/www.amuz.krakow.pl\\\/letnia-akademia-muzyczna\\\/wykaz-kursow\\\/instrumenty-smyczkowe\\\/wojciech-koprowski-skrzypce\\\/#breadcrumb\",\"itemListElement\":[{\"@type\":\"ListItem\",\"position\":1,\"name\":\"Strona g\u0142\u00f3wna\",\"item\":\"https:\\\/\\\/www.amuz.krakow.pl\\\/\"},{\"@type\":\"ListItem\",\"position\":2,\"name\":\"Letnia Akademia Muzyczna\",\"item\":\"https:\\\/\\\/www.amuz.krakow.pl\\\/letnia-akademia-muzyczna\\\/\"},{\"@type\":\"ListItem\",\"position\":3,\"name\":\"Wykaz kurs\u00f3w\",\"item\":\"https:\\\/\\\/www.amuz.krakow.pl\\\/letnia-akademia-muzyczna\\\/wykaz-kursow\\\/\"},{\"@type\":\"ListItem\",\"position\":4,\"name\":\"Instrumenty strunowe\",\"item\":\"https:\\\/\\\/www.amuz.krakow.pl\\\/letnia-akademia-muzyczna\\\/wykaz-kursow\\\/instrumenty-smyczkowe\\\/\"},{\"@type\":\"ListItem\",\"position\":5,\"name\":\"Wojciech Koprowski &#8211; skrzypce\"}]},{\"@type\":\"WebSite\",\"@id\":\"https:\\\/\\\/www.amuz.krakow.pl\\\/#website\",\"url\":\"https:\\\/\\\/www.amuz.krakow.pl\\\/\",\"name\":\"Akademia Muzyczna im. Krzysztofa Pendereckiego w Krakowie\",\"description\":\"Oficjalna strona Akademii Muzycznej im. Krzysztofa Pendereckiego w Krakowie (AMKP).\",\"publisher\":{\"@id\":\"https:\\\/\\\/www.amuz.krakow.pl\\\/#organization\"},\"alternateName\":\"AMKP\",\"potentialAction\":[{\"@type\":\"SearchAction\",\"target\":{\"@type\":\"EntryPoint\",\"urlTemplate\":\"https:\\\/\\\/www.amuz.krakow.pl\\\/?s={search_term_string}\"},\"query-input\":{\"@type\":\"PropertyValueSpecification\",\"valueRequired\":true,\"valueName\":\"search_term_string\"}}],\"inLanguage\":\"en-US\"},{\"@type\":\"Organization\",\"@id\":\"https:\\\/\\\/www.amuz.krakow.pl\\\/#organization\",\"name\":\"Akademia Muzyczna im. Krzysztofa Pendereckiego w Krakowie\",\"alternateName\":\"AMKP\",\"url\":\"https:\\\/\\\/www.amuz.krakow.pl\\\/\",\"logo\":{\"@type\":\"ImageObject\",\"inLanguage\":\"en-US\",\"@id\":\"https:\\\/\\\/www.amuz.krakow.pl\\\/#\\\/schema\\\/logo\\\/image\\\/\",\"url\":\"https:\\\/\\\/www.amuz.krakow.pl\\\/wp-content\\\/uploads\\\/2021\\\/11\\\/amkp.jpg\",\"contentUrl\":\"https:\\\/\\\/www.amuz.krakow.pl\\\/wp-content\\\/uploads\\\/2021\\\/11\\\/amkp.jpg\",\"width\":1193,\"height\":591,\"caption\":\"Akademia Muzyczna im. Krzysztofa Pendereckiego w Krakowie\"},\"image\":{\"@id\":\"https:\\\/\\\/www.amuz.krakow.pl\\\/#\\\/schema\\\/logo\\\/image\\\/\"},\"sameAs\":[\"https:\\\/\\\/www.facebook.com\\\/amuz.krakow\",\"https:\\\/\\\/www.instagram.com\\\/amkpenderecki\\\/\",\"https:\\\/\\\/www.youtube.com\\\/@amkpenderecki4806\"]}]}<\/script>\n<!-- \/ Yoast SEO plugin. -->","yoast_head_json":{"title":"AMKP - Akademia Muzyczna im. Krzysztofa Pendereckiego w Krakowie","robots":{"index":"index","follow":"follow","max-snippet":"max-snippet:-1","max-image-preview":"max-image-preview:large","max-video-preview":"max-video-preview:-1"},"canonical":"https:\/\/www.amuz.krakow.pl\/letnia-akademia-muzyczna\/wykaz-kursow\/instrumenty-smyczkowe\/wojciech-koprowski-skrzypce\/","og_locale":"en_US","og_type":"article","og_title":"AMKP - Akademia Muzyczna im. Krzysztofa Pendereckiego w Krakowie","og_description":"Violinist, soloist and chamber musician, educator. He is one of the few violinists to perform all Eug\u00e8ne Ysa\u00ffe\u2019s Sonatas for solo violin Op. 27 as part of one recital. His&hellip; Continue reading","og_url":"https:\/\/www.amuz.krakow.pl\/letnia-akademia-muzyczna\/wykaz-kursow\/instrumenty-smyczkowe\/wojciech-koprowski-skrzypce\/","og_site_name":"Akademia Muzyczna im. Krzysztofa Pendereckiego w Krakowie","article_publisher":"https:\/\/www.facebook.com\/amuz.krakow","article_modified_time":"2026-04-01T14:11:25+00:00","og_image":[{"width":2048,"height":1365,"url":"https:\/\/www.amuz.krakow.pl\/wp-content\/uploads\/2023\/03\/Koprowski-BIO-foto-A.Wasik-Plocinska-scaled.jpeg","type":"image\/jpeg"}],"twitter_card":"summary_large_image","twitter_misc":{"Est. reading time":"5 minutes"},"schema":{"@context":"https:\/\/schema.org","@graph":[{"@type":"WebPage","@id":"https:\/\/www.amuz.krakow.pl\/letnia-akademia-muzyczna\/wykaz-kursow\/instrumenty-smyczkowe\/wojciech-koprowski-skrzypce\/","url":"https:\/\/www.amuz.krakow.pl\/letnia-akademia-muzyczna\/wykaz-kursow\/instrumenty-smyczkowe\/wojciech-koprowski-skrzypce\/","name":"AMKP - Akademia Muzyczna im. Krzysztofa Pendereckiego w Krakowie","isPartOf":{"@id":"https:\/\/www.amuz.krakow.pl\/#website"},"primaryImageOfPage":{"@id":"https:\/\/www.amuz.krakow.pl\/letnia-akademia-muzyczna\/wykaz-kursow\/instrumenty-smyczkowe\/wojciech-koprowski-skrzypce\/#primaryimage"},"image":{"@id":"https:\/\/www.amuz.krakow.pl\/letnia-akademia-muzyczna\/wykaz-kursow\/instrumenty-smyczkowe\/wojciech-koprowski-skrzypce\/#primaryimage"},"thumbnailUrl":"https:\/\/www.amuz.krakow.pl\/wp-content\/uploads\/2023\/03\/Koprowski-BIO-foto-A.Wasik-Plocinska-scaled.jpeg","datePublished":"2023-03-10T11:21:38+00:00","dateModified":"2026-04-01T14:11:25+00:00","breadcrumb":{"@id":"https:\/\/www.amuz.krakow.pl\/letnia-akademia-muzyczna\/wykaz-kursow\/instrumenty-smyczkowe\/wojciech-koprowski-skrzypce\/#breadcrumb"},"inLanguage":"en-US","potentialAction":[{"@type":"ReadAction","target":["https:\/\/www.amuz.krakow.pl\/letnia-akademia-muzyczna\/wykaz-kursow\/instrumenty-smyczkowe\/wojciech-koprowski-skrzypce\/"]}]},{"@type":"ImageObject","inLanguage":"en-US","@id":"https:\/\/www.amuz.krakow.pl\/letnia-akademia-muzyczna\/wykaz-kursow\/instrumenty-smyczkowe\/wojciech-koprowski-skrzypce\/#primaryimage","url":"https:\/\/www.amuz.krakow.pl\/wp-content\/uploads\/2023\/03\/Koprowski-BIO-foto-A.Wasik-Plocinska-scaled.jpeg","contentUrl":"https:\/\/www.amuz.krakow.pl\/wp-content\/uploads\/2023\/03\/Koprowski-BIO-foto-A.Wasik-Plocinska-scaled.jpeg","width":2048,"height":1365},{"@type":"BreadcrumbList","@id":"https:\/\/www.amuz.krakow.pl\/letnia-akademia-muzyczna\/wykaz-kursow\/instrumenty-smyczkowe\/wojciech-koprowski-skrzypce\/#breadcrumb","itemListElement":[{"@type":"ListItem","position":1,"name":"Strona g\u0142\u00f3wna","item":"https:\/\/www.amuz.krakow.pl\/"},{"@type":"ListItem","position":2,"name":"Letnia Akademia Muzyczna","item":"https:\/\/www.amuz.krakow.pl\/letnia-akademia-muzyczna\/"},{"@type":"ListItem","position":3,"name":"Wykaz kurs\u00f3w","item":"https:\/\/www.amuz.krakow.pl\/letnia-akademia-muzyczna\/wykaz-kursow\/"},{"@type":"ListItem","position":4,"name":"Instrumenty strunowe","item":"https:\/\/www.amuz.krakow.pl\/letnia-akademia-muzyczna\/wykaz-kursow\/instrumenty-smyczkowe\/"},{"@type":"ListItem","position":5,"name":"Wojciech Koprowski &#8211; skrzypce"}]},{"@type":"WebSite","@id":"https:\/\/www.amuz.krakow.pl\/#website","url":"https:\/\/www.amuz.krakow.pl\/","name":"Akademia Muzyczna im. Krzysztofa Pendereckiego w Krakowie","description":"Oficjalna strona Akademii Muzycznej im. Krzysztofa Pendereckiego w Krakowie (AMKP).","publisher":{"@id":"https:\/\/www.amuz.krakow.pl\/#organization"},"alternateName":"AMKP","potentialAction":[{"@type":"SearchAction","target":{"@type":"EntryPoint","urlTemplate":"https:\/\/www.amuz.krakow.pl\/?s={search_term_string}"},"query-input":{"@type":"PropertyValueSpecification","valueRequired":true,"valueName":"search_term_string"}}],"inLanguage":"en-US"},{"@type":"Organization","@id":"https:\/\/www.amuz.krakow.pl\/#organization","name":"Akademia Muzyczna im. Krzysztofa Pendereckiego w Krakowie","alternateName":"AMKP","url":"https:\/\/www.amuz.krakow.pl\/","logo":{"@type":"ImageObject","inLanguage":"en-US","@id":"https:\/\/www.amuz.krakow.pl\/#\/schema\/logo\/image\/","url":"https:\/\/www.amuz.krakow.pl\/wp-content\/uploads\/2021\/11\/amkp.jpg","contentUrl":"https:\/\/www.amuz.krakow.pl\/wp-content\/uploads\/2021\/11\/amkp.jpg","width":1193,"height":591,"caption":"Akademia Muzyczna im. Krzysztofa Pendereckiego w Krakowie"},"image":{"@id":"https:\/\/www.amuz.krakow.pl\/#\/schema\/logo\/image\/"},"sameAs":["https:\/\/www.facebook.com\/amuz.krakow","https:\/\/www.instagram.com\/amkpenderecki\/","https:\/\/www.youtube.com\/@amkpenderecki4806"]}]}},"_links":{"self":[{"href":"https:\/\/www.amuz.krakow.pl\/en\/wp-json\/wp\/v2\/pages\/72147","targetHints":{"allow":["GET"]}}],"collection":[{"href":"https:\/\/www.amuz.krakow.pl\/en\/wp-json\/wp\/v2\/pages"}],"about":[{"href":"https:\/\/www.amuz.krakow.pl\/en\/wp-json\/wp\/v2\/types\/page"}],"author":[{"embeddable":true,"href":"https:\/\/www.amuz.krakow.pl\/en\/wp-json\/wp\/v2\/users\/72"}],"replies":[{"embeddable":true,"href":"https:\/\/www.amuz.krakow.pl\/en\/wp-json\/wp\/v2\/comments?post=72147"}],"version-history":[{"count":1,"href":"https:\/\/www.amuz.krakow.pl\/en\/wp-json\/wp\/v2\/pages\/72147\/revisions"}],"predecessor-version":[{"id":72148,"href":"https:\/\/www.amuz.krakow.pl\/en\/wp-json\/wp\/v2\/pages\/72147\/revisions\/72148"}],"up":[{"embeddable":true,"href":"https:\/\/www.amuz.krakow.pl\/en\/wp-json\/wp\/v2\/pages\/47052"}],"wp:featuredmedia":[{"embeddable":true,"href":"https:\/\/www.amuz.krakow.pl\/en\/wp-json\/wp\/v2\/media\/72143"}],"wp:attachment":[{"href":"https:\/\/www.amuz.krakow.pl\/en\/wp-json\/wp\/v2\/media?parent=72147"}],"curies":[{"name":"wp","href":"https:\/\/api.w.org\/{rel}","templated":true}]}}