{"id":71524,"date":"2023-02-22T14:13:05","date_gmt":"2023-02-22T13:13:05","guid":{"rendered":"https:\/\/www.amuz.krakow.pl\/?page_id=71524"},"modified":"2026-04-08T13:29:20","modified_gmt":"2026-04-08T11:29:20","slug":"teresa-kaminska-wiolonczela-barokowa-wiolonczela","status":"publish","type":"page","link":"https:\/\/www.amuz.krakow.pl\/en\/letnia-akademia-muzyczna\/wykaz-kursow\/instrumenty-smyczkowe\/teresa-kaminska-wiolonczela-barokowa-wiolonczela\/","title":{"rendered":"Teresa Kami\u0144ska &#8211; baroque cello, cello"},"content":{"rendered":"<p><figure id=\"attachment_62632\" aria-describedby=\"caption-attachment-62632\" style=\"width: 222px\" class=\"wp-caption alignleft\"><a href=\"https:\/\/www.amuz.krakow.pl\/wp-content\/uploads\/2022\/05\/Teresa-Kaminska_fot.-archiwum-prywatne.jpg\" target=\"_blank\" rel=\"attachment noopener wp-att-48265\"><img loading=\"lazy\" decoding=\"async\" class=\"wp-image-62632 size-medium\" src=\"https:\/\/www.amuz.krakow.pl\/wp-content\/uploads\/2022\/05\/Teresa-Kaminska_fot.-archiwum-prywatne-222x300.jpg\" alt=\"\" width=\"222\" height=\"300\" srcset=\"https:\/\/www.amuz.krakow.pl\/wp-content\/uploads\/2022\/05\/Teresa-Kaminska_fot.-archiwum-prywatne-222x300.jpg 222w, https:\/\/www.amuz.krakow.pl\/wp-content\/uploads\/2022\/05\/Teresa-Kaminska_fot.-archiwum-prywatne-768x1036.jpg 768w, https:\/\/www.amuz.krakow.pl\/wp-content\/uploads\/2022\/05\/Teresa-Kaminska_fot.-archiwum-prywatne.jpg 1039w\" sizes=\"auto, (max-width: 222px) 100vw, 222px\" \/><\/a><figcaption id=\"caption-attachment-62632\" class=\"wp-caption-text\">fot. archiwum prywatne<\/figcaption><\/figure><\/p>\n<p>A cellist, soloist and chamber musician, a pedagogue. Earned her post-doctoral degree in Arts in 2014 and has been a full and titular professor since 2023. She plays various types of cellos (historical cellos, 5-string<em>\u00a0<\/em>piccolo cello, and modern cello), performing solo and chamber music from the period between the 17th century and the present day.<\/p>\n<p>She was educated at the Secondary Music School in Wroc\u0142aw (diploma with honours, cello class of F. Tatarczyk, M.A.), the Academy of Music in Krak\u00f3w (diploma with honours, cello class of Professor Witold Herman and contemporary chamber music class of Professor A. Kaczy\u0144ski) and at the Sweelinck Conservatorium in Amsterdam (a programme at the Department of Historical Performance Practices in the Baroque cello class of W. M\u00f6ller).<\/p>\n<p>From 1994 to 2011, she taught a cello class at the Academy of Music in Krak\u00f3w, and in 2007 she took over the newly established Baroque cello class. She also teaches chamber music and is in charge of orchestral projects.<\/p>\n<p>The artist\u2019s significant achievements include the premieres of works by contemporary Polish composers: K. Baculewski <em>(Antitheton III <\/em>for violin, cello and harpsichord), B. Kowalski <em>(Contra Tempus)<\/em>, P. Szyma\u0144ski (<em>Concerto grosso)<\/em>, A. Walaci\u0144ski <em>(Duo <\/em>for viola and cello), T. Paciorkiewicz (<em>Andante calmato <\/em>for cello and organ \u2013 the first world recording).<\/p>\n<p>In 2016, together with an English gambist Mark Caudel, she performed C.F. Abel\u2019s sonatas for viola da gamba and cello from the so-called\u00a0<em>Maltzan Manuscript<\/em>\u00a0at London&#8217;s\u00a0<em>Royal College of Music.<\/em>\u00a0This was the contemporary world premiere of those compositions. As a soloist, she has recorded two CDs nominated for the \u201cFryderyk\u201d Music Award: <em>Seven Angels<\/em> (HarpClassics) with the 20th-century compositions for cello and organ and\u00a0<em>A\u00a0cinque cordes <\/em>(Musicon) with her own transcriptions of J.S. Bach&#8217;s works for five-string<em> piccolo <\/em>cello and harpsichord (both with an outstanding Polish artist Marek Toporowski), Bach&#8217;s solo suites BWV 1007 and BWV 1010 for the Bach Festival in \u015awidnica and A. Vivaldi\u2019s\u00a0Concerto for Cello and Bassoon, RV 409 with Giorgio Mandolesi and the ensemble Concerto Polacco (<em>Vivaldi, <\/em>BNL Productions). As a chamber musician or leader of a cello group, she has taken part in the recording of more than thirty CDs (three of which have won the \u201cFryderyk\u201d Music Award and seven have received nominations). She has written transcriptions of works by Handel, Brahms and Schubert.<\/p>\n<p>Her solo repertoire includes both the first cello compositions by G.B. Antoni, D. Gabrielli, D. Galli, F. Supriani, G.B. Vitali, J. Dall Abaco and contemporary works \u2013 by K. Moszuma\u0144ska-Nazar, I. Lindholm, K. Penderecki, A. Walacinski and others. As a cellist, she has performed the solo concertos of C.Ph.E. Bach, J. Haydn, L. Leo, A. Vivaldi, numerous Baroque and early Classical sonatas (e.g. L. Boccherini and J. Duport), as well as sonatas for piano and cello (L. van Beethoven, F. Schubert, J. W\u00f6lfl) on historical cellos. An important place in her artistic body of work is occupied by performances of piano trios by J. Elsner and F. Chopin with historical piano, and string quartets by L. van Beethoven, J. Brahms and D. Shostakovich, the Sextet in B flat major by Brahms and the\u00a0<em>Verkl\u00e4rte Nacht<\/em> by A. Sch\u00f6nberg \u2013 also on historical instruments.<\/p>\n<p>She has collaborated with a number of early music ensembles, co-founded the Wroclaw Baroque Trio and Krakow Classical Quartet, and for many years was associated with Marek Toporowski&#8217;s Concerto Polacco ensemble. She has performed the complete Mystery Sonatas of H. Biber on several occasions, accompanying the excellent violinist Robert Bachara. She has worked with orchestras playing the Baroque, Classical and Romantic repertoire on historical instruments \u2013 primarily with Concerto Polacco, Capella Cracoviensis, Il Tempo and K\u00f6lner\u00a0Akademie. She has performed in Poland and abroad (the Czech Republic, Finland, France, Spain, the Netherlands, Lithuania, Germany, Norway, Slovakia, Sweden, Ukraine, Italy, the United Kingdom) participating in prestigious international festivals, which include: The International Bach Festival in \u015awidnica, Kromer-Biecz Festival, Warsaw Music Meetings \u2018Early Music \u2013 New Music\u2019, Chopin and His Europe, Tage Alter Musik in Herne (Germany), Forum Alte\u00a0Musik K\u00f6ln, Mitteldeutsche Heinrich-Sch\u00fctz-Tage (Weissenfels, Germany), Vestfold Festspillene (Norway), Osteurop\u00e4ische\u00a0Orgelmusiktage (Grossr\u00e4schen, Germany), Uckerm\u00e4rkische\u00a0Musikwochen, Europ\u00e4ische\u00a0Kirchenmusik Festival (Schw\u00e4bisch\u00a0Gm\u00fcnd, Germany), Festspiele\u00a0Europ\u00e4ische\u00a0Wochen Passau (Germany), Festival de musica sacra de Bilbao (Spain), Bachfest in der Neuen\u00a0Bachgesellschaft (Frankfurt an der Oder), Days of the Krakow Composers, Days of Stara\u00a0Hudba (Bratislava), Anima Musica Early Music Festival in Gdynia, Wawel Evenings, Musica\u00a0Poetica Paschal Festival in Tarn\u00f3w, World Music International Festival in Pabianice, Old S\u0105cz Early Music Festival, and others.<\/p>\n<p>She has taught at numerous interpretation courses: <em>The<\/em>\u00a0<em>19th Internationale <\/em><em>Musikwerkstatt<\/em><em>\u00a0<\/em><em>Schloss<\/em><em>\u00a0<\/em><em>Trebnitz<\/em><em>\u00a0<\/em>\u2013 <em>Werkstatt<\/em><em>\u00a0<\/em><em>f\u00fcr<\/em><em>\u00a0<\/em><em>Alte<\/em><em>\u00a0<\/em><em>Musik<\/em>\u00a0Trebnitz (Germany), Summer Music Academy in Krakow, International Summer Academy of Early Music, Early Music Forum at UMFC, Music Master Classes in Gdynia, and Summer Methodical Courses of Early Music in Warsaw. She was also a lecturer at the Polish-German Orchestra Academy.<\/p>\n<p>She is the recipient of a scholarship from the Minister of Culture and the Arts.\u00a0In 2019, she was awarded the badge of honour \u201cMerit for Polish Culture\u201d.<\/p>\n<p>&nbsp;<\/p>","protected":false},"excerpt":{"rendered":"<p>A cellist, soloist and chamber musician, a pedagogue. Earned her post-doctoral degree in Arts in 2014 and has been a full and titular professor since 2023. She plays various types&hellip; <a href=\"https:\/\/www.amuz.krakow.pl\/en\/letnia-akademia-muzyczna\/wykaz-kursow\/instrumenty-smyczkowe\/teresa-kaminska-wiolonczela-barokowa-wiolonczela\/\">Continue reading<\/a><\/p>\n","protected":false},"author":72,"featured_media":62632,"parent":47052,"menu_order":49,"comment_status":"closed","ping_status":"closed","template":"","meta":{"footnotes":"","_links_to":"","_links_to_target":""},"class_list":["post-71524","page","type-page","status-publish","has-post-thumbnail","hentry"],"yoast_head":"<!-- This site is optimized with the Yoast SEO plugin v27.4 - https:\/\/yoast.com\/product\/yoast-seo-wordpress\/ -->\n<title>AMKP - Akademia Muzyczna im. Krzysztofa Pendereckiego w Krakowie<\/title>\n<meta name=\"robots\" content=\"index, follow, max-snippet:-1, max-image-preview:large, max-video-preview:-1\" \/>\n<link rel=\"canonical\" href=\"https:\/\/www.amuz.krakow.pl\/letnia-akademia-muzyczna\/wykaz-kursow\/instrumenty-smyczkowe\/teresa-kaminska-wiolonczela-barokowa-wiolonczela\/\" \/>\n<meta property=\"og:locale\" content=\"en_US\" \/>\n<meta property=\"og:type\" content=\"article\" \/>\n<meta property=\"og:title\" content=\"AMKP - Akademia Muzyczna im. Krzysztofa Pendereckiego w Krakowie\" \/>\n<meta property=\"og:description\" content=\"A cellist, soloist and chamber musician, a pedagogue. Earned her post-doctoral degree in Arts in 2014 and has been a full and titular professor since 2023. She plays various types&hellip; Continue reading\" \/>\n<meta property=\"og:url\" content=\"https:\/\/www.amuz.krakow.pl\/letnia-akademia-muzyczna\/wykaz-kursow\/instrumenty-smyczkowe\/teresa-kaminska-wiolonczela-barokowa-wiolonczela\/\" \/>\n<meta property=\"og:site_name\" content=\"Akademia Muzyczna im. Krzysztofa Pendereckiego w Krakowie\" \/>\n<meta property=\"article:publisher\" content=\"https:\/\/www.facebook.com\/amuz.krakow\" \/>\n<meta property=\"article:modified_time\" content=\"2026-04-08T11:29:20+00:00\" \/>\n<meta property=\"og:image\" content=\"https:\/\/www.amuz.krakow.pl\/wp-content\/uploads\/2022\/05\/Teresa-Kaminska_fot.-archiwum-prywatne.jpg\" \/>\n\t<meta property=\"og:image:width\" content=\"1039\" \/>\n\t<meta property=\"og:image:height\" content=\"1402\" \/>\n\t<meta property=\"og:image:type\" content=\"image\/jpeg\" \/>\n<meta name=\"twitter:card\" content=\"summary_large_image\" \/>\n<meta name=\"twitter:label1\" content=\"Est. reading time\" \/>\n\t<meta name=\"twitter:data1\" content=\"6 minutes\" \/>\n<script type=\"application\/ld+json\" class=\"yoast-schema-graph\">{\"@context\":\"https:\\\/\\\/schema.org\",\"@graph\":[{\"@type\":\"WebPage\",\"@id\":\"https:\\\/\\\/www.amuz.krakow.pl\\\/letnia-akademia-muzyczna\\\/wykaz-kursow\\\/instrumenty-smyczkowe\\\/teresa-kaminska-wiolonczela-barokowa-wiolonczela\\\/\",\"url\":\"https:\\\/\\\/www.amuz.krakow.pl\\\/letnia-akademia-muzyczna\\\/wykaz-kursow\\\/instrumenty-smyczkowe\\\/teresa-kaminska-wiolonczela-barokowa-wiolonczela\\\/\",\"name\":\"AMKP - Akademia Muzyczna im. Krzysztofa Pendereckiego w Krakowie\",\"isPartOf\":{\"@id\":\"https:\\\/\\\/www.amuz.krakow.pl\\\/#website\"},\"primaryImageOfPage\":{\"@id\":\"https:\\\/\\\/www.amuz.krakow.pl\\\/letnia-akademia-muzyczna\\\/wykaz-kursow\\\/instrumenty-smyczkowe\\\/teresa-kaminska-wiolonczela-barokowa-wiolonczela\\\/#primaryimage\"},\"image\":{\"@id\":\"https:\\\/\\\/www.amuz.krakow.pl\\\/letnia-akademia-muzyczna\\\/wykaz-kursow\\\/instrumenty-smyczkowe\\\/teresa-kaminska-wiolonczela-barokowa-wiolonczela\\\/#primaryimage\"},\"thumbnailUrl\":\"https:\\\/\\\/www.amuz.krakow.pl\\\/wp-content\\\/uploads\\\/2022\\\/05\\\/Teresa-Kaminska_fot.-archiwum-prywatne.jpg\",\"datePublished\":\"2023-02-22T13:13:05+00:00\",\"dateModified\":\"2026-04-08T11:29:20+00:00\",\"breadcrumb\":{\"@id\":\"https:\\\/\\\/www.amuz.krakow.pl\\\/letnia-akademia-muzyczna\\\/wykaz-kursow\\\/instrumenty-smyczkowe\\\/teresa-kaminska-wiolonczela-barokowa-wiolonczela\\\/#breadcrumb\"},\"inLanguage\":\"en-US\",\"potentialAction\":[{\"@type\":\"ReadAction\",\"target\":[\"https:\\\/\\\/www.amuz.krakow.pl\\\/letnia-akademia-muzyczna\\\/wykaz-kursow\\\/instrumenty-smyczkowe\\\/teresa-kaminska-wiolonczela-barokowa-wiolonczela\\\/\"]}]},{\"@type\":\"ImageObject\",\"inLanguage\":\"en-US\",\"@id\":\"https:\\\/\\\/www.amuz.krakow.pl\\\/letnia-akademia-muzyczna\\\/wykaz-kursow\\\/instrumenty-smyczkowe\\\/teresa-kaminska-wiolonczela-barokowa-wiolonczela\\\/#primaryimage\",\"url\":\"https:\\\/\\\/www.amuz.krakow.pl\\\/wp-content\\\/uploads\\\/2022\\\/05\\\/Teresa-Kaminska_fot.-archiwum-prywatne.jpg\",\"contentUrl\":\"https:\\\/\\\/www.amuz.krakow.pl\\\/wp-content\\\/uploads\\\/2022\\\/05\\\/Teresa-Kaminska_fot.-archiwum-prywatne.jpg\",\"width\":1039,\"height\":1402,\"caption\":\"fot. archiwum prywatne\"},{\"@type\":\"BreadcrumbList\",\"@id\":\"https:\\\/\\\/www.amuz.krakow.pl\\\/letnia-akademia-muzyczna\\\/wykaz-kursow\\\/instrumenty-smyczkowe\\\/teresa-kaminska-wiolonczela-barokowa-wiolonczela\\\/#breadcrumb\",\"itemListElement\":[{\"@type\":\"ListItem\",\"position\":1,\"name\":\"Strona g\u0142\u00f3wna\",\"item\":\"https:\\\/\\\/www.amuz.krakow.pl\\\/\"},{\"@type\":\"ListItem\",\"position\":2,\"name\":\"Letnia Akademia Muzyczna\",\"item\":\"https:\\\/\\\/www.amuz.krakow.pl\\\/letnia-akademia-muzyczna\\\/\"},{\"@type\":\"ListItem\",\"position\":3,\"name\":\"Wykaz kurs\u00f3w\",\"item\":\"https:\\\/\\\/www.amuz.krakow.pl\\\/letnia-akademia-muzyczna\\\/wykaz-kursow\\\/\"},{\"@type\":\"ListItem\",\"position\":4,\"name\":\"Instrumenty strunowe\",\"item\":\"https:\\\/\\\/www.amuz.krakow.pl\\\/letnia-akademia-muzyczna\\\/wykaz-kursow\\\/instrumenty-smyczkowe\\\/\"},{\"@type\":\"ListItem\",\"position\":5,\"name\":\"Teresa Kami\u0144ska &#8211; wiolonczela barokowa, wiolonczela\"}]},{\"@type\":\"WebSite\",\"@id\":\"https:\\\/\\\/www.amuz.krakow.pl\\\/#website\",\"url\":\"https:\\\/\\\/www.amuz.krakow.pl\\\/\",\"name\":\"Akademia Muzyczna im. Krzysztofa Pendereckiego w Krakowie\",\"description\":\"Oficjalna strona Akademii Muzycznej im. Krzysztofa Pendereckiego w Krakowie (AMKP).\",\"publisher\":{\"@id\":\"https:\\\/\\\/www.amuz.krakow.pl\\\/#organization\"},\"alternateName\":\"AMKP\",\"potentialAction\":[{\"@type\":\"SearchAction\",\"target\":{\"@type\":\"EntryPoint\",\"urlTemplate\":\"https:\\\/\\\/www.amuz.krakow.pl\\\/?s={search_term_string}\"},\"query-input\":{\"@type\":\"PropertyValueSpecification\",\"valueRequired\":true,\"valueName\":\"search_term_string\"}}],\"inLanguage\":\"en-US\"},{\"@type\":\"Organization\",\"@id\":\"https:\\\/\\\/www.amuz.krakow.pl\\\/#organization\",\"name\":\"Akademia Muzyczna im. Krzysztofa Pendereckiego w Krakowie\",\"alternateName\":\"AMKP\",\"url\":\"https:\\\/\\\/www.amuz.krakow.pl\\\/\",\"logo\":{\"@type\":\"ImageObject\",\"inLanguage\":\"en-US\",\"@id\":\"https:\\\/\\\/www.amuz.krakow.pl\\\/#\\\/schema\\\/logo\\\/image\\\/\",\"url\":\"https:\\\/\\\/www.amuz.krakow.pl\\\/wp-content\\\/uploads\\\/2021\\\/11\\\/amkp.jpg\",\"contentUrl\":\"https:\\\/\\\/www.amuz.krakow.pl\\\/wp-content\\\/uploads\\\/2021\\\/11\\\/amkp.jpg\",\"width\":1193,\"height\":591,\"caption\":\"Akademia Muzyczna im. Krzysztofa Pendereckiego w Krakowie\"},\"image\":{\"@id\":\"https:\\\/\\\/www.amuz.krakow.pl\\\/#\\\/schema\\\/logo\\\/image\\\/\"},\"sameAs\":[\"https:\\\/\\\/www.facebook.com\\\/amuz.krakow\",\"https:\\\/\\\/www.instagram.com\\\/amkpenderecki\\\/\",\"https:\\\/\\\/www.youtube.com\\\/@amkpenderecki4806\"]}]}<\/script>\n<!-- \/ Yoast SEO plugin. -->","yoast_head_json":{"title":"AMKP - Akademia Muzyczna im. Krzysztofa Pendereckiego w Krakowie","robots":{"index":"index","follow":"follow","max-snippet":"max-snippet:-1","max-image-preview":"max-image-preview:large","max-video-preview":"max-video-preview:-1"},"canonical":"https:\/\/www.amuz.krakow.pl\/letnia-akademia-muzyczna\/wykaz-kursow\/instrumenty-smyczkowe\/teresa-kaminska-wiolonczela-barokowa-wiolonczela\/","og_locale":"en_US","og_type":"article","og_title":"AMKP - Akademia Muzyczna im. Krzysztofa Pendereckiego w Krakowie","og_description":"A cellist, soloist and chamber musician, a pedagogue. Earned her post-doctoral degree in Arts in 2014 and has been a full and titular professor since 2023. She plays various types&hellip; Continue reading","og_url":"https:\/\/www.amuz.krakow.pl\/letnia-akademia-muzyczna\/wykaz-kursow\/instrumenty-smyczkowe\/teresa-kaminska-wiolonczela-barokowa-wiolonczela\/","og_site_name":"Akademia Muzyczna im. Krzysztofa Pendereckiego w Krakowie","article_publisher":"https:\/\/www.facebook.com\/amuz.krakow","article_modified_time":"2026-04-08T11:29:20+00:00","og_image":[{"width":1039,"height":1402,"url":"https:\/\/www.amuz.krakow.pl\/wp-content\/uploads\/2022\/05\/Teresa-Kaminska_fot.-archiwum-prywatne.jpg","type":"image\/jpeg"}],"twitter_card":"summary_large_image","twitter_misc":{"Est. reading time":"6 minutes"},"schema":{"@context":"https:\/\/schema.org","@graph":[{"@type":"WebPage","@id":"https:\/\/www.amuz.krakow.pl\/letnia-akademia-muzyczna\/wykaz-kursow\/instrumenty-smyczkowe\/teresa-kaminska-wiolonczela-barokowa-wiolonczela\/","url":"https:\/\/www.amuz.krakow.pl\/letnia-akademia-muzyczna\/wykaz-kursow\/instrumenty-smyczkowe\/teresa-kaminska-wiolonczela-barokowa-wiolonczela\/","name":"AMKP - Akademia Muzyczna im. Krzysztofa Pendereckiego w Krakowie","isPartOf":{"@id":"https:\/\/www.amuz.krakow.pl\/#website"},"primaryImageOfPage":{"@id":"https:\/\/www.amuz.krakow.pl\/letnia-akademia-muzyczna\/wykaz-kursow\/instrumenty-smyczkowe\/teresa-kaminska-wiolonczela-barokowa-wiolonczela\/#primaryimage"},"image":{"@id":"https:\/\/www.amuz.krakow.pl\/letnia-akademia-muzyczna\/wykaz-kursow\/instrumenty-smyczkowe\/teresa-kaminska-wiolonczela-barokowa-wiolonczela\/#primaryimage"},"thumbnailUrl":"https:\/\/www.amuz.krakow.pl\/wp-content\/uploads\/2022\/05\/Teresa-Kaminska_fot.-archiwum-prywatne.jpg","datePublished":"2023-02-22T13:13:05+00:00","dateModified":"2026-04-08T11:29:20+00:00","breadcrumb":{"@id":"https:\/\/www.amuz.krakow.pl\/letnia-akademia-muzyczna\/wykaz-kursow\/instrumenty-smyczkowe\/teresa-kaminska-wiolonczela-barokowa-wiolonczela\/#breadcrumb"},"inLanguage":"en-US","potentialAction":[{"@type":"ReadAction","target":["https:\/\/www.amuz.krakow.pl\/letnia-akademia-muzyczna\/wykaz-kursow\/instrumenty-smyczkowe\/teresa-kaminska-wiolonczela-barokowa-wiolonczela\/"]}]},{"@type":"ImageObject","inLanguage":"en-US","@id":"https:\/\/www.amuz.krakow.pl\/letnia-akademia-muzyczna\/wykaz-kursow\/instrumenty-smyczkowe\/teresa-kaminska-wiolonczela-barokowa-wiolonczela\/#primaryimage","url":"https:\/\/www.amuz.krakow.pl\/wp-content\/uploads\/2022\/05\/Teresa-Kaminska_fot.-archiwum-prywatne.jpg","contentUrl":"https:\/\/www.amuz.krakow.pl\/wp-content\/uploads\/2022\/05\/Teresa-Kaminska_fot.-archiwum-prywatne.jpg","width":1039,"height":1402,"caption":"fot. archiwum prywatne"},{"@type":"BreadcrumbList","@id":"https:\/\/www.amuz.krakow.pl\/letnia-akademia-muzyczna\/wykaz-kursow\/instrumenty-smyczkowe\/teresa-kaminska-wiolonczela-barokowa-wiolonczela\/#breadcrumb","itemListElement":[{"@type":"ListItem","position":1,"name":"Strona g\u0142\u00f3wna","item":"https:\/\/www.amuz.krakow.pl\/"},{"@type":"ListItem","position":2,"name":"Letnia Akademia Muzyczna","item":"https:\/\/www.amuz.krakow.pl\/letnia-akademia-muzyczna\/"},{"@type":"ListItem","position":3,"name":"Wykaz kurs\u00f3w","item":"https:\/\/www.amuz.krakow.pl\/letnia-akademia-muzyczna\/wykaz-kursow\/"},{"@type":"ListItem","position":4,"name":"Instrumenty strunowe","item":"https:\/\/www.amuz.krakow.pl\/letnia-akademia-muzyczna\/wykaz-kursow\/instrumenty-smyczkowe\/"},{"@type":"ListItem","position":5,"name":"Teresa Kami\u0144ska &#8211; wiolonczela barokowa, wiolonczela"}]},{"@type":"WebSite","@id":"https:\/\/www.amuz.krakow.pl\/#website","url":"https:\/\/www.amuz.krakow.pl\/","name":"Akademia Muzyczna im. Krzysztofa Pendereckiego w Krakowie","description":"Oficjalna strona Akademii Muzycznej im. Krzysztofa Pendereckiego w Krakowie (AMKP).","publisher":{"@id":"https:\/\/www.amuz.krakow.pl\/#organization"},"alternateName":"AMKP","potentialAction":[{"@type":"SearchAction","target":{"@type":"EntryPoint","urlTemplate":"https:\/\/www.amuz.krakow.pl\/?s={search_term_string}"},"query-input":{"@type":"PropertyValueSpecification","valueRequired":true,"valueName":"search_term_string"}}],"inLanguage":"en-US"},{"@type":"Organization","@id":"https:\/\/www.amuz.krakow.pl\/#organization","name":"Akademia Muzyczna im. Krzysztofa Pendereckiego w Krakowie","alternateName":"AMKP","url":"https:\/\/www.amuz.krakow.pl\/","logo":{"@type":"ImageObject","inLanguage":"en-US","@id":"https:\/\/www.amuz.krakow.pl\/#\/schema\/logo\/image\/","url":"https:\/\/www.amuz.krakow.pl\/wp-content\/uploads\/2021\/11\/amkp.jpg","contentUrl":"https:\/\/www.amuz.krakow.pl\/wp-content\/uploads\/2021\/11\/amkp.jpg","width":1193,"height":591,"caption":"Akademia Muzyczna im. Krzysztofa Pendereckiego w Krakowie"},"image":{"@id":"https:\/\/www.amuz.krakow.pl\/#\/schema\/logo\/image\/"},"sameAs":["https:\/\/www.facebook.com\/amuz.krakow","https:\/\/www.instagram.com\/amkpenderecki\/","https:\/\/www.youtube.com\/@amkpenderecki4806"]}]}},"_links":{"self":[{"href":"https:\/\/www.amuz.krakow.pl\/en\/wp-json\/wp\/v2\/pages\/71524","targetHints":{"allow":["GET"]}}],"collection":[{"href":"https:\/\/www.amuz.krakow.pl\/en\/wp-json\/wp\/v2\/pages"}],"about":[{"href":"https:\/\/www.amuz.krakow.pl\/en\/wp-json\/wp\/v2\/types\/page"}],"author":[{"embeddable":true,"href":"https:\/\/www.amuz.krakow.pl\/en\/wp-json\/wp\/v2\/users\/72"}],"replies":[{"embeddable":true,"href":"https:\/\/www.amuz.krakow.pl\/en\/wp-json\/wp\/v2\/comments?post=71524"}],"version-history":[{"count":6,"href":"https:\/\/www.amuz.krakow.pl\/en\/wp-json\/wp\/v2\/pages\/71524\/revisions"}],"predecessor-version":[{"id":84117,"href":"https:\/\/www.amuz.krakow.pl\/en\/wp-json\/wp\/v2\/pages\/71524\/revisions\/84117"}],"up":[{"embeddable":true,"href":"https:\/\/www.amuz.krakow.pl\/en\/wp-json\/wp\/v2\/pages\/47052"}],"wp:featuredmedia":[{"embeddable":true,"href":"https:\/\/www.amuz.krakow.pl\/en\/wp-json\/wp\/v2\/media\/62632"}],"wp:attachment":[{"href":"https:\/\/www.amuz.krakow.pl\/en\/wp-json\/wp\/v2\/media?parent=71524"}],"curies":[{"name":"wp","href":"https:\/\/api.w.org\/{rel}","templated":true}]}}