{"id":71342,"date":"2023-02-17T13:08:41","date_gmt":"2023-02-17T12:08:41","guid":{"rendered":"https:\/\/www.amuz.krakow.pl\/?page_id=71342"},"modified":"2026-04-01T16:08:39","modified_gmt":"2026-04-01T14:08:39","slug":"krzysztof-wegrzyn-skrzypce","status":"publish","type":"page","link":"https:\/\/www.amuz.krakow.pl\/en\/letnia-akademia-muzyczna\/wykaz-kursow\/instrumenty-smyczkowe\/krzysztof-wegrzyn-skrzypce\/","title":{"rendered":"Krzysztof W\u0119grzyn &#8211; violin"},"content":{"rendered":"<p><figure id=\"attachment_73653\" aria-describedby=\"caption-attachment-73653\" style=\"width: 200px\" class=\"wp-caption alignleft\"><a href=\"https:\/\/www.amuz.krakow.pl\/wp-content\/uploads\/2023\/04\/Krzysztof-Wegrzyn-fot.-Thilo-Nass-scaled.jpg\" target=\"_blank\" rel=\"noopener\"><img loading=\"lazy\" decoding=\"async\" class=\"wp-image-73653 size-medium\" src=\"https:\/\/www.amuz.krakow.pl\/wp-content\/uploads\/2023\/04\/Krzysztof-Wegrzyn-fot.-Thilo-Nass-200x300.jpg\" alt=\"\" width=\"200\" height=\"300\" srcset=\"https:\/\/www.amuz.krakow.pl\/wp-content\/uploads\/2023\/04\/Krzysztof-Wegrzyn-fot.-Thilo-Nass-200x300.jpg 200w, https:\/\/www.amuz.krakow.pl\/wp-content\/uploads\/2023\/04\/Krzysztof-Wegrzyn-fot.-Thilo-Nass-scaled.jpg 1363w, https:\/\/www.amuz.krakow.pl\/wp-content\/uploads\/2023\/04\/Krzysztof-Wegrzyn-fot.-Thilo-Nass-768x1154.jpg 768w, https:\/\/www.amuz.krakow.pl\/wp-content\/uploads\/2023\/04\/Krzysztof-Wegrzyn-fot.-Thilo-Nass-1022x1536.jpg 1022w\" sizes=\"auto, (max-width: 200px) 100vw, 200px\" \/><\/a><figcaption id=\"caption-attachment-73653\" class=\"wp-caption-text\">Photo by Thilo Nass<\/figcaption><\/figure><\/p>\n<p>Krzysztof W\u0119grzyn graduated from the Academy of Music in Warsaw, the violin class of Zenon Brzewski. He also studied in Freiburg under Wolfgang Marschner and in London under Yfrah Neaman. His artistic and teaching activities were strongly influenced by his long-term contact with Dorothy DeLay.<\/p>\n<p>He plays a Venetian violin from the 18th century by Domenico Montagnama. His repertoire includes works by Witold\u00a0Lutoslawski, Gy\u00f6rgy\u00a0Ligeti, Luigi Nono, Alfred Schnittke, Arvo\u00a0P\u00e4rt and Krzysztof Penderecki, among others.<\/p>\n<p>He has made numerous radio, television and CD recordings. He was nominated together with Tomasz Tomaszewski for the Fryderyk &#8217;99 Music Award in the Contemporary Music \u2013 Soloists category: for the album <em>\u2018Violin Duos: <\/em><em>Tansman<\/em><em>, <\/em><em>Spisak<\/em><em>, <\/em><em>G\u00f3recki<\/em><em>, Moss<\/em>, Krzysztof W\u0119grzyn and Tomasz Tomaszewski \u2013 violin, Polish Contemporary Music, DUX.<\/p>\n<p>Among other things, he is the initiator and artistic director of the triennial Hanover International Violin Competition dedicated to Joseph Joachim, which has been held in Hanover since 1991, the Gdansk International Violin Seminars, the \u201cGdansk Spring\u201d Festival (1995-2007) and the \u201cYoung Virtuoso\u201d Violin Competition.<\/p>\n<p>He was a member of the Piano Quintet composed of: Alicja\u00a0Paleta-Bugaj, Tomasz Tomaszewski, Krzysztof W\u0119grzyn, Claude Lelong, and Roman Jab\u0142o\u0144ski.<\/p>\n<p>He has made numerous radio, television and CD recordings. His wide repertoire includes works by Witold\u00a0Lutos\u0142awski, Gy\u00f6rgy\u00a0Ligeti, Luigi Nono, Alfred Schnittke, Arvo\u00a0P\u00e4rt and Krzysztof Penderecki.<\/p>\n<p>In 2008, his performance together with the violinist Jaros\u0142aw\u00a0\u017bo\u0142nierczyk added splendour to the final concert of the Jubilee Festival celebrating the 40th anniversary of the Polish Radio Chamber Orchestra &#8220;Amadeus&#8221; and the 40th anniversary of the conducting activity of its founder and director, Agnieszka Duczmal.<\/p>\n<p>He was the first concertmaster of the Philharmonic and Opera Orchestra in Hanover. Since 1993, he has been Professor and since 2012 Rector for Artistic Affairs at the Hochschule\u00a0f\u00fcr\u00a0Musik, Theater und Medien in Hannover. Many outstanding violinists, the subsequent winners of international violin competitions, have been his pupils, including Andrej Bielow, Mariusz\u00a0Patyra, MinJung Kang, Alie\u00a0Bekirova, Kana Sugimura and Agata\u00a0Szymczewska.<\/p>\n<p>He regularly conducts interpretation courses and master classes in Europe (Poland, Germany, Italy, Spain, Israel) as well as in the United States (Juilliard School, Aspen), Canada, Japan, South Korea and China. He participates in the juries of international competitions for both violin and chamber music (e.g. the Tchaikovsky Competition in Moscow, the ARD in Munich, the Fritz Kreisler Competition in Vienna, the Niccol\u00f2 Paganini Competition in Genoa, and the Chamber Music Competition in Osaka).<br \/>\nHe is the initiator and artistic director of the Joseph Joachim International Violin Competition, which takes place every 3 years in Hanover, as well as the Gdansk International Violin Seminars and the \u201cGdansk Spring\u201d Festival.<\/p>","protected":false},"excerpt":{"rendered":"<p>Krzysztof W\u0119grzyn graduated from the Academy of Music in Warsaw, the violin class of Zenon Brzewski. He also studied in Freiburg under Wolfgang Marschner and in London under Yfrah Neaman.&hellip; <a href=\"https:\/\/www.amuz.krakow.pl\/en\/letnia-akademia-muzyczna\/wykaz-kursow\/instrumenty-smyczkowe\/krzysztof-wegrzyn-skrzypce\/\">Continue reading<\/a><\/p>\n","protected":false},"author":72,"featured_media":0,"parent":47052,"menu_order":7,"comment_status":"closed","ping_status":"closed","template":"","meta":{"footnotes":"","_links_to":"","_links_to_target":""},"class_list":["post-71342","page","type-page","status-publish","hentry"],"yoast_head":"<!-- This site is optimized with the Yoast SEO plugin v27.4 - https:\/\/yoast.com\/product\/yoast-seo-wordpress\/ -->\n<title>AMKP - Akademia Muzyczna im. Krzysztofa Pendereckiego w Krakowie<\/title>\n<meta name=\"robots\" content=\"index, follow, max-snippet:-1, max-image-preview:large, max-video-preview:-1\" \/>\n<link rel=\"canonical\" href=\"https:\/\/www.amuz.krakow.pl\/letnia-akademia-muzyczna\/wykaz-kursow\/instrumenty-smyczkowe\/krzysztof-wegrzyn-skrzypce\/\" \/>\n<meta property=\"og:locale\" content=\"en_US\" \/>\n<meta property=\"og:type\" content=\"article\" \/>\n<meta property=\"og:title\" content=\"AMKP - Akademia Muzyczna im. Krzysztofa Pendereckiego w Krakowie\" \/>\n<meta property=\"og:description\" content=\"Krzysztof W\u0119grzyn graduated from the Academy of Music in Warsaw, the violin class of Zenon Brzewski. He also studied in Freiburg under Wolfgang Marschner and in London under Yfrah Neaman.&hellip; Continue reading\" \/>\n<meta property=\"og:url\" content=\"https:\/\/www.amuz.krakow.pl\/letnia-akademia-muzyczna\/wykaz-kursow\/instrumenty-smyczkowe\/krzysztof-wegrzyn-skrzypce\/\" \/>\n<meta property=\"og:site_name\" content=\"Akademia Muzyczna im. Krzysztofa Pendereckiego w Krakowie\" \/>\n<meta property=\"article:publisher\" content=\"https:\/\/www.facebook.com\/amuz.krakow\" \/>\n<meta property=\"article:modified_time\" content=\"2026-04-01T14:08:39+00:00\" \/>\n<meta property=\"og:image\" content=\"https:\/\/www.amuz.krakow.pl\/wp-content\/uploads\/2023\/04\/Krzysztof-Wegrzyn-fot.-Thilo-Nass-scaled.jpg\" \/>\n\t<meta property=\"og:image:width\" content=\"1363\" \/>\n\t<meta property=\"og:image:height\" content=\"2048\" \/>\n\t<meta property=\"og:image:type\" content=\"image\/jpeg\" \/>\n<meta name=\"twitter:card\" content=\"summary_large_image\" \/>\n<meta name=\"twitter:label1\" content=\"Est. reading time\" \/>\n\t<meta name=\"twitter:data1\" content=\"3 minutes\" \/>\n<script type=\"application\/ld+json\" class=\"yoast-schema-graph\">{\"@context\":\"https:\\\/\\\/schema.org\",\"@graph\":[{\"@type\":\"WebPage\",\"@id\":\"https:\\\/\\\/www.amuz.krakow.pl\\\/letnia-akademia-muzyczna\\\/wykaz-kursow\\\/instrumenty-smyczkowe\\\/krzysztof-wegrzyn-skrzypce\\\/\",\"url\":\"https:\\\/\\\/www.amuz.krakow.pl\\\/letnia-akademia-muzyczna\\\/wykaz-kursow\\\/instrumenty-smyczkowe\\\/krzysztof-wegrzyn-skrzypce\\\/\",\"name\":\"AMKP - Akademia Muzyczna im. Krzysztofa Pendereckiego w Krakowie\",\"isPartOf\":{\"@id\":\"https:\\\/\\\/www.amuz.krakow.pl\\\/#website\"},\"primaryImageOfPage\":{\"@id\":\"https:\\\/\\\/www.amuz.krakow.pl\\\/letnia-akademia-muzyczna\\\/wykaz-kursow\\\/instrumenty-smyczkowe\\\/krzysztof-wegrzyn-skrzypce\\\/#primaryimage\"},\"image\":{\"@id\":\"https:\\\/\\\/www.amuz.krakow.pl\\\/letnia-akademia-muzyczna\\\/wykaz-kursow\\\/instrumenty-smyczkowe\\\/krzysztof-wegrzyn-skrzypce\\\/#primaryimage\"},\"thumbnailUrl\":\"https:\\\/\\\/www.amuz.krakow.pl\\\/wp-content\\\/uploads\\\/2023\\\/04\\\/Krzysztof-Wegrzyn-fot.-Thilo-Nass-200x300.jpg\",\"datePublished\":\"2023-02-17T12:08:41+00:00\",\"dateModified\":\"2026-04-01T14:08:39+00:00\",\"breadcrumb\":{\"@id\":\"https:\\\/\\\/www.amuz.krakow.pl\\\/letnia-akademia-muzyczna\\\/wykaz-kursow\\\/instrumenty-smyczkowe\\\/krzysztof-wegrzyn-skrzypce\\\/#breadcrumb\"},\"inLanguage\":\"en-US\",\"potentialAction\":[{\"@type\":\"ReadAction\",\"target\":[\"https:\\\/\\\/www.amuz.krakow.pl\\\/letnia-akademia-muzyczna\\\/wykaz-kursow\\\/instrumenty-smyczkowe\\\/krzysztof-wegrzyn-skrzypce\\\/\"]}]},{\"@type\":\"ImageObject\",\"inLanguage\":\"en-US\",\"@id\":\"https:\\\/\\\/www.amuz.krakow.pl\\\/letnia-akademia-muzyczna\\\/wykaz-kursow\\\/instrumenty-smyczkowe\\\/krzysztof-wegrzyn-skrzypce\\\/#primaryimage\",\"url\":\"https:\\\/\\\/www.amuz.krakow.pl\\\/wp-content\\\/uploads\\\/2023\\\/04\\\/Krzysztof-Wegrzyn-fot.-Thilo-Nass-200x300.jpg\",\"contentUrl\":\"https:\\\/\\\/www.amuz.krakow.pl\\\/wp-content\\\/uploads\\\/2023\\\/04\\\/Krzysztof-Wegrzyn-fot.-Thilo-Nass-200x300.jpg\"},{\"@type\":\"BreadcrumbList\",\"@id\":\"https:\\\/\\\/www.amuz.krakow.pl\\\/letnia-akademia-muzyczna\\\/wykaz-kursow\\\/instrumenty-smyczkowe\\\/krzysztof-wegrzyn-skrzypce\\\/#breadcrumb\",\"itemListElement\":[{\"@type\":\"ListItem\",\"position\":1,\"name\":\"Strona g\u0142\u00f3wna\",\"item\":\"https:\\\/\\\/www.amuz.krakow.pl\\\/\"},{\"@type\":\"ListItem\",\"position\":2,\"name\":\"Letnia Akademia Muzyczna\",\"item\":\"https:\\\/\\\/www.amuz.krakow.pl\\\/letnia-akademia-muzyczna\\\/\"},{\"@type\":\"ListItem\",\"position\":3,\"name\":\"Wykaz kurs\u00f3w\",\"item\":\"https:\\\/\\\/www.amuz.krakow.pl\\\/letnia-akademia-muzyczna\\\/wykaz-kursow\\\/\"},{\"@type\":\"ListItem\",\"position\":4,\"name\":\"Instrumenty strunowe\",\"item\":\"https:\\\/\\\/www.amuz.krakow.pl\\\/letnia-akademia-muzyczna\\\/wykaz-kursow\\\/instrumenty-smyczkowe\\\/\"},{\"@type\":\"ListItem\",\"position\":5,\"name\":\"Krzysztof W\u0119grzyn &#8211; skrzypce\"}]},{\"@type\":\"WebSite\",\"@id\":\"https:\\\/\\\/www.amuz.krakow.pl\\\/#website\",\"url\":\"https:\\\/\\\/www.amuz.krakow.pl\\\/\",\"name\":\"Akademia Muzyczna im. Krzysztofa Pendereckiego w Krakowie\",\"description\":\"Oficjalna strona Akademii Muzycznej im. Krzysztofa Pendereckiego w Krakowie (AMKP).\",\"publisher\":{\"@id\":\"https:\\\/\\\/www.amuz.krakow.pl\\\/#organization\"},\"alternateName\":\"AMKP\",\"potentialAction\":[{\"@type\":\"SearchAction\",\"target\":{\"@type\":\"EntryPoint\",\"urlTemplate\":\"https:\\\/\\\/www.amuz.krakow.pl\\\/?s={search_term_string}\"},\"query-input\":{\"@type\":\"PropertyValueSpecification\",\"valueRequired\":true,\"valueName\":\"search_term_string\"}}],\"inLanguage\":\"en-US\"},{\"@type\":\"Organization\",\"@id\":\"https:\\\/\\\/www.amuz.krakow.pl\\\/#organization\",\"name\":\"Akademia Muzyczna im. Krzysztofa Pendereckiego w Krakowie\",\"alternateName\":\"AMKP\",\"url\":\"https:\\\/\\\/www.amuz.krakow.pl\\\/\",\"logo\":{\"@type\":\"ImageObject\",\"inLanguage\":\"en-US\",\"@id\":\"https:\\\/\\\/www.amuz.krakow.pl\\\/#\\\/schema\\\/logo\\\/image\\\/\",\"url\":\"https:\\\/\\\/www.amuz.krakow.pl\\\/wp-content\\\/uploads\\\/2021\\\/11\\\/amkp.jpg\",\"contentUrl\":\"https:\\\/\\\/www.amuz.krakow.pl\\\/wp-content\\\/uploads\\\/2021\\\/11\\\/amkp.jpg\",\"width\":1193,\"height\":591,\"caption\":\"Akademia Muzyczna im. Krzysztofa Pendereckiego w Krakowie\"},\"image\":{\"@id\":\"https:\\\/\\\/www.amuz.krakow.pl\\\/#\\\/schema\\\/logo\\\/image\\\/\"},\"sameAs\":[\"https:\\\/\\\/www.facebook.com\\\/amuz.krakow\",\"https:\\\/\\\/www.instagram.com\\\/amkpenderecki\\\/\",\"https:\\\/\\\/www.youtube.com\\\/@amkpenderecki4806\"]}]}<\/script>\n<!-- \/ Yoast SEO plugin. -->","yoast_head_json":{"title":"AMKP - Akademia Muzyczna im. Krzysztofa Pendereckiego w Krakowie","robots":{"index":"index","follow":"follow","max-snippet":"max-snippet:-1","max-image-preview":"max-image-preview:large","max-video-preview":"max-video-preview:-1"},"canonical":"https:\/\/www.amuz.krakow.pl\/letnia-akademia-muzyczna\/wykaz-kursow\/instrumenty-smyczkowe\/krzysztof-wegrzyn-skrzypce\/","og_locale":"en_US","og_type":"article","og_title":"AMKP - Akademia Muzyczna im. Krzysztofa Pendereckiego w Krakowie","og_description":"Krzysztof W\u0119grzyn graduated from the Academy of Music in Warsaw, the violin class of Zenon Brzewski. He also studied in Freiburg under Wolfgang Marschner and in London under Yfrah Neaman.&hellip; Continue reading","og_url":"https:\/\/www.amuz.krakow.pl\/letnia-akademia-muzyczna\/wykaz-kursow\/instrumenty-smyczkowe\/krzysztof-wegrzyn-skrzypce\/","og_site_name":"Akademia Muzyczna im. Krzysztofa Pendereckiego w Krakowie","article_publisher":"https:\/\/www.facebook.com\/amuz.krakow","article_modified_time":"2026-04-01T14:08:39+00:00","og_image":[{"width":1363,"height":2048,"url":"https:\/\/www.amuz.krakow.pl\/wp-content\/uploads\/2023\/04\/Krzysztof-Wegrzyn-fot.-Thilo-Nass-scaled.jpg","type":"image\/jpeg"}],"twitter_card":"summary_large_image","twitter_misc":{"Est. reading time":"3 minutes"},"schema":{"@context":"https:\/\/schema.org","@graph":[{"@type":"WebPage","@id":"https:\/\/www.amuz.krakow.pl\/letnia-akademia-muzyczna\/wykaz-kursow\/instrumenty-smyczkowe\/krzysztof-wegrzyn-skrzypce\/","url":"https:\/\/www.amuz.krakow.pl\/letnia-akademia-muzyczna\/wykaz-kursow\/instrumenty-smyczkowe\/krzysztof-wegrzyn-skrzypce\/","name":"AMKP - Akademia Muzyczna im. Krzysztofa Pendereckiego w Krakowie","isPartOf":{"@id":"https:\/\/www.amuz.krakow.pl\/#website"},"primaryImageOfPage":{"@id":"https:\/\/www.amuz.krakow.pl\/letnia-akademia-muzyczna\/wykaz-kursow\/instrumenty-smyczkowe\/krzysztof-wegrzyn-skrzypce\/#primaryimage"},"image":{"@id":"https:\/\/www.amuz.krakow.pl\/letnia-akademia-muzyczna\/wykaz-kursow\/instrumenty-smyczkowe\/krzysztof-wegrzyn-skrzypce\/#primaryimage"},"thumbnailUrl":"https:\/\/www.amuz.krakow.pl\/wp-content\/uploads\/2023\/04\/Krzysztof-Wegrzyn-fot.-Thilo-Nass-200x300.jpg","datePublished":"2023-02-17T12:08:41+00:00","dateModified":"2026-04-01T14:08:39+00:00","breadcrumb":{"@id":"https:\/\/www.amuz.krakow.pl\/letnia-akademia-muzyczna\/wykaz-kursow\/instrumenty-smyczkowe\/krzysztof-wegrzyn-skrzypce\/#breadcrumb"},"inLanguage":"en-US","potentialAction":[{"@type":"ReadAction","target":["https:\/\/www.amuz.krakow.pl\/letnia-akademia-muzyczna\/wykaz-kursow\/instrumenty-smyczkowe\/krzysztof-wegrzyn-skrzypce\/"]}]},{"@type":"ImageObject","inLanguage":"en-US","@id":"https:\/\/www.amuz.krakow.pl\/letnia-akademia-muzyczna\/wykaz-kursow\/instrumenty-smyczkowe\/krzysztof-wegrzyn-skrzypce\/#primaryimage","url":"https:\/\/www.amuz.krakow.pl\/wp-content\/uploads\/2023\/04\/Krzysztof-Wegrzyn-fot.-Thilo-Nass-200x300.jpg","contentUrl":"https:\/\/www.amuz.krakow.pl\/wp-content\/uploads\/2023\/04\/Krzysztof-Wegrzyn-fot.-Thilo-Nass-200x300.jpg"},{"@type":"BreadcrumbList","@id":"https:\/\/www.amuz.krakow.pl\/letnia-akademia-muzyczna\/wykaz-kursow\/instrumenty-smyczkowe\/krzysztof-wegrzyn-skrzypce\/#breadcrumb","itemListElement":[{"@type":"ListItem","position":1,"name":"Strona g\u0142\u00f3wna","item":"https:\/\/www.amuz.krakow.pl\/"},{"@type":"ListItem","position":2,"name":"Letnia Akademia Muzyczna","item":"https:\/\/www.amuz.krakow.pl\/letnia-akademia-muzyczna\/"},{"@type":"ListItem","position":3,"name":"Wykaz kurs\u00f3w","item":"https:\/\/www.amuz.krakow.pl\/letnia-akademia-muzyczna\/wykaz-kursow\/"},{"@type":"ListItem","position":4,"name":"Instrumenty strunowe","item":"https:\/\/www.amuz.krakow.pl\/letnia-akademia-muzyczna\/wykaz-kursow\/instrumenty-smyczkowe\/"},{"@type":"ListItem","position":5,"name":"Krzysztof W\u0119grzyn &#8211; skrzypce"}]},{"@type":"WebSite","@id":"https:\/\/www.amuz.krakow.pl\/#website","url":"https:\/\/www.amuz.krakow.pl\/","name":"Akademia Muzyczna im. Krzysztofa Pendereckiego w Krakowie","description":"Oficjalna strona Akademii Muzycznej im. Krzysztofa Pendereckiego w Krakowie (AMKP).","publisher":{"@id":"https:\/\/www.amuz.krakow.pl\/#organization"},"alternateName":"AMKP","potentialAction":[{"@type":"SearchAction","target":{"@type":"EntryPoint","urlTemplate":"https:\/\/www.amuz.krakow.pl\/?s={search_term_string}"},"query-input":{"@type":"PropertyValueSpecification","valueRequired":true,"valueName":"search_term_string"}}],"inLanguage":"en-US"},{"@type":"Organization","@id":"https:\/\/www.amuz.krakow.pl\/#organization","name":"Akademia Muzyczna im. Krzysztofa Pendereckiego w Krakowie","alternateName":"AMKP","url":"https:\/\/www.amuz.krakow.pl\/","logo":{"@type":"ImageObject","inLanguage":"en-US","@id":"https:\/\/www.amuz.krakow.pl\/#\/schema\/logo\/image\/","url":"https:\/\/www.amuz.krakow.pl\/wp-content\/uploads\/2021\/11\/amkp.jpg","contentUrl":"https:\/\/www.amuz.krakow.pl\/wp-content\/uploads\/2021\/11\/amkp.jpg","width":1193,"height":591,"caption":"Akademia Muzyczna im. Krzysztofa Pendereckiego w Krakowie"},"image":{"@id":"https:\/\/www.amuz.krakow.pl\/#\/schema\/logo\/image\/"},"sameAs":["https:\/\/www.facebook.com\/amuz.krakow","https:\/\/www.instagram.com\/amkpenderecki\/","https:\/\/www.youtube.com\/@amkpenderecki4806"]}]}},"_links":{"self":[{"href":"https:\/\/www.amuz.krakow.pl\/en\/wp-json\/wp\/v2\/pages\/71342","targetHints":{"allow":["GET"]}}],"collection":[{"href":"https:\/\/www.amuz.krakow.pl\/en\/wp-json\/wp\/v2\/pages"}],"about":[{"href":"https:\/\/www.amuz.krakow.pl\/en\/wp-json\/wp\/v2\/types\/page"}],"author":[{"embeddable":true,"href":"https:\/\/www.amuz.krakow.pl\/en\/wp-json\/wp\/v2\/users\/72"}],"replies":[{"embeddable":true,"href":"https:\/\/www.amuz.krakow.pl\/en\/wp-json\/wp\/v2\/comments?post=71342"}],"version-history":[{"count":2,"href":"https:\/\/www.amuz.krakow.pl\/en\/wp-json\/wp\/v2\/pages\/71342\/revisions"}],"predecessor-version":[{"id":73654,"href":"https:\/\/www.amuz.krakow.pl\/en\/wp-json\/wp\/v2\/pages\/71342\/revisions\/73654"}],"up":[{"embeddable":true,"href":"https:\/\/www.amuz.krakow.pl\/en\/wp-json\/wp\/v2\/pages\/47052"}],"wp:attachment":[{"href":"https:\/\/www.amuz.krakow.pl\/en\/wp-json\/wp\/v2\/media?parent=71342"}],"curies":[{"name":"wp","href":"https:\/\/api.w.org\/{rel}","templated":true}]}}