{"id":705,"date":"2016-01-17T00:05:03","date_gmt":"2016-01-16T23:05:03","guid":{"rendered":"http:\/\/strony.amuz.krakow.pl\/?page_id=705"},"modified":"2020-11-30T23:17:38","modified_gmt":"2020-11-30T22:17:38","slug":"jego-swiatobliwosc-benedykt-xvi-papiez-emeryt-2015","status":"publish","type":"page","link":"https:\/\/www.amuz.krakow.pl\/en\/doktoraty-hc\/doktorzy-honoris-causa\/jego-swiatobliwosc-benedykt-xvi-papiez-emeryt-2015\/","title":{"rendered":"His Holiness Benedict XVI, Pope Emeritus (2015)"},"content":{"rendered":"<p><figure id=\"attachment_706\" aria-describedby=\"caption-attachment-706\" style=\"width: 201px\" class=\"wp-caption alignleft\"><img loading=\"lazy\" decoding=\"async\" class=\" wp-image-706\" src=\"http:\/\/www.amuz.krakow.pl\/wp-content\/uploads\/2016\/01\/Benedykt-XVI.jpg\" alt=\"fot. Tadeusz Warczak\" width=\"201\" height=\"300\" srcset=\"https:\/\/www.amuz.krakow.pl\/wp-content\/uploads\/2016\/01\/Benedykt-XVI.jpg 415w, https:\/\/www.amuz.krakow.pl\/wp-content\/uploads\/2016\/01\/Benedykt-XVI-201x300.jpg 201w\" sizes=\"auto, (max-width: 201px) 100vw, 201px\" \/><figcaption id=\"caption-attachment-706\" class=\"wp-caption-text\">fot. Tadeusz Warczak<\/figcaption><\/figure><\/p>\n<p style=\"text-align: justify;\"><strong>1927<\/strong><br \/>\nJoseph Ratzinger was born on 16 April (Easter Saturday) in Marktl am Inn and was baptised that same day. His father was a police officer and came from a traditional peasant family from Lower Bavaria. As a village policeman, he was often moved from one place to another, and the entire family moved with him.<\/p>\n<p style=\"text-align: justify;\"><strong>1929<\/strong><br \/>\nRatzinger\u2019s family moved to Tittmoning, a small town on the River Salzach, near the Austrian border.<\/p>\n<p style=\"text-align: justify;\"><strong>1932<br \/>\n<\/strong>December: Due to the father\u2019s open criticism of Nazism, the family was moved to Aschau am Inn, at the foot of the Alps.<br \/>\n<strong>1937<br \/>\n<\/strong>Joseph\u2019s father retired and moved with the family to Hufschlag, close to Traunstein (on the Austrian border), where Joseph spent his youthful years and went to middle school. On 9 June 1937 he received Confirmation from Cardinal Michael von Faulhaber.<br \/>\n<strong>1939<br \/>\n<\/strong>Ratzinger entered minor seminary in Traunstein. For him, the war meant the experience of the difficulties and persecution of the Church by the Fascist regime; he recalled his parish priest being beaten by the Nazis before celebrating mass, and a general atmosphere that was hostile to the Catholic Church.<br \/>\n<strong>1943<br \/>\n<\/strong>Joseph, together with all his seminary class, was drafted to the Flak (anti-aircraft corps). However, he was still able to go to the Maximilians-Gymnasium in Munich three days a week.<br \/>\n<strong>1944<\/strong><br \/>\nSeptember: on reaching the military draft age, Joseph Ratzinger was released from the Flak and returned home, and was then drafted to the infamous \u00d6sterreichische Legion.<br \/>\nNovember: Ratzinger underwent basic military infantry training. Due to health issues, he was released from most of his duties.<br \/>\n<strong>1945<\/strong><br \/>\nSpring: when the Allies approached, Ratzinger fled from the army and headed for Traunstein. After arriving in his village, Americans took accommodation in the Ratzinger family house. As a German soldier, Joseph ended up in a prisoner-of-war camp.<br \/>\n19 June: released from the camp, Joseph returned to Traunstein; in July, his brother Georg also returned.<br \/>\nNovember: Joseph and Georg entered the seminary again.<br \/>\n<strong>1947<br \/>\n<\/strong>Joseph Ratzinger entered the Herzogliches Georgianum, a theological institute affiliated with the University of Munich. He also attended lectures at Freising College.<br \/>\n29 June 1951: Georg and Joseph Ratzinger were ordained at the Freising Cathedral by Cardinal Faulhaber.<br \/>\n<strong>1953<br \/>\n<\/strong>July: Ratzinger received his PhD degree in theology at the University of Munich. His dissertation was entitled <em>Volk und Haus Gottes in Augustins Lehre von der Kirche<\/em> (The People and the House of God in Augustine\u2019s Doctrine of the Church).<br \/>\nRatzinger\u2019s habilitation was on the theology of history and the revelations of Saint Bonaventura.<br \/>\n<strong>1957<br \/>\n<\/strong>Became a university professor and lectured in dogmatic and fundamental theology at the Philosophical and Theological College of Freising.<br \/>\n<strong>1959<br \/>\n<\/strong>April: Ratzinger became professor and was appointed to a chair in fundamental theology at the University of Bonn.<br \/>\n23 August: Joseph\u2019s father died.<br \/>\n<strong>1962\u22121965<br \/>\n<\/strong>Ratzinger was present at all the sessions of the Second Vatican Council as a <em>peritus<\/em> (theological consultant) to Cardinal Joseph Frings from Cologne. He found this experience incredibly valuable, having a significant influence on his later life. He saw it as a confirmation of his theological vocation. In subsequent years, he published numerous works on theology.<br \/>\n<strong>1963<br \/>\n<\/strong>Ratzinger moved to the University of M\u00fcnster.<br \/>\n16 December: Joseph\u2019s mother died.<br \/>\n<strong>1966<br \/>\n<\/strong>Ratzinger was appointed to a second chair in dogmatic theology at the University of T\u00fcbingen.<br \/>\n<strong>1969<br \/>\n<\/strong>Appalled at the radical ideology in T\u00fcbingen, Ratzinger returned to Bavaria and took the post of lecturer at the University of Regensburg. He then became dean, vice-rector and theological consultant to German bishops.<br \/>\n<strong>1972<br \/>\n<\/strong>Ratzinger, Hans Urs von Balthasar, Henry De Lubac, and others co-founded the Catholic theological journal <em>Communio<\/em> \u2013 a quarterly on Catholic theology and culture.<br \/>\n<strong>1977<br \/>\n<\/strong>On 24 March Ratzinger received a nomination for Archbishop of Munich and Freising. His spiritual mentor recommended that he take the post and suggested an episcopal motto from the Third Epistle of John: <em>Co-workers of the Truth<\/em><br \/>\n28 May: episcopal consecration.<br \/>\n27 June: Ratzinger received the office of Cardinal from Pope Paul VI. Titles: of the Suburbicarian Diocese of Velletri-Segni (5 April 1993), and subsequently of the Suburbicarian Diocese of Ostia (30 Nov. 2002).<br \/>\n<strong>1980<\/strong><br \/>\nPope John Paul II appointed Ratzinger Chair of the Extraordinary Synod of Bishops on the Laity. Soon he also asked Ratzinger to chair the Congregation of Catholic Education. Ratzinger refused, believing that it was too soon for him to leave his episcopacy in Munich.<br \/>\n<strong>1981<\/strong><br \/>\n25 November: Pope John Paul II offered Ratzinger the position of Prefect of the Sacred Congregation for the Doctrine of the Faith, which this time Ratzinger accepted. He also became President of the Biblical Commission and the International Pontifical Theological Commission.<\/p>\n<p style=\"text-align: justify;\"><strong>1986\u22121992 <\/strong><br \/>\nChaired the commission preparing the Catechism of the Catholic Church, which meant six years of intensive work.<br \/>\n<strong>1998<\/strong><br \/>\n6 November Ratzinger was nominated vice-dean of the College of Cardinals.<br \/>\n<strong>2002<\/strong><br \/>\n30 November Pope John Paul II confirmed his election (by the cardinal bishops) as dean of the College of Cardinals.<br \/>\n<strong>2005<\/strong><br \/>\nAs dean of the College of Cardinals he chaired the sessions of the College after the death of Pope John Paul II (2 April 2005).<br \/>\n19 April: Cardinal Joseph Ratzinger was elected Bishop of Rome and chose the name Benedict XVI.<br \/>\n<strong>2013<\/strong><br \/>\n11 February 2013 Pope Benedict XVI announced that after considering his health and strength in his conscience, he had decided to resign the papacy as of 28 February \u2013 at 8 pm that day the period of <em>sede vacante<\/em> commenced.<\/p>\n<p style=\"text-align: justify;\">\n<p><\/p>","protected":false},"excerpt":{"rendered":"<p>1927 Joseph Ratzinger was born on 16 April (Easter Saturday) in Marktl am Inn and was baptised that same day. His father was a police officer and came from a&hellip; <a href=\"https:\/\/www.amuz.krakow.pl\/en\/doktoraty-hc\/doktorzy-honoris-causa\/jego-swiatobliwosc-benedykt-xvi-papiez-emeryt-2015\/\">Continue reading<\/a><\/p>\n","protected":false},"author":72,"featured_media":0,"parent":633,"menu_order":-10,"comment_status":"closed","ping_status":"closed","template":"","meta":{"footnotes":"","_links_to":"","_links_to_target":""},"class_list":["post-705","page","type-page","status-publish","hentry"],"yoast_head":"<!-- This site is optimized with the Yoast SEO plugin v27.2 - https:\/\/yoast.com\/product\/yoast-seo-wordpress\/ -->\n<title>AMKP - Akademia Muzyczna im. Krzysztofa Pendereckiego w Krakowie<\/title>\n<meta name=\"robots\" content=\"index, follow, max-snippet:-1, max-image-preview:large, max-video-preview:-1\" \/>\n<link rel=\"canonical\" href=\"https:\/\/www.amuz.krakow.pl\/doktoraty-hc\/doktorzy-honoris-causa\/jego-swiatobliwosc-benedykt-xvi-papiez-emeryt-2015\/\" \/>\n<meta property=\"og:locale\" content=\"en_US\" \/>\n<meta property=\"og:type\" content=\"article\" \/>\n<meta property=\"og:title\" content=\"AMKP - Akademia Muzyczna im. Krzysztofa Pendereckiego w Krakowie\" \/>\n<meta property=\"og:description\" content=\"1927 Joseph Ratzinger was born on 16 April (Easter Saturday) in Marktl am Inn and was baptised that same day. His father was a police officer and came from a&hellip; Continue reading\" \/>\n<meta property=\"og:url\" content=\"https:\/\/www.amuz.krakow.pl\/doktoraty-hc\/doktorzy-honoris-causa\/jego-swiatobliwosc-benedykt-xvi-papiez-emeryt-2015\/\" \/>\n<meta property=\"og:site_name\" content=\"Akademia Muzyczna im. Krzysztofa Pendereckiego w Krakowie\" \/>\n<meta property=\"article:publisher\" content=\"https:\/\/www.facebook.com\/amuz.krakow\" \/>\n<meta property=\"article:modified_time\" content=\"2020-11-30T22:17:38+00:00\" \/>\n<meta property=\"og:image\" content=\"https:\/\/www.amuz.krakow.pl\/wp-content\/uploads\/2016\/01\/Benedykt-XVI.jpg\" \/>\n<meta name=\"twitter:card\" content=\"summary_large_image\" \/>\n<meta name=\"twitter:label1\" content=\"Est. reading time\" \/>\n\t<meta name=\"twitter:data1\" content=\"8 minutes\" \/>\n<script type=\"application\/ld+json\" class=\"yoast-schema-graph\">{\"@context\":\"https:\/\/schema.org\",\"@graph\":[{\"@type\":\"WebPage\",\"@id\":\"https:\/\/www.amuz.krakow.pl\/doktoraty-hc\/doktorzy-honoris-causa\/jego-swiatobliwosc-benedykt-xvi-papiez-emeryt-2015\/\",\"url\":\"https:\/\/www.amuz.krakow.pl\/doktoraty-hc\/doktorzy-honoris-causa\/jego-swiatobliwosc-benedykt-xvi-papiez-emeryt-2015\/\",\"name\":\"AMKP - Akademia Muzyczna im. Krzysztofa Pendereckiego w Krakowie\",\"isPartOf\":{\"@id\":\"https:\/\/www.amuz.krakow.pl\/#website\"},\"primaryImageOfPage\":{\"@id\":\"https:\/\/www.amuz.krakow.pl\/doktoraty-hc\/doktorzy-honoris-causa\/jego-swiatobliwosc-benedykt-xvi-papiez-emeryt-2015\/#primaryimage\"},\"image\":{\"@id\":\"https:\/\/www.amuz.krakow.pl\/doktoraty-hc\/doktorzy-honoris-causa\/jego-swiatobliwosc-benedykt-xvi-papiez-emeryt-2015\/#primaryimage\"},\"thumbnailUrl\":\"https:\/\/www.amuz.krakow.pl\/wp-content\/uploads\/2016\/01\/Benedykt-XVI.jpg\",\"datePublished\":\"2016-01-16T23:05:03+00:00\",\"dateModified\":\"2020-11-30T22:17:38+00:00\",\"breadcrumb\":{\"@id\":\"https:\/\/www.amuz.krakow.pl\/doktoraty-hc\/doktorzy-honoris-causa\/jego-swiatobliwosc-benedykt-xvi-papiez-emeryt-2015\/#breadcrumb\"},\"inLanguage\":\"en-US\",\"potentialAction\":[{\"@type\":\"ReadAction\",\"target\":[\"https:\/\/www.amuz.krakow.pl\/doktoraty-hc\/doktorzy-honoris-causa\/jego-swiatobliwosc-benedykt-xvi-papiez-emeryt-2015\/\"]}]},{\"@type\":\"ImageObject\",\"inLanguage\":\"en-US\",\"@id\":\"https:\/\/www.amuz.krakow.pl\/doktoraty-hc\/doktorzy-honoris-causa\/jego-swiatobliwosc-benedykt-xvi-papiez-emeryt-2015\/#primaryimage\",\"url\":\"https:\/\/www.amuz.krakow.pl\/wp-content\/uploads\/2016\/01\/Benedykt-XVI.jpg\",\"contentUrl\":\"https:\/\/www.amuz.krakow.pl\/wp-content\/uploads\/2016\/01\/Benedykt-XVI.jpg\"},{\"@type\":\"BreadcrumbList\",\"@id\":\"https:\/\/www.amuz.krakow.pl\/doktoraty-hc\/doktorzy-honoris-causa\/jego-swiatobliwosc-benedykt-xvi-papiez-emeryt-2015\/#breadcrumb\",\"itemListElement\":[{\"@type\":\"ListItem\",\"position\":1,\"name\":\"Strona g\u0142\u00f3wna\",\"item\":\"https:\/\/www.amuz.krakow.pl\/\"},{\"@type\":\"ListItem\",\"position\":2,\"name\":\"Doktoraty honoris causa\",\"item\":\"https:\/\/www.amuz.krakow.pl\/doktoraty-hc\/\"},{\"@type\":\"ListItem\",\"position\":3,\"name\":\"Doktorzy Honoris Causa\",\"item\":\"https:\/\/www.amuz.krakow.pl\/doktoraty-hc\/doktorzy-honoris-causa\/\"},{\"@type\":\"ListItem\",\"position\":4,\"name\":\"Jego \u015awi\u0105tobliwo\u015b\u0107 Benedykt XVI, papie\u017c emeryt (2015)\"}]},{\"@type\":\"WebSite\",\"@id\":\"https:\/\/www.amuz.krakow.pl\/#website\",\"url\":\"https:\/\/www.amuz.krakow.pl\/\",\"name\":\"Akademia Muzyczna im. Krzysztofa Pendereckiego w Krakowie\",\"description\":\"Oficjalna strona Akademii Muzycznej im. Krzysztofa Pendereckiego w Krakowie (AMKP).\",\"publisher\":{\"@id\":\"https:\/\/www.amuz.krakow.pl\/#organization\"},\"alternateName\":\"AMKP\",\"potentialAction\":[{\"@type\":\"SearchAction\",\"target\":{\"@type\":\"EntryPoint\",\"urlTemplate\":\"https:\/\/www.amuz.krakow.pl\/?s={search_term_string}\"},\"query-input\":{\"@type\":\"PropertyValueSpecification\",\"valueRequired\":true,\"valueName\":\"search_term_string\"}}],\"inLanguage\":\"en-US\"},{\"@type\":\"Organization\",\"@id\":\"https:\/\/www.amuz.krakow.pl\/#organization\",\"name\":\"Akademia Muzyczna im. Krzysztofa Pendereckiego w Krakowie\",\"alternateName\":\"AMKP\",\"url\":\"https:\/\/www.amuz.krakow.pl\/\",\"logo\":{\"@type\":\"ImageObject\",\"inLanguage\":\"en-US\",\"@id\":\"https:\/\/www.amuz.krakow.pl\/#\/schema\/logo\/image\/\",\"url\":\"https:\/\/www.amuz.krakow.pl\/wp-content\/uploads\/2021\/11\/amkp.jpg\",\"contentUrl\":\"https:\/\/www.amuz.krakow.pl\/wp-content\/uploads\/2021\/11\/amkp.jpg\",\"width\":1193,\"height\":591,\"caption\":\"Akademia Muzyczna im. Krzysztofa Pendereckiego w Krakowie\"},\"image\":{\"@id\":\"https:\/\/www.amuz.krakow.pl\/#\/schema\/logo\/image\/\"},\"sameAs\":[\"https:\/\/www.facebook.com\/amuz.krakow\",\"https:\/\/www.instagram.com\/amkpenderecki\/\",\"https:\/\/www.youtube.com\/@amkpenderecki4806\"]}]}<\/script>\n<!-- \/ Yoast SEO plugin. -->","yoast_head_json":{"title":"AMKP - Akademia Muzyczna im. Krzysztofa Pendereckiego w Krakowie","robots":{"index":"index","follow":"follow","max-snippet":"max-snippet:-1","max-image-preview":"max-image-preview:large","max-video-preview":"max-video-preview:-1"},"canonical":"https:\/\/www.amuz.krakow.pl\/doktoraty-hc\/doktorzy-honoris-causa\/jego-swiatobliwosc-benedykt-xvi-papiez-emeryt-2015\/","og_locale":"en_US","og_type":"article","og_title":"AMKP - Akademia Muzyczna im. Krzysztofa Pendereckiego w Krakowie","og_description":"1927 Joseph Ratzinger was born on 16 April (Easter Saturday) in Marktl am Inn and was baptised that same day. His father was a police officer and came from a&hellip; Continue reading","og_url":"https:\/\/www.amuz.krakow.pl\/doktoraty-hc\/doktorzy-honoris-causa\/jego-swiatobliwosc-benedykt-xvi-papiez-emeryt-2015\/","og_site_name":"Akademia Muzyczna im. Krzysztofa Pendereckiego w Krakowie","article_publisher":"https:\/\/www.facebook.com\/amuz.krakow","article_modified_time":"2020-11-30T22:17:38+00:00","og_image":[{"url":"https:\/\/www.amuz.krakow.pl\/wp-content\/uploads\/2016\/01\/Benedykt-XVI.jpg","type":"","width":"","height":""}],"twitter_card":"summary_large_image","twitter_misc":{"Est. reading time":"8 minutes"},"schema":{"@context":"https:\/\/schema.org","@graph":[{"@type":"WebPage","@id":"https:\/\/www.amuz.krakow.pl\/doktoraty-hc\/doktorzy-honoris-causa\/jego-swiatobliwosc-benedykt-xvi-papiez-emeryt-2015\/","url":"https:\/\/www.amuz.krakow.pl\/doktoraty-hc\/doktorzy-honoris-causa\/jego-swiatobliwosc-benedykt-xvi-papiez-emeryt-2015\/","name":"AMKP - Akademia Muzyczna im. Krzysztofa Pendereckiego w Krakowie","isPartOf":{"@id":"https:\/\/www.amuz.krakow.pl\/#website"},"primaryImageOfPage":{"@id":"https:\/\/www.amuz.krakow.pl\/doktoraty-hc\/doktorzy-honoris-causa\/jego-swiatobliwosc-benedykt-xvi-papiez-emeryt-2015\/#primaryimage"},"image":{"@id":"https:\/\/www.amuz.krakow.pl\/doktoraty-hc\/doktorzy-honoris-causa\/jego-swiatobliwosc-benedykt-xvi-papiez-emeryt-2015\/#primaryimage"},"thumbnailUrl":"https:\/\/www.amuz.krakow.pl\/wp-content\/uploads\/2016\/01\/Benedykt-XVI.jpg","datePublished":"2016-01-16T23:05:03+00:00","dateModified":"2020-11-30T22:17:38+00:00","breadcrumb":{"@id":"https:\/\/www.amuz.krakow.pl\/doktoraty-hc\/doktorzy-honoris-causa\/jego-swiatobliwosc-benedykt-xvi-papiez-emeryt-2015\/#breadcrumb"},"inLanguage":"en-US","potentialAction":[{"@type":"ReadAction","target":["https:\/\/www.amuz.krakow.pl\/doktoraty-hc\/doktorzy-honoris-causa\/jego-swiatobliwosc-benedykt-xvi-papiez-emeryt-2015\/"]}]},{"@type":"ImageObject","inLanguage":"en-US","@id":"https:\/\/www.amuz.krakow.pl\/doktoraty-hc\/doktorzy-honoris-causa\/jego-swiatobliwosc-benedykt-xvi-papiez-emeryt-2015\/#primaryimage","url":"https:\/\/www.amuz.krakow.pl\/wp-content\/uploads\/2016\/01\/Benedykt-XVI.jpg","contentUrl":"https:\/\/www.amuz.krakow.pl\/wp-content\/uploads\/2016\/01\/Benedykt-XVI.jpg"},{"@type":"BreadcrumbList","@id":"https:\/\/www.amuz.krakow.pl\/doktoraty-hc\/doktorzy-honoris-causa\/jego-swiatobliwosc-benedykt-xvi-papiez-emeryt-2015\/#breadcrumb","itemListElement":[{"@type":"ListItem","position":1,"name":"Strona g\u0142\u00f3wna","item":"https:\/\/www.amuz.krakow.pl\/"},{"@type":"ListItem","position":2,"name":"Doktoraty honoris causa","item":"https:\/\/www.amuz.krakow.pl\/doktoraty-hc\/"},{"@type":"ListItem","position":3,"name":"Doktorzy Honoris Causa","item":"https:\/\/www.amuz.krakow.pl\/doktoraty-hc\/doktorzy-honoris-causa\/"},{"@type":"ListItem","position":4,"name":"Jego \u015awi\u0105tobliwo\u015b\u0107 Benedykt XVI, papie\u017c emeryt (2015)"}]},{"@type":"WebSite","@id":"https:\/\/www.amuz.krakow.pl\/#website","url":"https:\/\/www.amuz.krakow.pl\/","name":"Akademia Muzyczna im. Krzysztofa Pendereckiego w Krakowie","description":"Oficjalna strona Akademii Muzycznej im. Krzysztofa Pendereckiego w Krakowie (AMKP).","publisher":{"@id":"https:\/\/www.amuz.krakow.pl\/#organization"},"alternateName":"AMKP","potentialAction":[{"@type":"SearchAction","target":{"@type":"EntryPoint","urlTemplate":"https:\/\/www.amuz.krakow.pl\/?s={search_term_string}"},"query-input":{"@type":"PropertyValueSpecification","valueRequired":true,"valueName":"search_term_string"}}],"inLanguage":"en-US"},{"@type":"Organization","@id":"https:\/\/www.amuz.krakow.pl\/#organization","name":"Akademia Muzyczna im. Krzysztofa Pendereckiego w Krakowie","alternateName":"AMKP","url":"https:\/\/www.amuz.krakow.pl\/","logo":{"@type":"ImageObject","inLanguage":"en-US","@id":"https:\/\/www.amuz.krakow.pl\/#\/schema\/logo\/image\/","url":"https:\/\/www.amuz.krakow.pl\/wp-content\/uploads\/2021\/11\/amkp.jpg","contentUrl":"https:\/\/www.amuz.krakow.pl\/wp-content\/uploads\/2021\/11\/amkp.jpg","width":1193,"height":591,"caption":"Akademia Muzyczna im. Krzysztofa Pendereckiego w Krakowie"},"image":{"@id":"https:\/\/www.amuz.krakow.pl\/#\/schema\/logo\/image\/"},"sameAs":["https:\/\/www.facebook.com\/amuz.krakow","https:\/\/www.instagram.com\/amkpenderecki\/","https:\/\/www.youtube.com\/@amkpenderecki4806"]}]}},"_links":{"self":[{"href":"https:\/\/www.amuz.krakow.pl\/en\/wp-json\/wp\/v2\/pages\/705","targetHints":{"allow":["GET"]}}],"collection":[{"href":"https:\/\/www.amuz.krakow.pl\/en\/wp-json\/wp\/v2\/pages"}],"about":[{"href":"https:\/\/www.amuz.krakow.pl\/en\/wp-json\/wp\/v2\/types\/page"}],"author":[{"embeddable":true,"href":"https:\/\/www.amuz.krakow.pl\/en\/wp-json\/wp\/v2\/users\/72"}],"replies":[{"embeddable":true,"href":"https:\/\/www.amuz.krakow.pl\/en\/wp-json\/wp\/v2\/comments?post=705"}],"version-history":[{"count":1,"href":"https:\/\/www.amuz.krakow.pl\/en\/wp-json\/wp\/v2\/pages\/705\/revisions"}],"predecessor-version":[{"id":45219,"href":"https:\/\/www.amuz.krakow.pl\/en\/wp-json\/wp\/v2\/pages\/705\/revisions\/45219"}],"up":[{"embeddable":true,"href":"https:\/\/www.amuz.krakow.pl\/en\/wp-json\/wp\/v2\/pages\/633"}],"wp:attachment":[{"href":"https:\/\/www.amuz.krakow.pl\/en\/wp-json\/wp\/v2\/media?parent=705"}],"curies":[{"name":"wp","href":"https:\/\/api.w.org\/{rel}","templated":true}]}}