{"id":679,"date":"2016-01-16T23:53:08","date_gmt":"2016-01-16T22:53:08","guid":{"rendered":"http:\/\/strony.amuz.krakow.pl\/?page_id=679"},"modified":"2020-11-30T23:16:48","modified_gmt":"2020-11-30T22:16:48","slug":"prof-krystyna-moszumanska-nazar-2007","status":"publish","type":"page","link":"https:\/\/www.amuz.krakow.pl\/en\/doktoraty-hc\/doktorzy-honoris-causa\/prof-krystyna-moszumanska-nazar-2007\/","title":{"rendered":"prof. Krystyna Moszuma\u0144ska-Nazar (2007)"},"content":{"rendered":"<p><\/p>\n<p style=\"text-align: justify;\"><a href=\"https:\/\/www.amuz.krakow.pl\/wp-content\/uploads\/2016\/01\/06.-prof.-Krystyna-Moszuma\u0144ska-Nazar-2007.jpeg\"><img loading=\"lazy\" decoding=\"async\" class=\"alignleft wp-image-680 \" src=\"https:\/\/www.amuz.krakow.pl\/wp-content\/uploads\/2016\/01\/06.-prof.-Krystyna-Moszuma\u0144ska-Nazar-2007.jpeg\" alt=\"prof. Krystyna Moszuma\u0144ska-Nazar (2007)\" width=\"300\" height=\"300\" srcset=\"https:\/\/www.amuz.krakow.pl\/wp-content\/uploads\/2016\/01\/06.-prof.-Krystyna-Moszuma\u0144ska-Nazar-2007.jpeg 404w, https:\/\/www.amuz.krakow.pl\/wp-content\/uploads\/2016\/01\/06.-prof.-Krystyna-Moszuma\u0144ska-Nazar-2007-150x150.jpeg 150w, https:\/\/www.amuz.krakow.pl\/wp-content\/uploads\/2016\/01\/06.-prof.-Krystyna-Moszuma\u0144ska-Nazar-2007-300x300.jpeg 300w\" sizes=\"auto, (max-width: 300px) 100vw, 300px\" \/><\/a>Krystyna Moszuma\u0144ska-Nazar studied composition with Stanis\u0142aw Wiechowicz and piano with Jan Hoffman at the State Higher School of Music (today the Academy of Music) in Krak\u00f3w in the years 1950-55.<\/p>\n<p style=\"text-align: justify;\">The compositional output of Prof. Moszuma\u0144ska-Nazar covers first of all orchestral works, such as Hexaedre 1960; Music for Strings 1962; Exodus for symphony orchestra and tape 1964; Variazioni concertanti for flute and chamber orchestra 1966; Pour orchestre 1969; Rapsod I\u00a01975; Rapsod II 1980; Sinfonietta for string orchestra 1983; Concerto for orchestra 1986; cykl Fresk\u00f3w (I 1988; II 1991; III 1991; IV &#8220;Lwowski&#8221; 1997); Concerto for percussion and orchestra 1998; Violin concerto 2000. Her chamber works include 3 string quartets (I 1974, II 1980, III 1995); works for various types of ensembles as well as pieces for solo instruments, like percussion solo. Krystyna Moszuma\u0144ska-Nazar also composed Intonations for two mixed choirs and orchestra 1968; Bel canto for soprano, celesta and percussion 1972; Polish Madonnas for mixed choir and orchestra 1974; Confessions for baritone and chamber orchestra 1977; Song of Songs for soprano, reciting voice men\u2019s choir and chamber orchestra 1984 as well as Pater noster for men\u2019s choir and organ 1997. Among her students were many significant composers, including Magdalena D\u0142ugosz, Aleksandra Gryka, Marzena Korzeniowska, Jerzy Kluzowicz, Micha\u0142 Kluzowicza, Adrian Konarski, Anna Mikulska, Anna Zawadzka-Go\u0142osz.<\/p>\n<p style=\"text-align: justify;\">Krystyna Moszuma\u0144ska-Nazar held the function of a\u00a0Rector of the Music Academy in Krak\u00f3w during a\u00a0difficult period Polish transition from communism to democracy. At that time the Academy was given a\u00a0new building at 43. \u015aw.Tomasza street, the Department of Contemporary Music Interpretation was formed (1991), annual Early Music Performance Courses led by Dutch teachers specializing in 17th and 18th century music from the Amsterdam Conservatory were initiated (1991). It was also a\u00a0time when preparations were made for introducing significant changes to the curriculum.<\/p>\n<p style=\"text-align: justify;\">For her lifetime achievements Krystyna Moszuma\u0144ska-Nazar was honoured with: the Award of the Minister of Culture and Art (five times), the City of Krak\u00f3w Award, Golden Cross of Merit, the Prime Minister Award for her works for children, Knight&#8217;s Cross of the Order of Polonia Restituta, the Polish Composers\u2019 Union Award, the Award of Merit for National Culture, Officer\u2019s Cross of the Order of Polonia Resituta, on the occasion of her 75th birthday and 45th anniversary of artistic work \u2013 with the Commander\u2019s Cross of the Order of Polonia Restituta, Honorary Award of the Polish Culture Foundation in Krak\u00f3w, Medaille de l&#8217;Officier de l&#8217;ordre des Arts et des Lettres.<\/p>\n<p><\/p>","protected":false},"excerpt":{"rendered":"<p>Krystyna Moszuma\u0144ska-Nazar studied composition with Stanis\u0142aw Wiechowicz and piano with Jan Hoffman at the State Higher School of Music (today the Academy of Music) in Krak\u00f3w in the years 1950-55.&hellip; <a href=\"https:\/\/www.amuz.krakow.pl\/en\/doktoraty-hc\/doktorzy-honoris-causa\/prof-krystyna-moszumanska-nazar-2007\/\">Continue reading<\/a><\/p>\n","protected":false},"author":72,"featured_media":0,"parent":633,"menu_order":-5,"comment_status":"closed","ping_status":"closed","template":"","meta":{"footnotes":"","_links_to":"","_links_to_target":""},"class_list":["post-679","page","type-page","status-publish","hentry"],"yoast_head":"<!-- This site is optimized with the Yoast SEO plugin v27.2 - https:\/\/yoast.com\/product\/yoast-seo-wordpress\/ -->\n<title>AMKP - Akademia Muzyczna im. Krzysztofa Pendereckiego w Krakowie<\/title>\n<meta name=\"robots\" content=\"index, follow, max-snippet:-1, max-image-preview:large, max-video-preview:-1\" \/>\n<link rel=\"canonical\" href=\"https:\/\/www.amuz.krakow.pl\/doktoraty-hc\/doktorzy-honoris-causa\/prof-krystyna-moszumanska-nazar-2007\/\" \/>\n<meta property=\"og:locale\" content=\"en_US\" \/>\n<meta property=\"og:type\" content=\"article\" \/>\n<meta property=\"og:title\" content=\"AMKP - Akademia Muzyczna im. Krzysztofa Pendereckiego w Krakowie\" \/>\n<meta property=\"og:description\" content=\"Krystyna Moszuma\u0144ska-Nazar studied composition with Stanis\u0142aw Wiechowicz and piano with Jan Hoffman at the State Higher School of Music (today the Academy of Music) in Krak\u00f3w in the years 1950-55.&hellip; Continue reading\" \/>\n<meta property=\"og:url\" content=\"https:\/\/www.amuz.krakow.pl\/doktoraty-hc\/doktorzy-honoris-causa\/prof-krystyna-moszumanska-nazar-2007\/\" \/>\n<meta property=\"og:site_name\" content=\"Akademia Muzyczna im. Krzysztofa Pendereckiego w Krakowie\" \/>\n<meta property=\"article:publisher\" content=\"https:\/\/www.facebook.com\/amuz.krakow\" \/>\n<meta property=\"article:modified_time\" content=\"2020-11-30T22:16:48+00:00\" \/>\n<meta property=\"og:image\" content=\"https:\/\/www.amuz.krakow.pl\/wp-content\/uploads\/2021\/11\/amkp.jpg\" \/>\n\t<meta property=\"og:image:width\" content=\"1193\" \/>\n\t<meta property=\"og:image:height\" content=\"591\" \/>\n\t<meta property=\"og:image:type\" content=\"image\/jpeg\" \/>\n<meta name=\"twitter:card\" content=\"summary_large_image\" \/>\n<meta name=\"twitter:label1\" content=\"Est. reading time\" \/>\n\t<meta name=\"twitter:data1\" content=\"4 minutes\" \/>\n<script type=\"application\/ld+json\" class=\"yoast-schema-graph\">{\"@context\":\"https:\/\/schema.org\",\"@graph\":[{\"@type\":\"WebPage\",\"@id\":\"https:\/\/www.amuz.krakow.pl\/doktoraty-hc\/doktorzy-honoris-causa\/prof-krystyna-moszumanska-nazar-2007\/\",\"url\":\"https:\/\/www.amuz.krakow.pl\/doktoraty-hc\/doktorzy-honoris-causa\/prof-krystyna-moszumanska-nazar-2007\/\",\"name\":\"AMKP - Akademia Muzyczna im. Krzysztofa Pendereckiego w Krakowie\",\"isPartOf\":{\"@id\":\"https:\/\/www.amuz.krakow.pl\/#website\"},\"datePublished\":\"2016-01-16T22:53:08+00:00\",\"dateModified\":\"2020-11-30T22:16:48+00:00\",\"breadcrumb\":{\"@id\":\"https:\/\/www.amuz.krakow.pl\/doktoraty-hc\/doktorzy-honoris-causa\/prof-krystyna-moszumanska-nazar-2007\/#breadcrumb\"},\"inLanguage\":\"en-US\",\"potentialAction\":[{\"@type\":\"ReadAction\",\"target\":[\"https:\/\/www.amuz.krakow.pl\/doktoraty-hc\/doktorzy-honoris-causa\/prof-krystyna-moszumanska-nazar-2007\/\"]}]},{\"@type\":\"BreadcrumbList\",\"@id\":\"https:\/\/www.amuz.krakow.pl\/doktoraty-hc\/doktorzy-honoris-causa\/prof-krystyna-moszumanska-nazar-2007\/#breadcrumb\",\"itemListElement\":[{\"@type\":\"ListItem\",\"position\":1,\"name\":\"Strona g\u0142\u00f3wna\",\"item\":\"https:\/\/www.amuz.krakow.pl\/\"},{\"@type\":\"ListItem\",\"position\":2,\"name\":\"Doktoraty honoris causa\",\"item\":\"https:\/\/www.amuz.krakow.pl\/doktoraty-hc\/\"},{\"@type\":\"ListItem\",\"position\":3,\"name\":\"Doktorzy Honoris Causa\",\"item\":\"https:\/\/www.amuz.krakow.pl\/doktoraty-hc\/doktorzy-honoris-causa\/\"},{\"@type\":\"ListItem\",\"position\":4,\"name\":\"prof. Krystyna Moszuma\u0144ska-Nazar (2007)\"}]},{\"@type\":\"WebSite\",\"@id\":\"https:\/\/www.amuz.krakow.pl\/#website\",\"url\":\"https:\/\/www.amuz.krakow.pl\/\",\"name\":\"Akademia Muzyczna im. Krzysztofa Pendereckiego w Krakowie\",\"description\":\"Oficjalna strona Akademii Muzycznej im. Krzysztofa Pendereckiego w Krakowie (AMKP).\",\"publisher\":{\"@id\":\"https:\/\/www.amuz.krakow.pl\/#organization\"},\"alternateName\":\"AMKP\",\"potentialAction\":[{\"@type\":\"SearchAction\",\"target\":{\"@type\":\"EntryPoint\",\"urlTemplate\":\"https:\/\/www.amuz.krakow.pl\/?s={search_term_string}\"},\"query-input\":{\"@type\":\"PropertyValueSpecification\",\"valueRequired\":true,\"valueName\":\"search_term_string\"}}],\"inLanguage\":\"en-US\"},{\"@type\":\"Organization\",\"@id\":\"https:\/\/www.amuz.krakow.pl\/#organization\",\"name\":\"Akademia Muzyczna im. Krzysztofa Pendereckiego w Krakowie\",\"alternateName\":\"AMKP\",\"url\":\"https:\/\/www.amuz.krakow.pl\/\",\"logo\":{\"@type\":\"ImageObject\",\"inLanguage\":\"en-US\",\"@id\":\"https:\/\/www.amuz.krakow.pl\/#\/schema\/logo\/image\/\",\"url\":\"https:\/\/www.amuz.krakow.pl\/wp-content\/uploads\/2021\/11\/amkp.jpg\",\"contentUrl\":\"https:\/\/www.amuz.krakow.pl\/wp-content\/uploads\/2021\/11\/amkp.jpg\",\"width\":1193,\"height\":591,\"caption\":\"Akademia Muzyczna im. Krzysztofa Pendereckiego w Krakowie\"},\"image\":{\"@id\":\"https:\/\/www.amuz.krakow.pl\/#\/schema\/logo\/image\/\"},\"sameAs\":[\"https:\/\/www.facebook.com\/amuz.krakow\",\"https:\/\/www.instagram.com\/amkpenderecki\/\",\"https:\/\/www.youtube.com\/@amkpenderecki4806\"]}]}<\/script>\n<!-- \/ Yoast SEO plugin. -->","yoast_head_json":{"title":"AMKP - Akademia Muzyczna im. Krzysztofa Pendereckiego w Krakowie","robots":{"index":"index","follow":"follow","max-snippet":"max-snippet:-1","max-image-preview":"max-image-preview:large","max-video-preview":"max-video-preview:-1"},"canonical":"https:\/\/www.amuz.krakow.pl\/doktoraty-hc\/doktorzy-honoris-causa\/prof-krystyna-moszumanska-nazar-2007\/","og_locale":"en_US","og_type":"article","og_title":"AMKP - Akademia Muzyczna im. Krzysztofa Pendereckiego w Krakowie","og_description":"Krystyna Moszuma\u0144ska-Nazar studied composition with Stanis\u0142aw Wiechowicz and piano with Jan Hoffman at the State Higher School of Music (today the Academy of Music) in Krak\u00f3w in the years 1950-55.&hellip; Continue reading","og_url":"https:\/\/www.amuz.krakow.pl\/doktoraty-hc\/doktorzy-honoris-causa\/prof-krystyna-moszumanska-nazar-2007\/","og_site_name":"Akademia Muzyczna im. Krzysztofa Pendereckiego w Krakowie","article_publisher":"https:\/\/www.facebook.com\/amuz.krakow","article_modified_time":"2020-11-30T22:16:48+00:00","og_image":[{"width":1193,"height":591,"url":"https:\/\/www.amuz.krakow.pl\/wp-content\/uploads\/2021\/11\/amkp.jpg","type":"image\/jpeg"}],"twitter_card":"summary_large_image","twitter_misc":{"Est. reading time":"4 minutes"},"schema":{"@context":"https:\/\/schema.org","@graph":[{"@type":"WebPage","@id":"https:\/\/www.amuz.krakow.pl\/doktoraty-hc\/doktorzy-honoris-causa\/prof-krystyna-moszumanska-nazar-2007\/","url":"https:\/\/www.amuz.krakow.pl\/doktoraty-hc\/doktorzy-honoris-causa\/prof-krystyna-moszumanska-nazar-2007\/","name":"AMKP - Akademia Muzyczna im. Krzysztofa Pendereckiego w Krakowie","isPartOf":{"@id":"https:\/\/www.amuz.krakow.pl\/#website"},"datePublished":"2016-01-16T22:53:08+00:00","dateModified":"2020-11-30T22:16:48+00:00","breadcrumb":{"@id":"https:\/\/www.amuz.krakow.pl\/doktoraty-hc\/doktorzy-honoris-causa\/prof-krystyna-moszumanska-nazar-2007\/#breadcrumb"},"inLanguage":"en-US","potentialAction":[{"@type":"ReadAction","target":["https:\/\/www.amuz.krakow.pl\/doktoraty-hc\/doktorzy-honoris-causa\/prof-krystyna-moszumanska-nazar-2007\/"]}]},{"@type":"BreadcrumbList","@id":"https:\/\/www.amuz.krakow.pl\/doktoraty-hc\/doktorzy-honoris-causa\/prof-krystyna-moszumanska-nazar-2007\/#breadcrumb","itemListElement":[{"@type":"ListItem","position":1,"name":"Strona g\u0142\u00f3wna","item":"https:\/\/www.amuz.krakow.pl\/"},{"@type":"ListItem","position":2,"name":"Doktoraty honoris causa","item":"https:\/\/www.amuz.krakow.pl\/doktoraty-hc\/"},{"@type":"ListItem","position":3,"name":"Doktorzy Honoris Causa","item":"https:\/\/www.amuz.krakow.pl\/doktoraty-hc\/doktorzy-honoris-causa\/"},{"@type":"ListItem","position":4,"name":"prof. Krystyna Moszuma\u0144ska-Nazar (2007)"}]},{"@type":"WebSite","@id":"https:\/\/www.amuz.krakow.pl\/#website","url":"https:\/\/www.amuz.krakow.pl\/","name":"Akademia Muzyczna im. Krzysztofa Pendereckiego w Krakowie","description":"Oficjalna strona Akademii Muzycznej im. Krzysztofa Pendereckiego w Krakowie (AMKP).","publisher":{"@id":"https:\/\/www.amuz.krakow.pl\/#organization"},"alternateName":"AMKP","potentialAction":[{"@type":"SearchAction","target":{"@type":"EntryPoint","urlTemplate":"https:\/\/www.amuz.krakow.pl\/?s={search_term_string}"},"query-input":{"@type":"PropertyValueSpecification","valueRequired":true,"valueName":"search_term_string"}}],"inLanguage":"en-US"},{"@type":"Organization","@id":"https:\/\/www.amuz.krakow.pl\/#organization","name":"Akademia Muzyczna im. Krzysztofa Pendereckiego w Krakowie","alternateName":"AMKP","url":"https:\/\/www.amuz.krakow.pl\/","logo":{"@type":"ImageObject","inLanguage":"en-US","@id":"https:\/\/www.amuz.krakow.pl\/#\/schema\/logo\/image\/","url":"https:\/\/www.amuz.krakow.pl\/wp-content\/uploads\/2021\/11\/amkp.jpg","contentUrl":"https:\/\/www.amuz.krakow.pl\/wp-content\/uploads\/2021\/11\/amkp.jpg","width":1193,"height":591,"caption":"Akademia Muzyczna im. Krzysztofa Pendereckiego w Krakowie"},"image":{"@id":"https:\/\/www.amuz.krakow.pl\/#\/schema\/logo\/image\/"},"sameAs":["https:\/\/www.facebook.com\/amuz.krakow","https:\/\/www.instagram.com\/amkpenderecki\/","https:\/\/www.youtube.com\/@amkpenderecki4806"]}]}},"_links":{"self":[{"href":"https:\/\/www.amuz.krakow.pl\/en\/wp-json\/wp\/v2\/pages\/679","targetHints":{"allow":["GET"]}}],"collection":[{"href":"https:\/\/www.amuz.krakow.pl\/en\/wp-json\/wp\/v2\/pages"}],"about":[{"href":"https:\/\/www.amuz.krakow.pl\/en\/wp-json\/wp\/v2\/types\/page"}],"author":[{"embeddable":true,"href":"https:\/\/www.amuz.krakow.pl\/en\/wp-json\/wp\/v2\/users\/72"}],"replies":[{"embeddable":true,"href":"https:\/\/www.amuz.krakow.pl\/en\/wp-json\/wp\/v2\/comments?post=679"}],"version-history":[{"count":1,"href":"https:\/\/www.amuz.krakow.pl\/en\/wp-json\/wp\/v2\/pages\/679\/revisions"}],"predecessor-version":[{"id":45214,"href":"https:\/\/www.amuz.krakow.pl\/en\/wp-json\/wp\/v2\/pages\/679\/revisions\/45214"}],"up":[{"embeddable":true,"href":"https:\/\/www.amuz.krakow.pl\/en\/wp-json\/wp\/v2\/pages\/633"}],"wp:attachment":[{"href":"https:\/\/www.amuz.krakow.pl\/en\/wp-json\/wp\/v2\/media?parent=679"}],"curies":[{"name":"wp","href":"https:\/\/api.w.org\/{rel}","templated":true}]}}