{"id":67814,"date":"2022-11-15T14:40:17","date_gmt":"2022-11-15T13:40:17","guid":{"rendered":"https:\/\/www.amuz.krakow.pl\/?page_id=67814"},"modified":"2022-11-17T13:20:16","modified_gmt":"2022-11-17T12:20:16","slug":"koncert-i-p-a-24-11-2022","status":"publish","type":"page","link":"https:\/\/www.amuz.krakow.pl\/en\/wydzialy\/wydzial-ii-instrumentalny\/katedra-jazzu\/aktualnosci-22\/koncert-i-p-a-24-11-2022\/","title":{"rendered":"Koncert skandynawskiego zespo\u0142u I.P.A. | 24.11.2022"},"content":{"rendered":"<p><img loading=\"lazy\" decoding=\"async\" class=\"alignleft wp-image-67819 size-full\" src=\"https:\/\/www.amuz.krakow.pl\/wp-content\/uploads\/2022\/11\/Zdjecie-IPA.jpg\" alt=\"\" width=\"960\" height=\"640\" srcset=\"https:\/\/www.amuz.krakow.pl\/wp-content\/uploads\/2022\/11\/Zdjecie-IPA.jpg 960w, https:\/\/www.amuz.krakow.pl\/wp-content\/uploads\/2022\/11\/Zdjecie-IPA-300x200.jpg 300w, https:\/\/www.amuz.krakow.pl\/wp-content\/uploads\/2022\/11\/Zdjecie-IPA-768x512.jpg 768w\" sizes=\"auto, (max-width: 960px) 100vw, 960px\" \/><\/p>\n<p style=\"text-align: justify;\">Katedra Jazzu wraz z Katedr\u0105 Instrument\u00f3w D\u0119tych Drewnianych i Akordeonu zapraszaj\u0105 <strong>24 listopada 2022<\/strong> o 20:00 na <strong>koncert<\/strong> jednego z najciekawszych skandynawskich zespo\u0142\u00f3w jazzowych <strong>I.P.A.<\/strong> w sk\u0142adzie:<\/p>\n<ul style=\"text-align: justify;\">\n<li>Atle Nymo &#8211; Saxophone\/Bass clarinet<\/li>\n<li>Magnus Broo &#8211; Trumpet<\/li>\n<li>Mattias St\u00e5hl &#8211; Vibraphone<\/li>\n<li>Ingebrigt H\u00e5ker Flaten &#8211; Bass<\/li>\n<li>H\u00e5kon Mj\u00e5set Johansen &#8211; Drums<\/li>\n<\/ul>\n<p style=\"text-align: justify;\">Koncert odb\u0119dzie si\u0119 w ramach <a href=\"https:\/\/www.amuz.krakow.pl\/wydzialy\/wydzial-ii-instrumentalny\/katedra-instrumentow-detych-drewnianych-i-akordeonu-2\/aktualnosci-22\/na-drodze-do-nowej-harmonii-vi\/\">konferencji <em>\u201e<strong>Na drodze do nowej harmonii VI<\/strong> \u201e \u0179r\u00f3d\u0142a, inspiracje, konteksty. Literatura solowa i kameralna na instrumenty d\u0119te drewniane i akordeon\u201d\u201d<\/em><\/a><em>.<\/em><\/p>\n<p style=\"text-align: justify;\">Dzie\u0144 po koncercie, <strong>25 listopada<\/strong>, odb\u0119d\u0105 si\u0119 w Sali Koncertowej <strong>warsztaty<\/strong> z artystami, w godzinach 10:00-12:00.<\/p>\n<p>Wst\u0119p wolny<\/p>\n<h6>czwartek, 24 listopada 2022, 20:00<br \/>\nSala Koncertowa<br \/>\nul. \u015bw. Tomasza 43<\/h6>\n<p>Koncert jazzowy I.P.A.<\/p>","protected":false},"excerpt":{"rendered":"<p>Katedra Jazzu wraz z Katedr\u0105 Instrument\u00f3w D\u0119tych Drewnianych i Akordeonu zapraszaj\u0105 24 listopada 2022 o 20:00 na koncert jednego z najciekawszych skandynawskich zespo\u0142\u00f3w jazzowych I.P.A. w sk\u0142adzie: Atle Nymo &#8211;&hellip; <a href=\"https:\/\/www.amuz.krakow.pl\/en\/wydzialy\/wydzial-ii-instrumentalny\/katedra-jazzu\/aktualnosci-22\/koncert-i-p-a-24-11-2022\/\">Continue reading<\/a><\/p>\n","protected":false},"author":72,"featured_media":67817,"parent":65427,"menu_order":-2,"comment_status":"closed","ping_status":"closed","template":"","meta":{"footnotes":"","_links_to":"","_links_to_target":""},"class_list":["post-67814","page","type-page","status-publish","has-post-thumbnail","hentry"],"yoast_head":"<!-- This site is optimized with the Yoast SEO plugin v27.2 - https:\/\/yoast.com\/product\/yoast-seo-wordpress\/ -->\n<title>AMKP - Akademia Muzyczna im. Krzysztofa Pendereckiego w Krakowie<\/title>\n<meta name=\"robots\" content=\"index, follow, max-snippet:-1, max-image-preview:large, max-video-preview:-1\" \/>\n<link rel=\"canonical\" href=\"https:\/\/www.amuz.krakow.pl\/wydzialy\/wydzial-ii-instrumentalny\/katedra-jazzu\/aktualnosci-22\/koncert-i-p-a-24-11-2022\/\" \/>\n<meta property=\"og:locale\" content=\"en_US\" \/>\n<meta property=\"og:type\" content=\"article\" \/>\n<meta property=\"og:title\" content=\"AMKP - Akademia Muzyczna im. Krzysztofa Pendereckiego w Krakowie\" \/>\n<meta property=\"og:description\" content=\"Katedra Jazzu wraz z Katedr\u0105 Instrument\u00f3w D\u0119tych Drewnianych i Akordeonu zapraszaj\u0105 24 listopada 2022 o 20:00 na koncert jednego z najciekawszych skandynawskich zespo\u0142\u00f3w jazzowych I.P.A. w sk\u0142adzie: Atle Nymo &#8211;&hellip; Continue reading\" \/>\n<meta property=\"og:url\" content=\"https:\/\/www.amuz.krakow.pl\/wydzialy\/wydzial-ii-instrumentalny\/katedra-jazzu\/aktualnosci-22\/koncert-i-p-a-24-11-2022\/\" \/>\n<meta property=\"og:site_name\" content=\"Akademia Muzyczna im. Krzysztofa Pendereckiego w Krakowie\" \/>\n<meta property=\"article:publisher\" content=\"https:\/\/www.facebook.com\/amuz.krakow\" \/>\n<meta property=\"article:modified_time\" content=\"2022-11-17T12:20:16+00:00\" \/>\n<meta property=\"og:image\" content=\"https:\/\/www.amuz.krakow.pl\/wp-content\/uploads\/2022\/11\/Zdjecie-IPA-kafelek.jpg\" \/>\n\t<meta property=\"og:image:width\" content=\"961\" \/>\n\t<meta property=\"og:image:height\" content=\"480\" \/>\n\t<meta property=\"og:image:type\" content=\"image\/jpeg\" \/>\n<meta name=\"twitter:card\" content=\"summary_large_image\" \/>\n<meta name=\"twitter:label1\" content=\"Est. reading time\" \/>\n\t<meta name=\"twitter:data1\" content=\"1 minute\" \/>\n<script type=\"application\/ld+json\" class=\"yoast-schema-graph\">{\"@context\":\"https:\/\/schema.org\",\"@graph\":[{\"@type\":\"WebPage\",\"@id\":\"https:\/\/www.amuz.krakow.pl\/wydzialy\/wydzial-ii-instrumentalny\/katedra-jazzu\/aktualnosci-22\/koncert-i-p-a-24-11-2022\/\",\"url\":\"https:\/\/www.amuz.krakow.pl\/wydzialy\/wydzial-ii-instrumentalny\/katedra-jazzu\/aktualnosci-22\/koncert-i-p-a-24-11-2022\/\",\"name\":\"AMKP - Akademia Muzyczna im. Krzysztofa Pendereckiego w Krakowie\",\"isPartOf\":{\"@id\":\"https:\/\/www.amuz.krakow.pl\/#website\"},\"primaryImageOfPage\":{\"@id\":\"https:\/\/www.amuz.krakow.pl\/wydzialy\/wydzial-ii-instrumentalny\/katedra-jazzu\/aktualnosci-22\/koncert-i-p-a-24-11-2022\/#primaryimage\"},\"image\":{\"@id\":\"https:\/\/www.amuz.krakow.pl\/wydzialy\/wydzial-ii-instrumentalny\/katedra-jazzu\/aktualnosci-22\/koncert-i-p-a-24-11-2022\/#primaryimage\"},\"thumbnailUrl\":\"https:\/\/www.amuz.krakow.pl\/wp-content\/uploads\/2022\/11\/Zdjecie-IPA-kafelek.jpg\",\"datePublished\":\"2022-11-15T13:40:17+00:00\",\"dateModified\":\"2022-11-17T12:20:16+00:00\",\"breadcrumb\":{\"@id\":\"https:\/\/www.amuz.krakow.pl\/wydzialy\/wydzial-ii-instrumentalny\/katedra-jazzu\/aktualnosci-22\/koncert-i-p-a-24-11-2022\/#breadcrumb\"},\"inLanguage\":\"en-US\",\"potentialAction\":[{\"@type\":\"ReadAction\",\"target\":[\"https:\/\/www.amuz.krakow.pl\/wydzialy\/wydzial-ii-instrumentalny\/katedra-jazzu\/aktualnosci-22\/koncert-i-p-a-24-11-2022\/\"]}]},{\"@type\":\"ImageObject\",\"inLanguage\":\"en-US\",\"@id\":\"https:\/\/www.amuz.krakow.pl\/wydzialy\/wydzial-ii-instrumentalny\/katedra-jazzu\/aktualnosci-22\/koncert-i-p-a-24-11-2022\/#primaryimage\",\"url\":\"https:\/\/www.amuz.krakow.pl\/wp-content\/uploads\/2022\/11\/Zdjecie-IPA-kafelek.jpg\",\"contentUrl\":\"https:\/\/www.amuz.krakow.pl\/wp-content\/uploads\/2022\/11\/Zdjecie-IPA-kafelek.jpg\",\"width\":961,\"height\":480},{\"@type\":\"BreadcrumbList\",\"@id\":\"https:\/\/www.amuz.krakow.pl\/wydzialy\/wydzial-ii-instrumentalny\/katedra-jazzu\/aktualnosci-22\/koncert-i-p-a-24-11-2022\/#breadcrumb\",\"itemListElement\":[{\"@type\":\"ListItem\",\"position\":1,\"name\":\"Strona g\u0142\u00f3wna\",\"item\":\"https:\/\/www.amuz.krakow.pl\/\"},{\"@type\":\"ListItem\",\"position\":2,\"name\":\"WYDZIA\u0141Y\",\"item\":\"https:\/\/www.amuz.krakow.pl\/wydzialy\/\"},{\"@type\":\"ListItem\",\"position\":3,\"name\":\"Wydzia\u0142 Instrumentalny\",\"item\":\"https:\/\/www.amuz.krakow.pl\/wydzialy\/wydzial-ii-instrumentalny\/\"},{\"@type\":\"ListItem\",\"position\":4,\"name\":\"Katedra Jazzu\",\"item\":\"https:\/\/www.amuz.krakow.pl\/wydzialy\/wydzial-ii-instrumentalny\/katedra-jazzu\/\"},{\"@type\":\"ListItem\",\"position\":5,\"name\":\"Archiwum wydarze\u0144 2022\/2023\",\"item\":\"https:\/\/www.amuz.krakow.pl\/wydzialy\/wydzial-ii-instrumentalny\/katedra-jazzu\/aktualnosci-22\/\"},{\"@type\":\"ListItem\",\"position\":6,\"name\":\"Koncert skandynawskiego zespo\u0142u I.P.A. | 24.11.2022\"}]},{\"@type\":\"WebSite\",\"@id\":\"https:\/\/www.amuz.krakow.pl\/#website\",\"url\":\"https:\/\/www.amuz.krakow.pl\/\",\"name\":\"Akademia Muzyczna im. Krzysztofa Pendereckiego w Krakowie\",\"description\":\"Oficjalna strona Akademii Muzycznej im. Krzysztofa Pendereckiego w Krakowie (AMKP).\",\"publisher\":{\"@id\":\"https:\/\/www.amuz.krakow.pl\/#organization\"},\"alternateName\":\"AMKP\",\"potentialAction\":[{\"@type\":\"SearchAction\",\"target\":{\"@type\":\"EntryPoint\",\"urlTemplate\":\"https:\/\/www.amuz.krakow.pl\/?s={search_term_string}\"},\"query-input\":{\"@type\":\"PropertyValueSpecification\",\"valueRequired\":true,\"valueName\":\"search_term_string\"}}],\"inLanguage\":\"en-US\"},{\"@type\":\"Organization\",\"@id\":\"https:\/\/www.amuz.krakow.pl\/#organization\",\"name\":\"Akademia Muzyczna im. Krzysztofa Pendereckiego w Krakowie\",\"alternateName\":\"AMKP\",\"url\":\"https:\/\/www.amuz.krakow.pl\/\",\"logo\":{\"@type\":\"ImageObject\",\"inLanguage\":\"en-US\",\"@id\":\"https:\/\/www.amuz.krakow.pl\/#\/schema\/logo\/image\/\",\"url\":\"https:\/\/www.amuz.krakow.pl\/wp-content\/uploads\/2021\/11\/amkp.jpg\",\"contentUrl\":\"https:\/\/www.amuz.krakow.pl\/wp-content\/uploads\/2021\/11\/amkp.jpg\",\"width\":1193,\"height\":591,\"caption\":\"Akademia Muzyczna im. Krzysztofa Pendereckiego w Krakowie\"},\"image\":{\"@id\":\"https:\/\/www.amuz.krakow.pl\/#\/schema\/logo\/image\/\"},\"sameAs\":[\"https:\/\/www.facebook.com\/amuz.krakow\",\"https:\/\/www.instagram.com\/amkpenderecki\/\",\"https:\/\/www.youtube.com\/@amkpenderecki4806\"]}]}<\/script>\n<!-- \/ Yoast SEO plugin. -->","yoast_head_json":{"title":"AMKP - Akademia Muzyczna im. Krzysztofa Pendereckiego w Krakowie","robots":{"index":"index","follow":"follow","max-snippet":"max-snippet:-1","max-image-preview":"max-image-preview:large","max-video-preview":"max-video-preview:-1"},"canonical":"https:\/\/www.amuz.krakow.pl\/wydzialy\/wydzial-ii-instrumentalny\/katedra-jazzu\/aktualnosci-22\/koncert-i-p-a-24-11-2022\/","og_locale":"en_US","og_type":"article","og_title":"AMKP - Akademia Muzyczna im. Krzysztofa Pendereckiego w Krakowie","og_description":"Katedra Jazzu wraz z Katedr\u0105 Instrument\u00f3w D\u0119tych Drewnianych i Akordeonu zapraszaj\u0105 24 listopada 2022 o 20:00 na koncert jednego z najciekawszych skandynawskich zespo\u0142\u00f3w jazzowych I.P.A. w sk\u0142adzie: Atle Nymo &#8211;&hellip; Continue reading","og_url":"https:\/\/www.amuz.krakow.pl\/wydzialy\/wydzial-ii-instrumentalny\/katedra-jazzu\/aktualnosci-22\/koncert-i-p-a-24-11-2022\/","og_site_name":"Akademia Muzyczna im. Krzysztofa Pendereckiego w Krakowie","article_publisher":"https:\/\/www.facebook.com\/amuz.krakow","article_modified_time":"2022-11-17T12:20:16+00:00","og_image":[{"width":961,"height":480,"url":"https:\/\/www.amuz.krakow.pl\/wp-content\/uploads\/2022\/11\/Zdjecie-IPA-kafelek.jpg","type":"image\/jpeg"}],"twitter_card":"summary_large_image","twitter_misc":{"Est. reading time":"1 minute"},"schema":{"@context":"https:\/\/schema.org","@graph":[{"@type":"WebPage","@id":"https:\/\/www.amuz.krakow.pl\/wydzialy\/wydzial-ii-instrumentalny\/katedra-jazzu\/aktualnosci-22\/koncert-i-p-a-24-11-2022\/","url":"https:\/\/www.amuz.krakow.pl\/wydzialy\/wydzial-ii-instrumentalny\/katedra-jazzu\/aktualnosci-22\/koncert-i-p-a-24-11-2022\/","name":"AMKP - Akademia Muzyczna im. Krzysztofa Pendereckiego w Krakowie","isPartOf":{"@id":"https:\/\/www.amuz.krakow.pl\/#website"},"primaryImageOfPage":{"@id":"https:\/\/www.amuz.krakow.pl\/wydzialy\/wydzial-ii-instrumentalny\/katedra-jazzu\/aktualnosci-22\/koncert-i-p-a-24-11-2022\/#primaryimage"},"image":{"@id":"https:\/\/www.amuz.krakow.pl\/wydzialy\/wydzial-ii-instrumentalny\/katedra-jazzu\/aktualnosci-22\/koncert-i-p-a-24-11-2022\/#primaryimage"},"thumbnailUrl":"https:\/\/www.amuz.krakow.pl\/wp-content\/uploads\/2022\/11\/Zdjecie-IPA-kafelek.jpg","datePublished":"2022-11-15T13:40:17+00:00","dateModified":"2022-11-17T12:20:16+00:00","breadcrumb":{"@id":"https:\/\/www.amuz.krakow.pl\/wydzialy\/wydzial-ii-instrumentalny\/katedra-jazzu\/aktualnosci-22\/koncert-i-p-a-24-11-2022\/#breadcrumb"},"inLanguage":"en-US","potentialAction":[{"@type":"ReadAction","target":["https:\/\/www.amuz.krakow.pl\/wydzialy\/wydzial-ii-instrumentalny\/katedra-jazzu\/aktualnosci-22\/koncert-i-p-a-24-11-2022\/"]}]},{"@type":"ImageObject","inLanguage":"en-US","@id":"https:\/\/www.amuz.krakow.pl\/wydzialy\/wydzial-ii-instrumentalny\/katedra-jazzu\/aktualnosci-22\/koncert-i-p-a-24-11-2022\/#primaryimage","url":"https:\/\/www.amuz.krakow.pl\/wp-content\/uploads\/2022\/11\/Zdjecie-IPA-kafelek.jpg","contentUrl":"https:\/\/www.amuz.krakow.pl\/wp-content\/uploads\/2022\/11\/Zdjecie-IPA-kafelek.jpg","width":961,"height":480},{"@type":"BreadcrumbList","@id":"https:\/\/www.amuz.krakow.pl\/wydzialy\/wydzial-ii-instrumentalny\/katedra-jazzu\/aktualnosci-22\/koncert-i-p-a-24-11-2022\/#breadcrumb","itemListElement":[{"@type":"ListItem","position":1,"name":"Strona g\u0142\u00f3wna","item":"https:\/\/www.amuz.krakow.pl\/"},{"@type":"ListItem","position":2,"name":"WYDZIA\u0141Y","item":"https:\/\/www.amuz.krakow.pl\/wydzialy\/"},{"@type":"ListItem","position":3,"name":"Wydzia\u0142 Instrumentalny","item":"https:\/\/www.amuz.krakow.pl\/wydzialy\/wydzial-ii-instrumentalny\/"},{"@type":"ListItem","position":4,"name":"Katedra Jazzu","item":"https:\/\/www.amuz.krakow.pl\/wydzialy\/wydzial-ii-instrumentalny\/katedra-jazzu\/"},{"@type":"ListItem","position":5,"name":"Archiwum wydarze\u0144 2022\/2023","item":"https:\/\/www.amuz.krakow.pl\/wydzialy\/wydzial-ii-instrumentalny\/katedra-jazzu\/aktualnosci-22\/"},{"@type":"ListItem","position":6,"name":"Koncert skandynawskiego zespo\u0142u I.P.A. | 24.11.2022"}]},{"@type":"WebSite","@id":"https:\/\/www.amuz.krakow.pl\/#website","url":"https:\/\/www.amuz.krakow.pl\/","name":"Akademia Muzyczna im. Krzysztofa Pendereckiego w Krakowie","description":"Oficjalna strona Akademii Muzycznej im. Krzysztofa Pendereckiego w Krakowie (AMKP).","publisher":{"@id":"https:\/\/www.amuz.krakow.pl\/#organization"},"alternateName":"AMKP","potentialAction":[{"@type":"SearchAction","target":{"@type":"EntryPoint","urlTemplate":"https:\/\/www.amuz.krakow.pl\/?s={search_term_string}"},"query-input":{"@type":"PropertyValueSpecification","valueRequired":true,"valueName":"search_term_string"}}],"inLanguage":"en-US"},{"@type":"Organization","@id":"https:\/\/www.amuz.krakow.pl\/#organization","name":"Akademia Muzyczna im. Krzysztofa Pendereckiego w Krakowie","alternateName":"AMKP","url":"https:\/\/www.amuz.krakow.pl\/","logo":{"@type":"ImageObject","inLanguage":"en-US","@id":"https:\/\/www.amuz.krakow.pl\/#\/schema\/logo\/image\/","url":"https:\/\/www.amuz.krakow.pl\/wp-content\/uploads\/2021\/11\/amkp.jpg","contentUrl":"https:\/\/www.amuz.krakow.pl\/wp-content\/uploads\/2021\/11\/amkp.jpg","width":1193,"height":591,"caption":"Akademia Muzyczna im. Krzysztofa Pendereckiego w Krakowie"},"image":{"@id":"https:\/\/www.amuz.krakow.pl\/#\/schema\/logo\/image\/"},"sameAs":["https:\/\/www.facebook.com\/amuz.krakow","https:\/\/www.instagram.com\/amkpenderecki\/","https:\/\/www.youtube.com\/@amkpenderecki4806"]}]}},"_links":{"self":[{"href":"https:\/\/www.amuz.krakow.pl\/en\/wp-json\/wp\/v2\/pages\/67814","targetHints":{"allow":["GET"]}}],"collection":[{"href":"https:\/\/www.amuz.krakow.pl\/en\/wp-json\/wp\/v2\/pages"}],"about":[{"href":"https:\/\/www.amuz.krakow.pl\/en\/wp-json\/wp\/v2\/types\/page"}],"author":[{"embeddable":true,"href":"https:\/\/www.amuz.krakow.pl\/en\/wp-json\/wp\/v2\/users\/72"}],"replies":[{"embeddable":true,"href":"https:\/\/www.amuz.krakow.pl\/en\/wp-json\/wp\/v2\/comments?post=67814"}],"version-history":[{"count":4,"href":"https:\/\/www.amuz.krakow.pl\/en\/wp-json\/wp\/v2\/pages\/67814\/revisions"}],"predecessor-version":[{"id":67821,"href":"https:\/\/www.amuz.krakow.pl\/en\/wp-json\/wp\/v2\/pages\/67814\/revisions\/67821"}],"up":[{"embeddable":true,"href":"https:\/\/www.amuz.krakow.pl\/en\/wp-json\/wp\/v2\/pages\/65427"}],"wp:featuredmedia":[{"embeddable":true,"href":"https:\/\/www.amuz.krakow.pl\/en\/wp-json\/wp\/v2\/media\/67817"}],"wp:attachment":[{"href":"https:\/\/www.amuz.krakow.pl\/en\/wp-json\/wp\/v2\/media?parent=67814"}],"curies":[{"name":"wp","href":"https:\/\/api.w.org\/{rel}","templated":true}]}}