{"id":67322,"date":"2022-11-02T12:56:47","date_gmt":"2022-11-02T11:56:47","guid":{"rendered":"https:\/\/www.amuz.krakow.pl\/?page_id=67322"},"modified":"2025-11-24T15:15:03","modified_gmt":"2025-11-24T14:15:03","slug":"rejestracja-erasmus","status":"publish","type":"page","link":"https:\/\/www.amuz.krakow.pl\/en\/erasmus\/dla-studentow-sms\/studenci-wyjezdzajacy\/rejestracja-erasmus\/","title":{"rendered":"ERASMUS+ REGISTRATION for academic year 2026\/2027"},"content":{"rendered":"<p><\/p>\n<h6>Study exchange<\/h6>\n<p><a href=\"https:\/\/www.amuz.krakow.pl\/wp-content\/uploads\/2025\/11\/erasmus-2027-2-scaled.jpg\" target=\"_blank\" rel=\"noopener\"><img loading=\"lazy\" decoding=\"async\" class=\"aligncenter wp-image-110560\" src=\"https:\/\/www.amuz.krakow.pl\/wp-content\/uploads\/2025\/11\/erasmus-2027-2-scaled.jpg\" alt=\"\" width=\"500\" height=\"717\" srcset=\"https:\/\/www.amuz.krakow.pl\/wp-content\/uploads\/2025\/11\/erasmus-2027-2-scaled.jpg 1428w, https:\/\/www.amuz.krakow.pl\/wp-content\/uploads\/2025\/11\/erasmus-2027-2-209x300.jpg 209w, https:\/\/www.amuz.krakow.pl\/wp-content\/uploads\/2025\/11\/erasmus-2027-2-768x1102.jpg 768w, https:\/\/www.amuz.krakow.pl\/wp-content\/uploads\/2025\/11\/erasmus-2027-2-1071x1536.jpg 1071w\" sizes=\"auto, (max-width: 500px) 100vw, 500px\" \/><\/a><\/p>\n<p style=\"text-align: justify;\">AMKP recruits for <strong>STUDENT MOBILITY within ERASMUS+ programme to foreign music higher education institutions<\/strong> for academic year <strong>2026\/2027<\/strong>.<\/p>\n<p style=\"text-align: center;\"><span style=\"font-size: 12pt;\">APPLICATION DEADLINE: <strong>20 December 2025<\/strong><\/span><\/p>\n<p style=\"text-align: justify;\"><span style=\"font-size: 12pt;\">If you are our REGULAR STUDENT interested in going for student mobility in the academic year 2025\/2026, please fill out the Registration Card available under the link:\u00a0<\/span><\/p>\n<p style=\"text-align: center;\"><strong><span style=\"font-size: 12pt;\"><a href=\"https:\/\/pliki.amuz.krakow.pl\/index.php\/apps\/forms\/s\/eDeFQrFjjmFqTJeN2YmMmTsW\" target=\"_blank\" rel=\"noopener\">REGISTRATION CARD ONLINE<\/a><\/span><\/strong><\/p>\n<hr \/>\n<p><strong>You can read about the further steps of recruitment <a href=\"https:\/\/www.amuz.krakow.pl\/en\/erasmus\/dla-studentow-sms\/studenci-wyjezdzajacy\/krok-po-kroku\/\">HERE<\/a>.<\/strong><\/p>\n<p>&nbsp;<\/p>\n<p style=\"text-align: justify;\"><span style=\"text-decoration: underline;\">Remember!<\/span><br \/>\nEach applicant has the right to choose:<\/p>\n<ul>\n<li style=\"text-align: justify;\"><strong>three<\/strong> foreign host higher education institutions in the EU countries and EU candidates<\/li>\n<li>and\u00a0<strong>one <\/strong>higher education institution outside of the EU.<\/li>\n<\/ul>\n<p>You may list the chosen destination institutions at the moment of filling out the Registration Card but remember it will be possible to change your choice. You will have to explain the choice at the stage of the interview, which will take place in January\/ February 2026.<\/p>\n<p>&nbsp;<\/p>\n<h6>Traineeship mobility<\/h6>\n<p style=\"text-align: justify;\">Each student may also apply for <strong>the TRAINEESHIP mobility <\/strong>(including the traineeship for the graduates). <span style=\"font-size: 12pt;\">If you are interested, please fill out the Registration Card available under the link:<\/span><\/p>\n<p style=\"text-align: center;\"><strong><a href=\"https:\/\/pliki.amuz.krakow.pl\/index.php\/apps\/forms\/s\/eDeFQrFjjmFqTJeN2YmMmTsW\" target=\"_blank\" rel=\"noopener\">REGISTRATION CARD ONLINE<\/a><\/strong><\/p>\n<p>&nbsp;<\/p>\n<p>&nbsp;<\/p>","protected":false},"excerpt":{"rendered":"<p>Study exchange AMKP recruits for STUDENT MOBILITY within ERASMUS+ programme to foreign music higher education institutions for academic year 2026\/2027. APPLICATION DEADLINE: 20 December 2025 If you are our REGULAR&hellip; <a href=\"https:\/\/www.amuz.krakow.pl\/en\/erasmus\/dla-studentow-sms\/studenci-wyjezdzajacy\/rejestracja-erasmus\/\">Continue reading<\/a><\/p>\n","protected":false},"author":72,"featured_media":110558,"parent":42546,"menu_order":0,"comment_status":"closed","ping_status":"closed","template":"","meta":{"footnotes":"","_links_to":"","_links_to_target":""},"class_list":["post-67322","page","type-page","status-publish","has-post-thumbnail","hentry"],"yoast_head":"<!-- This site is optimized with the Yoast SEO plugin v27.4 - https:\/\/yoast.com\/product\/yoast-seo-wordpress\/ -->\n<title>AMKP - Akademia Muzyczna im. Krzysztofa Pendereckiego w Krakowie<\/title>\n<meta name=\"robots\" content=\"index, follow, max-snippet:-1, max-image-preview:large, max-video-preview:-1\" \/>\n<link rel=\"canonical\" href=\"https:\/\/www.amuz.krakow.pl\/erasmus\/dla-studentow-sms\/studenci-wyjezdzajacy\/rejestracja-erasmus\/\" \/>\n<meta property=\"og:locale\" content=\"en_US\" \/>\n<meta property=\"og:type\" content=\"article\" \/>\n<meta property=\"og:title\" content=\"AMKP - Akademia Muzyczna im. Krzysztofa Pendereckiego w Krakowie\" \/>\n<meta property=\"og:description\" content=\"Study exchange AMKP recruits for STUDENT MOBILITY within ERASMUS+ programme to foreign music higher education institutions for academic year 2026\/2027. APPLICATION DEADLINE: 20 December 2025 If you are our REGULAR&hellip; Continue reading\" \/>\n<meta property=\"og:url\" content=\"https:\/\/www.amuz.krakow.pl\/erasmus\/dla-studentow-sms\/studenci-wyjezdzajacy\/rejestracja-erasmus\/\" \/>\n<meta property=\"og:site_name\" content=\"Akademia Muzyczna im. Krzysztofa Pendereckiego w Krakowie\" \/>\n<meta property=\"article:publisher\" content=\"https:\/\/www.facebook.com\/amuz.krakow\" \/>\n<meta property=\"article:modified_time\" content=\"2025-11-24T14:15:03+00:00\" \/>\n<meta property=\"og:image\" content=\"https:\/\/www.amuz.krakow.pl\/wp-content\/uploads\/2025\/11\/erasmus-2027-kafel.jpg\" \/>\n\t<meta property=\"og:image:width\" content=\"1451\" \/>\n\t<meta property=\"og:image:height\" content=\"726\" \/>\n\t<meta property=\"og:image:type\" content=\"image\/jpeg\" \/>\n<meta name=\"twitter:card\" content=\"summary_large_image\" \/>\n<meta name=\"twitter:label1\" content=\"Est. reading time\" \/>\n\t<meta name=\"twitter:data1\" content=\"2 minutes\" \/>\n<script type=\"application\/ld+json\" class=\"yoast-schema-graph\">{\"@context\":\"https:\\\/\\\/schema.org\",\"@graph\":[{\"@type\":\"WebPage\",\"@id\":\"https:\\\/\\\/www.amuz.krakow.pl\\\/erasmus\\\/dla-studentow-sms\\\/studenci-wyjezdzajacy\\\/rejestracja-erasmus\\\/\",\"url\":\"https:\\\/\\\/www.amuz.krakow.pl\\\/erasmus\\\/dla-studentow-sms\\\/studenci-wyjezdzajacy\\\/rejestracja-erasmus\\\/\",\"name\":\"AMKP - Akademia Muzyczna im. Krzysztofa Pendereckiego w Krakowie\",\"isPartOf\":{\"@id\":\"https:\\\/\\\/www.amuz.krakow.pl\\\/#website\"},\"primaryImageOfPage\":{\"@id\":\"https:\\\/\\\/www.amuz.krakow.pl\\\/erasmus\\\/dla-studentow-sms\\\/studenci-wyjezdzajacy\\\/rejestracja-erasmus\\\/#primaryimage\"},\"image\":{\"@id\":\"https:\\\/\\\/www.amuz.krakow.pl\\\/erasmus\\\/dla-studentow-sms\\\/studenci-wyjezdzajacy\\\/rejestracja-erasmus\\\/#primaryimage\"},\"thumbnailUrl\":\"https:\\\/\\\/www.amuz.krakow.pl\\\/wp-content\\\/uploads\\\/2025\\\/11\\\/erasmus-2027-kafel.jpg\",\"datePublished\":\"2022-11-02T11:56:47+00:00\",\"dateModified\":\"2025-11-24T14:15:03+00:00\",\"breadcrumb\":{\"@id\":\"https:\\\/\\\/www.amuz.krakow.pl\\\/erasmus\\\/dla-studentow-sms\\\/studenci-wyjezdzajacy\\\/rejestracja-erasmus\\\/#breadcrumb\"},\"inLanguage\":\"en-US\",\"potentialAction\":[{\"@type\":\"ReadAction\",\"target\":[\"https:\\\/\\\/www.amuz.krakow.pl\\\/erasmus\\\/dla-studentow-sms\\\/studenci-wyjezdzajacy\\\/rejestracja-erasmus\\\/\"]}]},{\"@type\":\"ImageObject\",\"inLanguage\":\"en-US\",\"@id\":\"https:\\\/\\\/www.amuz.krakow.pl\\\/erasmus\\\/dla-studentow-sms\\\/studenci-wyjezdzajacy\\\/rejestracja-erasmus\\\/#primaryimage\",\"url\":\"https:\\\/\\\/www.amuz.krakow.pl\\\/wp-content\\\/uploads\\\/2025\\\/11\\\/erasmus-2027-kafel.jpg\",\"contentUrl\":\"https:\\\/\\\/www.amuz.krakow.pl\\\/wp-content\\\/uploads\\\/2025\\\/11\\\/erasmus-2027-kafel.jpg\",\"width\":1451,\"height\":726},{\"@type\":\"BreadcrumbList\",\"@id\":\"https:\\\/\\\/www.amuz.krakow.pl\\\/erasmus\\\/dla-studentow-sms\\\/studenci-wyjezdzajacy\\\/rejestracja-erasmus\\\/#breadcrumb\",\"itemListElement\":[{\"@type\":\"ListItem\",\"position\":1,\"name\":\"Strona g\u0142\u00f3wna\",\"item\":\"https:\\\/\\\/www.amuz.krakow.pl\\\/\"},{\"@type\":\"ListItem\",\"position\":2,\"name\":\"ERASMUS+\",\"item\":\"https:\\\/\\\/www.amuz.krakow.pl\\\/erasmus\\\/\"},{\"@type\":\"ListItem\",\"position\":3,\"name\":\"Dla student\u00f3w\",\"item\":\"https:\\\/\\\/www.amuz.krakow.pl\\\/erasmus\\\/dla-studentow-sms\\\/\"},{\"@type\":\"ListItem\",\"position\":4,\"name\":\"Studenci wyje\u017cd\u017caj\u0105cy (I, II i III stopnia)\",\"item\":\"https:\\\/\\\/www.amuz.krakow.pl\\\/erasmus\\\/dla-studentow-sms\\\/studenci-wyjezdzajacy\\\/\"},{\"@type\":\"ListItem\",\"position\":5,\"name\":\"REJESTRACJA ERASMUS+ na rok akademicki 2026\\\/2027\"}]},{\"@type\":\"WebSite\",\"@id\":\"https:\\\/\\\/www.amuz.krakow.pl\\\/#website\",\"url\":\"https:\\\/\\\/www.amuz.krakow.pl\\\/\",\"name\":\"Akademia Muzyczna im. Krzysztofa Pendereckiego w Krakowie\",\"description\":\"Oficjalna strona Akademii Muzycznej im. Krzysztofa Pendereckiego w Krakowie (AMKP).\",\"publisher\":{\"@id\":\"https:\\\/\\\/www.amuz.krakow.pl\\\/#organization\"},\"alternateName\":\"AMKP\",\"potentialAction\":[{\"@type\":\"SearchAction\",\"target\":{\"@type\":\"EntryPoint\",\"urlTemplate\":\"https:\\\/\\\/www.amuz.krakow.pl\\\/?s={search_term_string}\"},\"query-input\":{\"@type\":\"PropertyValueSpecification\",\"valueRequired\":true,\"valueName\":\"search_term_string\"}}],\"inLanguage\":\"en-US\"},{\"@type\":\"Organization\",\"@id\":\"https:\\\/\\\/www.amuz.krakow.pl\\\/#organization\",\"name\":\"Akademia Muzyczna im. Krzysztofa Pendereckiego w Krakowie\",\"alternateName\":\"AMKP\",\"url\":\"https:\\\/\\\/www.amuz.krakow.pl\\\/\",\"logo\":{\"@type\":\"ImageObject\",\"inLanguage\":\"en-US\",\"@id\":\"https:\\\/\\\/www.amuz.krakow.pl\\\/#\\\/schema\\\/logo\\\/image\\\/\",\"url\":\"https:\\\/\\\/www.amuz.krakow.pl\\\/wp-content\\\/uploads\\\/2021\\\/11\\\/amkp.jpg\",\"contentUrl\":\"https:\\\/\\\/www.amuz.krakow.pl\\\/wp-content\\\/uploads\\\/2021\\\/11\\\/amkp.jpg\",\"width\":1193,\"height\":591,\"caption\":\"Akademia Muzyczna im. Krzysztofa Pendereckiego w Krakowie\"},\"image\":{\"@id\":\"https:\\\/\\\/www.amuz.krakow.pl\\\/#\\\/schema\\\/logo\\\/image\\\/\"},\"sameAs\":[\"https:\\\/\\\/www.facebook.com\\\/amuz.krakow\",\"https:\\\/\\\/www.instagram.com\\\/amkpenderecki\\\/\",\"https:\\\/\\\/www.youtube.com\\\/@amkpenderecki4806\"]}]}<\/script>\n<!-- \/ Yoast SEO plugin. -->","yoast_head_json":{"title":"AMKP - Akademia Muzyczna im. Krzysztofa Pendereckiego w Krakowie","robots":{"index":"index","follow":"follow","max-snippet":"max-snippet:-1","max-image-preview":"max-image-preview:large","max-video-preview":"max-video-preview:-1"},"canonical":"https:\/\/www.amuz.krakow.pl\/erasmus\/dla-studentow-sms\/studenci-wyjezdzajacy\/rejestracja-erasmus\/","og_locale":"en_US","og_type":"article","og_title":"AMKP - Akademia Muzyczna im. Krzysztofa Pendereckiego w Krakowie","og_description":"Study exchange AMKP recruits for STUDENT MOBILITY within ERASMUS+ programme to foreign music higher education institutions for academic year 2026\/2027. APPLICATION DEADLINE: 20 December 2025 If you are our REGULAR&hellip; Continue reading","og_url":"https:\/\/www.amuz.krakow.pl\/erasmus\/dla-studentow-sms\/studenci-wyjezdzajacy\/rejestracja-erasmus\/","og_site_name":"Akademia Muzyczna im. Krzysztofa Pendereckiego w Krakowie","article_publisher":"https:\/\/www.facebook.com\/amuz.krakow","article_modified_time":"2025-11-24T14:15:03+00:00","og_image":[{"width":1451,"height":726,"url":"https:\/\/www.amuz.krakow.pl\/wp-content\/uploads\/2025\/11\/erasmus-2027-kafel.jpg","type":"image\/jpeg"}],"twitter_card":"summary_large_image","twitter_misc":{"Est. reading time":"2 minutes"},"schema":{"@context":"https:\/\/schema.org","@graph":[{"@type":"WebPage","@id":"https:\/\/www.amuz.krakow.pl\/erasmus\/dla-studentow-sms\/studenci-wyjezdzajacy\/rejestracja-erasmus\/","url":"https:\/\/www.amuz.krakow.pl\/erasmus\/dla-studentow-sms\/studenci-wyjezdzajacy\/rejestracja-erasmus\/","name":"AMKP - Akademia Muzyczna im. Krzysztofa Pendereckiego w Krakowie","isPartOf":{"@id":"https:\/\/www.amuz.krakow.pl\/#website"},"primaryImageOfPage":{"@id":"https:\/\/www.amuz.krakow.pl\/erasmus\/dla-studentow-sms\/studenci-wyjezdzajacy\/rejestracja-erasmus\/#primaryimage"},"image":{"@id":"https:\/\/www.amuz.krakow.pl\/erasmus\/dla-studentow-sms\/studenci-wyjezdzajacy\/rejestracja-erasmus\/#primaryimage"},"thumbnailUrl":"https:\/\/www.amuz.krakow.pl\/wp-content\/uploads\/2025\/11\/erasmus-2027-kafel.jpg","datePublished":"2022-11-02T11:56:47+00:00","dateModified":"2025-11-24T14:15:03+00:00","breadcrumb":{"@id":"https:\/\/www.amuz.krakow.pl\/erasmus\/dla-studentow-sms\/studenci-wyjezdzajacy\/rejestracja-erasmus\/#breadcrumb"},"inLanguage":"en-US","potentialAction":[{"@type":"ReadAction","target":["https:\/\/www.amuz.krakow.pl\/erasmus\/dla-studentow-sms\/studenci-wyjezdzajacy\/rejestracja-erasmus\/"]}]},{"@type":"ImageObject","inLanguage":"en-US","@id":"https:\/\/www.amuz.krakow.pl\/erasmus\/dla-studentow-sms\/studenci-wyjezdzajacy\/rejestracja-erasmus\/#primaryimage","url":"https:\/\/www.amuz.krakow.pl\/wp-content\/uploads\/2025\/11\/erasmus-2027-kafel.jpg","contentUrl":"https:\/\/www.amuz.krakow.pl\/wp-content\/uploads\/2025\/11\/erasmus-2027-kafel.jpg","width":1451,"height":726},{"@type":"BreadcrumbList","@id":"https:\/\/www.amuz.krakow.pl\/erasmus\/dla-studentow-sms\/studenci-wyjezdzajacy\/rejestracja-erasmus\/#breadcrumb","itemListElement":[{"@type":"ListItem","position":1,"name":"Strona g\u0142\u00f3wna","item":"https:\/\/www.amuz.krakow.pl\/"},{"@type":"ListItem","position":2,"name":"ERASMUS+","item":"https:\/\/www.amuz.krakow.pl\/erasmus\/"},{"@type":"ListItem","position":3,"name":"Dla student\u00f3w","item":"https:\/\/www.amuz.krakow.pl\/erasmus\/dla-studentow-sms\/"},{"@type":"ListItem","position":4,"name":"Studenci wyje\u017cd\u017caj\u0105cy (I, II i III stopnia)","item":"https:\/\/www.amuz.krakow.pl\/erasmus\/dla-studentow-sms\/studenci-wyjezdzajacy\/"},{"@type":"ListItem","position":5,"name":"REJESTRACJA ERASMUS+ na rok akademicki 2026\/2027"}]},{"@type":"WebSite","@id":"https:\/\/www.amuz.krakow.pl\/#website","url":"https:\/\/www.amuz.krakow.pl\/","name":"Akademia Muzyczna im. Krzysztofa Pendereckiego w Krakowie","description":"Oficjalna strona Akademii Muzycznej im. Krzysztofa Pendereckiego w Krakowie (AMKP).","publisher":{"@id":"https:\/\/www.amuz.krakow.pl\/#organization"},"alternateName":"AMKP","potentialAction":[{"@type":"SearchAction","target":{"@type":"EntryPoint","urlTemplate":"https:\/\/www.amuz.krakow.pl\/?s={search_term_string}"},"query-input":{"@type":"PropertyValueSpecification","valueRequired":true,"valueName":"search_term_string"}}],"inLanguage":"en-US"},{"@type":"Organization","@id":"https:\/\/www.amuz.krakow.pl\/#organization","name":"Akademia Muzyczna im. Krzysztofa Pendereckiego w Krakowie","alternateName":"AMKP","url":"https:\/\/www.amuz.krakow.pl\/","logo":{"@type":"ImageObject","inLanguage":"en-US","@id":"https:\/\/www.amuz.krakow.pl\/#\/schema\/logo\/image\/","url":"https:\/\/www.amuz.krakow.pl\/wp-content\/uploads\/2021\/11\/amkp.jpg","contentUrl":"https:\/\/www.amuz.krakow.pl\/wp-content\/uploads\/2021\/11\/amkp.jpg","width":1193,"height":591,"caption":"Akademia Muzyczna im. Krzysztofa Pendereckiego w Krakowie"},"image":{"@id":"https:\/\/www.amuz.krakow.pl\/#\/schema\/logo\/image\/"},"sameAs":["https:\/\/www.facebook.com\/amuz.krakow","https:\/\/www.instagram.com\/amkpenderecki\/","https:\/\/www.youtube.com\/@amkpenderecki4806"]}]}},"_links":{"self":[{"href":"https:\/\/www.amuz.krakow.pl\/en\/wp-json\/wp\/v2\/pages\/67322","targetHints":{"allow":["GET"]}}],"collection":[{"href":"https:\/\/www.amuz.krakow.pl\/en\/wp-json\/wp\/v2\/pages"}],"about":[{"href":"https:\/\/www.amuz.krakow.pl\/en\/wp-json\/wp\/v2\/types\/page"}],"author":[{"embeddable":true,"href":"https:\/\/www.amuz.krakow.pl\/en\/wp-json\/wp\/v2\/users\/72"}],"replies":[{"embeddable":true,"href":"https:\/\/www.amuz.krakow.pl\/en\/wp-json\/wp\/v2\/comments?post=67322"}],"version-history":[{"count":36,"href":"https:\/\/www.amuz.krakow.pl\/en\/wp-json\/wp\/v2\/pages\/67322\/revisions"}],"predecessor-version":[{"id":110755,"href":"https:\/\/www.amuz.krakow.pl\/en\/wp-json\/wp\/v2\/pages\/67322\/revisions\/110755"}],"up":[{"embeddable":true,"href":"https:\/\/www.amuz.krakow.pl\/en\/wp-json\/wp\/v2\/pages\/42546"}],"wp:featuredmedia":[{"embeddable":true,"href":"https:\/\/www.amuz.krakow.pl\/en\/wp-json\/wp\/v2\/media\/110558"}],"wp:attachment":[{"href":"https:\/\/www.amuz.krakow.pl\/en\/wp-json\/wp\/v2\/media?parent=67322"}],"curies":[{"name":"wp","href":"https:\/\/api.w.org\/{rel}","templated":true}]}}