{"id":67257,"date":"2022-10-28T13:02:46","date_gmt":"2022-10-28T11:02:46","guid":{"rendered":"https:\/\/www.amuz.krakow.pl\/?page_id=67257"},"modified":"2022-11-16T12:28:37","modified_gmt":"2022-11-16T11:28:37","slug":"music-and-freedom","status":"publish","type":"page","link":"https:\/\/www.amuz.krakow.pl\/en\/wydzialy\/wydzial-i-tworczosci-interpretacji-i-edukacji-muzycznej\/katedra-teorii-i-interpretacji-dziela-muzycznego\/aktualnosci\/music-and-freedom\/","title":{"rendered":"Music &#038; Freedom. Polish-Lithuanian conference and concert | 15-16.11.2022"},"content":{"rendered":"<p><a href=\"https:\/\/www.amuz.krakow.pl\/wp-content\/uploads\/2022\/11\/freedom-2022.jpg\" target=\"_blank\" rel=\"noopener\"><img loading=\"lazy\" decoding=\"async\" class=\"alignleft wp-image-67638 size-full\" src=\"https:\/\/www.amuz.krakow.pl\/wp-content\/uploads\/2022\/11\/freedom-2022.jpg\" alt=\"\" width=\"1200\" height=\"1704\" srcset=\"https:\/\/www.amuz.krakow.pl\/wp-content\/uploads\/2022\/11\/freedom-2022.jpg 1200w, https:\/\/www.amuz.krakow.pl\/wp-content\/uploads\/2022\/11\/freedom-2022-211x300.jpg 211w, https:\/\/www.amuz.krakow.pl\/wp-content\/uploads\/2022\/11\/freedom-2022-768x1091.jpg 768w, https:\/\/www.amuz.krakow.pl\/wp-content\/uploads\/2022\/11\/freedom-2022-1082x1536.jpg 1082w\" sizes=\"auto, (max-width: 1200px) 100vw, 1200px\" \/><\/a><\/p>\n<p style=\"text-align: justify;\">Department of Music Theory and Interpretation invites to a Polish-Lithuanian conference and concert <strong>Music &amp; Freedom<\/strong>, organized as part of DAINA 1 project, financed by National Science Centre.<\/p>\n<h6>15 November 2022<br \/>\nSenate Room<br \/>\n\u015awi\u0119tego Tomasza 43<\/h6>\n<p><strong>10 am &#8211; 11:30 am<\/strong><br \/>\n<strong>Ma\u0142gorzata Janicka-S\u0142ysz<\/strong> \u2013 opening of the conference<\/p>\n<p>Keynote lecture &#8211; <strong>Nana Sharikadze<\/strong> (V. Sarajishvili Tbilisi State Conservatoire) <em>From independence to freedom in Georgian music<\/em><\/p>\n<p>Teresa Malecka \u2013 chair<\/p>\n<p><strong>12 pm \u2013 2 pm<\/strong><br \/>\n<strong>R\u016bta Stanevi\u010di\u016bt\u0117<\/strong> (Lithuanian Academy of Music and Theatre, Vilnius)<em> Lithuanian music in transition: from and after the post-Soviet condition<\/em><\/p>\n<p><strong>Teresa Malecka<\/strong> (The Krzysztof Penderecki Academy of Music in Krak\u00f3w) <em>Polish Composing School of the Second Half of the Twentieth Century in the Context of Cultural and Political Changes<\/em><\/p>\n<p><strong>Ma\u0142gorzata Janicka-S\u0142ysz<\/strong> (The Krzysztof Penderecki Academy of Music in Krakow) <em>In the poetics of experience. On Polish and Lithuanian music from the perspective of the affective turn<\/em><\/p>\n<p><strong>4 pm &#8211; 5:30 pm<\/strong><br \/>\n<strong>Panel discussion: <\/strong><em>In the circle of contemporary Polish and Lithuanian Music <\/em><br \/>\n<em>Krzysztof Droba in memoriam. On the fifth anniversary of His death<\/em><\/p>\n<p>Ma\u0142gorzata Janicka-S\u0142ysz \u2013 chair<\/p>\n<h6>16 November 2022<br \/>\nSenate Room<br \/>\n\u015awi\u0119tego Tomasza 43<\/h6>\n<p><strong>9:30 am \u2013 11:30 am<\/strong><br \/>\n<strong>Vita Gruodyt\u0117<\/strong> <em>Unfolded sutartin\u0117s<\/em><\/p>\n<p><strong>Iwona Sowi\u0144ska-Fruhtrunk<\/strong> (The Krzysztof Penderecki Academy of Music in Krakow) <em>Postmodern Polish music after 1989: freedom as a value or a burden?<\/em><\/p>\n<p><strong>Ewa Siemdaj<\/strong> (The Krzysztof Penderecki Academy of Music in Krakow) <em>Onut\u0117 Narbutait\u0117&#8217;s \u201cOpus lugubre\u201d. Reading composer&#8217;s gestures and signs<\/em><\/p>\n<p><strong>12 pm \u2013 2 pm<\/strong><br \/>\n<strong>Ewa Czachorowska-Zygor<\/strong> (The Krzysztof Penderecki Academy of Music in Krakow) <em>Behind closed doors. Does a documentary film need music? \u201cSchizophr\u00e9nia\u201d by Vita \u017belakeviciute and \u201c89 mm from Europe\u201d by Marcel \u0141ozi\u0144ski.<\/em><\/p>\n<p><strong>Daina Urbanavi\u010dien\u0117<\/strong> (Lithuanian Academy of Music and Theatre, Vilnius) <em>Jazz and cultural liberation in Soviet Lithuania<\/em><\/p>\n<p><strong>Andrzej M\u0105dro<\/strong> (The Krzysztof Penderecki Academy of Music in Krakow) <em>\u201cLiquid modernity\u201d in Riverside&#8217;s Anno Domini High Definition<\/em><\/p>\n<p><strong>4 pm \u2013 5:30 pm<\/strong><br \/>\n<strong>Around Freedom. Panel<\/strong><br \/>\nZuzanna Daniec, Karolina D\u0105bek, Waldemar Cie\u015blok, Paulina Zgliniecka-Hojda, Dominika Mica\u0142 (The Krzysztof Penderecki Academy of Music in Krak\u00f3w, PhD Students)<\/p>\n<h6>16 November 2022, 6 pm<br \/>\nConcert Hall<br \/>\n\u015awi\u0119tego Tomasza 43<\/h6>\n<p>Concert<\/p>\n<p>Gra\u017cyna Bacewicz (1909-1969) <em>Piano Sonata<\/em> No. 2<br \/>\n<strong>Julian Stanny<\/strong> piano<\/p>\n<p>Vytautas Bacevi\u010dius (1905-1970) <em>Evocations, for piano<\/em>, Op. 57, <em>Three Musical Thoughts<\/em>, for piano, Op. 75<br \/>\n<strong>Dominika Peszko<\/strong> piano<\/p>\n<p>Karol Szymanowski (1882-1937) <em>Harnasie<\/em> arr. for piano 4 hands by Gra\u017cyna Bacewicz, Fragments \u2013 for 2 pianos<br \/>\nVytautas Bacevi\u010dius <em>Seventh Word<\/em> for 2 pianos \u2013 first Polish performance<br \/>\n<strong>Mariola Cieniawa \/ S\u0142awomir Cierpik<\/strong>\u00a0pianos<\/p>\n<p>&nbsp;<\/p>\n<p>Project coordinated by: dr hab. Ma\u0142gorzata Janicka-S\u0142ysz, prof. AMKP<\/p>","protected":false},"excerpt":{"rendered":"<p>Department of Music Theory and Interpretation invites to a Polish-Lithuanian conference and concert Music &amp; Freedom, organized as part of DAINA 1 project, financed by National Science Centre. 15 November&hellip; <a href=\"https:\/\/www.amuz.krakow.pl\/en\/wydzialy\/wydzial-i-tworczosci-interpretacji-i-edukacji-muzycznej\/katedra-teorii-i-interpretacji-dziela-muzycznego\/aktualnosci\/music-and-freedom\/\">Continue reading<\/a><\/p>\n","protected":false},"author":72,"featured_media":67639,"parent":43871,"menu_order":-5,"comment_status":"closed","ping_status":"closed","template":"","meta":{"footnotes":"","_links_to":"","_links_to_target":""},"class_list":["post-67257","page","type-page","status-publish","has-post-thumbnail","hentry"],"yoast_head":"<!-- This site is optimized with the Yoast SEO plugin v27.2 - https:\/\/yoast.com\/product\/yoast-seo-wordpress\/ -->\n<title>AMKP - Akademia Muzyczna im. Krzysztofa Pendereckiego w Krakowie<\/title>\n<meta name=\"robots\" content=\"index, follow, max-snippet:-1, max-image-preview:large, max-video-preview:-1\" \/>\n<link rel=\"canonical\" href=\"https:\/\/www.amuz.krakow.pl\/wydzialy\/wydzial-i-tworczosci-interpretacji-i-edukacji-muzycznej\/katedra-teorii-i-interpretacji-dziela-muzycznego\/aktualnosci\/music-and-freedom\/\" \/>\n<meta property=\"og:locale\" content=\"en_US\" \/>\n<meta property=\"og:type\" content=\"article\" \/>\n<meta property=\"og:title\" content=\"AMKP - Akademia Muzyczna im. Krzysztofa Pendereckiego w Krakowie\" \/>\n<meta property=\"og:description\" content=\"Department of Music Theory and Interpretation invites to a Polish-Lithuanian conference and concert Music &amp; Freedom, organized as part of DAINA 1 project, financed by National Science Centre. 15 November&hellip; Continue reading\" \/>\n<meta property=\"og:url\" content=\"https:\/\/www.amuz.krakow.pl\/wydzialy\/wydzial-i-tworczosci-interpretacji-i-edukacji-muzycznej\/katedra-teorii-i-interpretacji-dziela-muzycznego\/aktualnosci\/music-and-freedom\/\" \/>\n<meta property=\"og:site_name\" content=\"Akademia Muzyczna im. Krzysztofa Pendereckiego w Krakowie\" \/>\n<meta property=\"article:publisher\" content=\"https:\/\/www.facebook.com\/amuz.krakow\" \/>\n<meta property=\"article:modified_time\" content=\"2022-11-16T11:28:37+00:00\" \/>\n<meta property=\"og:image\" content=\"https:\/\/www.amuz.krakow.pl\/wp-content\/uploads\/2022\/11\/freedom-2022-web.jpg\" \/>\n\t<meta property=\"og:image:width\" content=\"1134\" \/>\n\t<meta property=\"og:image:height\" content=\"567\" \/>\n\t<meta property=\"og:image:type\" content=\"image\/jpeg\" \/>\n<meta name=\"twitter:card\" content=\"summary_large_image\" \/>\n<meta name=\"twitter:label1\" content=\"Est. reading time\" \/>\n\t<meta name=\"twitter:data1\" content=\"3 minutes\" \/>\n<script type=\"application\/ld+json\" class=\"yoast-schema-graph\">{\"@context\":\"https:\/\/schema.org\",\"@graph\":[{\"@type\":\"WebPage\",\"@id\":\"https:\/\/www.amuz.krakow.pl\/wydzialy\/wydzial-i-tworczosci-interpretacji-i-edukacji-muzycznej\/katedra-teorii-i-interpretacji-dziela-muzycznego\/aktualnosci\/music-and-freedom\/\",\"url\":\"https:\/\/www.amuz.krakow.pl\/wydzialy\/wydzial-i-tworczosci-interpretacji-i-edukacji-muzycznej\/katedra-teorii-i-interpretacji-dziela-muzycznego\/aktualnosci\/music-and-freedom\/\",\"name\":\"AMKP - Akademia Muzyczna im. Krzysztofa Pendereckiego w Krakowie\",\"isPartOf\":{\"@id\":\"https:\/\/www.amuz.krakow.pl\/#website\"},\"primaryImageOfPage\":{\"@id\":\"https:\/\/www.amuz.krakow.pl\/wydzialy\/wydzial-i-tworczosci-interpretacji-i-edukacji-muzycznej\/katedra-teorii-i-interpretacji-dziela-muzycznego\/aktualnosci\/music-and-freedom\/#primaryimage\"},\"image\":{\"@id\":\"https:\/\/www.amuz.krakow.pl\/wydzialy\/wydzial-i-tworczosci-interpretacji-i-edukacji-muzycznej\/katedra-teorii-i-interpretacji-dziela-muzycznego\/aktualnosci\/music-and-freedom\/#primaryimage\"},\"thumbnailUrl\":\"https:\/\/www.amuz.krakow.pl\/wp-content\/uploads\/2022\/11\/freedom-2022-web.jpg\",\"datePublished\":\"2022-10-28T11:02:46+00:00\",\"dateModified\":\"2022-11-16T11:28:37+00:00\",\"breadcrumb\":{\"@id\":\"https:\/\/www.amuz.krakow.pl\/wydzialy\/wydzial-i-tworczosci-interpretacji-i-edukacji-muzycznej\/katedra-teorii-i-interpretacji-dziela-muzycznego\/aktualnosci\/music-and-freedom\/#breadcrumb\"},\"inLanguage\":\"en-US\",\"potentialAction\":[{\"@type\":\"ReadAction\",\"target\":[\"https:\/\/www.amuz.krakow.pl\/wydzialy\/wydzial-i-tworczosci-interpretacji-i-edukacji-muzycznej\/katedra-teorii-i-interpretacji-dziela-muzycznego\/aktualnosci\/music-and-freedom\/\"]}]},{\"@type\":\"ImageObject\",\"inLanguage\":\"en-US\",\"@id\":\"https:\/\/www.amuz.krakow.pl\/wydzialy\/wydzial-i-tworczosci-interpretacji-i-edukacji-muzycznej\/katedra-teorii-i-interpretacji-dziela-muzycznego\/aktualnosci\/music-and-freedom\/#primaryimage\",\"url\":\"https:\/\/www.amuz.krakow.pl\/wp-content\/uploads\/2022\/11\/freedom-2022-web.jpg\",\"contentUrl\":\"https:\/\/www.amuz.krakow.pl\/wp-content\/uploads\/2022\/11\/freedom-2022-web.jpg\",\"width\":1134,\"height\":567},{\"@type\":\"BreadcrumbList\",\"@id\":\"https:\/\/www.amuz.krakow.pl\/wydzialy\/wydzial-i-tworczosci-interpretacji-i-edukacji-muzycznej\/katedra-teorii-i-interpretacji-dziela-muzycznego\/aktualnosci\/music-and-freedom\/#breadcrumb\",\"itemListElement\":[{\"@type\":\"ListItem\",\"position\":1,\"name\":\"Strona g\u0142\u00f3wna\",\"item\":\"https:\/\/www.amuz.krakow.pl\/\"},{\"@type\":\"ListItem\",\"position\":2,\"name\":\"WYDZIA\u0141Y\",\"item\":\"https:\/\/www.amuz.krakow.pl\/wydzialy\/\"},{\"@type\":\"ListItem\",\"position\":3,\"name\":\"Wydzia\u0142 Tw\u00f3rczo\u015bci, Interpretacji i Edukacji Muzycznej\",\"item\":\"https:\/\/www.amuz.krakow.pl\/wydzialy\/wydzial-i-tworczosci-interpretacji-i-edukacji-muzycznej\/\"},{\"@type\":\"ListItem\",\"position\":4,\"name\":\"Katedra Teorii i Interpretacji Dzie\u0142a Muzycznego\",\"item\":\"https:\/\/www.amuz.krakow.pl\/wydzialy\/wydzial-i-tworczosci-interpretacji-i-edukacji-muzycznej\/katedra-teorii-i-interpretacji-dziela-muzycznego\/\"},{\"@type\":\"ListItem\",\"position\":5,\"name\":\"Archiwum wydarze\u0144 2022\/2023\",\"item\":\"https:\/\/www.amuz.krakow.pl\/wydzialy\/wydzial-i-tworczosci-interpretacji-i-edukacji-muzycznej\/katedra-teorii-i-interpretacji-dziela-muzycznego\/aktualnosci\/\"},{\"@type\":\"ListItem\",\"position\":6,\"name\":\"Music &#038; Freedom. Polsko-litewska sesja naukowa i koncert | 15-16.11.2022\"}]},{\"@type\":\"WebSite\",\"@id\":\"https:\/\/www.amuz.krakow.pl\/#website\",\"url\":\"https:\/\/www.amuz.krakow.pl\/\",\"name\":\"Akademia Muzyczna im. Krzysztofa Pendereckiego w Krakowie\",\"description\":\"Oficjalna strona Akademii Muzycznej im. Krzysztofa Pendereckiego w Krakowie (AMKP).\",\"publisher\":{\"@id\":\"https:\/\/www.amuz.krakow.pl\/#organization\"},\"alternateName\":\"AMKP\",\"potentialAction\":[{\"@type\":\"SearchAction\",\"target\":{\"@type\":\"EntryPoint\",\"urlTemplate\":\"https:\/\/www.amuz.krakow.pl\/?s={search_term_string}\"},\"query-input\":{\"@type\":\"PropertyValueSpecification\",\"valueRequired\":true,\"valueName\":\"search_term_string\"}}],\"inLanguage\":\"en-US\"},{\"@type\":\"Organization\",\"@id\":\"https:\/\/www.amuz.krakow.pl\/#organization\",\"name\":\"Akademia Muzyczna im. Krzysztofa Pendereckiego w Krakowie\",\"alternateName\":\"AMKP\",\"url\":\"https:\/\/www.amuz.krakow.pl\/\",\"logo\":{\"@type\":\"ImageObject\",\"inLanguage\":\"en-US\",\"@id\":\"https:\/\/www.amuz.krakow.pl\/#\/schema\/logo\/image\/\",\"url\":\"https:\/\/www.amuz.krakow.pl\/wp-content\/uploads\/2021\/11\/amkp.jpg\",\"contentUrl\":\"https:\/\/www.amuz.krakow.pl\/wp-content\/uploads\/2021\/11\/amkp.jpg\",\"width\":1193,\"height\":591,\"caption\":\"Akademia Muzyczna im. Krzysztofa Pendereckiego w Krakowie\"},\"image\":{\"@id\":\"https:\/\/www.amuz.krakow.pl\/#\/schema\/logo\/image\/\"},\"sameAs\":[\"https:\/\/www.facebook.com\/amuz.krakow\",\"https:\/\/www.instagram.com\/amkpenderecki\/\",\"https:\/\/www.youtube.com\/@amkpenderecki4806\"]}]}<\/script>\n<!-- \/ Yoast SEO plugin. -->","yoast_head_json":{"title":"AMKP - Akademia Muzyczna im. Krzysztofa Pendereckiego w Krakowie","robots":{"index":"index","follow":"follow","max-snippet":"max-snippet:-1","max-image-preview":"max-image-preview:large","max-video-preview":"max-video-preview:-1"},"canonical":"https:\/\/www.amuz.krakow.pl\/wydzialy\/wydzial-i-tworczosci-interpretacji-i-edukacji-muzycznej\/katedra-teorii-i-interpretacji-dziela-muzycznego\/aktualnosci\/music-and-freedom\/","og_locale":"en_US","og_type":"article","og_title":"AMKP - Akademia Muzyczna im. Krzysztofa Pendereckiego w Krakowie","og_description":"Department of Music Theory and Interpretation invites to a Polish-Lithuanian conference and concert Music &amp; Freedom, organized as part of DAINA 1 project, financed by National Science Centre. 15 November&hellip; Continue reading","og_url":"https:\/\/www.amuz.krakow.pl\/wydzialy\/wydzial-i-tworczosci-interpretacji-i-edukacji-muzycznej\/katedra-teorii-i-interpretacji-dziela-muzycznego\/aktualnosci\/music-and-freedom\/","og_site_name":"Akademia Muzyczna im. Krzysztofa Pendereckiego w Krakowie","article_publisher":"https:\/\/www.facebook.com\/amuz.krakow","article_modified_time":"2022-11-16T11:28:37+00:00","og_image":[{"width":1134,"height":567,"url":"https:\/\/www.amuz.krakow.pl\/wp-content\/uploads\/2022\/11\/freedom-2022-web.jpg","type":"image\/jpeg"}],"twitter_card":"summary_large_image","twitter_misc":{"Est. reading time":"3 minutes"},"schema":{"@context":"https:\/\/schema.org","@graph":[{"@type":"WebPage","@id":"https:\/\/www.amuz.krakow.pl\/wydzialy\/wydzial-i-tworczosci-interpretacji-i-edukacji-muzycznej\/katedra-teorii-i-interpretacji-dziela-muzycznego\/aktualnosci\/music-and-freedom\/","url":"https:\/\/www.amuz.krakow.pl\/wydzialy\/wydzial-i-tworczosci-interpretacji-i-edukacji-muzycznej\/katedra-teorii-i-interpretacji-dziela-muzycznego\/aktualnosci\/music-and-freedom\/","name":"AMKP - Akademia Muzyczna im. Krzysztofa Pendereckiego w Krakowie","isPartOf":{"@id":"https:\/\/www.amuz.krakow.pl\/#website"},"primaryImageOfPage":{"@id":"https:\/\/www.amuz.krakow.pl\/wydzialy\/wydzial-i-tworczosci-interpretacji-i-edukacji-muzycznej\/katedra-teorii-i-interpretacji-dziela-muzycznego\/aktualnosci\/music-and-freedom\/#primaryimage"},"image":{"@id":"https:\/\/www.amuz.krakow.pl\/wydzialy\/wydzial-i-tworczosci-interpretacji-i-edukacji-muzycznej\/katedra-teorii-i-interpretacji-dziela-muzycznego\/aktualnosci\/music-and-freedom\/#primaryimage"},"thumbnailUrl":"https:\/\/www.amuz.krakow.pl\/wp-content\/uploads\/2022\/11\/freedom-2022-web.jpg","datePublished":"2022-10-28T11:02:46+00:00","dateModified":"2022-11-16T11:28:37+00:00","breadcrumb":{"@id":"https:\/\/www.amuz.krakow.pl\/wydzialy\/wydzial-i-tworczosci-interpretacji-i-edukacji-muzycznej\/katedra-teorii-i-interpretacji-dziela-muzycznego\/aktualnosci\/music-and-freedom\/#breadcrumb"},"inLanguage":"en-US","potentialAction":[{"@type":"ReadAction","target":["https:\/\/www.amuz.krakow.pl\/wydzialy\/wydzial-i-tworczosci-interpretacji-i-edukacji-muzycznej\/katedra-teorii-i-interpretacji-dziela-muzycznego\/aktualnosci\/music-and-freedom\/"]}]},{"@type":"ImageObject","inLanguage":"en-US","@id":"https:\/\/www.amuz.krakow.pl\/wydzialy\/wydzial-i-tworczosci-interpretacji-i-edukacji-muzycznej\/katedra-teorii-i-interpretacji-dziela-muzycznego\/aktualnosci\/music-and-freedom\/#primaryimage","url":"https:\/\/www.amuz.krakow.pl\/wp-content\/uploads\/2022\/11\/freedom-2022-web.jpg","contentUrl":"https:\/\/www.amuz.krakow.pl\/wp-content\/uploads\/2022\/11\/freedom-2022-web.jpg","width":1134,"height":567},{"@type":"BreadcrumbList","@id":"https:\/\/www.amuz.krakow.pl\/wydzialy\/wydzial-i-tworczosci-interpretacji-i-edukacji-muzycznej\/katedra-teorii-i-interpretacji-dziela-muzycznego\/aktualnosci\/music-and-freedom\/#breadcrumb","itemListElement":[{"@type":"ListItem","position":1,"name":"Strona g\u0142\u00f3wna","item":"https:\/\/www.amuz.krakow.pl\/"},{"@type":"ListItem","position":2,"name":"WYDZIA\u0141Y","item":"https:\/\/www.amuz.krakow.pl\/wydzialy\/"},{"@type":"ListItem","position":3,"name":"Wydzia\u0142 Tw\u00f3rczo\u015bci, Interpretacji i Edukacji Muzycznej","item":"https:\/\/www.amuz.krakow.pl\/wydzialy\/wydzial-i-tworczosci-interpretacji-i-edukacji-muzycznej\/"},{"@type":"ListItem","position":4,"name":"Katedra Teorii i Interpretacji Dzie\u0142a Muzycznego","item":"https:\/\/www.amuz.krakow.pl\/wydzialy\/wydzial-i-tworczosci-interpretacji-i-edukacji-muzycznej\/katedra-teorii-i-interpretacji-dziela-muzycznego\/"},{"@type":"ListItem","position":5,"name":"Archiwum wydarze\u0144 2022\/2023","item":"https:\/\/www.amuz.krakow.pl\/wydzialy\/wydzial-i-tworczosci-interpretacji-i-edukacji-muzycznej\/katedra-teorii-i-interpretacji-dziela-muzycznego\/aktualnosci\/"},{"@type":"ListItem","position":6,"name":"Music &#038; Freedom. Polsko-litewska sesja naukowa i koncert | 15-16.11.2022"}]},{"@type":"WebSite","@id":"https:\/\/www.amuz.krakow.pl\/#website","url":"https:\/\/www.amuz.krakow.pl\/","name":"Akademia Muzyczna im. Krzysztofa Pendereckiego w Krakowie","description":"Oficjalna strona Akademii Muzycznej im. Krzysztofa Pendereckiego w Krakowie (AMKP).","publisher":{"@id":"https:\/\/www.amuz.krakow.pl\/#organization"},"alternateName":"AMKP","potentialAction":[{"@type":"SearchAction","target":{"@type":"EntryPoint","urlTemplate":"https:\/\/www.amuz.krakow.pl\/?s={search_term_string}"},"query-input":{"@type":"PropertyValueSpecification","valueRequired":true,"valueName":"search_term_string"}}],"inLanguage":"en-US"},{"@type":"Organization","@id":"https:\/\/www.amuz.krakow.pl\/#organization","name":"Akademia Muzyczna im. Krzysztofa Pendereckiego w Krakowie","alternateName":"AMKP","url":"https:\/\/www.amuz.krakow.pl\/","logo":{"@type":"ImageObject","inLanguage":"en-US","@id":"https:\/\/www.amuz.krakow.pl\/#\/schema\/logo\/image\/","url":"https:\/\/www.amuz.krakow.pl\/wp-content\/uploads\/2021\/11\/amkp.jpg","contentUrl":"https:\/\/www.amuz.krakow.pl\/wp-content\/uploads\/2021\/11\/amkp.jpg","width":1193,"height":591,"caption":"Akademia Muzyczna im. Krzysztofa Pendereckiego w Krakowie"},"image":{"@id":"https:\/\/www.amuz.krakow.pl\/#\/schema\/logo\/image\/"},"sameAs":["https:\/\/www.facebook.com\/amuz.krakow","https:\/\/www.instagram.com\/amkpenderecki\/","https:\/\/www.youtube.com\/@amkpenderecki4806"]}]}},"_links":{"self":[{"href":"https:\/\/www.amuz.krakow.pl\/en\/wp-json\/wp\/v2\/pages\/67257","targetHints":{"allow":["GET"]}}],"collection":[{"href":"https:\/\/www.amuz.krakow.pl\/en\/wp-json\/wp\/v2\/pages"}],"about":[{"href":"https:\/\/www.amuz.krakow.pl\/en\/wp-json\/wp\/v2\/types\/page"}],"author":[{"embeddable":true,"href":"https:\/\/www.amuz.krakow.pl\/en\/wp-json\/wp\/v2\/users\/72"}],"replies":[{"embeddable":true,"href":"https:\/\/www.amuz.krakow.pl\/en\/wp-json\/wp\/v2\/comments?post=67257"}],"version-history":[{"count":12,"href":"https:\/\/www.amuz.krakow.pl\/en\/wp-json\/wp\/v2\/pages\/67257\/revisions"}],"predecessor-version":[{"id":67865,"href":"https:\/\/www.amuz.krakow.pl\/en\/wp-json\/wp\/v2\/pages\/67257\/revisions\/67865"}],"up":[{"embeddable":true,"href":"https:\/\/www.amuz.krakow.pl\/en\/wp-json\/wp\/v2\/pages\/43871"}],"wp:featuredmedia":[{"embeddable":true,"href":"https:\/\/www.amuz.krakow.pl\/en\/wp-json\/wp\/v2\/media\/67639"}],"wp:attachment":[{"href":"https:\/\/www.amuz.krakow.pl\/en\/wp-json\/wp\/v2\/media?parent=67257"}],"curies":[{"name":"wp","href":"https:\/\/api.w.org\/{rel}","templated":true}]}}