{"id":669,"date":"2016-01-16T23:49:53","date_gmt":"2016-01-16T22:49:53","guid":{"rendered":"http:\/\/strony.amuz.krakow.pl\/?page_id=669"},"modified":"2020-11-30T23:16:23","modified_gmt":"2020-11-30T22:16:23","slug":"prof-helmuth-rilling-2003","status":"publish","type":"page","link":"https:\/\/www.amuz.krakow.pl\/en\/doktoraty-hc\/doktorzy-honoris-causa\/prof-helmuth-rilling-2003\/","title":{"rendered":"prof. Helmuth Rilling (2003)"},"content":{"rendered":"<p><\/p>\n<p style=\"text-align: justify;\"><a href=\"https:\/\/www.amuz.krakow.pl\/wp-content\/uploads\/2016\/01\/04.-prof.-Helmuth-Rilling-2003.jpeg\"><img loading=\"lazy\" decoding=\"async\" class=\"alignleft wp-image-670 \" src=\"https:\/\/www.amuz.krakow.pl\/wp-content\/uploads\/2016\/01\/04.-prof.-Helmuth-Rilling-2003.jpeg\" alt=\"prof. Helmuth Rilling (2003)\" width=\"300\" height=\"300\" srcset=\"https:\/\/www.amuz.krakow.pl\/wp-content\/uploads\/2016\/01\/04.-prof.-Helmuth-Rilling-2003.jpeg 404w, https:\/\/www.amuz.krakow.pl\/wp-content\/uploads\/2016\/01\/04.-prof.-Helmuth-Rilling-2003-150x150.jpeg 150w, https:\/\/www.amuz.krakow.pl\/wp-content\/uploads\/2016\/01\/04.-prof.-Helmuth-Rilling-2003-300x300.jpeg 300w\" sizes=\"auto, (max-width: 300px) 100vw, 300px\" \/><\/a>\u201cMusic should startle people and reach deep down inside them forcing them to reflect. It should never be merely \u2018comfortable,&#8217; never fossilized, never soothing.&#8221; This is Helmuth Rilling&#8217;s &#8220;credo.&#8221; Born in 1933 in Stuttgart, Mr. Rilling is active as a\u00a0conductor, pedagogue, and an ambassador for the music of J. S. Bach worldwide.<\/p>\n<p style=\"text-align: justify;\">In 1954 Helmuth Rilling founded the G\u00e4chinger Kantorei and 11 years later in 1965, he founded the Bach Collegium Stuttgart as the choir&#8217;s regular orchestral partner. Ever since, Mr. Rilling has been intensely involved with the works of Johann Sebastian Bach and has felt a\u00a0strong link to this composer&#8217;s works. In addition, Mr. Rilling has been a\u00a0fervent advocate of neglected romantic choral music as well as commissioning and performing contemporary choral music. In 2000, he led the critically acclaimed premiere of &#8220;Passions&#8221; written by four contemporary composers.<\/p>\n<p style=\"text-align: justify;\">Today, either together with his house ensembles in Stuttgart or as a\u00a0guest conductor, Mr. Rilling is active on the international concert podium, performing regularly throughout Europe, US, and Canada. He has a\u00a0special friendship dating back some 30 years with the Israel Philharmonic, and since 1970 has been the Artistic Director of the Oregon Bach Festival \u2013 today one of the most important artistic events in the USA.<\/p>\n<p style=\"text-align: justify;\">Inspired by his devotion to Bach, in 1981 Helmuth Rilling founded the Internationale Bachakademie Stuttgart dedicated to furthering the music of J. S. Bach through public concerts, master classes for singers and conductors, symposia, and residencies all over the world, in addition to special annual projects such as the Bach Week Stuttgart and the European Music Festival Stuttgart. Of special importance to Mr. Rilling is the encouragement of young musicians and in 2001 he founded the Festivalensemble Stuttgart. This ensemble, consisting of choir and orchestra, draws on the participation of talented young musicians from 25 different countries.<\/p>\n<p style=\"text-align: justify;\">Combining the roles of pedagogue and conductor, Helmuth Rilling has devised a\u00a0system of &#8220;lecture concerts&#8221; in which he says he &#8220;peers over the composer&#8217;s shoulder&#8221; as he explains to the audience certain aspects of a\u00a0composer&#8217;s work by means of musical examples. As a\u00a0testament to his inexhaustible activity are hundreds of CD, radio and TV recordings. From 1970 to 1984, Mr. Rilling was the first musician to record all of Bach&#8217;s Cantatas. On the occasion of the Year of J.S.Bach (2000)his was the guiding hand behind the Internationale Bachakademie&#8217;s critically-acclaimed project to record the complete works of Johann Sebastian Bach on 172 CDs. The many prizes Helmuth Rilling has received include the UNESCO International Music Prize in 1994 and the Theodor Heuss Prize in 1995 and Hanns Martin Schleyer Prize in 2001. He won a\u00a0coveted Grammy Award in 2000 for his recording of Krzystof Penderecki&#8217;s Credo and was again nominated in 2001 for his recording of Wolfgang Rihm&#8217;s &#8220;Deus Passus.&#8221;<\/p>\n<p style=\"text-align: justify;\">An important element of Prof. Rilling\u2019s artistic profile is his activity in Krak\u00f3w, Poland. From 1986 the International Bach Academy has cooperated with the Academy of Music in Krak\u00f3w, the firs music conservatory in this part of Europe. As part of the six International Bach Academies in Krak\u00f3w, Prof. Helmuth Rilling presented vocal-instrumental works of J. S. Bach, as well as <i>Stabat Mater<\/i> of A. Dvo\u0159ak and gave the European premiere of K. Penderecki\u2019s <i>Credo<\/i>. Every year the students of the Krak\u00f3w Academy of Music take part in European Music Festivals and in Summer Music Academies in Stuttgart as participants of masterclasses and as members of international Festival Choir and Orchestra.<\/p>\n<p style=\"text-align: justify;\">\u201e\u2026When young people meet, get to know each other and learn mutual acceptance and tolerance \u2013 they discover things they have in common. (\u2026) We can not cease to unite young people of various nations.\u201d &#8211;\u00a0Prof. Dr h.c. Helmuth Rilling said during a\u00a0press conference in Krak\u00f3w in 1995.<\/p>\n<p><\/p>","protected":false},"excerpt":{"rendered":"<p>\u201cMusic should startle people and reach deep down inside them forcing them to reflect. It should never be merely \u2018comfortable,&#8217; never fossilized, never soothing.&#8221; This is Helmuth Rilling&#8217;s &#8220;credo.&#8221; Born&hellip; <a href=\"https:\/\/www.amuz.krakow.pl\/en\/doktoraty-hc\/doktorzy-honoris-causa\/prof-helmuth-rilling-2003\/\">Continue reading<\/a><\/p>\n","protected":false},"author":72,"featured_media":0,"parent":633,"menu_order":-3,"comment_status":"closed","ping_status":"closed","template":"","meta":{"footnotes":"","_links_to":"","_links_to_target":""},"class_list":["post-669","page","type-page","status-publish","hentry"],"yoast_head":"<!-- This site is optimized with the Yoast SEO plugin v27.2 - https:\/\/yoast.com\/product\/yoast-seo-wordpress\/ -->\n<title>AMKP - Akademia Muzyczna im. Krzysztofa Pendereckiego w Krakowie<\/title>\n<meta name=\"robots\" content=\"index, follow, max-snippet:-1, max-image-preview:large, max-video-preview:-1\" \/>\n<link rel=\"canonical\" href=\"https:\/\/www.amuz.krakow.pl\/doktoraty-hc\/doktorzy-honoris-causa\/prof-helmuth-rilling-2003\/\" \/>\n<meta property=\"og:locale\" content=\"en_US\" \/>\n<meta property=\"og:type\" content=\"article\" \/>\n<meta property=\"og:title\" content=\"AMKP - Akademia Muzyczna im. Krzysztofa Pendereckiego w Krakowie\" \/>\n<meta property=\"og:description\" content=\"\u201cMusic should startle people and reach deep down inside them forcing them to reflect. It should never be merely \u2018comfortable,&#8217; never fossilized, never soothing.&#8221; This is Helmuth Rilling&#8217;s &#8220;credo.&#8221; Born&hellip; Continue reading\" \/>\n<meta property=\"og:url\" content=\"https:\/\/www.amuz.krakow.pl\/doktoraty-hc\/doktorzy-honoris-causa\/prof-helmuth-rilling-2003\/\" \/>\n<meta property=\"og:site_name\" content=\"Akademia Muzyczna im. Krzysztofa Pendereckiego w Krakowie\" \/>\n<meta property=\"article:publisher\" content=\"https:\/\/www.facebook.com\/amuz.krakow\" \/>\n<meta property=\"article:modified_time\" content=\"2020-11-30T22:16:23+00:00\" \/>\n<meta property=\"og:image\" content=\"https:\/\/www.amuz.krakow.pl\/wp-content\/uploads\/2016\/01\/04.-prof.-Helmuth-Rilling-2003.jpeg\" \/>\n<meta name=\"twitter:card\" content=\"summary_large_image\" \/>\n<meta name=\"twitter:label1\" content=\"Est. reading time\" \/>\n\t<meta name=\"twitter:data1\" content=\"7 minutes\" \/>\n<script type=\"application\/ld+json\" class=\"yoast-schema-graph\">{\"@context\":\"https:\/\/schema.org\",\"@graph\":[{\"@type\":\"WebPage\",\"@id\":\"https:\/\/www.amuz.krakow.pl\/doktoraty-hc\/doktorzy-honoris-causa\/prof-helmuth-rilling-2003\/\",\"url\":\"https:\/\/www.amuz.krakow.pl\/doktoraty-hc\/doktorzy-honoris-causa\/prof-helmuth-rilling-2003\/\",\"name\":\"AMKP - Akademia Muzyczna im. Krzysztofa Pendereckiego w Krakowie\",\"isPartOf\":{\"@id\":\"https:\/\/www.amuz.krakow.pl\/#website\"},\"primaryImageOfPage\":{\"@id\":\"https:\/\/www.amuz.krakow.pl\/doktoraty-hc\/doktorzy-honoris-causa\/prof-helmuth-rilling-2003\/#primaryimage\"},\"image\":{\"@id\":\"https:\/\/www.amuz.krakow.pl\/doktoraty-hc\/doktorzy-honoris-causa\/prof-helmuth-rilling-2003\/#primaryimage\"},\"thumbnailUrl\":\"https:\/\/www.amuz.krakow.pl\/wp-content\/uploads\/2016\/01\/04.-prof.-Helmuth-Rilling-2003.jpeg\",\"datePublished\":\"2016-01-16T22:49:53+00:00\",\"dateModified\":\"2020-11-30T22:16:23+00:00\",\"breadcrumb\":{\"@id\":\"https:\/\/www.amuz.krakow.pl\/doktoraty-hc\/doktorzy-honoris-causa\/prof-helmuth-rilling-2003\/#breadcrumb\"},\"inLanguage\":\"en-US\",\"potentialAction\":[{\"@type\":\"ReadAction\",\"target\":[\"https:\/\/www.amuz.krakow.pl\/doktoraty-hc\/doktorzy-honoris-causa\/prof-helmuth-rilling-2003\/\"]}]},{\"@type\":\"ImageObject\",\"inLanguage\":\"en-US\",\"@id\":\"https:\/\/www.amuz.krakow.pl\/doktoraty-hc\/doktorzy-honoris-causa\/prof-helmuth-rilling-2003\/#primaryimage\",\"url\":\"https:\/\/www.amuz.krakow.pl\/wp-content\/uploads\/2016\/01\/04.-prof.-Helmuth-Rilling-2003.jpeg\",\"contentUrl\":\"https:\/\/www.amuz.krakow.pl\/wp-content\/uploads\/2016\/01\/04.-prof.-Helmuth-Rilling-2003.jpeg\"},{\"@type\":\"BreadcrumbList\",\"@id\":\"https:\/\/www.amuz.krakow.pl\/doktoraty-hc\/doktorzy-honoris-causa\/prof-helmuth-rilling-2003\/#breadcrumb\",\"itemListElement\":[{\"@type\":\"ListItem\",\"position\":1,\"name\":\"Strona g\u0142\u00f3wna\",\"item\":\"https:\/\/www.amuz.krakow.pl\/\"},{\"@type\":\"ListItem\",\"position\":2,\"name\":\"Doktoraty honoris causa\",\"item\":\"https:\/\/www.amuz.krakow.pl\/doktoraty-hc\/\"},{\"@type\":\"ListItem\",\"position\":3,\"name\":\"Doktorzy Honoris Causa\",\"item\":\"https:\/\/www.amuz.krakow.pl\/doktoraty-hc\/doktorzy-honoris-causa\/\"},{\"@type\":\"ListItem\",\"position\":4,\"name\":\"prof. Helmuth Rilling (2003)\"}]},{\"@type\":\"WebSite\",\"@id\":\"https:\/\/www.amuz.krakow.pl\/#website\",\"url\":\"https:\/\/www.amuz.krakow.pl\/\",\"name\":\"Akademia Muzyczna im. Krzysztofa Pendereckiego w Krakowie\",\"description\":\"Oficjalna strona Akademii Muzycznej im. Krzysztofa Pendereckiego w Krakowie (AMKP).\",\"publisher\":{\"@id\":\"https:\/\/www.amuz.krakow.pl\/#organization\"},\"alternateName\":\"AMKP\",\"potentialAction\":[{\"@type\":\"SearchAction\",\"target\":{\"@type\":\"EntryPoint\",\"urlTemplate\":\"https:\/\/www.amuz.krakow.pl\/?s={search_term_string}\"},\"query-input\":{\"@type\":\"PropertyValueSpecification\",\"valueRequired\":true,\"valueName\":\"search_term_string\"}}],\"inLanguage\":\"en-US\"},{\"@type\":\"Organization\",\"@id\":\"https:\/\/www.amuz.krakow.pl\/#organization\",\"name\":\"Akademia Muzyczna im. Krzysztofa Pendereckiego w Krakowie\",\"alternateName\":\"AMKP\",\"url\":\"https:\/\/www.amuz.krakow.pl\/\",\"logo\":{\"@type\":\"ImageObject\",\"inLanguage\":\"en-US\",\"@id\":\"https:\/\/www.amuz.krakow.pl\/#\/schema\/logo\/image\/\",\"url\":\"https:\/\/www.amuz.krakow.pl\/wp-content\/uploads\/2021\/11\/amkp.jpg\",\"contentUrl\":\"https:\/\/www.amuz.krakow.pl\/wp-content\/uploads\/2021\/11\/amkp.jpg\",\"width\":1193,\"height\":591,\"caption\":\"Akademia Muzyczna im. Krzysztofa Pendereckiego w Krakowie\"},\"image\":{\"@id\":\"https:\/\/www.amuz.krakow.pl\/#\/schema\/logo\/image\/\"},\"sameAs\":[\"https:\/\/www.facebook.com\/amuz.krakow\",\"https:\/\/www.instagram.com\/amkpenderecki\/\",\"https:\/\/www.youtube.com\/@amkpenderecki4806\"]}]}<\/script>\n<!-- \/ Yoast SEO plugin. -->","yoast_head_json":{"title":"AMKP - Akademia Muzyczna im. Krzysztofa Pendereckiego w Krakowie","robots":{"index":"index","follow":"follow","max-snippet":"max-snippet:-1","max-image-preview":"max-image-preview:large","max-video-preview":"max-video-preview:-1"},"canonical":"https:\/\/www.amuz.krakow.pl\/doktoraty-hc\/doktorzy-honoris-causa\/prof-helmuth-rilling-2003\/","og_locale":"en_US","og_type":"article","og_title":"AMKP - Akademia Muzyczna im. Krzysztofa Pendereckiego w Krakowie","og_description":"\u201cMusic should startle people and reach deep down inside them forcing them to reflect. It should never be merely \u2018comfortable,&#8217; never fossilized, never soothing.&#8221; This is Helmuth Rilling&#8217;s &#8220;credo.&#8221; Born&hellip; Continue reading","og_url":"https:\/\/www.amuz.krakow.pl\/doktoraty-hc\/doktorzy-honoris-causa\/prof-helmuth-rilling-2003\/","og_site_name":"Akademia Muzyczna im. Krzysztofa Pendereckiego w Krakowie","article_publisher":"https:\/\/www.facebook.com\/amuz.krakow","article_modified_time":"2020-11-30T22:16:23+00:00","og_image":[{"url":"https:\/\/www.amuz.krakow.pl\/wp-content\/uploads\/2016\/01\/04.-prof.-Helmuth-Rilling-2003.jpeg","type":"","width":"","height":""}],"twitter_card":"summary_large_image","twitter_misc":{"Est. reading time":"7 minutes"},"schema":{"@context":"https:\/\/schema.org","@graph":[{"@type":"WebPage","@id":"https:\/\/www.amuz.krakow.pl\/doktoraty-hc\/doktorzy-honoris-causa\/prof-helmuth-rilling-2003\/","url":"https:\/\/www.amuz.krakow.pl\/doktoraty-hc\/doktorzy-honoris-causa\/prof-helmuth-rilling-2003\/","name":"AMKP - Akademia Muzyczna im. Krzysztofa Pendereckiego w Krakowie","isPartOf":{"@id":"https:\/\/www.amuz.krakow.pl\/#website"},"primaryImageOfPage":{"@id":"https:\/\/www.amuz.krakow.pl\/doktoraty-hc\/doktorzy-honoris-causa\/prof-helmuth-rilling-2003\/#primaryimage"},"image":{"@id":"https:\/\/www.amuz.krakow.pl\/doktoraty-hc\/doktorzy-honoris-causa\/prof-helmuth-rilling-2003\/#primaryimage"},"thumbnailUrl":"https:\/\/www.amuz.krakow.pl\/wp-content\/uploads\/2016\/01\/04.-prof.-Helmuth-Rilling-2003.jpeg","datePublished":"2016-01-16T22:49:53+00:00","dateModified":"2020-11-30T22:16:23+00:00","breadcrumb":{"@id":"https:\/\/www.amuz.krakow.pl\/doktoraty-hc\/doktorzy-honoris-causa\/prof-helmuth-rilling-2003\/#breadcrumb"},"inLanguage":"en-US","potentialAction":[{"@type":"ReadAction","target":["https:\/\/www.amuz.krakow.pl\/doktoraty-hc\/doktorzy-honoris-causa\/prof-helmuth-rilling-2003\/"]}]},{"@type":"ImageObject","inLanguage":"en-US","@id":"https:\/\/www.amuz.krakow.pl\/doktoraty-hc\/doktorzy-honoris-causa\/prof-helmuth-rilling-2003\/#primaryimage","url":"https:\/\/www.amuz.krakow.pl\/wp-content\/uploads\/2016\/01\/04.-prof.-Helmuth-Rilling-2003.jpeg","contentUrl":"https:\/\/www.amuz.krakow.pl\/wp-content\/uploads\/2016\/01\/04.-prof.-Helmuth-Rilling-2003.jpeg"},{"@type":"BreadcrumbList","@id":"https:\/\/www.amuz.krakow.pl\/doktoraty-hc\/doktorzy-honoris-causa\/prof-helmuth-rilling-2003\/#breadcrumb","itemListElement":[{"@type":"ListItem","position":1,"name":"Strona g\u0142\u00f3wna","item":"https:\/\/www.amuz.krakow.pl\/"},{"@type":"ListItem","position":2,"name":"Doktoraty honoris causa","item":"https:\/\/www.amuz.krakow.pl\/doktoraty-hc\/"},{"@type":"ListItem","position":3,"name":"Doktorzy Honoris Causa","item":"https:\/\/www.amuz.krakow.pl\/doktoraty-hc\/doktorzy-honoris-causa\/"},{"@type":"ListItem","position":4,"name":"prof. Helmuth Rilling (2003)"}]},{"@type":"WebSite","@id":"https:\/\/www.amuz.krakow.pl\/#website","url":"https:\/\/www.amuz.krakow.pl\/","name":"Akademia Muzyczna im. Krzysztofa Pendereckiego w Krakowie","description":"Oficjalna strona Akademii Muzycznej im. Krzysztofa Pendereckiego w Krakowie (AMKP).","publisher":{"@id":"https:\/\/www.amuz.krakow.pl\/#organization"},"alternateName":"AMKP","potentialAction":[{"@type":"SearchAction","target":{"@type":"EntryPoint","urlTemplate":"https:\/\/www.amuz.krakow.pl\/?s={search_term_string}"},"query-input":{"@type":"PropertyValueSpecification","valueRequired":true,"valueName":"search_term_string"}}],"inLanguage":"en-US"},{"@type":"Organization","@id":"https:\/\/www.amuz.krakow.pl\/#organization","name":"Akademia Muzyczna im. Krzysztofa Pendereckiego w Krakowie","alternateName":"AMKP","url":"https:\/\/www.amuz.krakow.pl\/","logo":{"@type":"ImageObject","inLanguage":"en-US","@id":"https:\/\/www.amuz.krakow.pl\/#\/schema\/logo\/image\/","url":"https:\/\/www.amuz.krakow.pl\/wp-content\/uploads\/2021\/11\/amkp.jpg","contentUrl":"https:\/\/www.amuz.krakow.pl\/wp-content\/uploads\/2021\/11\/amkp.jpg","width":1193,"height":591,"caption":"Akademia Muzyczna im. Krzysztofa Pendereckiego w Krakowie"},"image":{"@id":"https:\/\/www.amuz.krakow.pl\/#\/schema\/logo\/image\/"},"sameAs":["https:\/\/www.facebook.com\/amuz.krakow","https:\/\/www.instagram.com\/amkpenderecki\/","https:\/\/www.youtube.com\/@amkpenderecki4806"]}]}},"_links":{"self":[{"href":"https:\/\/www.amuz.krakow.pl\/en\/wp-json\/wp\/v2\/pages\/669","targetHints":{"allow":["GET"]}}],"collection":[{"href":"https:\/\/www.amuz.krakow.pl\/en\/wp-json\/wp\/v2\/pages"}],"about":[{"href":"https:\/\/www.amuz.krakow.pl\/en\/wp-json\/wp\/v2\/types\/page"}],"author":[{"embeddable":true,"href":"https:\/\/www.amuz.krakow.pl\/en\/wp-json\/wp\/v2\/users\/72"}],"replies":[{"embeddable":true,"href":"https:\/\/www.amuz.krakow.pl\/en\/wp-json\/wp\/v2\/comments?post=669"}],"version-history":[{"count":1,"href":"https:\/\/www.amuz.krakow.pl\/en\/wp-json\/wp\/v2\/pages\/669\/revisions"}],"predecessor-version":[{"id":45212,"href":"https:\/\/www.amuz.krakow.pl\/en\/wp-json\/wp\/v2\/pages\/669\/revisions\/45212"}],"up":[{"embeddable":true,"href":"https:\/\/www.amuz.krakow.pl\/en\/wp-json\/wp\/v2\/pages\/633"}],"wp:attachment":[{"href":"https:\/\/www.amuz.krakow.pl\/en\/wp-json\/wp\/v2\/media?parent=669"}],"curies":[{"name":"wp","href":"https:\/\/api.w.org\/{rel}","templated":true}]}}