{"id":664,"date":"2016-01-16T23:47:50","date_gmt":"2016-01-16T22:47:50","guid":{"rendered":"http:\/\/strony.amuz.krakow.pl\/?page_id=664"},"modified":"2020-11-30T23:16:15","modified_gmt":"2020-11-30T22:16:15","slug":"prof-dr-hab-mieczyslaw-tomaszewski-2001","status":"publish","type":"page","link":"https:\/\/www.amuz.krakow.pl\/en\/doktoraty-hc\/doktorzy-honoris-causa\/prof-dr-hab-mieczyslaw-tomaszewski-2001\/","title":{"rendered":"prof. dr hab. Mieczys\u0142aw Tomaszewski (2001)"},"content":{"rendered":"<p><\/p>\n<p style=\"text-align: justify;\"><a href=\"https:\/\/www.amuz.krakow.pl\/wp-content\/uploads\/2016\/01\/03.-prof.-dr-hab-Mieczys\u0142aw-Tomaszewski-2001.jpeg\"><img loading=\"lazy\" decoding=\"async\" class=\"alignleft wp-image-665 \" src=\"https:\/\/www.amuz.krakow.pl\/wp-content\/uploads\/2016\/01\/03.-prof.-dr-hab-Mieczys\u0142aw-Tomaszewski-2001.jpeg\" alt=\"prof. dr hab Mieczys\u0142aw Tomaszewski (2001)\" width=\"300\" height=\"300\" srcset=\"https:\/\/www.amuz.krakow.pl\/wp-content\/uploads\/2016\/01\/03.-prof.-dr-hab-Mieczys\u0142aw-Tomaszewski-2001.jpeg 404w, https:\/\/www.amuz.krakow.pl\/wp-content\/uploads\/2016\/01\/03.-prof.-dr-hab-Mieczys\u0142aw-Tomaszewski-2001-150x150.jpeg 150w, https:\/\/www.amuz.krakow.pl\/wp-content\/uploads\/2016\/01\/03.-prof.-dr-hab-Mieczys\u0142aw-Tomaszewski-2001-300x300.jpeg 300w\" sizes=\"auto, (max-width: 300px) 100vw, 300px\" \/><\/a>One of the most distinguished Polish scholars specializing in Chopin, musicologist and music theoretician, Head of the Department of Musical Work Theory and Interpretation at the Academy of Music in Krak\u00f3w. His main academic fields of interest cover: theory and history of 19th and 20th century music (Chopinology in particular), Romantic Lied and Polish contemporary music. His particular interests concern the musical work with its mode of functioning and existence in the sphere of culture as well as correlations, relationships and interactions between works of art and artistic disciplines.<\/p>\n<p style=\"text-align: justify;\">He was born on November 17, 1921 in Pozna\u0144 in a\u00a0family with teaching traditions. In Pozna\u0144 he received general (Paderewski Gymnasium) and artistic (state Conservatory of Music, Kar\u0142owicz School, piano, 1933-1939) education. He studied Polish literature at the Copernicus University in Toru\u0144 (1946-48) and musicology at the Jagiellonian University in Krak\u00f3w (1954-59). He obtained his PhD at the Mickiewicz University in Pozna\u0144 (1984), on the basis of a\u00a0dissertation <i>The Output of F. Chopin and its Reception &#8211;\u00a0A monographic Outline<\/i>. There he also became a\u00a0habilitated doctor (1999) on the basis of a\u00a0work <i>Studies in Romantic Lied<\/i>. In the years 1946-49 he was an editor of an artistic periodical &#8220;Arkona&#8221;; 1949-52 director and artistic supervisor of the Pomeranian Symphony Orchestra in Bydgoszcz. In 1952 he moved to Krak\u00f3w where he worked at PWM Edition [Polish music publishing house]; from 1954 as editor in chief and from 1965 to 1988 as its director.<\/p>\n<p style=\"text-align: justify;\">He began his academic activity in 1960. At the Jagiellonian University he held classes in the aesthetics of music (1960-66), at the State Higher School of Music which later became the Academy of Music in Krak\u00f3w he has lectured in music theory and history (1960 \u2013 until now). In the years 1966-86 he headed the Post Graduate Study of Music Editing which he also founded, and in the years 1976-86 he directed the Team of Music Analysis and Interpretation. At the same time he headed the Department of Music Editing (1967-94), and since 1994 \u2013 the Department of Musical Work Theory and Interpretation. At that time he supervised over 30 seminars and symposiums organized by both Departments. In his research he concentrated on theory and history of 19th and 20th century music, especially on theory and history of song and musical-lexical correlations, Chopin\u2019s output in the context of 19th century music, Polish contemporary music and ontology of musical work. He published a\u00a0few dozens of academic studies, scientific texts and seven books of monographic character: <i>Krzysztof Penderecki and his Music. Four Essays<\/i> (1994),\u00a0<i>Chopin\u2019s Music Read Anew<\/i> (1996), <i>Studies on Romantic Song <\/i>(1997), <i>Karol Szymanowski\u2019s Songs<\/i> (1998), <i>Chopin. Man, Work, Resonance<\/i> (1998), <i>Chopin und seine Zeit<\/i> (1999), <i>Integral Interpretation of Musical Work<\/i> (2000) and other publications: <i>Polish Composers about Chopin <\/i>(1959), <i>The Musical Writings of O. Kolberg<\/i> (1975), <i>Fryderyk Chopin. The Life of an Artist<\/i> (CD-ROM, 1995); documentary (TVP 2\/ Arte).<\/p>\n<p style=\"text-align: justify;\">Mieczys\u0142aw Tomaszewski was also a\u00a0member of the Polish Composers\u2019 Union (many times as a\u00a0member of qualifying committee), F. Chopin Society (member and Head of the Scientific Board), Polish Chopin Academy. He participated in the works of the General Council for Higher Education (1982-85). At present he is member of the Central Committee for Academic Degrees and Titles (from 1993), the Committee of Art Studies at the Polish Academy of Sciences [PAN] (from 1997) and Scientific Committee of the Art Institute PAN. He has received the Composers\u2019 Union award (1974), A. Ju\u017cykowski Award (New York 1978), Krak\u00f3w Cultural Award (1979) and &#8220;Solidarity&#8221; award (&#8220;for independent culture&#8221;, 1988). He is an honorary member of the Polish Composers\u2019 Union. His Chopin monograph Chopin. Man, Work, Resonance won five prizes, including the Polish Publishers Prize, Polish Science Foundation Award and the award of the International Chopin Foundation.<\/p>\n<p><\/p>","protected":false},"excerpt":{"rendered":"<p>One of the most distinguished Polish scholars specializing in Chopin, musicologist and music theoretician, Head of the Department of Musical Work Theory and Interpretation at the Academy of Music in&hellip; <a href=\"https:\/\/www.amuz.krakow.pl\/en\/doktoraty-hc\/doktorzy-honoris-causa\/prof-dr-hab-mieczyslaw-tomaszewski-2001\/\">Continue reading<\/a><\/p>\n","protected":false},"author":72,"featured_media":0,"parent":633,"menu_order":-2,"comment_status":"closed","ping_status":"closed","template":"","meta":{"footnotes":"","_links_to":"","_links_to_target":""},"class_list":["post-664","page","type-page","status-publish","hentry"],"yoast_head":"<!-- This site is optimized with the Yoast SEO plugin v27.2 - https:\/\/yoast.com\/product\/yoast-seo-wordpress\/ -->\n<title>AMKP - Akademia Muzyczna im. Krzysztofa Pendereckiego w Krakowie<\/title>\n<meta name=\"robots\" content=\"index, follow, max-snippet:-1, max-image-preview:large, max-video-preview:-1\" \/>\n<link rel=\"canonical\" href=\"https:\/\/www.amuz.krakow.pl\/doktoraty-hc\/doktorzy-honoris-causa\/prof-dr-hab-mieczyslaw-tomaszewski-2001\/\" \/>\n<meta property=\"og:locale\" content=\"en_US\" \/>\n<meta property=\"og:type\" content=\"article\" \/>\n<meta property=\"og:title\" content=\"AMKP - Akademia Muzyczna im. Krzysztofa Pendereckiego w Krakowie\" \/>\n<meta property=\"og:description\" content=\"One of the most distinguished Polish scholars specializing in Chopin, musicologist and music theoretician, Head of the Department of Musical Work Theory and Interpretation at the Academy of Music in&hellip; Continue reading\" \/>\n<meta property=\"og:url\" content=\"https:\/\/www.amuz.krakow.pl\/doktoraty-hc\/doktorzy-honoris-causa\/prof-dr-hab-mieczyslaw-tomaszewski-2001\/\" \/>\n<meta property=\"og:site_name\" content=\"Akademia Muzyczna im. Krzysztofa Pendereckiego w Krakowie\" \/>\n<meta property=\"article:publisher\" content=\"https:\/\/www.facebook.com\/amuz.krakow\" \/>\n<meta property=\"article:modified_time\" content=\"2020-11-30T22:16:15+00:00\" \/>\n<meta property=\"og:image\" content=\"https:\/\/www.amuz.krakow.pl\/wp-content\/uploads\/2021\/11\/amkp.jpg\" \/>\n\t<meta property=\"og:image:width\" content=\"1193\" \/>\n\t<meta property=\"og:image:height\" content=\"591\" \/>\n\t<meta property=\"og:image:type\" content=\"image\/jpeg\" \/>\n<meta name=\"twitter:card\" content=\"summary_large_image\" \/>\n<meta name=\"twitter:label1\" content=\"Est. reading time\" \/>\n\t<meta name=\"twitter:data1\" content=\"6 minutes\" \/>\n<script type=\"application\/ld+json\" class=\"yoast-schema-graph\">{\"@context\":\"https:\/\/schema.org\",\"@graph\":[{\"@type\":\"WebPage\",\"@id\":\"https:\/\/www.amuz.krakow.pl\/doktoraty-hc\/doktorzy-honoris-causa\/prof-dr-hab-mieczyslaw-tomaszewski-2001\/\",\"url\":\"https:\/\/www.amuz.krakow.pl\/doktoraty-hc\/doktorzy-honoris-causa\/prof-dr-hab-mieczyslaw-tomaszewski-2001\/\",\"name\":\"AMKP - Akademia Muzyczna im. Krzysztofa Pendereckiego w Krakowie\",\"isPartOf\":{\"@id\":\"https:\/\/www.amuz.krakow.pl\/#website\"},\"datePublished\":\"2016-01-16T22:47:50+00:00\",\"dateModified\":\"2020-11-30T22:16:15+00:00\",\"breadcrumb\":{\"@id\":\"https:\/\/www.amuz.krakow.pl\/doktoraty-hc\/doktorzy-honoris-causa\/prof-dr-hab-mieczyslaw-tomaszewski-2001\/#breadcrumb\"},\"inLanguage\":\"en-US\",\"potentialAction\":[{\"@type\":\"ReadAction\",\"target\":[\"https:\/\/www.amuz.krakow.pl\/doktoraty-hc\/doktorzy-honoris-causa\/prof-dr-hab-mieczyslaw-tomaszewski-2001\/\"]}]},{\"@type\":\"BreadcrumbList\",\"@id\":\"https:\/\/www.amuz.krakow.pl\/doktoraty-hc\/doktorzy-honoris-causa\/prof-dr-hab-mieczyslaw-tomaszewski-2001\/#breadcrumb\",\"itemListElement\":[{\"@type\":\"ListItem\",\"position\":1,\"name\":\"Strona g\u0142\u00f3wna\",\"item\":\"https:\/\/www.amuz.krakow.pl\/\"},{\"@type\":\"ListItem\",\"position\":2,\"name\":\"Doktoraty honoris causa\",\"item\":\"https:\/\/www.amuz.krakow.pl\/doktoraty-hc\/\"},{\"@type\":\"ListItem\",\"position\":3,\"name\":\"Doktorzy Honoris Causa\",\"item\":\"https:\/\/www.amuz.krakow.pl\/doktoraty-hc\/doktorzy-honoris-causa\/\"},{\"@type\":\"ListItem\",\"position\":4,\"name\":\"prof. dr hab. Mieczys\u0142aw Tomaszewski (2001)\"}]},{\"@type\":\"WebSite\",\"@id\":\"https:\/\/www.amuz.krakow.pl\/#website\",\"url\":\"https:\/\/www.amuz.krakow.pl\/\",\"name\":\"Akademia Muzyczna im. Krzysztofa Pendereckiego w Krakowie\",\"description\":\"Oficjalna strona Akademii Muzycznej im. Krzysztofa Pendereckiego w Krakowie (AMKP).\",\"publisher\":{\"@id\":\"https:\/\/www.amuz.krakow.pl\/#organization\"},\"alternateName\":\"AMKP\",\"potentialAction\":[{\"@type\":\"SearchAction\",\"target\":{\"@type\":\"EntryPoint\",\"urlTemplate\":\"https:\/\/www.amuz.krakow.pl\/?s={search_term_string}\"},\"query-input\":{\"@type\":\"PropertyValueSpecification\",\"valueRequired\":true,\"valueName\":\"search_term_string\"}}],\"inLanguage\":\"en-US\"},{\"@type\":\"Organization\",\"@id\":\"https:\/\/www.amuz.krakow.pl\/#organization\",\"name\":\"Akademia Muzyczna im. Krzysztofa Pendereckiego w Krakowie\",\"alternateName\":\"AMKP\",\"url\":\"https:\/\/www.amuz.krakow.pl\/\",\"logo\":{\"@type\":\"ImageObject\",\"inLanguage\":\"en-US\",\"@id\":\"https:\/\/www.amuz.krakow.pl\/#\/schema\/logo\/image\/\",\"url\":\"https:\/\/www.amuz.krakow.pl\/wp-content\/uploads\/2021\/11\/amkp.jpg\",\"contentUrl\":\"https:\/\/www.amuz.krakow.pl\/wp-content\/uploads\/2021\/11\/amkp.jpg\",\"width\":1193,\"height\":591,\"caption\":\"Akademia Muzyczna im. Krzysztofa Pendereckiego w Krakowie\"},\"image\":{\"@id\":\"https:\/\/www.amuz.krakow.pl\/#\/schema\/logo\/image\/\"},\"sameAs\":[\"https:\/\/www.facebook.com\/amuz.krakow\",\"https:\/\/www.instagram.com\/amkpenderecki\/\",\"https:\/\/www.youtube.com\/@amkpenderecki4806\"]}]}<\/script>\n<!-- \/ Yoast SEO plugin. -->","yoast_head_json":{"title":"AMKP - Akademia Muzyczna im. Krzysztofa Pendereckiego w Krakowie","robots":{"index":"index","follow":"follow","max-snippet":"max-snippet:-1","max-image-preview":"max-image-preview:large","max-video-preview":"max-video-preview:-1"},"canonical":"https:\/\/www.amuz.krakow.pl\/doktoraty-hc\/doktorzy-honoris-causa\/prof-dr-hab-mieczyslaw-tomaszewski-2001\/","og_locale":"en_US","og_type":"article","og_title":"AMKP - Akademia Muzyczna im. Krzysztofa Pendereckiego w Krakowie","og_description":"One of the most distinguished Polish scholars specializing in Chopin, musicologist and music theoretician, Head of the Department of Musical Work Theory and Interpretation at the Academy of Music in&hellip; Continue reading","og_url":"https:\/\/www.amuz.krakow.pl\/doktoraty-hc\/doktorzy-honoris-causa\/prof-dr-hab-mieczyslaw-tomaszewski-2001\/","og_site_name":"Akademia Muzyczna im. Krzysztofa Pendereckiego w Krakowie","article_publisher":"https:\/\/www.facebook.com\/amuz.krakow","article_modified_time":"2020-11-30T22:16:15+00:00","og_image":[{"width":1193,"height":591,"url":"https:\/\/www.amuz.krakow.pl\/wp-content\/uploads\/2021\/11\/amkp.jpg","type":"image\/jpeg"}],"twitter_card":"summary_large_image","twitter_misc":{"Est. reading time":"6 minutes"},"schema":{"@context":"https:\/\/schema.org","@graph":[{"@type":"WebPage","@id":"https:\/\/www.amuz.krakow.pl\/doktoraty-hc\/doktorzy-honoris-causa\/prof-dr-hab-mieczyslaw-tomaszewski-2001\/","url":"https:\/\/www.amuz.krakow.pl\/doktoraty-hc\/doktorzy-honoris-causa\/prof-dr-hab-mieczyslaw-tomaszewski-2001\/","name":"AMKP - Akademia Muzyczna im. Krzysztofa Pendereckiego w Krakowie","isPartOf":{"@id":"https:\/\/www.amuz.krakow.pl\/#website"},"datePublished":"2016-01-16T22:47:50+00:00","dateModified":"2020-11-30T22:16:15+00:00","breadcrumb":{"@id":"https:\/\/www.amuz.krakow.pl\/doktoraty-hc\/doktorzy-honoris-causa\/prof-dr-hab-mieczyslaw-tomaszewski-2001\/#breadcrumb"},"inLanguage":"en-US","potentialAction":[{"@type":"ReadAction","target":["https:\/\/www.amuz.krakow.pl\/doktoraty-hc\/doktorzy-honoris-causa\/prof-dr-hab-mieczyslaw-tomaszewski-2001\/"]}]},{"@type":"BreadcrumbList","@id":"https:\/\/www.amuz.krakow.pl\/doktoraty-hc\/doktorzy-honoris-causa\/prof-dr-hab-mieczyslaw-tomaszewski-2001\/#breadcrumb","itemListElement":[{"@type":"ListItem","position":1,"name":"Strona g\u0142\u00f3wna","item":"https:\/\/www.amuz.krakow.pl\/"},{"@type":"ListItem","position":2,"name":"Doktoraty honoris causa","item":"https:\/\/www.amuz.krakow.pl\/doktoraty-hc\/"},{"@type":"ListItem","position":3,"name":"Doktorzy Honoris Causa","item":"https:\/\/www.amuz.krakow.pl\/doktoraty-hc\/doktorzy-honoris-causa\/"},{"@type":"ListItem","position":4,"name":"prof. dr hab. Mieczys\u0142aw Tomaszewski (2001)"}]},{"@type":"WebSite","@id":"https:\/\/www.amuz.krakow.pl\/#website","url":"https:\/\/www.amuz.krakow.pl\/","name":"Akademia Muzyczna im. Krzysztofa Pendereckiego w Krakowie","description":"Oficjalna strona Akademii Muzycznej im. Krzysztofa Pendereckiego w Krakowie (AMKP).","publisher":{"@id":"https:\/\/www.amuz.krakow.pl\/#organization"},"alternateName":"AMKP","potentialAction":[{"@type":"SearchAction","target":{"@type":"EntryPoint","urlTemplate":"https:\/\/www.amuz.krakow.pl\/?s={search_term_string}"},"query-input":{"@type":"PropertyValueSpecification","valueRequired":true,"valueName":"search_term_string"}}],"inLanguage":"en-US"},{"@type":"Organization","@id":"https:\/\/www.amuz.krakow.pl\/#organization","name":"Akademia Muzyczna im. Krzysztofa Pendereckiego w Krakowie","alternateName":"AMKP","url":"https:\/\/www.amuz.krakow.pl\/","logo":{"@type":"ImageObject","inLanguage":"en-US","@id":"https:\/\/www.amuz.krakow.pl\/#\/schema\/logo\/image\/","url":"https:\/\/www.amuz.krakow.pl\/wp-content\/uploads\/2021\/11\/amkp.jpg","contentUrl":"https:\/\/www.amuz.krakow.pl\/wp-content\/uploads\/2021\/11\/amkp.jpg","width":1193,"height":591,"caption":"Akademia Muzyczna im. Krzysztofa Pendereckiego w Krakowie"},"image":{"@id":"https:\/\/www.amuz.krakow.pl\/#\/schema\/logo\/image\/"},"sameAs":["https:\/\/www.facebook.com\/amuz.krakow","https:\/\/www.instagram.com\/amkpenderecki\/","https:\/\/www.youtube.com\/@amkpenderecki4806"]}]}},"_links":{"self":[{"href":"https:\/\/www.amuz.krakow.pl\/en\/wp-json\/wp\/v2\/pages\/664","targetHints":{"allow":["GET"]}}],"collection":[{"href":"https:\/\/www.amuz.krakow.pl\/en\/wp-json\/wp\/v2\/pages"}],"about":[{"href":"https:\/\/www.amuz.krakow.pl\/en\/wp-json\/wp\/v2\/types\/page"}],"author":[{"embeddable":true,"href":"https:\/\/www.amuz.krakow.pl\/en\/wp-json\/wp\/v2\/users\/72"}],"replies":[{"embeddable":true,"href":"https:\/\/www.amuz.krakow.pl\/en\/wp-json\/wp\/v2\/comments?post=664"}],"version-history":[{"count":1,"href":"https:\/\/www.amuz.krakow.pl\/en\/wp-json\/wp\/v2\/pages\/664\/revisions"}],"predecessor-version":[{"id":45211,"href":"https:\/\/www.amuz.krakow.pl\/en\/wp-json\/wp\/v2\/pages\/664\/revisions\/45211"}],"up":[{"embeddable":true,"href":"https:\/\/www.amuz.krakow.pl\/en\/wp-json\/wp\/v2\/pages\/633"}],"wp:attachment":[{"href":"https:\/\/www.amuz.krakow.pl\/en\/wp-json\/wp\/v2\/media?parent=664"}],"curies":[{"name":"wp","href":"https:\/\/api.w.org\/{rel}","templated":true}]}}